{"id":98688,"date":"2026-01-13T08:40:10","date_gmt":"2026-01-13T08:40:10","guid":{"rendered":"https:\/\/aztex.ee\/?post_type=product&#038;p=98688"},"modified":"2026-01-13T09:02:46","modified_gmt":"2026-01-13T09:02:46","slug":"ensemble-de-literie-en-chanvre-blanc","status":"publish","type":"product","link":"https:\/\/aztex.ee\/fr\/pood\/linge-de-lit\/ensemble-de-literie-en-chanvre-blanc\/","title":{"rendered":"Ensemble de literie en chanvre | Blanc"},"content":{"rendered":"<p>La literie en chanvre est un choix \u00e9cologique et durable. Il est fabriqu\u00e9 \u00e0 partir de fibres naturelles de la plante de chanvre, qui pr\u00e9sentent de nombreux avantages. Les fibres de chanvre sont tr\u00e8s solides et durables, de sorte que les housses de couette en chanvre durent plus longtemps que la plupart des autres tissus et deviennent plus douces et plus confortables \u00e0 chaque lavage.<\/p>\n<p>Le chanvre poss\u00e8de des propri\u00e9t\u00e9s antibact\u00e9riennes naturelles qui rendent la literie hygi\u00e9nique et aident \u00e0 r\u00e9duire la quantit\u00e9 de bact\u00e9ries et d&rsquo;allerg\u00e8nes dans votre literie. Cette literie est parfaite pour les allergies ou les maladies de peau et assure un sommeil plus hygi\u00e9nique. Le chanvre \u00e9tant consid\u00e9r\u00e9 comme un mat\u00e9riau hypoallerg\u00e9nique, la literie en chanvre ne provoque g\u00e9n\u00e9ralement pas de r\u00e9actions allergiques.<\/p>\n<p>-L&rsquo;ensemble de literie en chanvre est facile \u00e0 entretenir, le chanvre est lavable en machine et s\u00e8che rapidement.<br \/>\n-Il est pr\u00e9f\u00e9rable de laver la literie en chanvre \u00e0 l&rsquo;eau ti\u00e8de afin que la literie reste fra\u00eeche et belle plus longtemps. La temp\u00e9rature de l&rsquo;eau doit \u00eatre comprise entre 30 et 40 degr\u00e9s.<br \/>\n-Un s\u00e9chage \u00e0 basse vitesse est recommand\u00e9 pour \u00e9viter que le tissu ne se d\u00e9chire.<br \/>\n-L&rsquo;aspect naturel du chanvre est l\u00e9g\u00e8rement rid\u00e9. Toutefois, si vous souhaitez que les draps soient lisses, vous pouvez les repasser \u00e0 feu doux.<\/p>\n<p>Les parures de lit en chanvre sont emball\u00e9es dans un sachet confectionn\u00e9 dans le m\u00eame tissu.<\/p>\n","protected":false},"excerpt":{"rendered":"<p>La parure de lit 100% chanvre est hypoallerg\u00e9nique et antibact\u00e9rienne.<\/p>\n<ul>\n<li>Couleur: Blanc<\/li>\n<li>Mat\u00e9riau: 100% Chanvre, 180 g\/m2<\/li>\n<li>Housse de couette: 200\u00d7220 cm<\/li>\n<li>Taie d&rsquo;oreiller: 50\u00d770 cm (2 pi\u00e8ces)<\/li>\n<\/ul>\n<p><img loading=\"lazy\" decoding=\"async\" class=\"alignnone size-full wp-image-20226\" src=\"https:\/\/aztex.ee\/wp-content\/uploads\/2024\/09\/oekotex100.png\" alt=\"\" width=\"204\" height=\"72\" srcset=\"https:\/\/aztex.ee\/wp-content\/uploads\/2024\/09\/oekotex100.png 204w, https:\/\/aztex.ee\/wp-content\/uploads\/2024\/09\/oekotex100-150x53.png 150w\" sizes=\"auto, (max-width: 204px) 100vw, 204px\" \/><img loading=\"lazy\" decoding=\"async\" class=\"alignnone wp-image-20896\" src=\"https:\/\/aztex.ee\/wp-content\/uploads\/2024\/09\/NATURALHEMP.png\" alt=\"\" width=\"79\" height=\"79\" srcset=\"https:\/\/aztex.ee\/wp-content\/uploads\/2024\/09\/NATURALHEMP.png 300w, https:\/\/aztex.ee\/wp-content\/uploads\/2024\/09\/NATURALHEMP-150x150.png 150w\" sizes=\"auto, (max-width: 79px) 100vw, 79px\" \/><\/p>\n","protected":false},"featured_media":98710,"comment_status":"open","ping_status":"closed","template":"","meta":[],"product_brand":[],"product_cat":[421,498,107,153],"product_tag":[],"class_list":{"0":"post-98688","1":"product","2":"type-product","3":"status-publish","4":"has-post-thumbnail","6":"product_cat-ensembles-de-linge-de-lit-en-chanvre","7":"product_cat-ensembles-de-literie","8":"product_cat-linge-de-lit","9":"product_cat-linge-de-lit-en-chanvre","11":"first","12":"instock","13":"sale","14":"shipping-taxable","15":"purchasable","16":"product-type-simple"},"yoast_head":"<!-- This site is optimized with the Yoast SEO plugin v27.4 - https:\/\/yoast.com\/product\/yoast-seo-wordpress\/ -->\n<title>Parure de lit en chanvre naturel - Blanc | AZTEX<\/title>\n<meta name=\"description\" content=\"Cette parure de lit en chanvre blanc est confectionn\u00e9e dans une mati\u00e8re naturelle et respirante. Son tissu r\u00e9sistant et antibact\u00e9rien garantit une utilisation durable et une sensation de fra\u00eecheur.\" \/>\n<meta name=\"robots\" content=\"index, follow, max-snippet:-1, max-image-preview:large, max-video-preview:-1\" \/>\n<link rel=\"canonical\" href=\"https:\/\/aztex.ee\/fr\/pood\/linge-de-lit\/ensemble-de-literie-en-chanvre-blanc\/\" \/>\n<meta property=\"og:locale\" content=\"fr_FR\" \/>\n<meta property=\"og:type\" content=\"article\" \/>\n<meta property=\"og:title\" content=\"Parure de lit en chanvre naturel - Blanc | AZTEX\" \/>\n<meta property=\"og:description\" content=\"Cette parure de lit en chanvre blanc est confectionn\u00e9e dans une mati\u00e8re naturelle et respirante. Son tissu r\u00e9sistant et antibact\u00e9rien garantit une utilisation durable et une sensation de fra\u00eecheur.\" \/>\n<meta property=\"og:url\" content=\"https:\/\/aztex.ee\/fr\/pood\/linge-de-lit\/ensemble-de-literie-en-chanvre-blanc\/\" \/>\n<meta property=\"og:site_name\" content=\"AZTEX\" \/>\n<meta property=\"article:publisher\" content=\"https:\/\/www.facebook.com\/AztexEE\" \/>\n<meta property=\"article:modified_time\" content=\"2026-01-13T09:02:46+00:00\" \/>\n<meta property=\"og:image\" content=\"https:\/\/aztex.ee\/wp-content\/uploads\/2026\/01\/Kanepist-voodipesukomplekt-Valge.jpg\" \/>\n\t<meta property=\"og:image:width\" content=\"800\" \/>\n\t<meta property=\"og:image:height\" content=\"800\" \/>\n\t<meta property=\"og:image:type\" content=\"image\/jpeg\" \/>\n<meta name=\"twitter:card\" content=\"summary_large_image\" \/>\n<meta name=\"twitter:label1\" content=\"Dur\u00e9e de lecture estim\u00e9e\" \/>\n\t<meta name=\"twitter:data1\" content=\"2 minutes\" \/>\n<script type=\"application\/ld+json\" class=\"yoast-schema-graph\">{\"@context\":\"https:\\\/\\\/schema.org\",\"@graph\":[{\"@type\":[\"WebPage\",\"ItemPage\"],\"@id\":\"https:\\\/\\\/aztex.ee\\\/fr\\\/pood\\\/linge-de-lit\\\/ensemble-de-literie-en-chanvre-blanc\\\/\",\"url\":\"https:\\\/\\\/aztex.ee\\\/fr\\\/pood\\\/linge-de-lit\\\/ensemble-de-literie-en-chanvre-blanc\\\/\",\"name\":\"Parure de lit en chanvre naturel - Blanc | AZTEX\",\"isPartOf\":{\"@id\":\"https:\\\/\\\/aztex.ee\\\/fr\\\/#website\"},\"primaryImageOfPage\":{\"@id\":\"https:\\\/\\\/aztex.ee\\\/fr\\\/pood\\\/linge-de-lit\\\/ensemble-de-literie-en-chanvre-blanc\\\/#primaryimage\"},\"image\":{\"@id\":\"https:\\\/\\\/aztex.ee\\\/fr\\\/pood\\\/linge-de-lit\\\/ensemble-de-literie-en-chanvre-blanc\\\/#primaryimage\"},\"thumbnailUrl\":\"https:\\\/\\\/aztex.ee\\\/wp-content\\\/uploads\\\/2026\\\/01\\\/Kanepist-voodipesukomplekt-Valge.jpg\",\"datePublished\":\"2026-01-13T08:40:10+00:00\",\"dateModified\":\"2026-01-13T09:02:46+00:00\",\"description\":\"Cette parure de lit en chanvre blanc est confectionn\u00e9e dans une mati\u00e8re naturelle et respirante. Son tissu r\u00e9sistant et antibact\u00e9rien garantit une utilisation durable et une sensation de fra\u00eecheur.\",\"breadcrumb\":{\"@id\":\"https:\\\/\\\/aztex.ee\\\/fr\\\/pood\\\/linge-de-lit\\\/ensemble-de-literie-en-chanvre-blanc\\\/#breadcrumb\"},\"inLanguage\":\"fr-FR\",\"potentialAction\":[{\"@type\":\"ReadAction\",\"target\":[\"https:\\\/\\\/aztex.ee\\\/fr\\\/pood\\\/linge-de-lit\\\/ensemble-de-literie-en-chanvre-blanc\\\/\"]}]},{\"@type\":\"ImageObject\",\"inLanguage\":\"fr-FR\",\"@id\":\"https:\\\/\\\/aztex.ee\\\/fr\\\/pood\\\/linge-de-lit\\\/ensemble-de-literie-en-chanvre-blanc\\\/#primaryimage\",\"url\":\"https:\\\/\\\/aztex.ee\\\/wp-content\\\/uploads\\\/2026\\\/01\\\/Kanepist-voodipesukomplekt-Valge.jpg\",\"contentUrl\":\"https:\\\/\\\/aztex.ee\\\/wp-content\\\/uploads\\\/2026\\\/01\\\/Kanepist-voodipesukomplekt-Valge.jpg\",\"width\":800,\"height\":800,\"caption\":\"Kanepist voodipesukomplekt Valge\"},{\"@type\":\"BreadcrumbList\",\"@id\":\"https:\\\/\\\/aztex.ee\\\/fr\\\/pood\\\/linge-de-lit\\\/ensemble-de-literie-en-chanvre-blanc\\\/#breadcrumb\",\"itemListElement\":[{\"@type\":\"ListItem\",\"position\":1,\"name\":\"Accueil\",\"item\":\"https:\\\/\\\/aztex.ee\\\/fr\\\/\"},{\"@type\":\"ListItem\",\"position\":2,\"name\":\"Boutique\",\"item\":\"https:\\\/\\\/aztex.ee\\\/fr\\\/boutique\\\/\"},{\"@type\":\"ListItem\",\"position\":3,\"name\":\"Ensemble de literie en chanvre | Blanc\"}]},{\"@type\":\"WebSite\",\"@id\":\"https:\\\/\\\/aztex.ee\\\/fr\\\/#website\",\"url\":\"https:\\\/\\\/aztex.ee\\\/fr\\\/\",\"name\":\"AZTEX\",\"description\":\"\",\"publisher\":{\"@id\":\"https:\\\/\\\/aztex.ee\\\/fr\\\/#organization\"},\"potentialAction\":[{\"@type\":\"SearchAction\",\"target\":{\"@type\":\"EntryPoint\",\"urlTemplate\":\"https:\\\/\\\/aztex.ee\\\/fr\\\/?s={search_term_string}\"},\"query-input\":{\"@type\":\"PropertyValueSpecification\",\"valueRequired\":true,\"valueName\":\"search_term_string\"}}],\"inLanguage\":\"fr-FR\"},{\"@type\":\"Organization\",\"@id\":\"https:\\\/\\\/aztex.ee\\\/fr\\\/#organization\",\"name\":\"AZTEX\",\"url\":\"https:\\\/\\\/aztex.ee\\\/fr\\\/\",\"logo\":{\"@type\":\"ImageObject\",\"inLanguage\":\"fr-FR\",\"@id\":\"https:\\\/\\\/aztex.ee\\\/fr\\\/#\\\/schema\\\/logo\\\/image\\\/\",\"url\":\"https:\\\/\\\/aztex.ee\\\/wp-content\\\/uploads\\\/2026\\\/01\\\/AZTEX.png\",\"contentUrl\":\"https:\\\/\\\/aztex.ee\\\/wp-content\\\/uploads\\\/2026\\\/01\\\/AZTEX.png\",\"width\":500,\"height\":500,\"caption\":\"AZTEX\"},\"image\":{\"@id\":\"https:\\\/\\\/aztex.ee\\\/fr\\\/#\\\/schema\\\/logo\\\/image\\\/\"},\"sameAs\":[\"https:\\\/\\\/www.facebook.com\\\/AztexEE\",\"https:\\\/\\\/www.instagram.com\\\/aztexeesti\\\/\",\"https:\\\/\\\/www.youtube.com\\\/@AZTEXEE\",\"https:\\\/\\\/www.pinterest.com\\\/aztex_eesti\\\/\",\"https:\\\/\\\/www.tiktok.com\\\/@aztexeesti\",\"https:\\\/\\\/www.trustpilot.com\\\/review\\\/aztex.ee\",\"https:\\\/\\\/www.linkedin.com\\\/company\\\/aztex-ee\\\/\",\"https:\\\/\\\/www.wikidata.org\\\/wiki\\\/Q137560182\"]}]}<\/script>\n<!-- \/ Yoast SEO plugin. -->","yoast_head_json":{"title":"Parure de lit en chanvre naturel - Blanc | AZTEX","description":"Cette parure de lit en chanvre blanc est confectionn\u00e9e dans une mati\u00e8re naturelle et respirante. Son tissu r\u00e9sistant et antibact\u00e9rien garantit une utilisation durable et une sensation de fra\u00eecheur.","robots":{"index":"index","follow":"follow","max-snippet":"max-snippet:-1","max-image-preview":"max-image-preview:large","max-video-preview":"max-video-preview:-1"},"canonical":"https:\/\/aztex.ee\/fr\/pood\/linge-de-lit\/ensemble-de-literie-en-chanvre-blanc\/","og_locale":"fr_FR","og_type":"article","og_title":"Parure de lit en chanvre naturel - Blanc | AZTEX","og_description":"Cette parure de lit en chanvre blanc est confectionn\u00e9e dans une mati\u00e8re naturelle et respirante. Son tissu r\u00e9sistant et antibact\u00e9rien garantit une utilisation durable et une sensation de fra\u00eecheur.","og_url":"https:\/\/aztex.ee\/fr\/pood\/linge-de-lit\/ensemble-de-literie-en-chanvre-blanc\/","og_site_name":"AZTEX","article_publisher":"https:\/\/www.facebook.com\/AztexEE","article_modified_time":"2026-01-13T09:02:46+00:00","og_image":[{"width":800,"height":800,"url":"https:\/\/aztex.ee\/wp-content\/uploads\/2026\/01\/Kanepist-voodipesukomplekt-Valge.jpg","type":"image\/jpeg"}],"twitter_card":"summary_large_image","twitter_misc":{"Dur\u00e9e de lecture estim\u00e9e":"2 minutes"},"schema":{"@context":"https:\/\/schema.org","@graph":[{"@type":["WebPage","ItemPage"],"@id":"https:\/\/aztex.ee\/fr\/pood\/linge-de-lit\/ensemble-de-literie-en-chanvre-blanc\/","url":"https:\/\/aztex.ee\/fr\/pood\/linge-de-lit\/ensemble-de-literie-en-chanvre-blanc\/","name":"Parure de lit en chanvre naturel - Blanc | AZTEX","isPartOf":{"@id":"https:\/\/aztex.ee\/fr\/#website"},"primaryImageOfPage":{"@id":"https:\/\/aztex.ee\/fr\/pood\/linge-de-lit\/ensemble-de-literie-en-chanvre-blanc\/#primaryimage"},"image":{"@id":"https:\/\/aztex.ee\/fr\/pood\/linge-de-lit\/ensemble-de-literie-en-chanvre-blanc\/#primaryimage"},"thumbnailUrl":"https:\/\/aztex.ee\/wp-content\/uploads\/2026\/01\/Kanepist-voodipesukomplekt-Valge.jpg","datePublished":"2026-01-13T08:40:10+00:00","dateModified":"2026-01-13T09:02:46+00:00","description":"Cette parure de lit en chanvre blanc est confectionn\u00e9e dans une mati\u00e8re naturelle et respirante. Son tissu r\u00e9sistant et antibact\u00e9rien garantit une utilisation durable et une sensation de fra\u00eecheur.","breadcrumb":{"@id":"https:\/\/aztex.ee\/fr\/pood\/linge-de-lit\/ensemble-de-literie-en-chanvre-blanc\/#breadcrumb"},"inLanguage":"fr-FR","potentialAction":[{"@type":"ReadAction","target":["https:\/\/aztex.ee\/fr\/pood\/linge-de-lit\/ensemble-de-literie-en-chanvre-blanc\/"]}]},{"@type":"ImageObject","inLanguage":"fr-FR","@id":"https:\/\/aztex.ee\/fr\/pood\/linge-de-lit\/ensemble-de-literie-en-chanvre-blanc\/#primaryimage","url":"https:\/\/aztex.ee\/wp-content\/uploads\/2026\/01\/Kanepist-voodipesukomplekt-Valge.jpg","contentUrl":"https:\/\/aztex.ee\/wp-content\/uploads\/2026\/01\/Kanepist-voodipesukomplekt-Valge.jpg","width":800,"height":800,"caption":"Kanepist voodipesukomplekt Valge"},{"@type":"BreadcrumbList","@id":"https:\/\/aztex.ee\/fr\/pood\/linge-de-lit\/ensemble-de-literie-en-chanvre-blanc\/#breadcrumb","itemListElement":[{"@type":"ListItem","position":1,"name":"Accueil","item":"https:\/\/aztex.ee\/fr\/"},{"@type":"ListItem","position":2,"name":"Boutique","item":"https:\/\/aztex.ee\/fr\/boutique\/"},{"@type":"ListItem","position":3,"name":"Ensemble de literie en chanvre | Blanc"}]},{"@type":"WebSite","@id":"https:\/\/aztex.ee\/fr\/#website","url":"https:\/\/aztex.ee\/fr\/","name":"AZTEX","description":"","publisher":{"@id":"https:\/\/aztex.ee\/fr\/#organization"},"potentialAction":[{"@type":"SearchAction","target":{"@type":"EntryPoint","urlTemplate":"https:\/\/aztex.ee\/fr\/?s={search_term_string}"},"query-input":{"@type":"PropertyValueSpecification","valueRequired":true,"valueName":"search_term_string"}}],"inLanguage":"fr-FR"},{"@type":"Organization","@id":"https:\/\/aztex.ee\/fr\/#organization","name":"AZTEX","url":"https:\/\/aztex.ee\/fr\/","logo":{"@type":"ImageObject","inLanguage":"fr-FR","@id":"https:\/\/aztex.ee\/fr\/#\/schema\/logo\/image\/","url":"https:\/\/aztex.ee\/wp-content\/uploads\/2026\/01\/AZTEX.png","contentUrl":"https:\/\/aztex.ee\/wp-content\/uploads\/2026\/01\/AZTEX.png","width":500,"height":500,"caption":"AZTEX"},"image":{"@id":"https:\/\/aztex.ee\/fr\/#\/schema\/logo\/image\/"},"sameAs":["https:\/\/www.facebook.com\/AztexEE","https:\/\/www.instagram.com\/aztexeesti\/","https:\/\/www.youtube.com\/@AZTEXEE","https:\/\/www.pinterest.com\/aztex_eesti\/","https:\/\/www.tiktok.com\/@aztexeesti","https:\/\/www.trustpilot.com\/review\/aztex.ee","https:\/\/www.linkedin.com\/company\/aztex-ee\/","https:\/\/www.wikidata.org\/wiki\/Q137560182"]}]}},"_links":{"self":[{"href":"https:\/\/aztex.ee\/fr\/wp-json\/wp\/v2\/product\/98688","targetHints":{"allow":["GET"]}}],"collection":[{"href":"https:\/\/aztex.ee\/fr\/wp-json\/wp\/v2\/product"}],"about":[{"href":"https:\/\/aztex.ee\/fr\/wp-json\/wp\/v2\/types\/product"}],"replies":[{"embeddable":true,"href":"https:\/\/aztex.ee\/fr\/wp-json\/wp\/v2\/comments?post=98688"}],"version-history":[{"count":2,"href":"https:\/\/aztex.ee\/fr\/wp-json\/wp\/v2\/product\/98688\/revisions"}],"predecessor-version":[{"id":98800,"href":"https:\/\/aztex.ee\/fr\/wp-json\/wp\/v2\/product\/98688\/revisions\/98800"}],"wp:featuredmedia":[{"embeddable":true,"href":"https:\/\/aztex.ee\/fr\/wp-json\/wp\/v2\/media\/98710"}],"wp:attachment":[{"href":"https:\/\/aztex.ee\/fr\/wp-json\/wp\/v2\/media?parent=98688"}],"wp:term":[{"taxonomy":"product_brand","embeddable":true,"href":"https:\/\/aztex.ee\/fr\/wp-json\/wp\/v2\/product_brand?post=98688"},{"taxonomy":"product_cat","embeddable":true,"href":"https:\/\/aztex.ee\/fr\/wp-json\/wp\/v2\/product_cat?post=98688"},{"taxonomy":"product_tag","embeddable":true,"href":"https:\/\/aztex.ee\/fr\/wp-json\/wp\/v2\/product_tag?post=98688"}],"curies":[{"name":"wp","href":"https:\/\/api.w.org\/{rel}","templated":true}]}}