{"id":97213,"date":"2025-11-29T19:00:55","date_gmt":"2025-11-29T19:00:55","guid":{"rendered":"https:\/\/aztex.ee\/?post_type=product&#038;p=97213"},"modified":"2026-04-07T12:51:20","modified_gmt":"2026-04-07T12:51:20","slug":"lot-de-6-serviettes-en-coton","status":"publish","type":"product","link":"https:\/\/aztex.ee\/fr\/pood\/serviettes-et-serviettes-de-bain\/lot-de-6-serviettes-en-coton\/","title":{"rendered":"Lot de 6 serviettes en coton"},"content":{"rendered":"<p><strong>Ensemble de 6 serviettes en coton<\/strong><\/p>\n<p><strong>Mati\u00e8re et dimensions<\/strong><br \/>\nCet ensemble de 6 serviettes en coton est compos\u00e9 \u00e0 100% de coton naturel. Chaque serviette mesure 35 x 75 cm. Douces et respirantes, elles offrent une excellente absorption et un confort optimal en toutes circonstances. Leur haute qualit\u00e9 leur permet de conserver leur forme et leur douceur m\u00eame apr\u00e8s de nombreux lavages, assurant ainsi une longue dur\u00e9e de vie.<\/p>\n<p><strong>Design et style<\/strong><br \/>\nAvec leur design \u00e9pur\u00e9, ces serviettes en coton s&rsquo;int\u00e8grent parfaitement \u00e0 toutes les salles de bain et cuisines. Leurs tons neutres et leur finition minimaliste apportent style et \u00e9l\u00e9gance \u00e0 la pi\u00e8ce, tout en \u00e9tant pratiques et faciles \u00e0 assortir \u00e0 vos autres accessoires de salle de bain. Elles conviennent aussi bien aux int\u00e9rieurs classiques que modernes.<\/p>\n<p><strong>R\u00e9sistance et entretien<\/strong><br \/>\nSolides et r\u00e9sistantes, ces serviettes vous accompagneront longtemps. Gr\u00e2ce \u00e0 leurs coutures de haute qualit\u00e9 et \u00e0 leur tissage dense, elles conservent leur forme et leur douceur m\u00eame apr\u00e8s de nombreux lavages. Lavables en machine \u00e0 temp\u00e9rature normale, elles sont faciles d&rsquo;entretien et pr\u00e9servent leur beaut\u00e9.<\/p>\n<p><strong>Absorption et confort<\/strong><br \/>\nTr\u00e8s absorbantes, ces serviettes s\u00e8chent rapidement et efficacement. La douceur de leur texture rend ces serviettes agr\u00e9ables \u00e0 utiliser et apporte une touche de luxe \u00e0 votre salle de bain quotidienne. Elles sont \u00e9galement parfaites pour un s\u00e9jour au spa ou des vacances, o\u00f9 confort et qualit\u00e9 sont essentiels.<\/p>\n<p><strong>Utilisation et praticit\u00e9<\/strong><br \/>\nCet ensemble est id\u00e9al pour un usage quotidien \u00e0 la maison, au spa ou en vacances. Les six serviettes mesurent 35 x 75 cm, ce qui en fait une solution pratique et facile \u00e0 utiliser pour toute salle de bain ou cuisine. C&rsquo;est aussi un cadeau id\u00e9al, qui apportera confort et style \u00e0 n&rsquo;importe quelle pi\u00e8ce.<\/p>\n","protected":false},"excerpt":{"rendered":"<ul>\n<li>Mat\u00e9riau : 100% coton<\/li>\n<li>Taille : 35\u00d775 cm \u00b13<\/li>\n<li>Poids : 420g\/m2<\/li>\n<li>L&rsquo;ensemble comprend : 6 pi\u00e8ces<\/li>\n<\/ul>\n","protected":false},"featured_media":97743,"comment_status":"open","ping_status":"closed","template":"","meta":[],"product_brand":[],"product_cat":[1566,1731,773,478],"product_tag":[],"class_list":{"0":"post-97213","1":"product","2":"type-product","3":"status-publish","4":"has-post-thumbnail","6":"product_cat-ensembles-de-serviettes","7":"product_cat-serviettes","8":"product_cat-serviettes-35x75-cm","9":"product_cat-serviettes-et-serviettes-de-bain","11":"first","12":"instock","13":"shipping-taxable","14":"purchasable","15":"product-type-variable"},"yoast_head":"<!-- This site is optimized with the Yoast SEO plugin v27.4 - https:\/\/yoast.com\/product\/yoast-seo-wordpress\/ -->\n<title>Lot de 6 serviettes en coton | AZTEX<\/title>\n<meta name=\"description\" content=\"Achetez un ensemble de 6 serviettes en coton \u00e0 petit prix. Le coton doux et absorbant vous garantit un confort optimal, tandis que la qualit\u00e9 de fabrication assure une longue dur\u00e9e de vie dans votre int\u00e9rieur.\" \/>\n<meta name=\"robots\" content=\"index, follow, max-snippet:-1, max-image-preview:large, max-video-preview:-1\" \/>\n<link rel=\"canonical\" href=\"https:\/\/aztex.ee\/fr\/pood\/serviettes-et-serviettes-de-bain\/lot-de-6-serviettes-en-coton\/\" \/>\n<meta property=\"og:locale\" content=\"fr_FR\" \/>\n<meta property=\"og:type\" content=\"article\" \/>\n<meta property=\"og:title\" content=\"Lot de 6 serviettes en coton | AZTEX\" \/>\n<meta property=\"og:description\" content=\"Achetez un ensemble de 6 serviettes en coton \u00e0 petit prix. Le coton doux et absorbant vous garantit un confort optimal, tandis que la qualit\u00e9 de fabrication assure une longue dur\u00e9e de vie dans votre int\u00e9rieur.\" \/>\n<meta property=\"og:url\" content=\"https:\/\/aztex.ee\/fr\/pood\/serviettes-et-serviettes-de-bain\/lot-de-6-serviettes-en-coton\/\" \/>\n<meta property=\"og:site_name\" content=\"AZTEX\" \/>\n<meta property=\"article:publisher\" content=\"https:\/\/www.facebook.com\/AztexEE\" \/>\n<meta property=\"article:modified_time\" content=\"2026-04-07T12:51:20+00:00\" \/>\n<meta property=\"og:image\" content=\"https:\/\/aztex.ee\/wp-content\/uploads\/2025\/11\/Puuvillaste-ratikute-komplekt-6-tk-Seguvarvid-2.jpg\" \/>\n\t<meta property=\"og:image:width\" content=\"800\" \/>\n\t<meta property=\"og:image:height\" content=\"800\" \/>\n\t<meta property=\"og:image:type\" content=\"image\/jpeg\" \/>\n<meta name=\"twitter:card\" content=\"summary_large_image\" \/>\n<meta name=\"twitter:label1\" content=\"Dur\u00e9e de lecture estim\u00e9e\" \/>\n\t<meta name=\"twitter:data1\" content=\"2 minutes\" \/>\n<script type=\"application\/ld+json\" class=\"yoast-schema-graph\">{\"@context\":\"https:\\\/\\\/schema.org\",\"@graph\":[{\"@type\":[\"WebPage\",\"ItemPage\"],\"@id\":\"https:\\\/\\\/aztex.ee\\\/fr\\\/pood\\\/serviettes-et-serviettes-de-bain\\\/lot-de-6-serviettes-en-coton\\\/\",\"url\":\"https:\\\/\\\/aztex.ee\\\/fr\\\/pood\\\/serviettes-et-serviettes-de-bain\\\/lot-de-6-serviettes-en-coton\\\/\",\"name\":\"Lot de 6 serviettes en coton | AZTEX\",\"isPartOf\":{\"@id\":\"https:\\\/\\\/aztex.ee\\\/fr\\\/#website\"},\"primaryImageOfPage\":{\"@id\":\"https:\\\/\\\/aztex.ee\\\/fr\\\/pood\\\/serviettes-et-serviettes-de-bain\\\/lot-de-6-serviettes-en-coton\\\/#primaryimage\"},\"image\":{\"@id\":\"https:\\\/\\\/aztex.ee\\\/fr\\\/pood\\\/serviettes-et-serviettes-de-bain\\\/lot-de-6-serviettes-en-coton\\\/#primaryimage\"},\"thumbnailUrl\":\"https:\\\/\\\/aztex.ee\\\/wp-content\\\/uploads\\\/2025\\\/11\\\/Puuvillaste-ratikute-komplekt-6-tk-Seguvarvid-2.jpg\",\"datePublished\":\"2025-11-29T19:00:55+00:00\",\"dateModified\":\"2026-04-07T12:51:20+00:00\",\"description\":\"Achetez un ensemble de 6 serviettes en coton \u00e0 petit prix. Le coton doux et absorbant vous garantit un confort optimal, tandis que la qualit\u00e9 de fabrication assure une longue dur\u00e9e de vie dans votre int\u00e9rieur.\",\"breadcrumb\":{\"@id\":\"https:\\\/\\\/aztex.ee\\\/fr\\\/pood\\\/serviettes-et-serviettes-de-bain\\\/lot-de-6-serviettes-en-coton\\\/#breadcrumb\"},\"inLanguage\":\"fr-FR\",\"potentialAction\":[{\"@type\":\"ReadAction\",\"target\":[\"https:\\\/\\\/aztex.ee\\\/fr\\\/pood\\\/serviettes-et-serviettes-de-bain\\\/lot-de-6-serviettes-en-coton\\\/\"]}]},{\"@type\":\"ImageObject\",\"inLanguage\":\"fr-FR\",\"@id\":\"https:\\\/\\\/aztex.ee\\\/fr\\\/pood\\\/serviettes-et-serviettes-de-bain\\\/lot-de-6-serviettes-en-coton\\\/#primaryimage\",\"url\":\"https:\\\/\\\/aztex.ee\\\/wp-content\\\/uploads\\\/2025\\\/11\\\/Puuvillaste-ratikute-komplekt-6-tk-Seguvarvid-2.jpg\",\"contentUrl\":\"https:\\\/\\\/aztex.ee\\\/wp-content\\\/uploads\\\/2025\\\/11\\\/Puuvillaste-ratikute-komplekt-6-tk-Seguvarvid-2.jpg\",\"width\":800,\"height\":800,\"caption\":\"Puuvillaste r\u00e4tikute komplekt 6 tk Seguv\u00e4rvid 2\"},{\"@type\":\"BreadcrumbList\",\"@id\":\"https:\\\/\\\/aztex.ee\\\/fr\\\/pood\\\/serviettes-et-serviettes-de-bain\\\/lot-de-6-serviettes-en-coton\\\/#breadcrumb\",\"itemListElement\":[{\"@type\":\"ListItem\",\"position\":1,\"name\":\"Accueil\",\"item\":\"https:\\\/\\\/aztex.ee\\\/fr\\\/\"},{\"@type\":\"ListItem\",\"position\":2,\"name\":\"Boutique\",\"item\":\"https:\\\/\\\/aztex.ee\\\/fr\\\/boutique\\\/\"},{\"@type\":\"ListItem\",\"position\":3,\"name\":\"Lot de 6 serviettes en coton\"}]},{\"@type\":\"WebSite\",\"@id\":\"https:\\\/\\\/aztex.ee\\\/fr\\\/#website\",\"url\":\"https:\\\/\\\/aztex.ee\\\/fr\\\/\",\"name\":\"AZTEX\",\"description\":\"\",\"publisher\":{\"@id\":\"https:\\\/\\\/aztex.ee\\\/fr\\\/#organization\"},\"potentialAction\":[{\"@type\":\"SearchAction\",\"target\":{\"@type\":\"EntryPoint\",\"urlTemplate\":\"https:\\\/\\\/aztex.ee\\\/fr\\\/?s={search_term_string}\"},\"query-input\":{\"@type\":\"PropertyValueSpecification\",\"valueRequired\":true,\"valueName\":\"search_term_string\"}}],\"inLanguage\":\"fr-FR\"},{\"@type\":\"Organization\",\"@id\":\"https:\\\/\\\/aztex.ee\\\/fr\\\/#organization\",\"name\":\"AZTEX\",\"url\":\"https:\\\/\\\/aztex.ee\\\/fr\\\/\",\"logo\":{\"@type\":\"ImageObject\",\"inLanguage\":\"fr-FR\",\"@id\":\"https:\\\/\\\/aztex.ee\\\/fr\\\/#\\\/schema\\\/logo\\\/image\\\/\",\"url\":\"https:\\\/\\\/aztex.ee\\\/wp-content\\\/uploads\\\/2026\\\/01\\\/AZTEX.png\",\"contentUrl\":\"https:\\\/\\\/aztex.ee\\\/wp-content\\\/uploads\\\/2026\\\/01\\\/AZTEX.png\",\"width\":500,\"height\":500,\"caption\":\"AZTEX\"},\"image\":{\"@id\":\"https:\\\/\\\/aztex.ee\\\/fr\\\/#\\\/schema\\\/logo\\\/image\\\/\"},\"sameAs\":[\"https:\\\/\\\/www.facebook.com\\\/AztexEE\",\"https:\\\/\\\/www.instagram.com\\\/aztexeesti\\\/\",\"https:\\\/\\\/www.youtube.com\\\/@AZTEXEE\",\"https:\\\/\\\/www.pinterest.com\\\/aztex_eesti\\\/\",\"https:\\\/\\\/www.tiktok.com\\\/@aztexeesti\",\"https:\\\/\\\/www.trustpilot.com\\\/review\\\/aztex.ee\",\"https:\\\/\\\/www.linkedin.com\\\/company\\\/aztex-ee\\\/\",\"https:\\\/\\\/www.wikidata.org\\\/wiki\\\/Q137560182\"]}]}<\/script>\n<!-- \/ Yoast SEO plugin. -->","yoast_head_json":{"title":"Lot de 6 serviettes en coton | AZTEX","description":"Achetez un ensemble de 6 serviettes en coton \u00e0 petit prix. Le coton doux et absorbant vous garantit un confort optimal, tandis que la qualit\u00e9 de fabrication assure une longue dur\u00e9e de vie dans votre int\u00e9rieur.","robots":{"index":"index","follow":"follow","max-snippet":"max-snippet:-1","max-image-preview":"max-image-preview:large","max-video-preview":"max-video-preview:-1"},"canonical":"https:\/\/aztex.ee\/fr\/pood\/serviettes-et-serviettes-de-bain\/lot-de-6-serviettes-en-coton\/","og_locale":"fr_FR","og_type":"article","og_title":"Lot de 6 serviettes en coton | AZTEX","og_description":"Achetez un ensemble de 6 serviettes en coton \u00e0 petit prix. Le coton doux et absorbant vous garantit un confort optimal, tandis que la qualit\u00e9 de fabrication assure une longue dur\u00e9e de vie dans votre int\u00e9rieur.","og_url":"https:\/\/aztex.ee\/fr\/pood\/serviettes-et-serviettes-de-bain\/lot-de-6-serviettes-en-coton\/","og_site_name":"AZTEX","article_publisher":"https:\/\/www.facebook.com\/AztexEE","article_modified_time":"2026-04-07T12:51:20+00:00","og_image":[{"width":800,"height":800,"url":"https:\/\/aztex.ee\/wp-content\/uploads\/2025\/11\/Puuvillaste-ratikute-komplekt-6-tk-Seguvarvid-2.jpg","type":"image\/jpeg"}],"twitter_card":"summary_large_image","twitter_misc":{"Dur\u00e9e de lecture estim\u00e9e":"2 minutes"},"schema":{"@context":"https:\/\/schema.org","@graph":[{"@type":["WebPage","ItemPage"],"@id":"https:\/\/aztex.ee\/fr\/pood\/serviettes-et-serviettes-de-bain\/lot-de-6-serviettes-en-coton\/","url":"https:\/\/aztex.ee\/fr\/pood\/serviettes-et-serviettes-de-bain\/lot-de-6-serviettes-en-coton\/","name":"Lot de 6 serviettes en coton | AZTEX","isPartOf":{"@id":"https:\/\/aztex.ee\/fr\/#website"},"primaryImageOfPage":{"@id":"https:\/\/aztex.ee\/fr\/pood\/serviettes-et-serviettes-de-bain\/lot-de-6-serviettes-en-coton\/#primaryimage"},"image":{"@id":"https:\/\/aztex.ee\/fr\/pood\/serviettes-et-serviettes-de-bain\/lot-de-6-serviettes-en-coton\/#primaryimage"},"thumbnailUrl":"https:\/\/aztex.ee\/wp-content\/uploads\/2025\/11\/Puuvillaste-ratikute-komplekt-6-tk-Seguvarvid-2.jpg","datePublished":"2025-11-29T19:00:55+00:00","dateModified":"2026-04-07T12:51:20+00:00","description":"Achetez un ensemble de 6 serviettes en coton \u00e0 petit prix. Le coton doux et absorbant vous garantit un confort optimal, tandis que la qualit\u00e9 de fabrication assure une longue dur\u00e9e de vie dans votre int\u00e9rieur.","breadcrumb":{"@id":"https:\/\/aztex.ee\/fr\/pood\/serviettes-et-serviettes-de-bain\/lot-de-6-serviettes-en-coton\/#breadcrumb"},"inLanguage":"fr-FR","potentialAction":[{"@type":"ReadAction","target":["https:\/\/aztex.ee\/fr\/pood\/serviettes-et-serviettes-de-bain\/lot-de-6-serviettes-en-coton\/"]}]},{"@type":"ImageObject","inLanguage":"fr-FR","@id":"https:\/\/aztex.ee\/fr\/pood\/serviettes-et-serviettes-de-bain\/lot-de-6-serviettes-en-coton\/#primaryimage","url":"https:\/\/aztex.ee\/wp-content\/uploads\/2025\/11\/Puuvillaste-ratikute-komplekt-6-tk-Seguvarvid-2.jpg","contentUrl":"https:\/\/aztex.ee\/wp-content\/uploads\/2025\/11\/Puuvillaste-ratikute-komplekt-6-tk-Seguvarvid-2.jpg","width":800,"height":800,"caption":"Puuvillaste r\u00e4tikute komplekt 6 tk Seguv\u00e4rvid 2"},{"@type":"BreadcrumbList","@id":"https:\/\/aztex.ee\/fr\/pood\/serviettes-et-serviettes-de-bain\/lot-de-6-serviettes-en-coton\/#breadcrumb","itemListElement":[{"@type":"ListItem","position":1,"name":"Accueil","item":"https:\/\/aztex.ee\/fr\/"},{"@type":"ListItem","position":2,"name":"Boutique","item":"https:\/\/aztex.ee\/fr\/boutique\/"},{"@type":"ListItem","position":3,"name":"Lot de 6 serviettes en coton"}]},{"@type":"WebSite","@id":"https:\/\/aztex.ee\/fr\/#website","url":"https:\/\/aztex.ee\/fr\/","name":"AZTEX","description":"","publisher":{"@id":"https:\/\/aztex.ee\/fr\/#organization"},"potentialAction":[{"@type":"SearchAction","target":{"@type":"EntryPoint","urlTemplate":"https:\/\/aztex.ee\/fr\/?s={search_term_string}"},"query-input":{"@type":"PropertyValueSpecification","valueRequired":true,"valueName":"search_term_string"}}],"inLanguage":"fr-FR"},{"@type":"Organization","@id":"https:\/\/aztex.ee\/fr\/#organization","name":"AZTEX","url":"https:\/\/aztex.ee\/fr\/","logo":{"@type":"ImageObject","inLanguage":"fr-FR","@id":"https:\/\/aztex.ee\/fr\/#\/schema\/logo\/image\/","url":"https:\/\/aztex.ee\/wp-content\/uploads\/2026\/01\/AZTEX.png","contentUrl":"https:\/\/aztex.ee\/wp-content\/uploads\/2026\/01\/AZTEX.png","width":500,"height":500,"caption":"AZTEX"},"image":{"@id":"https:\/\/aztex.ee\/fr\/#\/schema\/logo\/image\/"},"sameAs":["https:\/\/www.facebook.com\/AztexEE","https:\/\/www.instagram.com\/aztexeesti\/","https:\/\/www.youtube.com\/@AZTEXEE","https:\/\/www.pinterest.com\/aztex_eesti\/","https:\/\/www.tiktok.com\/@aztexeesti","https:\/\/www.trustpilot.com\/review\/aztex.ee","https:\/\/www.linkedin.com\/company\/aztex-ee\/","https:\/\/www.wikidata.org\/wiki\/Q137560182"]}]}},"_links":{"self":[{"href":"https:\/\/aztex.ee\/fr\/wp-json\/wp\/v2\/product\/97213","targetHints":{"allow":["GET"]}}],"collection":[{"href":"https:\/\/aztex.ee\/fr\/wp-json\/wp\/v2\/product"}],"about":[{"href":"https:\/\/aztex.ee\/fr\/wp-json\/wp\/v2\/types\/product"}],"replies":[{"embeddable":true,"href":"https:\/\/aztex.ee\/fr\/wp-json\/wp\/v2\/comments?post=97213"}],"version-history":[{"count":3,"href":"https:\/\/aztex.ee\/fr\/wp-json\/wp\/v2\/product\/97213\/revisions"}],"predecessor-version":[{"id":97965,"href":"https:\/\/aztex.ee\/fr\/wp-json\/wp\/v2\/product\/97213\/revisions\/97965"}],"wp:featuredmedia":[{"embeddable":true,"href":"https:\/\/aztex.ee\/fr\/wp-json\/wp\/v2\/media\/97743"}],"wp:attachment":[{"href":"https:\/\/aztex.ee\/fr\/wp-json\/wp\/v2\/media?parent=97213"}],"wp:term":[{"taxonomy":"product_brand","embeddable":true,"href":"https:\/\/aztex.ee\/fr\/wp-json\/wp\/v2\/product_brand?post=97213"},{"taxonomy":"product_cat","embeddable":true,"href":"https:\/\/aztex.ee\/fr\/wp-json\/wp\/v2\/product_cat?post=97213"},{"taxonomy":"product_tag","embeddable":true,"href":"https:\/\/aztex.ee\/fr\/wp-json\/wp\/v2\/product_tag?post=97213"}],"curies":[{"name":"wp","href":"https:\/\/api.w.org\/{rel}","templated":true}]}}