{"id":94474,"date":"2025-09-15T09:06:50","date_gmt":"2025-09-15T09:06:50","guid":{"rendered":"https:\/\/aztex.ee\/?post_type=product&#038;p=94474"},"modified":"2026-04-08T10:43:53","modified_gmt":"2026-04-08T10:43:53","slug":"oreiller-naturel-en-plume-de-canard","status":"publish","type":"product","link":"https:\/\/aztex.ee\/fr\/pood\/oreillers\/oreiller-naturel-en-plume-de-canard\/","title":{"rendered":"Oreiller naturel en plume de canard"},"content":{"rendered":"<p><strong>Douceur et confort<\/strong><\/p>\n<p>L&rsquo;oreiller en duvet de canard est exceptionnellement doux et moelleux, offrant un soutien naturel de la t\u00eate et de la nuque. Son garnissage conserve sa forme et son \u00e9lasticit\u00e9, garantissant confort et stabilit\u00e9 \u00e0 tout moment. Gr\u00e2ce \u00e0 ses mat\u00e9riaux de haute qualit\u00e9, cet oreiller en duvet de canard s&rsquo;int\u00e8gre parfaitement dans toutes les chambres et offre une solution fiable et confortable au quotidien.<\/p>\n<p><strong>Respirant et confortable<\/strong><\/p>\n<p>L&rsquo;oreiller en duvet de canard \u00e9cologique permet une libre circulation de l&rsquo;air, le gardant frais et sec. Gr\u00e2ce \u00e0 sa respirabilit\u00e9, il ne surchauffe pas et n&rsquo;accumule pas l&rsquo;humidit\u00e9, assurant ainsi un confort optimal de jour comme de nuit. Cet oreiller est donc id\u00e9al pour ceux qui appr\u00e9cient une bonne circulation de l&rsquo;air et un soutien agr\u00e9able.<\/p>\n<p><strong>Durable et ind\u00e9formable<\/strong><\/p>\n<p>Gr\u00e2ce \u00e0 ses mat\u00e9riaux naturels de haute qualit\u00e9, cet oreiller en duvet de canard conserve sa forme et son \u00e9lasticit\u00e9 m\u00eame apr\u00e8s des ann\u00e9es. M\u00eame en cas d&rsquo;utilisation fr\u00e9quente, il ne s&rsquo;affaisse pas et ne perd pas son confort, offrant un soutien stable et fiable \u00e0 long terme. C&rsquo;est donc un investissement durable et pratique, id\u00e9al pour un usage quotidien.<\/p>\n<p><strong>\u00c9cologique et proche de la nature<\/strong><\/p>\n<p>Cet oreiller est fabriqu\u00e9 \u00e0 partir de plumes de canard issues de sources \u00e9cologiques, naturelles et respectueuses de l&rsquo;environnement. C&rsquo;est un choix sain et durable, respectueux de l&rsquo;homme et de l&rsquo;environnement. Cet oreiller \u00e9cologique garantit qualit\u00e9 et confort, alliant praticit\u00e9 et respect de l&rsquo;environnement.<\/p>\n<p><strong>Un choix abordable et de haute qualit\u00e9<\/strong><\/p>\n<p>Cet oreiller abordable allie prix abordable et qualit\u00e9 sup\u00e9rieure. Il garantit confort, durabilit\u00e9 et propri\u00e9t\u00e9s \u00e9cologiques sans compromis. C&rsquo;est un choix pratique et raisonnable pour chaque foyer, offrant un rapport qualit\u00e9-prix avantageux qui rend l&rsquo;achat satisfaisant et avantageux \u00e0 long terme.<\/p>\n","protected":false},"excerpt":{"rendered":"<p>Cet oreiller en plumes de canard naturelles, \u00e0 la fois doux, respirant et durable, assure un confort maximal.<\/p>\n<ul>\n<li>Garnissage de l&rsquo;oreiller : 90% plumes de canard \/ 10% duvet de canard<\/li>\n<li>Housse\u00a0: 100% Coton \u00c9gyptien<\/li>\n<li>Lavable en machine\u00a0: Oui<\/li>\n<li>Hauteur de l&rsquo;oreiller\u00a0: Moyenne<\/li>\n<\/ul>\n<p><img loading=\"lazy\" decoding=\"async\" class=\"alignnone wp-image-94116\" src=\"https:\/\/aztex.ee\/wp-content\/uploads\/2025\/09\/globalrecyled-400x201.png\" alt=\"\" width=\"111\" height=\"56\" srcset=\"https:\/\/aztex.ee\/wp-content\/uploads\/2025\/09\/globalrecyled-400x201.png 400w, https:\/\/aztex.ee\/wp-content\/uploads\/2025\/09\/globalrecyled-430x216.png 430w, https:\/\/aztex.ee\/wp-content\/uploads\/2025\/09\/globalrecyled-150x75.png 150w, https:\/\/aztex.ee\/wp-content\/uploads\/2025\/09\/globalrecyled.png 600w\" sizes=\"auto, (max-width: 111px) 100vw, 111px\" \/><img loading=\"lazy\" decoding=\"async\" class=\"alignnone wp-image-94119\" src=\"https:\/\/aztex.ee\/wp-content\/uploads\/2025\/09\/oeko100ser.png\" alt=\"\" width=\"53\" height=\"50\" srcset=\"https:\/\/aztex.ee\/wp-content\/uploads\/2025\/09\/oeko100ser.png 200w, https:\/\/aztex.ee\/wp-content\/uploads\/2025\/09\/oeko100ser-150x142.png 150w\" sizes=\"auto, (max-width: 53px) 100vw, 53px\" \/><img loading=\"lazy\" decoding=\"async\" class=\"alignnone wp-image-94114\" src=\"https:\/\/aztex.ee\/wp-content\/uploads\/2025\/09\/RDS.png\" alt=\"\" width=\"55\" height=\"55\" srcset=\"https:\/\/aztex.ee\/wp-content\/uploads\/2025\/09\/RDS.png 200w, https:\/\/aztex.ee\/wp-content\/uploads\/2025\/09\/RDS-150x150.png 150w\" sizes=\"auto, (max-width: 55px) 100vw, 55px\" \/><img loading=\"lazy\" decoding=\"async\" class=\"alignnone wp-image-94115\" src=\"https:\/\/aztex.ee\/wp-content\/uploads\/2025\/09\/BSCI.png\" alt=\"\" width=\"55\" height=\"55\" srcset=\"https:\/\/aztex.ee\/wp-content\/uploads\/2025\/09\/BSCI.png 200w, https:\/\/aztex.ee\/wp-content\/uploads\/2025\/09\/BSCI-150x150.png 150w\" sizes=\"auto, (max-width: 55px) 100vw, 55px\" \/><img loading=\"lazy\" decoding=\"async\" class=\"alignnone wp-image-94112\" src=\"https:\/\/aztex.ee\/wp-content\/uploads\/2025\/09\/logo_downpass_en.png\" alt=\"\" width=\"49\" height=\"53\" srcset=\"https:\/\/aztex.ee\/wp-content\/uploads\/2025\/09\/logo_downpass_en.png 240w, https:\/\/aztex.ee\/wp-content\/uploads\/2025\/09\/logo_downpass_en-150x163.png 150w\" sizes=\"auto, (max-width: 49px) 100vw, 49px\" \/><\/p>\n","protected":false},"featured_media":94559,"comment_status":"open","ping_status":"closed","template":"","meta":[],"product_brand":[],"product_cat":[6097,6144],"product_tag":[],"class_list":{"0":"post-94474","1":"product","2":"type-product","3":"status-publish","4":"has-post-thumbnail","6":"product_cat-oreillers","7":"product_cat-oreillers-duvet-et-plumes","9":"first","10":"instock","11":"shipping-taxable","12":"purchasable","13":"product-type-variable"},"yoast_head":"<!-- This site is optimized with the Yoast SEO plugin v27.3 - https:\/\/yoast.com\/product\/yoast-seo-wordpress\/ -->\n<title>Oreiller naturel en plume de canard | AZTEX<\/title>\n<meta name=\"description\" content=\"Doux, respirant et durable, cet oreiller en duvet de canard vous assure un sommeil paisible et confortable chaque nuit. Ce mat\u00e9riau \u00e9cologique et naturel est doux, ind\u00e9formable et durable.\" \/>\n<meta name=\"robots\" content=\"index, follow, max-snippet:-1, max-image-preview:large, max-video-preview:-1\" \/>\n<link rel=\"canonical\" href=\"https:\/\/aztex.ee\/fr\/pood\/oreillers\/oreiller-naturel-en-plume-de-canard\/\" \/>\n<meta property=\"og:locale\" content=\"fr_FR\" \/>\n<meta property=\"og:type\" content=\"article\" \/>\n<meta property=\"og:title\" content=\"Oreiller naturel en plume de canard | AZTEX\" \/>\n<meta property=\"og:description\" content=\"Doux, respirant et durable, cet oreiller en duvet de canard vous assure un sommeil paisible et confortable chaque nuit. Ce mat\u00e9riau \u00e9cologique et naturel est doux, ind\u00e9formable et durable.\" \/>\n<meta property=\"og:url\" content=\"https:\/\/aztex.ee\/fr\/pood\/oreillers\/oreiller-naturel-en-plume-de-canard\/\" \/>\n<meta property=\"og:site_name\" content=\"AZTEX\" \/>\n<meta property=\"article:publisher\" content=\"https:\/\/www.facebook.com\/AztexEE\" \/>\n<meta property=\"article:modified_time\" content=\"2026-04-08T10:43:53+00:00\" \/>\n<meta property=\"og:image\" content=\"https:\/\/aztex.ee\/wp-content\/uploads\/2025\/09\/Pardisulgedest-padi.jpg\" \/>\n\t<meta property=\"og:image:width\" content=\"800\" \/>\n\t<meta property=\"og:image:height\" content=\"800\" \/>\n\t<meta property=\"og:image:type\" content=\"image\/jpeg\" \/>\n<meta name=\"twitter:card\" content=\"summary_large_image\" \/>\n<meta name=\"twitter:label1\" content=\"Dur\u00e9e de lecture estim\u00e9e\" \/>\n\t<meta name=\"twitter:data1\" content=\"2 minutes\" \/>\n<script type=\"application\/ld+json\" class=\"yoast-schema-graph\">{\"@context\":\"https:\\\/\\\/schema.org\",\"@graph\":[{\"@type\":[\"WebPage\",\"ItemPage\"],\"@id\":\"https:\\\/\\\/aztex.ee\\\/fr\\\/pood\\\/oreillers\\\/oreiller-naturel-en-plume-de-canard\\\/\",\"url\":\"https:\\\/\\\/aztex.ee\\\/fr\\\/pood\\\/oreillers\\\/oreiller-naturel-en-plume-de-canard\\\/\",\"name\":\"Oreiller naturel en plume de canard | AZTEX\",\"isPartOf\":{\"@id\":\"https:\\\/\\\/aztex.ee\\\/fr\\\/#website\"},\"primaryImageOfPage\":{\"@id\":\"https:\\\/\\\/aztex.ee\\\/fr\\\/pood\\\/oreillers\\\/oreiller-naturel-en-plume-de-canard\\\/#primaryimage\"},\"image\":{\"@id\":\"https:\\\/\\\/aztex.ee\\\/fr\\\/pood\\\/oreillers\\\/oreiller-naturel-en-plume-de-canard\\\/#primaryimage\"},\"thumbnailUrl\":\"https:\\\/\\\/aztex.ee\\\/wp-content\\\/uploads\\\/2025\\\/09\\\/Pardisulgedest-padi.jpg\",\"datePublished\":\"2025-09-15T09:06:50+00:00\",\"dateModified\":\"2026-04-08T10:43:53+00:00\",\"description\":\"Doux, respirant et durable, cet oreiller en duvet de canard vous assure un sommeil paisible et confortable chaque nuit. Ce mat\u00e9riau \u00e9cologique et naturel est doux, ind\u00e9formable et durable.\",\"breadcrumb\":{\"@id\":\"https:\\\/\\\/aztex.ee\\\/fr\\\/pood\\\/oreillers\\\/oreiller-naturel-en-plume-de-canard\\\/#breadcrumb\"},\"inLanguage\":\"fr-FR\",\"potentialAction\":[{\"@type\":\"ReadAction\",\"target\":[\"https:\\\/\\\/aztex.ee\\\/fr\\\/pood\\\/oreillers\\\/oreiller-naturel-en-plume-de-canard\\\/\"]}]},{\"@type\":\"ImageObject\",\"inLanguage\":\"fr-FR\",\"@id\":\"https:\\\/\\\/aztex.ee\\\/fr\\\/pood\\\/oreillers\\\/oreiller-naturel-en-plume-de-canard\\\/#primaryimage\",\"url\":\"https:\\\/\\\/aztex.ee\\\/wp-content\\\/uploads\\\/2025\\\/09\\\/Pardisulgedest-padi.jpg\",\"contentUrl\":\"https:\\\/\\\/aztex.ee\\\/wp-content\\\/uploads\\\/2025\\\/09\\\/Pardisulgedest-padi.jpg\",\"width\":800,\"height\":800,\"caption\":\"Pardisulgedest padi\"},{\"@type\":\"BreadcrumbList\",\"@id\":\"https:\\\/\\\/aztex.ee\\\/fr\\\/pood\\\/oreillers\\\/oreiller-naturel-en-plume-de-canard\\\/#breadcrumb\",\"itemListElement\":[{\"@type\":\"ListItem\",\"position\":1,\"name\":\"Accueil\",\"item\":\"https:\\\/\\\/aztex.ee\\\/fr\\\/\"},{\"@type\":\"ListItem\",\"position\":2,\"name\":\"Boutique\",\"item\":\"https:\\\/\\\/aztex.ee\\\/fr\\\/boutique\\\/\"},{\"@type\":\"ListItem\",\"position\":3,\"name\":\"Oreiller naturel en plume de canard\"}]},{\"@type\":\"WebSite\",\"@id\":\"https:\\\/\\\/aztex.ee\\\/fr\\\/#website\",\"url\":\"https:\\\/\\\/aztex.ee\\\/fr\\\/\",\"name\":\"AZTEX\",\"description\":\"\",\"publisher\":{\"@id\":\"https:\\\/\\\/aztex.ee\\\/fr\\\/#organization\"},\"potentialAction\":[{\"@type\":\"SearchAction\",\"target\":{\"@type\":\"EntryPoint\",\"urlTemplate\":\"https:\\\/\\\/aztex.ee\\\/fr\\\/?s={search_term_string}\"},\"query-input\":{\"@type\":\"PropertyValueSpecification\",\"valueRequired\":true,\"valueName\":\"search_term_string\"}}],\"inLanguage\":\"fr-FR\"},{\"@type\":\"Organization\",\"@id\":\"https:\\\/\\\/aztex.ee\\\/fr\\\/#organization\",\"name\":\"AZTEX\",\"url\":\"https:\\\/\\\/aztex.ee\\\/fr\\\/\",\"logo\":{\"@type\":\"ImageObject\",\"inLanguage\":\"fr-FR\",\"@id\":\"https:\\\/\\\/aztex.ee\\\/fr\\\/#\\\/schema\\\/logo\\\/image\\\/\",\"url\":\"https:\\\/\\\/aztex.ee\\\/wp-content\\\/uploads\\\/2026\\\/01\\\/AZTEX.png\",\"contentUrl\":\"https:\\\/\\\/aztex.ee\\\/wp-content\\\/uploads\\\/2026\\\/01\\\/AZTEX.png\",\"width\":500,\"height\":500,\"caption\":\"AZTEX\"},\"image\":{\"@id\":\"https:\\\/\\\/aztex.ee\\\/fr\\\/#\\\/schema\\\/logo\\\/image\\\/\"},\"sameAs\":[\"https:\\\/\\\/www.facebook.com\\\/AztexEE\",\"https:\\\/\\\/www.instagram.com\\\/aztexeesti\\\/\",\"https:\\\/\\\/www.youtube.com\\\/@AZTEXEE\",\"https:\\\/\\\/www.pinterest.com\\\/aztex_eesti\\\/\",\"https:\\\/\\\/www.tiktok.com\\\/@aztexeesti\",\"https:\\\/\\\/www.trustpilot.com\\\/review\\\/aztex.ee\",\"https:\\\/\\\/www.linkedin.com\\\/company\\\/aztex-ee\\\/\",\"https:\\\/\\\/www.wikidata.org\\\/wiki\\\/Q137560182\"]}]}<\/script>\n<!-- \/ Yoast SEO plugin. -->","yoast_head_json":{"title":"Oreiller naturel en plume de canard | AZTEX","description":"Doux, respirant et durable, cet oreiller en duvet de canard vous assure un sommeil paisible et confortable chaque nuit. Ce mat\u00e9riau \u00e9cologique et naturel est doux, ind\u00e9formable et durable.","robots":{"index":"index","follow":"follow","max-snippet":"max-snippet:-1","max-image-preview":"max-image-preview:large","max-video-preview":"max-video-preview:-1"},"canonical":"https:\/\/aztex.ee\/fr\/pood\/oreillers\/oreiller-naturel-en-plume-de-canard\/","og_locale":"fr_FR","og_type":"article","og_title":"Oreiller naturel en plume de canard | AZTEX","og_description":"Doux, respirant et durable, cet oreiller en duvet de canard vous assure un sommeil paisible et confortable chaque nuit. Ce mat\u00e9riau \u00e9cologique et naturel est doux, ind\u00e9formable et durable.","og_url":"https:\/\/aztex.ee\/fr\/pood\/oreillers\/oreiller-naturel-en-plume-de-canard\/","og_site_name":"AZTEX","article_publisher":"https:\/\/www.facebook.com\/AztexEE","article_modified_time":"2026-04-08T10:43:53+00:00","og_image":[{"width":800,"height":800,"url":"https:\/\/aztex.ee\/wp-content\/uploads\/2025\/09\/Pardisulgedest-padi.jpg","type":"image\/jpeg"}],"twitter_card":"summary_large_image","twitter_misc":{"Dur\u00e9e de lecture estim\u00e9e":"2 minutes"},"schema":{"@context":"https:\/\/schema.org","@graph":[{"@type":["WebPage","ItemPage"],"@id":"https:\/\/aztex.ee\/fr\/pood\/oreillers\/oreiller-naturel-en-plume-de-canard\/","url":"https:\/\/aztex.ee\/fr\/pood\/oreillers\/oreiller-naturel-en-plume-de-canard\/","name":"Oreiller naturel en plume de canard | AZTEX","isPartOf":{"@id":"https:\/\/aztex.ee\/fr\/#website"},"primaryImageOfPage":{"@id":"https:\/\/aztex.ee\/fr\/pood\/oreillers\/oreiller-naturel-en-plume-de-canard\/#primaryimage"},"image":{"@id":"https:\/\/aztex.ee\/fr\/pood\/oreillers\/oreiller-naturel-en-plume-de-canard\/#primaryimage"},"thumbnailUrl":"https:\/\/aztex.ee\/wp-content\/uploads\/2025\/09\/Pardisulgedest-padi.jpg","datePublished":"2025-09-15T09:06:50+00:00","dateModified":"2026-04-08T10:43:53+00:00","description":"Doux, respirant et durable, cet oreiller en duvet de canard vous assure un sommeil paisible et confortable chaque nuit. Ce mat\u00e9riau \u00e9cologique et naturel est doux, ind\u00e9formable et durable.","breadcrumb":{"@id":"https:\/\/aztex.ee\/fr\/pood\/oreillers\/oreiller-naturel-en-plume-de-canard\/#breadcrumb"},"inLanguage":"fr-FR","potentialAction":[{"@type":"ReadAction","target":["https:\/\/aztex.ee\/fr\/pood\/oreillers\/oreiller-naturel-en-plume-de-canard\/"]}]},{"@type":"ImageObject","inLanguage":"fr-FR","@id":"https:\/\/aztex.ee\/fr\/pood\/oreillers\/oreiller-naturel-en-plume-de-canard\/#primaryimage","url":"https:\/\/aztex.ee\/wp-content\/uploads\/2025\/09\/Pardisulgedest-padi.jpg","contentUrl":"https:\/\/aztex.ee\/wp-content\/uploads\/2025\/09\/Pardisulgedest-padi.jpg","width":800,"height":800,"caption":"Pardisulgedest padi"},{"@type":"BreadcrumbList","@id":"https:\/\/aztex.ee\/fr\/pood\/oreillers\/oreiller-naturel-en-plume-de-canard\/#breadcrumb","itemListElement":[{"@type":"ListItem","position":1,"name":"Accueil","item":"https:\/\/aztex.ee\/fr\/"},{"@type":"ListItem","position":2,"name":"Boutique","item":"https:\/\/aztex.ee\/fr\/boutique\/"},{"@type":"ListItem","position":3,"name":"Oreiller naturel en plume de canard"}]},{"@type":"WebSite","@id":"https:\/\/aztex.ee\/fr\/#website","url":"https:\/\/aztex.ee\/fr\/","name":"AZTEX","description":"","publisher":{"@id":"https:\/\/aztex.ee\/fr\/#organization"},"potentialAction":[{"@type":"SearchAction","target":{"@type":"EntryPoint","urlTemplate":"https:\/\/aztex.ee\/fr\/?s={search_term_string}"},"query-input":{"@type":"PropertyValueSpecification","valueRequired":true,"valueName":"search_term_string"}}],"inLanguage":"fr-FR"},{"@type":"Organization","@id":"https:\/\/aztex.ee\/fr\/#organization","name":"AZTEX","url":"https:\/\/aztex.ee\/fr\/","logo":{"@type":"ImageObject","inLanguage":"fr-FR","@id":"https:\/\/aztex.ee\/fr\/#\/schema\/logo\/image\/","url":"https:\/\/aztex.ee\/wp-content\/uploads\/2026\/01\/AZTEX.png","contentUrl":"https:\/\/aztex.ee\/wp-content\/uploads\/2026\/01\/AZTEX.png","width":500,"height":500,"caption":"AZTEX"},"image":{"@id":"https:\/\/aztex.ee\/fr\/#\/schema\/logo\/image\/"},"sameAs":["https:\/\/www.facebook.com\/AztexEE","https:\/\/www.instagram.com\/aztexeesti\/","https:\/\/www.youtube.com\/@AZTEXEE","https:\/\/www.pinterest.com\/aztex_eesti\/","https:\/\/www.tiktok.com\/@aztexeesti","https:\/\/www.trustpilot.com\/review\/aztex.ee","https:\/\/www.linkedin.com\/company\/aztex-ee\/","https:\/\/www.wikidata.org\/wiki\/Q137560182"]}]}},"_links":{"self":[{"href":"https:\/\/aztex.ee\/fr\/wp-json\/wp\/v2\/product\/94474","targetHints":{"allow":["GET"]}}],"collection":[{"href":"https:\/\/aztex.ee\/fr\/wp-json\/wp\/v2\/product"}],"about":[{"href":"https:\/\/aztex.ee\/fr\/wp-json\/wp\/v2\/types\/product"}],"replies":[{"embeddable":true,"href":"https:\/\/aztex.ee\/fr\/wp-json\/wp\/v2\/comments?post=94474"}],"version-history":[{"count":0,"href":"https:\/\/aztex.ee\/fr\/wp-json\/wp\/v2\/product\/94474\/revisions"}],"wp:featuredmedia":[{"embeddable":true,"href":"https:\/\/aztex.ee\/fr\/wp-json\/wp\/v2\/media\/94559"}],"wp:attachment":[{"href":"https:\/\/aztex.ee\/fr\/wp-json\/wp\/v2\/media?parent=94474"}],"wp:term":[{"taxonomy":"product_brand","embeddable":true,"href":"https:\/\/aztex.ee\/fr\/wp-json\/wp\/v2\/product_brand?post=94474"},{"taxonomy":"product_cat","embeddable":true,"href":"https:\/\/aztex.ee\/fr\/wp-json\/wp\/v2\/product_cat?post=94474"},{"taxonomy":"product_tag","embeddable":true,"href":"https:\/\/aztex.ee\/fr\/wp-json\/wp\/v2\/product_tag?post=94474"}],"curies":[{"name":"wp","href":"https:\/\/api.w.org\/{rel}","templated":true}]}}