{"id":93035,"date":"2025-08-24T05:52:39","date_gmt":"2025-08-24T05:52:39","guid":{"rendered":"https:\/\/aztex.ee\/?post_type=product&#038;p=93035"},"modified":"2026-03-17T19:30:53","modified_gmt":"2026-03-17T19:30:53","slug":"parure-de-lit-200x200-cm-jardin-dargent","status":"publish","type":"product","link":"https:\/\/aztex.ee\/fr\/pood\/linge-de-lit\/parure-de-lit-200x200-cm-jardin-dargent\/","title":{"rendered":"Parure de lit 200&#215;200 | Jardin d\u2019argent"},"content":{"rendered":"<p><strong>Parure de lit 100% coton \u2013 Douceur naturelle et mati\u00e8re de haute qualit\u00e9 pour un sommeil r\u00e9parateur<\/strong><\/p>\n<p>Le coton est une fibre naturelle appr\u00e9ci\u00e9e depuis des si\u00e8cles pour sa douceur et sa perm\u00e9abilit\u00e9 \u00e0 l&rsquo;air exceptionnelles. La parure de lit 100% coton laisse respirer le corps et r\u00e9gule la temp\u00e9rature corporelle tout au long de la nuit, garantissant un sommeil profond et r\u00e9parateur. Gr\u00e2ce \u00e0 sa texture d\u00e9licate, elle est particuli\u00e8rement adapt\u00e9e aux peaux sensibles et allergiques, r\u00e9duisant les irritations cutan\u00e9es et offrant un confort optimal.<\/p>\n<p><strong>Durabilit\u00e9 et facilit\u00e9 d&rsquo;entretien<\/strong><\/p>\n<p>La parure de lit en coton conserve sa qualit\u00e9, sa douceur et sa couleur m\u00eame apr\u00e8s de nombreux lavages. Lavable en machine, elle r\u00e9siste \u00e0 un usage r\u00e9gulier et conserve sa forme et sa texture. De plus, sa mati\u00e8re respirante et absorbante pr\u00e9serve la fra\u00eecheur du linge de lit et r\u00e9duit le risque de prolif\u00e9ration bact\u00e9rienne. Ses propri\u00e9t\u00e9s anti-plis et son repassage facile en font un choix pratique alliant confort et esth\u00e9tique.<\/p>\n<p><strong>La parure id\u00e9ale pour tous les besoins<\/strong><\/p>\n<p>La parure comprend une housse de couette et deux taies d&rsquo;oreiller, adapt\u00e9es aux lits de diff\u00e9rentes tailles et r\u00e9pondant aux normes modernes. Le format populaire 200&#215;200 cm est id\u00e9al pour un lit double, offrant espace et confort. Son design universel et sa praticit\u00e9 conviennent aussi bien \u00e0 la maison qu&rsquo;aux chambres d&rsquo;amis.<\/p>\n<p><strong>Design intemporel et large choix de couleurs<\/strong><\/p>\n<p>Son design simple et \u00e9l\u00e9gant permet \u00e0 cette parure de lit de s&rsquo;harmoniser avec diff\u00e9rents styles d&rsquo;int\u00e9rieur. Classique, moderne ou scandinave, elle apporte confort et fra\u00eecheur \u00e0 la chambre. Le large choix de couleurs et la diversit\u00e9 des motifs vous permettent de choisir le ton et le style qui s&rsquo;harmonisent le mieux avec l&rsquo;atmosph\u00e8re g\u00e9n\u00e9rale de la pi\u00e8ce et cr\u00e9ent une atmosph\u00e8re apaisante et accueillante.<\/p>\n<p><strong>Choix \u00e9cologique et confort dans les moindres d\u00e9tails<\/strong><\/p>\n<p>Cette parure de lit 100% coton est con\u00e7ue pour le bien-\u00eatre de l&rsquo;utilisateur et la protection de la nature. Le coton est biod\u00e9gradable et produit selon les principes de l&rsquo;agriculture durable, avec un minimum de produits chimiques. Cette mati\u00e8re douce et agr\u00e9able pour la peau favorise un sommeil r\u00e9parateur et contribue \u00e0 r\u00e9duire les risques d&rsquo;allergies et d&rsquo;irritations. Son design pratique et son entretien facile la rendent adapt\u00e9e \u00e0 un usage quotidien, pour une chambre toujours rayonnante de propret\u00e9 et de fra\u00eecheur.<\/p>\n","protected":false},"excerpt":{"rendered":"<p>La parure de lit en coton naturellement doux et respirant assure un bon sommeil et un bon confort.<\/p>\n<ul>\n<li>Mat\u00e9riau: 100% coton<\/li>\n<li>Tissu: Satin<\/li>\n<li>Densit\u00e9 de fils: 255 TC<\/li>\n<li>Housse de couette: 200&#215;200 cm<\/li>\n<li>Taie d&rsquo;oreiller: 50&#215;75 cm (2 pi\u00e8ces)<\/li>\n<li>Drap de lit: Non inclus<\/li>\n<li>Confort: Texture respirante et douce<\/li>\n<\/ul>\n<p><img loading=\"lazy\" decoding=\"async\" class=\"alignnone wp-image-21477\" src=\"https:\/\/aztex.ee\/wp-content\/uploads\/2024\/09\/cotton-sertifika.png\" alt=\"\" width=\"185\" height=\"63\" srcset=\"https:\/\/aztex.ee\/wp-content\/uploads\/2024\/09\/cotton-sertifika.png 250w, https:\/\/aztex.ee\/wp-content\/uploads\/2024\/09\/cotton-sertifika-150x51.png 150w\" sizes=\"auto, (max-width: 185px) 100vw, 185px\" \/><\/p>\n","protected":false},"featured_media":93056,"comment_status":"open","ping_status":"closed","template":"","meta":[],"product_brand":[],"product_cat":[498,599,107,166,379,6051],"product_tag":[],"class_list":{"0":"post-93035","1":"product","2":"type-product","3":"status-publish","4":"has-post-thumbnail","6":"product_cat-ensembles-de-literie","7":"product_cat-ensembles-de-literie-en-satin","8":"product_cat-linge-de-lit","9":"product_cat-linge-de-lit-en-coton","10":"product_cat-linge-de-lit-satin","11":"product_cat-parure-de-lit-en-coton-200x200","13":"first","14":"instock","15":"shipping-taxable","16":"purchasable","17":"product-type-simple"},"yoast_head":"<!-- This site is optimized with the Yoast SEO plugin v27.3 - https:\/\/yoast.com\/product\/yoast-seo-wordpress\/ -->\n<title>Parure de lit 200x200 cm - Jardin d\u2019argent | AZTEX<\/title>\n<meta name=\"description\" content=\"La parure de lit 200x200 est id\u00e9ale pour ceux qui appr\u00e9cient la douceur et la durabilit\u00e9. Son tissu de haute qualit\u00e9 garantit un sommeil paisible et conserve sa beaut\u00e9 m\u00eame apr\u00e8s de nombreux lavages.\" \/>\n<meta name=\"robots\" content=\"index, follow, max-snippet:-1, max-image-preview:large, max-video-preview:-1\" \/>\n<link rel=\"canonical\" href=\"https:\/\/aztex.ee\/fr\/pood\/linge-de-lit\/parure-de-lit-200x200-cm-jardin-dargent\/\" \/>\n<meta property=\"og:locale\" content=\"fr_FR\" \/>\n<meta property=\"og:type\" content=\"article\" \/>\n<meta property=\"og:title\" content=\"Parure de lit 200x200 cm - Jardin d\u2019argent | AZTEX\" \/>\n<meta property=\"og:description\" content=\"La parure de lit 200x200 est id\u00e9ale pour ceux qui appr\u00e9cient la douceur et la durabilit\u00e9. Son tissu de haute qualit\u00e9 garantit un sommeil paisible et conserve sa beaut\u00e9 m\u00eame apr\u00e8s de nombreux lavages.\" \/>\n<meta property=\"og:url\" content=\"https:\/\/aztex.ee\/fr\/pood\/linge-de-lit\/parure-de-lit-200x200-cm-jardin-dargent\/\" \/>\n<meta property=\"og:site_name\" content=\"AZTEX\" \/>\n<meta property=\"article:publisher\" content=\"https:\/\/www.facebook.com\/AztexEE\" \/>\n<meta property=\"article:modified_time\" content=\"2026-03-17T19:30:53+00:00\" \/>\n<meta property=\"og:image\" content=\"https:\/\/aztex.ee\/wp-content\/uploads\/2025\/08\/Voodipesukomplekt-200x200-cm-Hobedane-aed.jpg\" \/>\n\t<meta property=\"og:image:width\" content=\"800\" \/>\n\t<meta property=\"og:image:height\" content=\"800\" \/>\n\t<meta property=\"og:image:type\" content=\"image\/jpeg\" \/>\n<meta name=\"twitter:card\" content=\"summary_large_image\" \/>\n<meta name=\"twitter:label1\" content=\"Dur\u00e9e de lecture estim\u00e9e\" \/>\n\t<meta name=\"twitter:data1\" content=\"3 minutes\" \/>\n<script type=\"application\/ld+json\" class=\"yoast-schema-graph\">{\"@context\":\"https:\\\/\\\/schema.org\",\"@graph\":[{\"@type\":[\"WebPage\",\"ItemPage\"],\"@id\":\"https:\\\/\\\/aztex.ee\\\/fr\\\/pood\\\/linge-de-lit\\\/parure-de-lit-200x200-cm-jardin-dargent\\\/\",\"url\":\"https:\\\/\\\/aztex.ee\\\/fr\\\/pood\\\/linge-de-lit\\\/parure-de-lit-200x200-cm-jardin-dargent\\\/\",\"name\":\"Parure de lit 200x200 cm - Jardin d\u2019argent | AZTEX\",\"isPartOf\":{\"@id\":\"https:\\\/\\\/aztex.ee\\\/fr\\\/#website\"},\"primaryImageOfPage\":{\"@id\":\"https:\\\/\\\/aztex.ee\\\/fr\\\/pood\\\/linge-de-lit\\\/parure-de-lit-200x200-cm-jardin-dargent\\\/#primaryimage\"},\"image\":{\"@id\":\"https:\\\/\\\/aztex.ee\\\/fr\\\/pood\\\/linge-de-lit\\\/parure-de-lit-200x200-cm-jardin-dargent\\\/#primaryimage\"},\"thumbnailUrl\":\"https:\\\/\\\/aztex.ee\\\/wp-content\\\/uploads\\\/2025\\\/08\\\/Voodipesukomplekt-200x200-cm-Hobedane-aed.jpg\",\"datePublished\":\"2025-08-24T05:52:39+00:00\",\"dateModified\":\"2026-03-17T19:30:53+00:00\",\"description\":\"La parure de lit 200x200 est id\u00e9ale pour ceux qui appr\u00e9cient la douceur et la durabilit\u00e9. Son tissu de haute qualit\u00e9 garantit un sommeil paisible et conserve sa beaut\u00e9 m\u00eame apr\u00e8s de nombreux lavages.\",\"breadcrumb\":{\"@id\":\"https:\\\/\\\/aztex.ee\\\/fr\\\/pood\\\/linge-de-lit\\\/parure-de-lit-200x200-cm-jardin-dargent\\\/#breadcrumb\"},\"inLanguage\":\"fr-FR\",\"potentialAction\":[{\"@type\":\"ReadAction\",\"target\":[\"https:\\\/\\\/aztex.ee\\\/fr\\\/pood\\\/linge-de-lit\\\/parure-de-lit-200x200-cm-jardin-dargent\\\/\"]}]},{\"@type\":\"ImageObject\",\"inLanguage\":\"fr-FR\",\"@id\":\"https:\\\/\\\/aztex.ee\\\/fr\\\/pood\\\/linge-de-lit\\\/parure-de-lit-200x200-cm-jardin-dargent\\\/#primaryimage\",\"url\":\"https:\\\/\\\/aztex.ee\\\/wp-content\\\/uploads\\\/2025\\\/08\\\/Voodipesukomplekt-200x200-cm-Hobedane-aed.jpg\",\"contentUrl\":\"https:\\\/\\\/aztex.ee\\\/wp-content\\\/uploads\\\/2025\\\/08\\\/Voodipesukomplekt-200x200-cm-Hobedane-aed.jpg\",\"width\":800,\"height\":800,\"caption\":\"Voodipesukomplekt 200x200 cm H\u00f5bedane aed\"},{\"@type\":\"BreadcrumbList\",\"@id\":\"https:\\\/\\\/aztex.ee\\\/fr\\\/pood\\\/linge-de-lit\\\/parure-de-lit-200x200-cm-jardin-dargent\\\/#breadcrumb\",\"itemListElement\":[{\"@type\":\"ListItem\",\"position\":1,\"name\":\"Accueil\",\"item\":\"https:\\\/\\\/aztex.ee\\\/fr\\\/\"},{\"@type\":\"ListItem\",\"position\":2,\"name\":\"Boutique\",\"item\":\"https:\\\/\\\/aztex.ee\\\/fr\\\/boutique\\\/\"},{\"@type\":\"ListItem\",\"position\":3,\"name\":\"Parure de lit 200&#215;200 | Jardin d\u2019argent\"}]},{\"@type\":\"WebSite\",\"@id\":\"https:\\\/\\\/aztex.ee\\\/fr\\\/#website\",\"url\":\"https:\\\/\\\/aztex.ee\\\/fr\\\/\",\"name\":\"AZTEX\",\"description\":\"\",\"publisher\":{\"@id\":\"https:\\\/\\\/aztex.ee\\\/fr\\\/#organization\"},\"potentialAction\":[{\"@type\":\"SearchAction\",\"target\":{\"@type\":\"EntryPoint\",\"urlTemplate\":\"https:\\\/\\\/aztex.ee\\\/fr\\\/?s={search_term_string}\"},\"query-input\":{\"@type\":\"PropertyValueSpecification\",\"valueRequired\":true,\"valueName\":\"search_term_string\"}}],\"inLanguage\":\"fr-FR\"},{\"@type\":\"Organization\",\"@id\":\"https:\\\/\\\/aztex.ee\\\/fr\\\/#organization\",\"name\":\"AZTEX\",\"url\":\"https:\\\/\\\/aztex.ee\\\/fr\\\/\",\"logo\":{\"@type\":\"ImageObject\",\"inLanguage\":\"fr-FR\",\"@id\":\"https:\\\/\\\/aztex.ee\\\/fr\\\/#\\\/schema\\\/logo\\\/image\\\/\",\"url\":\"https:\\\/\\\/aztex.ee\\\/wp-content\\\/uploads\\\/2026\\\/01\\\/AZTEX.png\",\"contentUrl\":\"https:\\\/\\\/aztex.ee\\\/wp-content\\\/uploads\\\/2026\\\/01\\\/AZTEX.png\",\"width\":500,\"height\":500,\"caption\":\"AZTEX\"},\"image\":{\"@id\":\"https:\\\/\\\/aztex.ee\\\/fr\\\/#\\\/schema\\\/logo\\\/image\\\/\"},\"sameAs\":[\"https:\\\/\\\/www.facebook.com\\\/AztexEE\",\"https:\\\/\\\/www.instagram.com\\\/aztexeesti\\\/\",\"https:\\\/\\\/www.youtube.com\\\/@AZTEXEE\",\"https:\\\/\\\/www.pinterest.com\\\/aztex_eesti\\\/\",\"https:\\\/\\\/www.tiktok.com\\\/@aztexeesti\",\"https:\\\/\\\/www.trustpilot.com\\\/review\\\/aztex.ee\",\"https:\\\/\\\/www.linkedin.com\\\/company\\\/aztex-ee\\\/\",\"https:\\\/\\\/www.wikidata.org\\\/wiki\\\/Q137560182\"]}]}<\/script>\n<!-- \/ Yoast SEO plugin. -->","yoast_head_json":{"title":"Parure de lit 200x200 cm - Jardin d\u2019argent | AZTEX","description":"La parure de lit 200x200 est id\u00e9ale pour ceux qui appr\u00e9cient la douceur et la durabilit\u00e9. Son tissu de haute qualit\u00e9 garantit un sommeil paisible et conserve sa beaut\u00e9 m\u00eame apr\u00e8s de nombreux lavages.","robots":{"index":"index","follow":"follow","max-snippet":"max-snippet:-1","max-image-preview":"max-image-preview:large","max-video-preview":"max-video-preview:-1"},"canonical":"https:\/\/aztex.ee\/fr\/pood\/linge-de-lit\/parure-de-lit-200x200-cm-jardin-dargent\/","og_locale":"fr_FR","og_type":"article","og_title":"Parure de lit 200x200 cm - Jardin d\u2019argent | AZTEX","og_description":"La parure de lit 200x200 est id\u00e9ale pour ceux qui appr\u00e9cient la douceur et la durabilit\u00e9. Son tissu de haute qualit\u00e9 garantit un sommeil paisible et conserve sa beaut\u00e9 m\u00eame apr\u00e8s de nombreux lavages.","og_url":"https:\/\/aztex.ee\/fr\/pood\/linge-de-lit\/parure-de-lit-200x200-cm-jardin-dargent\/","og_site_name":"AZTEX","article_publisher":"https:\/\/www.facebook.com\/AztexEE","article_modified_time":"2026-03-17T19:30:53+00:00","og_image":[{"width":800,"height":800,"url":"https:\/\/aztex.ee\/wp-content\/uploads\/2025\/08\/Voodipesukomplekt-200x200-cm-Hobedane-aed.jpg","type":"image\/jpeg"}],"twitter_card":"summary_large_image","twitter_misc":{"Dur\u00e9e de lecture estim\u00e9e":"3 minutes"},"schema":{"@context":"https:\/\/schema.org","@graph":[{"@type":["WebPage","ItemPage"],"@id":"https:\/\/aztex.ee\/fr\/pood\/linge-de-lit\/parure-de-lit-200x200-cm-jardin-dargent\/","url":"https:\/\/aztex.ee\/fr\/pood\/linge-de-lit\/parure-de-lit-200x200-cm-jardin-dargent\/","name":"Parure de lit 200x200 cm - Jardin d\u2019argent | AZTEX","isPartOf":{"@id":"https:\/\/aztex.ee\/fr\/#website"},"primaryImageOfPage":{"@id":"https:\/\/aztex.ee\/fr\/pood\/linge-de-lit\/parure-de-lit-200x200-cm-jardin-dargent\/#primaryimage"},"image":{"@id":"https:\/\/aztex.ee\/fr\/pood\/linge-de-lit\/parure-de-lit-200x200-cm-jardin-dargent\/#primaryimage"},"thumbnailUrl":"https:\/\/aztex.ee\/wp-content\/uploads\/2025\/08\/Voodipesukomplekt-200x200-cm-Hobedane-aed.jpg","datePublished":"2025-08-24T05:52:39+00:00","dateModified":"2026-03-17T19:30:53+00:00","description":"La parure de lit 200x200 est id\u00e9ale pour ceux qui appr\u00e9cient la douceur et la durabilit\u00e9. Son tissu de haute qualit\u00e9 garantit un sommeil paisible et conserve sa beaut\u00e9 m\u00eame apr\u00e8s de nombreux lavages.","breadcrumb":{"@id":"https:\/\/aztex.ee\/fr\/pood\/linge-de-lit\/parure-de-lit-200x200-cm-jardin-dargent\/#breadcrumb"},"inLanguage":"fr-FR","potentialAction":[{"@type":"ReadAction","target":["https:\/\/aztex.ee\/fr\/pood\/linge-de-lit\/parure-de-lit-200x200-cm-jardin-dargent\/"]}]},{"@type":"ImageObject","inLanguage":"fr-FR","@id":"https:\/\/aztex.ee\/fr\/pood\/linge-de-lit\/parure-de-lit-200x200-cm-jardin-dargent\/#primaryimage","url":"https:\/\/aztex.ee\/wp-content\/uploads\/2025\/08\/Voodipesukomplekt-200x200-cm-Hobedane-aed.jpg","contentUrl":"https:\/\/aztex.ee\/wp-content\/uploads\/2025\/08\/Voodipesukomplekt-200x200-cm-Hobedane-aed.jpg","width":800,"height":800,"caption":"Voodipesukomplekt 200x200 cm H\u00f5bedane aed"},{"@type":"BreadcrumbList","@id":"https:\/\/aztex.ee\/fr\/pood\/linge-de-lit\/parure-de-lit-200x200-cm-jardin-dargent\/#breadcrumb","itemListElement":[{"@type":"ListItem","position":1,"name":"Accueil","item":"https:\/\/aztex.ee\/fr\/"},{"@type":"ListItem","position":2,"name":"Boutique","item":"https:\/\/aztex.ee\/fr\/boutique\/"},{"@type":"ListItem","position":3,"name":"Parure de lit 200&#215;200 | Jardin d\u2019argent"}]},{"@type":"WebSite","@id":"https:\/\/aztex.ee\/fr\/#website","url":"https:\/\/aztex.ee\/fr\/","name":"AZTEX","description":"","publisher":{"@id":"https:\/\/aztex.ee\/fr\/#organization"},"potentialAction":[{"@type":"SearchAction","target":{"@type":"EntryPoint","urlTemplate":"https:\/\/aztex.ee\/fr\/?s={search_term_string}"},"query-input":{"@type":"PropertyValueSpecification","valueRequired":true,"valueName":"search_term_string"}}],"inLanguage":"fr-FR"},{"@type":"Organization","@id":"https:\/\/aztex.ee\/fr\/#organization","name":"AZTEX","url":"https:\/\/aztex.ee\/fr\/","logo":{"@type":"ImageObject","inLanguage":"fr-FR","@id":"https:\/\/aztex.ee\/fr\/#\/schema\/logo\/image\/","url":"https:\/\/aztex.ee\/wp-content\/uploads\/2026\/01\/AZTEX.png","contentUrl":"https:\/\/aztex.ee\/wp-content\/uploads\/2026\/01\/AZTEX.png","width":500,"height":500,"caption":"AZTEX"},"image":{"@id":"https:\/\/aztex.ee\/fr\/#\/schema\/logo\/image\/"},"sameAs":["https:\/\/www.facebook.com\/AztexEE","https:\/\/www.instagram.com\/aztexeesti\/","https:\/\/www.youtube.com\/@AZTEXEE","https:\/\/www.pinterest.com\/aztex_eesti\/","https:\/\/www.tiktok.com\/@aztexeesti","https:\/\/www.trustpilot.com\/review\/aztex.ee","https:\/\/www.linkedin.com\/company\/aztex-ee\/","https:\/\/www.wikidata.org\/wiki\/Q137560182"]}]}},"_links":{"self":[{"href":"https:\/\/aztex.ee\/fr\/wp-json\/wp\/v2\/product\/93035","targetHints":{"allow":["GET"]}}],"collection":[{"href":"https:\/\/aztex.ee\/fr\/wp-json\/wp\/v2\/product"}],"about":[{"href":"https:\/\/aztex.ee\/fr\/wp-json\/wp\/v2\/types\/product"}],"replies":[{"embeddable":true,"href":"https:\/\/aztex.ee\/fr\/wp-json\/wp\/v2\/comments?post=93035"}],"version-history":[{"count":0,"href":"https:\/\/aztex.ee\/fr\/wp-json\/wp\/v2\/product\/93035\/revisions"}],"wp:featuredmedia":[{"embeddable":true,"href":"https:\/\/aztex.ee\/fr\/wp-json\/wp\/v2\/media\/93056"}],"wp:attachment":[{"href":"https:\/\/aztex.ee\/fr\/wp-json\/wp\/v2\/media?parent=93035"}],"wp:term":[{"taxonomy":"product_brand","embeddable":true,"href":"https:\/\/aztex.ee\/fr\/wp-json\/wp\/v2\/product_brand?post=93035"},{"taxonomy":"product_cat","embeddable":true,"href":"https:\/\/aztex.ee\/fr\/wp-json\/wp\/v2\/product_cat?post=93035"},{"taxonomy":"product_tag","embeddable":true,"href":"https:\/\/aztex.ee\/fr\/wp-json\/wp\/v2\/product_tag?post=93035"}],"curies":[{"name":"wp","href":"https:\/\/api.w.org\/{rel}","templated":true}]}}