{"id":92513,"date":"2025-08-19T22:48:27","date_gmt":"2025-08-19T22:48:27","guid":{"rendered":"https:\/\/aztex.ee\/?post_type=product&#038;p=92513"},"modified":"2026-01-14T15:27:33","modified_gmt":"2026-01-14T15:27:33","slug":"taie-doreiller-en-chanvre-rouge-bordeaux","status":"publish","type":"product","link":"https:\/\/aztex.ee\/fr\/pood\/taies-doreiller-en-chanvre\/taie-doreiller-en-chanvre-rouge-bordeaux\/","title":{"rendered":"Taie d&rsquo;oreiller en chanvre | Rouge bordeaux"},"content":{"rendered":"<p>La taie d&rsquo;oreiller en chanvre ajoute un aspect luxueux et moderne \u00e0 n&rsquo;importe quelle chambre gr\u00e2ce au caract\u00e8re naturel du chanvre. Ce mat\u00e9riau offre durabilit\u00e9 et long\u00e9vit\u00e9 \u00e0 la taie d&rsquo;oreiller, ce qui en fait un excellent choix pour ceux qui pr\u00e9f\u00e8rent un mode de vie respectueux de l&rsquo;environnement.<\/p>\n<p>L&rsquo;utilisation d&rsquo;une taie d&rsquo;oreiller en chanvre favorise un bon sommeil et am\u00e9liore le bien-\u00eatre g\u00e9n\u00e9ral. Les propri\u00e9t\u00e9s antibact\u00e9riennes et antiallergiques du chanvre en font un choix id\u00e9al pour les personnes allergiques et asthmatiques, car le chanvre repousse les bact\u00e9ries et garde la taie d&rsquo;oreiller propre plus longtemps.<\/p>\n","protected":false},"excerpt":{"rendered":"<p>La taie d&rsquo;oreiller en chanvre est un choix durable, respirant et doux pour la peau pour un sommeil confortable.<\/p>\n<ul>\n<li>Couleur: Rouge bordeaux<\/li>\n<li>Mat\u00e9riau: 100% Chanvre, 180 g\/m2<\/li>\n<\/ul>\n<p><img loading=\"lazy\" decoding=\"async\" class=\"alignnone size-full wp-image-20226\" src=\"https:\/\/aztex.ee\/wp-content\/uploads\/2024\/09\/oekotex100.png\" alt=\"\" width=\"204\" height=\"72\" srcset=\"https:\/\/aztex.ee\/wp-content\/uploads\/2024\/09\/oekotex100.png 204w, https:\/\/aztex.ee\/wp-content\/uploads\/2024\/09\/oekotex100-150x53.png 150w\" sizes=\"auto, (max-width: 204px) 100vw, 204px\" \/><img loading=\"lazy\" decoding=\"async\" class=\"alignnone wp-image-20896\" src=\"https:\/\/aztex.ee\/wp-content\/uploads\/2024\/09\/NATURALHEMP.png\" alt=\"\" width=\"79\" height=\"79\" srcset=\"https:\/\/aztex.ee\/wp-content\/uploads\/2024\/09\/NATURALHEMP.png 300w, https:\/\/aztex.ee\/wp-content\/uploads\/2024\/09\/NATURALHEMP-150x150.png 150w\" sizes=\"auto, (max-width: 79px) 100vw, 79px\" \/><\/p>\n","protected":false},"featured_media":92590,"comment_status":"open","ping_status":"closed","template":"","meta":[],"product_brand":[],"product_cat":[1773,458],"product_tag":[],"class_list":{"0":"post-92513","1":"product","2":"type-product","3":"status-publish","4":"has-post-thumbnail","6":"product_cat-taies-doreiller","7":"product_cat-taies-doreiller-en-chanvre","9":"first","10":"instock","11":"shipping-taxable","12":"purchasable","13":"product-type-variable"},"yoast_head":"<!-- This site is optimized with the Yoast SEO plugin v27.3 - https:\/\/yoast.com\/product\/yoast-seo-wordpress\/ -->\n<title>Taie d&#039;oreiller en chanvre biologique - Rouge bordeaux | AZTEX<\/title>\n<meta name=\"description\" content=\"La taie d&#039;oreiller en chanvre est naturelle, douce, respirante et durable. Elle apporte \u00e9l\u00e9gance et confort naturel \u00e0 la chambre, pour un sommeil r\u00e9parateur.\" \/>\n<meta name=\"robots\" content=\"index, follow, max-snippet:-1, max-image-preview:large, max-video-preview:-1\" \/>\n<link rel=\"canonical\" href=\"https:\/\/aztex.ee\/fr\/pood\/taies-doreiller-en-chanvre\/taie-doreiller-en-chanvre-rouge-bordeaux\/\" \/>\n<meta property=\"og:locale\" content=\"fr_FR\" \/>\n<meta property=\"og:type\" content=\"article\" \/>\n<meta property=\"og:title\" content=\"Taie d&#039;oreiller en chanvre biologique - Rouge bordeaux | AZTEX\" \/>\n<meta property=\"og:description\" content=\"La taie d&#039;oreiller en chanvre est naturelle, douce, respirante et durable. Elle apporte \u00e9l\u00e9gance et confort naturel \u00e0 la chambre, pour un sommeil r\u00e9parateur.\" \/>\n<meta property=\"og:url\" content=\"https:\/\/aztex.ee\/fr\/pood\/taies-doreiller-en-chanvre\/taie-doreiller-en-chanvre-rouge-bordeaux\/\" \/>\n<meta property=\"og:site_name\" content=\"AZTEX\" \/>\n<meta property=\"article:publisher\" content=\"https:\/\/www.facebook.com\/AztexEE\" \/>\n<meta property=\"article:modified_time\" content=\"2026-01-14T15:27:33+00:00\" \/>\n<meta property=\"og:image\" content=\"https:\/\/aztex.ee\/wp-content\/uploads\/2025\/08\/Kanepist-padjapuur-Burgundia.jpg\" \/>\n\t<meta property=\"og:image:width\" content=\"800\" \/>\n\t<meta property=\"og:image:height\" content=\"800\" \/>\n\t<meta property=\"og:image:type\" content=\"image\/jpeg\" \/>\n<meta name=\"twitter:card\" content=\"summary_large_image\" \/>\n<meta name=\"twitter:label1\" content=\"Dur\u00e9e de lecture estim\u00e9e\" \/>\n\t<meta name=\"twitter:data1\" content=\"1 minute\" \/>\n<script type=\"application\/ld+json\" class=\"yoast-schema-graph\">{\"@context\":\"https:\\\/\\\/schema.org\",\"@graph\":[{\"@type\":[\"WebPage\",\"ItemPage\"],\"@id\":\"https:\\\/\\\/aztex.ee\\\/fr\\\/pood\\\/taies-doreiller-en-chanvre\\\/taie-doreiller-en-chanvre-rouge-bordeaux\\\/\",\"url\":\"https:\\\/\\\/aztex.ee\\\/fr\\\/pood\\\/taies-doreiller-en-chanvre\\\/taie-doreiller-en-chanvre-rouge-bordeaux\\\/\",\"name\":\"Taie d'oreiller en chanvre biologique - Rouge bordeaux | AZTEX\",\"isPartOf\":{\"@id\":\"https:\\\/\\\/aztex.ee\\\/fr\\\/#website\"},\"primaryImageOfPage\":{\"@id\":\"https:\\\/\\\/aztex.ee\\\/fr\\\/pood\\\/taies-doreiller-en-chanvre\\\/taie-doreiller-en-chanvre-rouge-bordeaux\\\/#primaryimage\"},\"image\":{\"@id\":\"https:\\\/\\\/aztex.ee\\\/fr\\\/pood\\\/taies-doreiller-en-chanvre\\\/taie-doreiller-en-chanvre-rouge-bordeaux\\\/#primaryimage\"},\"thumbnailUrl\":\"https:\\\/\\\/aztex.ee\\\/wp-content\\\/uploads\\\/2025\\\/08\\\/Kanepist-padjapuur-Burgundia.jpg\",\"datePublished\":\"2025-08-19T22:48:27+00:00\",\"dateModified\":\"2026-01-14T15:27:33+00:00\",\"description\":\"La taie d'oreiller en chanvre est naturelle, douce, respirante et durable. Elle apporte \u00e9l\u00e9gance et confort naturel \u00e0 la chambre, pour un sommeil r\u00e9parateur.\",\"breadcrumb\":{\"@id\":\"https:\\\/\\\/aztex.ee\\\/fr\\\/pood\\\/taies-doreiller-en-chanvre\\\/taie-doreiller-en-chanvre-rouge-bordeaux\\\/#breadcrumb\"},\"inLanguage\":\"fr-FR\",\"potentialAction\":[{\"@type\":\"ReadAction\",\"target\":[\"https:\\\/\\\/aztex.ee\\\/fr\\\/pood\\\/taies-doreiller-en-chanvre\\\/taie-doreiller-en-chanvre-rouge-bordeaux\\\/\"]}]},{\"@type\":\"ImageObject\",\"inLanguage\":\"fr-FR\",\"@id\":\"https:\\\/\\\/aztex.ee\\\/fr\\\/pood\\\/taies-doreiller-en-chanvre\\\/taie-doreiller-en-chanvre-rouge-bordeaux\\\/#primaryimage\",\"url\":\"https:\\\/\\\/aztex.ee\\\/wp-content\\\/uploads\\\/2025\\\/08\\\/Kanepist-padjapuur-Burgundia.jpg\",\"contentUrl\":\"https:\\\/\\\/aztex.ee\\\/wp-content\\\/uploads\\\/2025\\\/08\\\/Kanepist-padjapuur-Burgundia.jpg\",\"width\":800,\"height\":800,\"caption\":\"Kanepist padjap\u00fc\u00fcr Burgundia\"},{\"@type\":\"BreadcrumbList\",\"@id\":\"https:\\\/\\\/aztex.ee\\\/fr\\\/pood\\\/taies-doreiller-en-chanvre\\\/taie-doreiller-en-chanvre-rouge-bordeaux\\\/#breadcrumb\",\"itemListElement\":[{\"@type\":\"ListItem\",\"position\":1,\"name\":\"Accueil\",\"item\":\"https:\\\/\\\/aztex.ee\\\/fr\\\/\"},{\"@type\":\"ListItem\",\"position\":2,\"name\":\"Boutique\",\"item\":\"https:\\\/\\\/aztex.ee\\\/fr\\\/boutique\\\/\"},{\"@type\":\"ListItem\",\"position\":3,\"name\":\"Taie d&rsquo;oreiller en chanvre | Rouge bordeaux\"}]},{\"@type\":\"WebSite\",\"@id\":\"https:\\\/\\\/aztex.ee\\\/fr\\\/#website\",\"url\":\"https:\\\/\\\/aztex.ee\\\/fr\\\/\",\"name\":\"AZTEX\",\"description\":\"\",\"publisher\":{\"@id\":\"https:\\\/\\\/aztex.ee\\\/fr\\\/#organization\"},\"potentialAction\":[{\"@type\":\"SearchAction\",\"target\":{\"@type\":\"EntryPoint\",\"urlTemplate\":\"https:\\\/\\\/aztex.ee\\\/fr\\\/?s={search_term_string}\"},\"query-input\":{\"@type\":\"PropertyValueSpecification\",\"valueRequired\":true,\"valueName\":\"search_term_string\"}}],\"inLanguage\":\"fr-FR\"},{\"@type\":\"Organization\",\"@id\":\"https:\\\/\\\/aztex.ee\\\/fr\\\/#organization\",\"name\":\"AZTEX\",\"url\":\"https:\\\/\\\/aztex.ee\\\/fr\\\/\",\"logo\":{\"@type\":\"ImageObject\",\"inLanguage\":\"fr-FR\",\"@id\":\"https:\\\/\\\/aztex.ee\\\/fr\\\/#\\\/schema\\\/logo\\\/image\\\/\",\"url\":\"https:\\\/\\\/aztex.ee\\\/wp-content\\\/uploads\\\/2026\\\/01\\\/AZTEX.png\",\"contentUrl\":\"https:\\\/\\\/aztex.ee\\\/wp-content\\\/uploads\\\/2026\\\/01\\\/AZTEX.png\",\"width\":500,\"height\":500,\"caption\":\"AZTEX\"},\"image\":{\"@id\":\"https:\\\/\\\/aztex.ee\\\/fr\\\/#\\\/schema\\\/logo\\\/image\\\/\"},\"sameAs\":[\"https:\\\/\\\/www.facebook.com\\\/AztexEE\",\"https:\\\/\\\/www.instagram.com\\\/aztexeesti\\\/\",\"https:\\\/\\\/www.youtube.com\\\/@AZTEXEE\",\"https:\\\/\\\/www.pinterest.com\\\/aztex_eesti\\\/\",\"https:\\\/\\\/www.tiktok.com\\\/@aztexeesti\",\"https:\\\/\\\/www.trustpilot.com\\\/review\\\/aztex.ee\",\"https:\\\/\\\/www.linkedin.com\\\/company\\\/aztex-ee\\\/\",\"https:\\\/\\\/www.wikidata.org\\\/wiki\\\/Q137560182\"]}]}<\/script>\n<!-- \/ Yoast SEO plugin. -->","yoast_head_json":{"title":"Taie d'oreiller en chanvre biologique - Rouge bordeaux | AZTEX","description":"La taie d'oreiller en chanvre est naturelle, douce, respirante et durable. Elle apporte \u00e9l\u00e9gance et confort naturel \u00e0 la chambre, pour un sommeil r\u00e9parateur.","robots":{"index":"index","follow":"follow","max-snippet":"max-snippet:-1","max-image-preview":"max-image-preview:large","max-video-preview":"max-video-preview:-1"},"canonical":"https:\/\/aztex.ee\/fr\/pood\/taies-doreiller-en-chanvre\/taie-doreiller-en-chanvre-rouge-bordeaux\/","og_locale":"fr_FR","og_type":"article","og_title":"Taie d'oreiller en chanvre biologique - Rouge bordeaux | AZTEX","og_description":"La taie d'oreiller en chanvre est naturelle, douce, respirante et durable. Elle apporte \u00e9l\u00e9gance et confort naturel \u00e0 la chambre, pour un sommeil r\u00e9parateur.","og_url":"https:\/\/aztex.ee\/fr\/pood\/taies-doreiller-en-chanvre\/taie-doreiller-en-chanvre-rouge-bordeaux\/","og_site_name":"AZTEX","article_publisher":"https:\/\/www.facebook.com\/AztexEE","article_modified_time":"2026-01-14T15:27:33+00:00","og_image":[{"width":800,"height":800,"url":"https:\/\/aztex.ee\/wp-content\/uploads\/2025\/08\/Kanepist-padjapuur-Burgundia.jpg","type":"image\/jpeg"}],"twitter_card":"summary_large_image","twitter_misc":{"Dur\u00e9e de lecture estim\u00e9e":"1 minute"},"schema":{"@context":"https:\/\/schema.org","@graph":[{"@type":["WebPage","ItemPage"],"@id":"https:\/\/aztex.ee\/fr\/pood\/taies-doreiller-en-chanvre\/taie-doreiller-en-chanvre-rouge-bordeaux\/","url":"https:\/\/aztex.ee\/fr\/pood\/taies-doreiller-en-chanvre\/taie-doreiller-en-chanvre-rouge-bordeaux\/","name":"Taie d'oreiller en chanvre biologique - Rouge bordeaux | AZTEX","isPartOf":{"@id":"https:\/\/aztex.ee\/fr\/#website"},"primaryImageOfPage":{"@id":"https:\/\/aztex.ee\/fr\/pood\/taies-doreiller-en-chanvre\/taie-doreiller-en-chanvre-rouge-bordeaux\/#primaryimage"},"image":{"@id":"https:\/\/aztex.ee\/fr\/pood\/taies-doreiller-en-chanvre\/taie-doreiller-en-chanvre-rouge-bordeaux\/#primaryimage"},"thumbnailUrl":"https:\/\/aztex.ee\/wp-content\/uploads\/2025\/08\/Kanepist-padjapuur-Burgundia.jpg","datePublished":"2025-08-19T22:48:27+00:00","dateModified":"2026-01-14T15:27:33+00:00","description":"La taie d'oreiller en chanvre est naturelle, douce, respirante et durable. Elle apporte \u00e9l\u00e9gance et confort naturel \u00e0 la chambre, pour un sommeil r\u00e9parateur.","breadcrumb":{"@id":"https:\/\/aztex.ee\/fr\/pood\/taies-doreiller-en-chanvre\/taie-doreiller-en-chanvre-rouge-bordeaux\/#breadcrumb"},"inLanguage":"fr-FR","potentialAction":[{"@type":"ReadAction","target":["https:\/\/aztex.ee\/fr\/pood\/taies-doreiller-en-chanvre\/taie-doreiller-en-chanvre-rouge-bordeaux\/"]}]},{"@type":"ImageObject","inLanguage":"fr-FR","@id":"https:\/\/aztex.ee\/fr\/pood\/taies-doreiller-en-chanvre\/taie-doreiller-en-chanvre-rouge-bordeaux\/#primaryimage","url":"https:\/\/aztex.ee\/wp-content\/uploads\/2025\/08\/Kanepist-padjapuur-Burgundia.jpg","contentUrl":"https:\/\/aztex.ee\/wp-content\/uploads\/2025\/08\/Kanepist-padjapuur-Burgundia.jpg","width":800,"height":800,"caption":"Kanepist padjap\u00fc\u00fcr Burgundia"},{"@type":"BreadcrumbList","@id":"https:\/\/aztex.ee\/fr\/pood\/taies-doreiller-en-chanvre\/taie-doreiller-en-chanvre-rouge-bordeaux\/#breadcrumb","itemListElement":[{"@type":"ListItem","position":1,"name":"Accueil","item":"https:\/\/aztex.ee\/fr\/"},{"@type":"ListItem","position":2,"name":"Boutique","item":"https:\/\/aztex.ee\/fr\/boutique\/"},{"@type":"ListItem","position":3,"name":"Taie d&rsquo;oreiller en chanvre | Rouge bordeaux"}]},{"@type":"WebSite","@id":"https:\/\/aztex.ee\/fr\/#website","url":"https:\/\/aztex.ee\/fr\/","name":"AZTEX","description":"","publisher":{"@id":"https:\/\/aztex.ee\/fr\/#organization"},"potentialAction":[{"@type":"SearchAction","target":{"@type":"EntryPoint","urlTemplate":"https:\/\/aztex.ee\/fr\/?s={search_term_string}"},"query-input":{"@type":"PropertyValueSpecification","valueRequired":true,"valueName":"search_term_string"}}],"inLanguage":"fr-FR"},{"@type":"Organization","@id":"https:\/\/aztex.ee\/fr\/#organization","name":"AZTEX","url":"https:\/\/aztex.ee\/fr\/","logo":{"@type":"ImageObject","inLanguage":"fr-FR","@id":"https:\/\/aztex.ee\/fr\/#\/schema\/logo\/image\/","url":"https:\/\/aztex.ee\/wp-content\/uploads\/2026\/01\/AZTEX.png","contentUrl":"https:\/\/aztex.ee\/wp-content\/uploads\/2026\/01\/AZTEX.png","width":500,"height":500,"caption":"AZTEX"},"image":{"@id":"https:\/\/aztex.ee\/fr\/#\/schema\/logo\/image\/"},"sameAs":["https:\/\/www.facebook.com\/AztexEE","https:\/\/www.instagram.com\/aztexeesti\/","https:\/\/www.youtube.com\/@AZTEXEE","https:\/\/www.pinterest.com\/aztex_eesti\/","https:\/\/www.tiktok.com\/@aztexeesti","https:\/\/www.trustpilot.com\/review\/aztex.ee","https:\/\/www.linkedin.com\/company\/aztex-ee\/","https:\/\/www.wikidata.org\/wiki\/Q137560182"]}]}},"_links":{"self":[{"href":"https:\/\/aztex.ee\/fr\/wp-json\/wp\/v2\/product\/92513","targetHints":{"allow":["GET"]}}],"collection":[{"href":"https:\/\/aztex.ee\/fr\/wp-json\/wp\/v2\/product"}],"about":[{"href":"https:\/\/aztex.ee\/fr\/wp-json\/wp\/v2\/types\/product"}],"replies":[{"embeddable":true,"href":"https:\/\/aztex.ee\/fr\/wp-json\/wp\/v2\/comments?post=92513"}],"version-history":[{"count":0,"href":"https:\/\/aztex.ee\/fr\/wp-json\/wp\/v2\/product\/92513\/revisions"}],"wp:featuredmedia":[{"embeddable":true,"href":"https:\/\/aztex.ee\/fr\/wp-json\/wp\/v2\/media\/92590"}],"wp:attachment":[{"href":"https:\/\/aztex.ee\/fr\/wp-json\/wp\/v2\/media?parent=92513"}],"wp:term":[{"taxonomy":"product_brand","embeddable":true,"href":"https:\/\/aztex.ee\/fr\/wp-json\/wp\/v2\/product_brand?post=92513"},{"taxonomy":"product_cat","embeddable":true,"href":"https:\/\/aztex.ee\/fr\/wp-json\/wp\/v2\/product_cat?post=92513"},{"taxonomy":"product_tag","embeddable":true,"href":"https:\/\/aztex.ee\/fr\/wp-json\/wp\/v2\/product_tag?post=92513"}],"curies":[{"name":"wp","href":"https:\/\/api.w.org\/{rel}","templated":true}]}}