{"id":92265,"date":"2025-08-18T22:36:45","date_gmt":"2025-08-18T22:36:45","guid":{"rendered":"https:\/\/aztex.ee\/?post_type=product&#038;p=92265"},"modified":"2026-01-29T17:35:30","modified_gmt":"2026-01-29T17:35:30","slug":"drap-en-chanvre-rouge-bordeaux","status":"publish","type":"product","link":"https:\/\/aztex.ee\/fr\/pood\/draps-de-lit-en-chanvre\/drap-en-chanvre-rouge-bordeaux\/","title":{"rendered":"Drap en chanvre | Rouge bordeaux"},"content":{"rendered":"<p>Le drap plat en chanvre est le choix parfait qui allie praticit\u00e9, durabilit\u00e9 et style dans n&rsquo;importe quelle chambre. La texture naturelle et la couleur neutre du tissu en chanvre cr\u00e9ent une atmosph\u00e8re \u00e9l\u00e9gante et rustique qui compl\u00e8te divers styles d&rsquo;int\u00e9rieur. En plus du confort, le drap de lit en chanvre est \u00e9galement hypoallerg\u00e9nique et antibact\u00e9rien, offrant un sommeil respirant et sain tout au long de la nuit.<\/p>\n<p>La literie en chanvre est facile \u00e0 entretenir &#8211; elle est lavable en machine et conserve sa qualit\u00e9 m\u00eame apr\u00e8s de nombreux lavages. Les fibres de chanvre s\u00e8chent rapidement, ce qui est une caract\u00e9ristique id\u00e9ale pour ceux qui appr\u00e9cient la praticit\u00e9 et le confort. De plus, le chanvre est un mat\u00e9riau respectueux de l&rsquo;environnement car sa culture est respectueuse de l&rsquo;environnement et durable, ce qui fait du linge de lit en chanvre un choix \u00e9cologique et respectueux de la nature.<\/p>\n","protected":false},"excerpt":{"rendered":"<p>Le drap 100% chanvre est hypoallerg\u00e9nique et antibact\u00e9rien.<\/p>\n<ul>\n<li>Couleur: Rouge bordeaux<\/li>\n<li>Mat\u00e9riau: 100% Chanvre, 180 g\/m2<\/li>\n<li>Taille: 220\u00d7240 cm<\/li>\n<\/ul>\n<p><img loading=\"lazy\" decoding=\"async\" class=\"alignnone size-full wp-image-20226\" src=\"https:\/\/aztex.ee\/wp-content\/uploads\/2024\/09\/oekotex100.png\" alt=\"\" width=\"204\" height=\"72\" srcset=\"https:\/\/aztex.ee\/wp-content\/uploads\/2024\/09\/oekotex100.png 204w, https:\/\/aztex.ee\/wp-content\/uploads\/2024\/09\/oekotex100-150x53.png 150w\" sizes=\"auto, (max-width: 204px) 100vw, 204px\" \/><img loading=\"lazy\" decoding=\"async\" class=\"alignnone wp-image-20896\" src=\"https:\/\/aztex.ee\/wp-content\/uploads\/2024\/09\/NATURALHEMP.png\" alt=\"\" width=\"79\" height=\"79\" srcset=\"https:\/\/aztex.ee\/wp-content\/uploads\/2024\/09\/NATURALHEMP.png 300w, https:\/\/aztex.ee\/wp-content\/uploads\/2024\/09\/NATURALHEMP-150x150.png 150w\" sizes=\"auto, (max-width: 79px) 100vw, 79px\" \/><\/p>\n","protected":false},"featured_media":92286,"comment_status":"open","ping_status":"closed","template":"","meta":[],"product_brand":[],"product_cat":[440,1795],"product_tag":[],"class_list":{"0":"post-92265","1":"product","2":"type-product","3":"status-publish","4":"has-post-thumbnail","6":"product_cat-draps-de-lit-en-chanvre","7":"product_cat-draps-housse-et-draps","9":"first","10":"instock","11":"shipping-taxable","12":"purchasable","13":"product-type-simple"},"yoast_head":"<!-- This site is optimized with the Yoast SEO plugin v27.3 - https:\/\/yoast.com\/product\/yoast-seo-wordpress\/ -->\n<title>Drap de lit en chanvre naturel - Rouge bordeaux | AZTEX<\/title>\n<meta name=\"description\" content=\"Les draps en chanvre sont doux, respirants, durables et naturels. Apportez confort, style et une touche \u00e9cologique \u00e0 votre chambre et profitez d&#039;un sommeil paisible et de qualit\u00e9.\" \/>\n<meta name=\"robots\" content=\"index, follow, max-snippet:-1, max-image-preview:large, max-video-preview:-1\" \/>\n<link rel=\"canonical\" href=\"https:\/\/aztex.ee\/fr\/pood\/draps-de-lit-en-chanvre\/drap-en-chanvre-rouge-bordeaux\/\" \/>\n<meta property=\"og:locale\" content=\"fr_FR\" \/>\n<meta property=\"og:type\" content=\"article\" \/>\n<meta property=\"og:title\" content=\"Drap de lit en chanvre naturel - Rouge bordeaux | AZTEX\" \/>\n<meta property=\"og:description\" content=\"Les draps en chanvre sont doux, respirants, durables et naturels. Apportez confort, style et une touche \u00e9cologique \u00e0 votre chambre et profitez d&#039;un sommeil paisible et de qualit\u00e9.\" \/>\n<meta property=\"og:url\" content=\"https:\/\/aztex.ee\/fr\/pood\/draps-de-lit-en-chanvre\/drap-en-chanvre-rouge-bordeaux\/\" \/>\n<meta property=\"og:site_name\" content=\"AZTEX\" \/>\n<meta property=\"article:publisher\" content=\"https:\/\/www.facebook.com\/AztexEE\" \/>\n<meta property=\"article:modified_time\" content=\"2026-01-29T17:35:30+00:00\" \/>\n<meta property=\"og:image\" content=\"https:\/\/aztex.ee\/wp-content\/uploads\/2025\/08\/Kanepist-voodilina-Burgundia.jpg\" \/>\n\t<meta property=\"og:image:width\" content=\"800\" \/>\n\t<meta property=\"og:image:height\" content=\"800\" \/>\n\t<meta property=\"og:image:type\" content=\"image\/jpeg\" \/>\n<meta name=\"twitter:card\" content=\"summary_large_image\" \/>\n<meta name=\"twitter:label1\" content=\"Dur\u00e9e de lecture estim\u00e9e\" \/>\n\t<meta name=\"twitter:data1\" content=\"2 minutes\" \/>\n<script type=\"application\/ld+json\" class=\"yoast-schema-graph\">{\"@context\":\"https:\\\/\\\/schema.org\",\"@graph\":[{\"@type\":[\"WebPage\",\"ItemPage\"],\"@id\":\"https:\\\/\\\/aztex.ee\\\/fr\\\/pood\\\/draps-de-lit-en-chanvre\\\/drap-en-chanvre-rouge-bordeaux\\\/\",\"url\":\"https:\\\/\\\/aztex.ee\\\/fr\\\/pood\\\/draps-de-lit-en-chanvre\\\/drap-en-chanvre-rouge-bordeaux\\\/\",\"name\":\"Drap de lit en chanvre naturel - Rouge bordeaux | AZTEX\",\"isPartOf\":{\"@id\":\"https:\\\/\\\/aztex.ee\\\/fr\\\/#website\"},\"primaryImageOfPage\":{\"@id\":\"https:\\\/\\\/aztex.ee\\\/fr\\\/pood\\\/draps-de-lit-en-chanvre\\\/drap-en-chanvre-rouge-bordeaux\\\/#primaryimage\"},\"image\":{\"@id\":\"https:\\\/\\\/aztex.ee\\\/fr\\\/pood\\\/draps-de-lit-en-chanvre\\\/drap-en-chanvre-rouge-bordeaux\\\/#primaryimage\"},\"thumbnailUrl\":\"https:\\\/\\\/aztex.ee\\\/wp-content\\\/uploads\\\/2025\\\/08\\\/Kanepist-voodilina-Burgundia.jpg\",\"datePublished\":\"2025-08-18T22:36:45+00:00\",\"dateModified\":\"2026-01-29T17:35:30+00:00\",\"description\":\"Les draps en chanvre sont doux, respirants, durables et naturels. Apportez confort, style et une touche \u00e9cologique \u00e0 votre chambre et profitez d'un sommeil paisible et de qualit\u00e9.\",\"breadcrumb\":{\"@id\":\"https:\\\/\\\/aztex.ee\\\/fr\\\/pood\\\/draps-de-lit-en-chanvre\\\/drap-en-chanvre-rouge-bordeaux\\\/#breadcrumb\"},\"inLanguage\":\"fr-FR\",\"potentialAction\":[{\"@type\":\"ReadAction\",\"target\":[\"https:\\\/\\\/aztex.ee\\\/fr\\\/pood\\\/draps-de-lit-en-chanvre\\\/drap-en-chanvre-rouge-bordeaux\\\/\"]}]},{\"@type\":\"ImageObject\",\"inLanguage\":\"fr-FR\",\"@id\":\"https:\\\/\\\/aztex.ee\\\/fr\\\/pood\\\/draps-de-lit-en-chanvre\\\/drap-en-chanvre-rouge-bordeaux\\\/#primaryimage\",\"url\":\"https:\\\/\\\/aztex.ee\\\/wp-content\\\/uploads\\\/2025\\\/08\\\/Kanepist-voodilina-Burgundia.jpg\",\"contentUrl\":\"https:\\\/\\\/aztex.ee\\\/wp-content\\\/uploads\\\/2025\\\/08\\\/Kanepist-voodilina-Burgundia.jpg\",\"width\":800,\"height\":800,\"caption\":\"Kanepist voodilina Burgundia\"},{\"@type\":\"BreadcrumbList\",\"@id\":\"https:\\\/\\\/aztex.ee\\\/fr\\\/pood\\\/draps-de-lit-en-chanvre\\\/drap-en-chanvre-rouge-bordeaux\\\/#breadcrumb\",\"itemListElement\":[{\"@type\":\"ListItem\",\"position\":1,\"name\":\"Accueil\",\"item\":\"https:\\\/\\\/aztex.ee\\\/fr\\\/\"},{\"@type\":\"ListItem\",\"position\":2,\"name\":\"Boutique\",\"item\":\"https:\\\/\\\/aztex.ee\\\/fr\\\/boutique\\\/\"},{\"@type\":\"ListItem\",\"position\":3,\"name\":\"Drap en chanvre | Rouge bordeaux\"}]},{\"@type\":\"WebSite\",\"@id\":\"https:\\\/\\\/aztex.ee\\\/fr\\\/#website\",\"url\":\"https:\\\/\\\/aztex.ee\\\/fr\\\/\",\"name\":\"AZTEX\",\"description\":\"\",\"publisher\":{\"@id\":\"https:\\\/\\\/aztex.ee\\\/fr\\\/#organization\"},\"potentialAction\":[{\"@type\":\"SearchAction\",\"target\":{\"@type\":\"EntryPoint\",\"urlTemplate\":\"https:\\\/\\\/aztex.ee\\\/fr\\\/?s={search_term_string}\"},\"query-input\":{\"@type\":\"PropertyValueSpecification\",\"valueRequired\":true,\"valueName\":\"search_term_string\"}}],\"inLanguage\":\"fr-FR\"},{\"@type\":\"Organization\",\"@id\":\"https:\\\/\\\/aztex.ee\\\/fr\\\/#organization\",\"name\":\"AZTEX\",\"url\":\"https:\\\/\\\/aztex.ee\\\/fr\\\/\",\"logo\":{\"@type\":\"ImageObject\",\"inLanguage\":\"fr-FR\",\"@id\":\"https:\\\/\\\/aztex.ee\\\/fr\\\/#\\\/schema\\\/logo\\\/image\\\/\",\"url\":\"https:\\\/\\\/aztex.ee\\\/wp-content\\\/uploads\\\/2026\\\/01\\\/AZTEX.png\",\"contentUrl\":\"https:\\\/\\\/aztex.ee\\\/wp-content\\\/uploads\\\/2026\\\/01\\\/AZTEX.png\",\"width\":500,\"height\":500,\"caption\":\"AZTEX\"},\"image\":{\"@id\":\"https:\\\/\\\/aztex.ee\\\/fr\\\/#\\\/schema\\\/logo\\\/image\\\/\"},\"sameAs\":[\"https:\\\/\\\/www.facebook.com\\\/AztexEE\",\"https:\\\/\\\/www.instagram.com\\\/aztexeesti\\\/\",\"https:\\\/\\\/www.youtube.com\\\/@AZTEXEE\",\"https:\\\/\\\/www.pinterest.com\\\/aztex_eesti\\\/\",\"https:\\\/\\\/www.tiktok.com\\\/@aztexeesti\",\"https:\\\/\\\/www.trustpilot.com\\\/review\\\/aztex.ee\",\"https:\\\/\\\/www.linkedin.com\\\/company\\\/aztex-ee\\\/\",\"https:\\\/\\\/www.wikidata.org\\\/wiki\\\/Q137560182\"]}]}<\/script>\n<!-- \/ Yoast SEO plugin. -->","yoast_head_json":{"title":"Drap de lit en chanvre naturel - Rouge bordeaux | AZTEX","description":"Les draps en chanvre sont doux, respirants, durables et naturels. Apportez confort, style et une touche \u00e9cologique \u00e0 votre chambre et profitez d'un sommeil paisible et de qualit\u00e9.","robots":{"index":"index","follow":"follow","max-snippet":"max-snippet:-1","max-image-preview":"max-image-preview:large","max-video-preview":"max-video-preview:-1"},"canonical":"https:\/\/aztex.ee\/fr\/pood\/draps-de-lit-en-chanvre\/drap-en-chanvre-rouge-bordeaux\/","og_locale":"fr_FR","og_type":"article","og_title":"Drap de lit en chanvre naturel - Rouge bordeaux | AZTEX","og_description":"Les draps en chanvre sont doux, respirants, durables et naturels. Apportez confort, style et une touche \u00e9cologique \u00e0 votre chambre et profitez d'un sommeil paisible et de qualit\u00e9.","og_url":"https:\/\/aztex.ee\/fr\/pood\/draps-de-lit-en-chanvre\/drap-en-chanvre-rouge-bordeaux\/","og_site_name":"AZTEX","article_publisher":"https:\/\/www.facebook.com\/AztexEE","article_modified_time":"2026-01-29T17:35:30+00:00","og_image":[{"width":800,"height":800,"url":"https:\/\/aztex.ee\/wp-content\/uploads\/2025\/08\/Kanepist-voodilina-Burgundia.jpg","type":"image\/jpeg"}],"twitter_card":"summary_large_image","twitter_misc":{"Dur\u00e9e de lecture estim\u00e9e":"2 minutes"},"schema":{"@context":"https:\/\/schema.org","@graph":[{"@type":["WebPage","ItemPage"],"@id":"https:\/\/aztex.ee\/fr\/pood\/draps-de-lit-en-chanvre\/drap-en-chanvre-rouge-bordeaux\/","url":"https:\/\/aztex.ee\/fr\/pood\/draps-de-lit-en-chanvre\/drap-en-chanvre-rouge-bordeaux\/","name":"Drap de lit en chanvre naturel - Rouge bordeaux | AZTEX","isPartOf":{"@id":"https:\/\/aztex.ee\/fr\/#website"},"primaryImageOfPage":{"@id":"https:\/\/aztex.ee\/fr\/pood\/draps-de-lit-en-chanvre\/drap-en-chanvre-rouge-bordeaux\/#primaryimage"},"image":{"@id":"https:\/\/aztex.ee\/fr\/pood\/draps-de-lit-en-chanvre\/drap-en-chanvre-rouge-bordeaux\/#primaryimage"},"thumbnailUrl":"https:\/\/aztex.ee\/wp-content\/uploads\/2025\/08\/Kanepist-voodilina-Burgundia.jpg","datePublished":"2025-08-18T22:36:45+00:00","dateModified":"2026-01-29T17:35:30+00:00","description":"Les draps en chanvre sont doux, respirants, durables et naturels. Apportez confort, style et une touche \u00e9cologique \u00e0 votre chambre et profitez d'un sommeil paisible et de qualit\u00e9.","breadcrumb":{"@id":"https:\/\/aztex.ee\/fr\/pood\/draps-de-lit-en-chanvre\/drap-en-chanvre-rouge-bordeaux\/#breadcrumb"},"inLanguage":"fr-FR","potentialAction":[{"@type":"ReadAction","target":["https:\/\/aztex.ee\/fr\/pood\/draps-de-lit-en-chanvre\/drap-en-chanvre-rouge-bordeaux\/"]}]},{"@type":"ImageObject","inLanguage":"fr-FR","@id":"https:\/\/aztex.ee\/fr\/pood\/draps-de-lit-en-chanvre\/drap-en-chanvre-rouge-bordeaux\/#primaryimage","url":"https:\/\/aztex.ee\/wp-content\/uploads\/2025\/08\/Kanepist-voodilina-Burgundia.jpg","contentUrl":"https:\/\/aztex.ee\/wp-content\/uploads\/2025\/08\/Kanepist-voodilina-Burgundia.jpg","width":800,"height":800,"caption":"Kanepist voodilina Burgundia"},{"@type":"BreadcrumbList","@id":"https:\/\/aztex.ee\/fr\/pood\/draps-de-lit-en-chanvre\/drap-en-chanvre-rouge-bordeaux\/#breadcrumb","itemListElement":[{"@type":"ListItem","position":1,"name":"Accueil","item":"https:\/\/aztex.ee\/fr\/"},{"@type":"ListItem","position":2,"name":"Boutique","item":"https:\/\/aztex.ee\/fr\/boutique\/"},{"@type":"ListItem","position":3,"name":"Drap en chanvre | Rouge bordeaux"}]},{"@type":"WebSite","@id":"https:\/\/aztex.ee\/fr\/#website","url":"https:\/\/aztex.ee\/fr\/","name":"AZTEX","description":"","publisher":{"@id":"https:\/\/aztex.ee\/fr\/#organization"},"potentialAction":[{"@type":"SearchAction","target":{"@type":"EntryPoint","urlTemplate":"https:\/\/aztex.ee\/fr\/?s={search_term_string}"},"query-input":{"@type":"PropertyValueSpecification","valueRequired":true,"valueName":"search_term_string"}}],"inLanguage":"fr-FR"},{"@type":"Organization","@id":"https:\/\/aztex.ee\/fr\/#organization","name":"AZTEX","url":"https:\/\/aztex.ee\/fr\/","logo":{"@type":"ImageObject","inLanguage":"fr-FR","@id":"https:\/\/aztex.ee\/fr\/#\/schema\/logo\/image\/","url":"https:\/\/aztex.ee\/wp-content\/uploads\/2026\/01\/AZTEX.png","contentUrl":"https:\/\/aztex.ee\/wp-content\/uploads\/2026\/01\/AZTEX.png","width":500,"height":500,"caption":"AZTEX"},"image":{"@id":"https:\/\/aztex.ee\/fr\/#\/schema\/logo\/image\/"},"sameAs":["https:\/\/www.facebook.com\/AztexEE","https:\/\/www.instagram.com\/aztexeesti\/","https:\/\/www.youtube.com\/@AZTEXEE","https:\/\/www.pinterest.com\/aztex_eesti\/","https:\/\/www.tiktok.com\/@aztexeesti","https:\/\/www.trustpilot.com\/review\/aztex.ee","https:\/\/www.linkedin.com\/company\/aztex-ee\/","https:\/\/www.wikidata.org\/wiki\/Q137560182"]}]}},"_links":{"self":[{"href":"https:\/\/aztex.ee\/fr\/wp-json\/wp\/v2\/product\/92265","targetHints":{"allow":["GET"]}}],"collection":[{"href":"https:\/\/aztex.ee\/fr\/wp-json\/wp\/v2\/product"}],"about":[{"href":"https:\/\/aztex.ee\/fr\/wp-json\/wp\/v2\/types\/product"}],"replies":[{"embeddable":true,"href":"https:\/\/aztex.ee\/fr\/wp-json\/wp\/v2\/comments?post=92265"}],"version-history":[{"count":0,"href":"https:\/\/aztex.ee\/fr\/wp-json\/wp\/v2\/product\/92265\/revisions"}],"wp:featuredmedia":[{"embeddable":true,"href":"https:\/\/aztex.ee\/fr\/wp-json\/wp\/v2\/media\/92286"}],"wp:attachment":[{"href":"https:\/\/aztex.ee\/fr\/wp-json\/wp\/v2\/media?parent=92265"}],"wp:term":[{"taxonomy":"product_brand","embeddable":true,"href":"https:\/\/aztex.ee\/fr\/wp-json\/wp\/v2\/product_brand?post=92265"},{"taxonomy":"product_cat","embeddable":true,"href":"https:\/\/aztex.ee\/fr\/wp-json\/wp\/v2\/product_cat?post=92265"},{"taxonomy":"product_tag","embeddable":true,"href":"https:\/\/aztex.ee\/fr\/wp-json\/wp\/v2\/product_tag?post=92265"}],"curies":[{"name":"wp","href":"https:\/\/api.w.org\/{rel}","templated":true}]}}