{"id":81323,"date":"2025-04-25T11:48:50","date_gmt":"2025-04-25T11:48:50","guid":{"rendered":"https:\/\/aztex.ee\/?post_type=product&#038;p=81323"},"modified":"2025-04-25T12:45:53","modified_gmt":"2025-04-25T12:45:53","slug":"taie-doreiller-en-tencel-gris-anthracite","status":"publish","type":"product","link":"https:\/\/aztex.ee\/fr\/pood\/taies-doreiller\/taie-doreiller-en-tencel-gris-anthracite\/","title":{"rendered":"Taie d&rsquo;oreiller en Tencel \u2013 Gris anthracite"},"content":{"rendered":"<p><strong>Naturellement doux<\/strong><\/p>\n<p>Le tissu Tencel est fabriqu\u00e9 \u00e0 partir de cellulose d&rsquo;eucalyptus, trait\u00e9e selon le proc\u00e9d\u00e9 \u00e9cologique Lyocell. La cellulose est dissoute dans un solvant non toxique, puis press\u00e9e en fibres et transform\u00e9e en fil, ce qui rend le tissu doux, respirant, r\u00e9sistant et \u00e9cologiquement durable.<\/p>\n<p><strong>Doux pour la peau<\/strong><\/p>\n<p>Le Tencel est id\u00e9al pour les peaux sensibles car il est hypoallerg\u00e9nique. Sa surface lisse r\u00e9duit les irritations dues aux frottements et aide \u00e0 maintenir l&rsquo;\u00e9quilibre hydrique naturel de la peau. Une taie d&rsquo;oreiller en Tencel assure un sommeil de qualit\u00e9 tout en prenant soin de votre peau.<\/p>\n<p><strong>Apparence \u00e9l\u00e9gante<\/strong><\/p>\n<p>Une taie d&rsquo;oreiller en Tencel s&rsquo;accorde avec toutes les parures de lit, apportant une touche de simplicit\u00e9 et d&rsquo;\u00e9l\u00e9gance \u00e0 la chambre et s&rsquo;int\u00e9grant parfaitement \u00e0 tout type de d\u00e9coration. Son aspect classique et \u00e9l\u00e9gant convient \u00e0 tous les types d&rsquo;int\u00e9rieurs, des chambres modernes aux chambres traditionnelles. Une taie d&rsquo;oreiller en Tencel offre un aspect luxueux et \u00e9l\u00e9gant qui rend chaque instant de sommeil plus agr\u00e9able.<\/p>\n<p><strong>Soins<\/strong><\/p>\n<p>Facile d&rsquo;entretien\u00a0: lavage en machine \u00e0 basse temp\u00e9rature pour pr\u00e9server les propri\u00e9t\u00e9s du tissu. Nous recommandons le s\u00e9chage \u00e0 l&rsquo;air libre pour garantir durabilit\u00e9 et douceur.<\/p>\n","protected":false},"excerpt":{"rendered":"<p>Les taies d&rsquo;oreiller Tencel sont fabriqu\u00e9es \u00e0 partir de fibres d&rsquo;eucalyptus.<\/p>\n<ul>\n<li>Couleur : Gris anthracite<\/li>\n<li>Mat\u00e9riau : 100% Tencel<\/li>\n<li>Nombre de fils : 60S \/ 300TC<\/li>\n<\/ul>\n<p><img loading=\"lazy\" decoding=\"async\" class=\"alignnone wp-image-63145\" src=\"https:\/\/aztex.ee\/wp-content\/uploads\/2025\/03\/tencel-certified-400x129.png\" alt=\"\" width=\"131\" height=\"42\" srcset=\"https:\/\/aztex.ee\/wp-content\/uploads\/2025\/03\/tencel-certified-400x129.png 400w, https:\/\/aztex.ee\/wp-content\/uploads\/2025\/03\/tencel-certified-430x139.png 430w, https:\/\/aztex.ee\/wp-content\/uploads\/2025\/03\/tencel-certified-150x49.png 150w, https:\/\/aztex.ee\/wp-content\/uploads\/2025\/03\/tencel-certified.png 516w\" sizes=\"auto, (max-width: 131px) 100vw, 131px\" \/><img loading=\"lazy\" decoding=\"async\" class=\"alignnone wp-image-63168\" src=\"https:\/\/aztex.ee\/wp-content\/uploads\/2025\/03\/oeko-tex-standard-100.png\" alt=\"\" width=\"130\" height=\"43\" srcset=\"https:\/\/aztex.ee\/wp-content\/uploads\/2025\/03\/oeko-tex-standard-100.png 200w, https:\/\/aztex.ee\/wp-content\/uploads\/2025\/03\/oeko-tex-standard-100-150x50.png 150w\" sizes=\"auto, (max-width: 130px) 100vw, 130px\" \/><\/p>\n","protected":false},"featured_media":81416,"comment_status":"open","ping_status":"closed","template":"","meta":[],"product_brand":[],"product_cat":[1773,6028],"product_tag":[],"class_list":{"0":"post-81323","1":"product","2":"type-product","3":"status-publish","4":"has-post-thumbnail","6":"product_cat-taies-doreiller","7":"product_cat-taies-doreiller-en-tencel","9":"first","10":"instock","11":"shipping-taxable","12":"purchasable","13":"product-type-variable"},"yoast_head":"<!-- This site is optimized with the Yoast SEO plugin v27.6 - https:\/\/yoast.com\/product\/yoast-seo-wordpress\/ -->\n<title>Taie d&#039;oreiller en Tencel - Gris anthracite | AZTEX<\/title>\n<meta name=\"description\" content=\"La taie d&#039;oreiller en Tencel Gris anthracite est un choix doux pour la peau et durable qui procure une agr\u00e9able sensation de fra\u00eecheur pendant le sommeil et ajoute un look \u00e9l\u00e9gant \u00e0 la chambre.\" \/>\n<meta name=\"robots\" content=\"index, follow, max-snippet:-1, max-image-preview:large, max-video-preview:-1\" \/>\n<link rel=\"canonical\" href=\"https:\/\/aztex.ee\/fr\/pood\/taies-doreiller\/taie-doreiller-en-tencel-gris-anthracite\/\" \/>\n<meta property=\"og:locale\" content=\"fr_FR\" \/>\n<meta property=\"og:type\" content=\"article\" \/>\n<meta property=\"og:title\" content=\"Taie d&#039;oreiller en Tencel - Gris anthracite | AZTEX\" \/>\n<meta property=\"og:description\" content=\"La taie d&#039;oreiller en Tencel Gris anthracite est un choix doux pour la peau et durable qui procure une agr\u00e9able sensation de fra\u00eecheur pendant le sommeil et ajoute un look \u00e9l\u00e9gant \u00e0 la chambre.\" \/>\n<meta property=\"og:url\" content=\"https:\/\/aztex.ee\/fr\/pood\/taies-doreiller\/taie-doreiller-en-tencel-gris-anthracite\/\" \/>\n<meta property=\"og:site_name\" content=\"AZTEX\" \/>\n<meta property=\"article:publisher\" content=\"https:\/\/www.facebook.com\/AztexEE\" \/>\n<meta property=\"article:modified_time\" content=\"2025-04-25T12:45:53+00:00\" \/>\n<meta property=\"og:image\" content=\"https:\/\/aztex.ee\/wp-content\/uploads\/2025\/04\/Tencel-padjapuur-Antratsiithall.jpg\" \/>\n\t<meta property=\"og:image:width\" content=\"800\" \/>\n\t<meta property=\"og:image:height\" content=\"800\" \/>\n\t<meta property=\"og:image:type\" content=\"image\/jpeg\" \/>\n<meta name=\"twitter:card\" content=\"summary_large_image\" \/>\n<meta name=\"twitter:label1\" content=\"Dur\u00e9e de lecture estim\u00e9e\" \/>\n\t<meta name=\"twitter:data1\" content=\"2 minutes\" \/>\n<script type=\"application\/ld+json\" class=\"yoast-schema-graph\">{\"@context\":\"https:\\\/\\\/schema.org\",\"@graph\":[{\"@type\":[\"WebPage\",\"ItemPage\"],\"@id\":\"https:\\\/\\\/aztex.ee\\\/fr\\\/pood\\\/taies-doreiller\\\/taie-doreiller-en-tencel-gris-anthracite\\\/\",\"url\":\"https:\\\/\\\/aztex.ee\\\/fr\\\/pood\\\/taies-doreiller\\\/taie-doreiller-en-tencel-gris-anthracite\\\/\",\"name\":\"Taie d'oreiller en Tencel - Gris anthracite | AZTEX\",\"isPartOf\":{\"@id\":\"https:\\\/\\\/aztex.ee\\\/fr\\\/#website\"},\"primaryImageOfPage\":{\"@id\":\"https:\\\/\\\/aztex.ee\\\/fr\\\/pood\\\/taies-doreiller\\\/taie-doreiller-en-tencel-gris-anthracite\\\/#primaryimage\"},\"image\":{\"@id\":\"https:\\\/\\\/aztex.ee\\\/fr\\\/pood\\\/taies-doreiller\\\/taie-doreiller-en-tencel-gris-anthracite\\\/#primaryimage\"},\"thumbnailUrl\":\"https:\\\/\\\/aztex.ee\\\/wp-content\\\/uploads\\\/2025\\\/04\\\/Tencel-padjapuur-Antratsiithall.jpg\",\"datePublished\":\"2025-04-25T11:48:50+00:00\",\"dateModified\":\"2025-04-25T12:45:53+00:00\",\"description\":\"La taie d'oreiller en Tencel Gris anthracite est un choix doux pour la peau et durable qui procure une agr\u00e9able sensation de fra\u00eecheur pendant le sommeil et ajoute un look \u00e9l\u00e9gant \u00e0 la chambre.\",\"breadcrumb\":{\"@id\":\"https:\\\/\\\/aztex.ee\\\/fr\\\/pood\\\/taies-doreiller\\\/taie-doreiller-en-tencel-gris-anthracite\\\/#breadcrumb\"},\"inLanguage\":\"fr-FR\",\"potentialAction\":[{\"@type\":\"ReadAction\",\"target\":[\"https:\\\/\\\/aztex.ee\\\/fr\\\/pood\\\/taies-doreiller\\\/taie-doreiller-en-tencel-gris-anthracite\\\/\"]}]},{\"@type\":\"ImageObject\",\"inLanguage\":\"fr-FR\",\"@id\":\"https:\\\/\\\/aztex.ee\\\/fr\\\/pood\\\/taies-doreiller\\\/taie-doreiller-en-tencel-gris-anthracite\\\/#primaryimage\",\"url\":\"https:\\\/\\\/aztex.ee\\\/wp-content\\\/uploads\\\/2025\\\/04\\\/Tencel-padjapuur-Antratsiithall.jpg\",\"contentUrl\":\"https:\\\/\\\/aztex.ee\\\/wp-content\\\/uploads\\\/2025\\\/04\\\/Tencel-padjapuur-Antratsiithall.jpg\",\"width\":800,\"height\":800,\"caption\":\"Tencel padjap\u00fc\u00fcr Antratsiithall\"},{\"@type\":\"BreadcrumbList\",\"@id\":\"https:\\\/\\\/aztex.ee\\\/fr\\\/pood\\\/taies-doreiller\\\/taie-doreiller-en-tencel-gris-anthracite\\\/#breadcrumb\",\"itemListElement\":[{\"@type\":\"ListItem\",\"position\":1,\"name\":\"Accueil\",\"item\":\"https:\\\/\\\/aztex.ee\\\/fr\\\/\"},{\"@type\":\"ListItem\",\"position\":2,\"name\":\"Boutique\",\"item\":\"https:\\\/\\\/aztex.ee\\\/fr\\\/boutique\\\/\"},{\"@type\":\"ListItem\",\"position\":3,\"name\":\"Taie d&#8217;oreiller en Tencel \u2013 Gris anthracite\"}]},{\"@type\":\"WebSite\",\"@id\":\"https:\\\/\\\/aztex.ee\\\/fr\\\/#website\",\"url\":\"https:\\\/\\\/aztex.ee\\\/fr\\\/\",\"name\":\"AZTEX\",\"description\":\"\",\"publisher\":{\"@id\":\"https:\\\/\\\/aztex.ee\\\/fr\\\/#organization\"},\"potentialAction\":[{\"@type\":\"SearchAction\",\"target\":{\"@type\":\"EntryPoint\",\"urlTemplate\":\"https:\\\/\\\/aztex.ee\\\/fr\\\/?s={search_term_string}\"},\"query-input\":{\"@type\":\"PropertyValueSpecification\",\"valueRequired\":true,\"valueName\":\"search_term_string\"}}],\"inLanguage\":\"fr-FR\"},{\"@type\":\"Organization\",\"@id\":\"https:\\\/\\\/aztex.ee\\\/fr\\\/#organization\",\"name\":\"AZTEX\",\"url\":\"https:\\\/\\\/aztex.ee\\\/fr\\\/\",\"logo\":{\"@type\":\"ImageObject\",\"inLanguage\":\"fr-FR\",\"@id\":\"https:\\\/\\\/aztex.ee\\\/fr\\\/#\\\/schema\\\/logo\\\/image\\\/\",\"url\":\"https:\\\/\\\/aztex.ee\\\/wp-content\\\/uploads\\\/2026\\\/01\\\/AZTEX.png\",\"contentUrl\":\"https:\\\/\\\/aztex.ee\\\/wp-content\\\/uploads\\\/2026\\\/01\\\/AZTEX.png\",\"width\":500,\"height\":500,\"caption\":\"AZTEX\"},\"image\":{\"@id\":\"https:\\\/\\\/aztex.ee\\\/fr\\\/#\\\/schema\\\/logo\\\/image\\\/\"},\"sameAs\":[\"https:\\\/\\\/www.facebook.com\\\/AztexEE\",\"https:\\\/\\\/www.instagram.com\\\/aztexeesti\\\/\",\"https:\\\/\\\/www.youtube.com\\\/@AZTEXEE\",\"https:\\\/\\\/www.pinterest.com\\\/aztex_eesti\\\/\",\"https:\\\/\\\/www.tiktok.com\\\/@aztexeesti\",\"https:\\\/\\\/www.trustpilot.com\\\/review\\\/aztex.ee\",\"https:\\\/\\\/www.linkedin.com\\\/company\\\/aztex-ee\\\/\",\"https:\\\/\\\/www.wikidata.org\\\/wiki\\\/Q137560182\"]}]}<\/script>\n<!-- \/ Yoast SEO plugin. -->","yoast_head_json":{"title":"Taie d'oreiller en Tencel - Gris anthracite | AZTEX","description":"La taie d'oreiller en Tencel Gris anthracite est un choix doux pour la peau et durable qui procure une agr\u00e9able sensation de fra\u00eecheur pendant le sommeil et ajoute un look \u00e9l\u00e9gant \u00e0 la chambre.","robots":{"index":"index","follow":"follow","max-snippet":"max-snippet:-1","max-image-preview":"max-image-preview:large","max-video-preview":"max-video-preview:-1"},"canonical":"https:\/\/aztex.ee\/fr\/pood\/taies-doreiller\/taie-doreiller-en-tencel-gris-anthracite\/","og_locale":"fr_FR","og_type":"article","og_title":"Taie d'oreiller en Tencel - Gris anthracite | AZTEX","og_description":"La taie d'oreiller en Tencel Gris anthracite est un choix doux pour la peau et durable qui procure une agr\u00e9able sensation de fra\u00eecheur pendant le sommeil et ajoute un look \u00e9l\u00e9gant \u00e0 la chambre.","og_url":"https:\/\/aztex.ee\/fr\/pood\/taies-doreiller\/taie-doreiller-en-tencel-gris-anthracite\/","og_site_name":"AZTEX","article_publisher":"https:\/\/www.facebook.com\/AztexEE","article_modified_time":"2025-04-25T12:45:53+00:00","og_image":[{"width":800,"height":800,"url":"https:\/\/aztex.ee\/wp-content\/uploads\/2025\/04\/Tencel-padjapuur-Antratsiithall.jpg","type":"image\/jpeg"}],"twitter_card":"summary_large_image","twitter_misc":{"Dur\u00e9e de lecture estim\u00e9e":"2 minutes"},"schema":{"@context":"https:\/\/schema.org","@graph":[{"@type":["WebPage","ItemPage"],"@id":"https:\/\/aztex.ee\/fr\/pood\/taies-doreiller\/taie-doreiller-en-tencel-gris-anthracite\/","url":"https:\/\/aztex.ee\/fr\/pood\/taies-doreiller\/taie-doreiller-en-tencel-gris-anthracite\/","name":"Taie d'oreiller en Tencel - Gris anthracite | AZTEX","isPartOf":{"@id":"https:\/\/aztex.ee\/fr\/#website"},"primaryImageOfPage":{"@id":"https:\/\/aztex.ee\/fr\/pood\/taies-doreiller\/taie-doreiller-en-tencel-gris-anthracite\/#primaryimage"},"image":{"@id":"https:\/\/aztex.ee\/fr\/pood\/taies-doreiller\/taie-doreiller-en-tencel-gris-anthracite\/#primaryimage"},"thumbnailUrl":"https:\/\/aztex.ee\/wp-content\/uploads\/2025\/04\/Tencel-padjapuur-Antratsiithall.jpg","datePublished":"2025-04-25T11:48:50+00:00","dateModified":"2025-04-25T12:45:53+00:00","description":"La taie d'oreiller en Tencel Gris anthracite est un choix doux pour la peau et durable qui procure une agr\u00e9able sensation de fra\u00eecheur pendant le sommeil et ajoute un look \u00e9l\u00e9gant \u00e0 la chambre.","breadcrumb":{"@id":"https:\/\/aztex.ee\/fr\/pood\/taies-doreiller\/taie-doreiller-en-tencel-gris-anthracite\/#breadcrumb"},"inLanguage":"fr-FR","potentialAction":[{"@type":"ReadAction","target":["https:\/\/aztex.ee\/fr\/pood\/taies-doreiller\/taie-doreiller-en-tencel-gris-anthracite\/"]}]},{"@type":"ImageObject","inLanguage":"fr-FR","@id":"https:\/\/aztex.ee\/fr\/pood\/taies-doreiller\/taie-doreiller-en-tencel-gris-anthracite\/#primaryimage","url":"https:\/\/aztex.ee\/wp-content\/uploads\/2025\/04\/Tencel-padjapuur-Antratsiithall.jpg","contentUrl":"https:\/\/aztex.ee\/wp-content\/uploads\/2025\/04\/Tencel-padjapuur-Antratsiithall.jpg","width":800,"height":800,"caption":"Tencel padjap\u00fc\u00fcr Antratsiithall"},{"@type":"BreadcrumbList","@id":"https:\/\/aztex.ee\/fr\/pood\/taies-doreiller\/taie-doreiller-en-tencel-gris-anthracite\/#breadcrumb","itemListElement":[{"@type":"ListItem","position":1,"name":"Accueil","item":"https:\/\/aztex.ee\/fr\/"},{"@type":"ListItem","position":2,"name":"Boutique","item":"https:\/\/aztex.ee\/fr\/boutique\/"},{"@type":"ListItem","position":3,"name":"Taie d&#8217;oreiller en Tencel \u2013 Gris anthracite"}]},{"@type":"WebSite","@id":"https:\/\/aztex.ee\/fr\/#website","url":"https:\/\/aztex.ee\/fr\/","name":"AZTEX","description":"","publisher":{"@id":"https:\/\/aztex.ee\/fr\/#organization"},"potentialAction":[{"@type":"SearchAction","target":{"@type":"EntryPoint","urlTemplate":"https:\/\/aztex.ee\/fr\/?s={search_term_string}"},"query-input":{"@type":"PropertyValueSpecification","valueRequired":true,"valueName":"search_term_string"}}],"inLanguage":"fr-FR"},{"@type":"Organization","@id":"https:\/\/aztex.ee\/fr\/#organization","name":"AZTEX","url":"https:\/\/aztex.ee\/fr\/","logo":{"@type":"ImageObject","inLanguage":"fr-FR","@id":"https:\/\/aztex.ee\/fr\/#\/schema\/logo\/image\/","url":"https:\/\/aztex.ee\/wp-content\/uploads\/2026\/01\/AZTEX.png","contentUrl":"https:\/\/aztex.ee\/wp-content\/uploads\/2026\/01\/AZTEX.png","width":500,"height":500,"caption":"AZTEX"},"image":{"@id":"https:\/\/aztex.ee\/fr\/#\/schema\/logo\/image\/"},"sameAs":["https:\/\/www.facebook.com\/AztexEE","https:\/\/www.instagram.com\/aztexeesti\/","https:\/\/www.youtube.com\/@AZTEXEE","https:\/\/www.pinterest.com\/aztex_eesti\/","https:\/\/www.tiktok.com\/@aztexeesti","https:\/\/www.trustpilot.com\/review\/aztex.ee","https:\/\/www.linkedin.com\/company\/aztex-ee\/","https:\/\/www.wikidata.org\/wiki\/Q137560182"]}]}},"_links":{"self":[{"href":"https:\/\/aztex.ee\/fr\/wp-json\/wp\/v2\/product\/81323","targetHints":{"allow":["GET"]}}],"collection":[{"href":"https:\/\/aztex.ee\/fr\/wp-json\/wp\/v2\/product"}],"about":[{"href":"https:\/\/aztex.ee\/fr\/wp-json\/wp\/v2\/types\/product"}],"replies":[{"embeddable":true,"href":"https:\/\/aztex.ee\/fr\/wp-json\/wp\/v2\/comments?post=81323"}],"version-history":[{"count":0,"href":"https:\/\/aztex.ee\/fr\/wp-json\/wp\/v2\/product\/81323\/revisions"}],"wp:featuredmedia":[{"embeddable":true,"href":"https:\/\/aztex.ee\/fr\/wp-json\/wp\/v2\/media\/81416"}],"wp:attachment":[{"href":"https:\/\/aztex.ee\/fr\/wp-json\/wp\/v2\/media?parent=81323"}],"wp:term":[{"taxonomy":"product_brand","embeddable":true,"href":"https:\/\/aztex.ee\/fr\/wp-json\/wp\/v2\/product_brand?post=81323"},{"taxonomy":"product_cat","embeddable":true,"href":"https:\/\/aztex.ee\/fr\/wp-json\/wp\/v2\/product_cat?post=81323"},{"taxonomy":"product_tag","embeddable":true,"href":"https:\/\/aztex.ee\/fr\/wp-json\/wp\/v2\/product_tag?post=81323"}],"curies":[{"name":"wp","href":"https:\/\/api.w.org\/{rel}","templated":true}]}}