{"id":78259,"date":"2025-04-07T08:04:59","date_gmt":"2025-04-07T08:04:59","guid":{"rendered":"https:\/\/aztex.ee\/?post_type=product&#038;p=78259"},"modified":"2026-03-20T16:37:56","modified_gmt":"2026-03-20T16:37:56","slug":"taie-doreiller-en-bambou-rouge-bordeaux","status":"publish","type":"product","link":"https:\/\/aztex.ee\/fr\/pood\/taies-doreiller-en-bambou\/taie-doreiller-en-bambou-rouge-bordeaux\/","title":{"rendered":"Taie d&rsquo;oreiller en bambou \u2013 Rouge bordeaux"},"content":{"rendered":"<p>La taie d&rsquo;oreiller en bambou est respirante et douce pour la peau, offrant un sommeil confortable et r\u00e9parateur. Les propri\u00e9t\u00e9s naturelles des fibres de bambou r\u00e9gulent la temp\u00e9rature et absorbent l&rsquo;humidit\u00e9, gardant la taie d&rsquo;oreiller s\u00e8che et propre. De plus, elle est antibact\u00e9rienne et hypoallerg\u00e9nique, id\u00e9ale pour les peaux sensibles.<\/p>\n<p>Le tissu lisse et d\u00e9licat est agr\u00e9able au toucher et facile d&rsquo;entretien\u00a0: lavable en machine et r\u00e9sistant. Sa texture douce conserve sa qualit\u00e9 m\u00eame apr\u00e8s de nombreux lavages, vous assurant un sommeil r\u00e9parateur chaque nuit.<\/p>\n<p>La taie d&rsquo;oreiller en bambou est parfaite pour toutes les chambres, alliant praticit\u00e9 et \u00e9l\u00e9gance. Ses tons neutres et naturels cr\u00e9ent une atmosph\u00e8re apaisante et chaleureuse, s&rsquo;harmonisant parfaitement avec diff\u00e9rentes parures de lit. Profitez d&rsquo;une sensation de douceur et de fra\u00eecheur chaque nuit, pour un sommeil r\u00e9parateur.<\/p>\n","protected":false},"excerpt":{"rendered":"<p>La taie d&rsquo;oreiller en bambou est naturelle, douce et respirante, garantissant un sommeil de qualit\u00e9.<\/p>\n<ul>\n<li>Couleur : Rouge bordeaux<\/li>\n<li>Mat\u00e9riau : 100% bambou<\/li>\n<li>Nombre de fils : 300 TC<\/li>\n<\/ul>\n<p><img loading=\"lazy\" decoding=\"async\" class=\"alignnone wp-image-20226\" src=\"https:\/\/aztex.ee\/wp-content\/uploads\/2024\/09\/oekotex100.png\" alt=\"\" width=\"196\" height=\"69\" srcset=\"https:\/\/aztex.ee\/wp-content\/uploads\/2024\/09\/oekotex100.png 204w, https:\/\/aztex.ee\/wp-content\/uploads\/2024\/09\/oekotex100-150x53.png 150w\" sizes=\"auto, (max-width: 196px) 100vw, 196px\" \/><img loading=\"lazy\" decoding=\"async\" class=\"alignnone wp-image-20260\" src=\"https:\/\/aztex.ee\/wp-content\/uploads\/2024\/09\/bambuuss.png\" alt=\"\" width=\"75\" height=\"75\" srcset=\"https:\/\/aztex.ee\/wp-content\/uploads\/2024\/09\/bambuuss.png 204w, https:\/\/aztex.ee\/wp-content\/uploads\/2024\/09\/bambuuss-150x150.png 150w\" sizes=\"auto, (max-width: 75px) 100vw, 75px\" \/><\/p>\n","protected":false},"featured_media":78352,"comment_status":"open","ping_status":"closed","template":"","meta":[],"product_brand":[],"product_cat":[1773,519],"product_tag":[],"class_list":{"0":"post-78259","1":"product","2":"type-product","3":"status-publish","4":"has-post-thumbnail","6":"product_cat-taies-doreiller","7":"product_cat-taies-doreiller-en-bambou","9":"first","10":"instock","11":"shipping-taxable","12":"purchasable","13":"product-type-variable"},"yoast_head":"<!-- This site is optimized with the Yoast SEO plugin v27.6 - https:\/\/yoast.com\/product\/yoast-seo-wordpress\/ -->\n<title>Taie d&#039;oreiller en bambou - Rouge bordeaux | AZTEX<\/title>\n<meta name=\"description\" content=\"La taie d&#039;oreiller en bambou de couleur Rouge bordeaux est douce, respirante, douce pour la peau et antibact\u00e9rienne. Id\u00e9ale pour les peaux sensibles, ...\" \/>\n<meta name=\"robots\" content=\"index, follow, max-snippet:-1, max-image-preview:large, max-video-preview:-1\" \/>\n<link rel=\"canonical\" href=\"https:\/\/aztex.ee\/fr\/pood\/taies-doreiller-en-bambou\/taie-doreiller-en-bambou-rouge-bordeaux\/\" \/>\n<meta property=\"og:locale\" content=\"fr_FR\" \/>\n<meta property=\"og:type\" content=\"article\" \/>\n<meta property=\"og:title\" content=\"Taie d&#039;oreiller en bambou - Rouge bordeaux | AZTEX\" \/>\n<meta property=\"og:description\" content=\"La taie d&#039;oreiller en bambou de couleur Rouge bordeaux est douce, respirante, douce pour la peau et antibact\u00e9rienne. Id\u00e9ale pour les peaux sensibles, ...\" \/>\n<meta property=\"og:url\" content=\"https:\/\/aztex.ee\/fr\/pood\/taies-doreiller-en-bambou\/taie-doreiller-en-bambou-rouge-bordeaux\/\" \/>\n<meta property=\"og:site_name\" content=\"AZTEX\" \/>\n<meta property=\"article:publisher\" content=\"https:\/\/www.facebook.com\/AztexEE\" \/>\n<meta property=\"article:modified_time\" content=\"2026-03-20T16:37:56+00:00\" \/>\n<meta property=\"og:image\" content=\"https:\/\/aztex.ee\/wp-content\/uploads\/2025\/04\/Bambusest-padjapuur-\u2013-Burgundia.jpg\" \/>\n\t<meta property=\"og:image:width\" content=\"800\" \/>\n\t<meta property=\"og:image:height\" content=\"800\" \/>\n\t<meta property=\"og:image:type\" content=\"image\/jpeg\" \/>\n<meta name=\"twitter:card\" content=\"summary_large_image\" \/>\n<meta name=\"twitter:label1\" content=\"Dur\u00e9e de lecture estim\u00e9e\" \/>\n\t<meta name=\"twitter:data1\" content=\"1 minute\" \/>\n<script type=\"application\/ld+json\" class=\"yoast-schema-graph\">{\"@context\":\"https:\\\/\\\/schema.org\",\"@graph\":[{\"@type\":[\"WebPage\",\"ItemPage\"],\"@id\":\"https:\\\/\\\/aztex.ee\\\/fr\\\/pood\\\/taies-doreiller-en-bambou\\\/taie-doreiller-en-bambou-rouge-bordeaux\\\/\",\"url\":\"https:\\\/\\\/aztex.ee\\\/fr\\\/pood\\\/taies-doreiller-en-bambou\\\/taie-doreiller-en-bambou-rouge-bordeaux\\\/\",\"name\":\"Taie d'oreiller en bambou - Rouge bordeaux | AZTEX\",\"isPartOf\":{\"@id\":\"https:\\\/\\\/aztex.ee\\\/fr\\\/#website\"},\"primaryImageOfPage\":{\"@id\":\"https:\\\/\\\/aztex.ee\\\/fr\\\/pood\\\/taies-doreiller-en-bambou\\\/taie-doreiller-en-bambou-rouge-bordeaux\\\/#primaryimage\"},\"image\":{\"@id\":\"https:\\\/\\\/aztex.ee\\\/fr\\\/pood\\\/taies-doreiller-en-bambou\\\/taie-doreiller-en-bambou-rouge-bordeaux\\\/#primaryimage\"},\"thumbnailUrl\":\"https:\\\/\\\/aztex.ee\\\/wp-content\\\/uploads\\\/2025\\\/04\\\/Bambusest-padjapuur-\u2013-Burgundia.jpg\",\"datePublished\":\"2025-04-07T08:04:59+00:00\",\"dateModified\":\"2026-03-20T16:37:56+00:00\",\"description\":\"La taie d'oreiller en bambou de couleur Rouge bordeaux est douce, respirante, douce pour la peau et antibact\u00e9rienne. Id\u00e9ale pour les peaux sensibles, ...\",\"breadcrumb\":{\"@id\":\"https:\\\/\\\/aztex.ee\\\/fr\\\/pood\\\/taies-doreiller-en-bambou\\\/taie-doreiller-en-bambou-rouge-bordeaux\\\/#breadcrumb\"},\"inLanguage\":\"fr-FR\",\"potentialAction\":[{\"@type\":\"ReadAction\",\"target\":[\"https:\\\/\\\/aztex.ee\\\/fr\\\/pood\\\/taies-doreiller-en-bambou\\\/taie-doreiller-en-bambou-rouge-bordeaux\\\/\"]}]},{\"@type\":\"ImageObject\",\"inLanguage\":\"fr-FR\",\"@id\":\"https:\\\/\\\/aztex.ee\\\/fr\\\/pood\\\/taies-doreiller-en-bambou\\\/taie-doreiller-en-bambou-rouge-bordeaux\\\/#primaryimage\",\"url\":\"https:\\\/\\\/aztex.ee\\\/wp-content\\\/uploads\\\/2025\\\/04\\\/Bambusest-padjapuur-\u2013-Burgundia.jpg\",\"contentUrl\":\"https:\\\/\\\/aztex.ee\\\/wp-content\\\/uploads\\\/2025\\\/04\\\/Bambusest-padjapuur-\u2013-Burgundia.jpg\",\"width\":800,\"height\":800,\"caption\":\"Bambusest padjap\u00fc\u00fcr \u2013 Burgundia\"},{\"@type\":\"BreadcrumbList\",\"@id\":\"https:\\\/\\\/aztex.ee\\\/fr\\\/pood\\\/taies-doreiller-en-bambou\\\/taie-doreiller-en-bambou-rouge-bordeaux\\\/#breadcrumb\",\"itemListElement\":[{\"@type\":\"ListItem\",\"position\":1,\"name\":\"Accueil\",\"item\":\"https:\\\/\\\/aztex.ee\\\/fr\\\/\"},{\"@type\":\"ListItem\",\"position\":2,\"name\":\"Boutique\",\"item\":\"https:\\\/\\\/aztex.ee\\\/fr\\\/boutique\\\/\"},{\"@type\":\"ListItem\",\"position\":3,\"name\":\"Taie d&#8217;oreiller en bambou \u2013 Rouge bordeaux\"}]},{\"@type\":\"WebSite\",\"@id\":\"https:\\\/\\\/aztex.ee\\\/fr\\\/#website\",\"url\":\"https:\\\/\\\/aztex.ee\\\/fr\\\/\",\"name\":\"AZTEX\",\"description\":\"\",\"publisher\":{\"@id\":\"https:\\\/\\\/aztex.ee\\\/fr\\\/#organization\"},\"potentialAction\":[{\"@type\":\"SearchAction\",\"target\":{\"@type\":\"EntryPoint\",\"urlTemplate\":\"https:\\\/\\\/aztex.ee\\\/fr\\\/?s={search_term_string}\"},\"query-input\":{\"@type\":\"PropertyValueSpecification\",\"valueRequired\":true,\"valueName\":\"search_term_string\"}}],\"inLanguage\":\"fr-FR\"},{\"@type\":\"Organization\",\"@id\":\"https:\\\/\\\/aztex.ee\\\/fr\\\/#organization\",\"name\":\"AZTEX\",\"url\":\"https:\\\/\\\/aztex.ee\\\/fr\\\/\",\"logo\":{\"@type\":\"ImageObject\",\"inLanguage\":\"fr-FR\",\"@id\":\"https:\\\/\\\/aztex.ee\\\/fr\\\/#\\\/schema\\\/logo\\\/image\\\/\",\"url\":\"https:\\\/\\\/aztex.ee\\\/wp-content\\\/uploads\\\/2026\\\/01\\\/AZTEX.png\",\"contentUrl\":\"https:\\\/\\\/aztex.ee\\\/wp-content\\\/uploads\\\/2026\\\/01\\\/AZTEX.png\",\"width\":500,\"height\":500,\"caption\":\"AZTEX\"},\"image\":{\"@id\":\"https:\\\/\\\/aztex.ee\\\/fr\\\/#\\\/schema\\\/logo\\\/image\\\/\"},\"sameAs\":[\"https:\\\/\\\/www.facebook.com\\\/AztexEE\",\"https:\\\/\\\/www.instagram.com\\\/aztexeesti\\\/\",\"https:\\\/\\\/www.youtube.com\\\/@AZTEXEE\",\"https:\\\/\\\/www.pinterest.com\\\/aztex_eesti\\\/\",\"https:\\\/\\\/www.tiktok.com\\\/@aztexeesti\",\"https:\\\/\\\/www.trustpilot.com\\\/review\\\/aztex.ee\",\"https:\\\/\\\/www.linkedin.com\\\/company\\\/aztex-ee\\\/\",\"https:\\\/\\\/www.wikidata.org\\\/wiki\\\/Q137560182\"]}]}<\/script>\n<!-- \/ Yoast SEO plugin. -->","yoast_head_json":{"title":"Taie d'oreiller en bambou - Rouge bordeaux | AZTEX","description":"La taie d'oreiller en bambou de couleur Rouge bordeaux est douce, respirante, douce pour la peau et antibact\u00e9rienne. Id\u00e9ale pour les peaux sensibles, ...","robots":{"index":"index","follow":"follow","max-snippet":"max-snippet:-1","max-image-preview":"max-image-preview:large","max-video-preview":"max-video-preview:-1"},"canonical":"https:\/\/aztex.ee\/fr\/pood\/taies-doreiller-en-bambou\/taie-doreiller-en-bambou-rouge-bordeaux\/","og_locale":"fr_FR","og_type":"article","og_title":"Taie d'oreiller en bambou - Rouge bordeaux | AZTEX","og_description":"La taie d'oreiller en bambou de couleur Rouge bordeaux est douce, respirante, douce pour la peau et antibact\u00e9rienne. Id\u00e9ale pour les peaux sensibles, ...","og_url":"https:\/\/aztex.ee\/fr\/pood\/taies-doreiller-en-bambou\/taie-doreiller-en-bambou-rouge-bordeaux\/","og_site_name":"AZTEX","article_publisher":"https:\/\/www.facebook.com\/AztexEE","article_modified_time":"2026-03-20T16:37:56+00:00","og_image":[{"width":800,"height":800,"url":"https:\/\/aztex.ee\/wp-content\/uploads\/2025\/04\/Bambusest-padjapuur-\u2013-Burgundia.jpg","type":"image\/jpeg"}],"twitter_card":"summary_large_image","twitter_misc":{"Dur\u00e9e de lecture estim\u00e9e":"1 minute"},"schema":{"@context":"https:\/\/schema.org","@graph":[{"@type":["WebPage","ItemPage"],"@id":"https:\/\/aztex.ee\/fr\/pood\/taies-doreiller-en-bambou\/taie-doreiller-en-bambou-rouge-bordeaux\/","url":"https:\/\/aztex.ee\/fr\/pood\/taies-doreiller-en-bambou\/taie-doreiller-en-bambou-rouge-bordeaux\/","name":"Taie d'oreiller en bambou - Rouge bordeaux | AZTEX","isPartOf":{"@id":"https:\/\/aztex.ee\/fr\/#website"},"primaryImageOfPage":{"@id":"https:\/\/aztex.ee\/fr\/pood\/taies-doreiller-en-bambou\/taie-doreiller-en-bambou-rouge-bordeaux\/#primaryimage"},"image":{"@id":"https:\/\/aztex.ee\/fr\/pood\/taies-doreiller-en-bambou\/taie-doreiller-en-bambou-rouge-bordeaux\/#primaryimage"},"thumbnailUrl":"https:\/\/aztex.ee\/wp-content\/uploads\/2025\/04\/Bambusest-padjapuur-\u2013-Burgundia.jpg","datePublished":"2025-04-07T08:04:59+00:00","dateModified":"2026-03-20T16:37:56+00:00","description":"La taie d'oreiller en bambou de couleur Rouge bordeaux est douce, respirante, douce pour la peau et antibact\u00e9rienne. Id\u00e9ale pour les peaux sensibles, ...","breadcrumb":{"@id":"https:\/\/aztex.ee\/fr\/pood\/taies-doreiller-en-bambou\/taie-doreiller-en-bambou-rouge-bordeaux\/#breadcrumb"},"inLanguage":"fr-FR","potentialAction":[{"@type":"ReadAction","target":["https:\/\/aztex.ee\/fr\/pood\/taies-doreiller-en-bambou\/taie-doreiller-en-bambou-rouge-bordeaux\/"]}]},{"@type":"ImageObject","inLanguage":"fr-FR","@id":"https:\/\/aztex.ee\/fr\/pood\/taies-doreiller-en-bambou\/taie-doreiller-en-bambou-rouge-bordeaux\/#primaryimage","url":"https:\/\/aztex.ee\/wp-content\/uploads\/2025\/04\/Bambusest-padjapuur-\u2013-Burgundia.jpg","contentUrl":"https:\/\/aztex.ee\/wp-content\/uploads\/2025\/04\/Bambusest-padjapuur-\u2013-Burgundia.jpg","width":800,"height":800,"caption":"Bambusest padjap\u00fc\u00fcr \u2013 Burgundia"},{"@type":"BreadcrumbList","@id":"https:\/\/aztex.ee\/fr\/pood\/taies-doreiller-en-bambou\/taie-doreiller-en-bambou-rouge-bordeaux\/#breadcrumb","itemListElement":[{"@type":"ListItem","position":1,"name":"Accueil","item":"https:\/\/aztex.ee\/fr\/"},{"@type":"ListItem","position":2,"name":"Boutique","item":"https:\/\/aztex.ee\/fr\/boutique\/"},{"@type":"ListItem","position":3,"name":"Taie d&#8217;oreiller en bambou \u2013 Rouge bordeaux"}]},{"@type":"WebSite","@id":"https:\/\/aztex.ee\/fr\/#website","url":"https:\/\/aztex.ee\/fr\/","name":"AZTEX","description":"","publisher":{"@id":"https:\/\/aztex.ee\/fr\/#organization"},"potentialAction":[{"@type":"SearchAction","target":{"@type":"EntryPoint","urlTemplate":"https:\/\/aztex.ee\/fr\/?s={search_term_string}"},"query-input":{"@type":"PropertyValueSpecification","valueRequired":true,"valueName":"search_term_string"}}],"inLanguage":"fr-FR"},{"@type":"Organization","@id":"https:\/\/aztex.ee\/fr\/#organization","name":"AZTEX","url":"https:\/\/aztex.ee\/fr\/","logo":{"@type":"ImageObject","inLanguage":"fr-FR","@id":"https:\/\/aztex.ee\/fr\/#\/schema\/logo\/image\/","url":"https:\/\/aztex.ee\/wp-content\/uploads\/2026\/01\/AZTEX.png","contentUrl":"https:\/\/aztex.ee\/wp-content\/uploads\/2026\/01\/AZTEX.png","width":500,"height":500,"caption":"AZTEX"},"image":{"@id":"https:\/\/aztex.ee\/fr\/#\/schema\/logo\/image\/"},"sameAs":["https:\/\/www.facebook.com\/AztexEE","https:\/\/www.instagram.com\/aztexeesti\/","https:\/\/www.youtube.com\/@AZTEXEE","https:\/\/www.pinterest.com\/aztex_eesti\/","https:\/\/www.tiktok.com\/@aztexeesti","https:\/\/www.trustpilot.com\/review\/aztex.ee","https:\/\/www.linkedin.com\/company\/aztex-ee\/","https:\/\/www.wikidata.org\/wiki\/Q137560182"]}]}},"_links":{"self":[{"href":"https:\/\/aztex.ee\/fr\/wp-json\/wp\/v2\/product\/78259","targetHints":{"allow":["GET"]}}],"collection":[{"href":"https:\/\/aztex.ee\/fr\/wp-json\/wp\/v2\/product"}],"about":[{"href":"https:\/\/aztex.ee\/fr\/wp-json\/wp\/v2\/types\/product"}],"replies":[{"embeddable":true,"href":"https:\/\/aztex.ee\/fr\/wp-json\/wp\/v2\/comments?post=78259"}],"version-history":[{"count":0,"href":"https:\/\/aztex.ee\/fr\/wp-json\/wp\/v2\/product\/78259\/revisions"}],"wp:featuredmedia":[{"embeddable":true,"href":"https:\/\/aztex.ee\/fr\/wp-json\/wp\/v2\/media\/78352"}],"wp:attachment":[{"href":"https:\/\/aztex.ee\/fr\/wp-json\/wp\/v2\/media?parent=78259"}],"wp:term":[{"taxonomy":"product_brand","embeddable":true,"href":"https:\/\/aztex.ee\/fr\/wp-json\/wp\/v2\/product_brand?post=78259"},{"taxonomy":"product_cat","embeddable":true,"href":"https:\/\/aztex.ee\/fr\/wp-json\/wp\/v2\/product_cat?post=78259"},{"taxonomy":"product_tag","embeddable":true,"href":"https:\/\/aztex.ee\/fr\/wp-json\/wp\/v2\/product_tag?post=78259"}],"curies":[{"name":"wp","href":"https:\/\/api.w.org\/{rel}","templated":true}]}}