{"id":76113,"date":"2025-03-31T23:25:38","date_gmt":"2025-03-31T23:25:38","guid":{"rendered":"https:\/\/aztex.ee\/?post_type=product&#038;p=76113"},"modified":"2026-03-15T19:20:12","modified_gmt":"2026-03-15T19:20:12","slug":"serviette-en-coton-doux","status":"publish","type":"product","link":"https:\/\/aztex.ee\/fr\/pood\/serviettes-et-serviettes-de-bain\/serviette-en-coton-doux\/","title":{"rendered":"Serviette de toilette coton 35&#215;75 cm"},"content":{"rendered":"<p><strong>Serviette en coton \u2013 naturelle et douce<\/strong><\/p>\n<p>Une serviette en coton est le choix id\u00e9al pour ceux qui appr\u00e9cient les mati\u00e8res naturelles et durables. 100% coton, biod\u00e9gradable et exempt de traitements chimiques, est respectueux de l&rsquo;environnement et de la peau. Il laisse respirer la peau, ne g\u00e9n\u00e8re pas d&rsquo;\u00e9lectricit\u00e9 statique et n&rsquo;irrite pas la peau, ce qui le rend id\u00e9al pour les peaux sensibles et allergiques.<\/p>\n<p><strong>Doux<\/strong><\/p>\n<p>La texture douce et moelleuse d&rsquo;une serviette en coton offre un confort luxueux \u00e0 chaque utilisation. Sa mati\u00e8re naturelle est douce pour la peau et fait du s\u00e9chage un rituel agr\u00e9able. De plus, la serviette conserve sa douceur m\u00eame apr\u00e8s de nombreux lavages, offrant un confort durable, au quotidien comme pour les moments privil\u00e9gi\u00e9s.<\/p>\n<p><strong>Excellente absorption et s\u00e9chage rapide<\/strong><\/p>\n<p>Une serviette en coton absorbe rapidement l&rsquo;humidit\u00e9, permettant \u00e0 la peau de s\u00e9cher naturellement sans frottement excessif. Gr\u00e2ce \u00e0 sa mati\u00e8re respirante, elle s\u00e8che rapidement m\u00eame dans les environnements humides, ce qui pr\u00e9vient les mauvaises odeurs et les moisissures. C&rsquo;est donc un choix pratique pour une utilisation \u00e0 la maison, au sauna, \u00e0 la piscine ou \u00e0 la plage.<\/p>\n<p><strong>Durable et durable<\/strong><\/p>\n<p>Une serviette en coton est con\u00e7ue pour durer. Des fibres de haute qualit\u00e9 et des coutures soign\u00e9es garantissent que la serviette conserve sa forme et sa texture m\u00eame apr\u00e8s de nombreux lavages. Son design intemporel et sa durabilit\u00e9 en font un choix id\u00e9al pour un usage quotidien ou comme cadeau pour ceux qui appr\u00e9cient la qualit\u00e9 et la praticit\u00e9.<\/p>\n<p><strong>Utilisation polyvalente<\/strong><\/p>\n<p>Plus qu&rsquo;un simple accessoire de salle de bain, cette serviette est un compagnon pratique dans de nombreuses situations. Gr\u00e2ce \u00e0 son excellent pouvoir absorbant et \u00e0 sa l\u00e9g\u00e8ret\u00e9, elle est id\u00e9ale pour le sauna, la piscine, la plage et le sac de sport. Compacte et \u00e0 s\u00e9chage rapide, elle est \u00e9galement id\u00e9ale en voyage, offrant confort et fonctionnalit\u00e9 o\u00f9 que vous alliez.<\/p>\n<p><strong>Entretien facile et fra\u00eecheur longue dur\u00e9e<\/strong><\/p>\n<p>La serviette en coton est facile d&rsquo;entretien\u00a0: lavable en machine, elle conserve sa douceur et sa couleur m\u00eame apr\u00e8s plusieurs lavages. Il est recommand\u00e9 de laver \u00e0 basse temp\u00e9rature et d&rsquo;\u00e9viter l&rsquo;utilisation excessive d&rsquo;adoucissant afin de pr\u00e9server son pouvoir absorbant et sa respirabilit\u00e9. Avec un entretien appropri\u00e9, elle restera fra\u00eeche, douce et agr\u00e9able \u00e0 utiliser pendant des ann\u00e9es.<\/p>\n<p>Si vous recherchez une serviette douce, durable et respectueuse de l&rsquo;environnement, c&rsquo;est le choix id\u00e9al. Sa composition naturelle, son s\u00e9chage rapide et sa facilit\u00e9 d&rsquo;entretien en font un produit fiable. Son design intemporel et sa qualit\u00e9 garantissent un confort et un style durables.<\/p>\n","protected":false},"excerpt":{"rendered":"<ul>\n<li>Mat\u00e9riau : 100% coton<\/li>\n<li>Taille : 35\u00d775 cm \u00b13<\/li>\n<li>Poids : 400g\/m2<\/li>\n<\/ul>\n","protected":false},"featured_media":76176,"comment_status":"open","ping_status":"closed","template":"","meta":[],"product_brand":[],"product_cat":[1731,773,478],"product_tag":[],"class_list":{"0":"post-76113","1":"product","2":"type-product","3":"status-publish","4":"has-post-thumbnail","6":"product_cat-serviettes","7":"product_cat-serviettes-35x75-cm","8":"product_cat-serviettes-et-serviettes-de-bain","10":"first","11":"instock","12":"shipping-taxable","13":"purchasable","14":"product-type-variable"},"yoast_head":"<!-- This site is optimized with the Yoast SEO plugin v27.3 - https:\/\/yoast.com\/product\/yoast-seo-wordpress\/ -->\n<title>Serviette coton doux | AZTEX<\/title>\n<meta name=\"description\" content=\"La serviette en coton de haute qualit\u00e9 est douce et durable, garantissant le confort, ce qui en fait le choix parfait pour tout moment o\u00f9 vous avez besoin\" \/>\n<meta name=\"robots\" content=\"index, follow, max-snippet:-1, max-image-preview:large, max-video-preview:-1\" \/>\n<link rel=\"canonical\" href=\"https:\/\/aztex.ee\/fr\/pood\/serviettes-et-serviettes-de-bain\/serviette-en-coton-doux\/\" \/>\n<meta property=\"og:locale\" content=\"fr_FR\" \/>\n<meta property=\"og:type\" content=\"article\" \/>\n<meta property=\"og:title\" content=\"Serviette coton doux | AZTEX\" \/>\n<meta property=\"og:description\" content=\"La serviette en coton de haute qualit\u00e9 est douce et durable, garantissant le confort, ce qui en fait le choix parfait pour tout moment o\u00f9 vous avez besoin\" \/>\n<meta property=\"og:url\" content=\"https:\/\/aztex.ee\/fr\/pood\/serviettes-et-serviettes-de-bain\/serviette-en-coton-doux\/\" \/>\n<meta property=\"og:site_name\" content=\"AZTEX\" \/>\n<meta property=\"article:publisher\" content=\"https:\/\/www.facebook.com\/AztexEE\" \/>\n<meta property=\"article:modified_time\" content=\"2026-03-15T19:20:12+00:00\" \/>\n<meta property=\"og:image\" content=\"https:\/\/aztex.ee\/wp-content\/uploads\/2025\/03\/Puuvillane-ratik.jpg\" \/>\n\t<meta property=\"og:image:width\" content=\"800\" \/>\n\t<meta property=\"og:image:height\" content=\"800\" \/>\n\t<meta property=\"og:image:type\" content=\"image\/jpeg\" \/>\n<meta name=\"twitter:card\" content=\"summary_large_image\" \/>\n<meta name=\"twitter:label1\" content=\"Dur\u00e9e de lecture estim\u00e9e\" \/>\n\t<meta name=\"twitter:data1\" content=\"3 minutes\" \/>\n<script type=\"application\/ld+json\" class=\"yoast-schema-graph\">{\"@context\":\"https:\\\/\\\/schema.org\",\"@graph\":[{\"@type\":[\"WebPage\",\"ItemPage\"],\"@id\":\"https:\\\/\\\/aztex.ee\\\/fr\\\/pood\\\/serviettes-et-serviettes-de-bain\\\/serviette-en-coton-doux\\\/\",\"url\":\"https:\\\/\\\/aztex.ee\\\/fr\\\/pood\\\/serviettes-et-serviettes-de-bain\\\/serviette-en-coton-doux\\\/\",\"name\":\"Serviette coton doux | AZTEX\",\"isPartOf\":{\"@id\":\"https:\\\/\\\/aztex.ee\\\/fr\\\/#website\"},\"primaryImageOfPage\":{\"@id\":\"https:\\\/\\\/aztex.ee\\\/fr\\\/pood\\\/serviettes-et-serviettes-de-bain\\\/serviette-en-coton-doux\\\/#primaryimage\"},\"image\":{\"@id\":\"https:\\\/\\\/aztex.ee\\\/fr\\\/pood\\\/serviettes-et-serviettes-de-bain\\\/serviette-en-coton-doux\\\/#primaryimage\"},\"thumbnailUrl\":\"https:\\\/\\\/aztex.ee\\\/wp-content\\\/uploads\\\/2025\\\/03\\\/Puuvillane-ratik.jpg\",\"datePublished\":\"2025-03-31T23:25:38+00:00\",\"dateModified\":\"2026-03-15T19:20:12+00:00\",\"description\":\"La serviette en coton de haute qualit\u00e9 est douce et durable, garantissant le confort, ce qui en fait le choix parfait pour tout moment o\u00f9 vous avez besoin\",\"breadcrumb\":{\"@id\":\"https:\\\/\\\/aztex.ee\\\/fr\\\/pood\\\/serviettes-et-serviettes-de-bain\\\/serviette-en-coton-doux\\\/#breadcrumb\"},\"inLanguage\":\"fr-FR\",\"potentialAction\":[{\"@type\":\"ReadAction\",\"target\":[\"https:\\\/\\\/aztex.ee\\\/fr\\\/pood\\\/serviettes-et-serviettes-de-bain\\\/serviette-en-coton-doux\\\/\"]}]},{\"@type\":\"ImageObject\",\"inLanguage\":\"fr-FR\",\"@id\":\"https:\\\/\\\/aztex.ee\\\/fr\\\/pood\\\/serviettes-et-serviettes-de-bain\\\/serviette-en-coton-doux\\\/#primaryimage\",\"url\":\"https:\\\/\\\/aztex.ee\\\/wp-content\\\/uploads\\\/2025\\\/03\\\/Puuvillane-ratik.jpg\",\"contentUrl\":\"https:\\\/\\\/aztex.ee\\\/wp-content\\\/uploads\\\/2025\\\/03\\\/Puuvillane-ratik.jpg\",\"width\":800,\"height\":800,\"caption\":\"Puuvillane r\u00e4tik\"},{\"@type\":\"BreadcrumbList\",\"@id\":\"https:\\\/\\\/aztex.ee\\\/fr\\\/pood\\\/serviettes-et-serviettes-de-bain\\\/serviette-en-coton-doux\\\/#breadcrumb\",\"itemListElement\":[{\"@type\":\"ListItem\",\"position\":1,\"name\":\"Accueil\",\"item\":\"https:\\\/\\\/aztex.ee\\\/fr\\\/\"},{\"@type\":\"ListItem\",\"position\":2,\"name\":\"Boutique\",\"item\":\"https:\\\/\\\/aztex.ee\\\/fr\\\/boutique\\\/\"},{\"@type\":\"ListItem\",\"position\":3,\"name\":\"Serviette de toilette coton 35&#215;75 cm\"}]},{\"@type\":\"WebSite\",\"@id\":\"https:\\\/\\\/aztex.ee\\\/fr\\\/#website\",\"url\":\"https:\\\/\\\/aztex.ee\\\/fr\\\/\",\"name\":\"AZTEX\",\"description\":\"\",\"publisher\":{\"@id\":\"https:\\\/\\\/aztex.ee\\\/fr\\\/#organization\"},\"potentialAction\":[{\"@type\":\"SearchAction\",\"target\":{\"@type\":\"EntryPoint\",\"urlTemplate\":\"https:\\\/\\\/aztex.ee\\\/fr\\\/?s={search_term_string}\"},\"query-input\":{\"@type\":\"PropertyValueSpecification\",\"valueRequired\":true,\"valueName\":\"search_term_string\"}}],\"inLanguage\":\"fr-FR\"},{\"@type\":\"Organization\",\"@id\":\"https:\\\/\\\/aztex.ee\\\/fr\\\/#organization\",\"name\":\"AZTEX\",\"url\":\"https:\\\/\\\/aztex.ee\\\/fr\\\/\",\"logo\":{\"@type\":\"ImageObject\",\"inLanguage\":\"fr-FR\",\"@id\":\"https:\\\/\\\/aztex.ee\\\/fr\\\/#\\\/schema\\\/logo\\\/image\\\/\",\"url\":\"https:\\\/\\\/aztex.ee\\\/wp-content\\\/uploads\\\/2026\\\/01\\\/AZTEX.png\",\"contentUrl\":\"https:\\\/\\\/aztex.ee\\\/wp-content\\\/uploads\\\/2026\\\/01\\\/AZTEX.png\",\"width\":500,\"height\":500,\"caption\":\"AZTEX\"},\"image\":{\"@id\":\"https:\\\/\\\/aztex.ee\\\/fr\\\/#\\\/schema\\\/logo\\\/image\\\/\"},\"sameAs\":[\"https:\\\/\\\/www.facebook.com\\\/AztexEE\",\"https:\\\/\\\/www.instagram.com\\\/aztexeesti\\\/\",\"https:\\\/\\\/www.youtube.com\\\/@AZTEXEE\",\"https:\\\/\\\/www.pinterest.com\\\/aztex_eesti\\\/\",\"https:\\\/\\\/www.tiktok.com\\\/@aztexeesti\",\"https:\\\/\\\/www.trustpilot.com\\\/review\\\/aztex.ee\",\"https:\\\/\\\/www.linkedin.com\\\/company\\\/aztex-ee\\\/\",\"https:\\\/\\\/www.wikidata.org\\\/wiki\\\/Q137560182\"]}]}<\/script>\n<!-- \/ Yoast SEO plugin. -->","yoast_head_json":{"title":"Serviette coton doux | AZTEX","description":"La serviette en coton de haute qualit\u00e9 est douce et durable, garantissant le confort, ce qui en fait le choix parfait pour tout moment o\u00f9 vous avez besoin","robots":{"index":"index","follow":"follow","max-snippet":"max-snippet:-1","max-image-preview":"max-image-preview:large","max-video-preview":"max-video-preview:-1"},"canonical":"https:\/\/aztex.ee\/fr\/pood\/serviettes-et-serviettes-de-bain\/serviette-en-coton-doux\/","og_locale":"fr_FR","og_type":"article","og_title":"Serviette coton doux | AZTEX","og_description":"La serviette en coton de haute qualit\u00e9 est douce et durable, garantissant le confort, ce qui en fait le choix parfait pour tout moment o\u00f9 vous avez besoin","og_url":"https:\/\/aztex.ee\/fr\/pood\/serviettes-et-serviettes-de-bain\/serviette-en-coton-doux\/","og_site_name":"AZTEX","article_publisher":"https:\/\/www.facebook.com\/AztexEE","article_modified_time":"2026-03-15T19:20:12+00:00","og_image":[{"width":800,"height":800,"url":"https:\/\/aztex.ee\/wp-content\/uploads\/2025\/03\/Puuvillane-ratik.jpg","type":"image\/jpeg"}],"twitter_card":"summary_large_image","twitter_misc":{"Dur\u00e9e de lecture estim\u00e9e":"3 minutes"},"schema":{"@context":"https:\/\/schema.org","@graph":[{"@type":["WebPage","ItemPage"],"@id":"https:\/\/aztex.ee\/fr\/pood\/serviettes-et-serviettes-de-bain\/serviette-en-coton-doux\/","url":"https:\/\/aztex.ee\/fr\/pood\/serviettes-et-serviettes-de-bain\/serviette-en-coton-doux\/","name":"Serviette coton doux | AZTEX","isPartOf":{"@id":"https:\/\/aztex.ee\/fr\/#website"},"primaryImageOfPage":{"@id":"https:\/\/aztex.ee\/fr\/pood\/serviettes-et-serviettes-de-bain\/serviette-en-coton-doux\/#primaryimage"},"image":{"@id":"https:\/\/aztex.ee\/fr\/pood\/serviettes-et-serviettes-de-bain\/serviette-en-coton-doux\/#primaryimage"},"thumbnailUrl":"https:\/\/aztex.ee\/wp-content\/uploads\/2025\/03\/Puuvillane-ratik.jpg","datePublished":"2025-03-31T23:25:38+00:00","dateModified":"2026-03-15T19:20:12+00:00","description":"La serviette en coton de haute qualit\u00e9 est douce et durable, garantissant le confort, ce qui en fait le choix parfait pour tout moment o\u00f9 vous avez besoin","breadcrumb":{"@id":"https:\/\/aztex.ee\/fr\/pood\/serviettes-et-serviettes-de-bain\/serviette-en-coton-doux\/#breadcrumb"},"inLanguage":"fr-FR","potentialAction":[{"@type":"ReadAction","target":["https:\/\/aztex.ee\/fr\/pood\/serviettes-et-serviettes-de-bain\/serviette-en-coton-doux\/"]}]},{"@type":"ImageObject","inLanguage":"fr-FR","@id":"https:\/\/aztex.ee\/fr\/pood\/serviettes-et-serviettes-de-bain\/serviette-en-coton-doux\/#primaryimage","url":"https:\/\/aztex.ee\/wp-content\/uploads\/2025\/03\/Puuvillane-ratik.jpg","contentUrl":"https:\/\/aztex.ee\/wp-content\/uploads\/2025\/03\/Puuvillane-ratik.jpg","width":800,"height":800,"caption":"Puuvillane r\u00e4tik"},{"@type":"BreadcrumbList","@id":"https:\/\/aztex.ee\/fr\/pood\/serviettes-et-serviettes-de-bain\/serviette-en-coton-doux\/#breadcrumb","itemListElement":[{"@type":"ListItem","position":1,"name":"Accueil","item":"https:\/\/aztex.ee\/fr\/"},{"@type":"ListItem","position":2,"name":"Boutique","item":"https:\/\/aztex.ee\/fr\/boutique\/"},{"@type":"ListItem","position":3,"name":"Serviette de toilette coton 35&#215;75 cm"}]},{"@type":"WebSite","@id":"https:\/\/aztex.ee\/fr\/#website","url":"https:\/\/aztex.ee\/fr\/","name":"AZTEX","description":"","publisher":{"@id":"https:\/\/aztex.ee\/fr\/#organization"},"potentialAction":[{"@type":"SearchAction","target":{"@type":"EntryPoint","urlTemplate":"https:\/\/aztex.ee\/fr\/?s={search_term_string}"},"query-input":{"@type":"PropertyValueSpecification","valueRequired":true,"valueName":"search_term_string"}}],"inLanguage":"fr-FR"},{"@type":"Organization","@id":"https:\/\/aztex.ee\/fr\/#organization","name":"AZTEX","url":"https:\/\/aztex.ee\/fr\/","logo":{"@type":"ImageObject","inLanguage":"fr-FR","@id":"https:\/\/aztex.ee\/fr\/#\/schema\/logo\/image\/","url":"https:\/\/aztex.ee\/wp-content\/uploads\/2026\/01\/AZTEX.png","contentUrl":"https:\/\/aztex.ee\/wp-content\/uploads\/2026\/01\/AZTEX.png","width":500,"height":500,"caption":"AZTEX"},"image":{"@id":"https:\/\/aztex.ee\/fr\/#\/schema\/logo\/image\/"},"sameAs":["https:\/\/www.facebook.com\/AztexEE","https:\/\/www.instagram.com\/aztexeesti\/","https:\/\/www.youtube.com\/@AZTEXEE","https:\/\/www.pinterest.com\/aztex_eesti\/","https:\/\/www.tiktok.com\/@aztexeesti","https:\/\/www.trustpilot.com\/review\/aztex.ee","https:\/\/www.linkedin.com\/company\/aztex-ee\/","https:\/\/www.wikidata.org\/wiki\/Q137560182"]}]}},"_links":{"self":[{"href":"https:\/\/aztex.ee\/fr\/wp-json\/wp\/v2\/product\/76113","targetHints":{"allow":["GET"]}}],"collection":[{"href":"https:\/\/aztex.ee\/fr\/wp-json\/wp\/v2\/product"}],"about":[{"href":"https:\/\/aztex.ee\/fr\/wp-json\/wp\/v2\/types\/product"}],"replies":[{"embeddable":true,"href":"https:\/\/aztex.ee\/fr\/wp-json\/wp\/v2\/comments?post=76113"}],"version-history":[{"count":0,"href":"https:\/\/aztex.ee\/fr\/wp-json\/wp\/v2\/product\/76113\/revisions"}],"wp:featuredmedia":[{"embeddable":true,"href":"https:\/\/aztex.ee\/fr\/wp-json\/wp\/v2\/media\/76176"}],"wp:attachment":[{"href":"https:\/\/aztex.ee\/fr\/wp-json\/wp\/v2\/media?parent=76113"}],"wp:term":[{"taxonomy":"product_brand","embeddable":true,"href":"https:\/\/aztex.ee\/fr\/wp-json\/wp\/v2\/product_brand?post=76113"},{"taxonomy":"product_cat","embeddable":true,"href":"https:\/\/aztex.ee\/fr\/wp-json\/wp\/v2\/product_cat?post=76113"},{"taxonomy":"product_tag","embeddable":true,"href":"https:\/\/aztex.ee\/fr\/wp-json\/wp\/v2\/product_tag?post=76113"}],"curies":[{"name":"wp","href":"https:\/\/api.w.org\/{rel}","templated":true}]}}