{"id":73161,"date":"2025-03-26T23:20:05","date_gmt":"2025-03-26T23:20:05","guid":{"rendered":"https:\/\/aztex.ee\/?post_type=product&#038;p=73161"},"modified":"2026-04-08T10:48:37","modified_gmt":"2026-04-08T10:48:37","slug":"serviette-de-toilette-coton-35x75-cm","status":"publish","type":"product","link":"https:\/\/aztex.ee\/fr\/pood\/serviettes-et-serviettes-de-bain\/serviette-de-toilette-coton-35x75-cm\/","title":{"rendered":"Serviette de toilette coton 35&#215;75 cm"},"content":{"rendered":"<p><strong>Serviette en coton \u2013 Douceur et durabilit\u00e9<\/strong><\/p>\n<p>Le coton est l&rsquo;une des mati\u00e8res les plus populaires pour la confection de serviettes, car il est naturellement doux, respirant et agr\u00e9able pour la peau. Cette serviette est fabriqu\u00e9e en coton de haute qualit\u00e9, agr\u00e9able au toucher et convient \u00e9galement aux peaux sensibles. La fibre naturelle laisse passer l&rsquo;air, ce qui permet \u00e0 la serviette de s\u00e9cher rapidement et offre un confort optimal au quotidien.<\/p>\n<p><strong>Excellente absorption et s\u00e9chage rapide<\/strong><\/p>\n<p>Une serviette en coton absorbe l&rsquo;humidit\u00e9 rapidement et efficacement, rendant le s\u00e9chage particuli\u00e8rement confortable et agr\u00e9able. Gr\u00e2ce \u00e0 cela, elle est parfaite pour la salle de bain, le sauna et la plage. De plus, une serviette en coton s\u00e8che rapidement, ce qui pr\u00e9vient les mauvaises odeurs et la garde fra\u00eeche longtemps.<\/p>\n<p><strong>Durable et de haute qualit\u00e9<\/strong><\/p>\n<p>Une mati\u00e8re soigneusement s\u00e9lectionn\u00e9e et des coutures solides garantissent que la serviette r\u00e9siste aux lavages fr\u00e9quents, conservant ainsi sa douceur et son bon pouvoir absorbant pendant longtemps. Gr\u00e2ce \u00e0 une technique de tissage de haute qualit\u00e9, la serviette ne s&rsquo;encombre pas et ne perd pas sa forme initiale. Elle restera ainsi douce et vous accompagnera pendant des ann\u00e9es.<\/p>\n<p><strong>\u00c9l\u00e9gante et polyvalente<\/strong><\/p>\n<p>Cette serviette en coton est disponible en plusieurs coloris \u00e9l\u00e9gants pour s&rsquo;harmoniser avec toutes les salles de bains. Son design classique et intemporel la rend facile \u00e0 assortir avec d&rsquo;autres textiles de salle de bains.<\/p>\n<p><strong>Facile d&rsquo;entretien et fra\u00eecheur longue dur\u00e9e<\/strong><\/p>\n<p>La serviette en coton est facile d&rsquo;entretien, lavable en machine et conserve sa couleur et sa douceur m\u00eame apr\u00e8s plusieurs lavages. Pour un r\u00e9sultat optimal, il est recommand\u00e9 de la laver \u00e0 basse temp\u00e9rature et d&rsquo;\u00e9viter l&rsquo;utilisation excessive d&rsquo;adoucissant, qui pourrait affecter son pouvoir absorbant. Avec un entretien appropri\u00e9, la serviette restera douce, absorbante et agr\u00e9ablement fra\u00eeche longtemps.<\/p>\n<p>La serviette en coton offre une douceur naturelle, une excellente absorption et une grande durabilit\u00e9, ce qui en fait un choix fiable et durable pour un usage quotidien.<\/p>\n","protected":false},"excerpt":{"rendered":"<ul>\n<li>Mat\u00e9riau : 100% coton<\/li>\n<li>Taille : 35\u00d775 cm \u00b13<\/li>\n<li>Poids : 450g\/m2<\/li>\n<\/ul>\n","protected":false},"featured_media":73266,"comment_status":"open","ping_status":"closed","template":"","meta":[],"product_brand":[],"product_cat":[1731,773,478],"product_tag":[],"class_list":{"0":"post-73161","1":"product","2":"type-product","3":"status-publish","4":"has-post-thumbnail","6":"product_cat-serviettes","7":"product_cat-serviettes-35x75-cm","8":"product_cat-serviettes-et-serviettes-de-bain","10":"first","11":"instock","12":"shipping-taxable","13":"purchasable","14":"product-type-variable"},"yoast_head":"<!-- This site is optimized with the Yoast SEO plugin v27.4 - https:\/\/yoast.com\/product\/yoast-seo-wordpress\/ -->\n<title>Serviette de toilette coton - 100% coton biologique | AZTEX<\/title>\n<meta name=\"description\" content=\"La serviette en coton douce et tr\u00e8s absorbante est le choix parfait pour un usage quotidien, offrant une qualit\u00e9 exceptionnelle, un confort durable et ...\" \/>\n<meta name=\"robots\" content=\"index, follow, max-snippet:-1, max-image-preview:large, max-video-preview:-1\" \/>\n<link rel=\"canonical\" href=\"https:\/\/aztex.ee\/fr\/pood\/serviettes-et-serviettes-de-bain\/serviette-de-toilette-coton-35x75-cm\/\" \/>\n<meta property=\"og:locale\" content=\"fr_FR\" \/>\n<meta property=\"og:type\" content=\"article\" \/>\n<meta property=\"og:title\" content=\"Serviette de toilette coton - 100% coton biologique | AZTEX\" \/>\n<meta property=\"og:description\" content=\"La serviette en coton douce et tr\u00e8s absorbante est le choix parfait pour un usage quotidien, offrant une qualit\u00e9 exceptionnelle, un confort durable et ...\" \/>\n<meta property=\"og:url\" content=\"https:\/\/aztex.ee\/fr\/pood\/serviettes-et-serviettes-de-bain\/serviette-de-toilette-coton-35x75-cm\/\" \/>\n<meta property=\"og:site_name\" content=\"AZTEX\" \/>\n<meta property=\"article:publisher\" content=\"https:\/\/www.facebook.com\/AztexEE\" \/>\n<meta property=\"article:modified_time\" content=\"2026-04-08T10:48:37+00:00\" \/>\n<meta property=\"og:image\" content=\"https:\/\/aztex.ee\/wp-content\/uploads\/2025\/03\/Puuvillane-ratik-35x75-cm.jpg\" \/>\n\t<meta property=\"og:image:width\" content=\"800\" \/>\n\t<meta property=\"og:image:height\" content=\"800\" \/>\n\t<meta property=\"og:image:type\" content=\"image\/jpeg\" \/>\n<meta name=\"twitter:card\" content=\"summary_large_image\" \/>\n<meta name=\"twitter:label1\" content=\"Dur\u00e9e de lecture estim\u00e9e\" \/>\n\t<meta name=\"twitter:data1\" content=\"2 minutes\" \/>\n<script type=\"application\/ld+json\" class=\"yoast-schema-graph\">{\"@context\":\"https:\\\/\\\/schema.org\",\"@graph\":[{\"@type\":[\"WebPage\",\"ItemPage\"],\"@id\":\"https:\\\/\\\/aztex.ee\\\/fr\\\/pood\\\/serviettes-et-serviettes-de-bain\\\/serviette-de-toilette-coton-35x75-cm\\\/\",\"url\":\"https:\\\/\\\/aztex.ee\\\/fr\\\/pood\\\/serviettes-et-serviettes-de-bain\\\/serviette-de-toilette-coton-35x75-cm\\\/\",\"name\":\"Serviette de toilette coton - 100% coton biologique | AZTEX\",\"isPartOf\":{\"@id\":\"https:\\\/\\\/aztex.ee\\\/fr\\\/#website\"},\"primaryImageOfPage\":{\"@id\":\"https:\\\/\\\/aztex.ee\\\/fr\\\/pood\\\/serviettes-et-serviettes-de-bain\\\/serviette-de-toilette-coton-35x75-cm\\\/#primaryimage\"},\"image\":{\"@id\":\"https:\\\/\\\/aztex.ee\\\/fr\\\/pood\\\/serviettes-et-serviettes-de-bain\\\/serviette-de-toilette-coton-35x75-cm\\\/#primaryimage\"},\"thumbnailUrl\":\"https:\\\/\\\/aztex.ee\\\/wp-content\\\/uploads\\\/2025\\\/03\\\/Puuvillane-ratik-35x75-cm.jpg\",\"datePublished\":\"2025-03-26T23:20:05+00:00\",\"dateModified\":\"2026-04-08T10:48:37+00:00\",\"description\":\"La serviette en coton douce et tr\u00e8s absorbante est le choix parfait pour un usage quotidien, offrant une qualit\u00e9 exceptionnelle, un confort durable et ...\",\"breadcrumb\":{\"@id\":\"https:\\\/\\\/aztex.ee\\\/fr\\\/pood\\\/serviettes-et-serviettes-de-bain\\\/serviette-de-toilette-coton-35x75-cm\\\/#breadcrumb\"},\"inLanguage\":\"fr-FR\",\"potentialAction\":[{\"@type\":\"ReadAction\",\"target\":[\"https:\\\/\\\/aztex.ee\\\/fr\\\/pood\\\/serviettes-et-serviettes-de-bain\\\/serviette-de-toilette-coton-35x75-cm\\\/\"]}]},{\"@type\":\"ImageObject\",\"inLanguage\":\"fr-FR\",\"@id\":\"https:\\\/\\\/aztex.ee\\\/fr\\\/pood\\\/serviettes-et-serviettes-de-bain\\\/serviette-de-toilette-coton-35x75-cm\\\/#primaryimage\",\"url\":\"https:\\\/\\\/aztex.ee\\\/wp-content\\\/uploads\\\/2025\\\/03\\\/Puuvillane-ratik-35x75-cm.jpg\",\"contentUrl\":\"https:\\\/\\\/aztex.ee\\\/wp-content\\\/uploads\\\/2025\\\/03\\\/Puuvillane-ratik-35x75-cm.jpg\",\"width\":800,\"height\":800,\"caption\":\"Puuvillane r\u00e4tik 35x75 cm\"},{\"@type\":\"BreadcrumbList\",\"@id\":\"https:\\\/\\\/aztex.ee\\\/fr\\\/pood\\\/serviettes-et-serviettes-de-bain\\\/serviette-de-toilette-coton-35x75-cm\\\/#breadcrumb\",\"itemListElement\":[{\"@type\":\"ListItem\",\"position\":1,\"name\":\"Accueil\",\"item\":\"https:\\\/\\\/aztex.ee\\\/fr\\\/\"},{\"@type\":\"ListItem\",\"position\":2,\"name\":\"Boutique\",\"item\":\"https:\\\/\\\/aztex.ee\\\/fr\\\/boutique\\\/\"},{\"@type\":\"ListItem\",\"position\":3,\"name\":\"Serviette de toilette coton 35&#215;75 cm\"}]},{\"@type\":\"WebSite\",\"@id\":\"https:\\\/\\\/aztex.ee\\\/fr\\\/#website\",\"url\":\"https:\\\/\\\/aztex.ee\\\/fr\\\/\",\"name\":\"AZTEX\",\"description\":\"\",\"publisher\":{\"@id\":\"https:\\\/\\\/aztex.ee\\\/fr\\\/#organization\"},\"potentialAction\":[{\"@type\":\"SearchAction\",\"target\":{\"@type\":\"EntryPoint\",\"urlTemplate\":\"https:\\\/\\\/aztex.ee\\\/fr\\\/?s={search_term_string}\"},\"query-input\":{\"@type\":\"PropertyValueSpecification\",\"valueRequired\":true,\"valueName\":\"search_term_string\"}}],\"inLanguage\":\"fr-FR\"},{\"@type\":\"Organization\",\"@id\":\"https:\\\/\\\/aztex.ee\\\/fr\\\/#organization\",\"name\":\"AZTEX\",\"url\":\"https:\\\/\\\/aztex.ee\\\/fr\\\/\",\"logo\":{\"@type\":\"ImageObject\",\"inLanguage\":\"fr-FR\",\"@id\":\"https:\\\/\\\/aztex.ee\\\/fr\\\/#\\\/schema\\\/logo\\\/image\\\/\",\"url\":\"https:\\\/\\\/aztex.ee\\\/wp-content\\\/uploads\\\/2026\\\/01\\\/AZTEX.png\",\"contentUrl\":\"https:\\\/\\\/aztex.ee\\\/wp-content\\\/uploads\\\/2026\\\/01\\\/AZTEX.png\",\"width\":500,\"height\":500,\"caption\":\"AZTEX\"},\"image\":{\"@id\":\"https:\\\/\\\/aztex.ee\\\/fr\\\/#\\\/schema\\\/logo\\\/image\\\/\"},\"sameAs\":[\"https:\\\/\\\/www.facebook.com\\\/AztexEE\",\"https:\\\/\\\/www.instagram.com\\\/aztexeesti\\\/\",\"https:\\\/\\\/www.youtube.com\\\/@AZTEXEE\",\"https:\\\/\\\/www.pinterest.com\\\/aztex_eesti\\\/\",\"https:\\\/\\\/www.tiktok.com\\\/@aztexeesti\",\"https:\\\/\\\/www.trustpilot.com\\\/review\\\/aztex.ee\",\"https:\\\/\\\/www.linkedin.com\\\/company\\\/aztex-ee\\\/\",\"https:\\\/\\\/www.wikidata.org\\\/wiki\\\/Q137560182\"]}]}<\/script>\n<!-- \/ Yoast SEO plugin. -->","yoast_head_json":{"title":"Serviette de toilette coton - 100% coton biologique | AZTEX","description":"La serviette en coton douce et tr\u00e8s absorbante est le choix parfait pour un usage quotidien, offrant une qualit\u00e9 exceptionnelle, un confort durable et ...","robots":{"index":"index","follow":"follow","max-snippet":"max-snippet:-1","max-image-preview":"max-image-preview:large","max-video-preview":"max-video-preview:-1"},"canonical":"https:\/\/aztex.ee\/fr\/pood\/serviettes-et-serviettes-de-bain\/serviette-de-toilette-coton-35x75-cm\/","og_locale":"fr_FR","og_type":"article","og_title":"Serviette de toilette coton - 100% coton biologique | AZTEX","og_description":"La serviette en coton douce et tr\u00e8s absorbante est le choix parfait pour un usage quotidien, offrant une qualit\u00e9 exceptionnelle, un confort durable et ...","og_url":"https:\/\/aztex.ee\/fr\/pood\/serviettes-et-serviettes-de-bain\/serviette-de-toilette-coton-35x75-cm\/","og_site_name":"AZTEX","article_publisher":"https:\/\/www.facebook.com\/AztexEE","article_modified_time":"2026-04-08T10:48:37+00:00","og_image":[{"width":800,"height":800,"url":"https:\/\/aztex.ee\/wp-content\/uploads\/2025\/03\/Puuvillane-ratik-35x75-cm.jpg","type":"image\/jpeg"}],"twitter_card":"summary_large_image","twitter_misc":{"Dur\u00e9e de lecture estim\u00e9e":"2 minutes"},"schema":{"@context":"https:\/\/schema.org","@graph":[{"@type":["WebPage","ItemPage"],"@id":"https:\/\/aztex.ee\/fr\/pood\/serviettes-et-serviettes-de-bain\/serviette-de-toilette-coton-35x75-cm\/","url":"https:\/\/aztex.ee\/fr\/pood\/serviettes-et-serviettes-de-bain\/serviette-de-toilette-coton-35x75-cm\/","name":"Serviette de toilette coton - 100% coton biologique | AZTEX","isPartOf":{"@id":"https:\/\/aztex.ee\/fr\/#website"},"primaryImageOfPage":{"@id":"https:\/\/aztex.ee\/fr\/pood\/serviettes-et-serviettes-de-bain\/serviette-de-toilette-coton-35x75-cm\/#primaryimage"},"image":{"@id":"https:\/\/aztex.ee\/fr\/pood\/serviettes-et-serviettes-de-bain\/serviette-de-toilette-coton-35x75-cm\/#primaryimage"},"thumbnailUrl":"https:\/\/aztex.ee\/wp-content\/uploads\/2025\/03\/Puuvillane-ratik-35x75-cm.jpg","datePublished":"2025-03-26T23:20:05+00:00","dateModified":"2026-04-08T10:48:37+00:00","description":"La serviette en coton douce et tr\u00e8s absorbante est le choix parfait pour un usage quotidien, offrant une qualit\u00e9 exceptionnelle, un confort durable et ...","breadcrumb":{"@id":"https:\/\/aztex.ee\/fr\/pood\/serviettes-et-serviettes-de-bain\/serviette-de-toilette-coton-35x75-cm\/#breadcrumb"},"inLanguage":"fr-FR","potentialAction":[{"@type":"ReadAction","target":["https:\/\/aztex.ee\/fr\/pood\/serviettes-et-serviettes-de-bain\/serviette-de-toilette-coton-35x75-cm\/"]}]},{"@type":"ImageObject","inLanguage":"fr-FR","@id":"https:\/\/aztex.ee\/fr\/pood\/serviettes-et-serviettes-de-bain\/serviette-de-toilette-coton-35x75-cm\/#primaryimage","url":"https:\/\/aztex.ee\/wp-content\/uploads\/2025\/03\/Puuvillane-ratik-35x75-cm.jpg","contentUrl":"https:\/\/aztex.ee\/wp-content\/uploads\/2025\/03\/Puuvillane-ratik-35x75-cm.jpg","width":800,"height":800,"caption":"Puuvillane r\u00e4tik 35x75 cm"},{"@type":"BreadcrumbList","@id":"https:\/\/aztex.ee\/fr\/pood\/serviettes-et-serviettes-de-bain\/serviette-de-toilette-coton-35x75-cm\/#breadcrumb","itemListElement":[{"@type":"ListItem","position":1,"name":"Accueil","item":"https:\/\/aztex.ee\/fr\/"},{"@type":"ListItem","position":2,"name":"Boutique","item":"https:\/\/aztex.ee\/fr\/boutique\/"},{"@type":"ListItem","position":3,"name":"Serviette de toilette coton 35&#215;75 cm"}]},{"@type":"WebSite","@id":"https:\/\/aztex.ee\/fr\/#website","url":"https:\/\/aztex.ee\/fr\/","name":"AZTEX","description":"","publisher":{"@id":"https:\/\/aztex.ee\/fr\/#organization"},"potentialAction":[{"@type":"SearchAction","target":{"@type":"EntryPoint","urlTemplate":"https:\/\/aztex.ee\/fr\/?s={search_term_string}"},"query-input":{"@type":"PropertyValueSpecification","valueRequired":true,"valueName":"search_term_string"}}],"inLanguage":"fr-FR"},{"@type":"Organization","@id":"https:\/\/aztex.ee\/fr\/#organization","name":"AZTEX","url":"https:\/\/aztex.ee\/fr\/","logo":{"@type":"ImageObject","inLanguage":"fr-FR","@id":"https:\/\/aztex.ee\/fr\/#\/schema\/logo\/image\/","url":"https:\/\/aztex.ee\/wp-content\/uploads\/2026\/01\/AZTEX.png","contentUrl":"https:\/\/aztex.ee\/wp-content\/uploads\/2026\/01\/AZTEX.png","width":500,"height":500,"caption":"AZTEX"},"image":{"@id":"https:\/\/aztex.ee\/fr\/#\/schema\/logo\/image\/"},"sameAs":["https:\/\/www.facebook.com\/AztexEE","https:\/\/www.instagram.com\/aztexeesti\/","https:\/\/www.youtube.com\/@AZTEXEE","https:\/\/www.pinterest.com\/aztex_eesti\/","https:\/\/www.tiktok.com\/@aztexeesti","https:\/\/www.trustpilot.com\/review\/aztex.ee","https:\/\/www.linkedin.com\/company\/aztex-ee\/","https:\/\/www.wikidata.org\/wiki\/Q137560182"]}]}},"_links":{"self":[{"href":"https:\/\/aztex.ee\/fr\/wp-json\/wp\/v2\/product\/73161","targetHints":{"allow":["GET"]}}],"collection":[{"href":"https:\/\/aztex.ee\/fr\/wp-json\/wp\/v2\/product"}],"about":[{"href":"https:\/\/aztex.ee\/fr\/wp-json\/wp\/v2\/types\/product"}],"replies":[{"embeddable":true,"href":"https:\/\/aztex.ee\/fr\/wp-json\/wp\/v2\/comments?post=73161"}],"version-history":[{"count":0,"href":"https:\/\/aztex.ee\/fr\/wp-json\/wp\/v2\/product\/73161\/revisions"}],"wp:featuredmedia":[{"embeddable":true,"href":"https:\/\/aztex.ee\/fr\/wp-json\/wp\/v2\/media\/73266"}],"wp:attachment":[{"href":"https:\/\/aztex.ee\/fr\/wp-json\/wp\/v2\/media?parent=73161"}],"wp:term":[{"taxonomy":"product_brand","embeddable":true,"href":"https:\/\/aztex.ee\/fr\/wp-json\/wp\/v2\/product_brand?post=73161"},{"taxonomy":"product_cat","embeddable":true,"href":"https:\/\/aztex.ee\/fr\/wp-json\/wp\/v2\/product_cat?post=73161"},{"taxonomy":"product_tag","embeddable":true,"href":"https:\/\/aztex.ee\/fr\/wp-json\/wp\/v2\/product_tag?post=73161"}],"curies":[{"name":"wp","href":"https:\/\/api.w.org\/{rel}","templated":true}]}}