{"id":68800,"date":"2025-03-19T15:50:35","date_gmt":"2025-03-19T15:50:35","guid":{"rendered":"https:\/\/aztex.ee\/pood\/non%20class\u00e9\/laste-voodipesukomplekt\/"},"modified":"2026-03-08T15:03:16","modified_gmt":"2026-03-08T15:03:16","slug":"parure-de-lit-enfant","status":"publish","type":"product","link":"https:\/\/aztex.ee\/fr\/pood\/le-monde-des-enfants\/parure-de-lit-enfant\/","title":{"rendered":"Parure de lit enfant"},"content":{"rendered":"<p><strong>Parure de lit pour enfant &#8211; Douceur et bonheur pour chaque r\u00eave<\/strong><\/p>\n<p><strong>100% coton &#8211; Naturellement doux et respirant<\/strong><\/p>\n<p>Le sommeil de votre enfant est essentiel \u00e0 sa croissance et \u00e0 son repos. Pour une nuit confortable et paisible, cette parure de lit est fabriqu\u00e9e en coton 100 % respirant et doux. Le coton absorbe bien l&rsquo;humidit\u00e9, aide le corps \u00e0 maintenir une temp\u00e9rature optimale et est doux pour la peau, m\u00eame les plus sensibles. Un sommeil agr\u00e9able et s\u00fbr toute l&rsquo;ann\u00e9e est ainsi garanti. Il garde la fra\u00eecheur en \u00e9t\u00e9 et la chaleur en hiver. De plus, cette parure de lit l\u00e9g\u00e8re et d\u00e9licate offre \u00e0 votre enfant une sensation de douceur et de confort qui l&rsquo;aide \u00e0 se d\u00e9tendre et \u00e0 s&rsquo;endormir plus rapidement.<\/p>\n<p><strong>Motifs ludiques pour une chambre joyeuse<\/strong><\/p>\n<p>Les enfants d\u00e9couvrent le monde \u00e0 travers le jeu, les couleurs et les formes. Cette parure de lit pr\u00e9sente des imprim\u00e9s mignons et joyeux, rendant la chambre plus chaleureuse et accueillante. Diff\u00e9rents motifs sont disponibles pour offrir \u00e0 chaque enfant un endroit o\u00f9 dormir \u00e0 son go\u00fbt. Les motifs amusants ne sont pas seulement d\u00e9coratifs\u00a0: ils contribuent \u00e9galement au d\u00e9veloppement de l&rsquo;imagination de l&rsquo;enfant, transformant le lit non seulement en un lieu de sommeil, mais aussi en un environnement cr\u00e9atif propice \u00e0 la cr\u00e9ation.<\/p>\n<p><strong>Confort et praticit\u00e9 au quotidien<\/strong><\/p>\n<p>Outre son esth\u00e9tique \u00e9l\u00e9gante, cette parure de lit est aussi pratique et durable. Comme la literie pour enfant n\u00e9cessite des lavages fr\u00e9quents, elle est fabriqu\u00e9e dans un tissu facile d&rsquo;entretien\u00a0: lavable en machine, s\u00e8che rapidement et conserve ses couleurs et sa douceur m\u00eame apr\u00e8s plusieurs lavages. Le coton est durable et r\u00e9sistant \u00e0 l&rsquo;usure, ce qui lui permet de conserver sa beaut\u00e9 longtemps et de r\u00e9sister \u00e0 une utilisation intensive. Le tissu ne se d\u00e9forme pas et ne devient pas rugueux au lavage, conservant ainsi une douceur agr\u00e9able.<\/p>\n<p><strong>Convient \u00e0 toutes les chambres d&rsquo;enfant\u00a0: large choix de couleurs et de motifs<\/strong><\/p>\n<p>La parure de lit pour enfant est disponible en plusieurs couleurs et motifs pour s&rsquo;adapter \u00e0 toutes les chambres d&rsquo;enfant. Que la chambre soit minimaliste ou pleine de couleurs vives, cette parure apporte une touche de confort et cr\u00e9e une atmosph\u00e8re agr\u00e9able o\u00f9 l&rsquo;enfant se sent en s\u00e9curit\u00e9 et \u00e0 l&rsquo;aise.<\/p>\n<p><strong>Parure de lit en coton pour enfant\u00a0: le d\u00e9but de r\u00eaves qui se r\u00e9alisent<\/strong><\/p>\n<p>Un bon sommeil est essentiel au bien-\u00eatre et au d\u00e9veloppement de l&rsquo;enfant. Une parure de lit douce, respirante et au design mignon fera du coucher un moment agr\u00e9able chaque nuit et contribuera \u00e0 un sommeil paisible et r\u00e9parateur.<\/p>\n","protected":false},"excerpt":{"rendered":"<ul>\n<li>Mat\u00e9riau : 100% Coton<\/li>\n<li>Housse de couette\u00a0: 120&#215;150\u00a0cm<\/li>\n<li>Housse de matelas\u00a0: 60&#215;135\u00a0cm<\/li>\n<li>Taie d\u2019oreiller\u00a0: 30&#215;50\u00a0cm<\/li>\n<\/ul>\n","protected":false},"featured_media":68011,"comment_status":"open","ping_status":"closed","template":"","meta":[],"product_brand":[],"product_cat":[2211,2255],"product_tag":[],"class_list":{"0":"post-68800","1":"product","2":"type-product","3":"status-publish","4":"has-post-thumbnail","6":"product_cat-le-monde-des-enfants","7":"product_cat-literie-pour-enfants","9":"first","10":"instock","11":"shipping-taxable","12":"purchasable","13":"product-type-variable"},"yoast_head":"<!-- This site is optimized with the Yoast SEO plugin v27.4 - https:\/\/yoast.com\/product\/yoast-seo-wordpress\/ -->\n<title>Parure de lit enfant | AZTEX<\/title>\n<meta name=\"description\" content=\"Cette parure de lit enfant en coton est douce, respirante et agr\u00e9able au toucher. Ses jolis motifs, son entretien facile et sa qualit\u00e9 durable garantissent\" \/>\n<meta name=\"robots\" content=\"index, follow, max-snippet:-1, max-image-preview:large, max-video-preview:-1\" \/>\n<link rel=\"canonical\" href=\"https:\/\/aztex.ee\/fr\/pood\/le-monde-des-enfants\/parure-de-lit-enfant\/\" \/>\n<meta property=\"og:locale\" content=\"fr_FR\" \/>\n<meta property=\"og:type\" content=\"article\" \/>\n<meta property=\"og:title\" content=\"Parure de lit enfant | AZTEX\" \/>\n<meta property=\"og:description\" content=\"Cette parure de lit enfant en coton est douce, respirante et agr\u00e9able au toucher. Ses jolis motifs, son entretien facile et sa qualit\u00e9 durable garantissent\" \/>\n<meta property=\"og:url\" content=\"https:\/\/aztex.ee\/fr\/pood\/le-monde-des-enfants\/parure-de-lit-enfant\/\" \/>\n<meta property=\"og:site_name\" content=\"AZTEX\" \/>\n<meta property=\"article:publisher\" content=\"https:\/\/www.facebook.com\/AztexEE\" \/>\n<meta property=\"article:modified_time\" content=\"2026-03-08T15:03:16+00:00\" \/>\n<meta property=\"og:image\" content=\"https:\/\/aztex.ee\/wp-content\/uploads\/2025\/03\/Laste-voodipesukomplekt-Kosmos-1.jpg\" \/>\n\t<meta property=\"og:image:width\" content=\"800\" \/>\n\t<meta property=\"og:image:height\" content=\"800\" \/>\n\t<meta property=\"og:image:type\" content=\"image\/jpeg\" \/>\n<meta name=\"twitter:card\" content=\"summary_large_image\" \/>\n<meta name=\"twitter:label1\" content=\"Dur\u00e9e de lecture estim\u00e9e\" \/>\n\t<meta name=\"twitter:data1\" content=\"3 minutes\" \/>\n<script type=\"application\/ld+json\" class=\"yoast-schema-graph\">{\"@context\":\"https:\\\/\\\/schema.org\",\"@graph\":[{\"@type\":[\"WebPage\",\"ItemPage\"],\"@id\":\"https:\\\/\\\/aztex.ee\\\/fr\\\/pood\\\/le-monde-des-enfants\\\/parure-de-lit-enfant\\\/\",\"url\":\"https:\\\/\\\/aztex.ee\\\/fr\\\/pood\\\/le-monde-des-enfants\\\/parure-de-lit-enfant\\\/\",\"name\":\"Parure de lit enfant | AZTEX\",\"isPartOf\":{\"@id\":\"https:\\\/\\\/aztex.ee\\\/fr\\\/#website\"},\"primaryImageOfPage\":{\"@id\":\"https:\\\/\\\/aztex.ee\\\/fr\\\/pood\\\/le-monde-des-enfants\\\/parure-de-lit-enfant\\\/#primaryimage\"},\"image\":{\"@id\":\"https:\\\/\\\/aztex.ee\\\/fr\\\/pood\\\/le-monde-des-enfants\\\/parure-de-lit-enfant\\\/#primaryimage\"},\"thumbnailUrl\":\"https:\\\/\\\/aztex.ee\\\/wp-content\\\/uploads\\\/2025\\\/03\\\/Laste-voodipesukomplekt-Kosmos-1.jpg\",\"datePublished\":\"2025-03-19T15:50:35+00:00\",\"dateModified\":\"2026-03-08T15:03:16+00:00\",\"description\":\"Cette parure de lit enfant en coton est douce, respirante et agr\u00e9able au toucher. Ses jolis motifs, son entretien facile et sa qualit\u00e9 durable garantissent\",\"breadcrumb\":{\"@id\":\"https:\\\/\\\/aztex.ee\\\/fr\\\/pood\\\/le-monde-des-enfants\\\/parure-de-lit-enfant\\\/#breadcrumb\"},\"inLanguage\":\"fr-FR\",\"potentialAction\":[{\"@type\":\"ReadAction\",\"target\":[\"https:\\\/\\\/aztex.ee\\\/fr\\\/pood\\\/le-monde-des-enfants\\\/parure-de-lit-enfant\\\/\"]}]},{\"@type\":\"ImageObject\",\"inLanguage\":\"fr-FR\",\"@id\":\"https:\\\/\\\/aztex.ee\\\/fr\\\/pood\\\/le-monde-des-enfants\\\/parure-de-lit-enfant\\\/#primaryimage\",\"url\":\"https:\\\/\\\/aztex.ee\\\/wp-content\\\/uploads\\\/2025\\\/03\\\/Laste-voodipesukomplekt-Kosmos-1.jpg\",\"contentUrl\":\"https:\\\/\\\/aztex.ee\\\/wp-content\\\/uploads\\\/2025\\\/03\\\/Laste-voodipesukomplekt-Kosmos-1.jpg\",\"width\":800,\"height\":800,\"caption\":\"Laste voodipesukomplekt\"},{\"@type\":\"BreadcrumbList\",\"@id\":\"https:\\\/\\\/aztex.ee\\\/fr\\\/pood\\\/le-monde-des-enfants\\\/parure-de-lit-enfant\\\/#breadcrumb\",\"itemListElement\":[{\"@type\":\"ListItem\",\"position\":1,\"name\":\"Accueil\",\"item\":\"https:\\\/\\\/aztex.ee\\\/fr\\\/\"},{\"@type\":\"ListItem\",\"position\":2,\"name\":\"Boutique\",\"item\":\"https:\\\/\\\/aztex.ee\\\/fr\\\/boutique\\\/\"},{\"@type\":\"ListItem\",\"position\":3,\"name\":\"Parure de lit enfant\"}]},{\"@type\":\"WebSite\",\"@id\":\"https:\\\/\\\/aztex.ee\\\/fr\\\/#website\",\"url\":\"https:\\\/\\\/aztex.ee\\\/fr\\\/\",\"name\":\"AZTEX\",\"description\":\"\",\"publisher\":{\"@id\":\"https:\\\/\\\/aztex.ee\\\/fr\\\/#organization\"},\"potentialAction\":[{\"@type\":\"SearchAction\",\"target\":{\"@type\":\"EntryPoint\",\"urlTemplate\":\"https:\\\/\\\/aztex.ee\\\/fr\\\/?s={search_term_string}\"},\"query-input\":{\"@type\":\"PropertyValueSpecification\",\"valueRequired\":true,\"valueName\":\"search_term_string\"}}],\"inLanguage\":\"fr-FR\"},{\"@type\":\"Organization\",\"@id\":\"https:\\\/\\\/aztex.ee\\\/fr\\\/#organization\",\"name\":\"AZTEX\",\"url\":\"https:\\\/\\\/aztex.ee\\\/fr\\\/\",\"logo\":{\"@type\":\"ImageObject\",\"inLanguage\":\"fr-FR\",\"@id\":\"https:\\\/\\\/aztex.ee\\\/fr\\\/#\\\/schema\\\/logo\\\/image\\\/\",\"url\":\"https:\\\/\\\/aztex.ee\\\/wp-content\\\/uploads\\\/2026\\\/01\\\/AZTEX.png\",\"contentUrl\":\"https:\\\/\\\/aztex.ee\\\/wp-content\\\/uploads\\\/2026\\\/01\\\/AZTEX.png\",\"width\":500,\"height\":500,\"caption\":\"AZTEX\"},\"image\":{\"@id\":\"https:\\\/\\\/aztex.ee\\\/fr\\\/#\\\/schema\\\/logo\\\/image\\\/\"},\"sameAs\":[\"https:\\\/\\\/www.facebook.com\\\/AztexEE\",\"https:\\\/\\\/www.instagram.com\\\/aztexeesti\\\/\",\"https:\\\/\\\/www.youtube.com\\\/@AZTEXEE\",\"https:\\\/\\\/www.pinterest.com\\\/aztex_eesti\\\/\",\"https:\\\/\\\/www.tiktok.com\\\/@aztexeesti\",\"https:\\\/\\\/www.trustpilot.com\\\/review\\\/aztex.ee\",\"https:\\\/\\\/www.linkedin.com\\\/company\\\/aztex-ee\\\/\",\"https:\\\/\\\/www.wikidata.org\\\/wiki\\\/Q137560182\"]}]}<\/script>\n<!-- \/ Yoast SEO plugin. -->","yoast_head_json":{"title":"Parure de lit enfant | AZTEX","description":"Cette parure de lit enfant en coton est douce, respirante et agr\u00e9able au toucher. Ses jolis motifs, son entretien facile et sa qualit\u00e9 durable garantissent","robots":{"index":"index","follow":"follow","max-snippet":"max-snippet:-1","max-image-preview":"max-image-preview:large","max-video-preview":"max-video-preview:-1"},"canonical":"https:\/\/aztex.ee\/fr\/pood\/le-monde-des-enfants\/parure-de-lit-enfant\/","og_locale":"fr_FR","og_type":"article","og_title":"Parure de lit enfant | AZTEX","og_description":"Cette parure de lit enfant en coton est douce, respirante et agr\u00e9able au toucher. Ses jolis motifs, son entretien facile et sa qualit\u00e9 durable garantissent","og_url":"https:\/\/aztex.ee\/fr\/pood\/le-monde-des-enfants\/parure-de-lit-enfant\/","og_site_name":"AZTEX","article_publisher":"https:\/\/www.facebook.com\/AztexEE","article_modified_time":"2026-03-08T15:03:16+00:00","og_image":[{"width":800,"height":800,"url":"https:\/\/aztex.ee\/wp-content\/uploads\/2025\/03\/Laste-voodipesukomplekt-Kosmos-1.jpg","type":"image\/jpeg"}],"twitter_card":"summary_large_image","twitter_misc":{"Dur\u00e9e de lecture estim\u00e9e":"3 minutes"},"schema":{"@context":"https:\/\/schema.org","@graph":[{"@type":["WebPage","ItemPage"],"@id":"https:\/\/aztex.ee\/fr\/pood\/le-monde-des-enfants\/parure-de-lit-enfant\/","url":"https:\/\/aztex.ee\/fr\/pood\/le-monde-des-enfants\/parure-de-lit-enfant\/","name":"Parure de lit enfant | AZTEX","isPartOf":{"@id":"https:\/\/aztex.ee\/fr\/#website"},"primaryImageOfPage":{"@id":"https:\/\/aztex.ee\/fr\/pood\/le-monde-des-enfants\/parure-de-lit-enfant\/#primaryimage"},"image":{"@id":"https:\/\/aztex.ee\/fr\/pood\/le-monde-des-enfants\/parure-de-lit-enfant\/#primaryimage"},"thumbnailUrl":"https:\/\/aztex.ee\/wp-content\/uploads\/2025\/03\/Laste-voodipesukomplekt-Kosmos-1.jpg","datePublished":"2025-03-19T15:50:35+00:00","dateModified":"2026-03-08T15:03:16+00:00","description":"Cette parure de lit enfant en coton est douce, respirante et agr\u00e9able au toucher. Ses jolis motifs, son entretien facile et sa qualit\u00e9 durable garantissent","breadcrumb":{"@id":"https:\/\/aztex.ee\/fr\/pood\/le-monde-des-enfants\/parure-de-lit-enfant\/#breadcrumb"},"inLanguage":"fr-FR","potentialAction":[{"@type":"ReadAction","target":["https:\/\/aztex.ee\/fr\/pood\/le-monde-des-enfants\/parure-de-lit-enfant\/"]}]},{"@type":"ImageObject","inLanguage":"fr-FR","@id":"https:\/\/aztex.ee\/fr\/pood\/le-monde-des-enfants\/parure-de-lit-enfant\/#primaryimage","url":"https:\/\/aztex.ee\/wp-content\/uploads\/2025\/03\/Laste-voodipesukomplekt-Kosmos-1.jpg","contentUrl":"https:\/\/aztex.ee\/wp-content\/uploads\/2025\/03\/Laste-voodipesukomplekt-Kosmos-1.jpg","width":800,"height":800,"caption":"Laste voodipesukomplekt"},{"@type":"BreadcrumbList","@id":"https:\/\/aztex.ee\/fr\/pood\/le-monde-des-enfants\/parure-de-lit-enfant\/#breadcrumb","itemListElement":[{"@type":"ListItem","position":1,"name":"Accueil","item":"https:\/\/aztex.ee\/fr\/"},{"@type":"ListItem","position":2,"name":"Boutique","item":"https:\/\/aztex.ee\/fr\/boutique\/"},{"@type":"ListItem","position":3,"name":"Parure de lit enfant"}]},{"@type":"WebSite","@id":"https:\/\/aztex.ee\/fr\/#website","url":"https:\/\/aztex.ee\/fr\/","name":"AZTEX","description":"","publisher":{"@id":"https:\/\/aztex.ee\/fr\/#organization"},"potentialAction":[{"@type":"SearchAction","target":{"@type":"EntryPoint","urlTemplate":"https:\/\/aztex.ee\/fr\/?s={search_term_string}"},"query-input":{"@type":"PropertyValueSpecification","valueRequired":true,"valueName":"search_term_string"}}],"inLanguage":"fr-FR"},{"@type":"Organization","@id":"https:\/\/aztex.ee\/fr\/#organization","name":"AZTEX","url":"https:\/\/aztex.ee\/fr\/","logo":{"@type":"ImageObject","inLanguage":"fr-FR","@id":"https:\/\/aztex.ee\/fr\/#\/schema\/logo\/image\/","url":"https:\/\/aztex.ee\/wp-content\/uploads\/2026\/01\/AZTEX.png","contentUrl":"https:\/\/aztex.ee\/wp-content\/uploads\/2026\/01\/AZTEX.png","width":500,"height":500,"caption":"AZTEX"},"image":{"@id":"https:\/\/aztex.ee\/fr\/#\/schema\/logo\/image\/"},"sameAs":["https:\/\/www.facebook.com\/AztexEE","https:\/\/www.instagram.com\/aztexeesti\/","https:\/\/www.youtube.com\/@AZTEXEE","https:\/\/www.pinterest.com\/aztex_eesti\/","https:\/\/www.tiktok.com\/@aztexeesti","https:\/\/www.trustpilot.com\/review\/aztex.ee","https:\/\/www.linkedin.com\/company\/aztex-ee\/","https:\/\/www.wikidata.org\/wiki\/Q137560182"]}]}},"_links":{"self":[{"href":"https:\/\/aztex.ee\/fr\/wp-json\/wp\/v2\/product\/68800","targetHints":{"allow":["GET"]}}],"collection":[{"href":"https:\/\/aztex.ee\/fr\/wp-json\/wp\/v2\/product"}],"about":[{"href":"https:\/\/aztex.ee\/fr\/wp-json\/wp\/v2\/types\/product"}],"replies":[{"embeddable":true,"href":"https:\/\/aztex.ee\/fr\/wp-json\/wp\/v2\/comments?post=68800"}],"version-history":[{"count":0,"href":"https:\/\/aztex.ee\/fr\/wp-json\/wp\/v2\/product\/68800\/revisions"}],"wp:featuredmedia":[{"embeddable":true,"href":"https:\/\/aztex.ee\/fr\/wp-json\/wp\/v2\/media\/68011"}],"wp:attachment":[{"href":"https:\/\/aztex.ee\/fr\/wp-json\/wp\/v2\/media?parent=68800"}],"wp:term":[{"taxonomy":"product_brand","embeddable":true,"href":"https:\/\/aztex.ee\/fr\/wp-json\/wp\/v2\/product_brand?post=68800"},{"taxonomy":"product_cat","embeddable":true,"href":"https:\/\/aztex.ee\/fr\/wp-json\/wp\/v2\/product_cat?post=68800"},{"taxonomy":"product_tag","embeddable":true,"href":"https:\/\/aztex.ee\/fr\/wp-json\/wp\/v2\/product_tag?post=68800"}],"curies":[{"name":"wp","href":"https:\/\/api.w.org\/{rel}","templated":true}]}}