{"id":66472,"date":"2025-03-14T22:39:46","date_gmt":"2025-03-14T22:39:46","guid":{"rendered":"https:\/\/aztex.ee\/?post_type=product&#038;p=66472"},"modified":"2026-05-02T21:09:41","modified_gmt":"2026-05-02T21:09:41","slug":"couverture-raschel-150x200-cm","status":"publish","type":"product","link":"https:\/\/aztex.ee\/fr\/pood\/couvertures-plaids\/couverture-raschel-150x200-cm\/","title":{"rendered":"Couverture Raschel 150&#215;200 cm | 2 kg"},"content":{"rendered":"<p><strong>Couverture Raschel \u00e9l\u00e9gante et douce\u00a0: un confort luxueux \u00e0 chaque instant<\/strong><\/p>\n<p>D\u00e9couvrez l&rsquo;\u00e9quilibre parfait entre raffinement et confort supr\u00eame. Cette couverture Raschel 150 x 200 cm vous enveloppe d&rsquo;une douceur chaleureuse et apporte une \u00e9l\u00e9gance intemporelle \u00e0 votre int\u00e9rieur. Sa texture riche et son toucher d\u00e9licat cr\u00e9ent une sensation agr\u00e9able qui transforme chaque instant en une exp\u00e9rience agr\u00e9able.<\/p>\n<p><strong>Douce et douillette<\/strong><\/p>\n<p>La mati\u00e8re exceptionnellement douce de la couverture Raschel chouchoute la peau et vous invite \u00e0 savourer sa chaleur et son toucher d\u00e9licat. Sa structure l\u00e9g\u00e8re et moelleuse vous enveloppe d&rsquo;un doux nuage. Que vous savouriez votre caf\u00e9 du matin, que vous vous d\u00e9tendiez sur le canap\u00e9 le soir ou que vous ayez besoin de chaleur lors d&rsquo;une nuit fra\u00eeche, cette couverture vous apportera un confort optimal.<\/p>\n<p><strong>Un ajout \u00e9l\u00e9gant \u00e0 votre int\u00e9rieur<\/strong><\/p>\n<p>Outre son confort exceptionnel, cette couverture est \u00e9galement un bel \u00e9l\u00e9ment de d\u00e9coration int\u00e9rieure. Son design \u00e9l\u00e9gant et ses d\u00e9tails soign\u00e9s apportent douceur et confort \u00e0 la pi\u00e8ce. Parfaite pour les int\u00e9rieurs modernes comme classiques, elle rendra votre canap\u00e9 ou votre lit encore plus accueillants. Attrayante et luxueuse, cette couverture sublimera n&rsquo;importe quelle pi\u00e8ce et lui apportera une touche d&rsquo;\u00e9l\u00e9gance.<\/p>\n<p><strong>Un vrai plaisir \u00e0 chaque instant<\/strong><\/p>\n<p>La couverture Raschel est con\u00e7ue pour vous offrir des moments de confort, de chaleur et de d\u00e9tente. Enveloppez-vous de sa douceur, oubliez le stress du quotidien et profitez d&rsquo;un bien-\u00eatre absolu. Le cadeau id\u00e9al pour vous ou vos proches\u00a0: un classique intemporel qui apporte une touche de luxe et de douceur au quotidien.<\/p>\n","protected":false},"excerpt":{"rendered":"<ul>\n<li>Mat\u00e9riau : Polyester<\/li>\n<li>Taille : 150&#215;200 cm \u00b13<\/li>\n<li>Poids : 2 kg<\/li>\n<\/ul>\n","protected":false},"featured_media":66927,"comment_status":"open","ping_status":"closed","template":"","meta":[],"product_brand":[],"product_cat":[1865,3040,3073],"product_tag":[],"class_list":{"0":"post-66472","1":"product","2":"type-product","3":"status-publish","4":"has-post-thumbnail","6":"product_cat-couvertures-plaids","7":"product_cat-couvertures-raschel","8":"product_cat-couvertures-raschel-150x200-cm","10":"first","11":"instock","12":"shipping-taxable","13":"purchasable","14":"product-type-variable"},"yoast_head":"<!-- This site is optimized with the Yoast SEO plugin v27.6 - https:\/\/yoast.com\/product\/yoast-seo-wordpress\/ -->\n<title>Couverture douce double couche 150x200 cm | AZTEX<\/title>\n<meta name=\"description\" content=\"Cette luxueuse et douce couverture Raschel apporte \u00e9l\u00e9gance, chaleur et confort \u00e0 votre int\u00e9rieur. Sa texture douce et son style intemporel s&#039;int\u00e8grent\" \/>\n<meta name=\"robots\" content=\"index, follow, max-snippet:-1, max-image-preview:large, max-video-preview:-1\" \/>\n<link rel=\"canonical\" href=\"https:\/\/aztex.ee\/fr\/pood\/couvertures-plaids\/couverture-raschel-150x200-cm\/\" \/>\n<meta property=\"og:locale\" content=\"fr_FR\" \/>\n<meta property=\"og:type\" content=\"article\" \/>\n<meta property=\"og:title\" content=\"Couverture douce double couche 150x200 cm | AZTEX\" \/>\n<meta property=\"og:description\" content=\"Cette luxueuse et douce couverture Raschel apporte \u00e9l\u00e9gance, chaleur et confort \u00e0 votre int\u00e9rieur. Sa texture douce et son style intemporel s&#039;int\u00e8grent\" \/>\n<meta property=\"og:url\" content=\"https:\/\/aztex.ee\/fr\/pood\/couvertures-plaids\/couverture-raschel-150x200-cm\/\" \/>\n<meta property=\"og:site_name\" content=\"AZTEX\" \/>\n<meta property=\"article:publisher\" content=\"https:\/\/www.facebook.com\/AztexEE\" \/>\n<meta property=\"article:modified_time\" content=\"2026-05-02T21:09:41+00:00\" \/>\n<meta property=\"og:image\" content=\"https:\/\/aztex.ee\/wp-content\/uploads\/2025\/03\/Raschel-tekk-150x200-cm.jpg\" \/>\n\t<meta property=\"og:image:width\" content=\"800\" \/>\n\t<meta property=\"og:image:height\" content=\"800\" \/>\n\t<meta property=\"og:image:type\" content=\"image\/jpeg\" \/>\n<meta name=\"twitter:card\" content=\"summary_large_image\" \/>\n<meta name=\"twitter:label1\" content=\"Dur\u00e9e de lecture estim\u00e9e\" \/>\n\t<meta name=\"twitter:data1\" content=\"2 minutes\" \/>\n<script type=\"application\/ld+json\" class=\"yoast-schema-graph\">{\"@context\":\"https:\\\/\\\/schema.org\",\"@graph\":[{\"@type\":[\"WebPage\",\"ItemPage\"],\"@id\":\"https:\\\/\\\/aztex.ee\\\/fr\\\/pood\\\/couvertures-plaids\\\/couverture-raschel-150x200-cm\\\/\",\"url\":\"https:\\\/\\\/aztex.ee\\\/fr\\\/pood\\\/couvertures-plaids\\\/couverture-raschel-150x200-cm\\\/\",\"name\":\"Couverture douce double couche 150x200 cm | AZTEX\",\"isPartOf\":{\"@id\":\"https:\\\/\\\/aztex.ee\\\/fr\\\/#website\"},\"primaryImageOfPage\":{\"@id\":\"https:\\\/\\\/aztex.ee\\\/fr\\\/pood\\\/couvertures-plaids\\\/couverture-raschel-150x200-cm\\\/#primaryimage\"},\"image\":{\"@id\":\"https:\\\/\\\/aztex.ee\\\/fr\\\/pood\\\/couvertures-plaids\\\/couverture-raschel-150x200-cm\\\/#primaryimage\"},\"thumbnailUrl\":\"https:\\\/\\\/aztex.ee\\\/wp-content\\\/uploads\\\/2025\\\/03\\\/Raschel-tekk-150x200-cm.jpg\",\"datePublished\":\"2025-03-14T22:39:46+00:00\",\"dateModified\":\"2026-05-02T21:09:41+00:00\",\"description\":\"Cette luxueuse et douce couverture Raschel apporte \u00e9l\u00e9gance, chaleur et confort \u00e0 votre int\u00e9rieur. Sa texture douce et son style intemporel s'int\u00e8grent\",\"breadcrumb\":{\"@id\":\"https:\\\/\\\/aztex.ee\\\/fr\\\/pood\\\/couvertures-plaids\\\/couverture-raschel-150x200-cm\\\/#breadcrumb\"},\"inLanguage\":\"fr-FR\",\"potentialAction\":[{\"@type\":\"ReadAction\",\"target\":[\"https:\\\/\\\/aztex.ee\\\/fr\\\/pood\\\/couvertures-plaids\\\/couverture-raschel-150x200-cm\\\/\"]}]},{\"@type\":\"ImageObject\",\"inLanguage\":\"fr-FR\",\"@id\":\"https:\\\/\\\/aztex.ee\\\/fr\\\/pood\\\/couvertures-plaids\\\/couverture-raschel-150x200-cm\\\/#primaryimage\",\"url\":\"https:\\\/\\\/aztex.ee\\\/wp-content\\\/uploads\\\/2025\\\/03\\\/Raschel-tekk-150x200-cm.jpg\",\"contentUrl\":\"https:\\\/\\\/aztex.ee\\\/wp-content\\\/uploads\\\/2025\\\/03\\\/Raschel-tekk-150x200-cm.jpg\",\"width\":800,\"height\":800,\"caption\":\"Raschel tekk 150x200 cm\"},{\"@type\":\"BreadcrumbList\",\"@id\":\"https:\\\/\\\/aztex.ee\\\/fr\\\/pood\\\/couvertures-plaids\\\/couverture-raschel-150x200-cm\\\/#breadcrumb\",\"itemListElement\":[{\"@type\":\"ListItem\",\"position\":1,\"name\":\"Accueil\",\"item\":\"https:\\\/\\\/aztex.ee\\\/fr\\\/\"},{\"@type\":\"ListItem\",\"position\":2,\"name\":\"Boutique\",\"item\":\"https:\\\/\\\/aztex.ee\\\/fr\\\/boutique\\\/\"},{\"@type\":\"ListItem\",\"position\":3,\"name\":\"Couverture Raschel 150&#215;200 cm | 2 kg\"}]},{\"@type\":\"WebSite\",\"@id\":\"https:\\\/\\\/aztex.ee\\\/fr\\\/#website\",\"url\":\"https:\\\/\\\/aztex.ee\\\/fr\\\/\",\"name\":\"AZTEX\",\"description\":\"\",\"publisher\":{\"@id\":\"https:\\\/\\\/aztex.ee\\\/fr\\\/#organization\"},\"potentialAction\":[{\"@type\":\"SearchAction\",\"target\":{\"@type\":\"EntryPoint\",\"urlTemplate\":\"https:\\\/\\\/aztex.ee\\\/fr\\\/?s={search_term_string}\"},\"query-input\":{\"@type\":\"PropertyValueSpecification\",\"valueRequired\":true,\"valueName\":\"search_term_string\"}}],\"inLanguage\":\"fr-FR\"},{\"@type\":\"Organization\",\"@id\":\"https:\\\/\\\/aztex.ee\\\/fr\\\/#organization\",\"name\":\"AZTEX\",\"url\":\"https:\\\/\\\/aztex.ee\\\/fr\\\/\",\"logo\":{\"@type\":\"ImageObject\",\"inLanguage\":\"fr-FR\",\"@id\":\"https:\\\/\\\/aztex.ee\\\/fr\\\/#\\\/schema\\\/logo\\\/image\\\/\",\"url\":\"https:\\\/\\\/aztex.ee\\\/wp-content\\\/uploads\\\/2026\\\/01\\\/AZTEX.png\",\"contentUrl\":\"https:\\\/\\\/aztex.ee\\\/wp-content\\\/uploads\\\/2026\\\/01\\\/AZTEX.png\",\"width\":500,\"height\":500,\"caption\":\"AZTEX\"},\"image\":{\"@id\":\"https:\\\/\\\/aztex.ee\\\/fr\\\/#\\\/schema\\\/logo\\\/image\\\/\"},\"sameAs\":[\"https:\\\/\\\/www.facebook.com\\\/AztexEE\",\"https:\\\/\\\/www.instagram.com\\\/aztexeesti\\\/\",\"https:\\\/\\\/www.youtube.com\\\/@AZTEXEE\",\"https:\\\/\\\/www.pinterest.com\\\/aztex_eesti\\\/\",\"https:\\\/\\\/www.tiktok.com\\\/@aztexeesti\",\"https:\\\/\\\/www.trustpilot.com\\\/review\\\/aztex.ee\",\"https:\\\/\\\/www.linkedin.com\\\/company\\\/aztex-ee\\\/\",\"https:\\\/\\\/www.wikidata.org\\\/wiki\\\/Q137560182\"]}]}<\/script>\n<!-- \/ Yoast SEO plugin. -->","yoast_head_json":{"title":"Couverture douce double couche 150x200 cm | AZTEX","description":"Cette luxueuse et douce couverture Raschel apporte \u00e9l\u00e9gance, chaleur et confort \u00e0 votre int\u00e9rieur. Sa texture douce et son style intemporel s'int\u00e8grent","robots":{"index":"index","follow":"follow","max-snippet":"max-snippet:-1","max-image-preview":"max-image-preview:large","max-video-preview":"max-video-preview:-1"},"canonical":"https:\/\/aztex.ee\/fr\/pood\/couvertures-plaids\/couverture-raschel-150x200-cm\/","og_locale":"fr_FR","og_type":"article","og_title":"Couverture douce double couche 150x200 cm | AZTEX","og_description":"Cette luxueuse et douce couverture Raschel apporte \u00e9l\u00e9gance, chaleur et confort \u00e0 votre int\u00e9rieur. Sa texture douce et son style intemporel s'int\u00e8grent","og_url":"https:\/\/aztex.ee\/fr\/pood\/couvertures-plaids\/couverture-raschel-150x200-cm\/","og_site_name":"AZTEX","article_publisher":"https:\/\/www.facebook.com\/AztexEE","article_modified_time":"2026-05-02T21:09:41+00:00","og_image":[{"width":800,"height":800,"url":"https:\/\/aztex.ee\/wp-content\/uploads\/2025\/03\/Raschel-tekk-150x200-cm.jpg","type":"image\/jpeg"}],"twitter_card":"summary_large_image","twitter_misc":{"Dur\u00e9e de lecture estim\u00e9e":"2 minutes"},"schema":{"@context":"https:\/\/schema.org","@graph":[{"@type":["WebPage","ItemPage"],"@id":"https:\/\/aztex.ee\/fr\/pood\/couvertures-plaids\/couverture-raschel-150x200-cm\/","url":"https:\/\/aztex.ee\/fr\/pood\/couvertures-plaids\/couverture-raschel-150x200-cm\/","name":"Couverture douce double couche 150x200 cm | AZTEX","isPartOf":{"@id":"https:\/\/aztex.ee\/fr\/#website"},"primaryImageOfPage":{"@id":"https:\/\/aztex.ee\/fr\/pood\/couvertures-plaids\/couverture-raschel-150x200-cm\/#primaryimage"},"image":{"@id":"https:\/\/aztex.ee\/fr\/pood\/couvertures-plaids\/couverture-raschel-150x200-cm\/#primaryimage"},"thumbnailUrl":"https:\/\/aztex.ee\/wp-content\/uploads\/2025\/03\/Raschel-tekk-150x200-cm.jpg","datePublished":"2025-03-14T22:39:46+00:00","dateModified":"2026-05-02T21:09:41+00:00","description":"Cette luxueuse et douce couverture Raschel apporte \u00e9l\u00e9gance, chaleur et confort \u00e0 votre int\u00e9rieur. Sa texture douce et son style intemporel s'int\u00e8grent","breadcrumb":{"@id":"https:\/\/aztex.ee\/fr\/pood\/couvertures-plaids\/couverture-raschel-150x200-cm\/#breadcrumb"},"inLanguage":"fr-FR","potentialAction":[{"@type":"ReadAction","target":["https:\/\/aztex.ee\/fr\/pood\/couvertures-plaids\/couverture-raschel-150x200-cm\/"]}]},{"@type":"ImageObject","inLanguage":"fr-FR","@id":"https:\/\/aztex.ee\/fr\/pood\/couvertures-plaids\/couverture-raschel-150x200-cm\/#primaryimage","url":"https:\/\/aztex.ee\/wp-content\/uploads\/2025\/03\/Raschel-tekk-150x200-cm.jpg","contentUrl":"https:\/\/aztex.ee\/wp-content\/uploads\/2025\/03\/Raschel-tekk-150x200-cm.jpg","width":800,"height":800,"caption":"Raschel tekk 150x200 cm"},{"@type":"BreadcrumbList","@id":"https:\/\/aztex.ee\/fr\/pood\/couvertures-plaids\/couverture-raschel-150x200-cm\/#breadcrumb","itemListElement":[{"@type":"ListItem","position":1,"name":"Accueil","item":"https:\/\/aztex.ee\/fr\/"},{"@type":"ListItem","position":2,"name":"Boutique","item":"https:\/\/aztex.ee\/fr\/boutique\/"},{"@type":"ListItem","position":3,"name":"Couverture Raschel 150&#215;200 cm | 2 kg"}]},{"@type":"WebSite","@id":"https:\/\/aztex.ee\/fr\/#website","url":"https:\/\/aztex.ee\/fr\/","name":"AZTEX","description":"","publisher":{"@id":"https:\/\/aztex.ee\/fr\/#organization"},"potentialAction":[{"@type":"SearchAction","target":{"@type":"EntryPoint","urlTemplate":"https:\/\/aztex.ee\/fr\/?s={search_term_string}"},"query-input":{"@type":"PropertyValueSpecification","valueRequired":true,"valueName":"search_term_string"}}],"inLanguage":"fr-FR"},{"@type":"Organization","@id":"https:\/\/aztex.ee\/fr\/#organization","name":"AZTEX","url":"https:\/\/aztex.ee\/fr\/","logo":{"@type":"ImageObject","inLanguage":"fr-FR","@id":"https:\/\/aztex.ee\/fr\/#\/schema\/logo\/image\/","url":"https:\/\/aztex.ee\/wp-content\/uploads\/2026\/01\/AZTEX.png","contentUrl":"https:\/\/aztex.ee\/wp-content\/uploads\/2026\/01\/AZTEX.png","width":500,"height":500,"caption":"AZTEX"},"image":{"@id":"https:\/\/aztex.ee\/fr\/#\/schema\/logo\/image\/"},"sameAs":["https:\/\/www.facebook.com\/AztexEE","https:\/\/www.instagram.com\/aztexeesti\/","https:\/\/www.youtube.com\/@AZTEXEE","https:\/\/www.pinterest.com\/aztex_eesti\/","https:\/\/www.tiktok.com\/@aztexeesti","https:\/\/www.trustpilot.com\/review\/aztex.ee","https:\/\/www.linkedin.com\/company\/aztex-ee\/","https:\/\/www.wikidata.org\/wiki\/Q137560182"]}]}},"_links":{"self":[{"href":"https:\/\/aztex.ee\/fr\/wp-json\/wp\/v2\/product\/66472","targetHints":{"allow":["GET"]}}],"collection":[{"href":"https:\/\/aztex.ee\/fr\/wp-json\/wp\/v2\/product"}],"about":[{"href":"https:\/\/aztex.ee\/fr\/wp-json\/wp\/v2\/types\/product"}],"replies":[{"embeddable":true,"href":"https:\/\/aztex.ee\/fr\/wp-json\/wp\/v2\/comments?post=66472"}],"version-history":[{"count":0,"href":"https:\/\/aztex.ee\/fr\/wp-json\/wp\/v2\/product\/66472\/revisions"}],"wp:featuredmedia":[{"embeddable":true,"href":"https:\/\/aztex.ee\/fr\/wp-json\/wp\/v2\/media\/66927"}],"wp:attachment":[{"href":"https:\/\/aztex.ee\/fr\/wp-json\/wp\/v2\/media?parent=66472"}],"wp:term":[{"taxonomy":"product_brand","embeddable":true,"href":"https:\/\/aztex.ee\/fr\/wp-json\/wp\/v2\/product_brand?post=66472"},{"taxonomy":"product_cat","embeddable":true,"href":"https:\/\/aztex.ee\/fr\/wp-json\/wp\/v2\/product_cat?post=66472"},{"taxonomy":"product_tag","embeddable":true,"href":"https:\/\/aztex.ee\/fr\/wp-json\/wp\/v2\/product_tag?post=66472"}],"curies":[{"name":"wp","href":"https:\/\/api.w.org\/{rel}","templated":true}]}}