{"id":64375,"date":"2025-03-08T22:43:38","date_gmt":"2025-03-08T22:43:38","guid":{"rendered":"https:\/\/aztex.ee\/?post_type=product&#038;p=64375"},"modified":"2025-03-09T19:14:27","modified_gmt":"2025-03-09T19:14:27","slug":"parure-de-linge-de-lit-tencel-vert-clair","status":"publish","type":"product","link":"https:\/\/aztex.ee\/fr\/pood\/linge-de-lit\/parure-de-linge-de-lit-tencel-vert-clair\/","title":{"rendered":"Parure de Linge de Lit Tencel | Vert clair"},"content":{"rendered":"<p><strong>Parure de lit luxueuse en Tencel \u00e0 l&rsquo;eucalyptus &#8211; Douce et soyeuse, respirante et exceptionnellement confortable<\/strong><\/p>\n<p><strong>Confort et qualit\u00e9 extraordinaires<\/strong><br \/>\nLa parure de lit Tencel est con\u00e7ue pour assurer le sommeil le plus r\u00e9parateur et le plus r\u00e9parateur, offrant un confort et une qualit\u00e9 exceptionnels. Elle est fabriqu\u00e9e \u00e0 partir de tissu Tencel, d\u00e9riv\u00e9 de l&rsquo;eucalyptus, connu pour sa douceur soyeuse, sa respirabilit\u00e9 et ses propri\u00e9t\u00e9s d&rsquo;\u00e9vacuation de l&rsquo;humidit\u00e9. La literie Tencel vous garde au frais en \u00e9t\u00e9 et au chaud en hiver, afin que votre sommeil soit rafra\u00eechissant et r\u00e9parateur \u00e0 tout moment.<\/p>\n<p><strong>Texture luxueuse et apparence \u00e9l\u00e9gante<\/strong><br \/>\nLe tissu est lisse, d\u00e9licat et agr\u00e9able sur la peau, offrant une exp\u00e9rience vraiment luxueuse pendant le sommeil. La literie Tencel se drape magnifiquement, donnant au lit un aspect \u00e9l\u00e9gant et accueillant, faisant de la chambre un endroit \u00e9l\u00e9gant. La l\u00e9g\u00e8ret\u00e9 et la l\u00e9g\u00e8ret\u00e9 contribuent \u00e0 assurer un mouvement d&rsquo;air constant pour \u00e9viter les sueurs nocturnes et garder la literie toujours fra\u00eeche.<\/p>\n<p><strong>Durabilit\u00e9 et durabilit\u00e9<\/strong><br \/>\nLa literie Tencel est durable et r\u00e9sistante &#8211; m\u00eame apr\u00e8s plusieurs lavages, elle conserve sa douceur, son beau drap\u00e9 et sa qualit\u00e9. Aller au lit chaque soir devient un v\u00e9ritable plaisir, car la literie reste fra\u00eeche et agr\u00e9able, offrant la meilleure exp\u00e9rience de sommeil.<\/p>\n<p><strong>Le choix id\u00e9al pour les amoureux de la nature et du confort<\/strong><br \/>\nLa parure de lit Tencel est le choix id\u00e9al pour ceux qui appr\u00e9cient les mati\u00e8res naturelles et souhaitent profiter d&rsquo;une qualit\u00e9 sup\u00e9rieure, d&rsquo;un confort luxueux et d&rsquo;un sommeil parfait.<\/p>\n","protected":false},"excerpt":{"rendered":"<p>La parure de lit 100% \u00e9cologique en Tencel d&rsquo;eucalyptus est exceptionnellement douce, respirante et luxueuse.<\/p>\n<ul>\n<li>Mat\u00e9riau : 100% Tencel<\/li>\n<li>Nombre de fils : 60S \/ 300TC<\/li>\n<li>Housse de couette : 200\u00d7220 cm<\/li>\n<li>Taie d&rsquo;oreiller : 50\u00d770 cm (2 pi\u00e8ces)<\/li>\n<li>Drap de lit : 220\u00d7240 cm<\/li>\n<\/ul>\n<p><img loading=\"lazy\" decoding=\"async\" class=\"alignnone wp-image-63145\" src=\"https:\/\/aztex.ee\/wp-content\/uploads\/2025\/03\/tencel-certified-400x129.png\" alt=\"\" width=\"131\" height=\"42\" srcset=\"https:\/\/aztex.ee\/wp-content\/uploads\/2025\/03\/tencel-certified-400x129.png 400w, https:\/\/aztex.ee\/wp-content\/uploads\/2025\/03\/tencel-certified-430x139.png 430w, https:\/\/aztex.ee\/wp-content\/uploads\/2025\/03\/tencel-certified-150x49.png 150w, https:\/\/aztex.ee\/wp-content\/uploads\/2025\/03\/tencel-certified.png 516w\" sizes=\"auto, (max-width: 131px) 100vw, 131px\" \/><img loading=\"lazy\" decoding=\"async\" class=\"alignnone wp-image-63168\" src=\"https:\/\/aztex.ee\/wp-content\/uploads\/2025\/03\/oeko-tex-standard-100.png\" alt=\"\" width=\"130\" height=\"43\" srcset=\"https:\/\/aztex.ee\/wp-content\/uploads\/2025\/03\/oeko-tex-standard-100.png 200w, https:\/\/aztex.ee\/wp-content\/uploads\/2025\/03\/oeko-tex-standard-100-150x50.png 150w\" sizes=\"auto, (max-width: 130px) 100vw, 130px\" \/><\/p>\n<p>La parure de lit Tencel est emball\u00e9e dans un sac fabriqu\u00e9 dans le m\u00eame tissu Tencel, ce qui ajoute une \u00e9l\u00e9gance suppl\u00e9mentaire au produit et le rend encore plus sp\u00e9cial.<\/p>\n","protected":false},"featured_media":64400,"comment_status":"open","ping_status":"closed","template":"","meta":[],"product_brand":[],"product_cat":[498,4558,107,180],"product_tag":[],"class_list":{"0":"post-64375","1":"product","2":"type-product","3":"status-publish","4":"has-post-thumbnail","6":"product_cat-ensembles-de-literie","7":"product_cat-ensembles-de-literie-en-tencel","8":"product_cat-linge-de-lit","9":"product_cat-literie-en-tencel","11":"first","12":"outofstock","13":"shipping-taxable","14":"purchasable","15":"product-type-simple"},"yoast_head":"<!-- This site is optimized with the Yoast SEO plugin v27.4 - https:\/\/yoast.com\/product\/yoast-seo-wordpress\/ -->\n<title>Parure de Linge de Lit Tencel - Vert clair | AZTEX<\/title>\n<meta name=\"description\" content=\"La parure de lit luxueuse en TENCEL\u2122 Lyocell Vert clair est douce comme de la soie, respirante et douce pour la peau. Sa texture l\u00e9g\u00e8re et lisse assure\" \/>\n<meta name=\"robots\" content=\"index, follow, max-snippet:-1, max-image-preview:large, max-video-preview:-1\" \/>\n<link rel=\"canonical\" href=\"https:\/\/aztex.ee\/fr\/pood\/linge-de-lit\/parure-de-linge-de-lit-tencel-vert-clair\/\" \/>\n<meta property=\"og:locale\" content=\"fr_FR\" \/>\n<meta property=\"og:type\" content=\"article\" \/>\n<meta property=\"og:title\" content=\"Parure de Linge de Lit Tencel - Vert clair | AZTEX\" \/>\n<meta property=\"og:description\" content=\"La parure de lit luxueuse en TENCEL\u2122 Lyocell Vert clair est douce comme de la soie, respirante et douce pour la peau. Sa texture l\u00e9g\u00e8re et lisse assure\" \/>\n<meta property=\"og:url\" content=\"https:\/\/aztex.ee\/fr\/pood\/linge-de-lit\/parure-de-linge-de-lit-tencel-vert-clair\/\" \/>\n<meta property=\"og:site_name\" content=\"AZTEX\" \/>\n<meta property=\"article:publisher\" content=\"https:\/\/www.facebook.com\/AztexEE\" \/>\n<meta property=\"article:modified_time\" content=\"2025-03-09T19:14:27+00:00\" \/>\n<meta property=\"og:image\" content=\"https:\/\/aztex.ee\/wp-content\/uploads\/2025\/03\/Tencel-voodipesukomplekt-Heleroheline.jpg\" \/>\n\t<meta property=\"og:image:width\" content=\"800\" \/>\n\t<meta property=\"og:image:height\" content=\"800\" \/>\n\t<meta property=\"og:image:type\" content=\"image\/jpeg\" \/>\n<meta name=\"twitter:card\" content=\"summary_large_image\" \/>\n<meta name=\"twitter:label1\" content=\"Dur\u00e9e de lecture estim\u00e9e\" \/>\n\t<meta name=\"twitter:data1\" content=\"2 minutes\" \/>\n<script type=\"application\/ld+json\" class=\"yoast-schema-graph\">{\"@context\":\"https:\\\/\\\/schema.org\",\"@graph\":[{\"@type\":[\"WebPage\",\"ItemPage\"],\"@id\":\"https:\\\/\\\/aztex.ee\\\/fr\\\/pood\\\/linge-de-lit\\\/parure-de-linge-de-lit-tencel-vert-clair\\\/\",\"url\":\"https:\\\/\\\/aztex.ee\\\/fr\\\/pood\\\/linge-de-lit\\\/parure-de-linge-de-lit-tencel-vert-clair\\\/\",\"name\":\"Parure de Linge de Lit Tencel - Vert clair | AZTEX\",\"isPartOf\":{\"@id\":\"https:\\\/\\\/aztex.ee\\\/fr\\\/#website\"},\"primaryImageOfPage\":{\"@id\":\"https:\\\/\\\/aztex.ee\\\/fr\\\/pood\\\/linge-de-lit\\\/parure-de-linge-de-lit-tencel-vert-clair\\\/#primaryimage\"},\"image\":{\"@id\":\"https:\\\/\\\/aztex.ee\\\/fr\\\/pood\\\/linge-de-lit\\\/parure-de-linge-de-lit-tencel-vert-clair\\\/#primaryimage\"},\"thumbnailUrl\":\"https:\\\/\\\/aztex.ee\\\/wp-content\\\/uploads\\\/2025\\\/03\\\/Tencel-voodipesukomplekt-Heleroheline.jpg\",\"datePublished\":\"2025-03-08T22:43:38+00:00\",\"dateModified\":\"2025-03-09T19:14:27+00:00\",\"description\":\"La parure de lit luxueuse en TENCEL\u2122 Lyocell Vert clair est douce comme de la soie, respirante et douce pour la peau. Sa texture l\u00e9g\u00e8re et lisse assure\",\"breadcrumb\":{\"@id\":\"https:\\\/\\\/aztex.ee\\\/fr\\\/pood\\\/linge-de-lit\\\/parure-de-linge-de-lit-tencel-vert-clair\\\/#breadcrumb\"},\"inLanguage\":\"fr-FR\",\"potentialAction\":[{\"@type\":\"ReadAction\",\"target\":[\"https:\\\/\\\/aztex.ee\\\/fr\\\/pood\\\/linge-de-lit\\\/parure-de-linge-de-lit-tencel-vert-clair\\\/\"]}]},{\"@type\":\"ImageObject\",\"inLanguage\":\"fr-FR\",\"@id\":\"https:\\\/\\\/aztex.ee\\\/fr\\\/pood\\\/linge-de-lit\\\/parure-de-linge-de-lit-tencel-vert-clair\\\/#primaryimage\",\"url\":\"https:\\\/\\\/aztex.ee\\\/wp-content\\\/uploads\\\/2025\\\/03\\\/Tencel-voodipesukomplekt-Heleroheline.jpg\",\"contentUrl\":\"https:\\\/\\\/aztex.ee\\\/wp-content\\\/uploads\\\/2025\\\/03\\\/Tencel-voodipesukomplekt-Heleroheline.jpg\",\"width\":800,\"height\":800,\"caption\":\"Tencel voodipesukomplekt Heleroheline\"},{\"@type\":\"BreadcrumbList\",\"@id\":\"https:\\\/\\\/aztex.ee\\\/fr\\\/pood\\\/linge-de-lit\\\/parure-de-linge-de-lit-tencel-vert-clair\\\/#breadcrumb\",\"itemListElement\":[{\"@type\":\"ListItem\",\"position\":1,\"name\":\"Accueil\",\"item\":\"https:\\\/\\\/aztex.ee\\\/fr\\\/\"},{\"@type\":\"ListItem\",\"position\":2,\"name\":\"Boutique\",\"item\":\"https:\\\/\\\/aztex.ee\\\/fr\\\/boutique\\\/\"},{\"@type\":\"ListItem\",\"position\":3,\"name\":\"Parure de Linge de Lit Tencel | Vert clair\"}]},{\"@type\":\"WebSite\",\"@id\":\"https:\\\/\\\/aztex.ee\\\/fr\\\/#website\",\"url\":\"https:\\\/\\\/aztex.ee\\\/fr\\\/\",\"name\":\"AZTEX\",\"description\":\"\",\"publisher\":{\"@id\":\"https:\\\/\\\/aztex.ee\\\/fr\\\/#organization\"},\"potentialAction\":[{\"@type\":\"SearchAction\",\"target\":{\"@type\":\"EntryPoint\",\"urlTemplate\":\"https:\\\/\\\/aztex.ee\\\/fr\\\/?s={search_term_string}\"},\"query-input\":{\"@type\":\"PropertyValueSpecification\",\"valueRequired\":true,\"valueName\":\"search_term_string\"}}],\"inLanguage\":\"fr-FR\"},{\"@type\":\"Organization\",\"@id\":\"https:\\\/\\\/aztex.ee\\\/fr\\\/#organization\",\"name\":\"AZTEX\",\"url\":\"https:\\\/\\\/aztex.ee\\\/fr\\\/\",\"logo\":{\"@type\":\"ImageObject\",\"inLanguage\":\"fr-FR\",\"@id\":\"https:\\\/\\\/aztex.ee\\\/fr\\\/#\\\/schema\\\/logo\\\/image\\\/\",\"url\":\"https:\\\/\\\/aztex.ee\\\/wp-content\\\/uploads\\\/2026\\\/01\\\/AZTEX.png\",\"contentUrl\":\"https:\\\/\\\/aztex.ee\\\/wp-content\\\/uploads\\\/2026\\\/01\\\/AZTEX.png\",\"width\":500,\"height\":500,\"caption\":\"AZTEX\"},\"image\":{\"@id\":\"https:\\\/\\\/aztex.ee\\\/fr\\\/#\\\/schema\\\/logo\\\/image\\\/\"},\"sameAs\":[\"https:\\\/\\\/www.facebook.com\\\/AztexEE\",\"https:\\\/\\\/www.instagram.com\\\/aztexeesti\\\/\",\"https:\\\/\\\/www.youtube.com\\\/@AZTEXEE\",\"https:\\\/\\\/www.pinterest.com\\\/aztex_eesti\\\/\",\"https:\\\/\\\/www.tiktok.com\\\/@aztexeesti\",\"https:\\\/\\\/www.trustpilot.com\\\/review\\\/aztex.ee\",\"https:\\\/\\\/www.linkedin.com\\\/company\\\/aztex-ee\\\/\",\"https:\\\/\\\/www.wikidata.org\\\/wiki\\\/Q137560182\"]}]}<\/script>\n<!-- \/ Yoast SEO plugin. -->","yoast_head_json":{"title":"Parure de Linge de Lit Tencel - Vert clair | AZTEX","description":"La parure de lit luxueuse en TENCEL\u2122 Lyocell Vert clair est douce comme de la soie, respirante et douce pour la peau. Sa texture l\u00e9g\u00e8re et lisse assure","robots":{"index":"index","follow":"follow","max-snippet":"max-snippet:-1","max-image-preview":"max-image-preview:large","max-video-preview":"max-video-preview:-1"},"canonical":"https:\/\/aztex.ee\/fr\/pood\/linge-de-lit\/parure-de-linge-de-lit-tencel-vert-clair\/","og_locale":"fr_FR","og_type":"article","og_title":"Parure de Linge de Lit Tencel - Vert clair | AZTEX","og_description":"La parure de lit luxueuse en TENCEL\u2122 Lyocell Vert clair est douce comme de la soie, respirante et douce pour la peau. Sa texture l\u00e9g\u00e8re et lisse assure","og_url":"https:\/\/aztex.ee\/fr\/pood\/linge-de-lit\/parure-de-linge-de-lit-tencel-vert-clair\/","og_site_name":"AZTEX","article_publisher":"https:\/\/www.facebook.com\/AztexEE","article_modified_time":"2025-03-09T19:14:27+00:00","og_image":[{"width":800,"height":800,"url":"https:\/\/aztex.ee\/wp-content\/uploads\/2025\/03\/Tencel-voodipesukomplekt-Heleroheline.jpg","type":"image\/jpeg"}],"twitter_card":"summary_large_image","twitter_misc":{"Dur\u00e9e de lecture estim\u00e9e":"2 minutes"},"schema":{"@context":"https:\/\/schema.org","@graph":[{"@type":["WebPage","ItemPage"],"@id":"https:\/\/aztex.ee\/fr\/pood\/linge-de-lit\/parure-de-linge-de-lit-tencel-vert-clair\/","url":"https:\/\/aztex.ee\/fr\/pood\/linge-de-lit\/parure-de-linge-de-lit-tencel-vert-clair\/","name":"Parure de Linge de Lit Tencel - Vert clair | AZTEX","isPartOf":{"@id":"https:\/\/aztex.ee\/fr\/#website"},"primaryImageOfPage":{"@id":"https:\/\/aztex.ee\/fr\/pood\/linge-de-lit\/parure-de-linge-de-lit-tencel-vert-clair\/#primaryimage"},"image":{"@id":"https:\/\/aztex.ee\/fr\/pood\/linge-de-lit\/parure-de-linge-de-lit-tencel-vert-clair\/#primaryimage"},"thumbnailUrl":"https:\/\/aztex.ee\/wp-content\/uploads\/2025\/03\/Tencel-voodipesukomplekt-Heleroheline.jpg","datePublished":"2025-03-08T22:43:38+00:00","dateModified":"2025-03-09T19:14:27+00:00","description":"La parure de lit luxueuse en TENCEL\u2122 Lyocell Vert clair est douce comme de la soie, respirante et douce pour la peau. Sa texture l\u00e9g\u00e8re et lisse assure","breadcrumb":{"@id":"https:\/\/aztex.ee\/fr\/pood\/linge-de-lit\/parure-de-linge-de-lit-tencel-vert-clair\/#breadcrumb"},"inLanguage":"fr-FR","potentialAction":[{"@type":"ReadAction","target":["https:\/\/aztex.ee\/fr\/pood\/linge-de-lit\/parure-de-linge-de-lit-tencel-vert-clair\/"]}]},{"@type":"ImageObject","inLanguage":"fr-FR","@id":"https:\/\/aztex.ee\/fr\/pood\/linge-de-lit\/parure-de-linge-de-lit-tencel-vert-clair\/#primaryimage","url":"https:\/\/aztex.ee\/wp-content\/uploads\/2025\/03\/Tencel-voodipesukomplekt-Heleroheline.jpg","contentUrl":"https:\/\/aztex.ee\/wp-content\/uploads\/2025\/03\/Tencel-voodipesukomplekt-Heleroheline.jpg","width":800,"height":800,"caption":"Tencel voodipesukomplekt Heleroheline"},{"@type":"BreadcrumbList","@id":"https:\/\/aztex.ee\/fr\/pood\/linge-de-lit\/parure-de-linge-de-lit-tencel-vert-clair\/#breadcrumb","itemListElement":[{"@type":"ListItem","position":1,"name":"Accueil","item":"https:\/\/aztex.ee\/fr\/"},{"@type":"ListItem","position":2,"name":"Boutique","item":"https:\/\/aztex.ee\/fr\/boutique\/"},{"@type":"ListItem","position":3,"name":"Parure de Linge de Lit Tencel | Vert clair"}]},{"@type":"WebSite","@id":"https:\/\/aztex.ee\/fr\/#website","url":"https:\/\/aztex.ee\/fr\/","name":"AZTEX","description":"","publisher":{"@id":"https:\/\/aztex.ee\/fr\/#organization"},"potentialAction":[{"@type":"SearchAction","target":{"@type":"EntryPoint","urlTemplate":"https:\/\/aztex.ee\/fr\/?s={search_term_string}"},"query-input":{"@type":"PropertyValueSpecification","valueRequired":true,"valueName":"search_term_string"}}],"inLanguage":"fr-FR"},{"@type":"Organization","@id":"https:\/\/aztex.ee\/fr\/#organization","name":"AZTEX","url":"https:\/\/aztex.ee\/fr\/","logo":{"@type":"ImageObject","inLanguage":"fr-FR","@id":"https:\/\/aztex.ee\/fr\/#\/schema\/logo\/image\/","url":"https:\/\/aztex.ee\/wp-content\/uploads\/2026\/01\/AZTEX.png","contentUrl":"https:\/\/aztex.ee\/wp-content\/uploads\/2026\/01\/AZTEX.png","width":500,"height":500,"caption":"AZTEX"},"image":{"@id":"https:\/\/aztex.ee\/fr\/#\/schema\/logo\/image\/"},"sameAs":["https:\/\/www.facebook.com\/AztexEE","https:\/\/www.instagram.com\/aztexeesti\/","https:\/\/www.youtube.com\/@AZTEXEE","https:\/\/www.pinterest.com\/aztex_eesti\/","https:\/\/www.tiktok.com\/@aztexeesti","https:\/\/www.trustpilot.com\/review\/aztex.ee","https:\/\/www.linkedin.com\/company\/aztex-ee\/","https:\/\/www.wikidata.org\/wiki\/Q137560182"]}]}},"_links":{"self":[{"href":"https:\/\/aztex.ee\/fr\/wp-json\/wp\/v2\/product\/64375","targetHints":{"allow":["GET"]}}],"collection":[{"href":"https:\/\/aztex.ee\/fr\/wp-json\/wp\/v2\/product"}],"about":[{"href":"https:\/\/aztex.ee\/fr\/wp-json\/wp\/v2\/types\/product"}],"replies":[{"embeddable":true,"href":"https:\/\/aztex.ee\/fr\/wp-json\/wp\/v2\/comments?post=64375"}],"version-history":[{"count":0,"href":"https:\/\/aztex.ee\/fr\/wp-json\/wp\/v2\/product\/64375\/revisions"}],"wp:featuredmedia":[{"embeddable":true,"href":"https:\/\/aztex.ee\/fr\/wp-json\/wp\/v2\/media\/64400"}],"wp:attachment":[{"href":"https:\/\/aztex.ee\/fr\/wp-json\/wp\/v2\/media?parent=64375"}],"wp:term":[{"taxonomy":"product_brand","embeddable":true,"href":"https:\/\/aztex.ee\/fr\/wp-json\/wp\/v2\/product_brand?post=64375"},{"taxonomy":"product_cat","embeddable":true,"href":"https:\/\/aztex.ee\/fr\/wp-json\/wp\/v2\/product_cat?post=64375"},{"taxonomy":"product_tag","embeddable":true,"href":"https:\/\/aztex.ee\/fr\/wp-json\/wp\/v2\/product_tag?post=64375"}],"curies":[{"name":"wp","href":"https:\/\/api.w.org\/{rel}","templated":true}]}}