{"id":60937,"date":"2025-02-26T10:54:14","date_gmt":"2025-02-26T10:54:14","guid":{"rendered":"https:\/\/aztex.ee\/?post_type=product&#038;p=60937"},"modified":"2026-04-30T16:47:05","modified_gmt":"2026-04-30T16:47:05","slug":"couverture-polaire-sherpa","status":"publish","type":"product","link":"https:\/\/aztex.ee\/fr\/pood\/couvertures-plaids\/couverture-polaire-sherpa\/","title":{"rendered":"Couverture polaire sherpa 180&#215;200 cm"},"content":{"rendered":"<p><strong>Couverture polaire Sherpa 180\u00d7200 cm \u2013 Douceur et confort \u00e0 chaque instant<\/strong><\/p>\n<p>La couverture polaire Sherpa 180\u00d7200 cm offre une douceur et une chaleur exceptionnelles, rendant la vie quotidienne beaucoup plus confortable. Sa texture moelleuse et sa mati\u00e8re douce cr\u00e9ent le confort parfait pour profiter de moments de d\u00e9tente. La couverture est parfaite aussi bien pour la chambre que pour le salon, offrant une exp\u00e9rience chaleureuse et confortable dans toutes les conditions.<\/p>\n<p><strong>Style et fonctionnalit\u00e9<\/strong><br \/>\nLa couverture polaire Sherpa peut \u00eatre utilis\u00e9e comme un ajout \u00e9l\u00e9gant \u00e0 l&rsquo;int\u00e9rieur ou comme une couverture pratique, offrant l&rsquo;\u00e9quilibre parfait entre style et confort. La couverture a un look classique et \u00e9l\u00e9gant qui s&rsquo;int\u00e8gre dans n&rsquo;importe quel design d&rsquo;int\u00e9rieur.<\/p>\n<p><strong>Polyvalente et pratique<\/strong><br \/>\nLa couverture polaire Sherpa est un excellent choix pour un usage quotidien, \u00e9tant suffisamment grande pour couvrir le lit ou l&rsquo;utiliser sur le canap\u00e9. Les couvertures polaires Sherpa sont faciles \u00e0 entretenir et conservent leur douceur m\u00eame apr\u00e8s plusieurs lavages, ce qui en fait un choix pratique pour un usage quotidien.<\/p>\n<p><strong>Choix de cadeau id\u00e9al<\/strong><br \/>\nSi vous recherchez le cadeau id\u00e9al pour vos proches, une couverture polaire Sherpa est un excellent choix. Sa douceur luxueuse et son c\u00f4t\u00e9 pratique en font le cadeau id\u00e9al pour toute occasion, qu&rsquo;il s&rsquo;agisse d&rsquo;un anniversaire ou simplement d&rsquo;une belle surprise.<\/p>\n","protected":false},"excerpt":{"rendered":"<ul>\n<li>Mat\u00e9riau : Toison de corail<\/li>\n<li>Taille : 180&#215;200 cm \u00b13<\/li>\n<li>Poids : 1,4 kg<\/li>\n<\/ul>\n","protected":false},"featured_media":61088,"comment_status":"open","ping_status":"closed","template":"","meta":[],"product_brand":[],"product_cat":[4466,4519,1865],"product_tag":[],"class_list":{"0":"post-60937","1":"product","2":"type-product","3":"status-publish","4":"has-post-thumbnail","6":"product_cat-couverture-sherpa","7":"product_cat-couverture-sherpa-180x200-cm","8":"product_cat-couvertures-plaids","10":"first","11":"instock","12":"shipping-taxable","13":"purchasable","14":"product-type-variable"},"yoast_head":"<!-- This site is optimized with the Yoast SEO plugin v27.6 - https:\/\/yoast.com\/product\/yoast-seo-wordpress\/ -->\n<title>Couverture polaire sherpa 180x200 cm | AZTEX<\/title>\n<meta name=\"description\" content=\"La couverture polaire Sherpa 180x200 cm est exceptionnellement douce, agr\u00e9ablement chaude et moelleuse. Un \u00e9l\u00e9ment d&#039;int\u00e9rieur \u00e9l\u00e9gant et pratique\" \/>\n<meta name=\"robots\" content=\"index, follow, max-snippet:-1, max-image-preview:large, max-video-preview:-1\" \/>\n<link rel=\"canonical\" href=\"https:\/\/aztex.ee\/fr\/pood\/couvertures-plaids\/couverture-polaire-sherpa\/\" \/>\n<meta property=\"og:locale\" content=\"fr_FR\" \/>\n<meta property=\"og:type\" content=\"article\" \/>\n<meta property=\"og:title\" content=\"Couverture polaire sherpa 180x200 cm | AZTEX\" \/>\n<meta property=\"og:description\" content=\"La couverture polaire Sherpa 180x200 cm est exceptionnellement douce, agr\u00e9ablement chaude et moelleuse. Un \u00e9l\u00e9ment d&#039;int\u00e9rieur \u00e9l\u00e9gant et pratique\" \/>\n<meta property=\"og:url\" content=\"https:\/\/aztex.ee\/fr\/pood\/couvertures-plaids\/couverture-polaire-sherpa\/\" \/>\n<meta property=\"og:site_name\" content=\"AZTEX\" \/>\n<meta property=\"article:publisher\" content=\"https:\/\/www.facebook.com\/AztexEE\" \/>\n<meta property=\"article:modified_time\" content=\"2026-04-30T16:47:05+00:00\" \/>\n<meta property=\"og:image\" content=\"https:\/\/aztex.ee\/wp-content\/uploads\/2025\/02\/Sherpa-fliis-tekk-180x200-1.jpg\" \/>\n\t<meta property=\"og:image:width\" content=\"800\" \/>\n\t<meta property=\"og:image:height\" content=\"800\" \/>\n\t<meta property=\"og:image:type\" content=\"image\/jpeg\" \/>\n<meta name=\"twitter:card\" content=\"summary_large_image\" \/>\n<meta name=\"twitter:label1\" content=\"Dur\u00e9e de lecture estim\u00e9e\" \/>\n\t<meta name=\"twitter:data1\" content=\"2 minutes\" \/>\n<script type=\"application\/ld+json\" class=\"yoast-schema-graph\">{\"@context\":\"https:\\\/\\\/schema.org\",\"@graph\":[{\"@type\":[\"WebPage\",\"ItemPage\"],\"@id\":\"https:\\\/\\\/aztex.ee\\\/fr\\\/pood\\\/couvertures-plaids\\\/couverture-polaire-sherpa\\\/\",\"url\":\"https:\\\/\\\/aztex.ee\\\/fr\\\/pood\\\/couvertures-plaids\\\/couverture-polaire-sherpa\\\/\",\"name\":\"Couverture polaire sherpa 180x200 cm | AZTEX\",\"isPartOf\":{\"@id\":\"https:\\\/\\\/aztex.ee\\\/fr\\\/#website\"},\"primaryImageOfPage\":{\"@id\":\"https:\\\/\\\/aztex.ee\\\/fr\\\/pood\\\/couvertures-plaids\\\/couverture-polaire-sherpa\\\/#primaryimage\"},\"image\":{\"@id\":\"https:\\\/\\\/aztex.ee\\\/fr\\\/pood\\\/couvertures-plaids\\\/couverture-polaire-sherpa\\\/#primaryimage\"},\"thumbnailUrl\":\"https:\\\/\\\/aztex.ee\\\/wp-content\\\/uploads\\\/2025\\\/02\\\/Sherpa-fliis-tekk-180x200-1.jpg\",\"datePublished\":\"2025-02-26T10:54:14+00:00\",\"dateModified\":\"2026-04-30T16:47:05+00:00\",\"description\":\"La couverture polaire Sherpa 180x200 cm est exceptionnellement douce, agr\u00e9ablement chaude et moelleuse. Un \u00e9l\u00e9ment d'int\u00e9rieur \u00e9l\u00e9gant et pratique\",\"breadcrumb\":{\"@id\":\"https:\\\/\\\/aztex.ee\\\/fr\\\/pood\\\/couvertures-plaids\\\/couverture-polaire-sherpa\\\/#breadcrumb\"},\"inLanguage\":\"fr-FR\",\"potentialAction\":[{\"@type\":\"ReadAction\",\"target\":[\"https:\\\/\\\/aztex.ee\\\/fr\\\/pood\\\/couvertures-plaids\\\/couverture-polaire-sherpa\\\/\"]}]},{\"@type\":\"ImageObject\",\"inLanguage\":\"fr-FR\",\"@id\":\"https:\\\/\\\/aztex.ee\\\/fr\\\/pood\\\/couvertures-plaids\\\/couverture-polaire-sherpa\\\/#primaryimage\",\"url\":\"https:\\\/\\\/aztex.ee\\\/wp-content\\\/uploads\\\/2025\\\/02\\\/Sherpa-fliis-tekk-180x200-1.jpg\",\"contentUrl\":\"https:\\\/\\\/aztex.ee\\\/wp-content\\\/uploads\\\/2025\\\/02\\\/Sherpa-fliis-tekk-180x200-1.jpg\",\"width\":800,\"height\":800,\"caption\":\"Sherpa fliis tekk 180x200\"},{\"@type\":\"BreadcrumbList\",\"@id\":\"https:\\\/\\\/aztex.ee\\\/fr\\\/pood\\\/couvertures-plaids\\\/couverture-polaire-sherpa\\\/#breadcrumb\",\"itemListElement\":[{\"@type\":\"ListItem\",\"position\":1,\"name\":\"Accueil\",\"item\":\"https:\\\/\\\/aztex.ee\\\/fr\\\/\"},{\"@type\":\"ListItem\",\"position\":2,\"name\":\"Boutique\",\"item\":\"https:\\\/\\\/aztex.ee\\\/fr\\\/boutique\\\/\"},{\"@type\":\"ListItem\",\"position\":3,\"name\":\"Couverture polaire sherpa 180&#215;200 cm\"}]},{\"@type\":\"WebSite\",\"@id\":\"https:\\\/\\\/aztex.ee\\\/fr\\\/#website\",\"url\":\"https:\\\/\\\/aztex.ee\\\/fr\\\/\",\"name\":\"AZTEX\",\"description\":\"\",\"publisher\":{\"@id\":\"https:\\\/\\\/aztex.ee\\\/fr\\\/#organization\"},\"potentialAction\":[{\"@type\":\"SearchAction\",\"target\":{\"@type\":\"EntryPoint\",\"urlTemplate\":\"https:\\\/\\\/aztex.ee\\\/fr\\\/?s={search_term_string}\"},\"query-input\":{\"@type\":\"PropertyValueSpecification\",\"valueRequired\":true,\"valueName\":\"search_term_string\"}}],\"inLanguage\":\"fr-FR\"},{\"@type\":\"Organization\",\"@id\":\"https:\\\/\\\/aztex.ee\\\/fr\\\/#organization\",\"name\":\"AZTEX\",\"url\":\"https:\\\/\\\/aztex.ee\\\/fr\\\/\",\"logo\":{\"@type\":\"ImageObject\",\"inLanguage\":\"fr-FR\",\"@id\":\"https:\\\/\\\/aztex.ee\\\/fr\\\/#\\\/schema\\\/logo\\\/image\\\/\",\"url\":\"https:\\\/\\\/aztex.ee\\\/wp-content\\\/uploads\\\/2026\\\/01\\\/AZTEX.png\",\"contentUrl\":\"https:\\\/\\\/aztex.ee\\\/wp-content\\\/uploads\\\/2026\\\/01\\\/AZTEX.png\",\"width\":500,\"height\":500,\"caption\":\"AZTEX\"},\"image\":{\"@id\":\"https:\\\/\\\/aztex.ee\\\/fr\\\/#\\\/schema\\\/logo\\\/image\\\/\"},\"sameAs\":[\"https:\\\/\\\/www.facebook.com\\\/AztexEE\",\"https:\\\/\\\/www.instagram.com\\\/aztexeesti\\\/\",\"https:\\\/\\\/www.youtube.com\\\/@AZTEXEE\",\"https:\\\/\\\/www.pinterest.com\\\/aztex_eesti\\\/\",\"https:\\\/\\\/www.tiktok.com\\\/@aztexeesti\",\"https:\\\/\\\/www.trustpilot.com\\\/review\\\/aztex.ee\",\"https:\\\/\\\/www.linkedin.com\\\/company\\\/aztex-ee\\\/\",\"https:\\\/\\\/www.wikidata.org\\\/wiki\\\/Q137560182\"]}]}<\/script>\n<!-- \/ Yoast SEO plugin. -->","yoast_head_json":{"title":"Couverture polaire sherpa 180x200 cm | AZTEX","description":"La couverture polaire Sherpa 180x200 cm est exceptionnellement douce, agr\u00e9ablement chaude et moelleuse. Un \u00e9l\u00e9ment d'int\u00e9rieur \u00e9l\u00e9gant et pratique","robots":{"index":"index","follow":"follow","max-snippet":"max-snippet:-1","max-image-preview":"max-image-preview:large","max-video-preview":"max-video-preview:-1"},"canonical":"https:\/\/aztex.ee\/fr\/pood\/couvertures-plaids\/couverture-polaire-sherpa\/","og_locale":"fr_FR","og_type":"article","og_title":"Couverture polaire sherpa 180x200 cm | AZTEX","og_description":"La couverture polaire Sherpa 180x200 cm est exceptionnellement douce, agr\u00e9ablement chaude et moelleuse. Un \u00e9l\u00e9ment d'int\u00e9rieur \u00e9l\u00e9gant et pratique","og_url":"https:\/\/aztex.ee\/fr\/pood\/couvertures-plaids\/couverture-polaire-sherpa\/","og_site_name":"AZTEX","article_publisher":"https:\/\/www.facebook.com\/AztexEE","article_modified_time":"2026-04-30T16:47:05+00:00","og_image":[{"width":800,"height":800,"url":"https:\/\/aztex.ee\/wp-content\/uploads\/2025\/02\/Sherpa-fliis-tekk-180x200-1.jpg","type":"image\/jpeg"}],"twitter_card":"summary_large_image","twitter_misc":{"Dur\u00e9e de lecture estim\u00e9e":"2 minutes"},"schema":{"@context":"https:\/\/schema.org","@graph":[{"@type":["WebPage","ItemPage"],"@id":"https:\/\/aztex.ee\/fr\/pood\/couvertures-plaids\/couverture-polaire-sherpa\/","url":"https:\/\/aztex.ee\/fr\/pood\/couvertures-plaids\/couverture-polaire-sherpa\/","name":"Couverture polaire sherpa 180x200 cm | AZTEX","isPartOf":{"@id":"https:\/\/aztex.ee\/fr\/#website"},"primaryImageOfPage":{"@id":"https:\/\/aztex.ee\/fr\/pood\/couvertures-plaids\/couverture-polaire-sherpa\/#primaryimage"},"image":{"@id":"https:\/\/aztex.ee\/fr\/pood\/couvertures-plaids\/couverture-polaire-sherpa\/#primaryimage"},"thumbnailUrl":"https:\/\/aztex.ee\/wp-content\/uploads\/2025\/02\/Sherpa-fliis-tekk-180x200-1.jpg","datePublished":"2025-02-26T10:54:14+00:00","dateModified":"2026-04-30T16:47:05+00:00","description":"La couverture polaire Sherpa 180x200 cm est exceptionnellement douce, agr\u00e9ablement chaude et moelleuse. Un \u00e9l\u00e9ment d'int\u00e9rieur \u00e9l\u00e9gant et pratique","breadcrumb":{"@id":"https:\/\/aztex.ee\/fr\/pood\/couvertures-plaids\/couverture-polaire-sherpa\/#breadcrumb"},"inLanguage":"fr-FR","potentialAction":[{"@type":"ReadAction","target":["https:\/\/aztex.ee\/fr\/pood\/couvertures-plaids\/couverture-polaire-sherpa\/"]}]},{"@type":"ImageObject","inLanguage":"fr-FR","@id":"https:\/\/aztex.ee\/fr\/pood\/couvertures-plaids\/couverture-polaire-sherpa\/#primaryimage","url":"https:\/\/aztex.ee\/wp-content\/uploads\/2025\/02\/Sherpa-fliis-tekk-180x200-1.jpg","contentUrl":"https:\/\/aztex.ee\/wp-content\/uploads\/2025\/02\/Sherpa-fliis-tekk-180x200-1.jpg","width":800,"height":800,"caption":"Sherpa fliis tekk 180x200"},{"@type":"BreadcrumbList","@id":"https:\/\/aztex.ee\/fr\/pood\/couvertures-plaids\/couverture-polaire-sherpa\/#breadcrumb","itemListElement":[{"@type":"ListItem","position":1,"name":"Accueil","item":"https:\/\/aztex.ee\/fr\/"},{"@type":"ListItem","position":2,"name":"Boutique","item":"https:\/\/aztex.ee\/fr\/boutique\/"},{"@type":"ListItem","position":3,"name":"Couverture polaire sherpa 180&#215;200 cm"}]},{"@type":"WebSite","@id":"https:\/\/aztex.ee\/fr\/#website","url":"https:\/\/aztex.ee\/fr\/","name":"AZTEX","description":"","publisher":{"@id":"https:\/\/aztex.ee\/fr\/#organization"},"potentialAction":[{"@type":"SearchAction","target":{"@type":"EntryPoint","urlTemplate":"https:\/\/aztex.ee\/fr\/?s={search_term_string}"},"query-input":{"@type":"PropertyValueSpecification","valueRequired":true,"valueName":"search_term_string"}}],"inLanguage":"fr-FR"},{"@type":"Organization","@id":"https:\/\/aztex.ee\/fr\/#organization","name":"AZTEX","url":"https:\/\/aztex.ee\/fr\/","logo":{"@type":"ImageObject","inLanguage":"fr-FR","@id":"https:\/\/aztex.ee\/fr\/#\/schema\/logo\/image\/","url":"https:\/\/aztex.ee\/wp-content\/uploads\/2026\/01\/AZTEX.png","contentUrl":"https:\/\/aztex.ee\/wp-content\/uploads\/2026\/01\/AZTEX.png","width":500,"height":500,"caption":"AZTEX"},"image":{"@id":"https:\/\/aztex.ee\/fr\/#\/schema\/logo\/image\/"},"sameAs":["https:\/\/www.facebook.com\/AztexEE","https:\/\/www.instagram.com\/aztexeesti\/","https:\/\/www.youtube.com\/@AZTEXEE","https:\/\/www.pinterest.com\/aztex_eesti\/","https:\/\/www.tiktok.com\/@aztexeesti","https:\/\/www.trustpilot.com\/review\/aztex.ee","https:\/\/www.linkedin.com\/company\/aztex-ee\/","https:\/\/www.wikidata.org\/wiki\/Q137560182"]}]}},"_links":{"self":[{"href":"https:\/\/aztex.ee\/fr\/wp-json\/wp\/v2\/product\/60937","targetHints":{"allow":["GET"]}}],"collection":[{"href":"https:\/\/aztex.ee\/fr\/wp-json\/wp\/v2\/product"}],"about":[{"href":"https:\/\/aztex.ee\/fr\/wp-json\/wp\/v2\/types\/product"}],"replies":[{"embeddable":true,"href":"https:\/\/aztex.ee\/fr\/wp-json\/wp\/v2\/comments?post=60937"}],"version-history":[{"count":0,"href":"https:\/\/aztex.ee\/fr\/wp-json\/wp\/v2\/product\/60937\/revisions"}],"wp:featuredmedia":[{"embeddable":true,"href":"https:\/\/aztex.ee\/fr\/wp-json\/wp\/v2\/media\/61088"}],"wp:attachment":[{"href":"https:\/\/aztex.ee\/fr\/wp-json\/wp\/v2\/media?parent=60937"}],"wp:term":[{"taxonomy":"product_brand","embeddable":true,"href":"https:\/\/aztex.ee\/fr\/wp-json\/wp\/v2\/product_brand?post=60937"},{"taxonomy":"product_cat","embeddable":true,"href":"https:\/\/aztex.ee\/fr\/wp-json\/wp\/v2\/product_cat?post=60937"},{"taxonomy":"product_tag","embeddable":true,"href":"https:\/\/aztex.ee\/fr\/wp-json\/wp\/v2\/product_tag?post=60937"}],"curies":[{"name":"wp","href":"https:\/\/api.w.org\/{rel}","templated":true}]}}