{"id":59808,"date":"2025-02-26T09:58:55","date_gmt":"2025-02-26T09:58:55","guid":{"rendered":"https:\/\/aztex.ee\/?post_type=product&#038;p=59808"},"modified":"2026-02-01T16:43:45","modified_gmt":"2026-02-01T16:43:45","slug":"couverture-polaire-sherpa-150x200-cm","status":"publish","type":"product","link":"https:\/\/aztex.ee\/fr\/pood\/couvertures-plaids\/couverture-polaire-sherpa-150x200-cm\/","title":{"rendered":"Couverture polaire sherpa 150&#215;200 cm"},"content":{"rendered":"<p><strong>Couverture polaire Sherpa 150\u00d7200 cm \u2013 Douce et chaude<\/strong><\/p>\n<p>Sentez-vous toujours \u00e0 l&rsquo;aise et au chaud chez vous avec cette couverture polaire Sherpa de haute qualit\u00e9. Cette couverture est con\u00e7ue pour offrir la meilleure chaleur et le meilleur confort pour rendre les moments du quotidien encore plus agr\u00e9ables.<\/p>\n<p><strong>Confort dans toutes les situations<\/strong><br \/>\nLes dimensions de la couverture polaire Sherpa 150\u00d7200 cm la rendent parfaite pour toutes les situations. Qu&rsquo;il s&rsquo;agisse de se d\u00e9tendre sur le canap\u00e9, d&rsquo;apporter une chaleur suppl\u00e9mentaire sur le lit ou de dormir, la couverture polaire Sherpa offre une l\u00e9g\u00e8ret\u00e9 et une chaleur parfaites \u00e0 chaque utilisation. La taille est \u00e9galement bien adapt\u00e9e pour les invit\u00e9s ou comme couverture suppl\u00e9mentaire sur le lit pour rendre chaque journ\u00e9e pleine de chaleur.<\/p>\n<p><strong>Facile \u00e0 entretenir et durable<\/strong><br \/>\nL&rsquo;entretien de la couverture polaire Sherpa est facile et pratique, car elle est lavable en machine. Apr\u00e8s le lavage, elle reste douce, offrant une chaleur et une qualit\u00e9 durables. Nous recommandons de la laver \u00e0 basse temp\u00e9rature pour pr\u00e9server la beaut\u00e9 et la durabilit\u00e9 du produit. La couverture polaire s\u00e8che rapidement et ne n\u00e9cessite pas de s\u00e9chage s\u00e9par\u00e9, ce qui la rend encore plus pratique au quotidien.<\/p>\n<p><strong>Confort et chaleur \u00e0 chaque instant<\/strong><br \/>\nUne couverture polaire Sherpa n&rsquo;est pas seulement chaude, elle offre \u00e9galement une d\u00e9tente parfaite au quotidien. Qu&rsquo;il s&rsquo;agisse d&rsquo;une soir\u00e9e douillette \u00e0 la maison, de la lecture d&rsquo;un livre ou des t\u00e2ches m\u00e9nag\u00e8res, une couverture polaire Sherpa rend chaque moment sp\u00e9cial.<\/p>\n","protected":false},"excerpt":{"rendered":"<ul>\n<li>Mat\u00e9riau : Toison de corail<\/li>\n<li>Taille : 150&#215;200 cm \u00b13<\/li>\n<li>Poids : 1,1 kg<\/li>\n<\/ul>\n","protected":false},"featured_media":59959,"comment_status":"open","ping_status":"closed","template":"","meta":[],"product_brand":[],"product_cat":[4466,4483,1865],"product_tag":[],"class_list":{"0":"post-59808","1":"product","2":"type-product","3":"status-publish","4":"has-post-thumbnail","6":"product_cat-couverture-sherpa","7":"product_cat-couverture-sherpa-150x200-cm","8":"product_cat-couvertures-plaids","10":"first","11":"instock","12":"shipping-taxable","13":"purchasable","14":"product-type-variable"},"yoast_head":"<!-- This site is optimized with the Yoast SEO plugin v27.6 - https:\/\/yoast.com\/product\/yoast-seo-wordpress\/ -->\n<title>Couverture polaire sherpa 150x200 cm | AZTEX<\/title>\n<meta name=\"description\" content=\"Une couverture polaire Sherpa 150x200 cm ultra douce et chaude qui offre un confort maximal. Le compagnon id\u00e9al pour les soir\u00e9es plus fra\u00eeches et la d\u00e9tente\" \/>\n<meta name=\"robots\" content=\"index, follow, max-snippet:-1, max-image-preview:large, max-video-preview:-1\" \/>\n<link rel=\"canonical\" href=\"https:\/\/aztex.ee\/fr\/pood\/couvertures-plaids\/couverture-polaire-sherpa-150x200-cm\/\" \/>\n<meta property=\"og:locale\" content=\"fr_FR\" \/>\n<meta property=\"og:type\" content=\"article\" \/>\n<meta property=\"og:title\" content=\"Couverture polaire sherpa 150x200 cm | AZTEX\" \/>\n<meta property=\"og:description\" content=\"Une couverture polaire Sherpa 150x200 cm ultra douce et chaude qui offre un confort maximal. Le compagnon id\u00e9al pour les soir\u00e9es plus fra\u00eeches et la d\u00e9tente\" \/>\n<meta property=\"og:url\" content=\"https:\/\/aztex.ee\/fr\/pood\/couvertures-plaids\/couverture-polaire-sherpa-150x200-cm\/\" \/>\n<meta property=\"og:site_name\" content=\"AZTEX\" \/>\n<meta property=\"article:publisher\" content=\"https:\/\/www.facebook.com\/AztexEE\" \/>\n<meta property=\"article:modified_time\" content=\"2026-02-01T16:43:45+00:00\" \/>\n<meta property=\"og:image\" content=\"https:\/\/aztex.ee\/wp-content\/uploads\/2025\/02\/Sherpa-fliis-tekk-150x200-cm.jpg\" \/>\n\t<meta property=\"og:image:width\" content=\"800\" \/>\n\t<meta property=\"og:image:height\" content=\"800\" \/>\n\t<meta property=\"og:image:type\" content=\"image\/jpeg\" \/>\n<meta name=\"twitter:card\" content=\"summary_large_image\" \/>\n<meta name=\"twitter:label1\" content=\"Dur\u00e9e de lecture estim\u00e9e\" \/>\n\t<meta name=\"twitter:data1\" content=\"2 minutes\" \/>\n<script type=\"application\/ld+json\" class=\"yoast-schema-graph\">{\"@context\":\"https:\\\/\\\/schema.org\",\"@graph\":[{\"@type\":[\"WebPage\",\"ItemPage\"],\"@id\":\"https:\\\/\\\/aztex.ee\\\/fr\\\/pood\\\/couvertures-plaids\\\/couverture-polaire-sherpa-150x200-cm\\\/\",\"url\":\"https:\\\/\\\/aztex.ee\\\/fr\\\/pood\\\/couvertures-plaids\\\/couverture-polaire-sherpa-150x200-cm\\\/\",\"name\":\"Couverture polaire sherpa 150x200 cm | AZTEX\",\"isPartOf\":{\"@id\":\"https:\\\/\\\/aztex.ee\\\/fr\\\/#website\"},\"primaryImageOfPage\":{\"@id\":\"https:\\\/\\\/aztex.ee\\\/fr\\\/pood\\\/couvertures-plaids\\\/couverture-polaire-sherpa-150x200-cm\\\/#primaryimage\"},\"image\":{\"@id\":\"https:\\\/\\\/aztex.ee\\\/fr\\\/pood\\\/couvertures-plaids\\\/couverture-polaire-sherpa-150x200-cm\\\/#primaryimage\"},\"thumbnailUrl\":\"https:\\\/\\\/aztex.ee\\\/wp-content\\\/uploads\\\/2025\\\/02\\\/Sherpa-fliis-tekk-150x200-cm.jpg\",\"datePublished\":\"2025-02-26T09:58:55+00:00\",\"dateModified\":\"2026-02-01T16:43:45+00:00\",\"description\":\"Une couverture polaire Sherpa 150x200 cm ultra douce et chaude qui offre un confort maximal. Le compagnon id\u00e9al pour les soir\u00e9es plus fra\u00eeches et la d\u00e9tente\",\"breadcrumb\":{\"@id\":\"https:\\\/\\\/aztex.ee\\\/fr\\\/pood\\\/couvertures-plaids\\\/couverture-polaire-sherpa-150x200-cm\\\/#breadcrumb\"},\"inLanguage\":\"fr-FR\",\"potentialAction\":[{\"@type\":\"ReadAction\",\"target\":[\"https:\\\/\\\/aztex.ee\\\/fr\\\/pood\\\/couvertures-plaids\\\/couverture-polaire-sherpa-150x200-cm\\\/\"]}]},{\"@type\":\"ImageObject\",\"inLanguage\":\"fr-FR\",\"@id\":\"https:\\\/\\\/aztex.ee\\\/fr\\\/pood\\\/couvertures-plaids\\\/couverture-polaire-sherpa-150x200-cm\\\/#primaryimage\",\"url\":\"https:\\\/\\\/aztex.ee\\\/wp-content\\\/uploads\\\/2025\\\/02\\\/Sherpa-fliis-tekk-150x200-cm.jpg\",\"contentUrl\":\"https:\\\/\\\/aztex.ee\\\/wp-content\\\/uploads\\\/2025\\\/02\\\/Sherpa-fliis-tekk-150x200-cm.jpg\",\"width\":800,\"height\":800,\"caption\":\"Sherpa fliis tekk 150x200 cm\"},{\"@type\":\"BreadcrumbList\",\"@id\":\"https:\\\/\\\/aztex.ee\\\/fr\\\/pood\\\/couvertures-plaids\\\/couverture-polaire-sherpa-150x200-cm\\\/#breadcrumb\",\"itemListElement\":[{\"@type\":\"ListItem\",\"position\":1,\"name\":\"Accueil\",\"item\":\"https:\\\/\\\/aztex.ee\\\/fr\\\/\"},{\"@type\":\"ListItem\",\"position\":2,\"name\":\"Boutique\",\"item\":\"https:\\\/\\\/aztex.ee\\\/fr\\\/boutique\\\/\"},{\"@type\":\"ListItem\",\"position\":3,\"name\":\"Couverture polaire sherpa 150&#215;200 cm\"}]},{\"@type\":\"WebSite\",\"@id\":\"https:\\\/\\\/aztex.ee\\\/fr\\\/#website\",\"url\":\"https:\\\/\\\/aztex.ee\\\/fr\\\/\",\"name\":\"AZTEX\",\"description\":\"\",\"publisher\":{\"@id\":\"https:\\\/\\\/aztex.ee\\\/fr\\\/#organization\"},\"potentialAction\":[{\"@type\":\"SearchAction\",\"target\":{\"@type\":\"EntryPoint\",\"urlTemplate\":\"https:\\\/\\\/aztex.ee\\\/fr\\\/?s={search_term_string}\"},\"query-input\":{\"@type\":\"PropertyValueSpecification\",\"valueRequired\":true,\"valueName\":\"search_term_string\"}}],\"inLanguage\":\"fr-FR\"},{\"@type\":\"Organization\",\"@id\":\"https:\\\/\\\/aztex.ee\\\/fr\\\/#organization\",\"name\":\"AZTEX\",\"url\":\"https:\\\/\\\/aztex.ee\\\/fr\\\/\",\"logo\":{\"@type\":\"ImageObject\",\"inLanguage\":\"fr-FR\",\"@id\":\"https:\\\/\\\/aztex.ee\\\/fr\\\/#\\\/schema\\\/logo\\\/image\\\/\",\"url\":\"https:\\\/\\\/aztex.ee\\\/wp-content\\\/uploads\\\/2026\\\/01\\\/AZTEX.png\",\"contentUrl\":\"https:\\\/\\\/aztex.ee\\\/wp-content\\\/uploads\\\/2026\\\/01\\\/AZTEX.png\",\"width\":500,\"height\":500,\"caption\":\"AZTEX\"},\"image\":{\"@id\":\"https:\\\/\\\/aztex.ee\\\/fr\\\/#\\\/schema\\\/logo\\\/image\\\/\"},\"sameAs\":[\"https:\\\/\\\/www.facebook.com\\\/AztexEE\",\"https:\\\/\\\/www.instagram.com\\\/aztexeesti\\\/\",\"https:\\\/\\\/www.youtube.com\\\/@AZTEXEE\",\"https:\\\/\\\/www.pinterest.com\\\/aztex_eesti\\\/\",\"https:\\\/\\\/www.tiktok.com\\\/@aztexeesti\",\"https:\\\/\\\/www.trustpilot.com\\\/review\\\/aztex.ee\",\"https:\\\/\\\/www.linkedin.com\\\/company\\\/aztex-ee\\\/\",\"https:\\\/\\\/www.wikidata.org\\\/wiki\\\/Q137560182\"]}]}<\/script>\n<!-- \/ Yoast SEO plugin. -->","yoast_head_json":{"title":"Couverture polaire sherpa 150x200 cm | AZTEX","description":"Une couverture polaire Sherpa 150x200 cm ultra douce et chaude qui offre un confort maximal. Le compagnon id\u00e9al pour les soir\u00e9es plus fra\u00eeches et la d\u00e9tente","robots":{"index":"index","follow":"follow","max-snippet":"max-snippet:-1","max-image-preview":"max-image-preview:large","max-video-preview":"max-video-preview:-1"},"canonical":"https:\/\/aztex.ee\/fr\/pood\/couvertures-plaids\/couverture-polaire-sherpa-150x200-cm\/","og_locale":"fr_FR","og_type":"article","og_title":"Couverture polaire sherpa 150x200 cm | AZTEX","og_description":"Une couverture polaire Sherpa 150x200 cm ultra douce et chaude qui offre un confort maximal. Le compagnon id\u00e9al pour les soir\u00e9es plus fra\u00eeches et la d\u00e9tente","og_url":"https:\/\/aztex.ee\/fr\/pood\/couvertures-plaids\/couverture-polaire-sherpa-150x200-cm\/","og_site_name":"AZTEX","article_publisher":"https:\/\/www.facebook.com\/AztexEE","article_modified_time":"2026-02-01T16:43:45+00:00","og_image":[{"width":800,"height":800,"url":"https:\/\/aztex.ee\/wp-content\/uploads\/2025\/02\/Sherpa-fliis-tekk-150x200-cm.jpg","type":"image\/jpeg"}],"twitter_card":"summary_large_image","twitter_misc":{"Dur\u00e9e de lecture estim\u00e9e":"2 minutes"},"schema":{"@context":"https:\/\/schema.org","@graph":[{"@type":["WebPage","ItemPage"],"@id":"https:\/\/aztex.ee\/fr\/pood\/couvertures-plaids\/couverture-polaire-sherpa-150x200-cm\/","url":"https:\/\/aztex.ee\/fr\/pood\/couvertures-plaids\/couverture-polaire-sherpa-150x200-cm\/","name":"Couverture polaire sherpa 150x200 cm | AZTEX","isPartOf":{"@id":"https:\/\/aztex.ee\/fr\/#website"},"primaryImageOfPage":{"@id":"https:\/\/aztex.ee\/fr\/pood\/couvertures-plaids\/couverture-polaire-sherpa-150x200-cm\/#primaryimage"},"image":{"@id":"https:\/\/aztex.ee\/fr\/pood\/couvertures-plaids\/couverture-polaire-sherpa-150x200-cm\/#primaryimage"},"thumbnailUrl":"https:\/\/aztex.ee\/wp-content\/uploads\/2025\/02\/Sherpa-fliis-tekk-150x200-cm.jpg","datePublished":"2025-02-26T09:58:55+00:00","dateModified":"2026-02-01T16:43:45+00:00","description":"Une couverture polaire Sherpa 150x200 cm ultra douce et chaude qui offre un confort maximal. Le compagnon id\u00e9al pour les soir\u00e9es plus fra\u00eeches et la d\u00e9tente","breadcrumb":{"@id":"https:\/\/aztex.ee\/fr\/pood\/couvertures-plaids\/couverture-polaire-sherpa-150x200-cm\/#breadcrumb"},"inLanguage":"fr-FR","potentialAction":[{"@type":"ReadAction","target":["https:\/\/aztex.ee\/fr\/pood\/couvertures-plaids\/couverture-polaire-sherpa-150x200-cm\/"]}]},{"@type":"ImageObject","inLanguage":"fr-FR","@id":"https:\/\/aztex.ee\/fr\/pood\/couvertures-plaids\/couverture-polaire-sherpa-150x200-cm\/#primaryimage","url":"https:\/\/aztex.ee\/wp-content\/uploads\/2025\/02\/Sherpa-fliis-tekk-150x200-cm.jpg","contentUrl":"https:\/\/aztex.ee\/wp-content\/uploads\/2025\/02\/Sherpa-fliis-tekk-150x200-cm.jpg","width":800,"height":800,"caption":"Sherpa fliis tekk 150x200 cm"},{"@type":"BreadcrumbList","@id":"https:\/\/aztex.ee\/fr\/pood\/couvertures-plaids\/couverture-polaire-sherpa-150x200-cm\/#breadcrumb","itemListElement":[{"@type":"ListItem","position":1,"name":"Accueil","item":"https:\/\/aztex.ee\/fr\/"},{"@type":"ListItem","position":2,"name":"Boutique","item":"https:\/\/aztex.ee\/fr\/boutique\/"},{"@type":"ListItem","position":3,"name":"Couverture polaire sherpa 150&#215;200 cm"}]},{"@type":"WebSite","@id":"https:\/\/aztex.ee\/fr\/#website","url":"https:\/\/aztex.ee\/fr\/","name":"AZTEX","description":"","publisher":{"@id":"https:\/\/aztex.ee\/fr\/#organization"},"potentialAction":[{"@type":"SearchAction","target":{"@type":"EntryPoint","urlTemplate":"https:\/\/aztex.ee\/fr\/?s={search_term_string}"},"query-input":{"@type":"PropertyValueSpecification","valueRequired":true,"valueName":"search_term_string"}}],"inLanguage":"fr-FR"},{"@type":"Organization","@id":"https:\/\/aztex.ee\/fr\/#organization","name":"AZTEX","url":"https:\/\/aztex.ee\/fr\/","logo":{"@type":"ImageObject","inLanguage":"fr-FR","@id":"https:\/\/aztex.ee\/fr\/#\/schema\/logo\/image\/","url":"https:\/\/aztex.ee\/wp-content\/uploads\/2026\/01\/AZTEX.png","contentUrl":"https:\/\/aztex.ee\/wp-content\/uploads\/2026\/01\/AZTEX.png","width":500,"height":500,"caption":"AZTEX"},"image":{"@id":"https:\/\/aztex.ee\/fr\/#\/schema\/logo\/image\/"},"sameAs":["https:\/\/www.facebook.com\/AztexEE","https:\/\/www.instagram.com\/aztexeesti\/","https:\/\/www.youtube.com\/@AZTEXEE","https:\/\/www.pinterest.com\/aztex_eesti\/","https:\/\/www.tiktok.com\/@aztexeesti","https:\/\/www.trustpilot.com\/review\/aztex.ee","https:\/\/www.linkedin.com\/company\/aztex-ee\/","https:\/\/www.wikidata.org\/wiki\/Q137560182"]}]}},"_links":{"self":[{"href":"https:\/\/aztex.ee\/fr\/wp-json\/wp\/v2\/product\/59808","targetHints":{"allow":["GET"]}}],"collection":[{"href":"https:\/\/aztex.ee\/fr\/wp-json\/wp\/v2\/product"}],"about":[{"href":"https:\/\/aztex.ee\/fr\/wp-json\/wp\/v2\/types\/product"}],"replies":[{"embeddable":true,"href":"https:\/\/aztex.ee\/fr\/wp-json\/wp\/v2\/comments?post=59808"}],"version-history":[{"count":0,"href":"https:\/\/aztex.ee\/fr\/wp-json\/wp\/v2\/product\/59808\/revisions"}],"wp:featuredmedia":[{"embeddable":true,"href":"https:\/\/aztex.ee\/fr\/wp-json\/wp\/v2\/media\/59959"}],"wp:attachment":[{"href":"https:\/\/aztex.ee\/fr\/wp-json\/wp\/v2\/media?parent=59808"}],"wp:term":[{"taxonomy":"product_brand","embeddable":true,"href":"https:\/\/aztex.ee\/fr\/wp-json\/wp\/v2\/product_brand?post=59808"},{"taxonomy":"product_cat","embeddable":true,"href":"https:\/\/aztex.ee\/fr\/wp-json\/wp\/v2\/product_cat?post=59808"},{"taxonomy":"product_tag","embeddable":true,"href":"https:\/\/aztex.ee\/fr\/wp-json\/wp\/v2\/product_tag?post=59808"}],"curies":[{"name":"wp","href":"https:\/\/api.w.org\/{rel}","templated":true}]}}