{"id":58589,"date":"2025-02-21T17:50:38","date_gmt":"2025-02-21T17:50:38","guid":{"rendered":"https:\/\/aztex.ee\/?post_type=product&#038;p=58589"},"modified":"2026-04-03T15:10:34","modified_gmt":"2026-04-03T15:10:34","slug":"plaid","status":"publish","type":"product","link":"https:\/\/aztex.ee\/fr\/pood\/couvertures-plaids\/plaid\/","title":{"rendered":"Plaid 130&#215;180 cm"},"content":{"rendered":"<p><strong>Un plaid doux et chaud qui apporte chaleur et confort \u00e0 tout moment.<\/strong><\/p>\n<p>Le joli plaid est con\u00e7u pour apporter chaleur et confort, tout en \u00e9tant \u00e9l\u00e9gant et pratique. Sa belle texture et sa couleur en font l&rsquo;accessoire parfait pour n&rsquo;importe quelle pi\u00e8ce, ajoutant chaleur et confort. Le choix id\u00e9al pour se d\u00e9tendre apr\u00e8s une longue journ\u00e9e ou s&rsquo;endormir pour se sentir compl\u00e8tement \u00e0 l&rsquo;aise.<\/p>\n<p><strong>Utilisation polyvalente<\/strong><br \/>\nLa taille et le design du plaid le rendent id\u00e9al &#8211; que l&rsquo;objectif soit d&rsquo;apporter un peu de chaleur lors d&rsquo;une soir\u00e9e froide ou de d\u00e9corer votre maison. Le plaid offre l&rsquo;\u00e9quilibre parfait entre confort et style, rendant n&rsquo;importe quelle pi\u00e8ce encore plus agr\u00e9able.<\/p>\n<p><strong>Facile \u00e0 entretenir<\/strong><br \/>\nLe plaid est facile et pratique \u00e0 entretenir, car il est lavable en machine. Il est id\u00e9al pour un usage quotidien, \u00e9tant durable et facile \u00e0 entretenir.<\/p>\n<p><strong>Design \u00e9l\u00e9gant<\/strong><br \/>\nLe design \u00e9l\u00e9gant et intemporel fait du plaid un ajout appropri\u00e9 \u00e0 tout int\u00e9rieur. L&rsquo;aspect minimaliste et les d\u00e9tails fins cr\u00e9ent une atmosph\u00e8re chaleureuse et accueillante, ajoutant un style suppl\u00e9mentaire \u00e0 n&rsquo;importe quelle pi\u00e8ce. Ce plaid embellira votre maison et ajoutera de la chaleur.<\/p>\n<p>Que vous l&rsquo;utilisiez vous-m\u00eame ou que vous l&rsquo;offriez en cadeau, c&rsquo;est un accessoire pratique et \u00e9l\u00e9gant qui rendra le quotidien encore plus agr\u00e9able. Ce plaid est le choix parfait pour apporter chaleur, confort et style \u00e0 n&rsquo;importe quelle maison.<\/p>\n","protected":false},"excerpt":{"rendered":"<ul>\n<li>Mat\u00e9riau : Acrylique<\/li>\n<li>Taille : 130&#215;180 cm \u00b13<\/li>\n<li>Poids : 0,560 kg<\/li>\n<\/ul>\n","protected":false},"featured_media":58804,"comment_status":"open","ping_status":"closed","template":"","meta":[],"product_brand":[],"product_cat":[1865,3470],"product_tag":[],"class_list":{"0":"post-58589","1":"product","2":"type-product","3":"status-publish","4":"has-post-thumbnail","6":"product_cat-couvertures-plaids","7":"product_cat-plaids-fr","9":"first","10":"instock","11":"shipping-taxable","12":"purchasable","13":"product-type-variable"},"yoast_head":"<!-- This site is optimized with the Yoast SEO plugin v27.3 - https:\/\/yoast.com\/product\/yoast-seo-wordpress\/ -->\n<title>Plaid de luxe pour canap\u00e9 | AZTEX<\/title>\n<meta name=\"description\" content=\"Un plaid doux et chaud qui apporte du confort au quotidien. Parfait pour se d\u00e9tendre, les soir\u00e9es fra\u00eeches ou les moments de d\u00e9tente.\" \/>\n<meta name=\"robots\" content=\"index, follow, max-snippet:-1, max-image-preview:large, max-video-preview:-1\" \/>\n<link rel=\"canonical\" href=\"https:\/\/aztex.ee\/fr\/pood\/couvertures-plaids\/plaid\/\" \/>\n<meta property=\"og:locale\" content=\"fr_FR\" \/>\n<meta property=\"og:type\" content=\"article\" \/>\n<meta property=\"og:title\" content=\"Plaid de luxe pour canap\u00e9 | AZTEX\" \/>\n<meta property=\"og:description\" content=\"Un plaid doux et chaud qui apporte du confort au quotidien. Parfait pour se d\u00e9tendre, les soir\u00e9es fra\u00eeches ou les moments de d\u00e9tente.\" \/>\n<meta property=\"og:url\" content=\"https:\/\/aztex.ee\/fr\/pood\/couvertures-plaids\/plaid\/\" \/>\n<meta property=\"og:site_name\" content=\"AZTEX\" \/>\n<meta property=\"article:publisher\" content=\"https:\/\/www.facebook.com\/AztexEE\" \/>\n<meta property=\"article:modified_time\" content=\"2026-04-03T15:10:34+00:00\" \/>\n<meta property=\"og:image\" content=\"https:\/\/aztex.ee\/wp-content\/uploads\/2025\/02\/Pleed-130x180-cm-1.jpg\" \/>\n\t<meta property=\"og:image:width\" content=\"800\" \/>\n\t<meta property=\"og:image:height\" content=\"800\" \/>\n\t<meta property=\"og:image:type\" content=\"image\/jpeg\" \/>\n<meta name=\"twitter:card\" content=\"summary_large_image\" \/>\n<meta name=\"twitter:label1\" content=\"Dur\u00e9e de lecture estim\u00e9e\" \/>\n\t<meta name=\"twitter:data1\" content=\"2 minutes\" \/>\n<script type=\"application\/ld+json\" class=\"yoast-schema-graph\">{\"@context\":\"https:\\\/\\\/schema.org\",\"@graph\":[{\"@type\":[\"WebPage\",\"ItemPage\"],\"@id\":\"https:\\\/\\\/aztex.ee\\\/fr\\\/pood\\\/couvertures-plaids\\\/plaid\\\/\",\"url\":\"https:\\\/\\\/aztex.ee\\\/fr\\\/pood\\\/couvertures-plaids\\\/plaid\\\/\",\"name\":\"Plaid de luxe pour canap\u00e9 | AZTEX\",\"isPartOf\":{\"@id\":\"https:\\\/\\\/aztex.ee\\\/fr\\\/#website\"},\"primaryImageOfPage\":{\"@id\":\"https:\\\/\\\/aztex.ee\\\/fr\\\/pood\\\/couvertures-plaids\\\/plaid\\\/#primaryimage\"},\"image\":{\"@id\":\"https:\\\/\\\/aztex.ee\\\/fr\\\/pood\\\/couvertures-plaids\\\/plaid\\\/#primaryimage\"},\"thumbnailUrl\":\"https:\\\/\\\/aztex.ee\\\/wp-content\\\/uploads\\\/2025\\\/02\\\/Pleed-130x180-cm-1.jpg\",\"datePublished\":\"2025-02-21T17:50:38+00:00\",\"dateModified\":\"2026-04-03T15:10:34+00:00\",\"description\":\"Un plaid doux et chaud qui apporte du confort au quotidien. Parfait pour se d\u00e9tendre, les soir\u00e9es fra\u00eeches ou les moments de d\u00e9tente.\",\"breadcrumb\":{\"@id\":\"https:\\\/\\\/aztex.ee\\\/fr\\\/pood\\\/couvertures-plaids\\\/plaid\\\/#breadcrumb\"},\"inLanguage\":\"fr-FR\",\"potentialAction\":[{\"@type\":\"ReadAction\",\"target\":[\"https:\\\/\\\/aztex.ee\\\/fr\\\/pood\\\/couvertures-plaids\\\/plaid\\\/\"]}]},{\"@type\":\"ImageObject\",\"inLanguage\":\"fr-FR\",\"@id\":\"https:\\\/\\\/aztex.ee\\\/fr\\\/pood\\\/couvertures-plaids\\\/plaid\\\/#primaryimage\",\"url\":\"https:\\\/\\\/aztex.ee\\\/wp-content\\\/uploads\\\/2025\\\/02\\\/Pleed-130x180-cm-1.jpg\",\"contentUrl\":\"https:\\\/\\\/aztex.ee\\\/wp-content\\\/uploads\\\/2025\\\/02\\\/Pleed-130x180-cm-1.jpg\",\"width\":800,\"height\":800,\"caption\":\"Pleed 130x180 cm\"},{\"@type\":\"BreadcrumbList\",\"@id\":\"https:\\\/\\\/aztex.ee\\\/fr\\\/pood\\\/couvertures-plaids\\\/plaid\\\/#breadcrumb\",\"itemListElement\":[{\"@type\":\"ListItem\",\"position\":1,\"name\":\"Accueil\",\"item\":\"https:\\\/\\\/aztex.ee\\\/fr\\\/\"},{\"@type\":\"ListItem\",\"position\":2,\"name\":\"Boutique\",\"item\":\"https:\\\/\\\/aztex.ee\\\/fr\\\/boutique\\\/\"},{\"@type\":\"ListItem\",\"position\":3,\"name\":\"Plaid 130&#215;180 cm\"}]},{\"@type\":\"WebSite\",\"@id\":\"https:\\\/\\\/aztex.ee\\\/fr\\\/#website\",\"url\":\"https:\\\/\\\/aztex.ee\\\/fr\\\/\",\"name\":\"AZTEX\",\"description\":\"\",\"publisher\":{\"@id\":\"https:\\\/\\\/aztex.ee\\\/fr\\\/#organization\"},\"potentialAction\":[{\"@type\":\"SearchAction\",\"target\":{\"@type\":\"EntryPoint\",\"urlTemplate\":\"https:\\\/\\\/aztex.ee\\\/fr\\\/?s={search_term_string}\"},\"query-input\":{\"@type\":\"PropertyValueSpecification\",\"valueRequired\":true,\"valueName\":\"search_term_string\"}}],\"inLanguage\":\"fr-FR\"},{\"@type\":\"Organization\",\"@id\":\"https:\\\/\\\/aztex.ee\\\/fr\\\/#organization\",\"name\":\"AZTEX\",\"url\":\"https:\\\/\\\/aztex.ee\\\/fr\\\/\",\"logo\":{\"@type\":\"ImageObject\",\"inLanguage\":\"fr-FR\",\"@id\":\"https:\\\/\\\/aztex.ee\\\/fr\\\/#\\\/schema\\\/logo\\\/image\\\/\",\"url\":\"https:\\\/\\\/aztex.ee\\\/wp-content\\\/uploads\\\/2026\\\/01\\\/AZTEX.png\",\"contentUrl\":\"https:\\\/\\\/aztex.ee\\\/wp-content\\\/uploads\\\/2026\\\/01\\\/AZTEX.png\",\"width\":500,\"height\":500,\"caption\":\"AZTEX\"},\"image\":{\"@id\":\"https:\\\/\\\/aztex.ee\\\/fr\\\/#\\\/schema\\\/logo\\\/image\\\/\"},\"sameAs\":[\"https:\\\/\\\/www.facebook.com\\\/AztexEE\",\"https:\\\/\\\/www.instagram.com\\\/aztexeesti\\\/\",\"https:\\\/\\\/www.youtube.com\\\/@AZTEXEE\",\"https:\\\/\\\/www.pinterest.com\\\/aztex_eesti\\\/\",\"https:\\\/\\\/www.tiktok.com\\\/@aztexeesti\",\"https:\\\/\\\/www.trustpilot.com\\\/review\\\/aztex.ee\",\"https:\\\/\\\/www.linkedin.com\\\/company\\\/aztex-ee\\\/\",\"https:\\\/\\\/www.wikidata.org\\\/wiki\\\/Q137560182\"]}]}<\/script>\n<!-- \/ Yoast SEO plugin. -->","yoast_head_json":{"title":"Plaid de luxe pour canap\u00e9 | AZTEX","description":"Un plaid doux et chaud qui apporte du confort au quotidien. Parfait pour se d\u00e9tendre, les soir\u00e9es fra\u00eeches ou les moments de d\u00e9tente.","robots":{"index":"index","follow":"follow","max-snippet":"max-snippet:-1","max-image-preview":"max-image-preview:large","max-video-preview":"max-video-preview:-1"},"canonical":"https:\/\/aztex.ee\/fr\/pood\/couvertures-plaids\/plaid\/","og_locale":"fr_FR","og_type":"article","og_title":"Plaid de luxe pour canap\u00e9 | AZTEX","og_description":"Un plaid doux et chaud qui apporte du confort au quotidien. Parfait pour se d\u00e9tendre, les soir\u00e9es fra\u00eeches ou les moments de d\u00e9tente.","og_url":"https:\/\/aztex.ee\/fr\/pood\/couvertures-plaids\/plaid\/","og_site_name":"AZTEX","article_publisher":"https:\/\/www.facebook.com\/AztexEE","article_modified_time":"2026-04-03T15:10:34+00:00","og_image":[{"width":800,"height":800,"url":"https:\/\/aztex.ee\/wp-content\/uploads\/2025\/02\/Pleed-130x180-cm-1.jpg","type":"image\/jpeg"}],"twitter_card":"summary_large_image","twitter_misc":{"Dur\u00e9e de lecture estim\u00e9e":"2 minutes"},"schema":{"@context":"https:\/\/schema.org","@graph":[{"@type":["WebPage","ItemPage"],"@id":"https:\/\/aztex.ee\/fr\/pood\/couvertures-plaids\/plaid\/","url":"https:\/\/aztex.ee\/fr\/pood\/couvertures-plaids\/plaid\/","name":"Plaid de luxe pour canap\u00e9 | AZTEX","isPartOf":{"@id":"https:\/\/aztex.ee\/fr\/#website"},"primaryImageOfPage":{"@id":"https:\/\/aztex.ee\/fr\/pood\/couvertures-plaids\/plaid\/#primaryimage"},"image":{"@id":"https:\/\/aztex.ee\/fr\/pood\/couvertures-plaids\/plaid\/#primaryimage"},"thumbnailUrl":"https:\/\/aztex.ee\/wp-content\/uploads\/2025\/02\/Pleed-130x180-cm-1.jpg","datePublished":"2025-02-21T17:50:38+00:00","dateModified":"2026-04-03T15:10:34+00:00","description":"Un plaid doux et chaud qui apporte du confort au quotidien. Parfait pour se d\u00e9tendre, les soir\u00e9es fra\u00eeches ou les moments de d\u00e9tente.","breadcrumb":{"@id":"https:\/\/aztex.ee\/fr\/pood\/couvertures-plaids\/plaid\/#breadcrumb"},"inLanguage":"fr-FR","potentialAction":[{"@type":"ReadAction","target":["https:\/\/aztex.ee\/fr\/pood\/couvertures-plaids\/plaid\/"]}]},{"@type":"ImageObject","inLanguage":"fr-FR","@id":"https:\/\/aztex.ee\/fr\/pood\/couvertures-plaids\/plaid\/#primaryimage","url":"https:\/\/aztex.ee\/wp-content\/uploads\/2025\/02\/Pleed-130x180-cm-1.jpg","contentUrl":"https:\/\/aztex.ee\/wp-content\/uploads\/2025\/02\/Pleed-130x180-cm-1.jpg","width":800,"height":800,"caption":"Pleed 130x180 cm"},{"@type":"BreadcrumbList","@id":"https:\/\/aztex.ee\/fr\/pood\/couvertures-plaids\/plaid\/#breadcrumb","itemListElement":[{"@type":"ListItem","position":1,"name":"Accueil","item":"https:\/\/aztex.ee\/fr\/"},{"@type":"ListItem","position":2,"name":"Boutique","item":"https:\/\/aztex.ee\/fr\/boutique\/"},{"@type":"ListItem","position":3,"name":"Plaid 130&#215;180 cm"}]},{"@type":"WebSite","@id":"https:\/\/aztex.ee\/fr\/#website","url":"https:\/\/aztex.ee\/fr\/","name":"AZTEX","description":"","publisher":{"@id":"https:\/\/aztex.ee\/fr\/#organization"},"potentialAction":[{"@type":"SearchAction","target":{"@type":"EntryPoint","urlTemplate":"https:\/\/aztex.ee\/fr\/?s={search_term_string}"},"query-input":{"@type":"PropertyValueSpecification","valueRequired":true,"valueName":"search_term_string"}}],"inLanguage":"fr-FR"},{"@type":"Organization","@id":"https:\/\/aztex.ee\/fr\/#organization","name":"AZTEX","url":"https:\/\/aztex.ee\/fr\/","logo":{"@type":"ImageObject","inLanguage":"fr-FR","@id":"https:\/\/aztex.ee\/fr\/#\/schema\/logo\/image\/","url":"https:\/\/aztex.ee\/wp-content\/uploads\/2026\/01\/AZTEX.png","contentUrl":"https:\/\/aztex.ee\/wp-content\/uploads\/2026\/01\/AZTEX.png","width":500,"height":500,"caption":"AZTEX"},"image":{"@id":"https:\/\/aztex.ee\/fr\/#\/schema\/logo\/image\/"},"sameAs":["https:\/\/www.facebook.com\/AztexEE","https:\/\/www.instagram.com\/aztexeesti\/","https:\/\/www.youtube.com\/@AZTEXEE","https:\/\/www.pinterest.com\/aztex_eesti\/","https:\/\/www.tiktok.com\/@aztexeesti","https:\/\/www.trustpilot.com\/review\/aztex.ee","https:\/\/www.linkedin.com\/company\/aztex-ee\/","https:\/\/www.wikidata.org\/wiki\/Q137560182"]}]}},"_links":{"self":[{"href":"https:\/\/aztex.ee\/fr\/wp-json\/wp\/v2\/product\/58589","targetHints":{"allow":["GET"]}}],"collection":[{"href":"https:\/\/aztex.ee\/fr\/wp-json\/wp\/v2\/product"}],"about":[{"href":"https:\/\/aztex.ee\/fr\/wp-json\/wp\/v2\/types\/product"}],"replies":[{"embeddable":true,"href":"https:\/\/aztex.ee\/fr\/wp-json\/wp\/v2\/comments?post=58589"}],"version-history":[{"count":0,"href":"https:\/\/aztex.ee\/fr\/wp-json\/wp\/v2\/product\/58589\/revisions"}],"wp:featuredmedia":[{"embeddable":true,"href":"https:\/\/aztex.ee\/fr\/wp-json\/wp\/v2\/media\/58804"}],"wp:attachment":[{"href":"https:\/\/aztex.ee\/fr\/wp-json\/wp\/v2\/media?parent=58589"}],"wp:term":[{"taxonomy":"product_brand","embeddable":true,"href":"https:\/\/aztex.ee\/fr\/wp-json\/wp\/v2\/product_brand?post=58589"},{"taxonomy":"product_cat","embeddable":true,"href":"https:\/\/aztex.ee\/fr\/wp-json\/wp\/v2\/product_cat?post=58589"},{"taxonomy":"product_tag","embeddable":true,"href":"https:\/\/aztex.ee\/fr\/wp-json\/wp\/v2\/product_tag?post=58589"}],"curies":[{"name":"wp","href":"https:\/\/api.w.org\/{rel}","templated":true}]}}