{"id":57249,"date":"2025-02-18T09:05:31","date_gmt":"2025-02-18T09:05:31","guid":{"rendered":"https:\/\/aztex.ee\/?post_type=product&#038;p=57249"},"modified":"2026-04-07T12:51:24","modified_gmt":"2026-04-07T12:51:24","slug":"plaid-130x180-cm","status":"publish","type":"product","link":"https:\/\/aztex.ee\/fr\/pood\/couvertures-plaids\/plaid-130x180-cm\/","title":{"rendered":"Plaid 130&#215;180 cm"},"content":{"rendered":"<p><strong>Un plaid doux et \u00e9l\u00e9gant pour chaque instant<\/strong><\/p>\n<p>Un plaid de haute qualit\u00e9 apporte chaleur et confort dans toutes les situations. C&rsquo;est le compagnon id\u00e9al des soir\u00e9es fra\u00eeches, offrant une douceur agr\u00e9able aussi bien pour lire un livre sur le canap\u00e9 que pour profiter de l&rsquo;air frais sur la terrasse. Gr\u00e2ce \u00e0 son design \u00e9l\u00e9gant, il s&rsquo;int\u00e8gre dans tous les int\u00e9rieurs, ajoutant confort et \u00e9l\u00e9gance \u00e0 la pi\u00e8ce.<\/p>\n<p><strong>Mat\u00e9riau agr\u00e9able et de haute qualit\u00e9<\/strong><br \/>\nLe plaid est fait d&rsquo;un mat\u00e9riau doux et durable qui est doux et agr\u00e9able sur la peau. Il garde le corps suffisamment au chaud, mais n&rsquo;est pas trop lourd ni trop chaud. Le tissu tiss\u00e9 l\u00e9ger, mais dense et de haute qualit\u00e9 assure un confort maximal. Convient \u00e0 une utilisation en toute saison &#8211; il procure de la chaleur lors d&rsquo;une froide soir\u00e9e d&rsquo;hiver et est id\u00e9al pour s&rsquo;asseoir dehors lors d&rsquo;une soir\u00e9e d&rsquo;\u00e9t\u00e9 plus fra\u00eeche.<\/p>\n<p><strong>Convient \u00e0 tous les int\u00e9rieurs<\/strong><br \/>\nLe design intemporel et les belles tonalit\u00e9s de couleurs font de ce plaid un choix id\u00e9al pour n&rsquo;importe quelle maison. Placez-le sur un canap\u00e9, un lit ou un fauteuil pour ajouter du caract\u00e8re et une ambiance chaleureuse \u00e0 la pi\u00e8ce. Gr\u00e2ce \u00e0 son aspect \u00e9l\u00e9gant, le plaid s&rsquo;int\u00e8gre aussi bien dans les int\u00e9rieurs modernes que classiques, \u00e9tant \u00e0 la fois un \u00e9l\u00e9ment pratique et d\u00e9coratif.<\/p>\n<p><strong>Facile \u00e0 entretenir et durable<\/strong><br \/>\nLe plaid est facile \u00e0 entretenir, il reste donc doux et beau pendant longtemps. Des mat\u00e9riaux durables et une finition de haute qualit\u00e9 garantissent qu&rsquo;il conserve sa forme et sa couleur m\u00eame apr\u00e8s plusieurs lavages. Le tissu lavable en machine et \u00e0 s\u00e9chage rapide le rend confortable et sans souci pour un usage quotidien.<\/p>\n<p>Apportez plus de chaleur et de confort \u00e0 votre maison avec ce plaid magnifique, pratique et durable &#8211; profitez du luxe quotidien \u00e0 chaque instant !<\/p>\n","protected":false},"excerpt":{"rendered":"<ul>\n<li>Mat\u00e9riau : Acrylique<\/li>\n<li>Taille : 130&#215;180 cm \u00b13<\/li>\n<li>Poids : 0,520 kg<\/li>\n<\/ul>\n","protected":false},"featured_media":57400,"comment_status":"open","ping_status":"closed","template":"","meta":[],"product_brand":[],"product_cat":[1865,3470],"product_tag":[],"class_list":{"0":"post-57249","1":"product","2":"type-product","3":"status-publish","4":"has-post-thumbnail","6":"product_cat-couvertures-plaids","7":"product_cat-plaids-fr","9":"first","10":"instock","11":"shipping-taxable","12":"purchasable","13":"product-type-variable"},"yoast_head":"<!-- This site is optimized with the Yoast SEO plugin v27.3 - https:\/\/yoast.com\/product\/yoast-seo-wordpress\/ -->\n<title>Plaid 130x180 cm | AZTEX<\/title>\n<meta name=\"description\" content=\"Un plaid douillet et doux qui apporte de la chaleur \u00e0 chaque int\u00e9rieur. Le compagnon id\u00e9al pour les soir\u00e9es fra\u00eeches \u2013 profitez du confort et du style !\" \/>\n<meta name=\"robots\" content=\"index, follow, max-snippet:-1, max-image-preview:large, max-video-preview:-1\" \/>\n<link rel=\"canonical\" href=\"https:\/\/aztex.ee\/fr\/pood\/couvertures-plaids\/plaid-130x180-cm\/\" \/>\n<meta property=\"og:locale\" content=\"fr_FR\" \/>\n<meta property=\"og:type\" content=\"article\" \/>\n<meta property=\"og:title\" content=\"Plaid 130x180 cm | AZTEX\" \/>\n<meta property=\"og:description\" content=\"Un plaid douillet et doux qui apporte de la chaleur \u00e0 chaque int\u00e9rieur. Le compagnon id\u00e9al pour les soir\u00e9es fra\u00eeches \u2013 profitez du confort et du style !\" \/>\n<meta property=\"og:url\" content=\"https:\/\/aztex.ee\/fr\/pood\/couvertures-plaids\/plaid-130x180-cm\/\" \/>\n<meta property=\"og:site_name\" content=\"AZTEX\" \/>\n<meta property=\"article:publisher\" content=\"https:\/\/www.facebook.com\/AztexEE\" \/>\n<meta property=\"article:modified_time\" content=\"2026-04-07T12:51:24+00:00\" \/>\n<meta property=\"og:image\" content=\"https:\/\/aztex.ee\/wp-content\/uploads\/2025\/02\/Pleed-130x180-cm.jpg\" \/>\n\t<meta property=\"og:image:width\" content=\"800\" \/>\n\t<meta property=\"og:image:height\" content=\"800\" \/>\n\t<meta property=\"og:image:type\" content=\"image\/jpeg\" \/>\n<meta name=\"twitter:card\" content=\"summary_large_image\" \/>\n<meta name=\"twitter:label1\" content=\"Dur\u00e9e de lecture estim\u00e9e\" \/>\n\t<meta name=\"twitter:data1\" content=\"2 minutes\" \/>\n<script type=\"application\/ld+json\" class=\"yoast-schema-graph\">{\"@context\":\"https:\\\/\\\/schema.org\",\"@graph\":[{\"@type\":[\"WebPage\",\"ItemPage\"],\"@id\":\"https:\\\/\\\/aztex.ee\\\/fr\\\/pood\\\/couvertures-plaids\\\/plaid-130x180-cm\\\/\",\"url\":\"https:\\\/\\\/aztex.ee\\\/fr\\\/pood\\\/couvertures-plaids\\\/plaid-130x180-cm\\\/\",\"name\":\"Plaid 130x180 cm | AZTEX\",\"isPartOf\":{\"@id\":\"https:\\\/\\\/aztex.ee\\\/fr\\\/#website\"},\"primaryImageOfPage\":{\"@id\":\"https:\\\/\\\/aztex.ee\\\/fr\\\/pood\\\/couvertures-plaids\\\/plaid-130x180-cm\\\/#primaryimage\"},\"image\":{\"@id\":\"https:\\\/\\\/aztex.ee\\\/fr\\\/pood\\\/couvertures-plaids\\\/plaid-130x180-cm\\\/#primaryimage\"},\"thumbnailUrl\":\"https:\\\/\\\/aztex.ee\\\/wp-content\\\/uploads\\\/2025\\\/02\\\/Pleed-130x180-cm.jpg\",\"datePublished\":\"2025-02-18T09:05:31+00:00\",\"dateModified\":\"2026-04-07T12:51:24+00:00\",\"description\":\"Un plaid douillet et doux qui apporte de la chaleur \u00e0 chaque int\u00e9rieur. Le compagnon id\u00e9al pour les soir\u00e9es fra\u00eeches \u2013 profitez du confort et du style !\",\"breadcrumb\":{\"@id\":\"https:\\\/\\\/aztex.ee\\\/fr\\\/pood\\\/couvertures-plaids\\\/plaid-130x180-cm\\\/#breadcrumb\"},\"inLanguage\":\"fr-FR\",\"potentialAction\":[{\"@type\":\"ReadAction\",\"target\":[\"https:\\\/\\\/aztex.ee\\\/fr\\\/pood\\\/couvertures-plaids\\\/plaid-130x180-cm\\\/\"]}]},{\"@type\":\"ImageObject\",\"inLanguage\":\"fr-FR\",\"@id\":\"https:\\\/\\\/aztex.ee\\\/fr\\\/pood\\\/couvertures-plaids\\\/plaid-130x180-cm\\\/#primaryimage\",\"url\":\"https:\\\/\\\/aztex.ee\\\/wp-content\\\/uploads\\\/2025\\\/02\\\/Pleed-130x180-cm.jpg\",\"contentUrl\":\"https:\\\/\\\/aztex.ee\\\/wp-content\\\/uploads\\\/2025\\\/02\\\/Pleed-130x180-cm.jpg\",\"width\":800,\"height\":800,\"caption\":\"Pleed 130x180 cm\"},{\"@type\":\"BreadcrumbList\",\"@id\":\"https:\\\/\\\/aztex.ee\\\/fr\\\/pood\\\/couvertures-plaids\\\/plaid-130x180-cm\\\/#breadcrumb\",\"itemListElement\":[{\"@type\":\"ListItem\",\"position\":1,\"name\":\"Accueil\",\"item\":\"https:\\\/\\\/aztex.ee\\\/fr\\\/\"},{\"@type\":\"ListItem\",\"position\":2,\"name\":\"Boutique\",\"item\":\"https:\\\/\\\/aztex.ee\\\/fr\\\/boutique\\\/\"},{\"@type\":\"ListItem\",\"position\":3,\"name\":\"Plaid 130&#215;180 cm\"}]},{\"@type\":\"WebSite\",\"@id\":\"https:\\\/\\\/aztex.ee\\\/fr\\\/#website\",\"url\":\"https:\\\/\\\/aztex.ee\\\/fr\\\/\",\"name\":\"AZTEX\",\"description\":\"\",\"publisher\":{\"@id\":\"https:\\\/\\\/aztex.ee\\\/fr\\\/#organization\"},\"potentialAction\":[{\"@type\":\"SearchAction\",\"target\":{\"@type\":\"EntryPoint\",\"urlTemplate\":\"https:\\\/\\\/aztex.ee\\\/fr\\\/?s={search_term_string}\"},\"query-input\":{\"@type\":\"PropertyValueSpecification\",\"valueRequired\":true,\"valueName\":\"search_term_string\"}}],\"inLanguage\":\"fr-FR\"},{\"@type\":\"Organization\",\"@id\":\"https:\\\/\\\/aztex.ee\\\/fr\\\/#organization\",\"name\":\"AZTEX\",\"url\":\"https:\\\/\\\/aztex.ee\\\/fr\\\/\",\"logo\":{\"@type\":\"ImageObject\",\"inLanguage\":\"fr-FR\",\"@id\":\"https:\\\/\\\/aztex.ee\\\/fr\\\/#\\\/schema\\\/logo\\\/image\\\/\",\"url\":\"https:\\\/\\\/aztex.ee\\\/wp-content\\\/uploads\\\/2026\\\/01\\\/AZTEX.png\",\"contentUrl\":\"https:\\\/\\\/aztex.ee\\\/wp-content\\\/uploads\\\/2026\\\/01\\\/AZTEX.png\",\"width\":500,\"height\":500,\"caption\":\"AZTEX\"},\"image\":{\"@id\":\"https:\\\/\\\/aztex.ee\\\/fr\\\/#\\\/schema\\\/logo\\\/image\\\/\"},\"sameAs\":[\"https:\\\/\\\/www.facebook.com\\\/AztexEE\",\"https:\\\/\\\/www.instagram.com\\\/aztexeesti\\\/\",\"https:\\\/\\\/www.youtube.com\\\/@AZTEXEE\",\"https:\\\/\\\/www.pinterest.com\\\/aztex_eesti\\\/\",\"https:\\\/\\\/www.tiktok.com\\\/@aztexeesti\",\"https:\\\/\\\/www.trustpilot.com\\\/review\\\/aztex.ee\",\"https:\\\/\\\/www.linkedin.com\\\/company\\\/aztex-ee\\\/\",\"https:\\\/\\\/www.wikidata.org\\\/wiki\\\/Q137560182\"]}]}<\/script>\n<!-- \/ Yoast SEO plugin. -->","yoast_head_json":{"title":"Plaid 130x180 cm | AZTEX","description":"Un plaid douillet et doux qui apporte de la chaleur \u00e0 chaque int\u00e9rieur. Le compagnon id\u00e9al pour les soir\u00e9es fra\u00eeches \u2013 profitez du confort et du style !","robots":{"index":"index","follow":"follow","max-snippet":"max-snippet:-1","max-image-preview":"max-image-preview:large","max-video-preview":"max-video-preview:-1"},"canonical":"https:\/\/aztex.ee\/fr\/pood\/couvertures-plaids\/plaid-130x180-cm\/","og_locale":"fr_FR","og_type":"article","og_title":"Plaid 130x180 cm | AZTEX","og_description":"Un plaid douillet et doux qui apporte de la chaleur \u00e0 chaque int\u00e9rieur. Le compagnon id\u00e9al pour les soir\u00e9es fra\u00eeches \u2013 profitez du confort et du style !","og_url":"https:\/\/aztex.ee\/fr\/pood\/couvertures-plaids\/plaid-130x180-cm\/","og_site_name":"AZTEX","article_publisher":"https:\/\/www.facebook.com\/AztexEE","article_modified_time":"2026-04-07T12:51:24+00:00","og_image":[{"width":800,"height":800,"url":"https:\/\/aztex.ee\/wp-content\/uploads\/2025\/02\/Pleed-130x180-cm.jpg","type":"image\/jpeg"}],"twitter_card":"summary_large_image","twitter_misc":{"Dur\u00e9e de lecture estim\u00e9e":"2 minutes"},"schema":{"@context":"https:\/\/schema.org","@graph":[{"@type":["WebPage","ItemPage"],"@id":"https:\/\/aztex.ee\/fr\/pood\/couvertures-plaids\/plaid-130x180-cm\/","url":"https:\/\/aztex.ee\/fr\/pood\/couvertures-plaids\/plaid-130x180-cm\/","name":"Plaid 130x180 cm | AZTEX","isPartOf":{"@id":"https:\/\/aztex.ee\/fr\/#website"},"primaryImageOfPage":{"@id":"https:\/\/aztex.ee\/fr\/pood\/couvertures-plaids\/plaid-130x180-cm\/#primaryimage"},"image":{"@id":"https:\/\/aztex.ee\/fr\/pood\/couvertures-plaids\/plaid-130x180-cm\/#primaryimage"},"thumbnailUrl":"https:\/\/aztex.ee\/wp-content\/uploads\/2025\/02\/Pleed-130x180-cm.jpg","datePublished":"2025-02-18T09:05:31+00:00","dateModified":"2026-04-07T12:51:24+00:00","description":"Un plaid douillet et doux qui apporte de la chaleur \u00e0 chaque int\u00e9rieur. Le compagnon id\u00e9al pour les soir\u00e9es fra\u00eeches \u2013 profitez du confort et du style !","breadcrumb":{"@id":"https:\/\/aztex.ee\/fr\/pood\/couvertures-plaids\/plaid-130x180-cm\/#breadcrumb"},"inLanguage":"fr-FR","potentialAction":[{"@type":"ReadAction","target":["https:\/\/aztex.ee\/fr\/pood\/couvertures-plaids\/plaid-130x180-cm\/"]}]},{"@type":"ImageObject","inLanguage":"fr-FR","@id":"https:\/\/aztex.ee\/fr\/pood\/couvertures-plaids\/plaid-130x180-cm\/#primaryimage","url":"https:\/\/aztex.ee\/wp-content\/uploads\/2025\/02\/Pleed-130x180-cm.jpg","contentUrl":"https:\/\/aztex.ee\/wp-content\/uploads\/2025\/02\/Pleed-130x180-cm.jpg","width":800,"height":800,"caption":"Pleed 130x180 cm"},{"@type":"BreadcrumbList","@id":"https:\/\/aztex.ee\/fr\/pood\/couvertures-plaids\/plaid-130x180-cm\/#breadcrumb","itemListElement":[{"@type":"ListItem","position":1,"name":"Accueil","item":"https:\/\/aztex.ee\/fr\/"},{"@type":"ListItem","position":2,"name":"Boutique","item":"https:\/\/aztex.ee\/fr\/boutique\/"},{"@type":"ListItem","position":3,"name":"Plaid 130&#215;180 cm"}]},{"@type":"WebSite","@id":"https:\/\/aztex.ee\/fr\/#website","url":"https:\/\/aztex.ee\/fr\/","name":"AZTEX","description":"","publisher":{"@id":"https:\/\/aztex.ee\/fr\/#organization"},"potentialAction":[{"@type":"SearchAction","target":{"@type":"EntryPoint","urlTemplate":"https:\/\/aztex.ee\/fr\/?s={search_term_string}"},"query-input":{"@type":"PropertyValueSpecification","valueRequired":true,"valueName":"search_term_string"}}],"inLanguage":"fr-FR"},{"@type":"Organization","@id":"https:\/\/aztex.ee\/fr\/#organization","name":"AZTEX","url":"https:\/\/aztex.ee\/fr\/","logo":{"@type":"ImageObject","inLanguage":"fr-FR","@id":"https:\/\/aztex.ee\/fr\/#\/schema\/logo\/image\/","url":"https:\/\/aztex.ee\/wp-content\/uploads\/2026\/01\/AZTEX.png","contentUrl":"https:\/\/aztex.ee\/wp-content\/uploads\/2026\/01\/AZTEX.png","width":500,"height":500,"caption":"AZTEX"},"image":{"@id":"https:\/\/aztex.ee\/fr\/#\/schema\/logo\/image\/"},"sameAs":["https:\/\/www.facebook.com\/AztexEE","https:\/\/www.instagram.com\/aztexeesti\/","https:\/\/www.youtube.com\/@AZTEXEE","https:\/\/www.pinterest.com\/aztex_eesti\/","https:\/\/www.tiktok.com\/@aztexeesti","https:\/\/www.trustpilot.com\/review\/aztex.ee","https:\/\/www.linkedin.com\/company\/aztex-ee\/","https:\/\/www.wikidata.org\/wiki\/Q137560182"]}]}},"_links":{"self":[{"href":"https:\/\/aztex.ee\/fr\/wp-json\/wp\/v2\/product\/57249","targetHints":{"allow":["GET"]}}],"collection":[{"href":"https:\/\/aztex.ee\/fr\/wp-json\/wp\/v2\/product"}],"about":[{"href":"https:\/\/aztex.ee\/fr\/wp-json\/wp\/v2\/types\/product"}],"replies":[{"embeddable":true,"href":"https:\/\/aztex.ee\/fr\/wp-json\/wp\/v2\/comments?post=57249"}],"version-history":[{"count":0,"href":"https:\/\/aztex.ee\/fr\/wp-json\/wp\/v2\/product\/57249\/revisions"}],"wp:featuredmedia":[{"embeddable":true,"href":"https:\/\/aztex.ee\/fr\/wp-json\/wp\/v2\/media\/57400"}],"wp:attachment":[{"href":"https:\/\/aztex.ee\/fr\/wp-json\/wp\/v2\/media?parent=57249"}],"wp:term":[{"taxonomy":"product_brand","embeddable":true,"href":"https:\/\/aztex.ee\/fr\/wp-json\/wp\/v2\/product_brand?post=57249"},{"taxonomy":"product_cat","embeddable":true,"href":"https:\/\/aztex.ee\/fr\/wp-json\/wp\/v2\/product_cat?post=57249"},{"taxonomy":"product_tag","embeddable":true,"href":"https:\/\/aztex.ee\/fr\/wp-json\/wp\/v2\/product_tag?post=57249"}],"curies":[{"name":"wp","href":"https:\/\/api.w.org\/{rel}","templated":true}]}}