{"id":56019,"date":"2025-02-16T10:44:55","date_gmt":"2025-02-16T10:44:55","guid":{"rendered":"https:\/\/aztex.ee\/?post_type=product&#038;p=56019"},"modified":"2026-05-07T16:20:44","modified_gmt":"2026-05-07T16:20:44","slug":"couverture-pour-enfants-105x110-cm","status":"publish","type":"product","link":"https:\/\/aztex.ee\/fr\/pood\/le-monde-des-enfants\/couverture-pour-enfants-105x110-cm\/","title":{"rendered":"Couverture pour enfants 105&#215;110 cm"},"content":{"rendered":"<p><strong>Couverture b\u00e9b\u00e9 douce et chaude avec des images amusantes<\/strong><\/p>\n<p><strong>Une couverture de r\u00eave pour chaque enfant<\/strong><br \/>\nCette jolie couverture pour b\u00e9b\u00e9 offre aux petits r\u00eaveurs chaleur et sentiment de s\u00e9curit\u00e9 \u00e0 tout moment. Des images color\u00e9es et amusantes rendent l&rsquo;heure du coucher encore plus sp\u00e9ciale, apportant de la joie au quotidien.<\/p>\n<p><strong>Confort et qualit\u00e9<\/strong><br \/>\nLa couverture est fabriqu\u00e9e dans un mat\u00e9riau doux qui offre un toucher agr\u00e9able et est durable pour une utilisation quotidienne. Parfait pour dormir ou s&rsquo;amuser dans le coin de jeu &#8211; les images amusantes font de cette couverture la pr\u00e9f\u00e9r\u00e9e des enfants dans toutes les situations.<\/p>\n<p><strong>Facile \u00e0 entretenir<\/strong><br \/>\nCouverture lavable en machine qui conserve sa douceur et sa couleur m\u00eame apr\u00e8s plusieurs lavages. Elle est donc toujours fra\u00eeche, douce et pr\u00eate \u00e0 apporter chaleur et confort \u00e0 tout moment.<\/p>\n<p><strong>Id\u00e9e cadeau parfaite<\/strong><br \/>\nCette jolie couverture est un excellent cadeau pour les b\u00e9b\u00e9s et les tout-petits &#8211; que ce soit pour un chat, un anniversaire ou tout simplement pour apporter de la joie. La couverture cr\u00e9e une atmosph\u00e8re chaleureuse et confortable dans la maison, apportant de la joie au quotidien.<\/p>\n<p>Offrez \u00e0 votre enfant le meilleur cadeau &#8211; une couverture chaude, douce et amusante qui l&rsquo;accompagnera dans toutes sortes d&rsquo;aventures !<\/p>\n","protected":false},"excerpt":{"rendered":"<ul>\n<li>Mat\u00e9riau : Polyester<\/li>\n<li>Taille : 105&#215;110 cm \u00b13<\/li>\n<li>Poids : 0,7 kg<\/li>\n<\/ul>\n","protected":false},"featured_media":56138,"comment_status":"open","ping_status":"closed","template":"","meta":[],"product_brand":[],"product_cat":[2233,2211],"product_tag":[],"class_list":{"0":"post-56019","1":"product","2":"type-product","3":"status-publish","4":"has-post-thumbnail","6":"product_cat-couvertures-pour-les-enfants","7":"product_cat-le-monde-des-enfants","9":"first","10":"instock","11":"sale","12":"shipping-taxable","13":"purchasable","14":"product-type-variable"},"yoast_head":"<!-- This site is optimized with the Yoast SEO plugin v27.6 - https:\/\/yoast.com\/product\/yoast-seo-wordpress\/ -->\n<title>Couverture pour enfants 105x110 cm | AZTEX<\/title>\n<meta name=\"description\" content=\"Couverture b\u00e9b\u00e9 douce et chaude avec des images amusantes ! Le compagnon id\u00e9al pour dormir, c\u00e2liner et jouer. Apporte de la joie \u00e0 chaque enfant !\" \/>\n<meta name=\"robots\" content=\"index, follow, max-snippet:-1, max-image-preview:large, max-video-preview:-1\" \/>\n<link rel=\"canonical\" href=\"https:\/\/aztex.ee\/fr\/pood\/le-monde-des-enfants\/couverture-pour-enfants-105x110-cm\/\" \/>\n<meta property=\"og:locale\" content=\"fr_FR\" \/>\n<meta property=\"og:type\" content=\"article\" \/>\n<meta property=\"og:title\" content=\"Couverture pour enfants 105x110 cm | AZTEX\" \/>\n<meta property=\"og:description\" content=\"Couverture b\u00e9b\u00e9 douce et chaude avec des images amusantes ! Le compagnon id\u00e9al pour dormir, c\u00e2liner et jouer. Apporte de la joie \u00e0 chaque enfant !\" \/>\n<meta property=\"og:url\" content=\"https:\/\/aztex.ee\/fr\/pood\/le-monde-des-enfants\/couverture-pour-enfants-105x110-cm\/\" \/>\n<meta property=\"og:site_name\" content=\"AZTEX\" \/>\n<meta property=\"article:publisher\" content=\"https:\/\/www.facebook.com\/AztexEE\" \/>\n<meta property=\"article:modified_time\" content=\"2026-05-07T16:20:44+00:00\" \/>\n<meta property=\"og:image\" content=\"https:\/\/aztex.ee\/wp-content\/uploads\/2025\/02\/Laste-tekid.jpg\" \/>\n\t<meta property=\"og:image:width\" content=\"800\" \/>\n\t<meta property=\"og:image:height\" content=\"800\" \/>\n\t<meta property=\"og:image:type\" content=\"image\/jpeg\" \/>\n<meta name=\"twitter:card\" content=\"summary_large_image\" \/>\n<meta name=\"twitter:label1\" content=\"Dur\u00e9e de lecture estim\u00e9e\" \/>\n\t<meta name=\"twitter:data1\" content=\"2 minutes\" \/>\n<script type=\"application\/ld+json\" class=\"yoast-schema-graph\">{\"@context\":\"https:\\\/\\\/schema.org\",\"@graph\":[{\"@type\":[\"WebPage\",\"ItemPage\"],\"@id\":\"https:\\\/\\\/aztex.ee\\\/fr\\\/pood\\\/le-monde-des-enfants\\\/couverture-pour-enfants-105x110-cm\\\/\",\"url\":\"https:\\\/\\\/aztex.ee\\\/fr\\\/pood\\\/le-monde-des-enfants\\\/couverture-pour-enfants-105x110-cm\\\/\",\"name\":\"Couverture pour enfants 105x110 cm | AZTEX\",\"isPartOf\":{\"@id\":\"https:\\\/\\\/aztex.ee\\\/fr\\\/#website\"},\"primaryImageOfPage\":{\"@id\":\"https:\\\/\\\/aztex.ee\\\/fr\\\/pood\\\/le-monde-des-enfants\\\/couverture-pour-enfants-105x110-cm\\\/#primaryimage\"},\"image\":{\"@id\":\"https:\\\/\\\/aztex.ee\\\/fr\\\/pood\\\/le-monde-des-enfants\\\/couverture-pour-enfants-105x110-cm\\\/#primaryimage\"},\"thumbnailUrl\":\"https:\\\/\\\/aztex.ee\\\/wp-content\\\/uploads\\\/2025\\\/02\\\/Laste-tekid.jpg\",\"datePublished\":\"2025-02-16T10:44:55+00:00\",\"dateModified\":\"2026-05-07T16:20:44+00:00\",\"description\":\"Couverture b\u00e9b\u00e9 douce et chaude avec des images amusantes ! Le compagnon id\u00e9al pour dormir, c\u00e2liner et jouer. Apporte de la joie \u00e0 chaque enfant !\",\"breadcrumb\":{\"@id\":\"https:\\\/\\\/aztex.ee\\\/fr\\\/pood\\\/le-monde-des-enfants\\\/couverture-pour-enfants-105x110-cm\\\/#breadcrumb\"},\"inLanguage\":\"fr-FR\",\"potentialAction\":[{\"@type\":\"ReadAction\",\"target\":[\"https:\\\/\\\/aztex.ee\\\/fr\\\/pood\\\/le-monde-des-enfants\\\/couverture-pour-enfants-105x110-cm\\\/\"]}]},{\"@type\":\"ImageObject\",\"inLanguage\":\"fr-FR\",\"@id\":\"https:\\\/\\\/aztex.ee\\\/fr\\\/pood\\\/le-monde-des-enfants\\\/couverture-pour-enfants-105x110-cm\\\/#primaryimage\",\"url\":\"https:\\\/\\\/aztex.ee\\\/wp-content\\\/uploads\\\/2025\\\/02\\\/Laste-tekid.jpg\",\"contentUrl\":\"https:\\\/\\\/aztex.ee\\\/wp-content\\\/uploads\\\/2025\\\/02\\\/Laste-tekid.jpg\",\"width\":800,\"height\":800,\"caption\":\"Laste tekid\"},{\"@type\":\"BreadcrumbList\",\"@id\":\"https:\\\/\\\/aztex.ee\\\/fr\\\/pood\\\/le-monde-des-enfants\\\/couverture-pour-enfants-105x110-cm\\\/#breadcrumb\",\"itemListElement\":[{\"@type\":\"ListItem\",\"position\":1,\"name\":\"Accueil\",\"item\":\"https:\\\/\\\/aztex.ee\\\/fr\\\/\"},{\"@type\":\"ListItem\",\"position\":2,\"name\":\"Boutique\",\"item\":\"https:\\\/\\\/aztex.ee\\\/fr\\\/boutique\\\/\"},{\"@type\":\"ListItem\",\"position\":3,\"name\":\"Couverture pour enfants 105&#215;110 cm\"}]},{\"@type\":\"WebSite\",\"@id\":\"https:\\\/\\\/aztex.ee\\\/fr\\\/#website\",\"url\":\"https:\\\/\\\/aztex.ee\\\/fr\\\/\",\"name\":\"AZTEX\",\"description\":\"\",\"publisher\":{\"@id\":\"https:\\\/\\\/aztex.ee\\\/fr\\\/#organization\"},\"potentialAction\":[{\"@type\":\"SearchAction\",\"target\":{\"@type\":\"EntryPoint\",\"urlTemplate\":\"https:\\\/\\\/aztex.ee\\\/fr\\\/?s={search_term_string}\"},\"query-input\":{\"@type\":\"PropertyValueSpecification\",\"valueRequired\":true,\"valueName\":\"search_term_string\"}}],\"inLanguage\":\"fr-FR\"},{\"@type\":\"Organization\",\"@id\":\"https:\\\/\\\/aztex.ee\\\/fr\\\/#organization\",\"name\":\"AZTEX\",\"url\":\"https:\\\/\\\/aztex.ee\\\/fr\\\/\",\"logo\":{\"@type\":\"ImageObject\",\"inLanguage\":\"fr-FR\",\"@id\":\"https:\\\/\\\/aztex.ee\\\/fr\\\/#\\\/schema\\\/logo\\\/image\\\/\",\"url\":\"https:\\\/\\\/aztex.ee\\\/wp-content\\\/uploads\\\/2026\\\/01\\\/AZTEX.png\",\"contentUrl\":\"https:\\\/\\\/aztex.ee\\\/wp-content\\\/uploads\\\/2026\\\/01\\\/AZTEX.png\",\"width\":500,\"height\":500,\"caption\":\"AZTEX\"},\"image\":{\"@id\":\"https:\\\/\\\/aztex.ee\\\/fr\\\/#\\\/schema\\\/logo\\\/image\\\/\"},\"sameAs\":[\"https:\\\/\\\/www.facebook.com\\\/AztexEE\",\"https:\\\/\\\/www.instagram.com\\\/aztexeesti\\\/\",\"https:\\\/\\\/www.youtube.com\\\/@AZTEXEE\",\"https:\\\/\\\/www.pinterest.com\\\/aztex_eesti\\\/\",\"https:\\\/\\\/www.tiktok.com\\\/@aztexeesti\",\"https:\\\/\\\/www.trustpilot.com\\\/review\\\/aztex.ee\",\"https:\\\/\\\/www.linkedin.com\\\/company\\\/aztex-ee\\\/\",\"https:\\\/\\\/www.wikidata.org\\\/wiki\\\/Q137560182\"]}]}<\/script>\n<!-- \/ Yoast SEO plugin. -->","yoast_head_json":{"title":"Couverture pour enfants 105x110 cm | AZTEX","description":"Couverture b\u00e9b\u00e9 douce et chaude avec des images amusantes ! Le compagnon id\u00e9al pour dormir, c\u00e2liner et jouer. Apporte de la joie \u00e0 chaque enfant !","robots":{"index":"index","follow":"follow","max-snippet":"max-snippet:-1","max-image-preview":"max-image-preview:large","max-video-preview":"max-video-preview:-1"},"canonical":"https:\/\/aztex.ee\/fr\/pood\/le-monde-des-enfants\/couverture-pour-enfants-105x110-cm\/","og_locale":"fr_FR","og_type":"article","og_title":"Couverture pour enfants 105x110 cm | AZTEX","og_description":"Couverture b\u00e9b\u00e9 douce et chaude avec des images amusantes ! Le compagnon id\u00e9al pour dormir, c\u00e2liner et jouer. Apporte de la joie \u00e0 chaque enfant !","og_url":"https:\/\/aztex.ee\/fr\/pood\/le-monde-des-enfants\/couverture-pour-enfants-105x110-cm\/","og_site_name":"AZTEX","article_publisher":"https:\/\/www.facebook.com\/AztexEE","article_modified_time":"2026-05-07T16:20:44+00:00","og_image":[{"width":800,"height":800,"url":"https:\/\/aztex.ee\/wp-content\/uploads\/2025\/02\/Laste-tekid.jpg","type":"image\/jpeg"}],"twitter_card":"summary_large_image","twitter_misc":{"Dur\u00e9e de lecture estim\u00e9e":"2 minutes"},"schema":{"@context":"https:\/\/schema.org","@graph":[{"@type":["WebPage","ItemPage"],"@id":"https:\/\/aztex.ee\/fr\/pood\/le-monde-des-enfants\/couverture-pour-enfants-105x110-cm\/","url":"https:\/\/aztex.ee\/fr\/pood\/le-monde-des-enfants\/couverture-pour-enfants-105x110-cm\/","name":"Couverture pour enfants 105x110 cm | AZTEX","isPartOf":{"@id":"https:\/\/aztex.ee\/fr\/#website"},"primaryImageOfPage":{"@id":"https:\/\/aztex.ee\/fr\/pood\/le-monde-des-enfants\/couverture-pour-enfants-105x110-cm\/#primaryimage"},"image":{"@id":"https:\/\/aztex.ee\/fr\/pood\/le-monde-des-enfants\/couverture-pour-enfants-105x110-cm\/#primaryimage"},"thumbnailUrl":"https:\/\/aztex.ee\/wp-content\/uploads\/2025\/02\/Laste-tekid.jpg","datePublished":"2025-02-16T10:44:55+00:00","dateModified":"2026-05-07T16:20:44+00:00","description":"Couverture b\u00e9b\u00e9 douce et chaude avec des images amusantes ! Le compagnon id\u00e9al pour dormir, c\u00e2liner et jouer. Apporte de la joie \u00e0 chaque enfant !","breadcrumb":{"@id":"https:\/\/aztex.ee\/fr\/pood\/le-monde-des-enfants\/couverture-pour-enfants-105x110-cm\/#breadcrumb"},"inLanguage":"fr-FR","potentialAction":[{"@type":"ReadAction","target":["https:\/\/aztex.ee\/fr\/pood\/le-monde-des-enfants\/couverture-pour-enfants-105x110-cm\/"]}]},{"@type":"ImageObject","inLanguage":"fr-FR","@id":"https:\/\/aztex.ee\/fr\/pood\/le-monde-des-enfants\/couverture-pour-enfants-105x110-cm\/#primaryimage","url":"https:\/\/aztex.ee\/wp-content\/uploads\/2025\/02\/Laste-tekid.jpg","contentUrl":"https:\/\/aztex.ee\/wp-content\/uploads\/2025\/02\/Laste-tekid.jpg","width":800,"height":800,"caption":"Laste tekid"},{"@type":"BreadcrumbList","@id":"https:\/\/aztex.ee\/fr\/pood\/le-monde-des-enfants\/couverture-pour-enfants-105x110-cm\/#breadcrumb","itemListElement":[{"@type":"ListItem","position":1,"name":"Accueil","item":"https:\/\/aztex.ee\/fr\/"},{"@type":"ListItem","position":2,"name":"Boutique","item":"https:\/\/aztex.ee\/fr\/boutique\/"},{"@type":"ListItem","position":3,"name":"Couverture pour enfants 105&#215;110 cm"}]},{"@type":"WebSite","@id":"https:\/\/aztex.ee\/fr\/#website","url":"https:\/\/aztex.ee\/fr\/","name":"AZTEX","description":"","publisher":{"@id":"https:\/\/aztex.ee\/fr\/#organization"},"potentialAction":[{"@type":"SearchAction","target":{"@type":"EntryPoint","urlTemplate":"https:\/\/aztex.ee\/fr\/?s={search_term_string}"},"query-input":{"@type":"PropertyValueSpecification","valueRequired":true,"valueName":"search_term_string"}}],"inLanguage":"fr-FR"},{"@type":"Organization","@id":"https:\/\/aztex.ee\/fr\/#organization","name":"AZTEX","url":"https:\/\/aztex.ee\/fr\/","logo":{"@type":"ImageObject","inLanguage":"fr-FR","@id":"https:\/\/aztex.ee\/fr\/#\/schema\/logo\/image\/","url":"https:\/\/aztex.ee\/wp-content\/uploads\/2026\/01\/AZTEX.png","contentUrl":"https:\/\/aztex.ee\/wp-content\/uploads\/2026\/01\/AZTEX.png","width":500,"height":500,"caption":"AZTEX"},"image":{"@id":"https:\/\/aztex.ee\/fr\/#\/schema\/logo\/image\/"},"sameAs":["https:\/\/www.facebook.com\/AztexEE","https:\/\/www.instagram.com\/aztexeesti\/","https:\/\/www.youtube.com\/@AZTEXEE","https:\/\/www.pinterest.com\/aztex_eesti\/","https:\/\/www.tiktok.com\/@aztexeesti","https:\/\/www.trustpilot.com\/review\/aztex.ee","https:\/\/www.linkedin.com\/company\/aztex-ee\/","https:\/\/www.wikidata.org\/wiki\/Q137560182"]}]}},"_links":{"self":[{"href":"https:\/\/aztex.ee\/fr\/wp-json\/wp\/v2\/product\/56019","targetHints":{"allow":["GET"]}}],"collection":[{"href":"https:\/\/aztex.ee\/fr\/wp-json\/wp\/v2\/product"}],"about":[{"href":"https:\/\/aztex.ee\/fr\/wp-json\/wp\/v2\/types\/product"}],"replies":[{"embeddable":true,"href":"https:\/\/aztex.ee\/fr\/wp-json\/wp\/v2\/comments?post=56019"}],"version-history":[{"count":0,"href":"https:\/\/aztex.ee\/fr\/wp-json\/wp\/v2\/product\/56019\/revisions"}],"wp:featuredmedia":[{"embeddable":true,"href":"https:\/\/aztex.ee\/fr\/wp-json\/wp\/v2\/media\/56138"}],"wp:attachment":[{"href":"https:\/\/aztex.ee\/fr\/wp-json\/wp\/v2\/media?parent=56019"}],"wp:term":[{"taxonomy":"product_brand","embeddable":true,"href":"https:\/\/aztex.ee\/fr\/wp-json\/wp\/v2\/product_brand?post=56019"},{"taxonomy":"product_cat","embeddable":true,"href":"https:\/\/aztex.ee\/fr\/wp-json\/wp\/v2\/product_cat?post=56019"},{"taxonomy":"product_tag","embeddable":true,"href":"https:\/\/aztex.ee\/fr\/wp-json\/wp\/v2\/product_tag?post=56019"}],"curies":[{"name":"wp","href":"https:\/\/api.w.org\/{rel}","templated":true}]}}