{"id":54633,"date":"2025-02-12T16:11:34","date_gmt":"2025-02-12T16:11:34","guid":{"rendered":"https:\/\/aztex.ee\/?post_type=product&#038;p=54633"},"modified":"2026-03-14T16:21:41","modified_gmt":"2026-03-14T16:21:41","slug":"couverture-polaire-douce-200x230-cm","status":"publish","type":"product","link":"https:\/\/aztex.ee\/fr\/pood\/couvertures-plaids\/couverture-polaire-douce-200x230-cm\/","title":{"rendered":"Couverture polaire douce 200&#215;230 cm"},"content":{"rendered":"<p><strong>Couverture polaire en velours doux &#8211; chaleur et confort \u00e0 chaque instant\u00a0!<\/strong><\/p>\n<p>La couverture polaire en velours apporte chaleur, douceur et confort luxueux \u00e0 votre maison, ce qui en fait le choix parfait pour toutes les saisons. Sa texture douce et velout\u00e9e et son aspect \u00e9l\u00e9gant sont un excellent ajout \u00e0 tout int\u00e9rieur, offrant confort et chaleur m\u00eame les jours les plus froids.<\/p>\n<p><strong>Texture douce<\/strong><br \/>\nLa couverture polaire en velours a une surface douce et velout\u00e9e qui offre un confort luxueux, rendant chaque instant encore plus agr\u00e9able. La mati\u00e8re douce est agr\u00e9able et donne une sensation de chaleur qui dure.<\/p>\n<p><strong>L\u00e9g\u00e8re et chaude<\/strong><br \/>\nId\u00e9ale pour toutes les saisons, offrant chaleur et confort \u00e0 tout moment. La couverture est l\u00e9g\u00e8re, mais suffisamment chaude pour vous garder confortablement au chaud m\u00eame pendant les nuits plus froides ou les soir\u00e9es fra\u00eeches.<\/p>\n<p><strong>Facile \u00e0 entretenir<\/strong><br \/>\nLa couverture polaire en velours peut \u00eatre facilement lav\u00e9e en machine, ce qui la rend pratique et adapt\u00e9e \u00e0 un usage quotidien.<\/p>\n<p><strong>Un choix intemporel<\/strong><br \/>\nUne couverture polaire en velours est durable et offre confort et chaleur qui dureront des ann\u00e9es, \u00e9tant un produit pratique, facile \u00e0 entretenir et qui s&rsquo;int\u00e8gre dans n&rsquo;importe quel int\u00e9rieur.<\/p>\n<p>Une couverture polaire en velours est un excellent ajout \u00e0 une utilisation quotidienne, offrant chaleur, douceur et confort dont vous pourrez profiter tous les jours. Qu&rsquo;il s&rsquo;agisse d&rsquo;une chambre, d&rsquo;un salon ou m\u00eame d&rsquo;un coin canap\u00e9 confortable, cette couverture rendra votre espace plus confortable, ce qui en fait \u00e9galement un cadeau id\u00e9al pour vos proches.<\/p>\n","protected":false},"excerpt":{"rendered":"<ul>\n<li>Mat\u00e9riau : Toison de corail<\/li>\n<li>Taille : 200&#215;230 cm \u00b13<\/li>\n<li>Poids : 1,4 kg<\/li>\n<\/ul>\n","protected":false},"featured_media":54807,"comment_status":"open","ping_status":"closed","template":"","meta":[],"product_brand":[],"product_cat":[3130,3421,1865],"product_tag":[],"class_list":{"0":"post-54633","1":"product","2":"type-product","3":"status-publish","4":"has-post-thumbnail","6":"product_cat-couverture-polaire","7":"product_cat-couverture-polaire-200x230-cm","8":"product_cat-couvertures-plaids","10":"first","11":"instock","12":"shipping-taxable","13":"purchasable","14":"product-type-variable"},"yoast_head":"<!-- This site is optimized with the Yoast SEO plugin v27.4 - https:\/\/yoast.com\/product\/yoast-seo-wordpress\/ -->\n<title>Couverture polaire douce 200x230 cm | AZTEX<\/title>\n<meta name=\"description\" content=\"La couverture polaire en velours a une texture douce, offrant chaleur et confort. L\u00e9g\u00e8re, lavable en machine et facile \u00e0 entretenir - id\u00e9ale pour un usage\" \/>\n<meta name=\"robots\" content=\"index, follow, max-snippet:-1, max-image-preview:large, max-video-preview:-1\" \/>\n<link rel=\"canonical\" href=\"https:\/\/aztex.ee\/fr\/pood\/couvertures-plaids\/couverture-polaire-douce-200x230-cm\/\" \/>\n<meta property=\"og:locale\" content=\"fr_FR\" \/>\n<meta property=\"og:type\" content=\"article\" \/>\n<meta property=\"og:title\" content=\"Couverture polaire douce 200x230 cm | AZTEX\" \/>\n<meta property=\"og:description\" content=\"La couverture polaire en velours a une texture douce, offrant chaleur et confort. L\u00e9g\u00e8re, lavable en machine et facile \u00e0 entretenir - id\u00e9ale pour un usage\" \/>\n<meta property=\"og:url\" content=\"https:\/\/aztex.ee\/fr\/pood\/couvertures-plaids\/couverture-polaire-douce-200x230-cm\/\" \/>\n<meta property=\"og:site_name\" content=\"AZTEX\" \/>\n<meta property=\"article:publisher\" content=\"https:\/\/www.facebook.com\/AztexEE\" \/>\n<meta property=\"article:modified_time\" content=\"2026-03-14T16:21:41+00:00\" \/>\n<meta property=\"og:image\" content=\"https:\/\/aztex.ee\/wp-content\/uploads\/2025\/02\/Pehme-velvet-fliistekk-200\u00d7230-cm.jpg\" \/>\n\t<meta property=\"og:image:width\" content=\"800\" \/>\n\t<meta property=\"og:image:height\" content=\"800\" \/>\n\t<meta property=\"og:image:type\" content=\"image\/jpeg\" \/>\n<meta name=\"twitter:card\" content=\"summary_large_image\" \/>\n<meta name=\"twitter:label1\" content=\"Dur\u00e9e de lecture estim\u00e9e\" \/>\n\t<meta name=\"twitter:data1\" content=\"2 minutes\" \/>\n<script type=\"application\/ld+json\" class=\"yoast-schema-graph\">{\"@context\":\"https:\\\/\\\/schema.org\",\"@graph\":[{\"@type\":[\"WebPage\",\"ItemPage\"],\"@id\":\"https:\\\/\\\/aztex.ee\\\/fr\\\/pood\\\/couvertures-plaids\\\/couverture-polaire-douce-200x230-cm\\\/\",\"url\":\"https:\\\/\\\/aztex.ee\\\/fr\\\/pood\\\/couvertures-plaids\\\/couverture-polaire-douce-200x230-cm\\\/\",\"name\":\"Couverture polaire douce 200x230 cm | AZTEX\",\"isPartOf\":{\"@id\":\"https:\\\/\\\/aztex.ee\\\/fr\\\/#website\"},\"primaryImageOfPage\":{\"@id\":\"https:\\\/\\\/aztex.ee\\\/fr\\\/pood\\\/couvertures-plaids\\\/couverture-polaire-douce-200x230-cm\\\/#primaryimage\"},\"image\":{\"@id\":\"https:\\\/\\\/aztex.ee\\\/fr\\\/pood\\\/couvertures-plaids\\\/couverture-polaire-douce-200x230-cm\\\/#primaryimage\"},\"thumbnailUrl\":\"https:\\\/\\\/aztex.ee\\\/wp-content\\\/uploads\\\/2025\\\/02\\\/Pehme-velvet-fliistekk-200\u00d7230-cm.jpg\",\"datePublished\":\"2025-02-12T16:11:34+00:00\",\"dateModified\":\"2026-03-14T16:21:41+00:00\",\"description\":\"La couverture polaire en velours a une texture douce, offrant chaleur et confort. L\u00e9g\u00e8re, lavable en machine et facile \u00e0 entretenir - id\u00e9ale pour un usage\",\"breadcrumb\":{\"@id\":\"https:\\\/\\\/aztex.ee\\\/fr\\\/pood\\\/couvertures-plaids\\\/couverture-polaire-douce-200x230-cm\\\/#breadcrumb\"},\"inLanguage\":\"fr-FR\",\"potentialAction\":[{\"@type\":\"ReadAction\",\"target\":[\"https:\\\/\\\/aztex.ee\\\/fr\\\/pood\\\/couvertures-plaids\\\/couverture-polaire-douce-200x230-cm\\\/\"]}]},{\"@type\":\"ImageObject\",\"inLanguage\":\"fr-FR\",\"@id\":\"https:\\\/\\\/aztex.ee\\\/fr\\\/pood\\\/couvertures-plaids\\\/couverture-polaire-douce-200x230-cm\\\/#primaryimage\",\"url\":\"https:\\\/\\\/aztex.ee\\\/wp-content\\\/uploads\\\/2025\\\/02\\\/Pehme-velvet-fliistekk-200\u00d7230-cm.jpg\",\"contentUrl\":\"https:\\\/\\\/aztex.ee\\\/wp-content\\\/uploads\\\/2025\\\/02\\\/Pehme-velvet-fliistekk-200\u00d7230-cm.jpg\",\"width\":800,\"height\":800,\"caption\":\"Pehme velvet fliistekk 200\u00d7230 cm\"},{\"@type\":\"BreadcrumbList\",\"@id\":\"https:\\\/\\\/aztex.ee\\\/fr\\\/pood\\\/couvertures-plaids\\\/couverture-polaire-douce-200x230-cm\\\/#breadcrumb\",\"itemListElement\":[{\"@type\":\"ListItem\",\"position\":1,\"name\":\"Accueil\",\"item\":\"https:\\\/\\\/aztex.ee\\\/fr\\\/\"},{\"@type\":\"ListItem\",\"position\":2,\"name\":\"Boutique\",\"item\":\"https:\\\/\\\/aztex.ee\\\/fr\\\/boutique\\\/\"},{\"@type\":\"ListItem\",\"position\":3,\"name\":\"Couverture polaire douce 200&#215;230 cm\"}]},{\"@type\":\"WebSite\",\"@id\":\"https:\\\/\\\/aztex.ee\\\/fr\\\/#website\",\"url\":\"https:\\\/\\\/aztex.ee\\\/fr\\\/\",\"name\":\"AZTEX\",\"description\":\"\",\"publisher\":{\"@id\":\"https:\\\/\\\/aztex.ee\\\/fr\\\/#organization\"},\"potentialAction\":[{\"@type\":\"SearchAction\",\"target\":{\"@type\":\"EntryPoint\",\"urlTemplate\":\"https:\\\/\\\/aztex.ee\\\/fr\\\/?s={search_term_string}\"},\"query-input\":{\"@type\":\"PropertyValueSpecification\",\"valueRequired\":true,\"valueName\":\"search_term_string\"}}],\"inLanguage\":\"fr-FR\"},{\"@type\":\"Organization\",\"@id\":\"https:\\\/\\\/aztex.ee\\\/fr\\\/#organization\",\"name\":\"AZTEX\",\"url\":\"https:\\\/\\\/aztex.ee\\\/fr\\\/\",\"logo\":{\"@type\":\"ImageObject\",\"inLanguage\":\"fr-FR\",\"@id\":\"https:\\\/\\\/aztex.ee\\\/fr\\\/#\\\/schema\\\/logo\\\/image\\\/\",\"url\":\"https:\\\/\\\/aztex.ee\\\/wp-content\\\/uploads\\\/2026\\\/01\\\/AZTEX.png\",\"contentUrl\":\"https:\\\/\\\/aztex.ee\\\/wp-content\\\/uploads\\\/2026\\\/01\\\/AZTEX.png\",\"width\":500,\"height\":500,\"caption\":\"AZTEX\"},\"image\":{\"@id\":\"https:\\\/\\\/aztex.ee\\\/fr\\\/#\\\/schema\\\/logo\\\/image\\\/\"},\"sameAs\":[\"https:\\\/\\\/www.facebook.com\\\/AztexEE\",\"https:\\\/\\\/www.instagram.com\\\/aztexeesti\\\/\",\"https:\\\/\\\/www.youtube.com\\\/@AZTEXEE\",\"https:\\\/\\\/www.pinterest.com\\\/aztex_eesti\\\/\",\"https:\\\/\\\/www.tiktok.com\\\/@aztexeesti\",\"https:\\\/\\\/www.trustpilot.com\\\/review\\\/aztex.ee\",\"https:\\\/\\\/www.linkedin.com\\\/company\\\/aztex-ee\\\/\",\"https:\\\/\\\/www.wikidata.org\\\/wiki\\\/Q137560182\"]}]}<\/script>\n<!-- \/ Yoast SEO plugin. -->","yoast_head_json":{"title":"Couverture polaire douce 200x230 cm | AZTEX","description":"La couverture polaire en velours a une texture douce, offrant chaleur et confort. L\u00e9g\u00e8re, lavable en machine et facile \u00e0 entretenir - id\u00e9ale pour un usage","robots":{"index":"index","follow":"follow","max-snippet":"max-snippet:-1","max-image-preview":"max-image-preview:large","max-video-preview":"max-video-preview:-1"},"canonical":"https:\/\/aztex.ee\/fr\/pood\/couvertures-plaids\/couverture-polaire-douce-200x230-cm\/","og_locale":"fr_FR","og_type":"article","og_title":"Couverture polaire douce 200x230 cm | AZTEX","og_description":"La couverture polaire en velours a une texture douce, offrant chaleur et confort. L\u00e9g\u00e8re, lavable en machine et facile \u00e0 entretenir - id\u00e9ale pour un usage","og_url":"https:\/\/aztex.ee\/fr\/pood\/couvertures-plaids\/couverture-polaire-douce-200x230-cm\/","og_site_name":"AZTEX","article_publisher":"https:\/\/www.facebook.com\/AztexEE","article_modified_time":"2026-03-14T16:21:41+00:00","og_image":[{"width":800,"height":800,"url":"https:\/\/aztex.ee\/wp-content\/uploads\/2025\/02\/Pehme-velvet-fliistekk-200\u00d7230-cm.jpg","type":"image\/jpeg"}],"twitter_card":"summary_large_image","twitter_misc":{"Dur\u00e9e de lecture estim\u00e9e":"2 minutes"},"schema":{"@context":"https:\/\/schema.org","@graph":[{"@type":["WebPage","ItemPage"],"@id":"https:\/\/aztex.ee\/fr\/pood\/couvertures-plaids\/couverture-polaire-douce-200x230-cm\/","url":"https:\/\/aztex.ee\/fr\/pood\/couvertures-plaids\/couverture-polaire-douce-200x230-cm\/","name":"Couverture polaire douce 200x230 cm | AZTEX","isPartOf":{"@id":"https:\/\/aztex.ee\/fr\/#website"},"primaryImageOfPage":{"@id":"https:\/\/aztex.ee\/fr\/pood\/couvertures-plaids\/couverture-polaire-douce-200x230-cm\/#primaryimage"},"image":{"@id":"https:\/\/aztex.ee\/fr\/pood\/couvertures-plaids\/couverture-polaire-douce-200x230-cm\/#primaryimage"},"thumbnailUrl":"https:\/\/aztex.ee\/wp-content\/uploads\/2025\/02\/Pehme-velvet-fliistekk-200\u00d7230-cm.jpg","datePublished":"2025-02-12T16:11:34+00:00","dateModified":"2026-03-14T16:21:41+00:00","description":"La couverture polaire en velours a une texture douce, offrant chaleur et confort. L\u00e9g\u00e8re, lavable en machine et facile \u00e0 entretenir - id\u00e9ale pour un usage","breadcrumb":{"@id":"https:\/\/aztex.ee\/fr\/pood\/couvertures-plaids\/couverture-polaire-douce-200x230-cm\/#breadcrumb"},"inLanguage":"fr-FR","potentialAction":[{"@type":"ReadAction","target":["https:\/\/aztex.ee\/fr\/pood\/couvertures-plaids\/couverture-polaire-douce-200x230-cm\/"]}]},{"@type":"ImageObject","inLanguage":"fr-FR","@id":"https:\/\/aztex.ee\/fr\/pood\/couvertures-plaids\/couverture-polaire-douce-200x230-cm\/#primaryimage","url":"https:\/\/aztex.ee\/wp-content\/uploads\/2025\/02\/Pehme-velvet-fliistekk-200\u00d7230-cm.jpg","contentUrl":"https:\/\/aztex.ee\/wp-content\/uploads\/2025\/02\/Pehme-velvet-fliistekk-200\u00d7230-cm.jpg","width":800,"height":800,"caption":"Pehme velvet fliistekk 200\u00d7230 cm"},{"@type":"BreadcrumbList","@id":"https:\/\/aztex.ee\/fr\/pood\/couvertures-plaids\/couverture-polaire-douce-200x230-cm\/#breadcrumb","itemListElement":[{"@type":"ListItem","position":1,"name":"Accueil","item":"https:\/\/aztex.ee\/fr\/"},{"@type":"ListItem","position":2,"name":"Boutique","item":"https:\/\/aztex.ee\/fr\/boutique\/"},{"@type":"ListItem","position":3,"name":"Couverture polaire douce 200&#215;230 cm"}]},{"@type":"WebSite","@id":"https:\/\/aztex.ee\/fr\/#website","url":"https:\/\/aztex.ee\/fr\/","name":"AZTEX","description":"","publisher":{"@id":"https:\/\/aztex.ee\/fr\/#organization"},"potentialAction":[{"@type":"SearchAction","target":{"@type":"EntryPoint","urlTemplate":"https:\/\/aztex.ee\/fr\/?s={search_term_string}"},"query-input":{"@type":"PropertyValueSpecification","valueRequired":true,"valueName":"search_term_string"}}],"inLanguage":"fr-FR"},{"@type":"Organization","@id":"https:\/\/aztex.ee\/fr\/#organization","name":"AZTEX","url":"https:\/\/aztex.ee\/fr\/","logo":{"@type":"ImageObject","inLanguage":"fr-FR","@id":"https:\/\/aztex.ee\/fr\/#\/schema\/logo\/image\/","url":"https:\/\/aztex.ee\/wp-content\/uploads\/2026\/01\/AZTEX.png","contentUrl":"https:\/\/aztex.ee\/wp-content\/uploads\/2026\/01\/AZTEX.png","width":500,"height":500,"caption":"AZTEX"},"image":{"@id":"https:\/\/aztex.ee\/fr\/#\/schema\/logo\/image\/"},"sameAs":["https:\/\/www.facebook.com\/AztexEE","https:\/\/www.instagram.com\/aztexeesti\/","https:\/\/www.youtube.com\/@AZTEXEE","https:\/\/www.pinterest.com\/aztex_eesti\/","https:\/\/www.tiktok.com\/@aztexeesti","https:\/\/www.trustpilot.com\/review\/aztex.ee","https:\/\/www.linkedin.com\/company\/aztex-ee\/","https:\/\/www.wikidata.org\/wiki\/Q137560182"]}]}},"_links":{"self":[{"href":"https:\/\/aztex.ee\/fr\/wp-json\/wp\/v2\/product\/54633","targetHints":{"allow":["GET"]}}],"collection":[{"href":"https:\/\/aztex.ee\/fr\/wp-json\/wp\/v2\/product"}],"about":[{"href":"https:\/\/aztex.ee\/fr\/wp-json\/wp\/v2\/types\/product"}],"replies":[{"embeddable":true,"href":"https:\/\/aztex.ee\/fr\/wp-json\/wp\/v2\/comments?post=54633"}],"version-history":[{"count":0,"href":"https:\/\/aztex.ee\/fr\/wp-json\/wp\/v2\/product\/54633\/revisions"}],"wp:featuredmedia":[{"embeddable":true,"href":"https:\/\/aztex.ee\/fr\/wp-json\/wp\/v2\/media\/54807"}],"wp:attachment":[{"href":"https:\/\/aztex.ee\/fr\/wp-json\/wp\/v2\/media?parent=54633"}],"wp:term":[{"taxonomy":"product_brand","embeddable":true,"href":"https:\/\/aztex.ee\/fr\/wp-json\/wp\/v2\/product_brand?post=54633"},{"taxonomy":"product_cat","embeddable":true,"href":"https:\/\/aztex.ee\/fr\/wp-json\/wp\/v2\/product_cat?post=54633"},{"taxonomy":"product_tag","embeddable":true,"href":"https:\/\/aztex.ee\/fr\/wp-json\/wp\/v2\/product_tag?post=54633"}],"curies":[{"name":"wp","href":"https:\/\/api.w.org\/{rel}","templated":true}]}}