{"id":50124,"date":"2025-02-05T22:02:46","date_gmt":"2025-02-05T22:02:46","guid":{"rendered":"https:\/\/aztex.ee\/?post_type=product&#038;p=50124"},"modified":"2026-04-29T11:46:27","modified_gmt":"2026-04-29T11:46:27","slug":"couverture-raschel-200x230-cm","status":"publish","type":"product","link":"https:\/\/aztex.ee\/fr\/pood\/couvertures-plaids\/couverture-raschel-200x230-cm\/","title":{"rendered":"Couverture Raschel 200&#215;230 cm | 3,5 kg"},"content":{"rendered":"<p><strong>Couverture Raschel \u2013 douceur et style luxueux<\/strong><\/p>\n<p>Une couverture Raschel allie chaleur, confort et style dans un seul produit. La douceur luxueuse rend l&rsquo;utilisation quotidienne confortable et agr\u00e9able. La texture de la couverture offre une exp\u00e9rience agr\u00e9able, \u00e9tant douce et en m\u00eame temps suffisamment durable pour assurer une utilisation \u00e0 long terme. Diff\u00e9rentes tonalit\u00e9s de couleurs et de beaux motifs s&rsquo;int\u00e8grent dans n&rsquo;importe quel design d&rsquo;int\u00e9rieur, donnant aux pi\u00e8ces chaleur, \u00e9l\u00e9gance et style.<\/p>\n<p>Une couverture Raschel est con\u00e7ue pour \u00eatre utilis\u00e9e non seulement au lit, mais aussi sur le canap\u00e9 ou dans d&rsquo;autres pi\u00e8ces o\u00f9 l&rsquo;on souhaite ajouter de la chaleur et une atmosph\u00e8re luxueuse. L&rsquo;\u00e9paisseur de la couverture Raschel assure un effet de r\u00e9tention de la chaleur, tandis que la texture douce rend chaque utilisation sp\u00e9ciale et confortable.<\/p>\n<p><strong>Chaleur et confort<\/strong><\/p>\n<p>Une couverture Raschel offre une chaleur et un confort exceptionnels, \u00e9tant le choix parfait pour les jours plus froids. Ses propri\u00e9t\u00e9s de r\u00e9tention de la chaleur assurent un environnement agr\u00e9able et confortable, offrant un confort suppl\u00e9mentaire lorsque des environnements chauds et douillets sont n\u00e9cessaires. La conception de la couverture est con\u00e7ue pour fournir une sensation de chaleur suppl\u00e9mentaire, sans \u00eatre trop lourde ou inconfortable.<\/p>\n<p><strong>\u00c9l\u00e9gance et style dans chaque pi\u00e8ce<\/strong><\/p>\n<p>Le design de la couverture est simple et \u00e9l\u00e9gant, s&rsquo;int\u00e9grant \u00e0 n&rsquo;importe quel int\u00e9rieur. La vari\u00e9t\u00e9 de couleurs, des neutres classiques aux tons plus audacieux, rend la couverture Raschel adapt\u00e9e \u00e0 n&rsquo;importe quelle pi\u00e8ce, qu&rsquo;elle soit classique, moderne ou minimaliste. La couverture ajoute de la chaleur et du style \u00e0 n&rsquo;importe quelle pi\u00e8ce, \u00e9tant le compl\u00e9ment parfait \u00e0 tout design d&rsquo;int\u00e9rieur. Le design de la couverture compl\u00e8te n&rsquo;importe quelle pi\u00e8ce, ajoutant de la chaleur et une ambiance luxueuse. La couverture Raschel est le produit id\u00e9al qui allie chaleur, confort et style dans une exp\u00e9rience luxueuse.<\/p>\n","protected":false},"excerpt":{"rendered":"<ul>\n<li>Mat\u00e9riau : Polyester<\/li>\n<li>Taille : 200&#215;230 cm \u00b13<\/li>\n<li>Poids : 3,5 kg<\/li>\n<\/ul>\n","protected":false},"featured_media":50243,"comment_status":"open","ping_status":"closed","template":"","meta":[],"product_brand":[],"product_cat":[1865,3040,3080],"product_tag":[],"class_list":{"0":"post-50124","1":"product","2":"type-product","3":"status-publish","4":"has-post-thumbnail","6":"product_cat-couvertures-plaids","7":"product_cat-couvertures-raschel","8":"product_cat-couvertures-raschel-200x230-cm","10":"first","11":"instock","12":"shipping-taxable","13":"purchasable","14":"product-type-variable"},"yoast_head":"<!-- This site is optimized with the Yoast SEO plugin v27.6 - https:\/\/yoast.com\/product\/yoast-seo-wordpress\/ -->\n<title>Couverture douce double couche 200x230 cm | AZTEX<\/title>\n<meta name=\"description\" content=\"La couverture Raschel allie douceur et \u00e9l\u00e9gance, s&#039;adaptant \u00e0 tous les int\u00e9rieurs. Offrant chaleur et confort luxueux, c&#039;est le choix parfait pour un style\" \/>\n<meta name=\"robots\" content=\"index, follow, max-snippet:-1, max-image-preview:large, max-video-preview:-1\" \/>\n<link rel=\"canonical\" href=\"https:\/\/aztex.ee\/fr\/pood\/couvertures-plaids\/couverture-raschel-200x230-cm\/\" \/>\n<meta property=\"og:locale\" content=\"fr_FR\" \/>\n<meta property=\"og:type\" content=\"article\" \/>\n<meta property=\"og:title\" content=\"Couverture douce double couche 200x230 cm | AZTEX\" \/>\n<meta property=\"og:description\" content=\"La couverture Raschel allie douceur et \u00e9l\u00e9gance, s&#039;adaptant \u00e0 tous les int\u00e9rieurs. Offrant chaleur et confort luxueux, c&#039;est le choix parfait pour un style\" \/>\n<meta property=\"og:url\" content=\"https:\/\/aztex.ee\/fr\/pood\/couvertures-plaids\/couverture-raschel-200x230-cm\/\" \/>\n<meta property=\"og:site_name\" content=\"AZTEX\" \/>\n<meta property=\"article:publisher\" content=\"https:\/\/www.facebook.com\/AztexEE\" \/>\n<meta property=\"article:modified_time\" content=\"2026-04-29T11:46:27+00:00\" \/>\n<meta property=\"og:image\" content=\"https:\/\/aztex.ee\/wp-content\/uploads\/2025\/02\/Raschel-tekk.jpg\" \/>\n\t<meta property=\"og:image:width\" content=\"800\" \/>\n\t<meta property=\"og:image:height\" content=\"800\" \/>\n\t<meta property=\"og:image:type\" content=\"image\/jpeg\" \/>\n<meta name=\"twitter:card\" content=\"summary_large_image\" \/>\n<meta name=\"twitter:label1\" content=\"Dur\u00e9e de lecture estim\u00e9e\" \/>\n\t<meta name=\"twitter:data1\" content=\"2 minutes\" \/>\n<script type=\"application\/ld+json\" class=\"yoast-schema-graph\">{\"@context\":\"https:\\\/\\\/schema.org\",\"@graph\":[{\"@type\":[\"WebPage\",\"ItemPage\"],\"@id\":\"https:\\\/\\\/aztex.ee\\\/fr\\\/pood\\\/couvertures-plaids\\\/couverture-raschel-200x230-cm\\\/\",\"url\":\"https:\\\/\\\/aztex.ee\\\/fr\\\/pood\\\/couvertures-plaids\\\/couverture-raschel-200x230-cm\\\/\",\"name\":\"Couverture douce double couche 200x230 cm | AZTEX\",\"isPartOf\":{\"@id\":\"https:\\\/\\\/aztex.ee\\\/fr\\\/#website\"},\"primaryImageOfPage\":{\"@id\":\"https:\\\/\\\/aztex.ee\\\/fr\\\/pood\\\/couvertures-plaids\\\/couverture-raschel-200x230-cm\\\/#primaryimage\"},\"image\":{\"@id\":\"https:\\\/\\\/aztex.ee\\\/fr\\\/pood\\\/couvertures-plaids\\\/couverture-raschel-200x230-cm\\\/#primaryimage\"},\"thumbnailUrl\":\"https:\\\/\\\/aztex.ee\\\/wp-content\\\/uploads\\\/2025\\\/02\\\/Raschel-tekk.jpg\",\"datePublished\":\"2025-02-05T22:02:46+00:00\",\"dateModified\":\"2026-04-29T11:46:27+00:00\",\"description\":\"La couverture Raschel allie douceur et \u00e9l\u00e9gance, s'adaptant \u00e0 tous les int\u00e9rieurs. Offrant chaleur et confort luxueux, c'est le choix parfait pour un style\",\"breadcrumb\":{\"@id\":\"https:\\\/\\\/aztex.ee\\\/fr\\\/pood\\\/couvertures-plaids\\\/couverture-raschel-200x230-cm\\\/#breadcrumb\"},\"inLanguage\":\"fr-FR\",\"potentialAction\":[{\"@type\":\"ReadAction\",\"target\":[\"https:\\\/\\\/aztex.ee\\\/fr\\\/pood\\\/couvertures-plaids\\\/couverture-raschel-200x230-cm\\\/\"]}]},{\"@type\":\"ImageObject\",\"inLanguage\":\"fr-FR\",\"@id\":\"https:\\\/\\\/aztex.ee\\\/fr\\\/pood\\\/couvertures-plaids\\\/couverture-raschel-200x230-cm\\\/#primaryimage\",\"url\":\"https:\\\/\\\/aztex.ee\\\/wp-content\\\/uploads\\\/2025\\\/02\\\/Raschel-tekk.jpg\",\"contentUrl\":\"https:\\\/\\\/aztex.ee\\\/wp-content\\\/uploads\\\/2025\\\/02\\\/Raschel-tekk.jpg\",\"width\":800,\"height\":800,\"caption\":\"Raschel tekk\"},{\"@type\":\"BreadcrumbList\",\"@id\":\"https:\\\/\\\/aztex.ee\\\/fr\\\/pood\\\/couvertures-plaids\\\/couverture-raschel-200x230-cm\\\/#breadcrumb\",\"itemListElement\":[{\"@type\":\"ListItem\",\"position\":1,\"name\":\"Accueil\",\"item\":\"https:\\\/\\\/aztex.ee\\\/fr\\\/\"},{\"@type\":\"ListItem\",\"position\":2,\"name\":\"Boutique\",\"item\":\"https:\\\/\\\/aztex.ee\\\/fr\\\/boutique\\\/\"},{\"@type\":\"ListItem\",\"position\":3,\"name\":\"Couverture Raschel 200&#215;230 cm | 3,5 kg\"}]},{\"@type\":\"WebSite\",\"@id\":\"https:\\\/\\\/aztex.ee\\\/fr\\\/#website\",\"url\":\"https:\\\/\\\/aztex.ee\\\/fr\\\/\",\"name\":\"AZTEX\",\"description\":\"\",\"publisher\":{\"@id\":\"https:\\\/\\\/aztex.ee\\\/fr\\\/#organization\"},\"potentialAction\":[{\"@type\":\"SearchAction\",\"target\":{\"@type\":\"EntryPoint\",\"urlTemplate\":\"https:\\\/\\\/aztex.ee\\\/fr\\\/?s={search_term_string}\"},\"query-input\":{\"@type\":\"PropertyValueSpecification\",\"valueRequired\":true,\"valueName\":\"search_term_string\"}}],\"inLanguage\":\"fr-FR\"},{\"@type\":\"Organization\",\"@id\":\"https:\\\/\\\/aztex.ee\\\/fr\\\/#organization\",\"name\":\"AZTEX\",\"url\":\"https:\\\/\\\/aztex.ee\\\/fr\\\/\",\"logo\":{\"@type\":\"ImageObject\",\"inLanguage\":\"fr-FR\",\"@id\":\"https:\\\/\\\/aztex.ee\\\/fr\\\/#\\\/schema\\\/logo\\\/image\\\/\",\"url\":\"https:\\\/\\\/aztex.ee\\\/wp-content\\\/uploads\\\/2026\\\/01\\\/AZTEX.png\",\"contentUrl\":\"https:\\\/\\\/aztex.ee\\\/wp-content\\\/uploads\\\/2026\\\/01\\\/AZTEX.png\",\"width\":500,\"height\":500,\"caption\":\"AZTEX\"},\"image\":{\"@id\":\"https:\\\/\\\/aztex.ee\\\/fr\\\/#\\\/schema\\\/logo\\\/image\\\/\"},\"sameAs\":[\"https:\\\/\\\/www.facebook.com\\\/AztexEE\",\"https:\\\/\\\/www.instagram.com\\\/aztexeesti\\\/\",\"https:\\\/\\\/www.youtube.com\\\/@AZTEXEE\",\"https:\\\/\\\/www.pinterest.com\\\/aztex_eesti\\\/\",\"https:\\\/\\\/www.tiktok.com\\\/@aztexeesti\",\"https:\\\/\\\/www.trustpilot.com\\\/review\\\/aztex.ee\",\"https:\\\/\\\/www.linkedin.com\\\/company\\\/aztex-ee\\\/\",\"https:\\\/\\\/www.wikidata.org\\\/wiki\\\/Q137560182\"]}]}<\/script>\n<!-- \/ Yoast SEO plugin. -->","yoast_head_json":{"title":"Couverture douce double couche 200x230 cm | AZTEX","description":"La couverture Raschel allie douceur et \u00e9l\u00e9gance, s'adaptant \u00e0 tous les int\u00e9rieurs. Offrant chaleur et confort luxueux, c'est le choix parfait pour un style","robots":{"index":"index","follow":"follow","max-snippet":"max-snippet:-1","max-image-preview":"max-image-preview:large","max-video-preview":"max-video-preview:-1"},"canonical":"https:\/\/aztex.ee\/fr\/pood\/couvertures-plaids\/couverture-raschel-200x230-cm\/","og_locale":"fr_FR","og_type":"article","og_title":"Couverture douce double couche 200x230 cm | AZTEX","og_description":"La couverture Raschel allie douceur et \u00e9l\u00e9gance, s'adaptant \u00e0 tous les int\u00e9rieurs. Offrant chaleur et confort luxueux, c'est le choix parfait pour un style","og_url":"https:\/\/aztex.ee\/fr\/pood\/couvertures-plaids\/couverture-raschel-200x230-cm\/","og_site_name":"AZTEX","article_publisher":"https:\/\/www.facebook.com\/AztexEE","article_modified_time":"2026-04-29T11:46:27+00:00","og_image":[{"width":800,"height":800,"url":"https:\/\/aztex.ee\/wp-content\/uploads\/2025\/02\/Raschel-tekk.jpg","type":"image\/jpeg"}],"twitter_card":"summary_large_image","twitter_misc":{"Dur\u00e9e de lecture estim\u00e9e":"2 minutes"},"schema":{"@context":"https:\/\/schema.org","@graph":[{"@type":["WebPage","ItemPage"],"@id":"https:\/\/aztex.ee\/fr\/pood\/couvertures-plaids\/couverture-raschel-200x230-cm\/","url":"https:\/\/aztex.ee\/fr\/pood\/couvertures-plaids\/couverture-raschel-200x230-cm\/","name":"Couverture douce double couche 200x230 cm | AZTEX","isPartOf":{"@id":"https:\/\/aztex.ee\/fr\/#website"},"primaryImageOfPage":{"@id":"https:\/\/aztex.ee\/fr\/pood\/couvertures-plaids\/couverture-raschel-200x230-cm\/#primaryimage"},"image":{"@id":"https:\/\/aztex.ee\/fr\/pood\/couvertures-plaids\/couverture-raschel-200x230-cm\/#primaryimage"},"thumbnailUrl":"https:\/\/aztex.ee\/wp-content\/uploads\/2025\/02\/Raschel-tekk.jpg","datePublished":"2025-02-05T22:02:46+00:00","dateModified":"2026-04-29T11:46:27+00:00","description":"La couverture Raschel allie douceur et \u00e9l\u00e9gance, s'adaptant \u00e0 tous les int\u00e9rieurs. Offrant chaleur et confort luxueux, c'est le choix parfait pour un style","breadcrumb":{"@id":"https:\/\/aztex.ee\/fr\/pood\/couvertures-plaids\/couverture-raschel-200x230-cm\/#breadcrumb"},"inLanguage":"fr-FR","potentialAction":[{"@type":"ReadAction","target":["https:\/\/aztex.ee\/fr\/pood\/couvertures-plaids\/couverture-raschel-200x230-cm\/"]}]},{"@type":"ImageObject","inLanguage":"fr-FR","@id":"https:\/\/aztex.ee\/fr\/pood\/couvertures-plaids\/couverture-raschel-200x230-cm\/#primaryimage","url":"https:\/\/aztex.ee\/wp-content\/uploads\/2025\/02\/Raschel-tekk.jpg","contentUrl":"https:\/\/aztex.ee\/wp-content\/uploads\/2025\/02\/Raschel-tekk.jpg","width":800,"height":800,"caption":"Raschel tekk"},{"@type":"BreadcrumbList","@id":"https:\/\/aztex.ee\/fr\/pood\/couvertures-plaids\/couverture-raschel-200x230-cm\/#breadcrumb","itemListElement":[{"@type":"ListItem","position":1,"name":"Accueil","item":"https:\/\/aztex.ee\/fr\/"},{"@type":"ListItem","position":2,"name":"Boutique","item":"https:\/\/aztex.ee\/fr\/boutique\/"},{"@type":"ListItem","position":3,"name":"Couverture Raschel 200&#215;230 cm | 3,5 kg"}]},{"@type":"WebSite","@id":"https:\/\/aztex.ee\/fr\/#website","url":"https:\/\/aztex.ee\/fr\/","name":"AZTEX","description":"","publisher":{"@id":"https:\/\/aztex.ee\/fr\/#organization"},"potentialAction":[{"@type":"SearchAction","target":{"@type":"EntryPoint","urlTemplate":"https:\/\/aztex.ee\/fr\/?s={search_term_string}"},"query-input":{"@type":"PropertyValueSpecification","valueRequired":true,"valueName":"search_term_string"}}],"inLanguage":"fr-FR"},{"@type":"Organization","@id":"https:\/\/aztex.ee\/fr\/#organization","name":"AZTEX","url":"https:\/\/aztex.ee\/fr\/","logo":{"@type":"ImageObject","inLanguage":"fr-FR","@id":"https:\/\/aztex.ee\/fr\/#\/schema\/logo\/image\/","url":"https:\/\/aztex.ee\/wp-content\/uploads\/2026\/01\/AZTEX.png","contentUrl":"https:\/\/aztex.ee\/wp-content\/uploads\/2026\/01\/AZTEX.png","width":500,"height":500,"caption":"AZTEX"},"image":{"@id":"https:\/\/aztex.ee\/fr\/#\/schema\/logo\/image\/"},"sameAs":["https:\/\/www.facebook.com\/AztexEE","https:\/\/www.instagram.com\/aztexeesti\/","https:\/\/www.youtube.com\/@AZTEXEE","https:\/\/www.pinterest.com\/aztex_eesti\/","https:\/\/www.tiktok.com\/@aztexeesti","https:\/\/www.trustpilot.com\/review\/aztex.ee","https:\/\/www.linkedin.com\/company\/aztex-ee\/","https:\/\/www.wikidata.org\/wiki\/Q137560182"]}]}},"_links":{"self":[{"href":"https:\/\/aztex.ee\/fr\/wp-json\/wp\/v2\/product\/50124","targetHints":{"allow":["GET"]}}],"collection":[{"href":"https:\/\/aztex.ee\/fr\/wp-json\/wp\/v2\/product"}],"about":[{"href":"https:\/\/aztex.ee\/fr\/wp-json\/wp\/v2\/types\/product"}],"replies":[{"embeddable":true,"href":"https:\/\/aztex.ee\/fr\/wp-json\/wp\/v2\/comments?post=50124"}],"version-history":[{"count":0,"href":"https:\/\/aztex.ee\/fr\/wp-json\/wp\/v2\/product\/50124\/revisions"}],"wp:featuredmedia":[{"embeddable":true,"href":"https:\/\/aztex.ee\/fr\/wp-json\/wp\/v2\/media\/50243"}],"wp:attachment":[{"href":"https:\/\/aztex.ee\/fr\/wp-json\/wp\/v2\/media?parent=50124"}],"wp:term":[{"taxonomy":"product_brand","embeddable":true,"href":"https:\/\/aztex.ee\/fr\/wp-json\/wp\/v2\/product_brand?post=50124"},{"taxonomy":"product_cat","embeddable":true,"href":"https:\/\/aztex.ee\/fr\/wp-json\/wp\/v2\/product_cat?post=50124"},{"taxonomy":"product_tag","embeddable":true,"href":"https:\/\/aztex.ee\/fr\/wp-json\/wp\/v2\/product_tag?post=50124"}],"curies":[{"name":"wp","href":"https:\/\/api.w.org\/{rel}","templated":true}]}}