{"id":45974,"date":"2025-01-25T10:24:23","date_gmt":"2025-01-25T10:24:23","guid":{"rendered":"https:\/\/aztex.ee\/?post_type=product&#038;p=45974"},"modified":"2026-04-11T12:19:49","modified_gmt":"2026-04-11T12:19:49","slug":"serviette-de-bain-en-bambou-70x140-cm","status":"publish","type":"product","link":"https:\/\/aztex.ee\/fr\/pood\/serviettes-et-serviettes-de-bain\/serviette-de-bain-en-bambou-70x140-cm\/","title":{"rendered":"Serviette de bain en bambou 70&#215;140 cm"},"content":{"rendered":"<p><strong>Serviette de bain en bambou \u2013 luxe et praticit\u00e9 au quotidien<\/strong><\/p>\n<p>Une serviette de bain en bambou est la combinaison parfaite de praticit\u00e9 et de luxe, offrant plus que de la douceur. La taille de 70&#215;140 cm fait de cette serviette de bain un choix id\u00e9al pour un usage quotidien, offrant un confort agr\u00e9able, tout en \u00e9tant un ajout \u00e9l\u00e9gant et fonctionnel \u00e0 votre salle de bain.<\/p>\n<p><strong>Pourquoi choisir une serviette en bambou ?<\/strong><\/p>\n<p><strong>Super absorbante et \u00e0 s\u00e9chage rapide :<\/strong><br \/>\nLes fibres de bambou sont connues pour leur capacit\u00e9 d&rsquo;absorption exceptionnelle. La serviette absorbe instantan\u00e9ment l&rsquo;humidit\u00e9, laissant la peau s\u00e8che et fra\u00eeche, tandis que la serviette elle-m\u00eame s\u00e8che plus rapidement que les serviettes en coton ordinaires. Cette caract\u00e9ristique en fait \u00e9galement un excellent choix pour les modes de vie actifs et une utilisation fr\u00e9quente.<\/p>\n<p><strong>Naturellement antibact\u00e9rienne :<\/strong><br \/>\nLes propri\u00e9t\u00e9s antibact\u00e9riennes naturelles des fibres de bambou gardent la serviette fra\u00eeche plus longtemps, emp\u00eachant la formation d&rsquo;odeurs d\u00e9sagr\u00e9ables et garantissant l&rsquo;hygi\u00e8ne m\u00eame apr\u00e8s une utilisation prolong\u00e9e. Une serviette de bain en bambou est \u00e9galement un excellent choix pour les personnes ayant la peau sensible.<\/p>\n<p><strong>Douceur et confort :<\/strong><br \/>\nLa texture soyeuse des fibres de bambou chouchoute la peau \u00e0 chaque contact. La serviette de bain est id\u00e9ale pour ceux qui appr\u00e9cient une sensation de luxe au quotidien et qui se soucient du bien-\u00eatre de leur peau.<\/p>\n<p><strong>Design intemporel et \u00e9l\u00e9gant :<\/strong><br \/>\nL&rsquo;aspect naturel et le design minimaliste font de cette serviette de bain un choix id\u00e9al pour toutes les salles de bain, qu&rsquo;elles soient modernes, classiques ou inspir\u00e9es de la nature.<\/p>\n<p><strong>Durabilit\u00e9 et durabilit\u00e9 :<\/strong><br \/>\nUne serviette de bain en bambou est non seulement belle et pratique, mais aussi un choix respectueux de l&rsquo;environnement. Le bambou est une ressource rapidement renouvelable qui utilise moins d&rsquo;eau et de produits chimiques pour pousser par rapport aux fibres traditionnelles. Vous pouvez donc profiter du luxe d&rsquo;une serviette, en sachant que vous faites quelque chose de bien pour la nature.<\/p>\n<p>Cette serviette n&rsquo;est pas seulement un article de consommation &#8211; c&rsquo;est un plaisir quotidien qui allie confort, qualit\u00e9 et respect de la nature. Une fois que vous l&rsquo;aurez essay\u00e9e, vous ne voudrez plus jamais revenir aux serviettes ordinaires. Commandez d\u00e8s aujourd&rsquo;hui et ajoutez de la douceur \u00e0 votre salle de bain qui durera des ann\u00e9es !<\/p>\n","protected":false},"excerpt":{"rendered":"<ul>\n<li>Mat\u00e9riau : 100% bambou<\/li>\n<li>Taille : 70\u00d7140 cm \u00b13<\/li>\n<li>Poids : 520g\/m2<\/li>\n<\/ul>\n","protected":false},"featured_media":46109,"comment_status":"open","ping_status":"closed","template":"","meta":[],"product_brand":[],"product_cat":[1592,1706,1640,982,478],"product_tag":[],"class_list":{"0":"post-45974","1":"product","2":"type-product","3":"status-publish","4":"has-post-thumbnail","6":"product_cat-serviettes-de-bain","7":"product_cat-serviettes-de-bain-70x140-cm","8":"product_cat-serviettes-de-bain-en-bambou","9":"product_cat-serviettes-en-bambou","10":"product_cat-serviettes-et-serviettes-de-bain","12":"first","13":"instock","14":"shipping-taxable","15":"purchasable","16":"product-type-variable"},"yoast_head":"<!-- This site is optimized with the Yoast SEO plugin v27.4 - https:\/\/yoast.com\/product\/yoast-seo-wordpress\/ -->\n<title>Serviette de bain en bambou 70x140 cm | 100% bambou - AZTEX<\/title>\n<meta name=\"description\" content=\"Serviette de bain luxueuse et douce en bambou au format 70x140 cm offrant un confort maximal, une excellente capacit\u00e9 d&#039;absorption et est douce pour la ...\" \/>\n<meta name=\"robots\" content=\"index, follow, max-snippet:-1, max-image-preview:large, max-video-preview:-1\" \/>\n<link rel=\"canonical\" href=\"https:\/\/aztex.ee\/fr\/pood\/serviettes-et-serviettes-de-bain\/serviette-de-bain-en-bambou-70x140-cm\/\" \/>\n<meta property=\"og:locale\" content=\"fr_FR\" \/>\n<meta property=\"og:type\" content=\"article\" \/>\n<meta property=\"og:title\" content=\"Serviette de bain en bambou 70x140 cm | 100% bambou - AZTEX\" \/>\n<meta property=\"og:description\" content=\"Serviette de bain luxueuse et douce en bambou au format 70x140 cm offrant un confort maximal, une excellente capacit\u00e9 d&#039;absorption et est douce pour la ...\" \/>\n<meta property=\"og:url\" content=\"https:\/\/aztex.ee\/fr\/pood\/serviettes-et-serviettes-de-bain\/serviette-de-bain-en-bambou-70x140-cm\/\" \/>\n<meta property=\"og:site_name\" content=\"AZTEX\" \/>\n<meta property=\"article:publisher\" content=\"https:\/\/www.facebook.com\/AztexEE\" \/>\n<meta property=\"article:modified_time\" content=\"2026-04-11T12:19:49+00:00\" \/>\n<meta property=\"og:image\" content=\"https:\/\/aztex.ee\/wp-content\/uploads\/2025\/01\/Bambusest-vanniratikud.jpg\" \/>\n\t<meta property=\"og:image:width\" content=\"800\" \/>\n\t<meta property=\"og:image:height\" content=\"800\" \/>\n\t<meta property=\"og:image:type\" content=\"image\/jpeg\" \/>\n<meta name=\"twitter:card\" content=\"summary_large_image\" \/>\n<meta name=\"twitter:label1\" content=\"Dur\u00e9e de lecture estim\u00e9e\" \/>\n\t<meta name=\"twitter:data1\" content=\"3 minutes\" \/>\n<script type=\"application\/ld+json\" class=\"yoast-schema-graph\">{\"@context\":\"https:\\\/\\\/schema.org\",\"@graph\":[{\"@type\":[\"WebPage\",\"ItemPage\"],\"@id\":\"https:\\\/\\\/aztex.ee\\\/fr\\\/pood\\\/serviettes-et-serviettes-de-bain\\\/serviette-de-bain-en-bambou-70x140-cm\\\/\",\"url\":\"https:\\\/\\\/aztex.ee\\\/fr\\\/pood\\\/serviettes-et-serviettes-de-bain\\\/serviette-de-bain-en-bambou-70x140-cm\\\/\",\"name\":\"Serviette de bain en bambou 70x140 cm | 100% bambou - AZTEX\",\"isPartOf\":{\"@id\":\"https:\\\/\\\/aztex.ee\\\/fr\\\/#website\"},\"primaryImageOfPage\":{\"@id\":\"https:\\\/\\\/aztex.ee\\\/fr\\\/pood\\\/serviettes-et-serviettes-de-bain\\\/serviette-de-bain-en-bambou-70x140-cm\\\/#primaryimage\"},\"image\":{\"@id\":\"https:\\\/\\\/aztex.ee\\\/fr\\\/pood\\\/serviettes-et-serviettes-de-bain\\\/serviette-de-bain-en-bambou-70x140-cm\\\/#primaryimage\"},\"thumbnailUrl\":\"https:\\\/\\\/aztex.ee\\\/wp-content\\\/uploads\\\/2025\\\/01\\\/Bambusest-vanniratikud.jpg\",\"datePublished\":\"2025-01-25T10:24:23+00:00\",\"dateModified\":\"2026-04-11T12:19:49+00:00\",\"description\":\"Serviette de bain luxueuse et douce en bambou au format 70x140 cm offrant un confort maximal, une excellente capacit\u00e9 d'absorption et est douce pour la ...\",\"breadcrumb\":{\"@id\":\"https:\\\/\\\/aztex.ee\\\/fr\\\/pood\\\/serviettes-et-serviettes-de-bain\\\/serviette-de-bain-en-bambou-70x140-cm\\\/#breadcrumb\"},\"inLanguage\":\"fr-FR\",\"potentialAction\":[{\"@type\":\"ReadAction\",\"target\":[\"https:\\\/\\\/aztex.ee\\\/fr\\\/pood\\\/serviettes-et-serviettes-de-bain\\\/serviette-de-bain-en-bambou-70x140-cm\\\/\"]}]},{\"@type\":\"ImageObject\",\"inLanguage\":\"fr-FR\",\"@id\":\"https:\\\/\\\/aztex.ee\\\/fr\\\/pood\\\/serviettes-et-serviettes-de-bain\\\/serviette-de-bain-en-bambou-70x140-cm\\\/#primaryimage\",\"url\":\"https:\\\/\\\/aztex.ee\\\/wp-content\\\/uploads\\\/2025\\\/01\\\/Bambusest-vanniratikud.jpg\",\"contentUrl\":\"https:\\\/\\\/aztex.ee\\\/wp-content\\\/uploads\\\/2025\\\/01\\\/Bambusest-vanniratikud.jpg\",\"width\":800,\"height\":800,\"caption\":\"Bambusest vannir\u00e4tikud\"},{\"@type\":\"BreadcrumbList\",\"@id\":\"https:\\\/\\\/aztex.ee\\\/fr\\\/pood\\\/serviettes-et-serviettes-de-bain\\\/serviette-de-bain-en-bambou-70x140-cm\\\/#breadcrumb\",\"itemListElement\":[{\"@type\":\"ListItem\",\"position\":1,\"name\":\"Accueil\",\"item\":\"https:\\\/\\\/aztex.ee\\\/fr\\\/\"},{\"@type\":\"ListItem\",\"position\":2,\"name\":\"Boutique\",\"item\":\"https:\\\/\\\/aztex.ee\\\/fr\\\/boutique\\\/\"},{\"@type\":\"ListItem\",\"position\":3,\"name\":\"Serviette de bain en bambou 70&#215;140 cm\"}]},{\"@type\":\"WebSite\",\"@id\":\"https:\\\/\\\/aztex.ee\\\/fr\\\/#website\",\"url\":\"https:\\\/\\\/aztex.ee\\\/fr\\\/\",\"name\":\"AZTEX\",\"description\":\"\",\"publisher\":{\"@id\":\"https:\\\/\\\/aztex.ee\\\/fr\\\/#organization\"},\"potentialAction\":[{\"@type\":\"SearchAction\",\"target\":{\"@type\":\"EntryPoint\",\"urlTemplate\":\"https:\\\/\\\/aztex.ee\\\/fr\\\/?s={search_term_string}\"},\"query-input\":{\"@type\":\"PropertyValueSpecification\",\"valueRequired\":true,\"valueName\":\"search_term_string\"}}],\"inLanguage\":\"fr-FR\"},{\"@type\":\"Organization\",\"@id\":\"https:\\\/\\\/aztex.ee\\\/fr\\\/#organization\",\"name\":\"AZTEX\",\"url\":\"https:\\\/\\\/aztex.ee\\\/fr\\\/\",\"logo\":{\"@type\":\"ImageObject\",\"inLanguage\":\"fr-FR\",\"@id\":\"https:\\\/\\\/aztex.ee\\\/fr\\\/#\\\/schema\\\/logo\\\/image\\\/\",\"url\":\"https:\\\/\\\/aztex.ee\\\/wp-content\\\/uploads\\\/2026\\\/01\\\/AZTEX.png\",\"contentUrl\":\"https:\\\/\\\/aztex.ee\\\/wp-content\\\/uploads\\\/2026\\\/01\\\/AZTEX.png\",\"width\":500,\"height\":500,\"caption\":\"AZTEX\"},\"image\":{\"@id\":\"https:\\\/\\\/aztex.ee\\\/fr\\\/#\\\/schema\\\/logo\\\/image\\\/\"},\"sameAs\":[\"https:\\\/\\\/www.facebook.com\\\/AztexEE\",\"https:\\\/\\\/www.instagram.com\\\/aztexeesti\\\/\",\"https:\\\/\\\/www.youtube.com\\\/@AZTEXEE\",\"https:\\\/\\\/www.pinterest.com\\\/aztex_eesti\\\/\",\"https:\\\/\\\/www.tiktok.com\\\/@aztexeesti\",\"https:\\\/\\\/www.trustpilot.com\\\/review\\\/aztex.ee\",\"https:\\\/\\\/www.linkedin.com\\\/company\\\/aztex-ee\\\/\",\"https:\\\/\\\/www.wikidata.org\\\/wiki\\\/Q137560182\"]}]}<\/script>\n<!-- \/ Yoast SEO plugin. -->","yoast_head_json":{"title":"Serviette de bain en bambou 70x140 cm | 100% bambou - AZTEX","description":"Serviette de bain luxueuse et douce en bambou au format 70x140 cm offrant un confort maximal, une excellente capacit\u00e9 d'absorption et est douce pour la ...","robots":{"index":"index","follow":"follow","max-snippet":"max-snippet:-1","max-image-preview":"max-image-preview:large","max-video-preview":"max-video-preview:-1"},"canonical":"https:\/\/aztex.ee\/fr\/pood\/serviettes-et-serviettes-de-bain\/serviette-de-bain-en-bambou-70x140-cm\/","og_locale":"fr_FR","og_type":"article","og_title":"Serviette de bain en bambou 70x140 cm | 100% bambou - AZTEX","og_description":"Serviette de bain luxueuse et douce en bambou au format 70x140 cm offrant un confort maximal, une excellente capacit\u00e9 d'absorption et est douce pour la ...","og_url":"https:\/\/aztex.ee\/fr\/pood\/serviettes-et-serviettes-de-bain\/serviette-de-bain-en-bambou-70x140-cm\/","og_site_name":"AZTEX","article_publisher":"https:\/\/www.facebook.com\/AztexEE","article_modified_time":"2026-04-11T12:19:49+00:00","og_image":[{"width":800,"height":800,"url":"https:\/\/aztex.ee\/wp-content\/uploads\/2025\/01\/Bambusest-vanniratikud.jpg","type":"image\/jpeg"}],"twitter_card":"summary_large_image","twitter_misc":{"Dur\u00e9e de lecture estim\u00e9e":"3 minutes"},"schema":{"@context":"https:\/\/schema.org","@graph":[{"@type":["WebPage","ItemPage"],"@id":"https:\/\/aztex.ee\/fr\/pood\/serviettes-et-serviettes-de-bain\/serviette-de-bain-en-bambou-70x140-cm\/","url":"https:\/\/aztex.ee\/fr\/pood\/serviettes-et-serviettes-de-bain\/serviette-de-bain-en-bambou-70x140-cm\/","name":"Serviette de bain en bambou 70x140 cm | 100% bambou - AZTEX","isPartOf":{"@id":"https:\/\/aztex.ee\/fr\/#website"},"primaryImageOfPage":{"@id":"https:\/\/aztex.ee\/fr\/pood\/serviettes-et-serviettes-de-bain\/serviette-de-bain-en-bambou-70x140-cm\/#primaryimage"},"image":{"@id":"https:\/\/aztex.ee\/fr\/pood\/serviettes-et-serviettes-de-bain\/serviette-de-bain-en-bambou-70x140-cm\/#primaryimage"},"thumbnailUrl":"https:\/\/aztex.ee\/wp-content\/uploads\/2025\/01\/Bambusest-vanniratikud.jpg","datePublished":"2025-01-25T10:24:23+00:00","dateModified":"2026-04-11T12:19:49+00:00","description":"Serviette de bain luxueuse et douce en bambou au format 70x140 cm offrant un confort maximal, une excellente capacit\u00e9 d'absorption et est douce pour la ...","breadcrumb":{"@id":"https:\/\/aztex.ee\/fr\/pood\/serviettes-et-serviettes-de-bain\/serviette-de-bain-en-bambou-70x140-cm\/#breadcrumb"},"inLanguage":"fr-FR","potentialAction":[{"@type":"ReadAction","target":["https:\/\/aztex.ee\/fr\/pood\/serviettes-et-serviettes-de-bain\/serviette-de-bain-en-bambou-70x140-cm\/"]}]},{"@type":"ImageObject","inLanguage":"fr-FR","@id":"https:\/\/aztex.ee\/fr\/pood\/serviettes-et-serviettes-de-bain\/serviette-de-bain-en-bambou-70x140-cm\/#primaryimage","url":"https:\/\/aztex.ee\/wp-content\/uploads\/2025\/01\/Bambusest-vanniratikud.jpg","contentUrl":"https:\/\/aztex.ee\/wp-content\/uploads\/2025\/01\/Bambusest-vanniratikud.jpg","width":800,"height":800,"caption":"Bambusest vannir\u00e4tikud"},{"@type":"BreadcrumbList","@id":"https:\/\/aztex.ee\/fr\/pood\/serviettes-et-serviettes-de-bain\/serviette-de-bain-en-bambou-70x140-cm\/#breadcrumb","itemListElement":[{"@type":"ListItem","position":1,"name":"Accueil","item":"https:\/\/aztex.ee\/fr\/"},{"@type":"ListItem","position":2,"name":"Boutique","item":"https:\/\/aztex.ee\/fr\/boutique\/"},{"@type":"ListItem","position":3,"name":"Serviette de bain en bambou 70&#215;140 cm"}]},{"@type":"WebSite","@id":"https:\/\/aztex.ee\/fr\/#website","url":"https:\/\/aztex.ee\/fr\/","name":"AZTEX","description":"","publisher":{"@id":"https:\/\/aztex.ee\/fr\/#organization"},"potentialAction":[{"@type":"SearchAction","target":{"@type":"EntryPoint","urlTemplate":"https:\/\/aztex.ee\/fr\/?s={search_term_string}"},"query-input":{"@type":"PropertyValueSpecification","valueRequired":true,"valueName":"search_term_string"}}],"inLanguage":"fr-FR"},{"@type":"Organization","@id":"https:\/\/aztex.ee\/fr\/#organization","name":"AZTEX","url":"https:\/\/aztex.ee\/fr\/","logo":{"@type":"ImageObject","inLanguage":"fr-FR","@id":"https:\/\/aztex.ee\/fr\/#\/schema\/logo\/image\/","url":"https:\/\/aztex.ee\/wp-content\/uploads\/2026\/01\/AZTEX.png","contentUrl":"https:\/\/aztex.ee\/wp-content\/uploads\/2026\/01\/AZTEX.png","width":500,"height":500,"caption":"AZTEX"},"image":{"@id":"https:\/\/aztex.ee\/fr\/#\/schema\/logo\/image\/"},"sameAs":["https:\/\/www.facebook.com\/AztexEE","https:\/\/www.instagram.com\/aztexeesti\/","https:\/\/www.youtube.com\/@AZTEXEE","https:\/\/www.pinterest.com\/aztex_eesti\/","https:\/\/www.tiktok.com\/@aztexeesti","https:\/\/www.trustpilot.com\/review\/aztex.ee","https:\/\/www.linkedin.com\/company\/aztex-ee\/","https:\/\/www.wikidata.org\/wiki\/Q137560182"]}]}},"_links":{"self":[{"href":"https:\/\/aztex.ee\/fr\/wp-json\/wp\/v2\/product\/45974","targetHints":{"allow":["GET"]}}],"collection":[{"href":"https:\/\/aztex.ee\/fr\/wp-json\/wp\/v2\/product"}],"about":[{"href":"https:\/\/aztex.ee\/fr\/wp-json\/wp\/v2\/types\/product"}],"replies":[{"embeddable":true,"href":"https:\/\/aztex.ee\/fr\/wp-json\/wp\/v2\/comments?post=45974"}],"version-history":[{"count":0,"href":"https:\/\/aztex.ee\/fr\/wp-json\/wp\/v2\/product\/45974\/revisions"}],"wp:featuredmedia":[{"embeddable":true,"href":"https:\/\/aztex.ee\/fr\/wp-json\/wp\/v2\/media\/46109"}],"wp:attachment":[{"href":"https:\/\/aztex.ee\/fr\/wp-json\/wp\/v2\/media?parent=45974"}],"wp:term":[{"taxonomy":"product_brand","embeddable":true,"href":"https:\/\/aztex.ee\/fr\/wp-json\/wp\/v2\/product_brand?post=45974"},{"taxonomy":"product_cat","embeddable":true,"href":"https:\/\/aztex.ee\/fr\/wp-json\/wp\/v2\/product_cat?post=45974"},{"taxonomy":"product_tag","embeddable":true,"href":"https:\/\/aztex.ee\/fr\/wp-json\/wp\/v2\/product_tag?post=45974"}],"curies":[{"name":"wp","href":"https:\/\/api.w.org\/{rel}","templated":true}]}}