{"id":42684,"date":"2025-01-13T10:15:39","date_gmt":"2025-01-13T10:15:39","guid":{"rendered":"https:\/\/aztex.ee\/?post_type=product&#038;p=42684"},"modified":"2026-03-22T17:46:20","modified_gmt":"2026-03-22T17:46:20","slug":"lot-de-6-serviettes-en-bambou","status":"publish","type":"product","link":"https:\/\/aztex.ee\/fr\/pood\/serviettes-et-serviettes-de-bain\/lot-de-6-serviettes-en-bambou\/","title":{"rendered":"Lot de 6 serviettes en bambou"},"content":{"rendered":"<p>L&rsquo;ensemble de serviettes en bambou, qui comprend 6 serviettes de 35 \u00d7 75 cm, est un excellent choix pour un usage quotidien ou comme cadeau. Ces serviettes sont fabriqu\u00e9es \u00e0 partir de fibre de bambou, connue pour sa douceur exceptionnelle et sa douceur pour la peau. Gr\u00e2ce \u00e0 ses propri\u00e9t\u00e9s hypoallerg\u00e9niques et antibact\u00e9riennes naturelles, elles conviennent m\u00eame aux peaux les plus sensibles, y compris celles des b\u00e9b\u00e9s et des tout-petits, offrant un soin et un confort doux.<\/p>\n<p>La capacit\u00e9 d&rsquo;absorption de l&rsquo;humidit\u00e9 des serviettes en bambou est impressionnante : elles peuvent absorber plusieurs fois plus d&rsquo;eau que les serviettes en coton traditionnelles. De plus, elles s\u00e8chent plus rapidement, ce qui contribue \u00e0 les garder fra\u00eeches et agr\u00e9ables m\u00eame lors d&rsquo;une utilisation quotidienne. La l\u00e9g\u00e8ret\u00e9 et l&rsquo;efficacit\u00e9 des serviettes en font un excellent choix \u00e0 la maison comme en voyage.<\/p>\n<p>Facile \u00e0 entretenir : elles peuvent \u00eatre lav\u00e9es en machine \u00e0 basse temp\u00e9rature et les serviettes conservent leur douceur et leur aspect agr\u00e9able m\u00eame apr\u00e8s plusieurs lavages. Leur design polyvalent convient \u00e0 une vari\u00e9t\u00e9 de styles de salle de bain, qu&rsquo;il s&rsquo;agisse d&rsquo;une solution monochrome classique ou de combinaisons de couleurs modernes qui ajoutent de la personnalit\u00e9 et de l&rsquo;attrait visuel.<\/p>\n<p>Cet ensemble offre la combinaison parfaite de qualit\u00e9 et de convivialit\u00e9, tout en \u00e9tant durable et esth\u00e9tique. Les serviettes en bambou sont non seulement pratiques, mais aussi agr\u00e9ables \u00e0 utiliser, rendant les routines quotidiennes plus agr\u00e9ables. Elles sont con\u00e7ues pour les personnes qui appr\u00e9cient \u00e0 la fois la fonctionnalit\u00e9 et le style.<\/p>\n","protected":false},"excerpt":{"rendered":"<ul>\n<li>Mat\u00e9riau : 100% bambou<\/li>\n<li>Taille : 35\u00d775 cm \u00b13<\/li>\n<li>Poids : 420g\/m2<\/li>\n<li>L&rsquo;ensemble comprend : 6 pi\u00e8ces<\/li>\n<\/ul>\n","protected":false},"featured_media":42831,"comment_status":"open","ping_status":"closed","template":"","meta":[],"product_brand":[],"product_cat":[1566,1661,1731,773,1617,982,478],"product_tag":[],"class_list":{"0":"post-42684","1":"product","2":"type-product","3":"status-publish","4":"has-post-thumbnail","6":"product_cat-ensembles-de-serviettes","7":"product_cat-ensembles-de-serviettes-en-bambou","8":"product_cat-serviettes","9":"product_cat-serviettes-35x75-cm","10":"product_cat-serviettes-a-main-en-bambou","11":"product_cat-serviettes-en-bambou","12":"product_cat-serviettes-et-serviettes-de-bain","14":"first","15":"instock","16":"shipping-taxable","17":"purchasable","18":"product-type-variable"},"yoast_head":"<!-- This site is optimized with the Yoast SEO plugin v27.4 - https:\/\/yoast.com\/product\/yoast-seo-wordpress\/ -->\n<title>Lot de 6 serviettes en bambou | AZTEX<\/title>\n<meta name=\"description\" content=\"L&#039;ensemble de serviettes en bambou de 6 pi\u00e8ces est doux, durable, pratique et \u00e9l\u00e9gant et est id\u00e9al pour le s\u00e9chage quotidien des mains, du visage et du ...\" \/>\n<meta name=\"robots\" content=\"index, follow, max-snippet:-1, max-image-preview:large, max-video-preview:-1\" \/>\n<link rel=\"canonical\" href=\"https:\/\/aztex.ee\/fr\/pood\/serviettes-et-serviettes-de-bain\/lot-de-6-serviettes-en-bambou\/\" \/>\n<meta property=\"og:locale\" content=\"fr_FR\" \/>\n<meta property=\"og:type\" content=\"article\" \/>\n<meta property=\"og:title\" content=\"Lot de 6 serviettes en bambou | AZTEX\" \/>\n<meta property=\"og:description\" content=\"L&#039;ensemble de serviettes en bambou de 6 pi\u00e8ces est doux, durable, pratique et \u00e9l\u00e9gant et est id\u00e9al pour le s\u00e9chage quotidien des mains, du visage et du ...\" \/>\n<meta property=\"og:url\" content=\"https:\/\/aztex.ee\/fr\/pood\/serviettes-et-serviettes-de-bain\/lot-de-6-serviettes-en-bambou\/\" \/>\n<meta property=\"og:site_name\" content=\"AZTEX\" \/>\n<meta property=\"article:publisher\" content=\"https:\/\/www.facebook.com\/AztexEE\" \/>\n<meta property=\"article:modified_time\" content=\"2026-03-22T17:46:20+00:00\" \/>\n<meta property=\"og:image\" content=\"https:\/\/aztex.ee\/wp-content\/uploads\/2025\/01\/Bambusest-kateratikute-komplekt.jpg\" \/>\n\t<meta property=\"og:image:width\" content=\"800\" \/>\n\t<meta property=\"og:image:height\" content=\"800\" \/>\n\t<meta property=\"og:image:type\" content=\"image\/jpeg\" \/>\n<meta name=\"twitter:card\" content=\"summary_large_image\" \/>\n<meta name=\"twitter:label1\" content=\"Dur\u00e9e de lecture estim\u00e9e\" \/>\n\t<meta name=\"twitter:data1\" content=\"2 minutes\" \/>\n<script type=\"application\/ld+json\" class=\"yoast-schema-graph\">{\"@context\":\"https:\\\/\\\/schema.org\",\"@graph\":[{\"@type\":[\"WebPage\",\"ItemPage\"],\"@id\":\"https:\\\/\\\/aztex.ee\\\/fr\\\/pood\\\/serviettes-et-serviettes-de-bain\\\/lot-de-6-serviettes-en-bambou\\\/\",\"url\":\"https:\\\/\\\/aztex.ee\\\/fr\\\/pood\\\/serviettes-et-serviettes-de-bain\\\/lot-de-6-serviettes-en-bambou\\\/\",\"name\":\"Lot de 6 serviettes en bambou | AZTEX\",\"isPartOf\":{\"@id\":\"https:\\\/\\\/aztex.ee\\\/fr\\\/#website\"},\"primaryImageOfPage\":{\"@id\":\"https:\\\/\\\/aztex.ee\\\/fr\\\/pood\\\/serviettes-et-serviettes-de-bain\\\/lot-de-6-serviettes-en-bambou\\\/#primaryimage\"},\"image\":{\"@id\":\"https:\\\/\\\/aztex.ee\\\/fr\\\/pood\\\/serviettes-et-serviettes-de-bain\\\/lot-de-6-serviettes-en-bambou\\\/#primaryimage\"},\"thumbnailUrl\":\"https:\\\/\\\/aztex.ee\\\/wp-content\\\/uploads\\\/2025\\\/01\\\/Bambusest-kateratikute-komplekt.jpg\",\"datePublished\":\"2025-01-13T10:15:39+00:00\",\"dateModified\":\"2026-03-22T17:46:20+00:00\",\"description\":\"L'ensemble de serviettes en bambou de 6 pi\u00e8ces est doux, durable, pratique et \u00e9l\u00e9gant et est id\u00e9al pour le s\u00e9chage quotidien des mains, du visage et du ...\",\"breadcrumb\":{\"@id\":\"https:\\\/\\\/aztex.ee\\\/fr\\\/pood\\\/serviettes-et-serviettes-de-bain\\\/lot-de-6-serviettes-en-bambou\\\/#breadcrumb\"},\"inLanguage\":\"fr-FR\",\"potentialAction\":[{\"@type\":\"ReadAction\",\"target\":[\"https:\\\/\\\/aztex.ee\\\/fr\\\/pood\\\/serviettes-et-serviettes-de-bain\\\/lot-de-6-serviettes-en-bambou\\\/\"]}]},{\"@type\":\"ImageObject\",\"inLanguage\":\"fr-FR\",\"@id\":\"https:\\\/\\\/aztex.ee\\\/fr\\\/pood\\\/serviettes-et-serviettes-de-bain\\\/lot-de-6-serviettes-en-bambou\\\/#primaryimage\",\"url\":\"https:\\\/\\\/aztex.ee\\\/wp-content\\\/uploads\\\/2025\\\/01\\\/Bambusest-kateratikute-komplekt.jpg\",\"contentUrl\":\"https:\\\/\\\/aztex.ee\\\/wp-content\\\/uploads\\\/2025\\\/01\\\/Bambusest-kateratikute-komplekt.jpg\",\"width\":800,\"height\":800,\"caption\":\"Bambusest k\u00e4ter\u00e4tikute komplekt 6 tk\"},{\"@type\":\"BreadcrumbList\",\"@id\":\"https:\\\/\\\/aztex.ee\\\/fr\\\/pood\\\/serviettes-et-serviettes-de-bain\\\/lot-de-6-serviettes-en-bambou\\\/#breadcrumb\",\"itemListElement\":[{\"@type\":\"ListItem\",\"position\":1,\"name\":\"Accueil\",\"item\":\"https:\\\/\\\/aztex.ee\\\/fr\\\/\"},{\"@type\":\"ListItem\",\"position\":2,\"name\":\"Boutique\",\"item\":\"https:\\\/\\\/aztex.ee\\\/fr\\\/boutique\\\/\"},{\"@type\":\"ListItem\",\"position\":3,\"name\":\"Lot de 6 serviettes en bambou\"}]},{\"@type\":\"WebSite\",\"@id\":\"https:\\\/\\\/aztex.ee\\\/fr\\\/#website\",\"url\":\"https:\\\/\\\/aztex.ee\\\/fr\\\/\",\"name\":\"AZTEX\",\"description\":\"\",\"publisher\":{\"@id\":\"https:\\\/\\\/aztex.ee\\\/fr\\\/#organization\"},\"potentialAction\":[{\"@type\":\"SearchAction\",\"target\":{\"@type\":\"EntryPoint\",\"urlTemplate\":\"https:\\\/\\\/aztex.ee\\\/fr\\\/?s={search_term_string}\"},\"query-input\":{\"@type\":\"PropertyValueSpecification\",\"valueRequired\":true,\"valueName\":\"search_term_string\"}}],\"inLanguage\":\"fr-FR\"},{\"@type\":\"Organization\",\"@id\":\"https:\\\/\\\/aztex.ee\\\/fr\\\/#organization\",\"name\":\"AZTEX\",\"url\":\"https:\\\/\\\/aztex.ee\\\/fr\\\/\",\"logo\":{\"@type\":\"ImageObject\",\"inLanguage\":\"fr-FR\",\"@id\":\"https:\\\/\\\/aztex.ee\\\/fr\\\/#\\\/schema\\\/logo\\\/image\\\/\",\"url\":\"https:\\\/\\\/aztex.ee\\\/wp-content\\\/uploads\\\/2026\\\/01\\\/AZTEX.png\",\"contentUrl\":\"https:\\\/\\\/aztex.ee\\\/wp-content\\\/uploads\\\/2026\\\/01\\\/AZTEX.png\",\"width\":500,\"height\":500,\"caption\":\"AZTEX\"},\"image\":{\"@id\":\"https:\\\/\\\/aztex.ee\\\/fr\\\/#\\\/schema\\\/logo\\\/image\\\/\"},\"sameAs\":[\"https:\\\/\\\/www.facebook.com\\\/AztexEE\",\"https:\\\/\\\/www.instagram.com\\\/aztexeesti\\\/\",\"https:\\\/\\\/www.youtube.com\\\/@AZTEXEE\",\"https:\\\/\\\/www.pinterest.com\\\/aztex_eesti\\\/\",\"https:\\\/\\\/www.tiktok.com\\\/@aztexeesti\",\"https:\\\/\\\/www.trustpilot.com\\\/review\\\/aztex.ee\",\"https:\\\/\\\/www.linkedin.com\\\/company\\\/aztex-ee\\\/\",\"https:\\\/\\\/www.wikidata.org\\\/wiki\\\/Q137560182\"]}]}<\/script>\n<!-- \/ Yoast SEO plugin. -->","yoast_head_json":{"title":"Lot de 6 serviettes en bambou | AZTEX","description":"L'ensemble de serviettes en bambou de 6 pi\u00e8ces est doux, durable, pratique et \u00e9l\u00e9gant et est id\u00e9al pour le s\u00e9chage quotidien des mains, du visage et du ...","robots":{"index":"index","follow":"follow","max-snippet":"max-snippet:-1","max-image-preview":"max-image-preview:large","max-video-preview":"max-video-preview:-1"},"canonical":"https:\/\/aztex.ee\/fr\/pood\/serviettes-et-serviettes-de-bain\/lot-de-6-serviettes-en-bambou\/","og_locale":"fr_FR","og_type":"article","og_title":"Lot de 6 serviettes en bambou | AZTEX","og_description":"L'ensemble de serviettes en bambou de 6 pi\u00e8ces est doux, durable, pratique et \u00e9l\u00e9gant et est id\u00e9al pour le s\u00e9chage quotidien des mains, du visage et du ...","og_url":"https:\/\/aztex.ee\/fr\/pood\/serviettes-et-serviettes-de-bain\/lot-de-6-serviettes-en-bambou\/","og_site_name":"AZTEX","article_publisher":"https:\/\/www.facebook.com\/AztexEE","article_modified_time":"2026-03-22T17:46:20+00:00","og_image":[{"width":800,"height":800,"url":"https:\/\/aztex.ee\/wp-content\/uploads\/2025\/01\/Bambusest-kateratikute-komplekt.jpg","type":"image\/jpeg"}],"twitter_card":"summary_large_image","twitter_misc":{"Dur\u00e9e de lecture estim\u00e9e":"2 minutes"},"schema":{"@context":"https:\/\/schema.org","@graph":[{"@type":["WebPage","ItemPage"],"@id":"https:\/\/aztex.ee\/fr\/pood\/serviettes-et-serviettes-de-bain\/lot-de-6-serviettes-en-bambou\/","url":"https:\/\/aztex.ee\/fr\/pood\/serviettes-et-serviettes-de-bain\/lot-de-6-serviettes-en-bambou\/","name":"Lot de 6 serviettes en bambou | AZTEX","isPartOf":{"@id":"https:\/\/aztex.ee\/fr\/#website"},"primaryImageOfPage":{"@id":"https:\/\/aztex.ee\/fr\/pood\/serviettes-et-serviettes-de-bain\/lot-de-6-serviettes-en-bambou\/#primaryimage"},"image":{"@id":"https:\/\/aztex.ee\/fr\/pood\/serviettes-et-serviettes-de-bain\/lot-de-6-serviettes-en-bambou\/#primaryimage"},"thumbnailUrl":"https:\/\/aztex.ee\/wp-content\/uploads\/2025\/01\/Bambusest-kateratikute-komplekt.jpg","datePublished":"2025-01-13T10:15:39+00:00","dateModified":"2026-03-22T17:46:20+00:00","description":"L'ensemble de serviettes en bambou de 6 pi\u00e8ces est doux, durable, pratique et \u00e9l\u00e9gant et est id\u00e9al pour le s\u00e9chage quotidien des mains, du visage et du ...","breadcrumb":{"@id":"https:\/\/aztex.ee\/fr\/pood\/serviettes-et-serviettes-de-bain\/lot-de-6-serviettes-en-bambou\/#breadcrumb"},"inLanguage":"fr-FR","potentialAction":[{"@type":"ReadAction","target":["https:\/\/aztex.ee\/fr\/pood\/serviettes-et-serviettes-de-bain\/lot-de-6-serviettes-en-bambou\/"]}]},{"@type":"ImageObject","inLanguage":"fr-FR","@id":"https:\/\/aztex.ee\/fr\/pood\/serviettes-et-serviettes-de-bain\/lot-de-6-serviettes-en-bambou\/#primaryimage","url":"https:\/\/aztex.ee\/wp-content\/uploads\/2025\/01\/Bambusest-kateratikute-komplekt.jpg","contentUrl":"https:\/\/aztex.ee\/wp-content\/uploads\/2025\/01\/Bambusest-kateratikute-komplekt.jpg","width":800,"height":800,"caption":"Bambusest k\u00e4ter\u00e4tikute komplekt 6 tk"},{"@type":"BreadcrumbList","@id":"https:\/\/aztex.ee\/fr\/pood\/serviettes-et-serviettes-de-bain\/lot-de-6-serviettes-en-bambou\/#breadcrumb","itemListElement":[{"@type":"ListItem","position":1,"name":"Accueil","item":"https:\/\/aztex.ee\/fr\/"},{"@type":"ListItem","position":2,"name":"Boutique","item":"https:\/\/aztex.ee\/fr\/boutique\/"},{"@type":"ListItem","position":3,"name":"Lot de 6 serviettes en bambou"}]},{"@type":"WebSite","@id":"https:\/\/aztex.ee\/fr\/#website","url":"https:\/\/aztex.ee\/fr\/","name":"AZTEX","description":"","publisher":{"@id":"https:\/\/aztex.ee\/fr\/#organization"},"potentialAction":[{"@type":"SearchAction","target":{"@type":"EntryPoint","urlTemplate":"https:\/\/aztex.ee\/fr\/?s={search_term_string}"},"query-input":{"@type":"PropertyValueSpecification","valueRequired":true,"valueName":"search_term_string"}}],"inLanguage":"fr-FR"},{"@type":"Organization","@id":"https:\/\/aztex.ee\/fr\/#organization","name":"AZTEX","url":"https:\/\/aztex.ee\/fr\/","logo":{"@type":"ImageObject","inLanguage":"fr-FR","@id":"https:\/\/aztex.ee\/fr\/#\/schema\/logo\/image\/","url":"https:\/\/aztex.ee\/wp-content\/uploads\/2026\/01\/AZTEX.png","contentUrl":"https:\/\/aztex.ee\/wp-content\/uploads\/2026\/01\/AZTEX.png","width":500,"height":500,"caption":"AZTEX"},"image":{"@id":"https:\/\/aztex.ee\/fr\/#\/schema\/logo\/image\/"},"sameAs":["https:\/\/www.facebook.com\/AztexEE","https:\/\/www.instagram.com\/aztexeesti\/","https:\/\/www.youtube.com\/@AZTEXEE","https:\/\/www.pinterest.com\/aztex_eesti\/","https:\/\/www.tiktok.com\/@aztexeesti","https:\/\/www.trustpilot.com\/review\/aztex.ee","https:\/\/www.linkedin.com\/company\/aztex-ee\/","https:\/\/www.wikidata.org\/wiki\/Q137560182"]}]}},"_links":{"self":[{"href":"https:\/\/aztex.ee\/fr\/wp-json\/wp\/v2\/product\/42684","targetHints":{"allow":["GET"]}}],"collection":[{"href":"https:\/\/aztex.ee\/fr\/wp-json\/wp\/v2\/product"}],"about":[{"href":"https:\/\/aztex.ee\/fr\/wp-json\/wp\/v2\/types\/product"}],"replies":[{"embeddable":true,"href":"https:\/\/aztex.ee\/fr\/wp-json\/wp\/v2\/comments?post=42684"}],"version-history":[{"count":0,"href":"https:\/\/aztex.ee\/fr\/wp-json\/wp\/v2\/product\/42684\/revisions"}],"wp:featuredmedia":[{"embeddable":true,"href":"https:\/\/aztex.ee\/fr\/wp-json\/wp\/v2\/media\/42831"}],"wp:attachment":[{"href":"https:\/\/aztex.ee\/fr\/wp-json\/wp\/v2\/media?parent=42684"}],"wp:term":[{"taxonomy":"product_brand","embeddable":true,"href":"https:\/\/aztex.ee\/fr\/wp-json\/wp\/v2\/product_brand?post=42684"},{"taxonomy":"product_cat","embeddable":true,"href":"https:\/\/aztex.ee\/fr\/wp-json\/wp\/v2\/product_cat?post=42684"},{"taxonomy":"product_tag","embeddable":true,"href":"https:\/\/aztex.ee\/fr\/wp-json\/wp\/v2\/product_tag?post=42684"}],"curies":[{"name":"wp","href":"https:\/\/api.w.org\/{rel}","templated":true}]}}