{"id":41395,"date":"2024-12-29T19:21:50","date_gmt":"2024-12-29T19:21:50","guid":{"rendered":"https:\/\/aztex.ee\/?post_type=product&#038;p=41395"},"modified":"2026-03-21T17:22:30","modified_gmt":"2026-03-21T17:22:30","slug":"serviette-en-bambou-bio","status":"publish","type":"product","link":"https:\/\/aztex.ee\/fr\/pood\/serviettes-et-serviettes-de-bain\/serviette-en-bambou-bio\/","title":{"rendered":"Serviette en bambou"},"content":{"rendered":"<p>Serviette en bambou \u2013 un choix luxueux et \u00e9cologique<\/p>\n<p>Une serviette en bambou est le choix parfait pour ceux qui appr\u00e9cient la qualit\u00e9, la douceur et la durabilit\u00e9. Fabriqu\u00e9e \u00e0 partir de fibres de bambou naturelles, cette serviette est une alternative \u00e9cologique aux mat\u00e9riaux traditionnels. Les fibres de bambou sont naturellement douces, procurant une sensation douce et cocooning \u00e0 la peau. Cela rend une serviette en bambou id\u00e9ale pour les peaux sensibles car elle n&rsquo;irrite pas la peau et ne laisse pas de sensation rugueuse.<\/p>\n<p>Les serviettes en bambou sont connues pour leur capacit\u00e9 d&rsquo;absorption exceptionnelle, pouvant absorber jusqu&rsquo;\u00e0 trois fois plus d&rsquo;humidit\u00e9 que les serviettes en coton. Cette propri\u00e9t\u00e9 les rend id\u00e9ales pour une utilisation quotidienne dans la salle de bain, le spa ou m\u00eame \u00e0 la plage. De plus, ces serviettes s\u00e8chent rapidement, ce qui permet d&rsquo;\u00e9viter les odeurs d\u00e9sagr\u00e9ables caus\u00e9es par l&rsquo;humidit\u00e9. Les propri\u00e9t\u00e9s antibact\u00e9riennes naturelles des fibres de bambou aident \u00e9galement \u00e0 garder la serviette hygi\u00e9nique et fra\u00eeche m\u00eame apr\u00e8s une utilisation r\u00e9p\u00e9t\u00e9e.<\/p>\n<p>Le respect de l&rsquo;environnement est l&rsquo;un des plus grands avantages des serviettes en bambou. Le bambou est une plante rapidement renouvelable qui pousse sans pesticides ni engrais. Les produits fabriqu\u00e9s \u00e0 partir de fibres de bambou sont biod\u00e9gradables et r\u00e9duisent l&rsquo;impact environnemental, ce qui les rend id\u00e9aux pour les personnes qui souhaitent prot\u00e9ger la nature par leurs choix de consommation.<\/p>\n<p>Les serviettes en bambou au design \u00e9l\u00e9gant s&rsquo;int\u00e8grent dans n&rsquo;importe quelle maison, offrant \u00e0 la fois praticit\u00e9 et plaisir esth\u00e9tique. Une serviette en bambou est \u00e9galement un excellent cadeau qui ravira tout destinataire.<\/p>\n<p>Facile \u00e0 entretenir &#8211; lavez la serviette sur un programme d\u00e9licat jusqu&rsquo;\u00e0 40\u00b0C et \u00e9vitez de la s\u00e9cher \u00e0 haute temp\u00e9rature pour conserver sa douceur et sa durabilit\u00e9. Une serviette en bambou allie la beaut\u00e9 de la nature \u00e0 la praticit\u00e9, offrant une exp\u00e9rience inoubliable.<\/p>\n","protected":false},"excerpt":{"rendered":"<ul>\n<li>Mat\u00e9riau : 100% bambou<\/li>\n<li>Taille : 35\u00d775 cm \u00b13<\/li>\n<li>Poids : 420g\/m2<\/li>\n<\/ul>\n","protected":false},"featured_media":41620,"comment_status":"open","ping_status":"closed","template":"","meta":[],"product_brand":[],"product_cat":[1731,773,1617,982,478],"product_tag":[],"class_list":{"0":"post-41395","1":"product","2":"type-product","3":"status-publish","4":"has-post-thumbnail","6":"product_cat-serviettes","7":"product_cat-serviettes-35x75-cm","8":"product_cat-serviettes-a-main-en-bambou","9":"product_cat-serviettes-en-bambou","10":"product_cat-serviettes-et-serviettes-de-bain","12":"first","13":"instock","14":"shipping-taxable","15":"purchasable","16":"product-type-variable"},"yoast_head":"<!-- This site is optimized with the Yoast SEO plugin v27.4 - https:\/\/yoast.com\/product\/yoast-seo-wordpress\/ -->\n<title>Serviette en bambou bio | AZTEX<\/title>\n<meta name=\"description\" content=\"La serviette en bambou est douce et agr\u00e9able pour la peau, ce qui la rend id\u00e9ale pour un usage quotidien. Gr\u00e2ce \u00e0 son s\u00e9chage rapide, c&#039;est un excellent ..\" \/>\n<meta name=\"robots\" content=\"index, follow, max-snippet:-1, max-image-preview:large, max-video-preview:-1\" \/>\n<link rel=\"canonical\" href=\"https:\/\/aztex.ee\/fr\/pood\/serviettes-et-serviettes-de-bain\/serviette-en-bambou-bio\/\" \/>\n<meta property=\"og:locale\" content=\"fr_FR\" \/>\n<meta property=\"og:type\" content=\"article\" \/>\n<meta property=\"og:title\" content=\"Serviette en bambou bio | AZTEX\" \/>\n<meta property=\"og:description\" content=\"La serviette en bambou est douce et agr\u00e9able pour la peau, ce qui la rend id\u00e9ale pour un usage quotidien. Gr\u00e2ce \u00e0 son s\u00e9chage rapide, c&#039;est un excellent ..\" \/>\n<meta property=\"og:url\" content=\"https:\/\/aztex.ee\/fr\/pood\/serviettes-et-serviettes-de-bain\/serviette-en-bambou-bio\/\" \/>\n<meta property=\"og:site_name\" content=\"AZTEX\" \/>\n<meta property=\"article:publisher\" content=\"https:\/\/www.facebook.com\/AztexEE\" \/>\n<meta property=\"article:modified_time\" content=\"2026-03-21T17:22:30+00:00\" \/>\n<meta property=\"og:image\" content=\"https:\/\/aztex.ee\/wp-content\/uploads\/2024\/12\/Ratik-Bambusest.jpg\" \/>\n\t<meta property=\"og:image:width\" content=\"800\" \/>\n\t<meta property=\"og:image:height\" content=\"800\" \/>\n\t<meta property=\"og:image:type\" content=\"image\/jpeg\" \/>\n<meta name=\"twitter:card\" content=\"summary_large_image\" \/>\n<meta name=\"twitter:label1\" content=\"Dur\u00e9e de lecture estim\u00e9e\" \/>\n\t<meta name=\"twitter:data1\" content=\"2 minutes\" \/>\n<script type=\"application\/ld+json\" class=\"yoast-schema-graph\">{\"@context\":\"https:\\\/\\\/schema.org\",\"@graph\":[{\"@type\":[\"WebPage\",\"ItemPage\"],\"@id\":\"https:\\\/\\\/aztex.ee\\\/fr\\\/pood\\\/serviettes-et-serviettes-de-bain\\\/serviette-en-bambou-bio\\\/\",\"url\":\"https:\\\/\\\/aztex.ee\\\/fr\\\/pood\\\/serviettes-et-serviettes-de-bain\\\/serviette-en-bambou-bio\\\/\",\"name\":\"Serviette en bambou bio | AZTEX\",\"isPartOf\":{\"@id\":\"https:\\\/\\\/aztex.ee\\\/fr\\\/#website\"},\"primaryImageOfPage\":{\"@id\":\"https:\\\/\\\/aztex.ee\\\/fr\\\/pood\\\/serviettes-et-serviettes-de-bain\\\/serviette-en-bambou-bio\\\/#primaryimage\"},\"image\":{\"@id\":\"https:\\\/\\\/aztex.ee\\\/fr\\\/pood\\\/serviettes-et-serviettes-de-bain\\\/serviette-en-bambou-bio\\\/#primaryimage\"},\"thumbnailUrl\":\"https:\\\/\\\/aztex.ee\\\/wp-content\\\/uploads\\\/2024\\\/12\\\/Ratik-Bambusest.jpg\",\"datePublished\":\"2024-12-29T19:21:50+00:00\",\"dateModified\":\"2026-03-21T17:22:30+00:00\",\"description\":\"La serviette en bambou est douce et agr\u00e9able pour la peau, ce qui la rend id\u00e9ale pour un usage quotidien. Gr\u00e2ce \u00e0 son s\u00e9chage rapide, c'est un excellent ..\",\"breadcrumb\":{\"@id\":\"https:\\\/\\\/aztex.ee\\\/fr\\\/pood\\\/serviettes-et-serviettes-de-bain\\\/serviette-en-bambou-bio\\\/#breadcrumb\"},\"inLanguage\":\"fr-FR\",\"potentialAction\":[{\"@type\":\"ReadAction\",\"target\":[\"https:\\\/\\\/aztex.ee\\\/fr\\\/pood\\\/serviettes-et-serviettes-de-bain\\\/serviette-en-bambou-bio\\\/\"]}]},{\"@type\":\"ImageObject\",\"inLanguage\":\"fr-FR\",\"@id\":\"https:\\\/\\\/aztex.ee\\\/fr\\\/pood\\\/serviettes-et-serviettes-de-bain\\\/serviette-en-bambou-bio\\\/#primaryimage\",\"url\":\"https:\\\/\\\/aztex.ee\\\/wp-content\\\/uploads\\\/2024\\\/12\\\/Ratik-Bambusest.jpg\",\"contentUrl\":\"https:\\\/\\\/aztex.ee\\\/wp-content\\\/uploads\\\/2024\\\/12\\\/Ratik-Bambusest.jpg\",\"width\":800,\"height\":800,\"caption\":\"R\u00e4tik Bambusest\"},{\"@type\":\"BreadcrumbList\",\"@id\":\"https:\\\/\\\/aztex.ee\\\/fr\\\/pood\\\/serviettes-et-serviettes-de-bain\\\/serviette-en-bambou-bio\\\/#breadcrumb\",\"itemListElement\":[{\"@type\":\"ListItem\",\"position\":1,\"name\":\"Accueil\",\"item\":\"https:\\\/\\\/aztex.ee\\\/fr\\\/\"},{\"@type\":\"ListItem\",\"position\":2,\"name\":\"Boutique\",\"item\":\"https:\\\/\\\/aztex.ee\\\/fr\\\/boutique\\\/\"},{\"@type\":\"ListItem\",\"position\":3,\"name\":\"Serviette en bambou\"}]},{\"@type\":\"WebSite\",\"@id\":\"https:\\\/\\\/aztex.ee\\\/fr\\\/#website\",\"url\":\"https:\\\/\\\/aztex.ee\\\/fr\\\/\",\"name\":\"AZTEX\",\"description\":\"\",\"publisher\":{\"@id\":\"https:\\\/\\\/aztex.ee\\\/fr\\\/#organization\"},\"potentialAction\":[{\"@type\":\"SearchAction\",\"target\":{\"@type\":\"EntryPoint\",\"urlTemplate\":\"https:\\\/\\\/aztex.ee\\\/fr\\\/?s={search_term_string}\"},\"query-input\":{\"@type\":\"PropertyValueSpecification\",\"valueRequired\":true,\"valueName\":\"search_term_string\"}}],\"inLanguage\":\"fr-FR\"},{\"@type\":\"Organization\",\"@id\":\"https:\\\/\\\/aztex.ee\\\/fr\\\/#organization\",\"name\":\"AZTEX\",\"url\":\"https:\\\/\\\/aztex.ee\\\/fr\\\/\",\"logo\":{\"@type\":\"ImageObject\",\"inLanguage\":\"fr-FR\",\"@id\":\"https:\\\/\\\/aztex.ee\\\/fr\\\/#\\\/schema\\\/logo\\\/image\\\/\",\"url\":\"https:\\\/\\\/aztex.ee\\\/wp-content\\\/uploads\\\/2026\\\/01\\\/AZTEX.png\",\"contentUrl\":\"https:\\\/\\\/aztex.ee\\\/wp-content\\\/uploads\\\/2026\\\/01\\\/AZTEX.png\",\"width\":500,\"height\":500,\"caption\":\"AZTEX\"},\"image\":{\"@id\":\"https:\\\/\\\/aztex.ee\\\/fr\\\/#\\\/schema\\\/logo\\\/image\\\/\"},\"sameAs\":[\"https:\\\/\\\/www.facebook.com\\\/AztexEE\",\"https:\\\/\\\/www.instagram.com\\\/aztexeesti\\\/\",\"https:\\\/\\\/www.youtube.com\\\/@AZTEXEE\",\"https:\\\/\\\/www.pinterest.com\\\/aztex_eesti\\\/\",\"https:\\\/\\\/www.tiktok.com\\\/@aztexeesti\",\"https:\\\/\\\/www.trustpilot.com\\\/review\\\/aztex.ee\",\"https:\\\/\\\/www.linkedin.com\\\/company\\\/aztex-ee\\\/\",\"https:\\\/\\\/www.wikidata.org\\\/wiki\\\/Q137560182\"]}]}<\/script>\n<!-- \/ Yoast SEO plugin. -->","yoast_head_json":{"title":"Serviette en bambou bio | AZTEX","description":"La serviette en bambou est douce et agr\u00e9able pour la peau, ce qui la rend id\u00e9ale pour un usage quotidien. Gr\u00e2ce \u00e0 son s\u00e9chage rapide, c'est un excellent ..","robots":{"index":"index","follow":"follow","max-snippet":"max-snippet:-1","max-image-preview":"max-image-preview:large","max-video-preview":"max-video-preview:-1"},"canonical":"https:\/\/aztex.ee\/fr\/pood\/serviettes-et-serviettes-de-bain\/serviette-en-bambou-bio\/","og_locale":"fr_FR","og_type":"article","og_title":"Serviette en bambou bio | AZTEX","og_description":"La serviette en bambou est douce et agr\u00e9able pour la peau, ce qui la rend id\u00e9ale pour un usage quotidien. Gr\u00e2ce \u00e0 son s\u00e9chage rapide, c'est un excellent ..","og_url":"https:\/\/aztex.ee\/fr\/pood\/serviettes-et-serviettes-de-bain\/serviette-en-bambou-bio\/","og_site_name":"AZTEX","article_publisher":"https:\/\/www.facebook.com\/AztexEE","article_modified_time":"2026-03-21T17:22:30+00:00","og_image":[{"width":800,"height":800,"url":"https:\/\/aztex.ee\/wp-content\/uploads\/2024\/12\/Ratik-Bambusest.jpg","type":"image\/jpeg"}],"twitter_card":"summary_large_image","twitter_misc":{"Dur\u00e9e de lecture estim\u00e9e":"2 minutes"},"schema":{"@context":"https:\/\/schema.org","@graph":[{"@type":["WebPage","ItemPage"],"@id":"https:\/\/aztex.ee\/fr\/pood\/serviettes-et-serviettes-de-bain\/serviette-en-bambou-bio\/","url":"https:\/\/aztex.ee\/fr\/pood\/serviettes-et-serviettes-de-bain\/serviette-en-bambou-bio\/","name":"Serviette en bambou bio | AZTEX","isPartOf":{"@id":"https:\/\/aztex.ee\/fr\/#website"},"primaryImageOfPage":{"@id":"https:\/\/aztex.ee\/fr\/pood\/serviettes-et-serviettes-de-bain\/serviette-en-bambou-bio\/#primaryimage"},"image":{"@id":"https:\/\/aztex.ee\/fr\/pood\/serviettes-et-serviettes-de-bain\/serviette-en-bambou-bio\/#primaryimage"},"thumbnailUrl":"https:\/\/aztex.ee\/wp-content\/uploads\/2024\/12\/Ratik-Bambusest.jpg","datePublished":"2024-12-29T19:21:50+00:00","dateModified":"2026-03-21T17:22:30+00:00","description":"La serviette en bambou est douce et agr\u00e9able pour la peau, ce qui la rend id\u00e9ale pour un usage quotidien. Gr\u00e2ce \u00e0 son s\u00e9chage rapide, c'est un excellent ..","breadcrumb":{"@id":"https:\/\/aztex.ee\/fr\/pood\/serviettes-et-serviettes-de-bain\/serviette-en-bambou-bio\/#breadcrumb"},"inLanguage":"fr-FR","potentialAction":[{"@type":"ReadAction","target":["https:\/\/aztex.ee\/fr\/pood\/serviettes-et-serviettes-de-bain\/serviette-en-bambou-bio\/"]}]},{"@type":"ImageObject","inLanguage":"fr-FR","@id":"https:\/\/aztex.ee\/fr\/pood\/serviettes-et-serviettes-de-bain\/serviette-en-bambou-bio\/#primaryimage","url":"https:\/\/aztex.ee\/wp-content\/uploads\/2024\/12\/Ratik-Bambusest.jpg","contentUrl":"https:\/\/aztex.ee\/wp-content\/uploads\/2024\/12\/Ratik-Bambusest.jpg","width":800,"height":800,"caption":"R\u00e4tik Bambusest"},{"@type":"BreadcrumbList","@id":"https:\/\/aztex.ee\/fr\/pood\/serviettes-et-serviettes-de-bain\/serviette-en-bambou-bio\/#breadcrumb","itemListElement":[{"@type":"ListItem","position":1,"name":"Accueil","item":"https:\/\/aztex.ee\/fr\/"},{"@type":"ListItem","position":2,"name":"Boutique","item":"https:\/\/aztex.ee\/fr\/boutique\/"},{"@type":"ListItem","position":3,"name":"Serviette en bambou"}]},{"@type":"WebSite","@id":"https:\/\/aztex.ee\/fr\/#website","url":"https:\/\/aztex.ee\/fr\/","name":"AZTEX","description":"","publisher":{"@id":"https:\/\/aztex.ee\/fr\/#organization"},"potentialAction":[{"@type":"SearchAction","target":{"@type":"EntryPoint","urlTemplate":"https:\/\/aztex.ee\/fr\/?s={search_term_string}"},"query-input":{"@type":"PropertyValueSpecification","valueRequired":true,"valueName":"search_term_string"}}],"inLanguage":"fr-FR"},{"@type":"Organization","@id":"https:\/\/aztex.ee\/fr\/#organization","name":"AZTEX","url":"https:\/\/aztex.ee\/fr\/","logo":{"@type":"ImageObject","inLanguage":"fr-FR","@id":"https:\/\/aztex.ee\/fr\/#\/schema\/logo\/image\/","url":"https:\/\/aztex.ee\/wp-content\/uploads\/2026\/01\/AZTEX.png","contentUrl":"https:\/\/aztex.ee\/wp-content\/uploads\/2026\/01\/AZTEX.png","width":500,"height":500,"caption":"AZTEX"},"image":{"@id":"https:\/\/aztex.ee\/fr\/#\/schema\/logo\/image\/"},"sameAs":["https:\/\/www.facebook.com\/AztexEE","https:\/\/www.instagram.com\/aztexeesti\/","https:\/\/www.youtube.com\/@AZTEXEE","https:\/\/www.pinterest.com\/aztex_eesti\/","https:\/\/www.tiktok.com\/@aztexeesti","https:\/\/www.trustpilot.com\/review\/aztex.ee","https:\/\/www.linkedin.com\/company\/aztex-ee\/","https:\/\/www.wikidata.org\/wiki\/Q137560182"]}]}},"_links":{"self":[{"href":"https:\/\/aztex.ee\/fr\/wp-json\/wp\/v2\/product\/41395","targetHints":{"allow":["GET"]}}],"collection":[{"href":"https:\/\/aztex.ee\/fr\/wp-json\/wp\/v2\/product"}],"about":[{"href":"https:\/\/aztex.ee\/fr\/wp-json\/wp\/v2\/types\/product"}],"replies":[{"embeddable":true,"href":"https:\/\/aztex.ee\/fr\/wp-json\/wp\/v2\/comments?post=41395"}],"version-history":[{"count":0,"href":"https:\/\/aztex.ee\/fr\/wp-json\/wp\/v2\/product\/41395\/revisions"}],"wp:featuredmedia":[{"embeddable":true,"href":"https:\/\/aztex.ee\/fr\/wp-json\/wp\/v2\/media\/41620"}],"wp:attachment":[{"href":"https:\/\/aztex.ee\/fr\/wp-json\/wp\/v2\/media?parent=41395"}],"wp:term":[{"taxonomy":"product_brand","embeddable":true,"href":"https:\/\/aztex.ee\/fr\/wp-json\/wp\/v2\/product_brand?post=41395"},{"taxonomy":"product_cat","embeddable":true,"href":"https:\/\/aztex.ee\/fr\/wp-json\/wp\/v2\/product_cat?post=41395"},{"taxonomy":"product_tag","embeddable":true,"href":"https:\/\/aztex.ee\/fr\/wp-json\/wp\/v2\/product_tag?post=41395"}],"curies":[{"name":"wp","href":"https:\/\/api.w.org\/{rel}","templated":true}]}}