{"id":40746,"date":"2024-12-29T01:34:10","date_gmt":"2024-12-29T01:34:10","guid":{"rendered":"https:\/\/aztex.ee\/?post_type=product&#038;p=40746"},"modified":"2026-03-28T22:10:22","modified_gmt":"2026-03-28T22:10:22","slug":"serviette-en-bambou-naturel","status":"publish","type":"product","link":"https:\/\/aztex.ee\/fr\/pood\/serviettes-et-serviettes-de-bain\/serviette-en-bambou-naturel\/","title":{"rendered":"Serviette en bambou"},"content":{"rendered":"<p>La serviette en bambou est le meilleur choix, alliant beaut\u00e9 naturelle et praticit\u00e9, vous offrant une douceur luxueuse et une \u00e9l\u00e9gance intemporelle. Fabriqu\u00e9e \u00e0 100 % en fibre de bambou, cette serviette est con\u00e7ue pour offrir une exp\u00e9rience utilisateur exceptionnelle, \u00e9tant \u00e0 la fois durable et extr\u00eamement douce pour la peau. Les propri\u00e9t\u00e9s uniques des fibres de bambou, telles qu&rsquo;une excellente capacit\u00e9 d&rsquo;absorption et un s\u00e9chage rapide, en font le compagnon id\u00e9al pour un usage quotidien et des moments sp\u00e9ciaux o\u00f9 vous avez besoin de quelque chose de plus qu&rsquo;une simple serviette.<\/p>\n<p>Les propri\u00e9t\u00e9s antibact\u00e9riennes et hypoallerg\u00e9niques naturelles du bambou en font un excellent choix pour les personnes \u00e0 la peau sensible. Cette serviette est non seulement pratique, mais aussi une solution respectueuse de la sant\u00e9, aidant \u00e0 garder votre peau propre et fra\u00eeche. Que vous ayez la peau s\u00e8che ou sensible, une serviette en bambou vous offre les soins dont vous avez besoin, tout en vous procurant douceur et confort.<\/p>\n<p>En plus de sa facilit\u00e9 d&rsquo;utilisation, une serviette en bambou se distingue \u00e9galement par sa durabilit\u00e9 et son entretien facile. Les fibres de bambou sont connues pour leur durabilit\u00e9, ce qui signifie que la serviette restera en bon \u00e9tat pendant longtemps, m\u00eame avec des lavages fr\u00e9quents. Le respect de l&rsquo;environnement est \u00e9galement important : le bambou est un mat\u00e9riau durable qui est cultiv\u00e9 sans l&rsquo;utilisation de produits chimiques nocifs.<\/p>\n<p>Une serviette en bambou n&rsquo;est pas seulement un article pratique, mais aussi un ajout \u00e9l\u00e9gant \u00e0 la d\u00e9coration int\u00e9rieure de votre maison. Son design minimaliste et \u00e9l\u00e9gant compl\u00e8tera votre salle de bain, apportant une atmosph\u00e8re chaleureuse et luxueuse \u00e0 la pi\u00e8ce. La texture douce et les couleurs naturelles cr\u00e9ent une harmonie et un confort qui rendront chaque jour sp\u00e9cial.<\/p>\n<p>Si vous recherchez une serviette qui allie douceur, durabilit\u00e9 et respect de l&rsquo;environnement, alors une serviette en bambou est le choix parfait. Prenez soin de votre peau, de votre maison et de la nature, et ajoutez de la valeur et du soin \u00e0 votre vie quotidienne.<\/p>\n","protected":false},"excerpt":{"rendered":"<ul>\n<li>Mat\u00e9riau : 100% bambou<\/li>\n<li>Taille : 35\u00d775 cm \u00b13<\/li>\n<li>Poids : 420g\/m2<\/li>\n<\/ul>\n","protected":false},"featured_media":40897,"comment_status":"open","ping_status":"closed","template":"","meta":[],"product_brand":[],"product_cat":[1731,773,1617,982,478],"product_tag":[],"class_list":{"0":"post-40746","1":"product","2":"type-product","3":"status-publish","4":"has-post-thumbnail","6":"product_cat-serviettes","7":"product_cat-serviettes-35x75-cm","8":"product_cat-serviettes-a-main-en-bambou","9":"product_cat-serviettes-en-bambou","10":"product_cat-serviettes-et-serviettes-de-bain","12":"first","13":"instock","14":"shipping-taxable","15":"purchasable","16":"product-type-variable"},"yoast_head":"<!-- This site is optimized with the Yoast SEO plugin v27.4 - https:\/\/yoast.com\/product\/yoast-seo-wordpress\/ -->\n<title>Serviette en bambou | AZTEX<\/title>\n<meta name=\"description\" content=\"Les serviettes en bambou sont douces et id\u00e9ales pour un usage quotidien. Leurs propri\u00e9t\u00e9s de s\u00e9chage rapide en font un choix pratique.\" \/>\n<meta name=\"robots\" content=\"index, follow, max-snippet:-1, max-image-preview:large, max-video-preview:-1\" \/>\n<link rel=\"canonical\" href=\"https:\/\/aztex.ee\/fr\/pood\/serviettes-et-serviettes-de-bain\/serviette-en-bambou-naturel\/\" \/>\n<meta property=\"og:locale\" content=\"fr_FR\" \/>\n<meta property=\"og:type\" content=\"article\" \/>\n<meta property=\"og:title\" content=\"Serviette en bambou | AZTEX\" \/>\n<meta property=\"og:description\" content=\"Les serviettes en bambou sont douces et id\u00e9ales pour un usage quotidien. Leurs propri\u00e9t\u00e9s de s\u00e9chage rapide en font un choix pratique.\" \/>\n<meta property=\"og:url\" content=\"https:\/\/aztex.ee\/fr\/pood\/serviettes-et-serviettes-de-bain\/serviette-en-bambou-naturel\/\" \/>\n<meta property=\"og:site_name\" content=\"AZTEX\" \/>\n<meta property=\"article:publisher\" content=\"https:\/\/www.facebook.com\/AztexEE\" \/>\n<meta property=\"article:modified_time\" content=\"2026-03-28T22:10:22+00:00\" \/>\n<meta property=\"og:image\" content=\"https:\/\/aztex.ee\/wp-content\/uploads\/2024\/12\/Bambusest-ratik.jpg\" \/>\n\t<meta property=\"og:image:width\" content=\"800\" \/>\n\t<meta property=\"og:image:height\" content=\"800\" \/>\n\t<meta property=\"og:image:type\" content=\"image\/jpeg\" \/>\n<meta name=\"twitter:card\" content=\"summary_large_image\" \/>\n<meta name=\"twitter:label1\" content=\"Dur\u00e9e de lecture estim\u00e9e\" \/>\n\t<meta name=\"twitter:data1\" content=\"3 minutes\" \/>\n<script type=\"application\/ld+json\" class=\"yoast-schema-graph\">{\"@context\":\"https:\\\/\\\/schema.org\",\"@graph\":[{\"@type\":[\"WebPage\",\"ItemPage\"],\"@id\":\"https:\\\/\\\/aztex.ee\\\/fr\\\/pood\\\/serviettes-et-serviettes-de-bain\\\/serviette-en-bambou-naturel\\\/\",\"url\":\"https:\\\/\\\/aztex.ee\\\/fr\\\/pood\\\/serviettes-et-serviettes-de-bain\\\/serviette-en-bambou-naturel\\\/\",\"name\":\"Serviette en bambou | AZTEX\",\"isPartOf\":{\"@id\":\"https:\\\/\\\/aztex.ee\\\/fr\\\/#website\"},\"primaryImageOfPage\":{\"@id\":\"https:\\\/\\\/aztex.ee\\\/fr\\\/pood\\\/serviettes-et-serviettes-de-bain\\\/serviette-en-bambou-naturel\\\/#primaryimage\"},\"image\":{\"@id\":\"https:\\\/\\\/aztex.ee\\\/fr\\\/pood\\\/serviettes-et-serviettes-de-bain\\\/serviette-en-bambou-naturel\\\/#primaryimage\"},\"thumbnailUrl\":\"https:\\\/\\\/aztex.ee\\\/wp-content\\\/uploads\\\/2024\\\/12\\\/Bambusest-ratik.jpg\",\"datePublished\":\"2024-12-29T01:34:10+00:00\",\"dateModified\":\"2026-03-28T22:10:22+00:00\",\"description\":\"Les serviettes en bambou sont douces et id\u00e9ales pour un usage quotidien. Leurs propri\u00e9t\u00e9s de s\u00e9chage rapide en font un choix pratique.\",\"breadcrumb\":{\"@id\":\"https:\\\/\\\/aztex.ee\\\/fr\\\/pood\\\/serviettes-et-serviettes-de-bain\\\/serviette-en-bambou-naturel\\\/#breadcrumb\"},\"inLanguage\":\"fr-FR\",\"potentialAction\":[{\"@type\":\"ReadAction\",\"target\":[\"https:\\\/\\\/aztex.ee\\\/fr\\\/pood\\\/serviettes-et-serviettes-de-bain\\\/serviette-en-bambou-naturel\\\/\"]}]},{\"@type\":\"ImageObject\",\"inLanguage\":\"fr-FR\",\"@id\":\"https:\\\/\\\/aztex.ee\\\/fr\\\/pood\\\/serviettes-et-serviettes-de-bain\\\/serviette-en-bambou-naturel\\\/#primaryimage\",\"url\":\"https:\\\/\\\/aztex.ee\\\/wp-content\\\/uploads\\\/2024\\\/12\\\/Bambusest-ratik.jpg\",\"contentUrl\":\"https:\\\/\\\/aztex.ee\\\/wp-content\\\/uploads\\\/2024\\\/12\\\/Bambusest-ratik.jpg\",\"width\":800,\"height\":800,\"caption\":\"Bambusest r\u00e4tik\"},{\"@type\":\"BreadcrumbList\",\"@id\":\"https:\\\/\\\/aztex.ee\\\/fr\\\/pood\\\/serviettes-et-serviettes-de-bain\\\/serviette-en-bambou-naturel\\\/#breadcrumb\",\"itemListElement\":[{\"@type\":\"ListItem\",\"position\":1,\"name\":\"Accueil\",\"item\":\"https:\\\/\\\/aztex.ee\\\/fr\\\/\"},{\"@type\":\"ListItem\",\"position\":2,\"name\":\"Boutique\",\"item\":\"https:\\\/\\\/aztex.ee\\\/fr\\\/boutique\\\/\"},{\"@type\":\"ListItem\",\"position\":3,\"name\":\"Serviette en bambou\"}]},{\"@type\":\"WebSite\",\"@id\":\"https:\\\/\\\/aztex.ee\\\/fr\\\/#website\",\"url\":\"https:\\\/\\\/aztex.ee\\\/fr\\\/\",\"name\":\"AZTEX\",\"description\":\"\",\"publisher\":{\"@id\":\"https:\\\/\\\/aztex.ee\\\/fr\\\/#organization\"},\"potentialAction\":[{\"@type\":\"SearchAction\",\"target\":{\"@type\":\"EntryPoint\",\"urlTemplate\":\"https:\\\/\\\/aztex.ee\\\/fr\\\/?s={search_term_string}\"},\"query-input\":{\"@type\":\"PropertyValueSpecification\",\"valueRequired\":true,\"valueName\":\"search_term_string\"}}],\"inLanguage\":\"fr-FR\"},{\"@type\":\"Organization\",\"@id\":\"https:\\\/\\\/aztex.ee\\\/fr\\\/#organization\",\"name\":\"AZTEX\",\"url\":\"https:\\\/\\\/aztex.ee\\\/fr\\\/\",\"logo\":{\"@type\":\"ImageObject\",\"inLanguage\":\"fr-FR\",\"@id\":\"https:\\\/\\\/aztex.ee\\\/fr\\\/#\\\/schema\\\/logo\\\/image\\\/\",\"url\":\"https:\\\/\\\/aztex.ee\\\/wp-content\\\/uploads\\\/2026\\\/01\\\/AZTEX.png\",\"contentUrl\":\"https:\\\/\\\/aztex.ee\\\/wp-content\\\/uploads\\\/2026\\\/01\\\/AZTEX.png\",\"width\":500,\"height\":500,\"caption\":\"AZTEX\"},\"image\":{\"@id\":\"https:\\\/\\\/aztex.ee\\\/fr\\\/#\\\/schema\\\/logo\\\/image\\\/\"},\"sameAs\":[\"https:\\\/\\\/www.facebook.com\\\/AztexEE\",\"https:\\\/\\\/www.instagram.com\\\/aztexeesti\\\/\",\"https:\\\/\\\/www.youtube.com\\\/@AZTEXEE\",\"https:\\\/\\\/www.pinterest.com\\\/aztex_eesti\\\/\",\"https:\\\/\\\/www.tiktok.com\\\/@aztexeesti\",\"https:\\\/\\\/www.trustpilot.com\\\/review\\\/aztex.ee\",\"https:\\\/\\\/www.linkedin.com\\\/company\\\/aztex-ee\\\/\",\"https:\\\/\\\/www.wikidata.org\\\/wiki\\\/Q137560182\"]}]}<\/script>\n<!-- \/ Yoast SEO plugin. -->","yoast_head_json":{"title":"Serviette en bambou | AZTEX","description":"Les serviettes en bambou sont douces et id\u00e9ales pour un usage quotidien. Leurs propri\u00e9t\u00e9s de s\u00e9chage rapide en font un choix pratique.","robots":{"index":"index","follow":"follow","max-snippet":"max-snippet:-1","max-image-preview":"max-image-preview:large","max-video-preview":"max-video-preview:-1"},"canonical":"https:\/\/aztex.ee\/fr\/pood\/serviettes-et-serviettes-de-bain\/serviette-en-bambou-naturel\/","og_locale":"fr_FR","og_type":"article","og_title":"Serviette en bambou | AZTEX","og_description":"Les serviettes en bambou sont douces et id\u00e9ales pour un usage quotidien. Leurs propri\u00e9t\u00e9s de s\u00e9chage rapide en font un choix pratique.","og_url":"https:\/\/aztex.ee\/fr\/pood\/serviettes-et-serviettes-de-bain\/serviette-en-bambou-naturel\/","og_site_name":"AZTEX","article_publisher":"https:\/\/www.facebook.com\/AztexEE","article_modified_time":"2026-03-28T22:10:22+00:00","og_image":[{"width":800,"height":800,"url":"https:\/\/aztex.ee\/wp-content\/uploads\/2024\/12\/Bambusest-ratik.jpg","type":"image\/jpeg"}],"twitter_card":"summary_large_image","twitter_misc":{"Dur\u00e9e de lecture estim\u00e9e":"3 minutes"},"schema":{"@context":"https:\/\/schema.org","@graph":[{"@type":["WebPage","ItemPage"],"@id":"https:\/\/aztex.ee\/fr\/pood\/serviettes-et-serviettes-de-bain\/serviette-en-bambou-naturel\/","url":"https:\/\/aztex.ee\/fr\/pood\/serviettes-et-serviettes-de-bain\/serviette-en-bambou-naturel\/","name":"Serviette en bambou | AZTEX","isPartOf":{"@id":"https:\/\/aztex.ee\/fr\/#website"},"primaryImageOfPage":{"@id":"https:\/\/aztex.ee\/fr\/pood\/serviettes-et-serviettes-de-bain\/serviette-en-bambou-naturel\/#primaryimage"},"image":{"@id":"https:\/\/aztex.ee\/fr\/pood\/serviettes-et-serviettes-de-bain\/serviette-en-bambou-naturel\/#primaryimage"},"thumbnailUrl":"https:\/\/aztex.ee\/wp-content\/uploads\/2024\/12\/Bambusest-ratik.jpg","datePublished":"2024-12-29T01:34:10+00:00","dateModified":"2026-03-28T22:10:22+00:00","description":"Les serviettes en bambou sont douces et id\u00e9ales pour un usage quotidien. Leurs propri\u00e9t\u00e9s de s\u00e9chage rapide en font un choix pratique.","breadcrumb":{"@id":"https:\/\/aztex.ee\/fr\/pood\/serviettes-et-serviettes-de-bain\/serviette-en-bambou-naturel\/#breadcrumb"},"inLanguage":"fr-FR","potentialAction":[{"@type":"ReadAction","target":["https:\/\/aztex.ee\/fr\/pood\/serviettes-et-serviettes-de-bain\/serviette-en-bambou-naturel\/"]}]},{"@type":"ImageObject","inLanguage":"fr-FR","@id":"https:\/\/aztex.ee\/fr\/pood\/serviettes-et-serviettes-de-bain\/serviette-en-bambou-naturel\/#primaryimage","url":"https:\/\/aztex.ee\/wp-content\/uploads\/2024\/12\/Bambusest-ratik.jpg","contentUrl":"https:\/\/aztex.ee\/wp-content\/uploads\/2024\/12\/Bambusest-ratik.jpg","width":800,"height":800,"caption":"Bambusest r\u00e4tik"},{"@type":"BreadcrumbList","@id":"https:\/\/aztex.ee\/fr\/pood\/serviettes-et-serviettes-de-bain\/serviette-en-bambou-naturel\/#breadcrumb","itemListElement":[{"@type":"ListItem","position":1,"name":"Accueil","item":"https:\/\/aztex.ee\/fr\/"},{"@type":"ListItem","position":2,"name":"Boutique","item":"https:\/\/aztex.ee\/fr\/boutique\/"},{"@type":"ListItem","position":3,"name":"Serviette en bambou"}]},{"@type":"WebSite","@id":"https:\/\/aztex.ee\/fr\/#website","url":"https:\/\/aztex.ee\/fr\/","name":"AZTEX","description":"","publisher":{"@id":"https:\/\/aztex.ee\/fr\/#organization"},"potentialAction":[{"@type":"SearchAction","target":{"@type":"EntryPoint","urlTemplate":"https:\/\/aztex.ee\/fr\/?s={search_term_string}"},"query-input":{"@type":"PropertyValueSpecification","valueRequired":true,"valueName":"search_term_string"}}],"inLanguage":"fr-FR"},{"@type":"Organization","@id":"https:\/\/aztex.ee\/fr\/#organization","name":"AZTEX","url":"https:\/\/aztex.ee\/fr\/","logo":{"@type":"ImageObject","inLanguage":"fr-FR","@id":"https:\/\/aztex.ee\/fr\/#\/schema\/logo\/image\/","url":"https:\/\/aztex.ee\/wp-content\/uploads\/2026\/01\/AZTEX.png","contentUrl":"https:\/\/aztex.ee\/wp-content\/uploads\/2026\/01\/AZTEX.png","width":500,"height":500,"caption":"AZTEX"},"image":{"@id":"https:\/\/aztex.ee\/fr\/#\/schema\/logo\/image\/"},"sameAs":["https:\/\/www.facebook.com\/AztexEE","https:\/\/www.instagram.com\/aztexeesti\/","https:\/\/www.youtube.com\/@AZTEXEE","https:\/\/www.pinterest.com\/aztex_eesti\/","https:\/\/www.tiktok.com\/@aztexeesti","https:\/\/www.trustpilot.com\/review\/aztex.ee","https:\/\/www.linkedin.com\/company\/aztex-ee\/","https:\/\/www.wikidata.org\/wiki\/Q137560182"]}]}},"_links":{"self":[{"href":"https:\/\/aztex.ee\/fr\/wp-json\/wp\/v2\/product\/40746","targetHints":{"allow":["GET"]}}],"collection":[{"href":"https:\/\/aztex.ee\/fr\/wp-json\/wp\/v2\/product"}],"about":[{"href":"https:\/\/aztex.ee\/fr\/wp-json\/wp\/v2\/types\/product"}],"replies":[{"embeddable":true,"href":"https:\/\/aztex.ee\/fr\/wp-json\/wp\/v2\/comments?post=40746"}],"version-history":[{"count":0,"href":"https:\/\/aztex.ee\/fr\/wp-json\/wp\/v2\/product\/40746\/revisions"}],"wp:featuredmedia":[{"embeddable":true,"href":"https:\/\/aztex.ee\/fr\/wp-json\/wp\/v2\/media\/40897"}],"wp:attachment":[{"href":"https:\/\/aztex.ee\/fr\/wp-json\/wp\/v2\/media?parent=40746"}],"wp:term":[{"taxonomy":"product_brand","embeddable":true,"href":"https:\/\/aztex.ee\/fr\/wp-json\/wp\/v2\/product_brand?post=40746"},{"taxonomy":"product_cat","embeddable":true,"href":"https:\/\/aztex.ee\/fr\/wp-json\/wp\/v2\/product_cat?post=40746"},{"taxonomy":"product_tag","embeddable":true,"href":"https:\/\/aztex.ee\/fr\/wp-json\/wp\/v2\/product_tag?post=40746"}],"curies":[{"name":"wp","href":"https:\/\/api.w.org\/{rel}","templated":true}]}}