{"id":26174,"date":"2024-10-02T13:42:05","date_gmt":"2024-10-02T13:42:05","guid":{"rendered":"https:\/\/aztex.ee\/?post_type=product&#038;p=26174"},"modified":"2026-02-27T12:23:59","modified_gmt":"2026-02-27T12:23:59","slug":"parure-de-lit-en-satin-de-coton-blue-rose","status":"publish","type":"product","link":"https:\/\/aztex.ee\/fr\/pood\/linge-de-lit\/parure-de-lit-en-satin-de-coton-blue-rose\/","title":{"rendered":"Parure de lit en satin de coton | Blue rose"},"content":{"rendered":"<p>La parure de lit en satin de coton apporte douceur et confort \u00e0 votre chambre. Elle allie le naturel du coton \u00e0 la douceur du satin, offrant une mati\u00e8re respirante et douce pour la peau, id\u00e9ale pour un usage quotidien. Le tissu est durable et facile d&rsquo;entretien, conservant sa douceur m\u00eame apr\u00e8s plusieurs lavages. La parure de lit en satin de coton est un excellent choix si vous appr\u00e9ciez un sommeil de qualit\u00e9 et un toucher agr\u00e9able la nuit.<\/p>\n","protected":false},"excerpt":{"rendered":"<p>La parure de lit en satin de coton assure confort et sommeil de qualit\u00e9.<\/p>\n<ul>\n<li>Mat\u00e9riau: 100% coton<\/li>\n<li>Tissu: Satin<\/li>\n<li>Densit\u00e9 de fils: 300 TC<\/li>\n<li>Housse de couette: 200&#215;220 cm<\/li>\n<li>Taie d&rsquo;oreiller: 50&#215;75 cm (2 pi\u00e8ces)<\/li>\n<li>Drap de lit: Non inclus<\/li>\n<li>Confort: Texture respirante et douce<\/li>\n<\/ul>\n<p><img loading=\"lazy\" decoding=\"async\" class=\"alignnone size-full wp-image-25954\" src=\"https:\/\/aztex.ee\/wp-content\/uploads\/2024\/09\/cotton87.png\" alt=\"\" width=\"188\" height=\"71\" srcset=\"https:\/\/aztex.ee\/wp-content\/uploads\/2024\/09\/cotton87.png 188w, https:\/\/aztex.ee\/wp-content\/uploads\/2024\/09\/cotton87-150x57.png 150w\" sizes=\"auto, (max-width: 188px) 100vw, 188px\" \/><\/p>\n","protected":false},"featured_media":26235,"comment_status":"open","ping_status":"closed","template":"","meta":[],"product_brand":[],"product_cat":[498,599,107,166,379,268],"product_tag":[],"class_list":{"0":"post-26174","1":"product","2":"type-product","3":"status-publish","4":"has-post-thumbnail","6":"product_cat-ensembles-de-literie","7":"product_cat-ensembles-de-literie-en-satin","8":"product_cat-linge-de-lit","9":"product_cat-linge-de-lit-en-coton","10":"product_cat-linge-de-lit-satin","11":"product_cat-parure-de-lit-en-coton-200-220","13":"first","14":"outofstock","15":"shipping-taxable","16":"purchasable","17":"product-type-simple"},"yoast_head":"<!-- This site is optimized with the Yoast SEO plugin v27.3 - https:\/\/yoast.com\/product\/yoast-seo-wordpress\/ -->\n<title>Parure de lit en satin de coton | Blue rose | AZTEX<\/title>\n<meta name=\"description\" content=\"La Parure de lit en satin de coton 200x220 Blue rose ajoute une touche de luxe et de confort \u00e0 votre chambre. Fabriqu\u00e9e en satin de coton doux et respirant\" \/>\n<meta name=\"robots\" content=\"index, follow, max-snippet:-1, max-image-preview:large, max-video-preview:-1\" \/>\n<link rel=\"canonical\" href=\"https:\/\/aztex.ee\/fr\/pood\/linge-de-lit\/parure-de-lit-en-satin-de-coton-blue-rose\/\" \/>\n<meta property=\"og:locale\" content=\"fr_FR\" \/>\n<meta property=\"og:type\" content=\"article\" \/>\n<meta property=\"og:title\" content=\"Parure de lit en satin de coton | Blue rose | AZTEX\" \/>\n<meta property=\"og:description\" content=\"La Parure de lit en satin de coton 200x220 Blue rose ajoute une touche de luxe et de confort \u00e0 votre chambre. Fabriqu\u00e9e en satin de coton doux et respirant\" \/>\n<meta property=\"og:url\" content=\"https:\/\/aztex.ee\/fr\/pood\/linge-de-lit\/parure-de-lit-en-satin-de-coton-blue-rose\/\" \/>\n<meta property=\"og:site_name\" content=\"AZTEX\" \/>\n<meta property=\"article:publisher\" content=\"https:\/\/www.facebook.com\/AztexEE\" \/>\n<meta property=\"article:modified_time\" content=\"2026-02-27T12:23:59+00:00\" \/>\n<meta property=\"og:image\" content=\"https:\/\/aztex.ee\/wp-content\/uploads\/2024\/10\/Voodipesukomplekt-puuvillasatiin-27.jpg\" \/>\n\t<meta property=\"og:image:width\" content=\"800\" \/>\n\t<meta property=\"og:image:height\" content=\"800\" \/>\n\t<meta property=\"og:image:type\" content=\"image\/jpeg\" \/>\n<meta name=\"twitter:card\" content=\"summary_large_image\" \/>\n<meta name=\"twitter:label1\" content=\"Dur\u00e9e de lecture estim\u00e9e\" \/>\n\t<meta name=\"twitter:data1\" content=\"1 minute\" \/>\n<script type=\"application\/ld+json\" class=\"yoast-schema-graph\">{\"@context\":\"https:\\\/\\\/schema.org\",\"@graph\":[{\"@type\":[\"WebPage\",\"ItemPage\"],\"@id\":\"https:\\\/\\\/aztex.ee\\\/fr\\\/pood\\\/linge-de-lit\\\/parure-de-lit-en-satin-de-coton-blue-rose\\\/\",\"url\":\"https:\\\/\\\/aztex.ee\\\/fr\\\/pood\\\/linge-de-lit\\\/parure-de-lit-en-satin-de-coton-blue-rose\\\/\",\"name\":\"Parure de lit en satin de coton | Blue rose | AZTEX\",\"isPartOf\":{\"@id\":\"https:\\\/\\\/aztex.ee\\\/fr\\\/#website\"},\"primaryImageOfPage\":{\"@id\":\"https:\\\/\\\/aztex.ee\\\/fr\\\/pood\\\/linge-de-lit\\\/parure-de-lit-en-satin-de-coton-blue-rose\\\/#primaryimage\"},\"image\":{\"@id\":\"https:\\\/\\\/aztex.ee\\\/fr\\\/pood\\\/linge-de-lit\\\/parure-de-lit-en-satin-de-coton-blue-rose\\\/#primaryimage\"},\"thumbnailUrl\":\"https:\\\/\\\/aztex.ee\\\/wp-content\\\/uploads\\\/2024\\\/10\\\/Voodipesukomplekt-puuvillasatiin-27.jpg\",\"datePublished\":\"2024-10-02T13:42:05+00:00\",\"dateModified\":\"2026-02-27T12:23:59+00:00\",\"description\":\"La Parure de lit en satin de coton 200x220 Blue rose ajoute une touche de luxe et de confort \u00e0 votre chambre. Fabriqu\u00e9e en satin de coton doux et respirant\",\"breadcrumb\":{\"@id\":\"https:\\\/\\\/aztex.ee\\\/fr\\\/pood\\\/linge-de-lit\\\/parure-de-lit-en-satin-de-coton-blue-rose\\\/#breadcrumb\"},\"inLanguage\":\"fr-FR\",\"potentialAction\":[{\"@type\":\"ReadAction\",\"target\":[\"https:\\\/\\\/aztex.ee\\\/fr\\\/pood\\\/linge-de-lit\\\/parure-de-lit-en-satin-de-coton-blue-rose\\\/\"]}]},{\"@type\":\"ImageObject\",\"inLanguage\":\"fr-FR\",\"@id\":\"https:\\\/\\\/aztex.ee\\\/fr\\\/pood\\\/linge-de-lit\\\/parure-de-lit-en-satin-de-coton-blue-rose\\\/#primaryimage\",\"url\":\"https:\\\/\\\/aztex.ee\\\/wp-content\\\/uploads\\\/2024\\\/10\\\/Voodipesukomplekt-puuvillasatiin-27.jpg\",\"contentUrl\":\"https:\\\/\\\/aztex.ee\\\/wp-content\\\/uploads\\\/2024\\\/10\\\/Voodipesukomplekt-puuvillasatiin-27.jpg\",\"width\":800,\"height\":800},{\"@type\":\"BreadcrumbList\",\"@id\":\"https:\\\/\\\/aztex.ee\\\/fr\\\/pood\\\/linge-de-lit\\\/parure-de-lit-en-satin-de-coton-blue-rose\\\/#breadcrumb\",\"itemListElement\":[{\"@type\":\"ListItem\",\"position\":1,\"name\":\"Accueil\",\"item\":\"https:\\\/\\\/aztex.ee\\\/fr\\\/\"},{\"@type\":\"ListItem\",\"position\":2,\"name\":\"Boutique\",\"item\":\"https:\\\/\\\/aztex.ee\\\/fr\\\/boutique\\\/\"},{\"@type\":\"ListItem\",\"position\":3,\"name\":\"Parure de lit en satin de coton | Blue rose\"}]},{\"@type\":\"WebSite\",\"@id\":\"https:\\\/\\\/aztex.ee\\\/fr\\\/#website\",\"url\":\"https:\\\/\\\/aztex.ee\\\/fr\\\/\",\"name\":\"AZTEX\",\"description\":\"\",\"publisher\":{\"@id\":\"https:\\\/\\\/aztex.ee\\\/fr\\\/#organization\"},\"potentialAction\":[{\"@type\":\"SearchAction\",\"target\":{\"@type\":\"EntryPoint\",\"urlTemplate\":\"https:\\\/\\\/aztex.ee\\\/fr\\\/?s={search_term_string}\"},\"query-input\":{\"@type\":\"PropertyValueSpecification\",\"valueRequired\":true,\"valueName\":\"search_term_string\"}}],\"inLanguage\":\"fr-FR\"},{\"@type\":\"Organization\",\"@id\":\"https:\\\/\\\/aztex.ee\\\/fr\\\/#organization\",\"name\":\"AZTEX\",\"url\":\"https:\\\/\\\/aztex.ee\\\/fr\\\/\",\"logo\":{\"@type\":\"ImageObject\",\"inLanguage\":\"fr-FR\",\"@id\":\"https:\\\/\\\/aztex.ee\\\/fr\\\/#\\\/schema\\\/logo\\\/image\\\/\",\"url\":\"https:\\\/\\\/aztex.ee\\\/wp-content\\\/uploads\\\/2026\\\/01\\\/AZTEX.png\",\"contentUrl\":\"https:\\\/\\\/aztex.ee\\\/wp-content\\\/uploads\\\/2026\\\/01\\\/AZTEX.png\",\"width\":500,\"height\":500,\"caption\":\"AZTEX\"},\"image\":{\"@id\":\"https:\\\/\\\/aztex.ee\\\/fr\\\/#\\\/schema\\\/logo\\\/image\\\/\"},\"sameAs\":[\"https:\\\/\\\/www.facebook.com\\\/AztexEE\",\"https:\\\/\\\/www.instagram.com\\\/aztexeesti\\\/\",\"https:\\\/\\\/www.youtube.com\\\/@AZTEXEE\",\"https:\\\/\\\/www.pinterest.com\\\/aztex_eesti\\\/\",\"https:\\\/\\\/www.tiktok.com\\\/@aztexeesti\",\"https:\\\/\\\/www.trustpilot.com\\\/review\\\/aztex.ee\",\"https:\\\/\\\/www.linkedin.com\\\/company\\\/aztex-ee\\\/\",\"https:\\\/\\\/www.wikidata.org\\\/wiki\\\/Q137560182\"]}]}<\/script>\n<!-- \/ Yoast SEO plugin. -->","yoast_head_json":{"title":"Parure de lit en satin de coton | Blue rose | AZTEX","description":"La Parure de lit en satin de coton 200x220 Blue rose ajoute une touche de luxe et de confort \u00e0 votre chambre. Fabriqu\u00e9e en satin de coton doux et respirant","robots":{"index":"index","follow":"follow","max-snippet":"max-snippet:-1","max-image-preview":"max-image-preview:large","max-video-preview":"max-video-preview:-1"},"canonical":"https:\/\/aztex.ee\/fr\/pood\/linge-de-lit\/parure-de-lit-en-satin-de-coton-blue-rose\/","og_locale":"fr_FR","og_type":"article","og_title":"Parure de lit en satin de coton | Blue rose | AZTEX","og_description":"La Parure de lit en satin de coton 200x220 Blue rose ajoute une touche de luxe et de confort \u00e0 votre chambre. Fabriqu\u00e9e en satin de coton doux et respirant","og_url":"https:\/\/aztex.ee\/fr\/pood\/linge-de-lit\/parure-de-lit-en-satin-de-coton-blue-rose\/","og_site_name":"AZTEX","article_publisher":"https:\/\/www.facebook.com\/AztexEE","article_modified_time":"2026-02-27T12:23:59+00:00","og_image":[{"width":800,"height":800,"url":"https:\/\/aztex.ee\/wp-content\/uploads\/2024\/10\/Voodipesukomplekt-puuvillasatiin-27.jpg","type":"image\/jpeg"}],"twitter_card":"summary_large_image","twitter_misc":{"Dur\u00e9e de lecture estim\u00e9e":"1 minute"},"schema":{"@context":"https:\/\/schema.org","@graph":[{"@type":["WebPage","ItemPage"],"@id":"https:\/\/aztex.ee\/fr\/pood\/linge-de-lit\/parure-de-lit-en-satin-de-coton-blue-rose\/","url":"https:\/\/aztex.ee\/fr\/pood\/linge-de-lit\/parure-de-lit-en-satin-de-coton-blue-rose\/","name":"Parure de lit en satin de coton | Blue rose | AZTEX","isPartOf":{"@id":"https:\/\/aztex.ee\/fr\/#website"},"primaryImageOfPage":{"@id":"https:\/\/aztex.ee\/fr\/pood\/linge-de-lit\/parure-de-lit-en-satin-de-coton-blue-rose\/#primaryimage"},"image":{"@id":"https:\/\/aztex.ee\/fr\/pood\/linge-de-lit\/parure-de-lit-en-satin-de-coton-blue-rose\/#primaryimage"},"thumbnailUrl":"https:\/\/aztex.ee\/wp-content\/uploads\/2024\/10\/Voodipesukomplekt-puuvillasatiin-27.jpg","datePublished":"2024-10-02T13:42:05+00:00","dateModified":"2026-02-27T12:23:59+00:00","description":"La Parure de lit en satin de coton 200x220 Blue rose ajoute une touche de luxe et de confort \u00e0 votre chambre. Fabriqu\u00e9e en satin de coton doux et respirant","breadcrumb":{"@id":"https:\/\/aztex.ee\/fr\/pood\/linge-de-lit\/parure-de-lit-en-satin-de-coton-blue-rose\/#breadcrumb"},"inLanguage":"fr-FR","potentialAction":[{"@type":"ReadAction","target":["https:\/\/aztex.ee\/fr\/pood\/linge-de-lit\/parure-de-lit-en-satin-de-coton-blue-rose\/"]}]},{"@type":"ImageObject","inLanguage":"fr-FR","@id":"https:\/\/aztex.ee\/fr\/pood\/linge-de-lit\/parure-de-lit-en-satin-de-coton-blue-rose\/#primaryimage","url":"https:\/\/aztex.ee\/wp-content\/uploads\/2024\/10\/Voodipesukomplekt-puuvillasatiin-27.jpg","contentUrl":"https:\/\/aztex.ee\/wp-content\/uploads\/2024\/10\/Voodipesukomplekt-puuvillasatiin-27.jpg","width":800,"height":800},{"@type":"BreadcrumbList","@id":"https:\/\/aztex.ee\/fr\/pood\/linge-de-lit\/parure-de-lit-en-satin-de-coton-blue-rose\/#breadcrumb","itemListElement":[{"@type":"ListItem","position":1,"name":"Accueil","item":"https:\/\/aztex.ee\/fr\/"},{"@type":"ListItem","position":2,"name":"Boutique","item":"https:\/\/aztex.ee\/fr\/boutique\/"},{"@type":"ListItem","position":3,"name":"Parure de lit en satin de coton | Blue rose"}]},{"@type":"WebSite","@id":"https:\/\/aztex.ee\/fr\/#website","url":"https:\/\/aztex.ee\/fr\/","name":"AZTEX","description":"","publisher":{"@id":"https:\/\/aztex.ee\/fr\/#organization"},"potentialAction":[{"@type":"SearchAction","target":{"@type":"EntryPoint","urlTemplate":"https:\/\/aztex.ee\/fr\/?s={search_term_string}"},"query-input":{"@type":"PropertyValueSpecification","valueRequired":true,"valueName":"search_term_string"}}],"inLanguage":"fr-FR"},{"@type":"Organization","@id":"https:\/\/aztex.ee\/fr\/#organization","name":"AZTEX","url":"https:\/\/aztex.ee\/fr\/","logo":{"@type":"ImageObject","inLanguage":"fr-FR","@id":"https:\/\/aztex.ee\/fr\/#\/schema\/logo\/image\/","url":"https:\/\/aztex.ee\/wp-content\/uploads\/2026\/01\/AZTEX.png","contentUrl":"https:\/\/aztex.ee\/wp-content\/uploads\/2026\/01\/AZTEX.png","width":500,"height":500,"caption":"AZTEX"},"image":{"@id":"https:\/\/aztex.ee\/fr\/#\/schema\/logo\/image\/"},"sameAs":["https:\/\/www.facebook.com\/AztexEE","https:\/\/www.instagram.com\/aztexeesti\/","https:\/\/www.youtube.com\/@AZTEXEE","https:\/\/www.pinterest.com\/aztex_eesti\/","https:\/\/www.tiktok.com\/@aztexeesti","https:\/\/www.trustpilot.com\/review\/aztex.ee","https:\/\/www.linkedin.com\/company\/aztex-ee\/","https:\/\/www.wikidata.org\/wiki\/Q137560182"]}]}},"_links":{"self":[{"href":"https:\/\/aztex.ee\/fr\/wp-json\/wp\/v2\/product\/26174","targetHints":{"allow":["GET"]}}],"collection":[{"href":"https:\/\/aztex.ee\/fr\/wp-json\/wp\/v2\/product"}],"about":[{"href":"https:\/\/aztex.ee\/fr\/wp-json\/wp\/v2\/types\/product"}],"replies":[{"embeddable":true,"href":"https:\/\/aztex.ee\/fr\/wp-json\/wp\/v2\/comments?post=26174"}],"version-history":[{"count":0,"href":"https:\/\/aztex.ee\/fr\/wp-json\/wp\/v2\/product\/26174\/revisions"}],"wp:featuredmedia":[{"embeddable":true,"href":"https:\/\/aztex.ee\/fr\/wp-json\/wp\/v2\/media\/26235"}],"wp:attachment":[{"href":"https:\/\/aztex.ee\/fr\/wp-json\/wp\/v2\/media?parent=26174"}],"wp:term":[{"taxonomy":"product_brand","embeddable":true,"href":"https:\/\/aztex.ee\/fr\/wp-json\/wp\/v2\/product_brand?post=26174"},{"taxonomy":"product_cat","embeddable":true,"href":"https:\/\/aztex.ee\/fr\/wp-json\/wp\/v2\/product_cat?post=26174"},{"taxonomy":"product_tag","embeddable":true,"href":"https:\/\/aztex.ee\/fr\/wp-json\/wp\/v2\/product_tag?post=26174"}],"curies":[{"name":"wp","href":"https:\/\/api.w.org\/{rel}","templated":true}]}}