{"id":20282,"date":"2024-09-09T06:24:59","date_gmt":"2024-09-09T06:24:59","guid":{"rendered":"https:\/\/aztex.ee\/pood\/non%20class\u00e9\/premium-voodipesukomplekt-100-bambus-heleroosa\/"},"modified":"2025-07-04T21:30:50","modified_gmt":"2025-07-04T21:30:50","slug":"ensemble-de-linge-de-lit-premium-100-bambou-rose-clair","status":"publish","type":"product","link":"https:\/\/aztex.ee\/fr\/pood\/linge-de-lit\/ensemble-de-linge-de-lit-premium-100-bambou-rose-clair\/","title":{"rendered":"Ensemble de linge de lit premium 100% bambou | Rose clair"},"content":{"rendered":"<p>Les parures de lit en bambou sont des produits textiles de haute qualit\u00e9, doux et respirants, fabriqu\u00e9s \u00e0 partir de fibres de bambou naturelles. Ces ensembles sont sp\u00e9cialement con\u00e7us pour garantir un sommeil confortable. La fibre de bambou est naturellement respirante et a la capacit\u00e9 d&rsquo;\u00e9vacuer l&rsquo;humidit\u00e9, ce qui emp\u00eache la transpiration et vous garde propre et frais plus longtemps.<\/p>\n<p>Les ensembles de literie en bambou utilisent g\u00e9n\u00e9ralement des mat\u00e9riaux \u00e9cologiques et durables. Le bambou est connu pour sa croissance rapide et sa faible consommation d\u2019eau, ce qui r\u00e9duit l\u2019impact environnemental du processus de production. De plus, la fibre de bambou cr\u00e9e une sensation luxueuse gr\u00e2ce \u00e0 sa texture douce et est douce pour la peau sans lui nuire.<\/p>\n<p>Les parures de lit en bambou ont des propri\u00e9t\u00e9s antibact\u00e9riennes et antiallergiques naturelles qui maintiennent l&rsquo;hygi\u00e8ne et offrent un confort pendant le sommeil. Ils sont connus pour leur effet rafra\u00eechissant et rafra\u00eechissant par temps chaud.<\/p>\n<p>De ce fait, les parures de lit en bambou sont des produits \u00e9cologiques et confortables qui offrent un sommeil de qualit\u00e9 \u00e0 leurs utilisateurs.<\/p>\n","protected":false},"excerpt":{"rendered":"<p>Le linge de lit compos\u00e9 \u00e0 100 % de bambou cultiv\u00e9 de mani\u00e8re durable est hypoallerg\u00e9nique et antibact\u00e9rien.<\/p>\n<ul>\n<li>Couleur : Rose clair<\/li>\n<li>Mat\u00e9riau : 100% bambou<\/li>\n<li>Nombre de fils : 300 TC<\/li>\n<li>Housse de couette : 200\u00d7220 cm<\/li>\n<li>Drap de lit : 220\u00d7240 cm<\/li>\n<li>Taie d&rsquo;oreiller : 50&#215;70 cm (2 pi\u00e8ces)<\/li>\n<\/ul>\n<p>Hypoallerg\u00e9nique et \u00e9vacuant l&rsquo;humidit\u00e9.<br \/>\nUn choix id\u00e9al pour les peaux sensibles ou l&rsquo;ecz\u00e9ma, notamment pour les personnes ayant tendance \u00e0 transpirer la nuit. Les parures de lit en bambou sont emball\u00e9es dans un sac fabriqu\u00e9 dans le m\u00eame tissu.<\/p>\n<p><img loading=\"lazy\" decoding=\"async\" class=\"alignnone wp-image-20226\" src=\"https:\/\/aztex.ee\/wp-content\/uploads\/2024\/09\/oekotex100.png\" alt=\"\" width=\"196\" height=\"69\" srcset=\"https:\/\/aztex.ee\/wp-content\/uploads\/2024\/09\/oekotex100.png 204w, https:\/\/aztex.ee\/wp-content\/uploads\/2024\/09\/oekotex100-150x53.png 150w\" sizes=\"auto, (max-width: 196px) 100vw, 196px\" \/><img loading=\"lazy\" decoding=\"async\" class=\"alignnone wp-image-20260\" src=\"https:\/\/aztex.ee\/wp-content\/uploads\/2024\/09\/bambuuss.png\" alt=\"\" width=\"75\" height=\"75\" srcset=\"https:\/\/aztex.ee\/wp-content\/uploads\/2024\/09\/bambuuss.png 204w, https:\/\/aztex.ee\/wp-content\/uploads\/2024\/09\/bambuuss-150x150.png 150w\" sizes=\"auto, (max-width: 75px) 100vw, 75px\" \/><\/p>\n","protected":false},"featured_media":106993,"comment_status":"open","ping_status":"closed","template":"","meta":[],"product_brand":[],"product_cat":[498,399,107,140],"product_tag":[],"class_list":{"0":"post-20282","1":"product","2":"type-product","3":"status-publish","4":"has-post-thumbnail","6":"product_cat-ensembles-de-literie","7":"product_cat-ensembles-de-literie-en-bambou","8":"product_cat-linge-de-lit","9":"product_cat-literie-en-bambou","11":"first","12":"instock","13":"sale","14":"shipping-taxable","15":"purchasable","16":"product-type-simple"},"yoast_head":"<!-- This site is optimized with the Yoast SEO plugin v27.4 - https:\/\/yoast.com\/product\/yoast-seo-wordpress\/ -->\n<title>Ensemble de linge de lit premium 100% bambou | Rose clair<\/title>\n<meta name=\"description\" content=\"Les parure de lit en bambou sont des produits textiles de haute qualit\u00e9, doux et respirants, fabriqu\u00e9s \u00e0 partir de fibres de bambou naturelles. ....\" \/>\n<meta name=\"robots\" content=\"index, follow, max-snippet:-1, max-image-preview:large, max-video-preview:-1\" \/>\n<link rel=\"canonical\" href=\"https:\/\/aztex.ee\/fr\/pood\/linge-de-lit\/ensemble-de-linge-de-lit-premium-100-bambou-rose-clair\/\" \/>\n<meta property=\"og:locale\" content=\"fr_FR\" \/>\n<meta property=\"og:type\" content=\"article\" \/>\n<meta property=\"og:title\" content=\"Ensemble de linge de lit premium 100% bambou | Rose clair\" \/>\n<meta property=\"og:description\" content=\"Les parure de lit en bambou sont des produits textiles de haute qualit\u00e9, doux et respirants, fabriqu\u00e9s \u00e0 partir de fibres de bambou naturelles. ....\" \/>\n<meta property=\"og:url\" content=\"https:\/\/aztex.ee\/fr\/pood\/linge-de-lit\/ensemble-de-linge-de-lit-premium-100-bambou-rose-clair\/\" \/>\n<meta property=\"og:site_name\" content=\"AZTEX\" \/>\n<meta property=\"article:publisher\" content=\"https:\/\/www.facebook.com\/AztexEE\" \/>\n<meta property=\"article:modified_time\" content=\"2025-07-04T21:30:50+00:00\" \/>\n<meta property=\"og:image\" content=\"https:\/\/aztex.ee\/wp-content\/uploads\/2024\/09\/voodipesukomplekt-100-bambus-1.jpg\" \/>\n\t<meta property=\"og:image:width\" content=\"800\" \/>\n\t<meta property=\"og:image:height\" content=\"800\" \/>\n\t<meta property=\"og:image:type\" content=\"image\/jpeg\" \/>\n<meta name=\"twitter:card\" content=\"summary_large_image\" \/>\n<meta name=\"twitter:label1\" content=\"Dur\u00e9e de lecture estim\u00e9e\" \/>\n\t<meta name=\"twitter:data1\" content=\"2 minutes\" \/>\n<script type=\"application\/ld+json\" class=\"yoast-schema-graph\">{\"@context\":\"https:\\\/\\\/schema.org\",\"@graph\":[{\"@type\":[\"WebPage\",\"ItemPage\"],\"@id\":\"https:\\\/\\\/aztex.ee\\\/fr\\\/pood\\\/linge-de-lit\\\/ensemble-de-linge-de-lit-premium-100-bambou-rose-clair\\\/\",\"url\":\"https:\\\/\\\/aztex.ee\\\/fr\\\/pood\\\/linge-de-lit\\\/ensemble-de-linge-de-lit-premium-100-bambou-rose-clair\\\/\",\"name\":\"Ensemble de linge de lit premium 100% bambou | Rose clair\",\"isPartOf\":{\"@id\":\"https:\\\/\\\/aztex.ee\\\/fr\\\/#website\"},\"primaryImageOfPage\":{\"@id\":\"https:\\\/\\\/aztex.ee\\\/fr\\\/pood\\\/linge-de-lit\\\/ensemble-de-linge-de-lit-premium-100-bambou-rose-clair\\\/#primaryimage\"},\"image\":{\"@id\":\"https:\\\/\\\/aztex.ee\\\/fr\\\/pood\\\/linge-de-lit\\\/ensemble-de-linge-de-lit-premium-100-bambou-rose-clair\\\/#primaryimage\"},\"thumbnailUrl\":\"https:\\\/\\\/aztex.ee\\\/wp-content\\\/uploads\\\/2024\\\/09\\\/voodipesukomplekt-bambus-Heleroosa.jpg\",\"datePublished\":\"2024-09-09T06:24:59+00:00\",\"dateModified\":\"2025-07-04T21:30:50+00:00\",\"description\":\"Les parure de lit en bambou sont des produits textiles de haute qualit\u00e9, doux et respirants, fabriqu\u00e9s \u00e0 partir de fibres de bambou naturelles. ....\",\"breadcrumb\":{\"@id\":\"https:\\\/\\\/aztex.ee\\\/fr\\\/pood\\\/linge-de-lit\\\/ensemble-de-linge-de-lit-premium-100-bambou-rose-clair\\\/#breadcrumb\"},\"inLanguage\":\"fr-FR\",\"potentialAction\":[{\"@type\":\"ReadAction\",\"target\":[\"https:\\\/\\\/aztex.ee\\\/fr\\\/pood\\\/linge-de-lit\\\/ensemble-de-linge-de-lit-premium-100-bambou-rose-clair\\\/\"]}]},{\"@type\":\"ImageObject\",\"inLanguage\":\"fr-FR\",\"@id\":\"https:\\\/\\\/aztex.ee\\\/fr\\\/pood\\\/linge-de-lit\\\/ensemble-de-linge-de-lit-premium-100-bambou-rose-clair\\\/#primaryimage\",\"url\":\"https:\\\/\\\/aztex.ee\\\/wp-content\\\/uploads\\\/2024\\\/09\\\/voodipesukomplekt-bambus-Heleroosa.jpg\",\"contentUrl\":\"https:\\\/\\\/aztex.ee\\\/wp-content\\\/uploads\\\/2024\\\/09\\\/voodipesukomplekt-bambus-Heleroosa.jpg\",\"width\":800,\"height\":800,\"caption\":\"voodipesukomplekt bambus Heleroosa\"},{\"@type\":\"BreadcrumbList\",\"@id\":\"https:\\\/\\\/aztex.ee\\\/fr\\\/pood\\\/linge-de-lit\\\/ensemble-de-linge-de-lit-premium-100-bambou-rose-clair\\\/#breadcrumb\",\"itemListElement\":[{\"@type\":\"ListItem\",\"position\":1,\"name\":\"Accueil\",\"item\":\"https:\\\/\\\/aztex.ee\\\/fr\\\/\"},{\"@type\":\"ListItem\",\"position\":2,\"name\":\"Boutique\",\"item\":\"https:\\\/\\\/aztex.ee\\\/fr\\\/boutique\\\/\"},{\"@type\":\"ListItem\",\"position\":3,\"name\":\"Ensemble de linge de lit premium 100% bambou | Rose clair\"}]},{\"@type\":\"WebSite\",\"@id\":\"https:\\\/\\\/aztex.ee\\\/fr\\\/#website\",\"url\":\"https:\\\/\\\/aztex.ee\\\/fr\\\/\",\"name\":\"AZTEX\",\"description\":\"\",\"publisher\":{\"@id\":\"https:\\\/\\\/aztex.ee\\\/fr\\\/#organization\"},\"potentialAction\":[{\"@type\":\"SearchAction\",\"target\":{\"@type\":\"EntryPoint\",\"urlTemplate\":\"https:\\\/\\\/aztex.ee\\\/fr\\\/?s={search_term_string}\"},\"query-input\":{\"@type\":\"PropertyValueSpecification\",\"valueRequired\":true,\"valueName\":\"search_term_string\"}}],\"inLanguage\":\"fr-FR\"},{\"@type\":\"Organization\",\"@id\":\"https:\\\/\\\/aztex.ee\\\/fr\\\/#organization\",\"name\":\"AZTEX\",\"url\":\"https:\\\/\\\/aztex.ee\\\/fr\\\/\",\"logo\":{\"@type\":\"ImageObject\",\"inLanguage\":\"fr-FR\",\"@id\":\"https:\\\/\\\/aztex.ee\\\/fr\\\/#\\\/schema\\\/logo\\\/image\\\/\",\"url\":\"https:\\\/\\\/aztex.ee\\\/wp-content\\\/uploads\\\/2026\\\/01\\\/AZTEX.png\",\"contentUrl\":\"https:\\\/\\\/aztex.ee\\\/wp-content\\\/uploads\\\/2026\\\/01\\\/AZTEX.png\",\"width\":500,\"height\":500,\"caption\":\"AZTEX\"},\"image\":{\"@id\":\"https:\\\/\\\/aztex.ee\\\/fr\\\/#\\\/schema\\\/logo\\\/image\\\/\"},\"sameAs\":[\"https:\\\/\\\/www.facebook.com\\\/AztexEE\",\"https:\\\/\\\/www.instagram.com\\\/aztexeesti\\\/\",\"https:\\\/\\\/www.youtube.com\\\/@AZTEXEE\",\"https:\\\/\\\/www.pinterest.com\\\/aztex_eesti\\\/\",\"https:\\\/\\\/www.tiktok.com\\\/@aztexeesti\",\"https:\\\/\\\/www.trustpilot.com\\\/review\\\/aztex.ee\",\"https:\\\/\\\/www.linkedin.com\\\/company\\\/aztex-ee\\\/\",\"https:\\\/\\\/www.wikidata.org\\\/wiki\\\/Q137560182\"]}]}<\/script>\n<!-- \/ Yoast SEO plugin. -->","yoast_head_json":{"title":"Ensemble de linge de lit premium 100% bambou | Rose clair","description":"Les parure de lit en bambou sont des produits textiles de haute qualit\u00e9, doux et respirants, fabriqu\u00e9s \u00e0 partir de fibres de bambou naturelles. ....","robots":{"index":"index","follow":"follow","max-snippet":"max-snippet:-1","max-image-preview":"max-image-preview:large","max-video-preview":"max-video-preview:-1"},"canonical":"https:\/\/aztex.ee\/fr\/pood\/linge-de-lit\/ensemble-de-linge-de-lit-premium-100-bambou-rose-clair\/","og_locale":"fr_FR","og_type":"article","og_title":"Ensemble de linge de lit premium 100% bambou | Rose clair","og_description":"Les parure de lit en bambou sont des produits textiles de haute qualit\u00e9, doux et respirants, fabriqu\u00e9s \u00e0 partir de fibres de bambou naturelles. ....","og_url":"https:\/\/aztex.ee\/fr\/pood\/linge-de-lit\/ensemble-de-linge-de-lit-premium-100-bambou-rose-clair\/","og_site_name":"AZTEX","article_publisher":"https:\/\/www.facebook.com\/AztexEE","article_modified_time":"2025-07-04T21:30:50+00:00","og_image":[{"width":800,"height":800,"url":"https:\/\/aztex.ee\/wp-content\/uploads\/2024\/09\/voodipesukomplekt-100-bambus-1.jpg","type":"image\/jpeg"}],"twitter_card":"summary_large_image","twitter_misc":{"Dur\u00e9e de lecture estim\u00e9e":"2 minutes"},"schema":{"@context":"https:\/\/schema.org","@graph":[{"@type":["WebPage","ItemPage"],"@id":"https:\/\/aztex.ee\/fr\/pood\/linge-de-lit\/ensemble-de-linge-de-lit-premium-100-bambou-rose-clair\/","url":"https:\/\/aztex.ee\/fr\/pood\/linge-de-lit\/ensemble-de-linge-de-lit-premium-100-bambou-rose-clair\/","name":"Ensemble de linge de lit premium 100% bambou | Rose clair","isPartOf":{"@id":"https:\/\/aztex.ee\/fr\/#website"},"primaryImageOfPage":{"@id":"https:\/\/aztex.ee\/fr\/pood\/linge-de-lit\/ensemble-de-linge-de-lit-premium-100-bambou-rose-clair\/#primaryimage"},"image":{"@id":"https:\/\/aztex.ee\/fr\/pood\/linge-de-lit\/ensemble-de-linge-de-lit-premium-100-bambou-rose-clair\/#primaryimage"},"thumbnailUrl":"https:\/\/aztex.ee\/wp-content\/uploads\/2024\/09\/voodipesukomplekt-bambus-Heleroosa.jpg","datePublished":"2024-09-09T06:24:59+00:00","dateModified":"2025-07-04T21:30:50+00:00","description":"Les parure de lit en bambou sont des produits textiles de haute qualit\u00e9, doux et respirants, fabriqu\u00e9s \u00e0 partir de fibres de bambou naturelles. ....","breadcrumb":{"@id":"https:\/\/aztex.ee\/fr\/pood\/linge-de-lit\/ensemble-de-linge-de-lit-premium-100-bambou-rose-clair\/#breadcrumb"},"inLanguage":"fr-FR","potentialAction":[{"@type":"ReadAction","target":["https:\/\/aztex.ee\/fr\/pood\/linge-de-lit\/ensemble-de-linge-de-lit-premium-100-bambou-rose-clair\/"]}]},{"@type":"ImageObject","inLanguage":"fr-FR","@id":"https:\/\/aztex.ee\/fr\/pood\/linge-de-lit\/ensemble-de-linge-de-lit-premium-100-bambou-rose-clair\/#primaryimage","url":"https:\/\/aztex.ee\/wp-content\/uploads\/2024\/09\/voodipesukomplekt-bambus-Heleroosa.jpg","contentUrl":"https:\/\/aztex.ee\/wp-content\/uploads\/2024\/09\/voodipesukomplekt-bambus-Heleroosa.jpg","width":800,"height":800,"caption":"voodipesukomplekt bambus Heleroosa"},{"@type":"BreadcrumbList","@id":"https:\/\/aztex.ee\/fr\/pood\/linge-de-lit\/ensemble-de-linge-de-lit-premium-100-bambou-rose-clair\/#breadcrumb","itemListElement":[{"@type":"ListItem","position":1,"name":"Accueil","item":"https:\/\/aztex.ee\/fr\/"},{"@type":"ListItem","position":2,"name":"Boutique","item":"https:\/\/aztex.ee\/fr\/boutique\/"},{"@type":"ListItem","position":3,"name":"Ensemble de linge de lit premium 100% bambou | Rose clair"}]},{"@type":"WebSite","@id":"https:\/\/aztex.ee\/fr\/#website","url":"https:\/\/aztex.ee\/fr\/","name":"AZTEX","description":"","publisher":{"@id":"https:\/\/aztex.ee\/fr\/#organization"},"potentialAction":[{"@type":"SearchAction","target":{"@type":"EntryPoint","urlTemplate":"https:\/\/aztex.ee\/fr\/?s={search_term_string}"},"query-input":{"@type":"PropertyValueSpecification","valueRequired":true,"valueName":"search_term_string"}}],"inLanguage":"fr-FR"},{"@type":"Organization","@id":"https:\/\/aztex.ee\/fr\/#organization","name":"AZTEX","url":"https:\/\/aztex.ee\/fr\/","logo":{"@type":"ImageObject","inLanguage":"fr-FR","@id":"https:\/\/aztex.ee\/fr\/#\/schema\/logo\/image\/","url":"https:\/\/aztex.ee\/wp-content\/uploads\/2026\/01\/AZTEX.png","contentUrl":"https:\/\/aztex.ee\/wp-content\/uploads\/2026\/01\/AZTEX.png","width":500,"height":500,"caption":"AZTEX"},"image":{"@id":"https:\/\/aztex.ee\/fr\/#\/schema\/logo\/image\/"},"sameAs":["https:\/\/www.facebook.com\/AztexEE","https:\/\/www.instagram.com\/aztexeesti\/","https:\/\/www.youtube.com\/@AZTEXEE","https:\/\/www.pinterest.com\/aztex_eesti\/","https:\/\/www.tiktok.com\/@aztexeesti","https:\/\/www.trustpilot.com\/review\/aztex.ee","https:\/\/www.linkedin.com\/company\/aztex-ee\/","https:\/\/www.wikidata.org\/wiki\/Q137560182"]}]}},"_links":{"self":[{"href":"https:\/\/aztex.ee\/fr\/wp-json\/wp\/v2\/product\/20282","targetHints":{"allow":["GET"]}}],"collection":[{"href":"https:\/\/aztex.ee\/fr\/wp-json\/wp\/v2\/product"}],"about":[{"href":"https:\/\/aztex.ee\/fr\/wp-json\/wp\/v2\/types\/product"}],"replies":[{"embeddable":true,"href":"https:\/\/aztex.ee\/fr\/wp-json\/wp\/v2\/comments?post=20282"}],"version-history":[{"count":0,"href":"https:\/\/aztex.ee\/fr\/wp-json\/wp\/v2\/product\/20282\/revisions"}],"wp:featuredmedia":[{"embeddable":true,"href":"https:\/\/aztex.ee\/fr\/wp-json\/wp\/v2\/media\/106993"}],"wp:attachment":[{"href":"https:\/\/aztex.ee\/fr\/wp-json\/wp\/v2\/media?parent=20282"}],"wp:term":[{"taxonomy":"product_brand","embeddable":true,"href":"https:\/\/aztex.ee\/fr\/wp-json\/wp\/v2\/product_brand?post=20282"},{"taxonomy":"product_cat","embeddable":true,"href":"https:\/\/aztex.ee\/fr\/wp-json\/wp\/v2\/product_cat?post=20282"},{"taxonomy":"product_tag","embeddable":true,"href":"https:\/\/aztex.ee\/fr\/wp-json\/wp\/v2\/product_tag?post=20282"}],"curies":[{"name":"wp","href":"https:\/\/api.w.org\/{rel}","templated":true}]}}