{"id":108099,"date":"2026-03-23T07:34:05","date_gmt":"2026-03-23T07:34:05","guid":{"rendered":"https:\/\/aztex.ee\/?post_type=product&#038;p=108099"},"modified":"2026-03-23T08:04:43","modified_gmt":"2026-03-23T08:04:43","slug":"drap-plat-en-bambou-vert-clair","status":"publish","type":"product","link":"https:\/\/aztex.ee\/fr\/pood\/draps-de-lit-en-bambou\/drap-plat-en-bambou-vert-clair\/","title":{"rendered":"Drap Plat en Bambou \u2013 Vert clair"},"content":{"rendered":"<p>Le bambou est naturellement doux, respirant et durable, ce qui en fait un choix id\u00e9al pour le linge de maison. Les fibres de bambou sont soyeuses et douces au toucher, offrant un confort luxueux au quotidien. De plus, ce mat\u00e9riau offre une excellente absorption de l&rsquo;humidit\u00e9, aidant \u00e0 garder la peau s\u00e8che et \u00e0 procurer une sensation de fra\u00eecheur tout au long de la nuit.<\/p>\n<p>L&rsquo;une des propri\u00e9t\u00e9s particuli\u00e8res du bambou est son pouvoir antibact\u00e9rien et hypoallerg\u00e9nique naturel. Cela contribue \u00e0 r\u00e9duire la propagation des mauvaises odeurs et des bact\u00e9ries, rendant les produits en bambou particuli\u00e8rement adapt\u00e9s aux peaux sensibles. De plus, les fibres de bambou r\u00e9gulent la temp\u00e9rature, apportant fra\u00eecheur en \u00e9t\u00e9 et chaleur en hiver.<\/p>\n<p>Le bambou est \u00e9galement un mat\u00e9riau durable qui pousse rapidement et n\u00e9cessite beaucoup moins d&rsquo;eau que de nombreuses autres fibres. Cela fait des textiles en bambou un choix \u00e9cologique alliant un mode de vie proche de la nature \u00e0 un confort haut de gamme.<\/p>\n","protected":false},"excerpt":{"rendered":"<p>Les draps en bambou assurent un sommeil frais, \u00e9tant antibact\u00e9riens et soyeux.<\/p>\n<ul>\n<li>Couleur : Vert clair<\/li>\n<li>Mat\u00e9riau : 100% bambou<\/li>\n<li>Nombre de fils : 300 TC<\/li>\n<li>Taille : 220&#215;240 cm \u00b13<\/li>\n<\/ul>\n<p><img loading=\"lazy\" decoding=\"async\" class=\"alignnone wp-image-20226\" src=\"https:\/\/aztex.ee\/wp-content\/uploads\/2024\/09\/oekotex100.png\" alt=\"\" width=\"196\" height=\"69\" srcset=\"https:\/\/aztex.ee\/wp-content\/uploads\/2024\/09\/oekotex100.png 204w, https:\/\/aztex.ee\/wp-content\/uploads\/2024\/09\/oekotex100-150x53.png 150w\" sizes=\"auto, (max-width: 196px) 100vw, 196px\" \/><img loading=\"lazy\" decoding=\"async\" class=\"alignnone wp-image-20260\" src=\"https:\/\/aztex.ee\/wp-content\/uploads\/2024\/09\/bambuuss.png\" alt=\"\" width=\"75\" height=\"75\" srcset=\"https:\/\/aztex.ee\/wp-content\/uploads\/2024\/09\/bambuuss.png 204w, https:\/\/aztex.ee\/wp-content\/uploads\/2024\/09\/bambuuss-150x150.png 150w\" sizes=\"auto, (max-width: 75px) 100vw, 75px\" \/><\/p>\n","protected":false},"featured_media":108120,"comment_status":"open","ping_status":"closed","template":"","meta":[],"product_brand":[],"product_cat":[538,1795],"product_tag":[],"class_list":{"0":"post-108099","1":"product","2":"type-product","3":"status-publish","4":"has-post-thumbnail","6":"product_cat-draps-de-lit-en-bambou","7":"product_cat-draps-housse-et-draps","9":"first","10":"instock","11":"shipping-taxable","12":"purchasable","13":"product-type-simple"},"yoast_head":"<!-- This site is optimized with the Yoast SEO plugin v27.6 - https:\/\/yoast.com\/product\/yoast-seo-wordpress\/ -->\n<title>Drap en bambou de qualit\u00e9 \u2013 Vert clair | AZTEX<\/title>\n<meta name=\"description\" content=\"Les draps en bambou de haute qualit\u00e9 sont un choix doux et durable. Leur bonne capacit\u00e9 d\u2019absorption et leur tissu l\u00e9ger assurent des conditions de sommeil agr\u00e9ables toute l\u2019ann\u00e9e.\" \/>\n<meta name=\"robots\" content=\"index, follow, max-snippet:-1, max-image-preview:large, max-video-preview:-1\" \/>\n<link rel=\"canonical\" href=\"https:\/\/aztex.ee\/fr\/pood\/draps-de-lit-en-bambou\/drap-plat-en-bambou-vert-clair\/\" \/>\n<meta property=\"og:locale\" content=\"fr_FR\" \/>\n<meta property=\"og:type\" content=\"article\" \/>\n<meta property=\"og:title\" content=\"Drap en bambou de qualit\u00e9 \u2013 Vert clair | AZTEX\" \/>\n<meta property=\"og:description\" content=\"Les draps en bambou de haute qualit\u00e9 sont un choix doux et durable. Leur bonne capacit\u00e9 d\u2019absorption et leur tissu l\u00e9ger assurent des conditions de sommeil agr\u00e9ables toute l\u2019ann\u00e9e.\" \/>\n<meta property=\"og:url\" content=\"https:\/\/aztex.ee\/fr\/pood\/draps-de-lit-en-bambou\/drap-plat-en-bambou-vert-clair\/\" \/>\n<meta property=\"og:site_name\" content=\"AZTEX\" \/>\n<meta property=\"article:publisher\" content=\"https:\/\/www.facebook.com\/AztexEE\" \/>\n<meta property=\"article:modified_time\" content=\"2026-03-23T08:04:43+00:00\" \/>\n<meta property=\"og:image\" content=\"https:\/\/aztex.ee\/wp-content\/uploads\/2026\/03\/Kvaliteetne-bambusest-voodilina.jpg\" \/>\n\t<meta property=\"og:image:width\" content=\"800\" \/>\n\t<meta property=\"og:image:height\" content=\"800\" \/>\n\t<meta property=\"og:image:type\" content=\"image\/jpeg\" \/>\n<meta name=\"twitter:card\" content=\"summary_large_image\" \/>\n<meta name=\"twitter:label1\" content=\"Dur\u00e9e de lecture estim\u00e9e\" \/>\n\t<meta name=\"twitter:data1\" content=\"2 minutes\" \/>\n<script type=\"application\/ld+json\" class=\"yoast-schema-graph\">{\"@context\":\"https:\\\/\\\/schema.org\",\"@graph\":[{\"@type\":[\"WebPage\",\"ItemPage\"],\"@id\":\"https:\\\/\\\/aztex.ee\\\/fr\\\/pood\\\/draps-de-lit-en-bambou\\\/drap-plat-en-bambou-vert-clair\\\/\",\"url\":\"https:\\\/\\\/aztex.ee\\\/fr\\\/pood\\\/draps-de-lit-en-bambou\\\/drap-plat-en-bambou-vert-clair\\\/\",\"name\":\"Drap en bambou de qualit\u00e9 \u2013 Vert clair | AZTEX\",\"isPartOf\":{\"@id\":\"https:\\\/\\\/aztex.ee\\\/fr\\\/#website\"},\"primaryImageOfPage\":{\"@id\":\"https:\\\/\\\/aztex.ee\\\/fr\\\/pood\\\/draps-de-lit-en-bambou\\\/drap-plat-en-bambou-vert-clair\\\/#primaryimage\"},\"image\":{\"@id\":\"https:\\\/\\\/aztex.ee\\\/fr\\\/pood\\\/draps-de-lit-en-bambou\\\/drap-plat-en-bambou-vert-clair\\\/#primaryimage\"},\"thumbnailUrl\":\"https:\\\/\\\/aztex.ee\\\/wp-content\\\/uploads\\\/2026\\\/03\\\/Kvaliteetne-bambusest-voodilina.jpg\",\"datePublished\":\"2026-03-23T07:34:05+00:00\",\"dateModified\":\"2026-03-23T08:04:43+00:00\",\"description\":\"Les draps en bambou de haute qualit\u00e9 sont un choix doux et durable. Leur bonne capacit\u00e9 d\u2019absorption et leur tissu l\u00e9ger assurent des conditions de sommeil agr\u00e9ables toute l\u2019ann\u00e9e.\",\"breadcrumb\":{\"@id\":\"https:\\\/\\\/aztex.ee\\\/fr\\\/pood\\\/draps-de-lit-en-bambou\\\/drap-plat-en-bambou-vert-clair\\\/#breadcrumb\"},\"inLanguage\":\"fr-FR\",\"potentialAction\":[{\"@type\":\"ReadAction\",\"target\":[\"https:\\\/\\\/aztex.ee\\\/fr\\\/pood\\\/draps-de-lit-en-bambou\\\/drap-plat-en-bambou-vert-clair\\\/\"]}]},{\"@type\":\"ImageObject\",\"inLanguage\":\"fr-FR\",\"@id\":\"https:\\\/\\\/aztex.ee\\\/fr\\\/pood\\\/draps-de-lit-en-bambou\\\/drap-plat-en-bambou-vert-clair\\\/#primaryimage\",\"url\":\"https:\\\/\\\/aztex.ee\\\/wp-content\\\/uploads\\\/2026\\\/03\\\/Kvaliteetne-bambusest-voodilina.jpg\",\"contentUrl\":\"https:\\\/\\\/aztex.ee\\\/wp-content\\\/uploads\\\/2026\\\/03\\\/Kvaliteetne-bambusest-voodilina.jpg\",\"width\":800,\"height\":800,\"caption\":\"Kvaliteetne bambusest voodilina\"},{\"@type\":\"BreadcrumbList\",\"@id\":\"https:\\\/\\\/aztex.ee\\\/fr\\\/pood\\\/draps-de-lit-en-bambou\\\/drap-plat-en-bambou-vert-clair\\\/#breadcrumb\",\"itemListElement\":[{\"@type\":\"ListItem\",\"position\":1,\"name\":\"Accueil\",\"item\":\"https:\\\/\\\/aztex.ee\\\/fr\\\/\"},{\"@type\":\"ListItem\",\"position\":2,\"name\":\"Boutique\",\"item\":\"https:\\\/\\\/aztex.ee\\\/fr\\\/boutique\\\/\"},{\"@type\":\"ListItem\",\"position\":3,\"name\":\"Drap Plat en Bambou \u2013 Vert clair\"}]},{\"@type\":\"WebSite\",\"@id\":\"https:\\\/\\\/aztex.ee\\\/fr\\\/#website\",\"url\":\"https:\\\/\\\/aztex.ee\\\/fr\\\/\",\"name\":\"AZTEX\",\"description\":\"\",\"publisher\":{\"@id\":\"https:\\\/\\\/aztex.ee\\\/fr\\\/#organization\"},\"potentialAction\":[{\"@type\":\"SearchAction\",\"target\":{\"@type\":\"EntryPoint\",\"urlTemplate\":\"https:\\\/\\\/aztex.ee\\\/fr\\\/?s={search_term_string}\"},\"query-input\":{\"@type\":\"PropertyValueSpecification\",\"valueRequired\":true,\"valueName\":\"search_term_string\"}}],\"inLanguage\":\"fr-FR\"},{\"@type\":\"Organization\",\"@id\":\"https:\\\/\\\/aztex.ee\\\/fr\\\/#organization\",\"name\":\"AZTEX\",\"url\":\"https:\\\/\\\/aztex.ee\\\/fr\\\/\",\"logo\":{\"@type\":\"ImageObject\",\"inLanguage\":\"fr-FR\",\"@id\":\"https:\\\/\\\/aztex.ee\\\/fr\\\/#\\\/schema\\\/logo\\\/image\\\/\",\"url\":\"https:\\\/\\\/aztex.ee\\\/wp-content\\\/uploads\\\/2026\\\/01\\\/AZTEX.png\",\"contentUrl\":\"https:\\\/\\\/aztex.ee\\\/wp-content\\\/uploads\\\/2026\\\/01\\\/AZTEX.png\",\"width\":500,\"height\":500,\"caption\":\"AZTEX\"},\"image\":{\"@id\":\"https:\\\/\\\/aztex.ee\\\/fr\\\/#\\\/schema\\\/logo\\\/image\\\/\"},\"sameAs\":[\"https:\\\/\\\/www.facebook.com\\\/AztexEE\",\"https:\\\/\\\/www.instagram.com\\\/aztexeesti\\\/\",\"https:\\\/\\\/www.youtube.com\\\/@AZTEXEE\",\"https:\\\/\\\/www.pinterest.com\\\/aztex_eesti\\\/\",\"https:\\\/\\\/www.tiktok.com\\\/@aztexeesti\",\"https:\\\/\\\/www.trustpilot.com\\\/review\\\/aztex.ee\",\"https:\\\/\\\/www.linkedin.com\\\/company\\\/aztex-ee\\\/\",\"https:\\\/\\\/www.wikidata.org\\\/wiki\\\/Q137560182\"]}]}<\/script>\n<!-- \/ Yoast SEO plugin. -->","yoast_head_json":{"title":"Drap en bambou de qualit\u00e9 \u2013 Vert clair | AZTEX","description":"Les draps en bambou de haute qualit\u00e9 sont un choix doux et durable. Leur bonne capacit\u00e9 d\u2019absorption et leur tissu l\u00e9ger assurent des conditions de sommeil agr\u00e9ables toute l\u2019ann\u00e9e.","robots":{"index":"index","follow":"follow","max-snippet":"max-snippet:-1","max-image-preview":"max-image-preview:large","max-video-preview":"max-video-preview:-1"},"canonical":"https:\/\/aztex.ee\/fr\/pood\/draps-de-lit-en-bambou\/drap-plat-en-bambou-vert-clair\/","og_locale":"fr_FR","og_type":"article","og_title":"Drap en bambou de qualit\u00e9 \u2013 Vert clair | AZTEX","og_description":"Les draps en bambou de haute qualit\u00e9 sont un choix doux et durable. Leur bonne capacit\u00e9 d\u2019absorption et leur tissu l\u00e9ger assurent des conditions de sommeil agr\u00e9ables toute l\u2019ann\u00e9e.","og_url":"https:\/\/aztex.ee\/fr\/pood\/draps-de-lit-en-bambou\/drap-plat-en-bambou-vert-clair\/","og_site_name":"AZTEX","article_publisher":"https:\/\/www.facebook.com\/AztexEE","article_modified_time":"2026-03-23T08:04:43+00:00","og_image":[{"width":800,"height":800,"url":"https:\/\/aztex.ee\/wp-content\/uploads\/2026\/03\/Kvaliteetne-bambusest-voodilina.jpg","type":"image\/jpeg"}],"twitter_card":"summary_large_image","twitter_misc":{"Dur\u00e9e de lecture estim\u00e9e":"2 minutes"},"schema":{"@context":"https:\/\/schema.org","@graph":[{"@type":["WebPage","ItemPage"],"@id":"https:\/\/aztex.ee\/fr\/pood\/draps-de-lit-en-bambou\/drap-plat-en-bambou-vert-clair\/","url":"https:\/\/aztex.ee\/fr\/pood\/draps-de-lit-en-bambou\/drap-plat-en-bambou-vert-clair\/","name":"Drap en bambou de qualit\u00e9 \u2013 Vert clair | AZTEX","isPartOf":{"@id":"https:\/\/aztex.ee\/fr\/#website"},"primaryImageOfPage":{"@id":"https:\/\/aztex.ee\/fr\/pood\/draps-de-lit-en-bambou\/drap-plat-en-bambou-vert-clair\/#primaryimage"},"image":{"@id":"https:\/\/aztex.ee\/fr\/pood\/draps-de-lit-en-bambou\/drap-plat-en-bambou-vert-clair\/#primaryimage"},"thumbnailUrl":"https:\/\/aztex.ee\/wp-content\/uploads\/2026\/03\/Kvaliteetne-bambusest-voodilina.jpg","datePublished":"2026-03-23T07:34:05+00:00","dateModified":"2026-03-23T08:04:43+00:00","description":"Les draps en bambou de haute qualit\u00e9 sont un choix doux et durable. Leur bonne capacit\u00e9 d\u2019absorption et leur tissu l\u00e9ger assurent des conditions de sommeil agr\u00e9ables toute l\u2019ann\u00e9e.","breadcrumb":{"@id":"https:\/\/aztex.ee\/fr\/pood\/draps-de-lit-en-bambou\/drap-plat-en-bambou-vert-clair\/#breadcrumb"},"inLanguage":"fr-FR","potentialAction":[{"@type":"ReadAction","target":["https:\/\/aztex.ee\/fr\/pood\/draps-de-lit-en-bambou\/drap-plat-en-bambou-vert-clair\/"]}]},{"@type":"ImageObject","inLanguage":"fr-FR","@id":"https:\/\/aztex.ee\/fr\/pood\/draps-de-lit-en-bambou\/drap-plat-en-bambou-vert-clair\/#primaryimage","url":"https:\/\/aztex.ee\/wp-content\/uploads\/2026\/03\/Kvaliteetne-bambusest-voodilina.jpg","contentUrl":"https:\/\/aztex.ee\/wp-content\/uploads\/2026\/03\/Kvaliteetne-bambusest-voodilina.jpg","width":800,"height":800,"caption":"Kvaliteetne bambusest voodilina"},{"@type":"BreadcrumbList","@id":"https:\/\/aztex.ee\/fr\/pood\/draps-de-lit-en-bambou\/drap-plat-en-bambou-vert-clair\/#breadcrumb","itemListElement":[{"@type":"ListItem","position":1,"name":"Accueil","item":"https:\/\/aztex.ee\/fr\/"},{"@type":"ListItem","position":2,"name":"Boutique","item":"https:\/\/aztex.ee\/fr\/boutique\/"},{"@type":"ListItem","position":3,"name":"Drap Plat en Bambou \u2013 Vert clair"}]},{"@type":"WebSite","@id":"https:\/\/aztex.ee\/fr\/#website","url":"https:\/\/aztex.ee\/fr\/","name":"AZTEX","description":"","publisher":{"@id":"https:\/\/aztex.ee\/fr\/#organization"},"potentialAction":[{"@type":"SearchAction","target":{"@type":"EntryPoint","urlTemplate":"https:\/\/aztex.ee\/fr\/?s={search_term_string}"},"query-input":{"@type":"PropertyValueSpecification","valueRequired":true,"valueName":"search_term_string"}}],"inLanguage":"fr-FR"},{"@type":"Organization","@id":"https:\/\/aztex.ee\/fr\/#organization","name":"AZTEX","url":"https:\/\/aztex.ee\/fr\/","logo":{"@type":"ImageObject","inLanguage":"fr-FR","@id":"https:\/\/aztex.ee\/fr\/#\/schema\/logo\/image\/","url":"https:\/\/aztex.ee\/wp-content\/uploads\/2026\/01\/AZTEX.png","contentUrl":"https:\/\/aztex.ee\/wp-content\/uploads\/2026\/01\/AZTEX.png","width":500,"height":500,"caption":"AZTEX"},"image":{"@id":"https:\/\/aztex.ee\/fr\/#\/schema\/logo\/image\/"},"sameAs":["https:\/\/www.facebook.com\/AztexEE","https:\/\/www.instagram.com\/aztexeesti\/","https:\/\/www.youtube.com\/@AZTEXEE","https:\/\/www.pinterest.com\/aztex_eesti\/","https:\/\/www.tiktok.com\/@aztexeesti","https:\/\/www.trustpilot.com\/review\/aztex.ee","https:\/\/www.linkedin.com\/company\/aztex-ee\/","https:\/\/www.wikidata.org\/wiki\/Q137560182"]}]}},"_links":{"self":[{"href":"https:\/\/aztex.ee\/fr\/wp-json\/wp\/v2\/product\/108099","targetHints":{"allow":["GET"]}}],"collection":[{"href":"https:\/\/aztex.ee\/fr\/wp-json\/wp\/v2\/product"}],"about":[{"href":"https:\/\/aztex.ee\/fr\/wp-json\/wp\/v2\/types\/product"}],"replies":[{"embeddable":true,"href":"https:\/\/aztex.ee\/fr\/wp-json\/wp\/v2\/comments?post=108099"}],"version-history":[{"count":2,"href":"https:\/\/aztex.ee\/fr\/wp-json\/wp\/v2\/product\/108099\/revisions"}],"predecessor-version":[{"id":108192,"href":"https:\/\/aztex.ee\/fr\/wp-json\/wp\/v2\/product\/108099\/revisions\/108192"}],"wp:featuredmedia":[{"embeddable":true,"href":"https:\/\/aztex.ee\/fr\/wp-json\/wp\/v2\/media\/108120"}],"wp:attachment":[{"href":"https:\/\/aztex.ee\/fr\/wp-json\/wp\/v2\/media?parent=108099"}],"wp:term":[{"taxonomy":"product_brand","embeddable":true,"href":"https:\/\/aztex.ee\/fr\/wp-json\/wp\/v2\/product_brand?post=108099"},{"taxonomy":"product_cat","embeddable":true,"href":"https:\/\/aztex.ee\/fr\/wp-json\/wp\/v2\/product_cat?post=108099"},{"taxonomy":"product_tag","embeddable":true,"href":"https:\/\/aztex.ee\/fr\/wp-json\/wp\/v2\/product_tag?post=108099"}],"curies":[{"name":"wp","href":"https:\/\/api.w.org\/{rel}","templated":true}]}}