{"id":19025,"date":"2024-08-15T14:44:36","date_gmt":"2024-08-15T14:44:36","guid":{"rendered":"https:\/\/aztex.ee\/info\/"},"modified":"2024-08-20T09:23:53","modified_gmt":"2024-08-20T09:23:53","slug":"information","status":"publish","type":"page","link":"https:\/\/aztex.ee\/fr\/information\/","title":{"rendered":"Information"},"content":{"rendered":"\n<p><strong>AZTEX<\/strong> \u2013 qualit\u00e9, confort et style au quotidien<\/p>\n\n\n\n<p>Bienvenue dans le monde merveilleux d&rsquo;<strong>AZTEX<\/strong>, o\u00f9 nous cr\u00e9ons la maison dont vous avez toujours r\u00eav\u00e9 ! Nous sommes fiers de vous pr\u00e9senter notre entreprise, d\u00e9di\u00e9e \u00e0 la vente de textiles de qualit\u00e9.<\/p>\n\n\n\n<p>Notre gamme de couvertures, couvertures pour enfants, serviettes et linge de lit est riche et diversifi\u00e9e, et tous nos produits ont une chose en commun : la qualit\u00e9. Les couvertures vous r\u00e9chauffent pendant les nuits froides et ajoutent de la couleur et du style \u00e0 votre chambre. Les couvertures pour enfants sont agr\u00e9ables et douces, offrant le confort dont ils ont besoin pour se sentir au mieux. Les serviettes sont douces et tr\u00e8s absorbantes, transformant chaque routine du matin et du soir en un moment de bonheur. Le linge de lit est doux et r\u00e9sistant, et cr\u00e9e une atmosph\u00e8re unique dans votre chambre.<\/p>\n\n\n\n<p>La mission d&rsquo;<strong>AZTEX<\/strong> est de vous offrir plus que de simples textiles. Nous voulons apporter confort, chaleur et style \u00e0 votre vie. Nous voulons vous aider \u00e0 cr\u00e9er une maison qui refl\u00e8te votre personnalit\u00e9 et vos go\u00fbts, o\u00f9 vous vous sentirez toujours bienvenu et \u00e0 l&rsquo;aise.<\/p>\n\n\n\n<p>En plus de nos produits, nous disposons \u00e9galement d&rsquo;une \u00e9quipe serviable, toujours pr\u00eate \u00e0 vous aider et \u00e0 vous conseiller. Nous sommes l\u00e0 pour partager avec vous nos connaissances et notre exp\u00e9rience afin de vous aider \u00e0 trouver les textiles parfaits pour vos besoins et vos envies.<\/p>\n\n\n\n<p>Nous vous remercions de nous avoir choisis comme partenaire de conception et nous nous engageons \u00e0 continuer \u00e0 d\u00e9passer vos attentes dans tous les domaines. Merci de faire partie de notre famille et de nous permettre de faire partie de votre maison.<\/p>\n","protected":false},"excerpt":{"rendered":"<p>AZTEX \u2013 qualit\u00e9, confort et style au quotidien Bienvenue dans le monde merveilleux d&rsquo;AZTEX, o\u00f9 nous cr\u00e9ons la maison dont<\/p>\n","protected":false},"author":1,"featured_media":0,"parent":0,"menu_order":0,"comment_status":"closed","ping_status":"closed","template":"","meta":{"footnotes":""},"class_list":["post-19025","page","type-page","status-publish","hentry"],"yoast_head":"<!-- This site is optimized with the Yoast SEO plugin v27.3 - https:\/\/yoast.com\/product\/yoast-seo-wordpress\/ -->\n<title>Information | AZTEX<\/title>\n<meta name=\"description\" content=\"Notre gamme de couvertures, couvertures pour enfants, serviettes et linge de lit est riche et diversifi\u00e9e, et tous nos produits ont un...\" \/>\n<meta name=\"robots\" content=\"index, follow, max-snippet:-1, max-image-preview:large, max-video-preview:-1\" \/>\n<link rel=\"canonical\" href=\"https:\/\/aztex.ee\/fr\/information\/\" \/>\n<meta property=\"og:locale\" content=\"fr_FR\" \/>\n<meta property=\"og:type\" content=\"article\" \/>\n<meta property=\"og:title\" content=\"Information | AZTEX\" \/>\n<meta property=\"og:description\" content=\"Notre gamme de couvertures, couvertures pour enfants, serviettes et linge de lit est riche et diversifi\u00e9e, et tous nos produits ont un...\" \/>\n<meta property=\"og:url\" content=\"https:\/\/aztex.ee\/fr\/information\/\" \/>\n<meta property=\"og:site_name\" content=\"AZTEX\" \/>\n<meta property=\"article:publisher\" content=\"https:\/\/www.facebook.com\/AztexEE\" \/>\n<meta property=\"article:modified_time\" content=\"2024-08-20T09:23:53+00:00\" \/>\n<meta name=\"twitter:card\" content=\"summary_large_image\" \/>\n<meta name=\"twitter:label1\" content=\"Dur\u00e9e de lecture estim\u00e9e\" \/>\n\t<meta name=\"twitter:data1\" content=\"2 minutes\" \/>\n<script type=\"application\/ld+json\" class=\"yoast-schema-graph\">{\"@context\":\"https:\\\/\\\/schema.org\",\"@graph\":[{\"@type\":\"WebPage\",\"@id\":\"https:\\\/\\\/aztex.ee\\\/fr\\\/information\\\/\",\"url\":\"https:\\\/\\\/aztex.ee\\\/fr\\\/information\\\/\",\"name\":\"Information | AZTEX\",\"isPartOf\":{\"@id\":\"https:\\\/\\\/aztex.ee\\\/fr\\\/#website\"},\"datePublished\":\"2024-08-15T14:44:36+00:00\",\"dateModified\":\"2024-08-20T09:23:53+00:00\",\"description\":\"Notre gamme de couvertures, couvertures pour enfants, serviettes et linge de lit est riche et diversifi\u00e9e, et tous nos produits ont un...\",\"breadcrumb\":{\"@id\":\"https:\\\/\\\/aztex.ee\\\/fr\\\/information\\\/#breadcrumb\"},\"inLanguage\":\"fr-FR\",\"potentialAction\":[{\"@type\":\"ReadAction\",\"target\":[\"https:\\\/\\\/aztex.ee\\\/fr\\\/information\\\/\"]}]},{\"@type\":\"BreadcrumbList\",\"@id\":\"https:\\\/\\\/aztex.ee\\\/fr\\\/information\\\/#breadcrumb\",\"itemListElement\":[{\"@type\":\"ListItem\",\"position\":1,\"name\":\"Accueil\",\"item\":\"https:\\\/\\\/aztex.ee\\\/fr\\\/\"},{\"@type\":\"ListItem\",\"position\":2,\"name\":\"Information\"}]},{\"@type\":\"WebSite\",\"@id\":\"https:\\\/\\\/aztex.ee\\\/fr\\\/#website\",\"url\":\"https:\\\/\\\/aztex.ee\\\/fr\\\/\",\"name\":\"AZTEX\",\"description\":\"\",\"publisher\":{\"@id\":\"https:\\\/\\\/aztex.ee\\\/fr\\\/#organization\"},\"potentialAction\":[{\"@type\":\"SearchAction\",\"target\":{\"@type\":\"EntryPoint\",\"urlTemplate\":\"https:\\\/\\\/aztex.ee\\\/fr\\\/?s={search_term_string}\"},\"query-input\":{\"@type\":\"PropertyValueSpecification\",\"valueRequired\":true,\"valueName\":\"search_term_string\"}}],\"inLanguage\":\"fr-FR\"},{\"@type\":\"Organization\",\"@id\":\"https:\\\/\\\/aztex.ee\\\/fr\\\/#organization\",\"name\":\"AZTEX\",\"url\":\"https:\\\/\\\/aztex.ee\\\/fr\\\/\",\"logo\":{\"@type\":\"ImageObject\",\"inLanguage\":\"fr-FR\",\"@id\":\"https:\\\/\\\/aztex.ee\\\/fr\\\/#\\\/schema\\\/logo\\\/image\\\/\",\"url\":\"https:\\\/\\\/aztex.ee\\\/wp-content\\\/uploads\\\/2026\\\/01\\\/AZTEX.png\",\"contentUrl\":\"https:\\\/\\\/aztex.ee\\\/wp-content\\\/uploads\\\/2026\\\/01\\\/AZTEX.png\",\"width\":500,\"height\":500,\"caption\":\"AZTEX\"},\"image\":{\"@id\":\"https:\\\/\\\/aztex.ee\\\/fr\\\/#\\\/schema\\\/logo\\\/image\\\/\"},\"sameAs\":[\"https:\\\/\\\/www.facebook.com\\\/AztexEE\",\"https:\\\/\\\/www.instagram.com\\\/aztexeesti\\\/\",\"https:\\\/\\\/www.youtube.com\\\/@AZTEXEE\",\"https:\\\/\\\/www.pinterest.com\\\/aztex_eesti\\\/\",\"https:\\\/\\\/www.tiktok.com\\\/@aztexeesti\",\"https:\\\/\\\/www.trustpilot.com\\\/review\\\/aztex.ee\",\"https:\\\/\\\/www.linkedin.com\\\/company\\\/aztex-ee\\\/\",\"https:\\\/\\\/www.wikidata.org\\\/wiki\\\/Q137560182\"]}]}<\/script>\n<!-- \/ Yoast SEO plugin. -->","yoast_head_json":{"title":"Information | AZTEX","description":"Notre gamme de couvertures, couvertures pour enfants, serviettes et linge de lit est riche et diversifi\u00e9e, et tous nos produits ont un...","robots":{"index":"index","follow":"follow","max-snippet":"max-snippet:-1","max-image-preview":"max-image-preview:large","max-video-preview":"max-video-preview:-1"},"canonical":"https:\/\/aztex.ee\/fr\/information\/","og_locale":"fr_FR","og_type":"article","og_title":"Information | AZTEX","og_description":"Notre gamme de couvertures, couvertures pour enfants, serviettes et linge de lit est riche et diversifi\u00e9e, et tous nos produits ont un...","og_url":"https:\/\/aztex.ee\/fr\/information\/","og_site_name":"AZTEX","article_publisher":"https:\/\/www.facebook.com\/AztexEE","article_modified_time":"2024-08-20T09:23:53+00:00","twitter_card":"summary_large_image","twitter_misc":{"Dur\u00e9e de lecture estim\u00e9e":"2 minutes"},"schema":{"@context":"https:\/\/schema.org","@graph":[{"@type":"WebPage","@id":"https:\/\/aztex.ee\/fr\/information\/","url":"https:\/\/aztex.ee\/fr\/information\/","name":"Information | AZTEX","isPartOf":{"@id":"https:\/\/aztex.ee\/fr\/#website"},"datePublished":"2024-08-15T14:44:36+00:00","dateModified":"2024-08-20T09:23:53+00:00","description":"Notre gamme de couvertures, couvertures pour enfants, serviettes et linge de lit est riche et diversifi\u00e9e, et tous nos produits ont un...","breadcrumb":{"@id":"https:\/\/aztex.ee\/fr\/information\/#breadcrumb"},"inLanguage":"fr-FR","potentialAction":[{"@type":"ReadAction","target":["https:\/\/aztex.ee\/fr\/information\/"]}]},{"@type":"BreadcrumbList","@id":"https:\/\/aztex.ee\/fr\/information\/#breadcrumb","itemListElement":[{"@type":"ListItem","position":1,"name":"Accueil","item":"https:\/\/aztex.ee\/fr\/"},{"@type":"ListItem","position":2,"name":"Information"}]},{"@type":"WebSite","@id":"https:\/\/aztex.ee\/fr\/#website","url":"https:\/\/aztex.ee\/fr\/","name":"AZTEX","description":"","publisher":{"@id":"https:\/\/aztex.ee\/fr\/#organization"},"potentialAction":[{"@type":"SearchAction","target":{"@type":"EntryPoint","urlTemplate":"https:\/\/aztex.ee\/fr\/?s={search_term_string}"},"query-input":{"@type":"PropertyValueSpecification","valueRequired":true,"valueName":"search_term_string"}}],"inLanguage":"fr-FR"},{"@type":"Organization","@id":"https:\/\/aztex.ee\/fr\/#organization","name":"AZTEX","url":"https:\/\/aztex.ee\/fr\/","logo":{"@type":"ImageObject","inLanguage":"fr-FR","@id":"https:\/\/aztex.ee\/fr\/#\/schema\/logo\/image\/","url":"https:\/\/aztex.ee\/wp-content\/uploads\/2026\/01\/AZTEX.png","contentUrl":"https:\/\/aztex.ee\/wp-content\/uploads\/2026\/01\/AZTEX.png","width":500,"height":500,"caption":"AZTEX"},"image":{"@id":"https:\/\/aztex.ee\/fr\/#\/schema\/logo\/image\/"},"sameAs":["https:\/\/www.facebook.com\/AztexEE","https:\/\/www.instagram.com\/aztexeesti\/","https:\/\/www.youtube.com\/@AZTEXEE","https:\/\/www.pinterest.com\/aztex_eesti\/","https:\/\/www.tiktok.com\/@aztexeesti","https:\/\/www.trustpilot.com\/review\/aztex.ee","https:\/\/www.linkedin.com\/company\/aztex-ee\/","https:\/\/www.wikidata.org\/wiki\/Q137560182"]}]}},"_links":{"self":[{"href":"https:\/\/aztex.ee\/fr\/wp-json\/wp\/v2\/pages\/19025","targetHints":{"allow":["GET"]}}],"collection":[{"href":"https:\/\/aztex.ee\/fr\/wp-json\/wp\/v2\/pages"}],"about":[{"href":"https:\/\/aztex.ee\/fr\/wp-json\/wp\/v2\/types\/page"}],"author":[{"embeddable":true,"href":"https:\/\/aztex.ee\/fr\/wp-json\/wp\/v2\/users\/1"}],"replies":[{"embeddable":true,"href":"https:\/\/aztex.ee\/fr\/wp-json\/wp\/v2\/comments?post=19025"}],"version-history":[{"count":0,"href":"https:\/\/aztex.ee\/fr\/wp-json\/wp\/v2\/pages\/19025\/revisions"}],"wp:attachment":[{"href":"https:\/\/aztex.ee\/fr\/wp-json\/wp\/v2\/media?parent=19025"}],"curies":[{"name":"wp","href":"https:\/\/api.w.org\/{rel}","templated":true}]}}