{"id":107146,"date":"2026-03-16T07:17:40","date_gmt":"2026-03-16T07:17:40","guid":{"rendered":"https:\/\/aztex.ee\/meist\/"},"modified":"2026-03-16T10:04:21","modified_gmt":"2026-03-16T10:04:21","slug":"a-propos-de-aztex","status":"publish","type":"page","link":"https:\/\/aztex.ee\/fr\/a-propos-de-aztex\/","title":{"rendered":"\u00c0 propos de AZTEX"},"content":{"rendered":"\n<p class=\"wp-block-wd-paragraph wd-a1121518\"><strong>AZTEX<\/strong> est une <strong>marque internationale de textile de maison<\/strong> proposant du linge de lit et des articles textiles de haute qualit\u00e9 \u00e0 des clients du monde entier. La marque est exploit\u00e9e par <strong>AZTEX Eesti O\u00dc<\/strong>, une filiale de <strong>Minu Baltic O\u00dc<\/strong>. AZTEX a \u00e9t\u00e9 fond\u00e9e par l&rsquo;entrepreneur <strong>Farid Ismayilov<\/strong>.<\/p>\n\n\n\n<p class=\"wp-block-wd-paragraph wd-43e1dbcc\">Notre objectif est de fournir des produits textiles fiables et de qualit\u00e9 sup\u00e9rieure qui contribuent \u00e0 cr\u00e9er un <strong>environnement domestique confortable et sain<\/strong>. Nous sommes convaincus qu&rsquo;un sommeil r\u00e9parateur et un int\u00e9rieur accueillant commencent par des mat\u00e9riaux premium et des produits rigoureusement s\u00e9lectionn\u00e9s.<\/p>\n\n\n\n<p class=\"wp-block-wd-paragraph wd-a840ddf3\">Aujourd&rsquo;hui, AZTEX distribue ses produits dans <strong>plus de 35 pays<\/strong> \u00e0 travers le monde, notamment en <strong>France, Belgique, Suisse, Estonie, Su\u00e8de, Danemark, Norv\u00e8ge, Finlande, Pologne, R\u00e9publique tch\u00e8que, Hongrie, Pays-Bas, Slovaquie, Allemagne, Autriche, Islande, \u00celes F\u00e9ro\u00e9, Lettonie, Lituanie, Kosovo, Bulgarie, Roumanie, Royaume-Uni, Slov\u00e9nie, Mac\u00e9doine du Nord, Croatie, Italie, Espagne, Bosnie-Herz\u00e9govine, Serbie, Mont\u00e9n\u00e9gro, Gr\u00e8ce, Albanie, Malte, Portugal, Irlande, \u00c9tats-Unis, Canada et Mexique.<\/strong><\/p>\n\n\n\n<p class=\"wp-block-wd-paragraph wd-c6b5cbd3\">AZTEX met l&rsquo;accent sur la qualit\u00e9, le confort et les mati\u00e8res naturelles. Notre gamme comprend des tissus soigneusement choisis tels que le <strong>coton, le lin, le bambou, le Tencel (Lyocell), le chanvre et la soie.<\/strong> Ces mati\u00e8res sont respirantes, respectueuses de la peau et durables, garantissant une exp\u00e9rience de sommeil confortable et haut de gamme.<\/p>\n\n\n\n<p class=\"wp-block-wd-paragraph wd-dd622bc1\">Pour nous, il est essentiel que le textile de maison ne soit pas seulement pratique, mais aussi esth\u00e9tique et durable. C&rsquo;est pourquoi nous accordons une attention particuli\u00e8re tant \u00e0 la qualit\u00e9 des mat\u00e9riaux qu&rsquo;au design de nos produits.<\/p>\n\n\n\n<h3 class=\"wp-block-wd-title title wd-790d42a0\"><strong>Pourquoi nos clients nous font-ils confiance ?<\/strong><\/h3>\n\n\n\n<p class=\"wp-block-wd-paragraph wd-14c9a417\"><strong>Mat\u00e9riaux de haute qualit\u00e9<\/strong> Nous s\u00e9lectionnons nos produits avec le plus grand soin pour garantir leur durabilit\u00e9 et leur confort.<\/p>\n\n\n\n<p class=\"wp-block-wd-paragraph wd-35f08a28\"><strong>Exp\u00e9rience internationale<\/strong> Nous servons des clients dans le monde entier et proposons une assistance en <strong>19 langues diff\u00e9rentes<\/strong>.<\/p>\n\n\n\n<p class=\"wp-block-wd-paragraph wd-492b1543\"><strong>Satisfaction client<\/strong> Notre note de <strong><a href=\"https:\/\/www.trustpilot.com\/review\/aztex.ee\" type=\"link\" id=\"https:\/\/www.trustpilot.com\/review\/aztex.ee\" target=\"_blank\" rel=\"noreferrer noopener\">4.8 \/ 5 sur Trustpilot<\/a><\/strong> d\u00e9montre que nos clients appr\u00e9cient la qualit\u00e9 de nos produits ainsi que notre service.<\/p>\n\n\n\n<p class=\"wp-block-wd-paragraph wd-8d9e5f2a\">Merci d&rsquo;avoir choisi <strong>AZTEX<\/strong> pour votre int\u00e9rieur. Notre mission est d&rsquo;offrir un choix fiable et qualitatif dans l&rsquo;univers du textile de maison.<\/p>\n","protected":false},"excerpt":{"rendered":"","protected":false},"author":1,"featured_media":0,"parent":0,"menu_order":0,"comment_status":"closed","ping_status":"closed","template":"","meta":{"footnotes":""},"class_list":["post-107146","page","type-page","status-publish","hentry"],"yoast_head":"<!-- This site is optimized with the Yoast SEO plugin v27.6 - https:\/\/yoast.com\/product\/yoast-seo-wordpress\/ -->\n<title>\u00c0 propos de AZTEX | Linge de maison et literie de qualit\u00e9<\/title>\n<meta name=\"description\" content=\"AZTEX est une marque internationale de textile de maison proposant du linge de lit et des articles textiles de haute qualit\u00e9 \u00e0 des clients du monde entier. La marque est exploit\u00e9e par AZTEX Eesti O\u00dc, une filiale de Minu Baltic O\u00dc. AZTEX a \u00e9t\u00e9 fond\u00e9e par l&#039;entrepreneur Farid Ismayilov.\" \/>\n<meta name=\"robots\" content=\"index, follow, max-snippet:-1, max-image-preview:large, max-video-preview:-1\" \/>\n<link rel=\"canonical\" href=\"https:\/\/aztex.ee\/fr\/a-propos-de-aztex\/\" \/>\n<meta property=\"og:locale\" content=\"fr_FR\" \/>\n<meta property=\"og:type\" content=\"article\" \/>\n<meta property=\"og:title\" content=\"\u00c0 propos de AZTEX | Linge de maison et literie de qualit\u00e9\" \/>\n<meta property=\"og:description\" content=\"AZTEX est une marque internationale de textile de maison proposant du linge de lit et des articles textiles de haute qualit\u00e9 \u00e0 des clients du monde entier. La marque est exploit\u00e9e par AZTEX Eesti O\u00dc, une filiale de Minu Baltic O\u00dc. AZTEX a \u00e9t\u00e9 fond\u00e9e par l&#039;entrepreneur Farid Ismayilov.\" \/>\n<meta property=\"og:url\" content=\"https:\/\/aztex.ee\/fr\/a-propos-de-aztex\/\" \/>\n<meta property=\"og:site_name\" content=\"AZTEX\" \/>\n<meta property=\"article:publisher\" content=\"https:\/\/www.facebook.com\/AztexEE\" \/>\n<meta property=\"article:modified_time\" content=\"2026-03-16T10:04:21+00:00\" \/>\n<meta name=\"twitter:card\" content=\"summary_large_image\" \/>\n<meta name=\"twitter:label1\" content=\"Dur\u00e9e de lecture estim\u00e9e\" \/>\n\t<meta name=\"twitter:data1\" content=\"2 minutes\" \/>\n<script type=\"application\/ld+json\" class=\"yoast-schema-graph\">{\"@context\":\"https:\\\/\\\/schema.org\",\"@graph\":[{\"@type\":\"WebPage\",\"@id\":\"https:\\\/\\\/aztex.ee\\\/fr\\\/a-propos-de-aztex\\\/\",\"url\":\"https:\\\/\\\/aztex.ee\\\/fr\\\/a-propos-de-aztex\\\/\",\"name\":\"\u00c0 propos de AZTEX | Linge de maison et literie de qualit\u00e9\",\"isPartOf\":{\"@id\":\"https:\\\/\\\/aztex.ee\\\/fr\\\/#website\"},\"datePublished\":\"2026-03-16T07:17:40+00:00\",\"dateModified\":\"2026-03-16T10:04:21+00:00\",\"description\":\"AZTEX est une marque internationale de textile de maison proposant du linge de lit et des articles textiles de haute qualit\u00e9 \u00e0 des clients du monde entier. La marque est exploit\u00e9e par AZTEX Eesti O\u00dc, une filiale de Minu Baltic O\u00dc. AZTEX a \u00e9t\u00e9 fond\u00e9e par l'entrepreneur Farid Ismayilov.\",\"breadcrumb\":{\"@id\":\"https:\\\/\\\/aztex.ee\\\/fr\\\/a-propos-de-aztex\\\/#breadcrumb\"},\"inLanguage\":\"fr-FR\",\"potentialAction\":[{\"@type\":\"ReadAction\",\"target\":[\"https:\\\/\\\/aztex.ee\\\/fr\\\/a-propos-de-aztex\\\/\"]}]},{\"@type\":\"BreadcrumbList\",\"@id\":\"https:\\\/\\\/aztex.ee\\\/fr\\\/a-propos-de-aztex\\\/#breadcrumb\",\"itemListElement\":[{\"@type\":\"ListItem\",\"position\":1,\"name\":\"Accueil\",\"item\":\"https:\\\/\\\/aztex.ee\\\/fr\\\/\"},{\"@type\":\"ListItem\",\"position\":2,\"name\":\"\u00c0 propos de AZTEX\"}]},{\"@type\":\"WebSite\",\"@id\":\"https:\\\/\\\/aztex.ee\\\/fr\\\/#website\",\"url\":\"https:\\\/\\\/aztex.ee\\\/fr\\\/\",\"name\":\"AZTEX\",\"description\":\"\",\"publisher\":{\"@id\":\"https:\\\/\\\/aztex.ee\\\/fr\\\/#organization\"},\"potentialAction\":[{\"@type\":\"SearchAction\",\"target\":{\"@type\":\"EntryPoint\",\"urlTemplate\":\"https:\\\/\\\/aztex.ee\\\/fr\\\/?s={search_term_string}\"},\"query-input\":{\"@type\":\"PropertyValueSpecification\",\"valueRequired\":true,\"valueName\":\"search_term_string\"}}],\"inLanguage\":\"fr-FR\"},{\"@type\":\"Organization\",\"@id\":\"https:\\\/\\\/aztex.ee\\\/fr\\\/#organization\",\"name\":\"AZTEX\",\"url\":\"https:\\\/\\\/aztex.ee\\\/fr\\\/\",\"logo\":{\"@type\":\"ImageObject\",\"inLanguage\":\"fr-FR\",\"@id\":\"https:\\\/\\\/aztex.ee\\\/fr\\\/#\\\/schema\\\/logo\\\/image\\\/\",\"url\":\"https:\\\/\\\/aztex.ee\\\/wp-content\\\/uploads\\\/2026\\\/01\\\/AZTEX.png\",\"contentUrl\":\"https:\\\/\\\/aztex.ee\\\/wp-content\\\/uploads\\\/2026\\\/01\\\/AZTEX.png\",\"width\":500,\"height\":500,\"caption\":\"AZTEX\"},\"image\":{\"@id\":\"https:\\\/\\\/aztex.ee\\\/fr\\\/#\\\/schema\\\/logo\\\/image\\\/\"},\"sameAs\":[\"https:\\\/\\\/www.facebook.com\\\/AztexEE\",\"https:\\\/\\\/www.instagram.com\\\/aztexeesti\\\/\",\"https:\\\/\\\/www.youtube.com\\\/@AZTEXEE\",\"https:\\\/\\\/www.pinterest.com\\\/aztex_eesti\\\/\",\"https:\\\/\\\/www.tiktok.com\\\/@aztexeesti\",\"https:\\\/\\\/www.trustpilot.com\\\/review\\\/aztex.ee\",\"https:\\\/\\\/www.linkedin.com\\\/company\\\/aztex-ee\\\/\",\"https:\\\/\\\/www.wikidata.org\\\/wiki\\\/Q137560182\"]}]}<\/script>\n<!-- \/ Yoast SEO plugin. -->","yoast_head_json":{"title":"\u00c0 propos de AZTEX | Linge de maison et literie de qualit\u00e9","description":"AZTEX est une marque internationale de textile de maison proposant du linge de lit et des articles textiles de haute qualit\u00e9 \u00e0 des clients du monde entier. La marque est exploit\u00e9e par AZTEX Eesti O\u00dc, une filiale de Minu Baltic O\u00dc. AZTEX a \u00e9t\u00e9 fond\u00e9e par l'entrepreneur Farid Ismayilov.","robots":{"index":"index","follow":"follow","max-snippet":"max-snippet:-1","max-image-preview":"max-image-preview:large","max-video-preview":"max-video-preview:-1"},"canonical":"https:\/\/aztex.ee\/fr\/a-propos-de-aztex\/","og_locale":"fr_FR","og_type":"article","og_title":"\u00c0 propos de AZTEX | Linge de maison et literie de qualit\u00e9","og_description":"AZTEX est une marque internationale de textile de maison proposant du linge de lit et des articles textiles de haute qualit\u00e9 \u00e0 des clients du monde entier. La marque est exploit\u00e9e par AZTEX Eesti O\u00dc, une filiale de Minu Baltic O\u00dc. AZTEX a \u00e9t\u00e9 fond\u00e9e par l'entrepreneur Farid Ismayilov.","og_url":"https:\/\/aztex.ee\/fr\/a-propos-de-aztex\/","og_site_name":"AZTEX","article_publisher":"https:\/\/www.facebook.com\/AztexEE","article_modified_time":"2026-03-16T10:04:21+00:00","twitter_card":"summary_large_image","twitter_misc":{"Dur\u00e9e de lecture estim\u00e9e":"2 minutes"},"schema":{"@context":"https:\/\/schema.org","@graph":[{"@type":"WebPage","@id":"https:\/\/aztex.ee\/fr\/a-propos-de-aztex\/","url":"https:\/\/aztex.ee\/fr\/a-propos-de-aztex\/","name":"\u00c0 propos de AZTEX | Linge de maison et literie de qualit\u00e9","isPartOf":{"@id":"https:\/\/aztex.ee\/fr\/#website"},"datePublished":"2026-03-16T07:17:40+00:00","dateModified":"2026-03-16T10:04:21+00:00","description":"AZTEX est une marque internationale de textile de maison proposant du linge de lit et des articles textiles de haute qualit\u00e9 \u00e0 des clients du monde entier. La marque est exploit\u00e9e par AZTEX Eesti O\u00dc, une filiale de Minu Baltic O\u00dc. AZTEX a \u00e9t\u00e9 fond\u00e9e par l'entrepreneur Farid Ismayilov.","breadcrumb":{"@id":"https:\/\/aztex.ee\/fr\/a-propos-de-aztex\/#breadcrumb"},"inLanguage":"fr-FR","potentialAction":[{"@type":"ReadAction","target":["https:\/\/aztex.ee\/fr\/a-propos-de-aztex\/"]}]},{"@type":"BreadcrumbList","@id":"https:\/\/aztex.ee\/fr\/a-propos-de-aztex\/#breadcrumb","itemListElement":[{"@type":"ListItem","position":1,"name":"Accueil","item":"https:\/\/aztex.ee\/fr\/"},{"@type":"ListItem","position":2,"name":"\u00c0 propos de AZTEX"}]},{"@type":"WebSite","@id":"https:\/\/aztex.ee\/fr\/#website","url":"https:\/\/aztex.ee\/fr\/","name":"AZTEX","description":"","publisher":{"@id":"https:\/\/aztex.ee\/fr\/#organization"},"potentialAction":[{"@type":"SearchAction","target":{"@type":"EntryPoint","urlTemplate":"https:\/\/aztex.ee\/fr\/?s={search_term_string}"},"query-input":{"@type":"PropertyValueSpecification","valueRequired":true,"valueName":"search_term_string"}}],"inLanguage":"fr-FR"},{"@type":"Organization","@id":"https:\/\/aztex.ee\/fr\/#organization","name":"AZTEX","url":"https:\/\/aztex.ee\/fr\/","logo":{"@type":"ImageObject","inLanguage":"fr-FR","@id":"https:\/\/aztex.ee\/fr\/#\/schema\/logo\/image\/","url":"https:\/\/aztex.ee\/wp-content\/uploads\/2026\/01\/AZTEX.png","contentUrl":"https:\/\/aztex.ee\/wp-content\/uploads\/2026\/01\/AZTEX.png","width":500,"height":500,"caption":"AZTEX"},"image":{"@id":"https:\/\/aztex.ee\/fr\/#\/schema\/logo\/image\/"},"sameAs":["https:\/\/www.facebook.com\/AztexEE","https:\/\/www.instagram.com\/aztexeesti\/","https:\/\/www.youtube.com\/@AZTEXEE","https:\/\/www.pinterest.com\/aztex_eesti\/","https:\/\/www.tiktok.com\/@aztexeesti","https:\/\/www.trustpilot.com\/review\/aztex.ee","https:\/\/www.linkedin.com\/company\/aztex-ee\/","https:\/\/www.wikidata.org\/wiki\/Q137560182"]}]}},"_links":{"self":[{"href":"https:\/\/aztex.ee\/fr\/wp-json\/wp\/v2\/pages\/107146","targetHints":{"allow":["GET"]}}],"collection":[{"href":"https:\/\/aztex.ee\/fr\/wp-json\/wp\/v2\/pages"}],"about":[{"href":"https:\/\/aztex.ee\/fr\/wp-json\/wp\/v2\/types\/page"}],"author":[{"embeddable":true,"href":"https:\/\/aztex.ee\/fr\/wp-json\/wp\/v2\/users\/1"}],"replies":[{"embeddable":true,"href":"https:\/\/aztex.ee\/fr\/wp-json\/wp\/v2\/comments?post=107146"}],"version-history":[{"count":5,"href":"https:\/\/aztex.ee\/fr\/wp-json\/wp\/v2\/pages\/107146\/revisions"}],"predecessor-version":[{"id":107208,"href":"https:\/\/aztex.ee\/fr\/wp-json\/wp\/v2\/pages\/107146\/revisions\/107208"}],"wp:attachment":[{"href":"https:\/\/aztex.ee\/fr\/wp-json\/wp\/v2\/media?parent=107146"}],"curies":[{"name":"wp","href":"https:\/\/api.w.org\/{rel}","templated":true}]}}