{"id":95332,"date":"2025-10-07T06:07:07","date_gmt":"2025-10-07T06:07:07","guid":{"rendered":"https:\/\/aztex.ee\/?post_type=product&#038;p=95332"},"modified":"2026-03-21T17:22:32","modified_gmt":"2026-03-21T17:22:32","slug":"vuodevaatteet-setti-puuvillasatiinia-helmipuutarha","status":"publish","type":"product","link":"https:\/\/aztex.ee\/fi\/pood\/vuodevaatteet\/vuodevaatteet-setti-puuvillasatiinia-helmipuutarha\/","title":{"rendered":"Vuodevaatteet setti puuvillasatiinia | Helmipuutarha"},"content":{"rendered":"<p>Puuvillasatiiniset vuodevaatteet tuovat pehmeytt\u00e4 ja mukavuutta makuuhuoneeseesi. Siin\u00e4 yhdistyv\u00e4t puuvillan luonnollisuus ja satiinin sileys tarjoten hengitt\u00e4v\u00e4n ja ihoyst\u00e4v\u00e4llisen materiaalin, joka sopii ihanteellisesti jokap\u00e4iv\u00e4iseen k\u00e4ytt\u00f6\u00f6n. Kangas on kest\u00e4v\u00e4\u00e4 ja helppohoitoista s\u00e4ilytt\u00e4en pehmeytens\u00e4 useidenkin pesujen j\u00e4lkeen. Puuvillasatiinivuodevaatteet ovat loistava valinta, jos arvostat laadukasta unta ja miellytt\u00e4v\u00e4\u00e4 kosketusta y\u00f6ll\u00e4.<\/p>\n","protected":false},"excerpt":{"rendered":"<p>Puuvillasatiiniset vuodevaatteet takaavat mukavuuden ja laadukkaan unen.<\/p>\n<ul>\n<li>Materiaali: 100% puuvillaa<\/li>\n<li>Kangas: Satiini<\/li>\n<li>Lankaluku: 300 TC<\/li>\n<li>Pussilakana: 200\u00d7220 cm<\/li>\n<li>Tyynyliina: 50\u00d775 cm (2kpl)<\/li>\n<li>Lakana: Ei sis\u00e4lly<\/li>\n<li>Mukavuus: Hengitt\u00e4v\u00e4 ja pehme\u00e4 rakenne<\/li>\n<\/ul>\n<p><img loading=\"lazy\" decoding=\"async\" class=\"alignnone size-full wp-image-25953\" src=\"https:\/\/aztex.ee\/wp-content\/uploads\/2024\/09\/cotton87.png\" alt=\"\" width=\"188\" height=\"71\" srcset=\"https:\/\/aztex.ee\/wp-content\/uploads\/2024\/09\/cotton87.png 188w, https:\/\/aztex.ee\/wp-content\/uploads\/2024\/09\/cotton87-150x57.png 150w\" sizes=\"auto, (max-width: 188px) 100vw, 188px\" \/><\/p>\n","protected":false},"featured_media":95354,"comment_status":"open","ping_status":"closed","template":"","meta":[],"product_brand":[],"product_cat":[264,165,598,378,497,132],"product_tag":[],"class_list":{"0":"post-95332","1":"product","2":"type-product","3":"status-publish","4":"has-post-thumbnail","6":"product_cat-puuvillainen-pussilakanasetti-200-220","7":"product_cat-puuvillaiset-vuodevaatteet","8":"product_cat-satiiniset-vuodevaatesetit","9":"product_cat-satiiniset-vuodevaatteet","10":"product_cat-vuodevaatesetit","11":"product_cat-vuodevaatteet","13":"first","14":"instock","15":"shipping-taxable","16":"purchasable","17":"product-type-simple"},"yoast_head":"<!-- This site is optimized with the Yoast SEO plugin v27.3 - https:\/\/yoast.com\/product\/yoast-seo-wordpress\/ -->\n<title>200x220 Pussilakanasetti puuvillasatiinia - Helmipuutarha | AZTEX<\/title>\n<meta name=\"description\" content=\"Pussilakanasetti 200x220 - ylellinen puuvillasatiini pussilakanasetti. Valmistettu 100% korkealaatuisesta puuvillasatiinista mukavan unen ja tyylikk\u00e4\u00e4n makuuhuoneen takaamiseksi.\" \/>\n<meta name=\"robots\" content=\"index, follow, max-snippet:-1, max-image-preview:large, max-video-preview:-1\" \/>\n<link rel=\"canonical\" href=\"https:\/\/aztex.ee\/fi\/pood\/vuodevaatteet\/vuodevaatteet-setti-puuvillasatiinia-helmipuutarha\/\" \/>\n<meta property=\"og:locale\" content=\"fi_FI\" \/>\n<meta property=\"og:type\" content=\"article\" \/>\n<meta property=\"og:title\" content=\"200x220 Pussilakanasetti puuvillasatiinia - Helmipuutarha | AZTEX\" \/>\n<meta property=\"og:description\" content=\"Pussilakanasetti 200x220 - ylellinen puuvillasatiini pussilakanasetti. Valmistettu 100% korkealaatuisesta puuvillasatiinista mukavan unen ja tyylikk\u00e4\u00e4n makuuhuoneen takaamiseksi.\" \/>\n<meta property=\"og:url\" content=\"https:\/\/aztex.ee\/fi\/pood\/vuodevaatteet\/vuodevaatteet-setti-puuvillasatiinia-helmipuutarha\/\" \/>\n<meta property=\"og:site_name\" content=\"AZTEX\" \/>\n<meta property=\"article:publisher\" content=\"https:\/\/www.facebook.com\/AztexEE\" \/>\n<meta property=\"article:modified_time\" content=\"2026-03-21T17:22:32+00:00\" \/>\n<meta property=\"og:image\" content=\"https:\/\/aztex.ee\/wp-content\/uploads\/2025\/10\/Voodipesukomplekt-200x220-Parliaed.jpg\" \/>\n\t<meta property=\"og:image:width\" content=\"800\" \/>\n\t<meta property=\"og:image:height\" content=\"800\" \/>\n\t<meta property=\"og:image:type\" content=\"image\/jpeg\" \/>\n<meta name=\"twitter:card\" content=\"summary_large_image\" \/>\n<meta name=\"twitter:label1\" content=\"Arvioitu lukuaika\" \/>\n\t<meta name=\"twitter:data1\" content=\"1 minuutti\" \/>\n<script type=\"application\/ld+json\" class=\"yoast-schema-graph\">{\"@context\":\"https:\\\/\\\/schema.org\",\"@graph\":[{\"@type\":[\"WebPage\",\"ItemPage\"],\"@id\":\"https:\\\/\\\/aztex.ee\\\/fi\\\/pood\\\/vuodevaatteet\\\/vuodevaatteet-setti-puuvillasatiinia-helmipuutarha\\\/\",\"url\":\"https:\\\/\\\/aztex.ee\\\/fi\\\/pood\\\/vuodevaatteet\\\/vuodevaatteet-setti-puuvillasatiinia-helmipuutarha\\\/\",\"name\":\"200x220 Pussilakanasetti puuvillasatiinia - Helmipuutarha | AZTEX\",\"isPartOf\":{\"@id\":\"https:\\\/\\\/aztex.ee\\\/fi\\\/#website\"},\"primaryImageOfPage\":{\"@id\":\"https:\\\/\\\/aztex.ee\\\/fi\\\/pood\\\/vuodevaatteet\\\/vuodevaatteet-setti-puuvillasatiinia-helmipuutarha\\\/#primaryimage\"},\"image\":{\"@id\":\"https:\\\/\\\/aztex.ee\\\/fi\\\/pood\\\/vuodevaatteet\\\/vuodevaatteet-setti-puuvillasatiinia-helmipuutarha\\\/#primaryimage\"},\"thumbnailUrl\":\"https:\\\/\\\/aztex.ee\\\/wp-content\\\/uploads\\\/2025\\\/10\\\/Voodipesukomplekt-200x220-Parliaed.jpg\",\"datePublished\":\"2025-10-07T06:07:07+00:00\",\"dateModified\":\"2026-03-21T17:22:32+00:00\",\"description\":\"Pussilakanasetti 200x220 - ylellinen puuvillasatiini pussilakanasetti. Valmistettu 100% korkealaatuisesta puuvillasatiinista mukavan unen ja tyylikk\u00e4\u00e4n makuuhuoneen takaamiseksi.\",\"breadcrumb\":{\"@id\":\"https:\\\/\\\/aztex.ee\\\/fi\\\/pood\\\/vuodevaatteet\\\/vuodevaatteet-setti-puuvillasatiinia-helmipuutarha\\\/#breadcrumb\"},\"inLanguage\":\"fi\",\"potentialAction\":[{\"@type\":\"ReadAction\",\"target\":[\"https:\\\/\\\/aztex.ee\\\/fi\\\/pood\\\/vuodevaatteet\\\/vuodevaatteet-setti-puuvillasatiinia-helmipuutarha\\\/\"]}]},{\"@type\":\"ImageObject\",\"inLanguage\":\"fi\",\"@id\":\"https:\\\/\\\/aztex.ee\\\/fi\\\/pood\\\/vuodevaatteet\\\/vuodevaatteet-setti-puuvillasatiinia-helmipuutarha\\\/#primaryimage\",\"url\":\"https:\\\/\\\/aztex.ee\\\/wp-content\\\/uploads\\\/2025\\\/10\\\/Voodipesukomplekt-200x220-Parliaed.jpg\",\"contentUrl\":\"https:\\\/\\\/aztex.ee\\\/wp-content\\\/uploads\\\/2025\\\/10\\\/Voodipesukomplekt-200x220-Parliaed.jpg\",\"width\":800,\"height\":800,\"caption\":\"Voodipesukomplekt 200x220 P\u00e4rliaed\"},{\"@type\":\"BreadcrumbList\",\"@id\":\"https:\\\/\\\/aztex.ee\\\/fi\\\/pood\\\/vuodevaatteet\\\/vuodevaatteet-setti-puuvillasatiinia-helmipuutarha\\\/#breadcrumb\",\"itemListElement\":[{\"@type\":\"ListItem\",\"position\":1,\"name\":\"Etusivu\",\"item\":\"https:\\\/\\\/aztex.ee\\\/fi\\\/\"},{\"@type\":\"ListItem\",\"position\":2,\"name\":\"Verkkokauppa\",\"item\":\"https:\\\/\\\/aztex.ee\\\/fi\\\/verkkokauppa\\\/\"},{\"@type\":\"ListItem\",\"position\":3,\"name\":\"Vuodevaatteet setti puuvillasatiinia | Helmipuutarha\"}]},{\"@type\":\"WebSite\",\"@id\":\"https:\\\/\\\/aztex.ee\\\/fi\\\/#website\",\"url\":\"https:\\\/\\\/aztex.ee\\\/fi\\\/\",\"name\":\"AZTEX\",\"description\":\"\",\"publisher\":{\"@id\":\"https:\\\/\\\/aztex.ee\\\/fi\\\/#organization\"},\"potentialAction\":[{\"@type\":\"SearchAction\",\"target\":{\"@type\":\"EntryPoint\",\"urlTemplate\":\"https:\\\/\\\/aztex.ee\\\/fi\\\/?s={search_term_string}\"},\"query-input\":{\"@type\":\"PropertyValueSpecification\",\"valueRequired\":true,\"valueName\":\"search_term_string\"}}],\"inLanguage\":\"fi\"},{\"@type\":\"Organization\",\"@id\":\"https:\\\/\\\/aztex.ee\\\/fi\\\/#organization\",\"name\":\"AZTEX\",\"url\":\"https:\\\/\\\/aztex.ee\\\/fi\\\/\",\"logo\":{\"@type\":\"ImageObject\",\"inLanguage\":\"fi\",\"@id\":\"https:\\\/\\\/aztex.ee\\\/fi\\\/#\\\/schema\\\/logo\\\/image\\\/\",\"url\":\"https:\\\/\\\/aztex.ee\\\/wp-content\\\/uploads\\\/2026\\\/01\\\/AZTEX.png\",\"contentUrl\":\"https:\\\/\\\/aztex.ee\\\/wp-content\\\/uploads\\\/2026\\\/01\\\/AZTEX.png\",\"width\":500,\"height\":500,\"caption\":\"AZTEX\"},\"image\":{\"@id\":\"https:\\\/\\\/aztex.ee\\\/fi\\\/#\\\/schema\\\/logo\\\/image\\\/\"},\"sameAs\":[\"https:\\\/\\\/www.facebook.com\\\/AztexEE\",\"https:\\\/\\\/www.instagram.com\\\/aztexeesti\\\/\",\"https:\\\/\\\/www.youtube.com\\\/@AZTEXEE\",\"https:\\\/\\\/www.pinterest.com\\\/aztex_eesti\\\/\",\"https:\\\/\\\/www.tiktok.com\\\/@aztexeesti\",\"https:\\\/\\\/www.trustpilot.com\\\/review\\\/aztex.ee\",\"https:\\\/\\\/www.linkedin.com\\\/company\\\/aztex-ee\\\/\",\"https:\\\/\\\/www.wikidata.org\\\/wiki\\\/Q137560182\"]}]}<\/script>\n<!-- \/ Yoast SEO plugin. -->","yoast_head_json":{"title":"200x220 Pussilakanasetti puuvillasatiinia - Helmipuutarha | AZTEX","description":"Pussilakanasetti 200x220 - ylellinen puuvillasatiini pussilakanasetti. Valmistettu 100% korkealaatuisesta puuvillasatiinista mukavan unen ja tyylikk\u00e4\u00e4n makuuhuoneen takaamiseksi.","robots":{"index":"index","follow":"follow","max-snippet":"max-snippet:-1","max-image-preview":"max-image-preview:large","max-video-preview":"max-video-preview:-1"},"canonical":"https:\/\/aztex.ee\/fi\/pood\/vuodevaatteet\/vuodevaatteet-setti-puuvillasatiinia-helmipuutarha\/","og_locale":"fi_FI","og_type":"article","og_title":"200x220 Pussilakanasetti puuvillasatiinia - Helmipuutarha | AZTEX","og_description":"Pussilakanasetti 200x220 - ylellinen puuvillasatiini pussilakanasetti. Valmistettu 100% korkealaatuisesta puuvillasatiinista mukavan unen ja tyylikk\u00e4\u00e4n makuuhuoneen takaamiseksi.","og_url":"https:\/\/aztex.ee\/fi\/pood\/vuodevaatteet\/vuodevaatteet-setti-puuvillasatiinia-helmipuutarha\/","og_site_name":"AZTEX","article_publisher":"https:\/\/www.facebook.com\/AztexEE","article_modified_time":"2026-03-21T17:22:32+00:00","og_image":[{"width":800,"height":800,"url":"https:\/\/aztex.ee\/wp-content\/uploads\/2025\/10\/Voodipesukomplekt-200x220-Parliaed.jpg","type":"image\/jpeg"}],"twitter_card":"summary_large_image","twitter_misc":{"Arvioitu lukuaika":"1 minuutti"},"schema":{"@context":"https:\/\/schema.org","@graph":[{"@type":["WebPage","ItemPage"],"@id":"https:\/\/aztex.ee\/fi\/pood\/vuodevaatteet\/vuodevaatteet-setti-puuvillasatiinia-helmipuutarha\/","url":"https:\/\/aztex.ee\/fi\/pood\/vuodevaatteet\/vuodevaatteet-setti-puuvillasatiinia-helmipuutarha\/","name":"200x220 Pussilakanasetti puuvillasatiinia - Helmipuutarha | AZTEX","isPartOf":{"@id":"https:\/\/aztex.ee\/fi\/#website"},"primaryImageOfPage":{"@id":"https:\/\/aztex.ee\/fi\/pood\/vuodevaatteet\/vuodevaatteet-setti-puuvillasatiinia-helmipuutarha\/#primaryimage"},"image":{"@id":"https:\/\/aztex.ee\/fi\/pood\/vuodevaatteet\/vuodevaatteet-setti-puuvillasatiinia-helmipuutarha\/#primaryimage"},"thumbnailUrl":"https:\/\/aztex.ee\/wp-content\/uploads\/2025\/10\/Voodipesukomplekt-200x220-Parliaed.jpg","datePublished":"2025-10-07T06:07:07+00:00","dateModified":"2026-03-21T17:22:32+00:00","description":"Pussilakanasetti 200x220 - ylellinen puuvillasatiini pussilakanasetti. Valmistettu 100% korkealaatuisesta puuvillasatiinista mukavan unen ja tyylikk\u00e4\u00e4n makuuhuoneen takaamiseksi.","breadcrumb":{"@id":"https:\/\/aztex.ee\/fi\/pood\/vuodevaatteet\/vuodevaatteet-setti-puuvillasatiinia-helmipuutarha\/#breadcrumb"},"inLanguage":"fi","potentialAction":[{"@type":"ReadAction","target":["https:\/\/aztex.ee\/fi\/pood\/vuodevaatteet\/vuodevaatteet-setti-puuvillasatiinia-helmipuutarha\/"]}]},{"@type":"ImageObject","inLanguage":"fi","@id":"https:\/\/aztex.ee\/fi\/pood\/vuodevaatteet\/vuodevaatteet-setti-puuvillasatiinia-helmipuutarha\/#primaryimage","url":"https:\/\/aztex.ee\/wp-content\/uploads\/2025\/10\/Voodipesukomplekt-200x220-Parliaed.jpg","contentUrl":"https:\/\/aztex.ee\/wp-content\/uploads\/2025\/10\/Voodipesukomplekt-200x220-Parliaed.jpg","width":800,"height":800,"caption":"Voodipesukomplekt 200x220 P\u00e4rliaed"},{"@type":"BreadcrumbList","@id":"https:\/\/aztex.ee\/fi\/pood\/vuodevaatteet\/vuodevaatteet-setti-puuvillasatiinia-helmipuutarha\/#breadcrumb","itemListElement":[{"@type":"ListItem","position":1,"name":"Etusivu","item":"https:\/\/aztex.ee\/fi\/"},{"@type":"ListItem","position":2,"name":"Verkkokauppa","item":"https:\/\/aztex.ee\/fi\/verkkokauppa\/"},{"@type":"ListItem","position":3,"name":"Vuodevaatteet setti puuvillasatiinia | Helmipuutarha"}]},{"@type":"WebSite","@id":"https:\/\/aztex.ee\/fi\/#website","url":"https:\/\/aztex.ee\/fi\/","name":"AZTEX","description":"","publisher":{"@id":"https:\/\/aztex.ee\/fi\/#organization"},"potentialAction":[{"@type":"SearchAction","target":{"@type":"EntryPoint","urlTemplate":"https:\/\/aztex.ee\/fi\/?s={search_term_string}"},"query-input":{"@type":"PropertyValueSpecification","valueRequired":true,"valueName":"search_term_string"}}],"inLanguage":"fi"},{"@type":"Organization","@id":"https:\/\/aztex.ee\/fi\/#organization","name":"AZTEX","url":"https:\/\/aztex.ee\/fi\/","logo":{"@type":"ImageObject","inLanguage":"fi","@id":"https:\/\/aztex.ee\/fi\/#\/schema\/logo\/image\/","url":"https:\/\/aztex.ee\/wp-content\/uploads\/2026\/01\/AZTEX.png","contentUrl":"https:\/\/aztex.ee\/wp-content\/uploads\/2026\/01\/AZTEX.png","width":500,"height":500,"caption":"AZTEX"},"image":{"@id":"https:\/\/aztex.ee\/fi\/#\/schema\/logo\/image\/"},"sameAs":["https:\/\/www.facebook.com\/AztexEE","https:\/\/www.instagram.com\/aztexeesti\/","https:\/\/www.youtube.com\/@AZTEXEE","https:\/\/www.pinterest.com\/aztex_eesti\/","https:\/\/www.tiktok.com\/@aztexeesti","https:\/\/www.trustpilot.com\/review\/aztex.ee","https:\/\/www.linkedin.com\/company\/aztex-ee\/","https:\/\/www.wikidata.org\/wiki\/Q137560182"]}]}},"_links":{"self":[{"href":"https:\/\/aztex.ee\/fi\/wp-json\/wp\/v2\/product\/95332","targetHints":{"allow":["GET"]}}],"collection":[{"href":"https:\/\/aztex.ee\/fi\/wp-json\/wp\/v2\/product"}],"about":[{"href":"https:\/\/aztex.ee\/fi\/wp-json\/wp\/v2\/types\/product"}],"replies":[{"embeddable":true,"href":"https:\/\/aztex.ee\/fi\/wp-json\/wp\/v2\/comments?post=95332"}],"version-history":[{"count":3,"href":"https:\/\/aztex.ee\/fi\/wp-json\/wp\/v2\/product\/95332\/revisions"}],"predecessor-version":[{"id":95449,"href":"https:\/\/aztex.ee\/fi\/wp-json\/wp\/v2\/product\/95332\/revisions\/95449"}],"wp:featuredmedia":[{"embeddable":true,"href":"https:\/\/aztex.ee\/fi\/wp-json\/wp\/v2\/media\/95354"}],"wp:attachment":[{"href":"https:\/\/aztex.ee\/fi\/wp-json\/wp\/v2\/media?parent=95332"}],"wp:term":[{"taxonomy":"product_brand","embeddable":true,"href":"https:\/\/aztex.ee\/fi\/wp-json\/wp\/v2\/product_brand?post=95332"},{"taxonomy":"product_cat","embeddable":true,"href":"https:\/\/aztex.ee\/fi\/wp-json\/wp\/v2\/product_cat?post=95332"},{"taxonomy":"product_tag","embeddable":true,"href":"https:\/\/aztex.ee\/fi\/wp-json\/wp\/v2\/product_tag?post=95332"}],"curies":[{"name":"wp","href":"https:\/\/api.w.org\/{rel}","templated":true}]}}