{"id":91174,"date":"2025-08-15T15:44:39","date_gmt":"2025-08-15T15:44:39","guid":{"rendered":"https:\/\/aztex.ee\/?post_type=product&#038;p=91174"},"modified":"2025-08-15T16:21:21","modified_gmt":"2025-08-15T16:21:21","slug":"hamppu-tyynyliina-sinappi","status":"publish","type":"product","link":"https:\/\/aztex.ee\/fi\/pood\/hamppu-tyynyliinat\/hamppu-tyynyliina-sinappi\/","title":{"rendered":"Hamppu tyynyliina | Sinappi"},"content":{"rendered":"<p>Hampputyynyliina lis\u00e4\u00e4 ylellist\u00e4 ja modernia ilmett\u00e4 jokaiseen makuuhuoneeseen hampun luonnollisuuden ansiosta. T\u00e4m\u00e4 materiaali tarjoaa tyynyliinalle kest\u00e4vyytt\u00e4 ja pitk\u00e4ik\u00e4isyytt\u00e4, joten se on loistava valinta ymp\u00e4rist\u00f6yst\u00e4v\u00e4llisen el\u00e4m\u00e4ntavan suosiville.<\/p>\n<p>Hampputyynyliinan k\u00e4ytt\u00f6 tukee hyv\u00e4\u00e4 unta ja parantaa yleist\u00e4 hyvinvointia. Hampun antibakteeriset ja allergiavapaat ominaisuudet tekev\u00e4t siit\u00e4 ihanteellisen valinnan niin allergikoille kuin astmaatikoillekin, sill\u00e4 hamppu karkottaa bakteereja ja pit\u00e4\u00e4 tyynyliinan puhtaana pidemp\u00e4\u00e4n.<\/p>\n","protected":false},"excerpt":{"rendered":"<p>Hamppu Tyynyliina on kest\u00e4v\u00e4, hengitt\u00e4v\u00e4 ja ihoyst\u00e4v\u00e4llinen valinta mukavaan uneen.<\/p>\n<ul>\n<li>V\u00e4ri: Sinappi<\/li>\n<li>Materiaali: 100% hamppu, 180 g\/m2<\/li>\n<\/ul>\n<p><img loading=\"lazy\" decoding=\"async\" class=\"alignnone size-full wp-image-20226\" src=\"https:\/\/aztex.ee\/wp-content\/uploads\/2024\/09\/oekotex100.png\" alt=\"\" width=\"204\" height=\"72\" srcset=\"https:\/\/aztex.ee\/wp-content\/uploads\/2024\/09\/oekotex100.png 204w, https:\/\/aztex.ee\/wp-content\/uploads\/2024\/09\/oekotex100-150x53.png 150w\" sizes=\"auto, (max-width: 204px) 100vw, 204px\" \/><img loading=\"lazy\" decoding=\"async\" class=\"alignnone wp-image-20896\" src=\"https:\/\/aztex.ee\/wp-content\/uploads\/2024\/09\/NATURALHEMP.png\" alt=\"\" width=\"79\" height=\"79\" srcset=\"https:\/\/aztex.ee\/wp-content\/uploads\/2024\/09\/NATURALHEMP.png 300w, https:\/\/aztex.ee\/wp-content\/uploads\/2024\/09\/NATURALHEMP-150x150.png 150w\" sizes=\"auto, (max-width: 79px) 100vw, 79px\" \/><\/p>\n","protected":false},"featured_media":91366,"comment_status":"open","ping_status":"closed","template":"","meta":[],"product_brand":[],"product_cat":[457,1772],"product_tag":[],"class_list":{"0":"post-91174","1":"product","2":"type-product","3":"status-publish","4":"has-post-thumbnail","6":"product_cat-hamppu-tyynyliinat","7":"product_cat-tyynyliinat","9":"first","10":"instock","11":"shipping-taxable","12":"purchasable","13":"product-type-variable"},"yoast_head":"<!-- This site is optimized with the Yoast SEO plugin v27.3 - https:\/\/yoast.com\/product\/yoast-seo-wordpress\/ -->\n<title>Hamppu tyynyliina - Sinappi | AZTEX<\/title>\n<meta name=\"description\" content=\"Hamppu tyynyliina on pehme\u00e4, hengitt\u00e4v\u00e4 ja antibakteerinen. Se pit\u00e4\u00e4 tyynyn raikkaana, hallitsee kosteutta ja sopii my\u00f6s herk\u00e4lle ja allergiselle iholle.\" \/>\n<meta name=\"robots\" content=\"index, follow, max-snippet:-1, max-image-preview:large, max-video-preview:-1\" \/>\n<link rel=\"canonical\" href=\"https:\/\/aztex.ee\/fi\/pood\/hamppu-tyynyliinat\/hamppu-tyynyliina-sinappi\/\" \/>\n<meta property=\"og:locale\" content=\"fi_FI\" \/>\n<meta property=\"og:type\" content=\"article\" \/>\n<meta property=\"og:title\" content=\"Hamppu tyynyliina - Sinappi | AZTEX\" \/>\n<meta property=\"og:description\" content=\"Hamppu tyynyliina on pehme\u00e4, hengitt\u00e4v\u00e4 ja antibakteerinen. Se pit\u00e4\u00e4 tyynyn raikkaana, hallitsee kosteutta ja sopii my\u00f6s herk\u00e4lle ja allergiselle iholle.\" \/>\n<meta property=\"og:url\" content=\"https:\/\/aztex.ee\/fi\/pood\/hamppu-tyynyliinat\/hamppu-tyynyliina-sinappi\/\" \/>\n<meta property=\"og:site_name\" content=\"AZTEX\" \/>\n<meta property=\"article:publisher\" content=\"https:\/\/www.facebook.com\/AztexEE\" \/>\n<meta property=\"article:modified_time\" content=\"2025-08-15T16:21:21+00:00\" \/>\n<meta property=\"og:image\" content=\"https:\/\/aztex.ee\/wp-content\/uploads\/2025\/08\/Sinep-varv-Kanepist-padjapuur.jpg\" \/>\n\t<meta property=\"og:image:width\" content=\"800\" \/>\n\t<meta property=\"og:image:height\" content=\"800\" \/>\n\t<meta property=\"og:image:type\" content=\"image\/jpeg\" \/>\n<meta name=\"twitter:card\" content=\"summary_large_image\" \/>\n<meta name=\"twitter:label1\" content=\"Arvioitu lukuaika\" \/>\n\t<meta name=\"twitter:data1\" content=\"1 minuutti\" \/>\n<script type=\"application\/ld+json\" class=\"yoast-schema-graph\">{\"@context\":\"https:\\\/\\\/schema.org\",\"@graph\":[{\"@type\":[\"WebPage\",\"ItemPage\"],\"@id\":\"https:\\\/\\\/aztex.ee\\\/fi\\\/pood\\\/hamppu-tyynyliinat\\\/hamppu-tyynyliina-sinappi\\\/\",\"url\":\"https:\\\/\\\/aztex.ee\\\/fi\\\/pood\\\/hamppu-tyynyliinat\\\/hamppu-tyynyliina-sinappi\\\/\",\"name\":\"Hamppu tyynyliina - Sinappi | AZTEX\",\"isPartOf\":{\"@id\":\"https:\\\/\\\/aztex.ee\\\/fi\\\/#website\"},\"primaryImageOfPage\":{\"@id\":\"https:\\\/\\\/aztex.ee\\\/fi\\\/pood\\\/hamppu-tyynyliinat\\\/hamppu-tyynyliina-sinappi\\\/#primaryimage\"},\"image\":{\"@id\":\"https:\\\/\\\/aztex.ee\\\/fi\\\/pood\\\/hamppu-tyynyliinat\\\/hamppu-tyynyliina-sinappi\\\/#primaryimage\"},\"thumbnailUrl\":\"https:\\\/\\\/aztex.ee\\\/wp-content\\\/uploads\\\/2025\\\/08\\\/Sinep-varv-Kanepist-padjapuur.jpg\",\"datePublished\":\"2025-08-15T15:44:39+00:00\",\"dateModified\":\"2025-08-15T16:21:21+00:00\",\"description\":\"Hamppu tyynyliina on pehme\u00e4, hengitt\u00e4v\u00e4 ja antibakteerinen. Se pit\u00e4\u00e4 tyynyn raikkaana, hallitsee kosteutta ja sopii my\u00f6s herk\u00e4lle ja allergiselle iholle.\",\"breadcrumb\":{\"@id\":\"https:\\\/\\\/aztex.ee\\\/fi\\\/pood\\\/hamppu-tyynyliinat\\\/hamppu-tyynyliina-sinappi\\\/#breadcrumb\"},\"inLanguage\":\"fi\",\"potentialAction\":[{\"@type\":\"ReadAction\",\"target\":[\"https:\\\/\\\/aztex.ee\\\/fi\\\/pood\\\/hamppu-tyynyliinat\\\/hamppu-tyynyliina-sinappi\\\/\"]}]},{\"@type\":\"ImageObject\",\"inLanguage\":\"fi\",\"@id\":\"https:\\\/\\\/aztex.ee\\\/fi\\\/pood\\\/hamppu-tyynyliinat\\\/hamppu-tyynyliina-sinappi\\\/#primaryimage\",\"url\":\"https:\\\/\\\/aztex.ee\\\/wp-content\\\/uploads\\\/2025\\\/08\\\/Sinep-varv-Kanepist-padjapuur.jpg\",\"contentUrl\":\"https:\\\/\\\/aztex.ee\\\/wp-content\\\/uploads\\\/2025\\\/08\\\/Sinep-varv-Kanepist-padjapuur.jpg\",\"width\":800,\"height\":800,\"caption\":\"Sinep v\u00e4rv Kanepist padjap\u00fc\u00fcr\"},{\"@type\":\"BreadcrumbList\",\"@id\":\"https:\\\/\\\/aztex.ee\\\/fi\\\/pood\\\/hamppu-tyynyliinat\\\/hamppu-tyynyliina-sinappi\\\/#breadcrumb\",\"itemListElement\":[{\"@type\":\"ListItem\",\"position\":1,\"name\":\"Etusivu\",\"item\":\"https:\\\/\\\/aztex.ee\\\/fi\\\/\"},{\"@type\":\"ListItem\",\"position\":2,\"name\":\"Verkkokauppa\",\"item\":\"https:\\\/\\\/aztex.ee\\\/fi\\\/verkkokauppa\\\/\"},{\"@type\":\"ListItem\",\"position\":3,\"name\":\"Hamppu tyynyliina | Sinappi\"}]},{\"@type\":\"WebSite\",\"@id\":\"https:\\\/\\\/aztex.ee\\\/fi\\\/#website\",\"url\":\"https:\\\/\\\/aztex.ee\\\/fi\\\/\",\"name\":\"AZTEX\",\"description\":\"\",\"publisher\":{\"@id\":\"https:\\\/\\\/aztex.ee\\\/fi\\\/#organization\"},\"potentialAction\":[{\"@type\":\"SearchAction\",\"target\":{\"@type\":\"EntryPoint\",\"urlTemplate\":\"https:\\\/\\\/aztex.ee\\\/fi\\\/?s={search_term_string}\"},\"query-input\":{\"@type\":\"PropertyValueSpecification\",\"valueRequired\":true,\"valueName\":\"search_term_string\"}}],\"inLanguage\":\"fi\"},{\"@type\":\"Organization\",\"@id\":\"https:\\\/\\\/aztex.ee\\\/fi\\\/#organization\",\"name\":\"AZTEX\",\"url\":\"https:\\\/\\\/aztex.ee\\\/fi\\\/\",\"logo\":{\"@type\":\"ImageObject\",\"inLanguage\":\"fi\",\"@id\":\"https:\\\/\\\/aztex.ee\\\/fi\\\/#\\\/schema\\\/logo\\\/image\\\/\",\"url\":\"https:\\\/\\\/aztex.ee\\\/wp-content\\\/uploads\\\/2026\\\/01\\\/AZTEX.png\",\"contentUrl\":\"https:\\\/\\\/aztex.ee\\\/wp-content\\\/uploads\\\/2026\\\/01\\\/AZTEX.png\",\"width\":500,\"height\":500,\"caption\":\"AZTEX\"},\"image\":{\"@id\":\"https:\\\/\\\/aztex.ee\\\/fi\\\/#\\\/schema\\\/logo\\\/image\\\/\"},\"sameAs\":[\"https:\\\/\\\/www.facebook.com\\\/AztexEE\",\"https:\\\/\\\/www.instagram.com\\\/aztexeesti\\\/\",\"https:\\\/\\\/www.youtube.com\\\/@AZTEXEE\",\"https:\\\/\\\/www.pinterest.com\\\/aztex_eesti\\\/\",\"https:\\\/\\\/www.tiktok.com\\\/@aztexeesti\",\"https:\\\/\\\/www.trustpilot.com\\\/review\\\/aztex.ee\",\"https:\\\/\\\/www.linkedin.com\\\/company\\\/aztex-ee\\\/\",\"https:\\\/\\\/www.wikidata.org\\\/wiki\\\/Q137560182\"]}]}<\/script>\n<!-- \/ Yoast SEO plugin. -->","yoast_head_json":{"title":"Hamppu tyynyliina - Sinappi | AZTEX","description":"Hamppu tyynyliina on pehme\u00e4, hengitt\u00e4v\u00e4 ja antibakteerinen. Se pit\u00e4\u00e4 tyynyn raikkaana, hallitsee kosteutta ja sopii my\u00f6s herk\u00e4lle ja allergiselle iholle.","robots":{"index":"index","follow":"follow","max-snippet":"max-snippet:-1","max-image-preview":"max-image-preview:large","max-video-preview":"max-video-preview:-1"},"canonical":"https:\/\/aztex.ee\/fi\/pood\/hamppu-tyynyliinat\/hamppu-tyynyliina-sinappi\/","og_locale":"fi_FI","og_type":"article","og_title":"Hamppu tyynyliina - Sinappi | AZTEX","og_description":"Hamppu tyynyliina on pehme\u00e4, hengitt\u00e4v\u00e4 ja antibakteerinen. Se pit\u00e4\u00e4 tyynyn raikkaana, hallitsee kosteutta ja sopii my\u00f6s herk\u00e4lle ja allergiselle iholle.","og_url":"https:\/\/aztex.ee\/fi\/pood\/hamppu-tyynyliinat\/hamppu-tyynyliina-sinappi\/","og_site_name":"AZTEX","article_publisher":"https:\/\/www.facebook.com\/AztexEE","article_modified_time":"2025-08-15T16:21:21+00:00","og_image":[{"width":800,"height":800,"url":"https:\/\/aztex.ee\/wp-content\/uploads\/2025\/08\/Sinep-varv-Kanepist-padjapuur.jpg","type":"image\/jpeg"}],"twitter_card":"summary_large_image","twitter_misc":{"Arvioitu lukuaika":"1 minuutti"},"schema":{"@context":"https:\/\/schema.org","@graph":[{"@type":["WebPage","ItemPage"],"@id":"https:\/\/aztex.ee\/fi\/pood\/hamppu-tyynyliinat\/hamppu-tyynyliina-sinappi\/","url":"https:\/\/aztex.ee\/fi\/pood\/hamppu-tyynyliinat\/hamppu-tyynyliina-sinappi\/","name":"Hamppu tyynyliina - Sinappi | AZTEX","isPartOf":{"@id":"https:\/\/aztex.ee\/fi\/#website"},"primaryImageOfPage":{"@id":"https:\/\/aztex.ee\/fi\/pood\/hamppu-tyynyliinat\/hamppu-tyynyliina-sinappi\/#primaryimage"},"image":{"@id":"https:\/\/aztex.ee\/fi\/pood\/hamppu-tyynyliinat\/hamppu-tyynyliina-sinappi\/#primaryimage"},"thumbnailUrl":"https:\/\/aztex.ee\/wp-content\/uploads\/2025\/08\/Sinep-varv-Kanepist-padjapuur.jpg","datePublished":"2025-08-15T15:44:39+00:00","dateModified":"2025-08-15T16:21:21+00:00","description":"Hamppu tyynyliina on pehme\u00e4, hengitt\u00e4v\u00e4 ja antibakteerinen. Se pit\u00e4\u00e4 tyynyn raikkaana, hallitsee kosteutta ja sopii my\u00f6s herk\u00e4lle ja allergiselle iholle.","breadcrumb":{"@id":"https:\/\/aztex.ee\/fi\/pood\/hamppu-tyynyliinat\/hamppu-tyynyliina-sinappi\/#breadcrumb"},"inLanguage":"fi","potentialAction":[{"@type":"ReadAction","target":["https:\/\/aztex.ee\/fi\/pood\/hamppu-tyynyliinat\/hamppu-tyynyliina-sinappi\/"]}]},{"@type":"ImageObject","inLanguage":"fi","@id":"https:\/\/aztex.ee\/fi\/pood\/hamppu-tyynyliinat\/hamppu-tyynyliina-sinappi\/#primaryimage","url":"https:\/\/aztex.ee\/wp-content\/uploads\/2025\/08\/Sinep-varv-Kanepist-padjapuur.jpg","contentUrl":"https:\/\/aztex.ee\/wp-content\/uploads\/2025\/08\/Sinep-varv-Kanepist-padjapuur.jpg","width":800,"height":800,"caption":"Sinep v\u00e4rv Kanepist padjap\u00fc\u00fcr"},{"@type":"BreadcrumbList","@id":"https:\/\/aztex.ee\/fi\/pood\/hamppu-tyynyliinat\/hamppu-tyynyliina-sinappi\/#breadcrumb","itemListElement":[{"@type":"ListItem","position":1,"name":"Etusivu","item":"https:\/\/aztex.ee\/fi\/"},{"@type":"ListItem","position":2,"name":"Verkkokauppa","item":"https:\/\/aztex.ee\/fi\/verkkokauppa\/"},{"@type":"ListItem","position":3,"name":"Hamppu tyynyliina | Sinappi"}]},{"@type":"WebSite","@id":"https:\/\/aztex.ee\/fi\/#website","url":"https:\/\/aztex.ee\/fi\/","name":"AZTEX","description":"","publisher":{"@id":"https:\/\/aztex.ee\/fi\/#organization"},"potentialAction":[{"@type":"SearchAction","target":{"@type":"EntryPoint","urlTemplate":"https:\/\/aztex.ee\/fi\/?s={search_term_string}"},"query-input":{"@type":"PropertyValueSpecification","valueRequired":true,"valueName":"search_term_string"}}],"inLanguage":"fi"},{"@type":"Organization","@id":"https:\/\/aztex.ee\/fi\/#organization","name":"AZTEX","url":"https:\/\/aztex.ee\/fi\/","logo":{"@type":"ImageObject","inLanguage":"fi","@id":"https:\/\/aztex.ee\/fi\/#\/schema\/logo\/image\/","url":"https:\/\/aztex.ee\/wp-content\/uploads\/2026\/01\/AZTEX.png","contentUrl":"https:\/\/aztex.ee\/wp-content\/uploads\/2026\/01\/AZTEX.png","width":500,"height":500,"caption":"AZTEX"},"image":{"@id":"https:\/\/aztex.ee\/fi\/#\/schema\/logo\/image\/"},"sameAs":["https:\/\/www.facebook.com\/AztexEE","https:\/\/www.instagram.com\/aztexeesti\/","https:\/\/www.youtube.com\/@AZTEXEE","https:\/\/www.pinterest.com\/aztex_eesti\/","https:\/\/www.tiktok.com\/@aztexeesti","https:\/\/www.trustpilot.com\/review\/aztex.ee","https:\/\/www.linkedin.com\/company\/aztex-ee\/","https:\/\/www.wikidata.org\/wiki\/Q137560182"]}]}},"_links":{"self":[{"href":"https:\/\/aztex.ee\/fi\/wp-json\/wp\/v2\/product\/91174","targetHints":{"allow":["GET"]}}],"collection":[{"href":"https:\/\/aztex.ee\/fi\/wp-json\/wp\/v2\/product"}],"about":[{"href":"https:\/\/aztex.ee\/fi\/wp-json\/wp\/v2\/types\/product"}],"replies":[{"embeddable":true,"href":"https:\/\/aztex.ee\/fi\/wp-json\/wp\/v2\/comments?post=91174"}],"version-history":[{"count":0,"href":"https:\/\/aztex.ee\/fi\/wp-json\/wp\/v2\/product\/91174\/revisions"}],"wp:featuredmedia":[{"embeddable":true,"href":"https:\/\/aztex.ee\/fi\/wp-json\/wp\/v2\/media\/91366"}],"wp:attachment":[{"href":"https:\/\/aztex.ee\/fi\/wp-json\/wp\/v2\/media?parent=91174"}],"wp:term":[{"taxonomy":"product_brand","embeddable":true,"href":"https:\/\/aztex.ee\/fi\/wp-json\/wp\/v2\/product_brand?post=91174"},{"taxonomy":"product_cat","embeddable":true,"href":"https:\/\/aztex.ee\/fi\/wp-json\/wp\/v2\/product_cat?post=91174"},{"taxonomy":"product_tag","embeddable":true,"href":"https:\/\/aztex.ee\/fi\/wp-json\/wp\/v2\/product_tag?post=91174"}],"curies":[{"name":"wp","href":"https:\/\/api.w.org\/{rel}","templated":true}]}}