{"id":91023,"date":"2025-08-15T12:06:58","date_gmt":"2025-08-15T12:06:58","guid":{"rendered":"https:\/\/aztex.ee\/?post_type=product&#038;p=91023"},"modified":"2025-08-15T13:45:31","modified_gmt":"2025-08-15T13:45:31","slug":"hamppulakana-sinappi","status":"publish","type":"product","link":"https:\/\/aztex.ee\/fi\/pood\/hamppulakanat\/hamppulakana-sinappi\/","title":{"rendered":"Hamppulakana | Sinappi"},"content":{"rendered":"<p>Hamppu lakana on t\u00e4ydellinen valinta, jossa yhdistyv\u00e4t k\u00e4yt\u00e4nn\u00f6llisyys, kest\u00e4vyys ja tyyli miss\u00e4 tahansa makuuhuoneessa. Hamppukankaan luonnollinen rakenne ja neutraali v\u00e4ri luovat elegantin ja maalaismaisen tunnelman, joka t\u00e4ydent\u00e4\u00e4 erilaisia \u200b\u200bsisustustyylej\u00e4. Mukavuuden lis\u00e4ksi hamppulakana on my\u00f6s allergiavapaa ja antibakteerinen tarjoten hengitt\u00e4v\u00e4n ja terveellisen unen koko y\u00f6n.<\/p>\n<p>Hamppuvuoteet ovat helppohoitoisia &#8211; ne ovat konepest\u00e4vi\u00e4 ja s\u00e4ilytt\u00e4v\u00e4t laatunsa useiden pesujenkin j\u00e4lkeen. Hamppukuidut kuivuvat nopeasti, mik\u00e4 on ihanteellinen ominaisuus k\u00e4yt\u00e4nn\u00f6llisyytt\u00e4 ja mukavuutta arvostaville. Lis\u00e4ksi hamppu on ymp\u00e4rist\u00f6yst\u00e4v\u00e4llinen materiaali, koska sen viljely on ymp\u00e4rist\u00f6yst\u00e4v\u00e4llist\u00e4 ja kest\u00e4v\u00e4\u00e4, joten hamppuvuodevaatteet ovat ymp\u00e4rist\u00f6- ja luontoyst\u00e4v\u00e4llinen valinta.<\/p>\n","protected":false},"excerpt":{"rendered":"<p>100% hamppu lakana on hypoallergeeninen ja antibakteerinen.<\/p>\n<ul>\n<li>V\u00e4ri: Sinappi<\/li>\n<li>Materiaali: 100% hamppu, 180 g\/m2<\/li>\n<li>Koko: 220\u00d7240 cm<\/li>\n<\/ul>\n<p><img loading=\"lazy\" decoding=\"async\" class=\"alignnone size-full wp-image-20226\" src=\"https:\/\/aztex.ee\/wp-content\/uploads\/2024\/09\/oekotex100.png\" alt=\"\" width=\"204\" height=\"72\" srcset=\"https:\/\/aztex.ee\/wp-content\/uploads\/2024\/09\/oekotex100.png 204w, https:\/\/aztex.ee\/wp-content\/uploads\/2024\/09\/oekotex100-150x53.png 150w\" sizes=\"auto, (max-width: 204px) 100vw, 204px\" \/><img loading=\"lazy\" decoding=\"async\" class=\"alignnone wp-image-20896\" src=\"https:\/\/aztex.ee\/wp-content\/uploads\/2024\/09\/NATURALHEMP.png\" alt=\"\" width=\"79\" height=\"79\" srcset=\"https:\/\/aztex.ee\/wp-content\/uploads\/2024\/09\/NATURALHEMP.png 300w, https:\/\/aztex.ee\/wp-content\/uploads\/2024\/09\/NATURALHEMP-150x150.png 150w\" sizes=\"auto, (max-width: 79px) 100vw, 79px\" \/><\/p>\n","protected":false},"featured_media":91044,"comment_status":"open","ping_status":"closed","template":"","meta":[],"product_brand":[],"product_cat":[439,1794],"product_tag":[],"class_list":{"0":"post-91023","1":"product","2":"type-product","3":"status-publish","4":"has-post-thumbnail","6":"product_cat-hamppulakanat","7":"product_cat-lakanat","9":"first","10":"instock","11":"shipping-taxable","12":"purchasable","13":"product-type-simple"},"yoast_head":"<!-- This site is optimized with the Yoast SEO plugin v27.3 - https:\/\/yoast.com\/product\/yoast-seo-wordpress\/ -->\n<title>Hamppu lakana - Sinappi | AZTEX<\/title>\n<meta name=\"description\" content=\"Hamppuinen lakana on kest\u00e4v\u00e4, antibakteerinen ja kosteutta siirt\u00e4v\u00e4. Tarjoaa mukavuutta, pit\u00e4\u00e4 l\u00e4mp\u00f6tilan yll\u00e4 ja sopii my\u00f6s herk\u00e4lle iholle. Ilmainen toimitus kaikkialle Eurooppaan.\" \/>\n<meta name=\"robots\" content=\"index, follow, max-snippet:-1, max-image-preview:large, max-video-preview:-1\" \/>\n<link rel=\"canonical\" href=\"https:\/\/aztex.ee\/fi\/pood\/hamppulakanat\/hamppulakana-sinappi\/\" \/>\n<meta property=\"og:locale\" content=\"fi_FI\" \/>\n<meta property=\"og:type\" content=\"article\" \/>\n<meta property=\"og:title\" content=\"Hamppu lakana - Sinappi | AZTEX\" \/>\n<meta property=\"og:description\" content=\"Hamppuinen lakana on kest\u00e4v\u00e4, antibakteerinen ja kosteutta siirt\u00e4v\u00e4. Tarjoaa mukavuutta, pit\u00e4\u00e4 l\u00e4mp\u00f6tilan yll\u00e4 ja sopii my\u00f6s herk\u00e4lle iholle. Ilmainen toimitus kaikkialle Eurooppaan.\" \/>\n<meta property=\"og:url\" content=\"https:\/\/aztex.ee\/fi\/pood\/hamppulakanat\/hamppulakana-sinappi\/\" \/>\n<meta property=\"og:site_name\" content=\"AZTEX\" \/>\n<meta property=\"article:publisher\" content=\"https:\/\/www.facebook.com\/AztexEE\" \/>\n<meta property=\"article:modified_time\" content=\"2025-08-15T13:45:31+00:00\" \/>\n<meta property=\"og:image\" content=\"https:\/\/aztex.ee\/wp-content\/uploads\/2025\/08\/Kanepist-voodilina-Sinep-varv.jpg\" \/>\n\t<meta property=\"og:image:width\" content=\"800\" \/>\n\t<meta property=\"og:image:height\" content=\"800\" \/>\n\t<meta property=\"og:image:type\" content=\"image\/jpeg\" \/>\n<meta name=\"twitter:card\" content=\"summary_large_image\" \/>\n<meta name=\"twitter:label1\" content=\"Arvioitu lukuaika\" \/>\n\t<meta name=\"twitter:data1\" content=\"1 minuutti\" \/>\n<script type=\"application\/ld+json\" class=\"yoast-schema-graph\">{\"@context\":\"https:\\\/\\\/schema.org\",\"@graph\":[{\"@type\":[\"WebPage\",\"ItemPage\"],\"@id\":\"https:\\\/\\\/aztex.ee\\\/fi\\\/pood\\\/hamppulakanat\\\/hamppulakana-sinappi\\\/\",\"url\":\"https:\\\/\\\/aztex.ee\\\/fi\\\/pood\\\/hamppulakanat\\\/hamppulakana-sinappi\\\/\",\"name\":\"Hamppu lakana - Sinappi | AZTEX\",\"isPartOf\":{\"@id\":\"https:\\\/\\\/aztex.ee\\\/fi\\\/#website\"},\"primaryImageOfPage\":{\"@id\":\"https:\\\/\\\/aztex.ee\\\/fi\\\/pood\\\/hamppulakanat\\\/hamppulakana-sinappi\\\/#primaryimage\"},\"image\":{\"@id\":\"https:\\\/\\\/aztex.ee\\\/fi\\\/pood\\\/hamppulakanat\\\/hamppulakana-sinappi\\\/#primaryimage\"},\"thumbnailUrl\":\"https:\\\/\\\/aztex.ee\\\/wp-content\\\/uploads\\\/2025\\\/08\\\/Kanepist-voodilina-Sinep-varv.jpg\",\"datePublished\":\"2025-08-15T12:06:58+00:00\",\"dateModified\":\"2025-08-15T13:45:31+00:00\",\"description\":\"Hamppuinen lakana on kest\u00e4v\u00e4, antibakteerinen ja kosteutta siirt\u00e4v\u00e4. Tarjoaa mukavuutta, pit\u00e4\u00e4 l\u00e4mp\u00f6tilan yll\u00e4 ja sopii my\u00f6s herk\u00e4lle iholle. Ilmainen toimitus kaikkialle Eurooppaan.\",\"breadcrumb\":{\"@id\":\"https:\\\/\\\/aztex.ee\\\/fi\\\/pood\\\/hamppulakanat\\\/hamppulakana-sinappi\\\/#breadcrumb\"},\"inLanguage\":\"fi\",\"potentialAction\":[{\"@type\":\"ReadAction\",\"target\":[\"https:\\\/\\\/aztex.ee\\\/fi\\\/pood\\\/hamppulakanat\\\/hamppulakana-sinappi\\\/\"]}]},{\"@type\":\"ImageObject\",\"inLanguage\":\"fi\",\"@id\":\"https:\\\/\\\/aztex.ee\\\/fi\\\/pood\\\/hamppulakanat\\\/hamppulakana-sinappi\\\/#primaryimage\",\"url\":\"https:\\\/\\\/aztex.ee\\\/wp-content\\\/uploads\\\/2025\\\/08\\\/Kanepist-voodilina-Sinep-varv.jpg\",\"contentUrl\":\"https:\\\/\\\/aztex.ee\\\/wp-content\\\/uploads\\\/2025\\\/08\\\/Kanepist-voodilina-Sinep-varv.jpg\",\"width\":800,\"height\":800,\"caption\":\"Kanepist voodilina Sinep v\u00e4rv\"},{\"@type\":\"BreadcrumbList\",\"@id\":\"https:\\\/\\\/aztex.ee\\\/fi\\\/pood\\\/hamppulakanat\\\/hamppulakana-sinappi\\\/#breadcrumb\",\"itemListElement\":[{\"@type\":\"ListItem\",\"position\":1,\"name\":\"Etusivu\",\"item\":\"https:\\\/\\\/aztex.ee\\\/fi\\\/\"},{\"@type\":\"ListItem\",\"position\":2,\"name\":\"Verkkokauppa\",\"item\":\"https:\\\/\\\/aztex.ee\\\/fi\\\/verkkokauppa\\\/\"},{\"@type\":\"ListItem\",\"position\":3,\"name\":\"Hamppulakana | Sinappi\"}]},{\"@type\":\"WebSite\",\"@id\":\"https:\\\/\\\/aztex.ee\\\/fi\\\/#website\",\"url\":\"https:\\\/\\\/aztex.ee\\\/fi\\\/\",\"name\":\"AZTEX\",\"description\":\"\",\"publisher\":{\"@id\":\"https:\\\/\\\/aztex.ee\\\/fi\\\/#organization\"},\"potentialAction\":[{\"@type\":\"SearchAction\",\"target\":{\"@type\":\"EntryPoint\",\"urlTemplate\":\"https:\\\/\\\/aztex.ee\\\/fi\\\/?s={search_term_string}\"},\"query-input\":{\"@type\":\"PropertyValueSpecification\",\"valueRequired\":true,\"valueName\":\"search_term_string\"}}],\"inLanguage\":\"fi\"},{\"@type\":\"Organization\",\"@id\":\"https:\\\/\\\/aztex.ee\\\/fi\\\/#organization\",\"name\":\"AZTEX\",\"url\":\"https:\\\/\\\/aztex.ee\\\/fi\\\/\",\"logo\":{\"@type\":\"ImageObject\",\"inLanguage\":\"fi\",\"@id\":\"https:\\\/\\\/aztex.ee\\\/fi\\\/#\\\/schema\\\/logo\\\/image\\\/\",\"url\":\"https:\\\/\\\/aztex.ee\\\/wp-content\\\/uploads\\\/2026\\\/01\\\/AZTEX.png\",\"contentUrl\":\"https:\\\/\\\/aztex.ee\\\/wp-content\\\/uploads\\\/2026\\\/01\\\/AZTEX.png\",\"width\":500,\"height\":500,\"caption\":\"AZTEX\"},\"image\":{\"@id\":\"https:\\\/\\\/aztex.ee\\\/fi\\\/#\\\/schema\\\/logo\\\/image\\\/\"},\"sameAs\":[\"https:\\\/\\\/www.facebook.com\\\/AztexEE\",\"https:\\\/\\\/www.instagram.com\\\/aztexeesti\\\/\",\"https:\\\/\\\/www.youtube.com\\\/@AZTEXEE\",\"https:\\\/\\\/www.pinterest.com\\\/aztex_eesti\\\/\",\"https:\\\/\\\/www.tiktok.com\\\/@aztexeesti\",\"https:\\\/\\\/www.trustpilot.com\\\/review\\\/aztex.ee\",\"https:\\\/\\\/www.linkedin.com\\\/company\\\/aztex-ee\\\/\",\"https:\\\/\\\/www.wikidata.org\\\/wiki\\\/Q137560182\"]}]}<\/script>\n<!-- \/ Yoast SEO plugin. -->","yoast_head_json":{"title":"Hamppu lakana - Sinappi | AZTEX","description":"Hamppuinen lakana on kest\u00e4v\u00e4, antibakteerinen ja kosteutta siirt\u00e4v\u00e4. Tarjoaa mukavuutta, pit\u00e4\u00e4 l\u00e4mp\u00f6tilan yll\u00e4 ja sopii my\u00f6s herk\u00e4lle iholle. Ilmainen toimitus kaikkialle Eurooppaan.","robots":{"index":"index","follow":"follow","max-snippet":"max-snippet:-1","max-image-preview":"max-image-preview:large","max-video-preview":"max-video-preview:-1"},"canonical":"https:\/\/aztex.ee\/fi\/pood\/hamppulakanat\/hamppulakana-sinappi\/","og_locale":"fi_FI","og_type":"article","og_title":"Hamppu lakana - Sinappi | AZTEX","og_description":"Hamppuinen lakana on kest\u00e4v\u00e4, antibakteerinen ja kosteutta siirt\u00e4v\u00e4. Tarjoaa mukavuutta, pit\u00e4\u00e4 l\u00e4mp\u00f6tilan yll\u00e4 ja sopii my\u00f6s herk\u00e4lle iholle. Ilmainen toimitus kaikkialle Eurooppaan.","og_url":"https:\/\/aztex.ee\/fi\/pood\/hamppulakanat\/hamppulakana-sinappi\/","og_site_name":"AZTEX","article_publisher":"https:\/\/www.facebook.com\/AztexEE","article_modified_time":"2025-08-15T13:45:31+00:00","og_image":[{"width":800,"height":800,"url":"https:\/\/aztex.ee\/wp-content\/uploads\/2025\/08\/Kanepist-voodilina-Sinep-varv.jpg","type":"image\/jpeg"}],"twitter_card":"summary_large_image","twitter_misc":{"Arvioitu lukuaika":"1 minuutti"},"schema":{"@context":"https:\/\/schema.org","@graph":[{"@type":["WebPage","ItemPage"],"@id":"https:\/\/aztex.ee\/fi\/pood\/hamppulakanat\/hamppulakana-sinappi\/","url":"https:\/\/aztex.ee\/fi\/pood\/hamppulakanat\/hamppulakana-sinappi\/","name":"Hamppu lakana - Sinappi | AZTEX","isPartOf":{"@id":"https:\/\/aztex.ee\/fi\/#website"},"primaryImageOfPage":{"@id":"https:\/\/aztex.ee\/fi\/pood\/hamppulakanat\/hamppulakana-sinappi\/#primaryimage"},"image":{"@id":"https:\/\/aztex.ee\/fi\/pood\/hamppulakanat\/hamppulakana-sinappi\/#primaryimage"},"thumbnailUrl":"https:\/\/aztex.ee\/wp-content\/uploads\/2025\/08\/Kanepist-voodilina-Sinep-varv.jpg","datePublished":"2025-08-15T12:06:58+00:00","dateModified":"2025-08-15T13:45:31+00:00","description":"Hamppuinen lakana on kest\u00e4v\u00e4, antibakteerinen ja kosteutta siirt\u00e4v\u00e4. Tarjoaa mukavuutta, pit\u00e4\u00e4 l\u00e4mp\u00f6tilan yll\u00e4 ja sopii my\u00f6s herk\u00e4lle iholle. Ilmainen toimitus kaikkialle Eurooppaan.","breadcrumb":{"@id":"https:\/\/aztex.ee\/fi\/pood\/hamppulakanat\/hamppulakana-sinappi\/#breadcrumb"},"inLanguage":"fi","potentialAction":[{"@type":"ReadAction","target":["https:\/\/aztex.ee\/fi\/pood\/hamppulakanat\/hamppulakana-sinappi\/"]}]},{"@type":"ImageObject","inLanguage":"fi","@id":"https:\/\/aztex.ee\/fi\/pood\/hamppulakanat\/hamppulakana-sinappi\/#primaryimage","url":"https:\/\/aztex.ee\/wp-content\/uploads\/2025\/08\/Kanepist-voodilina-Sinep-varv.jpg","contentUrl":"https:\/\/aztex.ee\/wp-content\/uploads\/2025\/08\/Kanepist-voodilina-Sinep-varv.jpg","width":800,"height":800,"caption":"Kanepist voodilina Sinep v\u00e4rv"},{"@type":"BreadcrumbList","@id":"https:\/\/aztex.ee\/fi\/pood\/hamppulakanat\/hamppulakana-sinappi\/#breadcrumb","itemListElement":[{"@type":"ListItem","position":1,"name":"Etusivu","item":"https:\/\/aztex.ee\/fi\/"},{"@type":"ListItem","position":2,"name":"Verkkokauppa","item":"https:\/\/aztex.ee\/fi\/verkkokauppa\/"},{"@type":"ListItem","position":3,"name":"Hamppulakana | Sinappi"}]},{"@type":"WebSite","@id":"https:\/\/aztex.ee\/fi\/#website","url":"https:\/\/aztex.ee\/fi\/","name":"AZTEX","description":"","publisher":{"@id":"https:\/\/aztex.ee\/fi\/#organization"},"potentialAction":[{"@type":"SearchAction","target":{"@type":"EntryPoint","urlTemplate":"https:\/\/aztex.ee\/fi\/?s={search_term_string}"},"query-input":{"@type":"PropertyValueSpecification","valueRequired":true,"valueName":"search_term_string"}}],"inLanguage":"fi"},{"@type":"Organization","@id":"https:\/\/aztex.ee\/fi\/#organization","name":"AZTEX","url":"https:\/\/aztex.ee\/fi\/","logo":{"@type":"ImageObject","inLanguage":"fi","@id":"https:\/\/aztex.ee\/fi\/#\/schema\/logo\/image\/","url":"https:\/\/aztex.ee\/wp-content\/uploads\/2026\/01\/AZTEX.png","contentUrl":"https:\/\/aztex.ee\/wp-content\/uploads\/2026\/01\/AZTEX.png","width":500,"height":500,"caption":"AZTEX"},"image":{"@id":"https:\/\/aztex.ee\/fi\/#\/schema\/logo\/image\/"},"sameAs":["https:\/\/www.facebook.com\/AztexEE","https:\/\/www.instagram.com\/aztexeesti\/","https:\/\/www.youtube.com\/@AZTEXEE","https:\/\/www.pinterest.com\/aztex_eesti\/","https:\/\/www.tiktok.com\/@aztexeesti","https:\/\/www.trustpilot.com\/review\/aztex.ee","https:\/\/www.linkedin.com\/company\/aztex-ee\/","https:\/\/www.wikidata.org\/wiki\/Q137560182"]}]}},"_links":{"self":[{"href":"https:\/\/aztex.ee\/fi\/wp-json\/wp\/v2\/product\/91023","targetHints":{"allow":["GET"]}}],"collection":[{"href":"https:\/\/aztex.ee\/fi\/wp-json\/wp\/v2\/product"}],"about":[{"href":"https:\/\/aztex.ee\/fi\/wp-json\/wp\/v2\/types\/product"}],"replies":[{"embeddable":true,"href":"https:\/\/aztex.ee\/fi\/wp-json\/wp\/v2\/comments?post=91023"}],"version-history":[{"count":0,"href":"https:\/\/aztex.ee\/fi\/wp-json\/wp\/v2\/product\/91023\/revisions"}],"wp:featuredmedia":[{"embeddable":true,"href":"https:\/\/aztex.ee\/fi\/wp-json\/wp\/v2\/media\/91044"}],"wp:attachment":[{"href":"https:\/\/aztex.ee\/fi\/wp-json\/wp\/v2\/media?parent=91023"}],"wp:term":[{"taxonomy":"product_brand","embeddable":true,"href":"https:\/\/aztex.ee\/fi\/wp-json\/wp\/v2\/product_brand?post=91023"},{"taxonomy":"product_cat","embeddable":true,"href":"https:\/\/aztex.ee\/fi\/wp-json\/wp\/v2\/product_cat?post=91023"},{"taxonomy":"product_tag","embeddable":true,"href":"https:\/\/aztex.ee\/fi\/wp-json\/wp\/v2\/product_tag?post=91023"}],"curies":[{"name":"wp","href":"https:\/\/api.w.org\/{rel}","templated":true}]}}