{"id":87174,"date":"2025-05-17T20:18:23","date_gmt":"2025-05-17T20:18:23","guid":{"rendered":"https:\/\/aztex.ee\/?post_type=product&#038;p=87174"},"modified":"2025-10-20T11:06:18","modified_gmt":"2025-10-20T11:06:18","slug":"premium-vuodevaatesetti-bambu-koboltinsininen","status":"publish","type":"product","link":"https:\/\/aztex.ee\/fi\/pood\/vuodevaatteet\/premium-vuodevaatesetti-bambu-koboltinsininen\/","title":{"rendered":"Premium-vuodevaatesetti 100% bambu | Koboltinsininen"},"content":{"rendered":"<p>Bambu vuodevaatesetti ovat korkealaatuisia, pehmeit\u00e4 ja hengitt\u00e4vi\u00e4 tekstiilej\u00e4, jotka on valmistettu luonnon bambukuidusta. N\u00e4m\u00e4 sarjat on suunniteltu erityisesti tarjoamaan k\u00e4ytt\u00e4jille mukava nukkumiskokemus. Bambukuitu on luonnostaan hengitt\u00e4v\u00e4\u00e4, ja sill\u00e4 on kyky siirt\u00e4\u00e4 kosteutta pois, mik\u00e4 est\u00e4\u00e4 hikoilua ja pit\u00e4\u00e4 sinut puhtaana ja raikkaana pidemp\u00e4\u00e4n.<\/p>\n<p>Bambusta valmistetut vuodevaatteet on yleens\u00e4 valmistettu ymp\u00e4rist\u00f6yst\u00e4v\u00e4llisist\u00e4 ja kest\u00e4vist\u00e4 materiaaleista. Bambukasvi on tunnettu nopeasta kasvustaan ja v\u00e4h\u00e4isest\u00e4 vedenkulutuksestaan, mik\u00e4 v\u00e4hent\u00e4\u00e4 tuotantoprosessin ymp\u00e4rist\u00f6vaikutuksia. Lis\u00e4ksi bambukuidun pehme\u00e4 rakenne tarjoaa ylellisen tuntuman ja koskettaa hell\u00e4varaisesti ihoa vahingoittamatta.<\/p>\n<p>Bambusta valmistetuilla liinavaatesarjoilla on luonnollisia antibakteerisia ja hypoallergeenisia ominaisuuksia, jotka yll\u00e4pit\u00e4v\u00e4t hygieniaa ja tarjoavat mukavuutta unen aikana. Ne tunnetaan niiden virkist\u00e4v\u00e4st\u00e4 ja viilent\u00e4v\u00e4st\u00e4 vaikutuksesta kuumalla s\u00e4\u00e4ll\u00e4.<\/p>\n<p>T\u00e4m\u00e4n seurauksena bambuvuodesarjat ovat ymp\u00e4rist\u00f6yst\u00e4v\u00e4llisi\u00e4 ja mukavia tuotteita, jotka tarjoavat k\u00e4ytt\u00e4jilleen laadukkaan nukkumiskokemuksen.<\/p>\n","protected":false},"excerpt":{"rendered":"<p>100% ekologisesti kasvatetusta bambusta valmistetut vuodevaatteet ovat hypoallergeenisia ja antibakteerisia.<\/p>\n<ul>\n<li>V\u00e4ri: Koboltinsininen<\/li>\n<li>Materiaali: 100% bambu<\/li>\n<li>Kuituluettelo: 300 TC<\/li>\n<li>Pussilakana: 200\u00d7220 cm<\/li>\n<li>Tyynyliinaa: 50\u00d770 cm (2kpl)<\/li>\n<li>Lakana: 220\u00d7240 cm<\/li>\n<\/ul>\n<p><img loading=\"lazy\" decoding=\"async\" class=\"alignnone wp-image-20226\" src=\"https:\/\/aztex.ee\/wp-content\/uploads\/2024\/09\/oekotex100.png\" alt=\"\" width=\"196\" height=\"69\" srcset=\"https:\/\/aztex.ee\/wp-content\/uploads\/2024\/09\/oekotex100.png 204w, https:\/\/aztex.ee\/wp-content\/uploads\/2024\/09\/oekotex100-150x53.png 150w\" sizes=\"auto, (max-width: 196px) 100vw, 196px\" \/><img loading=\"lazy\" decoding=\"async\" class=\"alignnone wp-image-20260\" src=\"https:\/\/aztex.ee\/wp-content\/uploads\/2024\/09\/bambuuss.png\" alt=\"\" width=\"75\" height=\"75\" srcset=\"https:\/\/aztex.ee\/wp-content\/uploads\/2024\/09\/bambuuss.png 204w, https:\/\/aztex.ee\/wp-content\/uploads\/2024\/09\/bambuuss-150x150.png 150w\" sizes=\"auto, (max-width: 75px) 100vw, 75px\" \/><\/p>\n<p>Hypoallergeeninen ja kosteutta imev\u00e4\u00e4.<br \/>\nIhanteellinen herkk\u00e4ihoisille tai ekseemasta k\u00e4rsiville, ja se sopii erityisesti henkil\u00f6ille, joilla on taipumus hikoilla \u00f6isin.<br \/>\nBambupellavasetit on pakattu samasta kankaasta valmistettuun pussiin.<\/p>\n","protected":false},"featured_media":87189,"comment_status":"open","ping_status":"closed","template":"","meta":[],"product_brand":[],"product_cat":[139,398,497,132],"product_tag":[],"class_list":{"0":"post-87174","1":"product","2":"type-product","3":"status-publish","4":"has-post-thumbnail","6":"product_cat-bambu-vuodevaatteet","7":"product_cat-bambu-vuodevaatteet-setit","8":"product_cat-vuodevaatesetit","9":"product_cat-vuodevaatteet","11":"first","12":"instock","13":"sale","14":"shipping-taxable","15":"purchasable","16":"product-type-simple"},"yoast_head":"<!-- This site is optimized with the Yoast SEO plugin v27.3 - https:\/\/yoast.com\/product\/yoast-seo-wordpress\/ -->\n<title>100% Bambu pussilakanasetti - Koboltinsininen | AZTEX<\/title>\n<meta name=\"description\" content=\"Antibakteerinen ja kest\u00e4v\u00e4 bambuinen pussilakanasetti on loistava valinta niille, jotka arvostavat laatua, pitk\u00e4ik\u00e4isyytt\u00e4 ja pehmeytt\u00e4.\" \/>\n<meta name=\"robots\" content=\"index, follow, max-snippet:-1, max-image-preview:large, max-video-preview:-1\" \/>\n<link rel=\"canonical\" href=\"https:\/\/aztex.ee\/fi\/pood\/vuodevaatteet\/premium-vuodevaatesetti-bambu-koboltinsininen\/\" \/>\n<meta property=\"og:locale\" content=\"fi_FI\" \/>\n<meta property=\"og:type\" content=\"article\" \/>\n<meta property=\"og:title\" content=\"100% Bambu pussilakanasetti - Koboltinsininen | AZTEX\" \/>\n<meta property=\"og:description\" content=\"Antibakteerinen ja kest\u00e4v\u00e4 bambuinen pussilakanasetti on loistava valinta niille, jotka arvostavat laatua, pitk\u00e4ik\u00e4isyytt\u00e4 ja pehmeytt\u00e4.\" \/>\n<meta property=\"og:url\" content=\"https:\/\/aztex.ee\/fi\/pood\/vuodevaatteet\/premium-vuodevaatesetti-bambu-koboltinsininen\/\" \/>\n<meta property=\"og:site_name\" content=\"AZTEX\" \/>\n<meta property=\"article:publisher\" content=\"https:\/\/www.facebook.com\/AztexEE\" \/>\n<meta property=\"article:modified_time\" content=\"2025-10-20T11:06:18+00:00\" \/>\n<meta property=\"og:image\" content=\"https:\/\/aztex.ee\/wp-content\/uploads\/2025\/05\/Voodipesukomplekt-bambus-Koobaltsinine.jpg\" \/>\n\t<meta property=\"og:image:width\" content=\"800\" \/>\n\t<meta property=\"og:image:height\" content=\"800\" \/>\n\t<meta property=\"og:image:type\" content=\"image\/jpeg\" \/>\n<meta name=\"twitter:card\" content=\"summary_large_image\" \/>\n<meta name=\"twitter:label1\" content=\"Arvioitu lukuaika\" \/>\n\t<meta name=\"twitter:data1\" content=\"1 minuutti\" \/>\n<script type=\"application\/ld+json\" class=\"yoast-schema-graph\">{\"@context\":\"https:\\\/\\\/schema.org\",\"@graph\":[{\"@type\":[\"WebPage\",\"ItemPage\"],\"@id\":\"https:\\\/\\\/aztex.ee\\\/fi\\\/pood\\\/vuodevaatteet\\\/premium-vuodevaatesetti-bambu-koboltinsininen\\\/\",\"url\":\"https:\\\/\\\/aztex.ee\\\/fi\\\/pood\\\/vuodevaatteet\\\/premium-vuodevaatesetti-bambu-koboltinsininen\\\/\",\"name\":\"100% Bambu pussilakanasetti - Koboltinsininen | AZTEX\",\"isPartOf\":{\"@id\":\"https:\\\/\\\/aztex.ee\\\/fi\\\/#website\"},\"primaryImageOfPage\":{\"@id\":\"https:\\\/\\\/aztex.ee\\\/fi\\\/pood\\\/vuodevaatteet\\\/premium-vuodevaatesetti-bambu-koboltinsininen\\\/#primaryimage\"},\"image\":{\"@id\":\"https:\\\/\\\/aztex.ee\\\/fi\\\/pood\\\/vuodevaatteet\\\/premium-vuodevaatesetti-bambu-koboltinsininen\\\/#primaryimage\"},\"thumbnailUrl\":\"https:\\\/\\\/aztex.ee\\\/wp-content\\\/uploads\\\/2025\\\/05\\\/Voodipesukomplekt-bambus-Koobaltsinine.jpg\",\"datePublished\":\"2025-05-17T20:18:23+00:00\",\"dateModified\":\"2025-10-20T11:06:18+00:00\",\"description\":\"Antibakteerinen ja kest\u00e4v\u00e4 bambuinen pussilakanasetti on loistava valinta niille, jotka arvostavat laatua, pitk\u00e4ik\u00e4isyytt\u00e4 ja pehmeytt\u00e4.\",\"breadcrumb\":{\"@id\":\"https:\\\/\\\/aztex.ee\\\/fi\\\/pood\\\/vuodevaatteet\\\/premium-vuodevaatesetti-bambu-koboltinsininen\\\/#breadcrumb\"},\"inLanguage\":\"fi\",\"potentialAction\":[{\"@type\":\"ReadAction\",\"target\":[\"https:\\\/\\\/aztex.ee\\\/fi\\\/pood\\\/vuodevaatteet\\\/premium-vuodevaatesetti-bambu-koboltinsininen\\\/\"]}]},{\"@type\":\"ImageObject\",\"inLanguage\":\"fi\",\"@id\":\"https:\\\/\\\/aztex.ee\\\/fi\\\/pood\\\/vuodevaatteet\\\/premium-vuodevaatesetti-bambu-koboltinsininen\\\/#primaryimage\",\"url\":\"https:\\\/\\\/aztex.ee\\\/wp-content\\\/uploads\\\/2025\\\/05\\\/Voodipesukomplekt-bambus-Koobaltsinine.jpg\",\"contentUrl\":\"https:\\\/\\\/aztex.ee\\\/wp-content\\\/uploads\\\/2025\\\/05\\\/Voodipesukomplekt-bambus-Koobaltsinine.jpg\",\"width\":800,\"height\":800,\"caption\":\"Voodipesukomplekt bambus Koobaltsinine\"},{\"@type\":\"BreadcrumbList\",\"@id\":\"https:\\\/\\\/aztex.ee\\\/fi\\\/pood\\\/vuodevaatteet\\\/premium-vuodevaatesetti-bambu-koboltinsininen\\\/#breadcrumb\",\"itemListElement\":[{\"@type\":\"ListItem\",\"position\":1,\"name\":\"Etusivu\",\"item\":\"https:\\\/\\\/aztex.ee\\\/fi\\\/\"},{\"@type\":\"ListItem\",\"position\":2,\"name\":\"Verkkokauppa\",\"item\":\"https:\\\/\\\/aztex.ee\\\/fi\\\/verkkokauppa\\\/\"},{\"@type\":\"ListItem\",\"position\":3,\"name\":\"Premium-vuodevaatesetti 100% bambu | Koboltinsininen\"}]},{\"@type\":\"WebSite\",\"@id\":\"https:\\\/\\\/aztex.ee\\\/fi\\\/#website\",\"url\":\"https:\\\/\\\/aztex.ee\\\/fi\\\/\",\"name\":\"AZTEX\",\"description\":\"\",\"publisher\":{\"@id\":\"https:\\\/\\\/aztex.ee\\\/fi\\\/#organization\"},\"potentialAction\":[{\"@type\":\"SearchAction\",\"target\":{\"@type\":\"EntryPoint\",\"urlTemplate\":\"https:\\\/\\\/aztex.ee\\\/fi\\\/?s={search_term_string}\"},\"query-input\":{\"@type\":\"PropertyValueSpecification\",\"valueRequired\":true,\"valueName\":\"search_term_string\"}}],\"inLanguage\":\"fi\"},{\"@type\":\"Organization\",\"@id\":\"https:\\\/\\\/aztex.ee\\\/fi\\\/#organization\",\"name\":\"AZTEX\",\"url\":\"https:\\\/\\\/aztex.ee\\\/fi\\\/\",\"logo\":{\"@type\":\"ImageObject\",\"inLanguage\":\"fi\",\"@id\":\"https:\\\/\\\/aztex.ee\\\/fi\\\/#\\\/schema\\\/logo\\\/image\\\/\",\"url\":\"https:\\\/\\\/aztex.ee\\\/wp-content\\\/uploads\\\/2026\\\/01\\\/AZTEX.png\",\"contentUrl\":\"https:\\\/\\\/aztex.ee\\\/wp-content\\\/uploads\\\/2026\\\/01\\\/AZTEX.png\",\"width\":500,\"height\":500,\"caption\":\"AZTEX\"},\"image\":{\"@id\":\"https:\\\/\\\/aztex.ee\\\/fi\\\/#\\\/schema\\\/logo\\\/image\\\/\"},\"sameAs\":[\"https:\\\/\\\/www.facebook.com\\\/AztexEE\",\"https:\\\/\\\/www.instagram.com\\\/aztexeesti\\\/\",\"https:\\\/\\\/www.youtube.com\\\/@AZTEXEE\",\"https:\\\/\\\/www.pinterest.com\\\/aztex_eesti\\\/\",\"https:\\\/\\\/www.tiktok.com\\\/@aztexeesti\",\"https:\\\/\\\/www.trustpilot.com\\\/review\\\/aztex.ee\",\"https:\\\/\\\/www.linkedin.com\\\/company\\\/aztex-ee\\\/\",\"https:\\\/\\\/www.wikidata.org\\\/wiki\\\/Q137560182\"]}]}<\/script>\n<!-- \/ Yoast SEO plugin. -->","yoast_head_json":{"title":"100% Bambu pussilakanasetti - Koboltinsininen | AZTEX","description":"Antibakteerinen ja kest\u00e4v\u00e4 bambuinen pussilakanasetti on loistava valinta niille, jotka arvostavat laatua, pitk\u00e4ik\u00e4isyytt\u00e4 ja pehmeytt\u00e4.","robots":{"index":"index","follow":"follow","max-snippet":"max-snippet:-1","max-image-preview":"max-image-preview:large","max-video-preview":"max-video-preview:-1"},"canonical":"https:\/\/aztex.ee\/fi\/pood\/vuodevaatteet\/premium-vuodevaatesetti-bambu-koboltinsininen\/","og_locale":"fi_FI","og_type":"article","og_title":"100% Bambu pussilakanasetti - Koboltinsininen | AZTEX","og_description":"Antibakteerinen ja kest\u00e4v\u00e4 bambuinen pussilakanasetti on loistava valinta niille, jotka arvostavat laatua, pitk\u00e4ik\u00e4isyytt\u00e4 ja pehmeytt\u00e4.","og_url":"https:\/\/aztex.ee\/fi\/pood\/vuodevaatteet\/premium-vuodevaatesetti-bambu-koboltinsininen\/","og_site_name":"AZTEX","article_publisher":"https:\/\/www.facebook.com\/AztexEE","article_modified_time":"2025-10-20T11:06:18+00:00","og_image":[{"width":800,"height":800,"url":"https:\/\/aztex.ee\/wp-content\/uploads\/2025\/05\/Voodipesukomplekt-bambus-Koobaltsinine.jpg","type":"image\/jpeg"}],"twitter_card":"summary_large_image","twitter_misc":{"Arvioitu lukuaika":"1 minuutti"},"schema":{"@context":"https:\/\/schema.org","@graph":[{"@type":["WebPage","ItemPage"],"@id":"https:\/\/aztex.ee\/fi\/pood\/vuodevaatteet\/premium-vuodevaatesetti-bambu-koboltinsininen\/","url":"https:\/\/aztex.ee\/fi\/pood\/vuodevaatteet\/premium-vuodevaatesetti-bambu-koboltinsininen\/","name":"100% Bambu pussilakanasetti - Koboltinsininen | AZTEX","isPartOf":{"@id":"https:\/\/aztex.ee\/fi\/#website"},"primaryImageOfPage":{"@id":"https:\/\/aztex.ee\/fi\/pood\/vuodevaatteet\/premium-vuodevaatesetti-bambu-koboltinsininen\/#primaryimage"},"image":{"@id":"https:\/\/aztex.ee\/fi\/pood\/vuodevaatteet\/premium-vuodevaatesetti-bambu-koboltinsininen\/#primaryimage"},"thumbnailUrl":"https:\/\/aztex.ee\/wp-content\/uploads\/2025\/05\/Voodipesukomplekt-bambus-Koobaltsinine.jpg","datePublished":"2025-05-17T20:18:23+00:00","dateModified":"2025-10-20T11:06:18+00:00","description":"Antibakteerinen ja kest\u00e4v\u00e4 bambuinen pussilakanasetti on loistava valinta niille, jotka arvostavat laatua, pitk\u00e4ik\u00e4isyytt\u00e4 ja pehmeytt\u00e4.","breadcrumb":{"@id":"https:\/\/aztex.ee\/fi\/pood\/vuodevaatteet\/premium-vuodevaatesetti-bambu-koboltinsininen\/#breadcrumb"},"inLanguage":"fi","potentialAction":[{"@type":"ReadAction","target":["https:\/\/aztex.ee\/fi\/pood\/vuodevaatteet\/premium-vuodevaatesetti-bambu-koboltinsininen\/"]}]},{"@type":"ImageObject","inLanguage":"fi","@id":"https:\/\/aztex.ee\/fi\/pood\/vuodevaatteet\/premium-vuodevaatesetti-bambu-koboltinsininen\/#primaryimage","url":"https:\/\/aztex.ee\/wp-content\/uploads\/2025\/05\/Voodipesukomplekt-bambus-Koobaltsinine.jpg","contentUrl":"https:\/\/aztex.ee\/wp-content\/uploads\/2025\/05\/Voodipesukomplekt-bambus-Koobaltsinine.jpg","width":800,"height":800,"caption":"Voodipesukomplekt bambus Koobaltsinine"},{"@type":"BreadcrumbList","@id":"https:\/\/aztex.ee\/fi\/pood\/vuodevaatteet\/premium-vuodevaatesetti-bambu-koboltinsininen\/#breadcrumb","itemListElement":[{"@type":"ListItem","position":1,"name":"Etusivu","item":"https:\/\/aztex.ee\/fi\/"},{"@type":"ListItem","position":2,"name":"Verkkokauppa","item":"https:\/\/aztex.ee\/fi\/verkkokauppa\/"},{"@type":"ListItem","position":3,"name":"Premium-vuodevaatesetti 100% bambu | Koboltinsininen"}]},{"@type":"WebSite","@id":"https:\/\/aztex.ee\/fi\/#website","url":"https:\/\/aztex.ee\/fi\/","name":"AZTEX","description":"","publisher":{"@id":"https:\/\/aztex.ee\/fi\/#organization"},"potentialAction":[{"@type":"SearchAction","target":{"@type":"EntryPoint","urlTemplate":"https:\/\/aztex.ee\/fi\/?s={search_term_string}"},"query-input":{"@type":"PropertyValueSpecification","valueRequired":true,"valueName":"search_term_string"}}],"inLanguage":"fi"},{"@type":"Organization","@id":"https:\/\/aztex.ee\/fi\/#organization","name":"AZTEX","url":"https:\/\/aztex.ee\/fi\/","logo":{"@type":"ImageObject","inLanguage":"fi","@id":"https:\/\/aztex.ee\/fi\/#\/schema\/logo\/image\/","url":"https:\/\/aztex.ee\/wp-content\/uploads\/2026\/01\/AZTEX.png","contentUrl":"https:\/\/aztex.ee\/wp-content\/uploads\/2026\/01\/AZTEX.png","width":500,"height":500,"caption":"AZTEX"},"image":{"@id":"https:\/\/aztex.ee\/fi\/#\/schema\/logo\/image\/"},"sameAs":["https:\/\/www.facebook.com\/AztexEE","https:\/\/www.instagram.com\/aztexeesti\/","https:\/\/www.youtube.com\/@AZTEXEE","https:\/\/www.pinterest.com\/aztex_eesti\/","https:\/\/www.tiktok.com\/@aztexeesti","https:\/\/www.trustpilot.com\/review\/aztex.ee","https:\/\/www.linkedin.com\/company\/aztex-ee\/","https:\/\/www.wikidata.org\/wiki\/Q137560182"]}]}},"_links":{"self":[{"href":"https:\/\/aztex.ee\/fi\/wp-json\/wp\/v2\/product\/87174","targetHints":{"allow":["GET"]}}],"collection":[{"href":"https:\/\/aztex.ee\/fi\/wp-json\/wp\/v2\/product"}],"about":[{"href":"https:\/\/aztex.ee\/fi\/wp-json\/wp\/v2\/types\/product"}],"replies":[{"embeddable":true,"href":"https:\/\/aztex.ee\/fi\/wp-json\/wp\/v2\/comments?post=87174"}],"version-history":[{"count":0,"href":"https:\/\/aztex.ee\/fi\/wp-json\/wp\/v2\/product\/87174\/revisions"}],"wp:featuredmedia":[{"embeddable":true,"href":"https:\/\/aztex.ee\/fi\/wp-json\/wp\/v2\/media\/87189"}],"wp:attachment":[{"href":"https:\/\/aztex.ee\/fi\/wp-json\/wp\/v2\/media?parent=87174"}],"wp:term":[{"taxonomy":"product_brand","embeddable":true,"href":"https:\/\/aztex.ee\/fi\/wp-json\/wp\/v2\/product_brand?post=87174"},{"taxonomy":"product_cat","embeddable":true,"href":"https:\/\/aztex.ee\/fi\/wp-json\/wp\/v2\/product_cat?post=87174"},{"taxonomy":"product_tag","embeddable":true,"href":"https:\/\/aztex.ee\/fi\/wp-json\/wp\/v2\/product_tag?post=87174"}],"curies":[{"name":"wp","href":"https:\/\/api.w.org\/{rel}","templated":true}]}}