{"id":83964,"date":"2025-05-02T22:12:41","date_gmt":"2025-05-02T22:12:41","guid":{"rendered":"https:\/\/aztex.ee\/?post_type=product&#038;p=83964"},"modified":"2025-05-02T23:30:32","modified_gmt":"2025-05-02T23:30:32","slug":"tencel-tyynyliina-samppanja","status":"publish","type":"product","link":"https:\/\/aztex.ee\/fi\/pood\/tyynyliinat\/tencel-tyynyliina-samppanja\/","title":{"rendered":"Tencel tyynyliina \u2013 Samppanja"},"content":{"rendered":"<p><strong>Luonnollisesti pehme\u00e4<\/strong><\/p>\n<p>Tencel kangas on valmistettu eukalyptusselluloosasta, joka on k\u00e4sitelty ymp\u00e4rist\u00f6yst\u00e4v\u00e4llisell\u00e4 Lyocell-prosessilla. Selluloosa liuotetaan myrkytt\u00f6m\u00e4\u00e4n liuottimeen, puristetaan sitten kuiduiksi ja k\u00e4sitell\u00e4\u00e4n langaksi, jolloin kankaasta tulee pehme\u00e4, hengitt\u00e4v\u00e4, vahva ja ekologisesti kest\u00e4v\u00e4 valinta.<\/p>\n<p><strong>Ihoyst\u00e4v\u00e4llinen<\/strong><\/p>\n<p>Tencel on ihanteellinen valinta herk\u00e4lle iholle, koska se on hypoallergeeninen. Sen sile\u00e4 pinta v\u00e4hent\u00e4\u00e4 kitkan aiheuttamaa \u00e4rsytyst\u00e4 ja auttaa yll\u00e4pit\u00e4m\u00e4\u00e4n ihon luonnollista kosteustasapainoa. Tencel-tyynyliina varmistaa laadukkaan unen ja samalla hoitaa ihoa.<\/p>\n<p><strong>Tyylik\u00e4s ulkon\u00e4k\u00f6<\/strong><\/p>\n<p>Tencel-tyynyliina sopii hyvin kaikkien vuodevaatteiden kanssa ja lis\u00e4\u00e4 makuuhuoneeseen yksinkertaisen ja tyylikk\u00e4\u00e4n ilmeen, joka t\u00e4ydent\u00e4\u00e4 mink\u00e4 tahansa sisustuksen. Sen klassinen ja tyylik\u00e4s ulkon\u00e4k\u00f6 sopii kaikentyyppisiin sis\u00e4tiloihin &#8211; modernista perinteiseen makuuhuoneeseen. Tencel-tyynyliina on ylellinen ja elegantti ulkon\u00e4k\u00f6, joka tekee jokaisesta unen hetkest\u00e4 nautinnollisempaa.<\/p>\n<p><strong>Hoito<\/strong><\/p>\n<p>Helppohoitoinen &#8211; konepesu alhaisessa l\u00e4mp\u00f6tilassa kankaan ominaisuuksien s\u00e4ilytt\u00e4miseksi. Suosittelemme ilmakuivausta pitk\u00e4aikaisen kest\u00e4vyyden ja pehmeyden varmistamiseksi.<\/p>\n","protected":false},"excerpt":{"rendered":"<p>Tencel tyynyliinat on valmistettu eukalyptuskuiduista.<\/p>\n<ul>\n<li>V\u00e4ri: Samppanja<\/li>\n<li>Materiaali: 100% Tencel<\/li>\n<li>Kuituluettelo: 60S \/ 300TC<\/li>\n<\/ul>\n<p><img loading=\"lazy\" decoding=\"async\" class=\"alignnone wp-image-63145\" src=\"https:\/\/aztex.ee\/wp-content\/uploads\/2025\/03\/tencel-certified-400x129.png\" alt=\"\" width=\"131\" height=\"42\" srcset=\"https:\/\/aztex.ee\/wp-content\/uploads\/2025\/03\/tencel-certified-400x129.png 400w, https:\/\/aztex.ee\/wp-content\/uploads\/2025\/03\/tencel-certified-430x139.png 430w, https:\/\/aztex.ee\/wp-content\/uploads\/2025\/03\/tencel-certified-150x49.png 150w, https:\/\/aztex.ee\/wp-content\/uploads\/2025\/03\/tencel-certified.png 516w\" sizes=\"auto, (max-width: 131px) 100vw, 131px\" \/><img loading=\"lazy\" decoding=\"async\" class=\"alignnone wp-image-63168\" src=\"https:\/\/aztex.ee\/wp-content\/uploads\/2025\/03\/oeko-tex-standard-100.png\" alt=\"\" width=\"130\" height=\"43\" srcset=\"https:\/\/aztex.ee\/wp-content\/uploads\/2025\/03\/oeko-tex-standard-100.png 200w, https:\/\/aztex.ee\/wp-content\/uploads\/2025\/03\/oeko-tex-standard-100-150x50.png 150w\" sizes=\"auto, (max-width: 130px) 100vw, 130px\" \/><\/p>\n","protected":false},"featured_media":84059,"comment_status":"open","ping_status":"closed","template":"","meta":[],"product_brand":[],"product_cat":[6027,1772],"product_tag":[],"class_list":{"0":"post-83964","1":"product","2":"type-product","3":"status-publish","4":"has-post-thumbnail","6":"product_cat-tencel-tyynyliinat","7":"product_cat-tyynyliinat","9":"first","10":"instock","11":"shipping-taxable","12":"purchasable","13":"product-type-variable"},"yoast_head":"<!-- This site is optimized with the Yoast SEO plugin v27.6 - https:\/\/yoast.com\/product\/yoast-seo-wordpress\/ -->\n<title>Tencel tyynyliina - Samppanja | AZTEX<\/title>\n<meta name=\"description\" content=\"Samppanjan v\u00e4ri TENCEL\u2122 Lyocell Laadukas tyynyliina on ihoyst\u00e4v\u00e4llinen ja kest\u00e4v\u00e4 valinta, joka antaa miellytt\u00e4v\u00e4n viileyden tunteen nukkuessa ja lis\u00e4\u00e4 tyylikk\u00e4\u00e4n ilmeen makuuhuoneeseen.\" \/>\n<meta name=\"robots\" content=\"index, follow, max-snippet:-1, max-image-preview:large, max-video-preview:-1\" \/>\n<link rel=\"canonical\" href=\"https:\/\/aztex.ee\/fi\/pood\/tyynyliinat\/tencel-tyynyliina-samppanja\/\" \/>\n<meta property=\"og:locale\" content=\"fi_FI\" \/>\n<meta property=\"og:type\" content=\"article\" \/>\n<meta property=\"og:title\" content=\"Tencel tyynyliina - Samppanja | AZTEX\" \/>\n<meta property=\"og:description\" content=\"Samppanjan v\u00e4ri TENCEL\u2122 Lyocell Laadukas tyynyliina on ihoyst\u00e4v\u00e4llinen ja kest\u00e4v\u00e4 valinta, joka antaa miellytt\u00e4v\u00e4n viileyden tunteen nukkuessa ja lis\u00e4\u00e4 tyylikk\u00e4\u00e4n ilmeen makuuhuoneeseen.\" \/>\n<meta property=\"og:url\" content=\"https:\/\/aztex.ee\/fi\/pood\/tyynyliinat\/tencel-tyynyliina-samppanja\/\" \/>\n<meta property=\"og:site_name\" content=\"AZTEX\" \/>\n<meta property=\"article:publisher\" content=\"https:\/\/www.facebook.com\/AztexEE\" \/>\n<meta property=\"article:modified_time\" content=\"2025-05-02T23:30:32+00:00\" \/>\n<meta property=\"og:image\" content=\"https:\/\/aztex.ee\/wp-content\/uploads\/2025\/05\/Tencel-padjapuur-Sampanja.jpg\" \/>\n\t<meta property=\"og:image:width\" content=\"800\" \/>\n\t<meta property=\"og:image:height\" content=\"800\" \/>\n\t<meta property=\"og:image:type\" content=\"image\/jpeg\" \/>\n<meta name=\"twitter:card\" content=\"summary_large_image\" \/>\n<meta name=\"twitter:label1\" content=\"Arvioitu lukuaika\" \/>\n\t<meta name=\"twitter:data1\" content=\"1 minuutti\" \/>\n<script type=\"application\/ld+json\" class=\"yoast-schema-graph\">{\"@context\":\"https:\\\/\\\/schema.org\",\"@graph\":[{\"@type\":[\"WebPage\",\"ItemPage\"],\"@id\":\"https:\\\/\\\/aztex.ee\\\/fi\\\/pood\\\/tyynyliinat\\\/tencel-tyynyliina-samppanja\\\/\",\"url\":\"https:\\\/\\\/aztex.ee\\\/fi\\\/pood\\\/tyynyliinat\\\/tencel-tyynyliina-samppanja\\\/\",\"name\":\"Tencel tyynyliina - Samppanja | AZTEX\",\"isPartOf\":{\"@id\":\"https:\\\/\\\/aztex.ee\\\/fi\\\/#website\"},\"primaryImageOfPage\":{\"@id\":\"https:\\\/\\\/aztex.ee\\\/fi\\\/pood\\\/tyynyliinat\\\/tencel-tyynyliina-samppanja\\\/#primaryimage\"},\"image\":{\"@id\":\"https:\\\/\\\/aztex.ee\\\/fi\\\/pood\\\/tyynyliinat\\\/tencel-tyynyliina-samppanja\\\/#primaryimage\"},\"thumbnailUrl\":\"https:\\\/\\\/aztex.ee\\\/wp-content\\\/uploads\\\/2025\\\/05\\\/Tencel-padjapuur-Sampanja.jpg\",\"datePublished\":\"2025-05-02T22:12:41+00:00\",\"dateModified\":\"2025-05-02T23:30:32+00:00\",\"description\":\"Samppanjan v\u00e4ri TENCEL\u2122 Lyocell Laadukas tyynyliina on ihoyst\u00e4v\u00e4llinen ja kest\u00e4v\u00e4 valinta, joka antaa miellytt\u00e4v\u00e4n viileyden tunteen nukkuessa ja lis\u00e4\u00e4 tyylikk\u00e4\u00e4n ilmeen makuuhuoneeseen.\",\"breadcrumb\":{\"@id\":\"https:\\\/\\\/aztex.ee\\\/fi\\\/pood\\\/tyynyliinat\\\/tencel-tyynyliina-samppanja\\\/#breadcrumb\"},\"inLanguage\":\"fi\",\"potentialAction\":[{\"@type\":\"ReadAction\",\"target\":[\"https:\\\/\\\/aztex.ee\\\/fi\\\/pood\\\/tyynyliinat\\\/tencel-tyynyliina-samppanja\\\/\"]}]},{\"@type\":\"ImageObject\",\"inLanguage\":\"fi\",\"@id\":\"https:\\\/\\\/aztex.ee\\\/fi\\\/pood\\\/tyynyliinat\\\/tencel-tyynyliina-samppanja\\\/#primaryimage\",\"url\":\"https:\\\/\\\/aztex.ee\\\/wp-content\\\/uploads\\\/2025\\\/05\\\/Tencel-padjapuur-Sampanja.jpg\",\"contentUrl\":\"https:\\\/\\\/aztex.ee\\\/wp-content\\\/uploads\\\/2025\\\/05\\\/Tencel-padjapuur-Sampanja.jpg\",\"width\":800,\"height\":800,\"caption\":\"Tencel padjap\u00fc\u00fcr S\u030campanja\"},{\"@type\":\"BreadcrumbList\",\"@id\":\"https:\\\/\\\/aztex.ee\\\/fi\\\/pood\\\/tyynyliinat\\\/tencel-tyynyliina-samppanja\\\/#breadcrumb\",\"itemListElement\":[{\"@type\":\"ListItem\",\"position\":1,\"name\":\"Etusivu\",\"item\":\"https:\\\/\\\/aztex.ee\\\/fi\\\/\"},{\"@type\":\"ListItem\",\"position\":2,\"name\":\"Verkkokauppa\",\"item\":\"https:\\\/\\\/aztex.ee\\\/fi\\\/verkkokauppa\\\/\"},{\"@type\":\"ListItem\",\"position\":3,\"name\":\"Tencel tyynyliina \u2013 Samppanja\"}]},{\"@type\":\"WebSite\",\"@id\":\"https:\\\/\\\/aztex.ee\\\/fi\\\/#website\",\"url\":\"https:\\\/\\\/aztex.ee\\\/fi\\\/\",\"name\":\"AZTEX\",\"description\":\"\",\"publisher\":{\"@id\":\"https:\\\/\\\/aztex.ee\\\/fi\\\/#organization\"},\"potentialAction\":[{\"@type\":\"SearchAction\",\"target\":{\"@type\":\"EntryPoint\",\"urlTemplate\":\"https:\\\/\\\/aztex.ee\\\/fi\\\/?s={search_term_string}\"},\"query-input\":{\"@type\":\"PropertyValueSpecification\",\"valueRequired\":true,\"valueName\":\"search_term_string\"}}],\"inLanguage\":\"fi\"},{\"@type\":\"Organization\",\"@id\":\"https:\\\/\\\/aztex.ee\\\/fi\\\/#organization\",\"name\":\"AZTEX\",\"url\":\"https:\\\/\\\/aztex.ee\\\/fi\\\/\",\"logo\":{\"@type\":\"ImageObject\",\"inLanguage\":\"fi\",\"@id\":\"https:\\\/\\\/aztex.ee\\\/fi\\\/#\\\/schema\\\/logo\\\/image\\\/\",\"url\":\"https:\\\/\\\/aztex.ee\\\/wp-content\\\/uploads\\\/2026\\\/01\\\/AZTEX.png\",\"contentUrl\":\"https:\\\/\\\/aztex.ee\\\/wp-content\\\/uploads\\\/2026\\\/01\\\/AZTEX.png\",\"width\":500,\"height\":500,\"caption\":\"AZTEX\"},\"image\":{\"@id\":\"https:\\\/\\\/aztex.ee\\\/fi\\\/#\\\/schema\\\/logo\\\/image\\\/\"},\"sameAs\":[\"https:\\\/\\\/www.facebook.com\\\/AztexEE\",\"https:\\\/\\\/www.instagram.com\\\/aztexeesti\\\/\",\"https:\\\/\\\/www.youtube.com\\\/@AZTEXEE\",\"https:\\\/\\\/www.pinterest.com\\\/aztex_eesti\\\/\",\"https:\\\/\\\/www.tiktok.com\\\/@aztexeesti\",\"https:\\\/\\\/www.trustpilot.com\\\/review\\\/aztex.ee\",\"https:\\\/\\\/www.linkedin.com\\\/company\\\/aztex-ee\\\/\",\"https:\\\/\\\/www.wikidata.org\\\/wiki\\\/Q137560182\"]}]}<\/script>\n<!-- \/ Yoast SEO plugin. -->","yoast_head_json":{"title":"Tencel tyynyliina - Samppanja | AZTEX","description":"Samppanjan v\u00e4ri TENCEL\u2122 Lyocell Laadukas tyynyliina on ihoyst\u00e4v\u00e4llinen ja kest\u00e4v\u00e4 valinta, joka antaa miellytt\u00e4v\u00e4n viileyden tunteen nukkuessa ja lis\u00e4\u00e4 tyylikk\u00e4\u00e4n ilmeen makuuhuoneeseen.","robots":{"index":"index","follow":"follow","max-snippet":"max-snippet:-1","max-image-preview":"max-image-preview:large","max-video-preview":"max-video-preview:-1"},"canonical":"https:\/\/aztex.ee\/fi\/pood\/tyynyliinat\/tencel-tyynyliina-samppanja\/","og_locale":"fi_FI","og_type":"article","og_title":"Tencel tyynyliina - Samppanja | AZTEX","og_description":"Samppanjan v\u00e4ri TENCEL\u2122 Lyocell Laadukas tyynyliina on ihoyst\u00e4v\u00e4llinen ja kest\u00e4v\u00e4 valinta, joka antaa miellytt\u00e4v\u00e4n viileyden tunteen nukkuessa ja lis\u00e4\u00e4 tyylikk\u00e4\u00e4n ilmeen makuuhuoneeseen.","og_url":"https:\/\/aztex.ee\/fi\/pood\/tyynyliinat\/tencel-tyynyliina-samppanja\/","og_site_name":"AZTEX","article_publisher":"https:\/\/www.facebook.com\/AztexEE","article_modified_time":"2025-05-02T23:30:32+00:00","og_image":[{"width":800,"height":800,"url":"https:\/\/aztex.ee\/wp-content\/uploads\/2025\/05\/Tencel-padjapuur-Sampanja.jpg","type":"image\/jpeg"}],"twitter_card":"summary_large_image","twitter_misc":{"Arvioitu lukuaika":"1 minuutti"},"schema":{"@context":"https:\/\/schema.org","@graph":[{"@type":["WebPage","ItemPage"],"@id":"https:\/\/aztex.ee\/fi\/pood\/tyynyliinat\/tencel-tyynyliina-samppanja\/","url":"https:\/\/aztex.ee\/fi\/pood\/tyynyliinat\/tencel-tyynyliina-samppanja\/","name":"Tencel tyynyliina - Samppanja | AZTEX","isPartOf":{"@id":"https:\/\/aztex.ee\/fi\/#website"},"primaryImageOfPage":{"@id":"https:\/\/aztex.ee\/fi\/pood\/tyynyliinat\/tencel-tyynyliina-samppanja\/#primaryimage"},"image":{"@id":"https:\/\/aztex.ee\/fi\/pood\/tyynyliinat\/tencel-tyynyliina-samppanja\/#primaryimage"},"thumbnailUrl":"https:\/\/aztex.ee\/wp-content\/uploads\/2025\/05\/Tencel-padjapuur-Sampanja.jpg","datePublished":"2025-05-02T22:12:41+00:00","dateModified":"2025-05-02T23:30:32+00:00","description":"Samppanjan v\u00e4ri TENCEL\u2122 Lyocell Laadukas tyynyliina on ihoyst\u00e4v\u00e4llinen ja kest\u00e4v\u00e4 valinta, joka antaa miellytt\u00e4v\u00e4n viileyden tunteen nukkuessa ja lis\u00e4\u00e4 tyylikk\u00e4\u00e4n ilmeen makuuhuoneeseen.","breadcrumb":{"@id":"https:\/\/aztex.ee\/fi\/pood\/tyynyliinat\/tencel-tyynyliina-samppanja\/#breadcrumb"},"inLanguage":"fi","potentialAction":[{"@type":"ReadAction","target":["https:\/\/aztex.ee\/fi\/pood\/tyynyliinat\/tencel-tyynyliina-samppanja\/"]}]},{"@type":"ImageObject","inLanguage":"fi","@id":"https:\/\/aztex.ee\/fi\/pood\/tyynyliinat\/tencel-tyynyliina-samppanja\/#primaryimage","url":"https:\/\/aztex.ee\/wp-content\/uploads\/2025\/05\/Tencel-padjapuur-Sampanja.jpg","contentUrl":"https:\/\/aztex.ee\/wp-content\/uploads\/2025\/05\/Tencel-padjapuur-Sampanja.jpg","width":800,"height":800,"caption":"Tencel padjap\u00fc\u00fcr S\u030campanja"},{"@type":"BreadcrumbList","@id":"https:\/\/aztex.ee\/fi\/pood\/tyynyliinat\/tencel-tyynyliina-samppanja\/#breadcrumb","itemListElement":[{"@type":"ListItem","position":1,"name":"Etusivu","item":"https:\/\/aztex.ee\/fi\/"},{"@type":"ListItem","position":2,"name":"Verkkokauppa","item":"https:\/\/aztex.ee\/fi\/verkkokauppa\/"},{"@type":"ListItem","position":3,"name":"Tencel tyynyliina \u2013 Samppanja"}]},{"@type":"WebSite","@id":"https:\/\/aztex.ee\/fi\/#website","url":"https:\/\/aztex.ee\/fi\/","name":"AZTEX","description":"","publisher":{"@id":"https:\/\/aztex.ee\/fi\/#organization"},"potentialAction":[{"@type":"SearchAction","target":{"@type":"EntryPoint","urlTemplate":"https:\/\/aztex.ee\/fi\/?s={search_term_string}"},"query-input":{"@type":"PropertyValueSpecification","valueRequired":true,"valueName":"search_term_string"}}],"inLanguage":"fi"},{"@type":"Organization","@id":"https:\/\/aztex.ee\/fi\/#organization","name":"AZTEX","url":"https:\/\/aztex.ee\/fi\/","logo":{"@type":"ImageObject","inLanguage":"fi","@id":"https:\/\/aztex.ee\/fi\/#\/schema\/logo\/image\/","url":"https:\/\/aztex.ee\/wp-content\/uploads\/2026\/01\/AZTEX.png","contentUrl":"https:\/\/aztex.ee\/wp-content\/uploads\/2026\/01\/AZTEX.png","width":500,"height":500,"caption":"AZTEX"},"image":{"@id":"https:\/\/aztex.ee\/fi\/#\/schema\/logo\/image\/"},"sameAs":["https:\/\/www.facebook.com\/AztexEE","https:\/\/www.instagram.com\/aztexeesti\/","https:\/\/www.youtube.com\/@AZTEXEE","https:\/\/www.pinterest.com\/aztex_eesti\/","https:\/\/www.tiktok.com\/@aztexeesti","https:\/\/www.trustpilot.com\/review\/aztex.ee","https:\/\/www.linkedin.com\/company\/aztex-ee\/","https:\/\/www.wikidata.org\/wiki\/Q137560182"]}]}},"_links":{"self":[{"href":"https:\/\/aztex.ee\/fi\/wp-json\/wp\/v2\/product\/83964","targetHints":{"allow":["GET"]}}],"collection":[{"href":"https:\/\/aztex.ee\/fi\/wp-json\/wp\/v2\/product"}],"about":[{"href":"https:\/\/aztex.ee\/fi\/wp-json\/wp\/v2\/types\/product"}],"replies":[{"embeddable":true,"href":"https:\/\/aztex.ee\/fi\/wp-json\/wp\/v2\/comments?post=83964"}],"version-history":[{"count":0,"href":"https:\/\/aztex.ee\/fi\/wp-json\/wp\/v2\/product\/83964\/revisions"}],"wp:featuredmedia":[{"embeddable":true,"href":"https:\/\/aztex.ee\/fi\/wp-json\/wp\/v2\/media\/84059"}],"wp:attachment":[{"href":"https:\/\/aztex.ee\/fi\/wp-json\/wp\/v2\/media?parent=83964"}],"wp:term":[{"taxonomy":"product_brand","embeddable":true,"href":"https:\/\/aztex.ee\/fi\/wp-json\/wp\/v2\/product_brand?post=83964"},{"taxonomy":"product_cat","embeddable":true,"href":"https:\/\/aztex.ee\/fi\/wp-json\/wp\/v2\/product_cat?post=83964"},{"taxonomy":"product_tag","embeddable":true,"href":"https:\/\/aztex.ee\/fi\/wp-json\/wp\/v2\/product_tag?post=83964"}],"curies":[{"name":"wp","href":"https:\/\/api.w.org\/{rel}","templated":true}]}}