{"id":79194,"date":"2025-04-14T08:03:33","date_gmt":"2025-04-14T08:03:33","guid":{"rendered":"https:\/\/aztex.ee\/?post_type=product&#038;p=79194"},"modified":"2025-04-14T08:43:44","modified_gmt":"2025-04-14T08:43:44","slug":"bambu-tyynyliina-hiekka","status":"publish","type":"product","link":"https:\/\/aztex.ee\/fi\/pood\/bambu-tyynyliinat\/bambu-tyynyliina-hiekka\/","title":{"rendered":"Bambu tyynyliina \u2013 Hiekka"},"content":{"rendered":"<p>Bambu tyynyliina on hengitt\u00e4v\u00e4 ja ihoyst\u00e4v\u00e4llinen ja tarjoaa mukavan ja virkist\u00e4v\u00e4n unen. Bambukuitujen luonnolliset ominaisuudet auttavat s\u00e4\u00e4telem\u00e4\u00e4n l\u00e4mp\u00f6tilaa ja imev\u00e4t kosteutta pit\u00e4en tyynynp\u00e4\u00e4llisen kuivana ja puhtaana. Lis\u00e4ksi se on antibakteerinen ja hypoallergeeninen, joten se sopii t\u00e4ydellisesti herk\u00e4lle iholle.<\/p>\n<p>Sile\u00e4 ja herkk\u00e4 kangas tuntuu miellytt\u00e4v\u00e4lt\u00e4 kosketuksessa ja on helppohoitoinen &#8211; konepest\u00e4v\u00e4 ja kest\u00e4v\u00e4. Pehme\u00e4 rakenne s\u00e4ilytt\u00e4\u00e4 laatunsa my\u00f6s toistuvien pesujen j\u00e4lkeen ja tarjoaa miellytt\u00e4v\u00e4n levon joka ilta.<\/p>\n<p>Bambu tyynyliina sopii t\u00e4ydellisesti mihin tahansa makuuhuoneeseen tarjoten sek\u00e4 k\u00e4yt\u00e4nn\u00f6llisyyden ett\u00e4 elegantin ilmeen. Sen neutraalit ja luonnolliset s\u00e4vyt luovat rauhallisen ja kodikkaan tunnelman, joka yhdistet\u00e4\u00e4n helposti erilaisiin vuodevaatteisiin. Nauti pehme\u00e4st\u00e4 ja raikkaasta tunteesta joka ilta, mik\u00e4 tekee unesta todella virkist\u00e4v\u00e4n.<\/p>\n","protected":false},"excerpt":{"rendered":"<p>Bambu tyynyliina on luonnollinen, pehme\u00e4 ja hengitt\u00e4v\u00e4, mik\u00e4 varmistaa laadukkaan unen.<\/p>\n<ul>\n<li>V\u00e4ri: Hiekka<\/li>\n<li>Materiaali: 100% bambu<\/li>\n<li>Kuituluettelo: 300 TC<\/li>\n<\/ul>\n<p><img loading=\"lazy\" decoding=\"async\" class=\"alignnone wp-image-20226\" src=\"https:\/\/aztex.ee\/wp-content\/uploads\/2024\/09\/oekotex100.png\" alt=\"\" width=\"196\" height=\"69\" srcset=\"https:\/\/aztex.ee\/wp-content\/uploads\/2024\/09\/oekotex100.png 204w, https:\/\/aztex.ee\/wp-content\/uploads\/2024\/09\/oekotex100-150x53.png 150w\" sizes=\"auto, (max-width: 196px) 100vw, 196px\" \/><img loading=\"lazy\" decoding=\"async\" class=\"alignnone wp-image-20260\" src=\"https:\/\/aztex.ee\/wp-content\/uploads\/2024\/09\/bambuuss.png\" alt=\"\" width=\"75\" height=\"75\" srcset=\"https:\/\/aztex.ee\/wp-content\/uploads\/2024\/09\/bambuuss.png 204w, https:\/\/aztex.ee\/wp-content\/uploads\/2024\/09\/bambuuss-150x150.png 150w\" sizes=\"auto, (max-width: 75px) 100vw, 75px\" \/><\/p>\n","protected":false},"featured_media":79289,"comment_status":"open","ping_status":"closed","template":"","meta":[],"product_brand":[],"product_cat":[518,1772],"product_tag":[],"class_list":{"0":"post-79194","1":"product","2":"type-product","3":"status-publish","4":"has-post-thumbnail","6":"product_cat-bambu-tyynyliinat","7":"product_cat-tyynyliinat","9":"first","10":"instock","11":"shipping-taxable","12":"purchasable","13":"product-type-variable"},"yoast_head":"<!-- This site is optimized with the Yoast SEO plugin v27.6 - https:\/\/yoast.com\/product\/yoast-seo-wordpress\/ -->\n<title>Bambu tyynyliina - Hiekka | AZTEX<\/title>\n<meta name=\"description\" content=\"Hiekka v\u00e4rinen 100% Bambu tyynyliina on pehme\u00e4, hengitt\u00e4v\u00e4, ihoyst\u00e4v\u00e4llinen ja antibakteerinen. Ihanteellinen valinta herk\u00e4lle iholle, joka takaa ...\" \/>\n<meta name=\"robots\" content=\"index, follow, max-snippet:-1, max-image-preview:large, max-video-preview:-1\" \/>\n<link rel=\"canonical\" href=\"https:\/\/aztex.ee\/fi\/pood\/bambu-tyynyliinat\/bambu-tyynyliina-hiekka\/\" \/>\n<meta property=\"og:locale\" content=\"fi_FI\" \/>\n<meta property=\"og:type\" content=\"article\" \/>\n<meta property=\"og:title\" content=\"Bambu tyynyliina - Hiekka | AZTEX\" \/>\n<meta property=\"og:description\" content=\"Hiekka v\u00e4rinen 100% Bambu tyynyliina on pehme\u00e4, hengitt\u00e4v\u00e4, ihoyst\u00e4v\u00e4llinen ja antibakteerinen. Ihanteellinen valinta herk\u00e4lle iholle, joka takaa ...\" \/>\n<meta property=\"og:url\" content=\"https:\/\/aztex.ee\/fi\/pood\/bambu-tyynyliinat\/bambu-tyynyliina-hiekka\/\" \/>\n<meta property=\"og:site_name\" content=\"AZTEX\" \/>\n<meta property=\"article:publisher\" content=\"https:\/\/www.facebook.com\/AztexEE\" \/>\n<meta property=\"article:modified_time\" content=\"2025-04-14T08:43:44+00:00\" \/>\n<meta property=\"og:image\" content=\"https:\/\/aztex.ee\/wp-content\/uploads\/2025\/04\/Bambusest-padjapuur-Liiv.jpg\" \/>\n\t<meta property=\"og:image:width\" content=\"800\" \/>\n\t<meta property=\"og:image:height\" content=\"800\" \/>\n\t<meta property=\"og:image:type\" content=\"image\/jpeg\" \/>\n<meta name=\"twitter:card\" content=\"summary_large_image\" \/>\n<meta name=\"twitter:label1\" content=\"Arvioitu lukuaika\" \/>\n\t<meta name=\"twitter:data1\" content=\"1 minuutti\" \/>\n<script type=\"application\/ld+json\" class=\"yoast-schema-graph\">{\"@context\":\"https:\\\/\\\/schema.org\",\"@graph\":[{\"@type\":[\"WebPage\",\"ItemPage\"],\"@id\":\"https:\\\/\\\/aztex.ee\\\/fi\\\/pood\\\/bambu-tyynyliinat\\\/bambu-tyynyliina-hiekka\\\/\",\"url\":\"https:\\\/\\\/aztex.ee\\\/fi\\\/pood\\\/bambu-tyynyliinat\\\/bambu-tyynyliina-hiekka\\\/\",\"name\":\"Bambu tyynyliina - Hiekka | AZTEX\",\"isPartOf\":{\"@id\":\"https:\\\/\\\/aztex.ee\\\/fi\\\/#website\"},\"primaryImageOfPage\":{\"@id\":\"https:\\\/\\\/aztex.ee\\\/fi\\\/pood\\\/bambu-tyynyliinat\\\/bambu-tyynyliina-hiekka\\\/#primaryimage\"},\"image\":{\"@id\":\"https:\\\/\\\/aztex.ee\\\/fi\\\/pood\\\/bambu-tyynyliinat\\\/bambu-tyynyliina-hiekka\\\/#primaryimage\"},\"thumbnailUrl\":\"https:\\\/\\\/aztex.ee\\\/wp-content\\\/uploads\\\/2025\\\/04\\\/Bambusest-padjapuur-Liiv.jpg\",\"datePublished\":\"2025-04-14T08:03:33+00:00\",\"dateModified\":\"2025-04-14T08:43:44+00:00\",\"description\":\"Hiekka v\u00e4rinen 100% Bambu tyynyliina on pehme\u00e4, hengitt\u00e4v\u00e4, ihoyst\u00e4v\u00e4llinen ja antibakteerinen. Ihanteellinen valinta herk\u00e4lle iholle, joka takaa ...\",\"breadcrumb\":{\"@id\":\"https:\\\/\\\/aztex.ee\\\/fi\\\/pood\\\/bambu-tyynyliinat\\\/bambu-tyynyliina-hiekka\\\/#breadcrumb\"},\"inLanguage\":\"fi\",\"potentialAction\":[{\"@type\":\"ReadAction\",\"target\":[\"https:\\\/\\\/aztex.ee\\\/fi\\\/pood\\\/bambu-tyynyliinat\\\/bambu-tyynyliina-hiekka\\\/\"]}]},{\"@type\":\"ImageObject\",\"inLanguage\":\"fi\",\"@id\":\"https:\\\/\\\/aztex.ee\\\/fi\\\/pood\\\/bambu-tyynyliinat\\\/bambu-tyynyliina-hiekka\\\/#primaryimage\",\"url\":\"https:\\\/\\\/aztex.ee\\\/wp-content\\\/uploads\\\/2025\\\/04\\\/Bambusest-padjapuur-Liiv.jpg\",\"contentUrl\":\"https:\\\/\\\/aztex.ee\\\/wp-content\\\/uploads\\\/2025\\\/04\\\/Bambusest-padjapuur-Liiv.jpg\",\"width\":800,\"height\":800,\"caption\":\"Bambusest padjap\u00fc\u00fcr Liiv\"},{\"@type\":\"BreadcrumbList\",\"@id\":\"https:\\\/\\\/aztex.ee\\\/fi\\\/pood\\\/bambu-tyynyliinat\\\/bambu-tyynyliina-hiekka\\\/#breadcrumb\",\"itemListElement\":[{\"@type\":\"ListItem\",\"position\":1,\"name\":\"Etusivu\",\"item\":\"https:\\\/\\\/aztex.ee\\\/fi\\\/\"},{\"@type\":\"ListItem\",\"position\":2,\"name\":\"Verkkokauppa\",\"item\":\"https:\\\/\\\/aztex.ee\\\/fi\\\/verkkokauppa\\\/\"},{\"@type\":\"ListItem\",\"position\":3,\"name\":\"Bambu tyynyliina \u2013 Hiekka\"}]},{\"@type\":\"WebSite\",\"@id\":\"https:\\\/\\\/aztex.ee\\\/fi\\\/#website\",\"url\":\"https:\\\/\\\/aztex.ee\\\/fi\\\/\",\"name\":\"AZTEX\",\"description\":\"\",\"publisher\":{\"@id\":\"https:\\\/\\\/aztex.ee\\\/fi\\\/#organization\"},\"potentialAction\":[{\"@type\":\"SearchAction\",\"target\":{\"@type\":\"EntryPoint\",\"urlTemplate\":\"https:\\\/\\\/aztex.ee\\\/fi\\\/?s={search_term_string}\"},\"query-input\":{\"@type\":\"PropertyValueSpecification\",\"valueRequired\":true,\"valueName\":\"search_term_string\"}}],\"inLanguage\":\"fi\"},{\"@type\":\"Organization\",\"@id\":\"https:\\\/\\\/aztex.ee\\\/fi\\\/#organization\",\"name\":\"AZTEX\",\"url\":\"https:\\\/\\\/aztex.ee\\\/fi\\\/\",\"logo\":{\"@type\":\"ImageObject\",\"inLanguage\":\"fi\",\"@id\":\"https:\\\/\\\/aztex.ee\\\/fi\\\/#\\\/schema\\\/logo\\\/image\\\/\",\"url\":\"https:\\\/\\\/aztex.ee\\\/wp-content\\\/uploads\\\/2026\\\/01\\\/AZTEX.png\",\"contentUrl\":\"https:\\\/\\\/aztex.ee\\\/wp-content\\\/uploads\\\/2026\\\/01\\\/AZTEX.png\",\"width\":500,\"height\":500,\"caption\":\"AZTEX\"},\"image\":{\"@id\":\"https:\\\/\\\/aztex.ee\\\/fi\\\/#\\\/schema\\\/logo\\\/image\\\/\"},\"sameAs\":[\"https:\\\/\\\/www.facebook.com\\\/AztexEE\",\"https:\\\/\\\/www.instagram.com\\\/aztexeesti\\\/\",\"https:\\\/\\\/www.youtube.com\\\/@AZTEXEE\",\"https:\\\/\\\/www.pinterest.com\\\/aztex_eesti\\\/\",\"https:\\\/\\\/www.tiktok.com\\\/@aztexeesti\",\"https:\\\/\\\/www.trustpilot.com\\\/review\\\/aztex.ee\",\"https:\\\/\\\/www.linkedin.com\\\/company\\\/aztex-ee\\\/\",\"https:\\\/\\\/www.wikidata.org\\\/wiki\\\/Q137560182\"]}]}<\/script>\n<!-- \/ Yoast SEO plugin. -->","yoast_head_json":{"title":"Bambu tyynyliina - Hiekka | AZTEX","description":"Hiekka v\u00e4rinen 100% Bambu tyynyliina on pehme\u00e4, hengitt\u00e4v\u00e4, ihoyst\u00e4v\u00e4llinen ja antibakteerinen. Ihanteellinen valinta herk\u00e4lle iholle, joka takaa ...","robots":{"index":"index","follow":"follow","max-snippet":"max-snippet:-1","max-image-preview":"max-image-preview:large","max-video-preview":"max-video-preview:-1"},"canonical":"https:\/\/aztex.ee\/fi\/pood\/bambu-tyynyliinat\/bambu-tyynyliina-hiekka\/","og_locale":"fi_FI","og_type":"article","og_title":"Bambu tyynyliina - Hiekka | AZTEX","og_description":"Hiekka v\u00e4rinen 100% Bambu tyynyliina on pehme\u00e4, hengitt\u00e4v\u00e4, ihoyst\u00e4v\u00e4llinen ja antibakteerinen. Ihanteellinen valinta herk\u00e4lle iholle, joka takaa ...","og_url":"https:\/\/aztex.ee\/fi\/pood\/bambu-tyynyliinat\/bambu-tyynyliina-hiekka\/","og_site_name":"AZTEX","article_publisher":"https:\/\/www.facebook.com\/AztexEE","article_modified_time":"2025-04-14T08:43:44+00:00","og_image":[{"width":800,"height":800,"url":"https:\/\/aztex.ee\/wp-content\/uploads\/2025\/04\/Bambusest-padjapuur-Liiv.jpg","type":"image\/jpeg"}],"twitter_card":"summary_large_image","twitter_misc":{"Arvioitu lukuaika":"1 minuutti"},"schema":{"@context":"https:\/\/schema.org","@graph":[{"@type":["WebPage","ItemPage"],"@id":"https:\/\/aztex.ee\/fi\/pood\/bambu-tyynyliinat\/bambu-tyynyliina-hiekka\/","url":"https:\/\/aztex.ee\/fi\/pood\/bambu-tyynyliinat\/bambu-tyynyliina-hiekka\/","name":"Bambu tyynyliina - Hiekka | AZTEX","isPartOf":{"@id":"https:\/\/aztex.ee\/fi\/#website"},"primaryImageOfPage":{"@id":"https:\/\/aztex.ee\/fi\/pood\/bambu-tyynyliinat\/bambu-tyynyliina-hiekka\/#primaryimage"},"image":{"@id":"https:\/\/aztex.ee\/fi\/pood\/bambu-tyynyliinat\/bambu-tyynyliina-hiekka\/#primaryimage"},"thumbnailUrl":"https:\/\/aztex.ee\/wp-content\/uploads\/2025\/04\/Bambusest-padjapuur-Liiv.jpg","datePublished":"2025-04-14T08:03:33+00:00","dateModified":"2025-04-14T08:43:44+00:00","description":"Hiekka v\u00e4rinen 100% Bambu tyynyliina on pehme\u00e4, hengitt\u00e4v\u00e4, ihoyst\u00e4v\u00e4llinen ja antibakteerinen. Ihanteellinen valinta herk\u00e4lle iholle, joka takaa ...","breadcrumb":{"@id":"https:\/\/aztex.ee\/fi\/pood\/bambu-tyynyliinat\/bambu-tyynyliina-hiekka\/#breadcrumb"},"inLanguage":"fi","potentialAction":[{"@type":"ReadAction","target":["https:\/\/aztex.ee\/fi\/pood\/bambu-tyynyliinat\/bambu-tyynyliina-hiekka\/"]}]},{"@type":"ImageObject","inLanguage":"fi","@id":"https:\/\/aztex.ee\/fi\/pood\/bambu-tyynyliinat\/bambu-tyynyliina-hiekka\/#primaryimage","url":"https:\/\/aztex.ee\/wp-content\/uploads\/2025\/04\/Bambusest-padjapuur-Liiv.jpg","contentUrl":"https:\/\/aztex.ee\/wp-content\/uploads\/2025\/04\/Bambusest-padjapuur-Liiv.jpg","width":800,"height":800,"caption":"Bambusest padjap\u00fc\u00fcr Liiv"},{"@type":"BreadcrumbList","@id":"https:\/\/aztex.ee\/fi\/pood\/bambu-tyynyliinat\/bambu-tyynyliina-hiekka\/#breadcrumb","itemListElement":[{"@type":"ListItem","position":1,"name":"Etusivu","item":"https:\/\/aztex.ee\/fi\/"},{"@type":"ListItem","position":2,"name":"Verkkokauppa","item":"https:\/\/aztex.ee\/fi\/verkkokauppa\/"},{"@type":"ListItem","position":3,"name":"Bambu tyynyliina \u2013 Hiekka"}]},{"@type":"WebSite","@id":"https:\/\/aztex.ee\/fi\/#website","url":"https:\/\/aztex.ee\/fi\/","name":"AZTEX","description":"","publisher":{"@id":"https:\/\/aztex.ee\/fi\/#organization"},"potentialAction":[{"@type":"SearchAction","target":{"@type":"EntryPoint","urlTemplate":"https:\/\/aztex.ee\/fi\/?s={search_term_string}"},"query-input":{"@type":"PropertyValueSpecification","valueRequired":true,"valueName":"search_term_string"}}],"inLanguage":"fi"},{"@type":"Organization","@id":"https:\/\/aztex.ee\/fi\/#organization","name":"AZTEX","url":"https:\/\/aztex.ee\/fi\/","logo":{"@type":"ImageObject","inLanguage":"fi","@id":"https:\/\/aztex.ee\/fi\/#\/schema\/logo\/image\/","url":"https:\/\/aztex.ee\/wp-content\/uploads\/2026\/01\/AZTEX.png","contentUrl":"https:\/\/aztex.ee\/wp-content\/uploads\/2026\/01\/AZTEX.png","width":500,"height":500,"caption":"AZTEX"},"image":{"@id":"https:\/\/aztex.ee\/fi\/#\/schema\/logo\/image\/"},"sameAs":["https:\/\/www.facebook.com\/AztexEE","https:\/\/www.instagram.com\/aztexeesti\/","https:\/\/www.youtube.com\/@AZTEXEE","https:\/\/www.pinterest.com\/aztex_eesti\/","https:\/\/www.tiktok.com\/@aztexeesti","https:\/\/www.trustpilot.com\/review\/aztex.ee","https:\/\/www.linkedin.com\/company\/aztex-ee\/","https:\/\/www.wikidata.org\/wiki\/Q137560182"]}]}},"_links":{"self":[{"href":"https:\/\/aztex.ee\/fi\/wp-json\/wp\/v2\/product\/79194","targetHints":{"allow":["GET"]}}],"collection":[{"href":"https:\/\/aztex.ee\/fi\/wp-json\/wp\/v2\/product"}],"about":[{"href":"https:\/\/aztex.ee\/fi\/wp-json\/wp\/v2\/types\/product"}],"replies":[{"embeddable":true,"href":"https:\/\/aztex.ee\/fi\/wp-json\/wp\/v2\/comments?post=79194"}],"version-history":[{"count":0,"href":"https:\/\/aztex.ee\/fi\/wp-json\/wp\/v2\/product\/79194\/revisions"}],"wp:featuredmedia":[{"embeddable":true,"href":"https:\/\/aztex.ee\/fi\/wp-json\/wp\/v2\/media\/79289"}],"wp:attachment":[{"href":"https:\/\/aztex.ee\/fi\/wp-json\/wp\/v2\/media?parent=79194"}],"wp:term":[{"taxonomy":"product_brand","embeddable":true,"href":"https:\/\/aztex.ee\/fi\/wp-json\/wp\/v2\/product_brand?post=79194"},{"taxonomy":"product_cat","embeddable":true,"href":"https:\/\/aztex.ee\/fi\/wp-json\/wp\/v2\/product_cat?post=79194"},{"taxonomy":"product_tag","embeddable":true,"href":"https:\/\/aztex.ee\/fi\/wp-json\/wp\/v2\/product_tag?post=79194"}],"curies":[{"name":"wp","href":"https:\/\/api.w.org\/{rel}","templated":true}]}}