{"id":68785,"date":"2025-03-19T15:50:35","date_gmt":"2025-03-19T15:50:35","guid":{"rendered":"https:\/\/aztex.ee\/pood\/Ei-luokiteltu\/laste-voodipesukomplekt\/"},"modified":"2026-03-08T15:03:15","modified_gmt":"2026-03-08T15:03:15","slug":"lasten-vuodevaatteet-setti","status":"publish","type":"product","link":"https:\/\/aztex.ee\/fi\/pood\/lapsen-maailma\/lasten-vuodevaatteet-setti\/","title":{"rendered":"Lasten vuodevaatteet setti"},"content":{"rendered":"<p><strong>Lasten vuodevaatteet &#8211; pehmeytt\u00e4 ja iloa jokaisessa unessa<\/strong><\/p>\n<p><strong>100% puuvillaa &#8211; luonnollisen pehme\u00e4 ja hengitt\u00e4v\u00e4<\/strong><\/p>\n<p>Lapsen uni on elint\u00e4rke\u00e4\u00e4 kasvun ja levon kannalta. Mukavan ja rauhallisen y\u00f6n takaamiseksi n\u00e4m\u00e4 vuodevaatteet on valmistettu 100 % hengitt\u00e4v\u00e4st\u00e4 ja pehme\u00e4st\u00e4 puuvillasta. Puuvillakangas imee hyvin kosteutta, auttaa kehoa yll\u00e4pit\u00e4m\u00e4\u00e4n optimaalisen l\u00e4mp\u00f6tilan ja on ihoyst\u00e4v\u00e4llinen my\u00f6s herk\u00e4lle iholle. T\u00e4m\u00e4 takaa miellytt\u00e4v\u00e4n ja turvallisen unen ymp\u00e4ri vuoden. Se pit\u00e4\u00e4 kes\u00e4ll\u00e4 viile\u00e4n\u00e4 ja talvella l\u00e4mpim\u00e4n\u00e4. Lis\u00e4ksi vuodevaatteet ovat kevyet ja herk\u00e4t antaen lapselle mukavan ja pehme\u00e4n tunteen, mik\u00e4 auttaa h\u00e4nt\u00e4 rentoutumaan ja nukahtamaan nopeammin.<\/p>\n<p><strong>Leikkisi\u00e4 kuvioita iloiseen huoneeseen<\/strong><\/p>\n<p>Lapset l\u00f6yt\u00e4v\u00e4t maailmaa leikin, v\u00e4rien ja muotojen kautta. T\u00e4ss\u00e4 vuodevaatteet setiss\u00e4 on s\u00f6p\u00f6j\u00e4 ja iloisia printtej\u00e4, jotka tekev\u00e4t makuuhuoneesta l\u00e4mpim\u00e4mm\u00e4n ja kutsuvamman. Valittavana on useita eri malleja, jotta jokaiselle lapselle tulisi mieleinen nukkumapaikka. Hauskat kuviot eiv\u00e4t ole vain koristeellisia \u2013 ne my\u00f6s kehitt\u00e4v\u00e4t lapsen mielikuvitusta tehden s\u00e4ngyst\u00e4 paitsi nukkumapaikan, my\u00f6s luovan ymp\u00e4rist\u00f6n, josta seuraava seikkailu voi alkaa.<\/p>\n<p><strong>Mukavuus ja k\u00e4yt\u00e4nn\u00f6llisyys p\u00e4ivitt\u00e4iseen k\u00e4ytt\u00f6\u00f6n<\/strong><\/p>\n<p>Kauniin ulkon\u00e4\u00f6ns\u00e4 lis\u00e4ksi t\u00e4m\u00e4 vuodevaatesarja on my\u00f6s k\u00e4yt\u00e4nn\u00f6llinen ja kest\u00e4v\u00e4. Koska lasten vuodevaatteet tarvitsevat usein pesua, setti on valmistettu helppohoitoisesta materiaalista \u2013 se on konepest\u00e4v\u00e4, kuivuu nopeasti ja s\u00e4ilytt\u00e4\u00e4 v\u00e4rins\u00e4 ja pehmeytens\u00e4 my\u00f6s toistuvien pesujen j\u00e4lkeen. Puuvillakangas on kest\u00e4v\u00e4\u00e4 ja kulutusta kest\u00e4v\u00e4\u00e4, mink\u00e4 vuoksi se pysyy kauniina pitk\u00e4\u00e4n ja kest\u00e4\u00e4 aktiivista k\u00e4ytt\u00f6\u00e4. Kangas ei menet\u00e4 muotoaan tai karhestu pesussa, s\u00e4ilytt\u00e4en aina miellytt\u00e4v\u00e4n pehmeyden.<\/p>\n<p><strong>Sopii jokaiseen lastenhuoneeseen \u2013 laaja valikoima v\u00e4rej\u00e4 ja kuvioita<\/strong><\/p>\n<p>Lasten vuodevaatteet setti\u00e4 on saatavana useissa eri v\u00e4reiss\u00e4 ja kuvioissa, jotka sopivat jokaiseen lastenhuoneeseen. Olipa huone minimalistinen tai t\u00e4ynn\u00e4 kirkkaita v\u00e4rej\u00e4 &#8211; t\u00e4m\u00e4 setti lis\u00e4\u00e4 viihtyisyytt\u00e4 ja luo miellytt\u00e4v\u00e4n ilmapiirin, jossa lapsi tuntee olonsa turvalliseksi ja mukavaksi.<\/p>\n<p><strong>Puuvillainen lasten vuodevaatteet setti &#8211; unelmien toteutumisen alku<\/strong><\/p>\n<p>Hyv\u00e4 uni on v\u00e4ltt\u00e4m\u00e4t\u00f6nt\u00e4 lapsen hyvinvoinnille ja kehitykselle. Pehme\u00e4, hengitt\u00e4v\u00e4 ja s\u00f6p\u00f6sti muotoiltu vuodevaatesarja tekee nukkumaan menosta tervetullut hetken joka ilta ja edist\u00e4\u00e4 rauhallista ja levollista unta.<\/p>\n","protected":false},"excerpt":{"rendered":"<ul>\n<li>Materiaali: 100% Puuvillaa<\/li>\n<li>Pussilakana: 120&#215;150 cm<\/li>\n<li>Patjan p\u00e4\u00e4llinen: 60&#215;135 cm<\/li>\n<li>Tyynyliina: 30&#215;50 cm<\/li>\n<\/ul>\n","protected":false},"featured_media":68010,"comment_status":"open","ping_status":"closed","template":"","meta":[],"product_brand":[],"product_cat":[2210,2254],"product_tag":[],"class_list":{"0":"post-68785","1":"product","2":"type-product","3":"status-publish","4":"has-post-thumbnail","6":"product_cat-lapsen-maailma","7":"product_cat-lasten-pussilakanat","9":"first","10":"instock","11":"shipping-taxable","12":"purchasable","13":"product-type-variable"},"yoast_head":"<!-- This site is optimized with the Yoast SEO plugin v27.3 - https:\/\/yoast.com\/product\/yoast-seo-wordpress\/ -->\n<title>Lasten vuodevaatteet setti | AZTEX<\/title>\n<meta name=\"description\" content=\"T\u00e4m\u00e4 puuvillainen lasten vuodevaatteet setti on pehme\u00e4, hengitt\u00e4v\u00e4 ja ihoyst\u00e4v\u00e4llinen. Suloiset kuviot, helppohoitoisuus ja kest\u00e4v\u00e4 laatu takaavat ...\" \/>\n<meta name=\"robots\" content=\"index, follow, max-snippet:-1, max-image-preview:large, max-video-preview:-1\" \/>\n<link rel=\"canonical\" href=\"https:\/\/aztex.ee\/fi\/pood\/lapsen-maailma\/lasten-vuodevaatteet-setti\/\" \/>\n<meta property=\"og:locale\" content=\"fi_FI\" \/>\n<meta property=\"og:type\" content=\"article\" \/>\n<meta property=\"og:title\" content=\"Lasten vuodevaatteet setti | AZTEX\" \/>\n<meta property=\"og:description\" content=\"T\u00e4m\u00e4 puuvillainen lasten vuodevaatteet setti on pehme\u00e4, hengitt\u00e4v\u00e4 ja ihoyst\u00e4v\u00e4llinen. Suloiset kuviot, helppohoitoisuus ja kest\u00e4v\u00e4 laatu takaavat ...\" \/>\n<meta property=\"og:url\" content=\"https:\/\/aztex.ee\/fi\/pood\/lapsen-maailma\/lasten-vuodevaatteet-setti\/\" \/>\n<meta property=\"og:site_name\" content=\"AZTEX\" \/>\n<meta property=\"article:publisher\" content=\"https:\/\/www.facebook.com\/AztexEE\" \/>\n<meta property=\"article:modified_time\" content=\"2026-03-08T15:03:15+00:00\" \/>\n<meta property=\"og:image\" content=\"https:\/\/aztex.ee\/wp-content\/uploads\/2025\/03\/Laste-voodipesukomplekt-Kosmos-1.jpg\" \/>\n\t<meta property=\"og:image:width\" content=\"800\" \/>\n\t<meta property=\"og:image:height\" content=\"800\" \/>\n\t<meta property=\"og:image:type\" content=\"image\/jpeg\" \/>\n<meta name=\"twitter:card\" content=\"summary_large_image\" \/>\n<meta name=\"twitter:label1\" content=\"Arvioitu lukuaika\" \/>\n\t<meta name=\"twitter:data1\" content=\"2 minuuttia\" \/>\n<script type=\"application\/ld+json\" class=\"yoast-schema-graph\">{\"@context\":\"https:\\\/\\\/schema.org\",\"@graph\":[{\"@type\":[\"WebPage\",\"ItemPage\"],\"@id\":\"https:\\\/\\\/aztex.ee\\\/fi\\\/pood\\\/lapsen-maailma\\\/lasten-vuodevaatteet-setti\\\/\",\"url\":\"https:\\\/\\\/aztex.ee\\\/fi\\\/pood\\\/lapsen-maailma\\\/lasten-vuodevaatteet-setti\\\/\",\"name\":\"Lasten vuodevaatteet setti | AZTEX\",\"isPartOf\":{\"@id\":\"https:\\\/\\\/aztex.ee\\\/fi\\\/#website\"},\"primaryImageOfPage\":{\"@id\":\"https:\\\/\\\/aztex.ee\\\/fi\\\/pood\\\/lapsen-maailma\\\/lasten-vuodevaatteet-setti\\\/#primaryimage\"},\"image\":{\"@id\":\"https:\\\/\\\/aztex.ee\\\/fi\\\/pood\\\/lapsen-maailma\\\/lasten-vuodevaatteet-setti\\\/#primaryimage\"},\"thumbnailUrl\":\"https:\\\/\\\/aztex.ee\\\/wp-content\\\/uploads\\\/2025\\\/03\\\/Laste-voodipesukomplekt-Kosmos-1.jpg\",\"datePublished\":\"2025-03-19T15:50:35+00:00\",\"dateModified\":\"2026-03-08T15:03:15+00:00\",\"description\":\"T\u00e4m\u00e4 puuvillainen lasten vuodevaatteet setti on pehme\u00e4, hengitt\u00e4v\u00e4 ja ihoyst\u00e4v\u00e4llinen. Suloiset kuviot, helppohoitoisuus ja kest\u00e4v\u00e4 laatu takaavat ...\",\"breadcrumb\":{\"@id\":\"https:\\\/\\\/aztex.ee\\\/fi\\\/pood\\\/lapsen-maailma\\\/lasten-vuodevaatteet-setti\\\/#breadcrumb\"},\"inLanguage\":\"fi\",\"potentialAction\":[{\"@type\":\"ReadAction\",\"target\":[\"https:\\\/\\\/aztex.ee\\\/fi\\\/pood\\\/lapsen-maailma\\\/lasten-vuodevaatteet-setti\\\/\"]}]},{\"@type\":\"ImageObject\",\"inLanguage\":\"fi\",\"@id\":\"https:\\\/\\\/aztex.ee\\\/fi\\\/pood\\\/lapsen-maailma\\\/lasten-vuodevaatteet-setti\\\/#primaryimage\",\"url\":\"https:\\\/\\\/aztex.ee\\\/wp-content\\\/uploads\\\/2025\\\/03\\\/Laste-voodipesukomplekt-Kosmos-1.jpg\",\"contentUrl\":\"https:\\\/\\\/aztex.ee\\\/wp-content\\\/uploads\\\/2025\\\/03\\\/Laste-voodipesukomplekt-Kosmos-1.jpg\",\"width\":800,\"height\":800,\"caption\":\"Laste voodipesukomplekt\"},{\"@type\":\"BreadcrumbList\",\"@id\":\"https:\\\/\\\/aztex.ee\\\/fi\\\/pood\\\/lapsen-maailma\\\/lasten-vuodevaatteet-setti\\\/#breadcrumb\",\"itemListElement\":[{\"@type\":\"ListItem\",\"position\":1,\"name\":\"Etusivu\",\"item\":\"https:\\\/\\\/aztex.ee\\\/fi\\\/\"},{\"@type\":\"ListItem\",\"position\":2,\"name\":\"Verkkokauppa\",\"item\":\"https:\\\/\\\/aztex.ee\\\/fi\\\/verkkokauppa\\\/\"},{\"@type\":\"ListItem\",\"position\":3,\"name\":\"Lasten vuodevaatteet setti\"}]},{\"@type\":\"WebSite\",\"@id\":\"https:\\\/\\\/aztex.ee\\\/fi\\\/#website\",\"url\":\"https:\\\/\\\/aztex.ee\\\/fi\\\/\",\"name\":\"AZTEX\",\"description\":\"\",\"publisher\":{\"@id\":\"https:\\\/\\\/aztex.ee\\\/fi\\\/#organization\"},\"potentialAction\":[{\"@type\":\"SearchAction\",\"target\":{\"@type\":\"EntryPoint\",\"urlTemplate\":\"https:\\\/\\\/aztex.ee\\\/fi\\\/?s={search_term_string}\"},\"query-input\":{\"@type\":\"PropertyValueSpecification\",\"valueRequired\":true,\"valueName\":\"search_term_string\"}}],\"inLanguage\":\"fi\"},{\"@type\":\"Organization\",\"@id\":\"https:\\\/\\\/aztex.ee\\\/fi\\\/#organization\",\"name\":\"AZTEX\",\"url\":\"https:\\\/\\\/aztex.ee\\\/fi\\\/\",\"logo\":{\"@type\":\"ImageObject\",\"inLanguage\":\"fi\",\"@id\":\"https:\\\/\\\/aztex.ee\\\/fi\\\/#\\\/schema\\\/logo\\\/image\\\/\",\"url\":\"https:\\\/\\\/aztex.ee\\\/wp-content\\\/uploads\\\/2026\\\/01\\\/AZTEX.png\",\"contentUrl\":\"https:\\\/\\\/aztex.ee\\\/wp-content\\\/uploads\\\/2026\\\/01\\\/AZTEX.png\",\"width\":500,\"height\":500,\"caption\":\"AZTEX\"},\"image\":{\"@id\":\"https:\\\/\\\/aztex.ee\\\/fi\\\/#\\\/schema\\\/logo\\\/image\\\/\"},\"sameAs\":[\"https:\\\/\\\/www.facebook.com\\\/AztexEE\",\"https:\\\/\\\/www.instagram.com\\\/aztexeesti\\\/\",\"https:\\\/\\\/www.youtube.com\\\/@AZTEXEE\",\"https:\\\/\\\/www.pinterest.com\\\/aztex_eesti\\\/\",\"https:\\\/\\\/www.tiktok.com\\\/@aztexeesti\",\"https:\\\/\\\/www.trustpilot.com\\\/review\\\/aztex.ee\",\"https:\\\/\\\/www.linkedin.com\\\/company\\\/aztex-ee\\\/\",\"https:\\\/\\\/www.wikidata.org\\\/wiki\\\/Q137560182\"]}]}<\/script>\n<!-- \/ Yoast SEO plugin. -->","yoast_head_json":{"title":"Lasten vuodevaatteet setti | AZTEX","description":"T\u00e4m\u00e4 puuvillainen lasten vuodevaatteet setti on pehme\u00e4, hengitt\u00e4v\u00e4 ja ihoyst\u00e4v\u00e4llinen. Suloiset kuviot, helppohoitoisuus ja kest\u00e4v\u00e4 laatu takaavat ...","robots":{"index":"index","follow":"follow","max-snippet":"max-snippet:-1","max-image-preview":"max-image-preview:large","max-video-preview":"max-video-preview:-1"},"canonical":"https:\/\/aztex.ee\/fi\/pood\/lapsen-maailma\/lasten-vuodevaatteet-setti\/","og_locale":"fi_FI","og_type":"article","og_title":"Lasten vuodevaatteet setti | AZTEX","og_description":"T\u00e4m\u00e4 puuvillainen lasten vuodevaatteet setti on pehme\u00e4, hengitt\u00e4v\u00e4 ja ihoyst\u00e4v\u00e4llinen. Suloiset kuviot, helppohoitoisuus ja kest\u00e4v\u00e4 laatu takaavat ...","og_url":"https:\/\/aztex.ee\/fi\/pood\/lapsen-maailma\/lasten-vuodevaatteet-setti\/","og_site_name":"AZTEX","article_publisher":"https:\/\/www.facebook.com\/AztexEE","article_modified_time":"2026-03-08T15:03:15+00:00","og_image":[{"width":800,"height":800,"url":"https:\/\/aztex.ee\/wp-content\/uploads\/2025\/03\/Laste-voodipesukomplekt-Kosmos-1.jpg","type":"image\/jpeg"}],"twitter_card":"summary_large_image","twitter_misc":{"Arvioitu lukuaika":"2 minuuttia"},"schema":{"@context":"https:\/\/schema.org","@graph":[{"@type":["WebPage","ItemPage"],"@id":"https:\/\/aztex.ee\/fi\/pood\/lapsen-maailma\/lasten-vuodevaatteet-setti\/","url":"https:\/\/aztex.ee\/fi\/pood\/lapsen-maailma\/lasten-vuodevaatteet-setti\/","name":"Lasten vuodevaatteet setti | AZTEX","isPartOf":{"@id":"https:\/\/aztex.ee\/fi\/#website"},"primaryImageOfPage":{"@id":"https:\/\/aztex.ee\/fi\/pood\/lapsen-maailma\/lasten-vuodevaatteet-setti\/#primaryimage"},"image":{"@id":"https:\/\/aztex.ee\/fi\/pood\/lapsen-maailma\/lasten-vuodevaatteet-setti\/#primaryimage"},"thumbnailUrl":"https:\/\/aztex.ee\/wp-content\/uploads\/2025\/03\/Laste-voodipesukomplekt-Kosmos-1.jpg","datePublished":"2025-03-19T15:50:35+00:00","dateModified":"2026-03-08T15:03:15+00:00","description":"T\u00e4m\u00e4 puuvillainen lasten vuodevaatteet setti on pehme\u00e4, hengitt\u00e4v\u00e4 ja ihoyst\u00e4v\u00e4llinen. Suloiset kuviot, helppohoitoisuus ja kest\u00e4v\u00e4 laatu takaavat ...","breadcrumb":{"@id":"https:\/\/aztex.ee\/fi\/pood\/lapsen-maailma\/lasten-vuodevaatteet-setti\/#breadcrumb"},"inLanguage":"fi","potentialAction":[{"@type":"ReadAction","target":["https:\/\/aztex.ee\/fi\/pood\/lapsen-maailma\/lasten-vuodevaatteet-setti\/"]}]},{"@type":"ImageObject","inLanguage":"fi","@id":"https:\/\/aztex.ee\/fi\/pood\/lapsen-maailma\/lasten-vuodevaatteet-setti\/#primaryimage","url":"https:\/\/aztex.ee\/wp-content\/uploads\/2025\/03\/Laste-voodipesukomplekt-Kosmos-1.jpg","contentUrl":"https:\/\/aztex.ee\/wp-content\/uploads\/2025\/03\/Laste-voodipesukomplekt-Kosmos-1.jpg","width":800,"height":800,"caption":"Laste voodipesukomplekt"},{"@type":"BreadcrumbList","@id":"https:\/\/aztex.ee\/fi\/pood\/lapsen-maailma\/lasten-vuodevaatteet-setti\/#breadcrumb","itemListElement":[{"@type":"ListItem","position":1,"name":"Etusivu","item":"https:\/\/aztex.ee\/fi\/"},{"@type":"ListItem","position":2,"name":"Verkkokauppa","item":"https:\/\/aztex.ee\/fi\/verkkokauppa\/"},{"@type":"ListItem","position":3,"name":"Lasten vuodevaatteet setti"}]},{"@type":"WebSite","@id":"https:\/\/aztex.ee\/fi\/#website","url":"https:\/\/aztex.ee\/fi\/","name":"AZTEX","description":"","publisher":{"@id":"https:\/\/aztex.ee\/fi\/#organization"},"potentialAction":[{"@type":"SearchAction","target":{"@type":"EntryPoint","urlTemplate":"https:\/\/aztex.ee\/fi\/?s={search_term_string}"},"query-input":{"@type":"PropertyValueSpecification","valueRequired":true,"valueName":"search_term_string"}}],"inLanguage":"fi"},{"@type":"Organization","@id":"https:\/\/aztex.ee\/fi\/#organization","name":"AZTEX","url":"https:\/\/aztex.ee\/fi\/","logo":{"@type":"ImageObject","inLanguage":"fi","@id":"https:\/\/aztex.ee\/fi\/#\/schema\/logo\/image\/","url":"https:\/\/aztex.ee\/wp-content\/uploads\/2026\/01\/AZTEX.png","contentUrl":"https:\/\/aztex.ee\/wp-content\/uploads\/2026\/01\/AZTEX.png","width":500,"height":500,"caption":"AZTEX"},"image":{"@id":"https:\/\/aztex.ee\/fi\/#\/schema\/logo\/image\/"},"sameAs":["https:\/\/www.facebook.com\/AztexEE","https:\/\/www.instagram.com\/aztexeesti\/","https:\/\/www.youtube.com\/@AZTEXEE","https:\/\/www.pinterest.com\/aztex_eesti\/","https:\/\/www.tiktok.com\/@aztexeesti","https:\/\/www.trustpilot.com\/review\/aztex.ee","https:\/\/www.linkedin.com\/company\/aztex-ee\/","https:\/\/www.wikidata.org\/wiki\/Q137560182"]}]}},"_links":{"self":[{"href":"https:\/\/aztex.ee\/fi\/wp-json\/wp\/v2\/product\/68785","targetHints":{"allow":["GET"]}}],"collection":[{"href":"https:\/\/aztex.ee\/fi\/wp-json\/wp\/v2\/product"}],"about":[{"href":"https:\/\/aztex.ee\/fi\/wp-json\/wp\/v2\/types\/product"}],"replies":[{"embeddable":true,"href":"https:\/\/aztex.ee\/fi\/wp-json\/wp\/v2\/comments?post=68785"}],"version-history":[{"count":0,"href":"https:\/\/aztex.ee\/fi\/wp-json\/wp\/v2\/product\/68785\/revisions"}],"wp:featuredmedia":[{"embeddable":true,"href":"https:\/\/aztex.ee\/fi\/wp-json\/wp\/v2\/media\/68010"}],"wp:attachment":[{"href":"https:\/\/aztex.ee\/fi\/wp-json\/wp\/v2\/media?parent=68785"}],"wp:term":[{"taxonomy":"product_brand","embeddable":true,"href":"https:\/\/aztex.ee\/fi\/wp-json\/wp\/v2\/product_brand?post=68785"},{"taxonomy":"product_cat","embeddable":true,"href":"https:\/\/aztex.ee\/fi\/wp-json\/wp\/v2\/product_cat?post=68785"},{"taxonomy":"product_tag","embeddable":true,"href":"https:\/\/aztex.ee\/fi\/wp-json\/wp\/v2\/product_tag?post=68785"}],"curies":[{"name":"wp","href":"https:\/\/api.w.org\/{rel}","templated":true}]}}