{"id":64374,"date":"2025-03-08T22:43:38","date_gmt":"2025-03-08T22:43:38","guid":{"rendered":"https:\/\/aztex.ee\/?post_type=product&#038;p=64374"},"modified":"2025-03-09T19:11:36","modified_gmt":"2025-03-09T19:11:36","slug":"tencel-pussilakanasetti-vaaleanvihrea","status":"publish","type":"product","link":"https:\/\/aztex.ee\/fi\/pood\/vuodevaatteet\/tencel-pussilakanasetti-vaaleanvihrea\/","title":{"rendered":"Tencel pussilakanasetti | Vaaleanvihre\u00e4"},"content":{"rendered":"<p><strong>Ylellinen Eucalyptus Tencel pussilakanasetti \u2013 Silkinpehme\u00e4, hengitt\u00e4v\u00e4 ja poikkeuksellisen mukava<\/strong><\/p>\n<p><strong>Poikkeuksellinen mukavuus ja laatu<\/strong><br \/>\nTencel pussilakanasetti on suunniteltu takaamaan mahdollisimman rauhallinen ja virkist\u00e4v\u00e4 uni tarjoamalla poikkeuksellista mukavuutta ja laatua. Se on valmistettu Tencel kankaasta, joka on per\u00e4isin eukalyptuspuusta, joka tunnetaan silkinpehmeydest\u00e4, hengitt\u00e4vyydest\u00e4 ja kosteutta siirt\u00e4v\u00e4st\u00e4 ominaisuuksistaan. Tencel pussilakanasetti pit\u00e4v\u00e4t sinut viile\u00e4n\u00e4 kes\u00e4ll\u00e4 ja l\u00e4mpim\u00e4n\u00e4 talvella, jotta unesi on koko ajan virkist\u00e4v\u00e4\u00e4 ja virkist\u00e4v\u00e4\u00e4.<\/p>\n<p><strong>Ylellinen rakenne ja tyylik\u00e4s ulkon\u00e4k\u00f6<\/strong><br \/>\nKangas on sile\u00e4, herkk\u00e4 ja miellytt\u00e4v\u00e4 iholla tarjoten todella ylellisen kokemuksen unen aikana. Tencel pussilakanasetti verhoavat kauniisti ja antavat s\u00e4ngylle tyylikk\u00e4\u00e4n ja kutsuvan ilmeen, tehden makuuhuoneesta tyylikk\u00e4\u00e4n paikan. Ilmavuus ja keveys auttavat varmistamaan jatkuvan ilman liikkeen est\u00e4m\u00e4\u00e4n y\u00f6hikoilua ja pit\u00e4m\u00e4\u00e4n vuodevaatteet aina tuoreina.<\/p>\n<p><strong>Kest\u00e4vyys ja kest\u00e4vyys<\/strong><br \/>\nTencel pussilakanasetti ovat kest\u00e4vi\u00e4 ja pitk\u00e4ik\u00e4isi\u00e4 \u2013 useidenkin pesujen j\u00e4lkeen se s\u00e4ilytt\u00e4\u00e4 pehmeytens\u00e4, kauniin verhonsa ja laatunsa. Joka ilta nukkumaan menosta tulee todellinen nautinto, sill\u00e4 vuodevaatteet pysyv\u00e4t tuoreina ja miellytt\u00e4vin\u00e4 tarjoten parhaan unikokemuksen.<\/p>\n<p><strong>Ihanteellinen valinta luonnon ja mukavuuden yst\u00e4ville<\/strong><br \/>\nTencel pussilakanasetti on ihanteellinen valinta niille, jotka arvostavat luonnonmateriaaleja ja haluavat nauttia korkeammasta laadusta, ylellisest\u00e4 mukavuudesta ja t\u00e4ydellisest\u00e4 unesta.<\/p>\n","protected":false},"excerpt":{"rendered":"<p>100% ekologinen eukalyptus Tencel pussilakanasetti on poikkeuksellisen pehme\u00e4, hengitt\u00e4v\u00e4 ja ylellinen.<\/p>\n<ul>\n<li>Materiaali: 100% Tencel<\/li>\n<li>Kuituluettelo: 60S \/ 300TC<\/li>\n<li>Pussilakana: 200\u00d7220 cm<\/li>\n<li>Tyynyliinaa: 50\u00d770 cm (2kpl)<\/li>\n<li>Lakana: 220\u00d7240 cm<\/li>\n<\/ul>\n<p><img loading=\"lazy\" decoding=\"async\" class=\"alignnone wp-image-63145\" src=\"https:\/\/aztex.ee\/wp-content\/uploads\/2025\/03\/tencel-certified-400x129.png\" alt=\"\" width=\"131\" height=\"42\" srcset=\"https:\/\/aztex.ee\/wp-content\/uploads\/2025\/03\/tencel-certified-400x129.png 400w, https:\/\/aztex.ee\/wp-content\/uploads\/2025\/03\/tencel-certified-430x139.png 430w, https:\/\/aztex.ee\/wp-content\/uploads\/2025\/03\/tencel-certified-150x49.png 150w, https:\/\/aztex.ee\/wp-content\/uploads\/2025\/03\/tencel-certified.png 516w\" sizes=\"auto, (max-width: 131px) 100vw, 131px\" \/><img loading=\"lazy\" decoding=\"async\" class=\"alignnone wp-image-63168\" src=\"https:\/\/aztex.ee\/wp-content\/uploads\/2025\/03\/oeko-tex-standard-100.png\" alt=\"\" width=\"130\" height=\"43\" srcset=\"https:\/\/aztex.ee\/wp-content\/uploads\/2025\/03\/oeko-tex-standard-100.png 200w, https:\/\/aztex.ee\/wp-content\/uploads\/2025\/03\/oeko-tex-standard-100-150x50.png 150w\" sizes=\"auto, (max-width: 130px) 100vw, 130px\" \/><\/p>\n<p>Tencel pussilakanasetti on pakattu samasta Tencel-kankaasta valmistettuun pussiin, mik\u00e4 lis\u00e4\u00e4 tuotteeseen eleganssia ja tekee siit\u00e4 entist\u00e4 erikoisemman.<\/p>\n","protected":false},"featured_media":64399,"comment_status":"open","ping_status":"closed","template":"","meta":[],"product_brand":[],"product_cat":[179,4552,497,132],"product_tag":[],"class_list":{"0":"post-64374","1":"product","2":"type-product","3":"status-publish","4":"has-post-thumbnail","6":"product_cat-tencel-vuodevaatteet","7":"product_cat-tencel-vuodevaatteet-setit","8":"product_cat-vuodevaatesetit","9":"product_cat-vuodevaatteet","11":"first","12":"outofstock","13":"shipping-taxable","14":"purchasable","15":"product-type-simple"},"yoast_head":"<!-- This site is optimized with the Yoast SEO plugin v27.4 - https:\/\/yoast.com\/product\/yoast-seo-wordpress\/ -->\n<title>Tencel pussilakanasetti - Vaaleanvihre\u00e4 | AZTEX<\/title>\n<meta name=\"description\" content=\"Vaaleanvihre\u00e4 TENCEL\u2122 pussilakanasetti on silkinpehme\u00e4, hengitt\u00e4v\u00e4 ja hell\u00e4varainen iholle. Sen kevyt ja sile\u00e4 rakenne takaa raikkaan ja mukavan\" \/>\n<meta name=\"robots\" content=\"index, follow, max-snippet:-1, max-image-preview:large, max-video-preview:-1\" \/>\n<link rel=\"canonical\" href=\"https:\/\/aztex.ee\/fi\/pood\/vuodevaatteet\/tencel-pussilakanasetti-vaaleanvihrea\/\" \/>\n<meta property=\"og:locale\" content=\"fi_FI\" \/>\n<meta property=\"og:type\" content=\"article\" \/>\n<meta property=\"og:title\" content=\"Tencel pussilakanasetti - Vaaleanvihre\u00e4 | AZTEX\" \/>\n<meta property=\"og:description\" content=\"Vaaleanvihre\u00e4 TENCEL\u2122 pussilakanasetti on silkinpehme\u00e4, hengitt\u00e4v\u00e4 ja hell\u00e4varainen iholle. Sen kevyt ja sile\u00e4 rakenne takaa raikkaan ja mukavan\" \/>\n<meta property=\"og:url\" content=\"https:\/\/aztex.ee\/fi\/pood\/vuodevaatteet\/tencel-pussilakanasetti-vaaleanvihrea\/\" \/>\n<meta property=\"og:site_name\" content=\"AZTEX\" \/>\n<meta property=\"article:publisher\" content=\"https:\/\/www.facebook.com\/AztexEE\" \/>\n<meta property=\"article:modified_time\" content=\"2025-03-09T19:11:36+00:00\" \/>\n<meta property=\"og:image\" content=\"https:\/\/aztex.ee\/wp-content\/uploads\/2025\/03\/Tencel-voodipesukomplekt-Heleroheline.jpg\" \/>\n\t<meta property=\"og:image:width\" content=\"800\" \/>\n\t<meta property=\"og:image:height\" content=\"800\" \/>\n\t<meta property=\"og:image:type\" content=\"image\/jpeg\" \/>\n<meta name=\"twitter:card\" content=\"summary_large_image\" \/>\n<meta name=\"twitter:label1\" content=\"Arvioitu lukuaika\" \/>\n\t<meta name=\"twitter:data1\" content=\"2 minuuttia\" \/>\n<script type=\"application\/ld+json\" class=\"yoast-schema-graph\">{\"@context\":\"https:\\\/\\\/schema.org\",\"@graph\":[{\"@type\":[\"WebPage\",\"ItemPage\"],\"@id\":\"https:\\\/\\\/aztex.ee\\\/fi\\\/pood\\\/vuodevaatteet\\\/tencel-pussilakanasetti-vaaleanvihrea\\\/\",\"url\":\"https:\\\/\\\/aztex.ee\\\/fi\\\/pood\\\/vuodevaatteet\\\/tencel-pussilakanasetti-vaaleanvihrea\\\/\",\"name\":\"Tencel pussilakanasetti - Vaaleanvihre\u00e4 | AZTEX\",\"isPartOf\":{\"@id\":\"https:\\\/\\\/aztex.ee\\\/fi\\\/#website\"},\"primaryImageOfPage\":{\"@id\":\"https:\\\/\\\/aztex.ee\\\/fi\\\/pood\\\/vuodevaatteet\\\/tencel-pussilakanasetti-vaaleanvihrea\\\/#primaryimage\"},\"image\":{\"@id\":\"https:\\\/\\\/aztex.ee\\\/fi\\\/pood\\\/vuodevaatteet\\\/tencel-pussilakanasetti-vaaleanvihrea\\\/#primaryimage\"},\"thumbnailUrl\":\"https:\\\/\\\/aztex.ee\\\/wp-content\\\/uploads\\\/2025\\\/03\\\/Tencel-voodipesukomplekt-Heleroheline.jpg\",\"datePublished\":\"2025-03-08T22:43:38+00:00\",\"dateModified\":\"2025-03-09T19:11:36+00:00\",\"description\":\"Vaaleanvihre\u00e4 TENCEL\u2122 pussilakanasetti on silkinpehme\u00e4, hengitt\u00e4v\u00e4 ja hell\u00e4varainen iholle. Sen kevyt ja sile\u00e4 rakenne takaa raikkaan ja mukavan\",\"breadcrumb\":{\"@id\":\"https:\\\/\\\/aztex.ee\\\/fi\\\/pood\\\/vuodevaatteet\\\/tencel-pussilakanasetti-vaaleanvihrea\\\/#breadcrumb\"},\"inLanguage\":\"fi\",\"potentialAction\":[{\"@type\":\"ReadAction\",\"target\":[\"https:\\\/\\\/aztex.ee\\\/fi\\\/pood\\\/vuodevaatteet\\\/tencel-pussilakanasetti-vaaleanvihrea\\\/\"]}]},{\"@type\":\"ImageObject\",\"inLanguage\":\"fi\",\"@id\":\"https:\\\/\\\/aztex.ee\\\/fi\\\/pood\\\/vuodevaatteet\\\/tencel-pussilakanasetti-vaaleanvihrea\\\/#primaryimage\",\"url\":\"https:\\\/\\\/aztex.ee\\\/wp-content\\\/uploads\\\/2025\\\/03\\\/Tencel-voodipesukomplekt-Heleroheline.jpg\",\"contentUrl\":\"https:\\\/\\\/aztex.ee\\\/wp-content\\\/uploads\\\/2025\\\/03\\\/Tencel-voodipesukomplekt-Heleroheline.jpg\",\"width\":800,\"height\":800,\"caption\":\"Tencel voodipesukomplekt Heleroheline\"},{\"@type\":\"BreadcrumbList\",\"@id\":\"https:\\\/\\\/aztex.ee\\\/fi\\\/pood\\\/vuodevaatteet\\\/tencel-pussilakanasetti-vaaleanvihrea\\\/#breadcrumb\",\"itemListElement\":[{\"@type\":\"ListItem\",\"position\":1,\"name\":\"Etusivu\",\"item\":\"https:\\\/\\\/aztex.ee\\\/fi\\\/\"},{\"@type\":\"ListItem\",\"position\":2,\"name\":\"Verkkokauppa\",\"item\":\"https:\\\/\\\/aztex.ee\\\/fi\\\/verkkokauppa\\\/\"},{\"@type\":\"ListItem\",\"position\":3,\"name\":\"Tencel pussilakanasetti | Vaaleanvihre\u00e4\"}]},{\"@type\":\"WebSite\",\"@id\":\"https:\\\/\\\/aztex.ee\\\/fi\\\/#website\",\"url\":\"https:\\\/\\\/aztex.ee\\\/fi\\\/\",\"name\":\"AZTEX\",\"description\":\"\",\"publisher\":{\"@id\":\"https:\\\/\\\/aztex.ee\\\/fi\\\/#organization\"},\"potentialAction\":[{\"@type\":\"SearchAction\",\"target\":{\"@type\":\"EntryPoint\",\"urlTemplate\":\"https:\\\/\\\/aztex.ee\\\/fi\\\/?s={search_term_string}\"},\"query-input\":{\"@type\":\"PropertyValueSpecification\",\"valueRequired\":true,\"valueName\":\"search_term_string\"}}],\"inLanguage\":\"fi\"},{\"@type\":\"Organization\",\"@id\":\"https:\\\/\\\/aztex.ee\\\/fi\\\/#organization\",\"name\":\"AZTEX\",\"url\":\"https:\\\/\\\/aztex.ee\\\/fi\\\/\",\"logo\":{\"@type\":\"ImageObject\",\"inLanguage\":\"fi\",\"@id\":\"https:\\\/\\\/aztex.ee\\\/fi\\\/#\\\/schema\\\/logo\\\/image\\\/\",\"url\":\"https:\\\/\\\/aztex.ee\\\/wp-content\\\/uploads\\\/2026\\\/01\\\/AZTEX.png\",\"contentUrl\":\"https:\\\/\\\/aztex.ee\\\/wp-content\\\/uploads\\\/2026\\\/01\\\/AZTEX.png\",\"width\":500,\"height\":500,\"caption\":\"AZTEX\"},\"image\":{\"@id\":\"https:\\\/\\\/aztex.ee\\\/fi\\\/#\\\/schema\\\/logo\\\/image\\\/\"},\"sameAs\":[\"https:\\\/\\\/www.facebook.com\\\/AztexEE\",\"https:\\\/\\\/www.instagram.com\\\/aztexeesti\\\/\",\"https:\\\/\\\/www.youtube.com\\\/@AZTEXEE\",\"https:\\\/\\\/www.pinterest.com\\\/aztex_eesti\\\/\",\"https:\\\/\\\/www.tiktok.com\\\/@aztexeesti\",\"https:\\\/\\\/www.trustpilot.com\\\/review\\\/aztex.ee\",\"https:\\\/\\\/www.linkedin.com\\\/company\\\/aztex-ee\\\/\",\"https:\\\/\\\/www.wikidata.org\\\/wiki\\\/Q137560182\"]}]}<\/script>\n<!-- \/ Yoast SEO plugin. -->","yoast_head_json":{"title":"Tencel pussilakanasetti - Vaaleanvihre\u00e4 | AZTEX","description":"Vaaleanvihre\u00e4 TENCEL\u2122 pussilakanasetti on silkinpehme\u00e4, hengitt\u00e4v\u00e4 ja hell\u00e4varainen iholle. Sen kevyt ja sile\u00e4 rakenne takaa raikkaan ja mukavan","robots":{"index":"index","follow":"follow","max-snippet":"max-snippet:-1","max-image-preview":"max-image-preview:large","max-video-preview":"max-video-preview:-1"},"canonical":"https:\/\/aztex.ee\/fi\/pood\/vuodevaatteet\/tencel-pussilakanasetti-vaaleanvihrea\/","og_locale":"fi_FI","og_type":"article","og_title":"Tencel pussilakanasetti - Vaaleanvihre\u00e4 | AZTEX","og_description":"Vaaleanvihre\u00e4 TENCEL\u2122 pussilakanasetti on silkinpehme\u00e4, hengitt\u00e4v\u00e4 ja hell\u00e4varainen iholle. Sen kevyt ja sile\u00e4 rakenne takaa raikkaan ja mukavan","og_url":"https:\/\/aztex.ee\/fi\/pood\/vuodevaatteet\/tencel-pussilakanasetti-vaaleanvihrea\/","og_site_name":"AZTEX","article_publisher":"https:\/\/www.facebook.com\/AztexEE","article_modified_time":"2025-03-09T19:11:36+00:00","og_image":[{"width":800,"height":800,"url":"https:\/\/aztex.ee\/wp-content\/uploads\/2025\/03\/Tencel-voodipesukomplekt-Heleroheline.jpg","type":"image\/jpeg"}],"twitter_card":"summary_large_image","twitter_misc":{"Arvioitu lukuaika":"2 minuuttia"},"schema":{"@context":"https:\/\/schema.org","@graph":[{"@type":["WebPage","ItemPage"],"@id":"https:\/\/aztex.ee\/fi\/pood\/vuodevaatteet\/tencel-pussilakanasetti-vaaleanvihrea\/","url":"https:\/\/aztex.ee\/fi\/pood\/vuodevaatteet\/tencel-pussilakanasetti-vaaleanvihrea\/","name":"Tencel pussilakanasetti - Vaaleanvihre\u00e4 | AZTEX","isPartOf":{"@id":"https:\/\/aztex.ee\/fi\/#website"},"primaryImageOfPage":{"@id":"https:\/\/aztex.ee\/fi\/pood\/vuodevaatteet\/tencel-pussilakanasetti-vaaleanvihrea\/#primaryimage"},"image":{"@id":"https:\/\/aztex.ee\/fi\/pood\/vuodevaatteet\/tencel-pussilakanasetti-vaaleanvihrea\/#primaryimage"},"thumbnailUrl":"https:\/\/aztex.ee\/wp-content\/uploads\/2025\/03\/Tencel-voodipesukomplekt-Heleroheline.jpg","datePublished":"2025-03-08T22:43:38+00:00","dateModified":"2025-03-09T19:11:36+00:00","description":"Vaaleanvihre\u00e4 TENCEL\u2122 pussilakanasetti on silkinpehme\u00e4, hengitt\u00e4v\u00e4 ja hell\u00e4varainen iholle. Sen kevyt ja sile\u00e4 rakenne takaa raikkaan ja mukavan","breadcrumb":{"@id":"https:\/\/aztex.ee\/fi\/pood\/vuodevaatteet\/tencel-pussilakanasetti-vaaleanvihrea\/#breadcrumb"},"inLanguage":"fi","potentialAction":[{"@type":"ReadAction","target":["https:\/\/aztex.ee\/fi\/pood\/vuodevaatteet\/tencel-pussilakanasetti-vaaleanvihrea\/"]}]},{"@type":"ImageObject","inLanguage":"fi","@id":"https:\/\/aztex.ee\/fi\/pood\/vuodevaatteet\/tencel-pussilakanasetti-vaaleanvihrea\/#primaryimage","url":"https:\/\/aztex.ee\/wp-content\/uploads\/2025\/03\/Tencel-voodipesukomplekt-Heleroheline.jpg","contentUrl":"https:\/\/aztex.ee\/wp-content\/uploads\/2025\/03\/Tencel-voodipesukomplekt-Heleroheline.jpg","width":800,"height":800,"caption":"Tencel voodipesukomplekt Heleroheline"},{"@type":"BreadcrumbList","@id":"https:\/\/aztex.ee\/fi\/pood\/vuodevaatteet\/tencel-pussilakanasetti-vaaleanvihrea\/#breadcrumb","itemListElement":[{"@type":"ListItem","position":1,"name":"Etusivu","item":"https:\/\/aztex.ee\/fi\/"},{"@type":"ListItem","position":2,"name":"Verkkokauppa","item":"https:\/\/aztex.ee\/fi\/verkkokauppa\/"},{"@type":"ListItem","position":3,"name":"Tencel pussilakanasetti | Vaaleanvihre\u00e4"}]},{"@type":"WebSite","@id":"https:\/\/aztex.ee\/fi\/#website","url":"https:\/\/aztex.ee\/fi\/","name":"AZTEX","description":"","publisher":{"@id":"https:\/\/aztex.ee\/fi\/#organization"},"potentialAction":[{"@type":"SearchAction","target":{"@type":"EntryPoint","urlTemplate":"https:\/\/aztex.ee\/fi\/?s={search_term_string}"},"query-input":{"@type":"PropertyValueSpecification","valueRequired":true,"valueName":"search_term_string"}}],"inLanguage":"fi"},{"@type":"Organization","@id":"https:\/\/aztex.ee\/fi\/#organization","name":"AZTEX","url":"https:\/\/aztex.ee\/fi\/","logo":{"@type":"ImageObject","inLanguage":"fi","@id":"https:\/\/aztex.ee\/fi\/#\/schema\/logo\/image\/","url":"https:\/\/aztex.ee\/wp-content\/uploads\/2026\/01\/AZTEX.png","contentUrl":"https:\/\/aztex.ee\/wp-content\/uploads\/2026\/01\/AZTEX.png","width":500,"height":500,"caption":"AZTEX"},"image":{"@id":"https:\/\/aztex.ee\/fi\/#\/schema\/logo\/image\/"},"sameAs":["https:\/\/www.facebook.com\/AztexEE","https:\/\/www.instagram.com\/aztexeesti\/","https:\/\/www.youtube.com\/@AZTEXEE","https:\/\/www.pinterest.com\/aztex_eesti\/","https:\/\/www.tiktok.com\/@aztexeesti","https:\/\/www.trustpilot.com\/review\/aztex.ee","https:\/\/www.linkedin.com\/company\/aztex-ee\/","https:\/\/www.wikidata.org\/wiki\/Q137560182"]}]}},"_links":{"self":[{"href":"https:\/\/aztex.ee\/fi\/wp-json\/wp\/v2\/product\/64374","targetHints":{"allow":["GET"]}}],"collection":[{"href":"https:\/\/aztex.ee\/fi\/wp-json\/wp\/v2\/product"}],"about":[{"href":"https:\/\/aztex.ee\/fi\/wp-json\/wp\/v2\/types\/product"}],"replies":[{"embeddable":true,"href":"https:\/\/aztex.ee\/fi\/wp-json\/wp\/v2\/comments?post=64374"}],"version-history":[{"count":0,"href":"https:\/\/aztex.ee\/fi\/wp-json\/wp\/v2\/product\/64374\/revisions"}],"wp:featuredmedia":[{"embeddable":true,"href":"https:\/\/aztex.ee\/fi\/wp-json\/wp\/v2\/media\/64399"}],"wp:attachment":[{"href":"https:\/\/aztex.ee\/fi\/wp-json\/wp\/v2\/media?parent=64374"}],"wp:term":[{"taxonomy":"product_brand","embeddable":true,"href":"https:\/\/aztex.ee\/fi\/wp-json\/wp\/v2\/product_brand?post=64374"},{"taxonomy":"product_cat","embeddable":true,"href":"https:\/\/aztex.ee\/fi\/wp-json\/wp\/v2\/product_cat?post=64374"},{"taxonomy":"product_tag","embeddable":true,"href":"https:\/\/aztex.ee\/fi\/wp-json\/wp\/v2\/product_tag?post=64374"}],"curies":[{"name":"wp","href":"https:\/\/api.w.org\/{rel}","templated":true}]}}