{"id":58576,"date":"2025-02-21T17:50:38","date_gmt":"2025-02-21T17:50:38","guid":{"rendered":"https:\/\/aztex.ee\/?post_type=product&#038;p=58576"},"modified":"2026-04-03T15:10:34","modified_gmt":"2026-04-03T15:10:34","slug":"huopa","status":"publish","type":"product","link":"https:\/\/aztex.ee\/fi\/pood\/viltit-huovat\/huopa\/","title":{"rendered":"Huopa 130&#215;180 cm"},"content":{"rendered":"<p><strong>Pehme\u00e4 ja l\u00e4mmin huopa, joka tarjoaa l\u00e4mp\u00f6\u00e4 ja mukavuutta milloin tahansa.<\/strong><\/p>\n<p>Ihastuttava huopa on suunniteltu tarjoamaan l\u00e4mp\u00f6\u00e4 ja mukavuutta, samalla kun se on tyylik\u00e4s ja k\u00e4yt\u00e4nn\u00f6llinen. Sen kaunis rakenne ja v\u00e4ri tekev\u00e4t siit\u00e4 t\u00e4ydellisen lis\u00e4varusteen mihin tahansa huoneeseen, mik\u00e4 lis\u00e4\u00e4 l\u00e4mp\u00f6\u00e4 ja mukavuutta. Ihanteellinen valinta rentoutumiseen pitk\u00e4n p\u00e4iv\u00e4n j\u00e4lkeen tai nukahtamiseen tunteaksesi olosi t\u00e4ysin mukavaksi.<\/p>\n<p><strong>Monipuolinen k\u00e4ytt\u00f6<\/strong><br \/>\nHuopa koko ja muotoilu tekev\u00e4t siit\u00e4 ihanteellisen &#8211; olipa tavoitteena antaa lis\u00e4l\u00e4mp\u00f6\u00e4 kylm\u00e4n\u00e4 iltana tai sisustaa kotiasi. Plaid tarjoaa t\u00e4ydellisen tasapainon mukavuuden ja tyylin v\u00e4lill\u00e4, mik\u00e4 tekee huoneesta entist\u00e4 miellytt\u00e4v\u00e4mm\u00e4n.<\/p>\n<p><strong>Helppohoitoinen<\/strong><br \/>\nHuopa on helppo ja k\u00e4tev\u00e4 hoitaa, koska se on konepest\u00e4v\u00e4. Se on ihanteellinen jokap\u00e4iv\u00e4iseen k\u00e4ytt\u00f6\u00f6n, on kest\u00e4v\u00e4 ja helppohoitoinen.<\/p>\n<p><strong>Tyylik\u00e4s muotoilu<\/strong><br \/>\nTyylik\u00e4s ja ajaton muotoilu tekee ruudusta sopivan lis\u00e4yksen mihin tahansa sisustukseen. Minimalistinen ilme ja hienot yksityiskohdat luovat l\u00e4mpim\u00e4n ja kutsuvan tunnelman ja lis\u00e4\u00e4v\u00e4t tyyli\u00e4 mihin tahansa huoneeseen. T\u00e4m\u00e4 heitto parantaa kotisi ja lis\u00e4\u00e4 l\u00e4mp\u00f6\u00e4.<\/p>\n<p>K\u00e4yt\u00e4tp\u00e4 sit\u00e4 itse tai annat lahjaksi, se on k\u00e4yt\u00e4nn\u00f6llinen ja tyylik\u00e4s asuste, joka tekee arjesta entist\u00e4 nautinnollisempaa. T\u00e4m\u00e4 heitto on t\u00e4ydellinen valinta tuomaan l\u00e4mp\u00f6\u00e4, mukavuutta ja tyyli\u00e4 jokaiseen kotiin.<\/p>\n","protected":false},"excerpt":{"rendered":"<ul>\n<li>Materiaali: Akryyli<\/li>\n<li>Koko: 130&#215;180 cm \u00b13<\/li>\n<li>Paino: 0,560 kg<\/li>\n<\/ul>\n","protected":false},"featured_media":58803,"comment_status":"open","ping_status":"closed","template":"","meta":[],"product_brand":[],"product_cat":[3475,1864],"product_tag":[],"class_list":{"0":"post-58576","1":"product","2":"type-product","3":"status-publish","4":"has-post-thumbnail","6":"product_cat-plaidit","7":"product_cat-viltit-huovat","9":"first","10":"instock","11":"shipping-taxable","12":"purchasable","13":"product-type-variable"},"yoast_head":"<!-- This site is optimized with the Yoast SEO plugin v27.4 - https:\/\/yoast.com\/product\/yoast-seo-wordpress\/ -->\n<title>Pehme\u00e4 huopa | AZTEX<\/title>\n<meta name=\"description\" content=\"Pehme\u00e4 ja l\u00e4mmin huopa, joka lis\u00e4\u00e4 mukavuutta jokaiseen p\u00e4iv\u00e4\u00e4n. T\u00e4ydellinen rentouttavaan, kylmiin iltoihin tai rentouttaviin hetkiin.\" \/>\n<meta name=\"robots\" content=\"index, follow, max-snippet:-1, max-image-preview:large, max-video-preview:-1\" \/>\n<link rel=\"canonical\" href=\"https:\/\/aztex.ee\/fi\/pood\/viltit-huovat\/huopa\/\" \/>\n<meta property=\"og:locale\" content=\"fi_FI\" \/>\n<meta property=\"og:type\" content=\"article\" \/>\n<meta property=\"og:title\" content=\"Pehme\u00e4 huopa | AZTEX\" \/>\n<meta property=\"og:description\" content=\"Pehme\u00e4 ja l\u00e4mmin huopa, joka lis\u00e4\u00e4 mukavuutta jokaiseen p\u00e4iv\u00e4\u00e4n. T\u00e4ydellinen rentouttavaan, kylmiin iltoihin tai rentouttaviin hetkiin.\" \/>\n<meta property=\"og:url\" content=\"https:\/\/aztex.ee\/fi\/pood\/viltit-huovat\/huopa\/\" \/>\n<meta property=\"og:site_name\" content=\"AZTEX\" \/>\n<meta property=\"article:publisher\" content=\"https:\/\/www.facebook.com\/AztexEE\" \/>\n<meta property=\"article:modified_time\" content=\"2026-04-03T15:10:34+00:00\" \/>\n<meta property=\"og:image\" content=\"https:\/\/aztex.ee\/wp-content\/uploads\/2025\/02\/Pleed-130x180-cm-1.jpg\" \/>\n\t<meta property=\"og:image:width\" content=\"800\" \/>\n\t<meta property=\"og:image:height\" content=\"800\" \/>\n\t<meta property=\"og:image:type\" content=\"image\/jpeg\" \/>\n<meta name=\"twitter:card\" content=\"summary_large_image\" \/>\n<meta name=\"twitter:label1\" content=\"Arvioitu lukuaika\" \/>\n\t<meta name=\"twitter:data1\" content=\"2 minuuttia\" \/>\n<script type=\"application\/ld+json\" class=\"yoast-schema-graph\">{\"@context\":\"https:\\\/\\\/schema.org\",\"@graph\":[{\"@type\":[\"WebPage\",\"ItemPage\"],\"@id\":\"https:\\\/\\\/aztex.ee\\\/fi\\\/pood\\\/viltit-huovat\\\/huopa\\\/\",\"url\":\"https:\\\/\\\/aztex.ee\\\/fi\\\/pood\\\/viltit-huovat\\\/huopa\\\/\",\"name\":\"Pehme\u00e4 huopa | AZTEX\",\"isPartOf\":{\"@id\":\"https:\\\/\\\/aztex.ee\\\/fi\\\/#website\"},\"primaryImageOfPage\":{\"@id\":\"https:\\\/\\\/aztex.ee\\\/fi\\\/pood\\\/viltit-huovat\\\/huopa\\\/#primaryimage\"},\"image\":{\"@id\":\"https:\\\/\\\/aztex.ee\\\/fi\\\/pood\\\/viltit-huovat\\\/huopa\\\/#primaryimage\"},\"thumbnailUrl\":\"https:\\\/\\\/aztex.ee\\\/wp-content\\\/uploads\\\/2025\\\/02\\\/Pleed-130x180-cm-1.jpg\",\"datePublished\":\"2025-02-21T17:50:38+00:00\",\"dateModified\":\"2026-04-03T15:10:34+00:00\",\"description\":\"Pehme\u00e4 ja l\u00e4mmin huopa, joka lis\u00e4\u00e4 mukavuutta jokaiseen p\u00e4iv\u00e4\u00e4n. T\u00e4ydellinen rentouttavaan, kylmiin iltoihin tai rentouttaviin hetkiin.\",\"breadcrumb\":{\"@id\":\"https:\\\/\\\/aztex.ee\\\/fi\\\/pood\\\/viltit-huovat\\\/huopa\\\/#breadcrumb\"},\"inLanguage\":\"fi\",\"potentialAction\":[{\"@type\":\"ReadAction\",\"target\":[\"https:\\\/\\\/aztex.ee\\\/fi\\\/pood\\\/viltit-huovat\\\/huopa\\\/\"]}]},{\"@type\":\"ImageObject\",\"inLanguage\":\"fi\",\"@id\":\"https:\\\/\\\/aztex.ee\\\/fi\\\/pood\\\/viltit-huovat\\\/huopa\\\/#primaryimage\",\"url\":\"https:\\\/\\\/aztex.ee\\\/wp-content\\\/uploads\\\/2025\\\/02\\\/Pleed-130x180-cm-1.jpg\",\"contentUrl\":\"https:\\\/\\\/aztex.ee\\\/wp-content\\\/uploads\\\/2025\\\/02\\\/Pleed-130x180-cm-1.jpg\",\"width\":800,\"height\":800,\"caption\":\"Pleed 130x180 cm\"},{\"@type\":\"BreadcrumbList\",\"@id\":\"https:\\\/\\\/aztex.ee\\\/fi\\\/pood\\\/viltit-huovat\\\/huopa\\\/#breadcrumb\",\"itemListElement\":[{\"@type\":\"ListItem\",\"position\":1,\"name\":\"Etusivu\",\"item\":\"https:\\\/\\\/aztex.ee\\\/fi\\\/\"},{\"@type\":\"ListItem\",\"position\":2,\"name\":\"Verkkokauppa\",\"item\":\"https:\\\/\\\/aztex.ee\\\/fi\\\/verkkokauppa\\\/\"},{\"@type\":\"ListItem\",\"position\":3,\"name\":\"Huopa 130&#215;180 cm\"}]},{\"@type\":\"WebSite\",\"@id\":\"https:\\\/\\\/aztex.ee\\\/fi\\\/#website\",\"url\":\"https:\\\/\\\/aztex.ee\\\/fi\\\/\",\"name\":\"AZTEX\",\"description\":\"\",\"publisher\":{\"@id\":\"https:\\\/\\\/aztex.ee\\\/fi\\\/#organization\"},\"potentialAction\":[{\"@type\":\"SearchAction\",\"target\":{\"@type\":\"EntryPoint\",\"urlTemplate\":\"https:\\\/\\\/aztex.ee\\\/fi\\\/?s={search_term_string}\"},\"query-input\":{\"@type\":\"PropertyValueSpecification\",\"valueRequired\":true,\"valueName\":\"search_term_string\"}}],\"inLanguage\":\"fi\"},{\"@type\":\"Organization\",\"@id\":\"https:\\\/\\\/aztex.ee\\\/fi\\\/#organization\",\"name\":\"AZTEX\",\"url\":\"https:\\\/\\\/aztex.ee\\\/fi\\\/\",\"logo\":{\"@type\":\"ImageObject\",\"inLanguage\":\"fi\",\"@id\":\"https:\\\/\\\/aztex.ee\\\/fi\\\/#\\\/schema\\\/logo\\\/image\\\/\",\"url\":\"https:\\\/\\\/aztex.ee\\\/wp-content\\\/uploads\\\/2026\\\/01\\\/AZTEX.png\",\"contentUrl\":\"https:\\\/\\\/aztex.ee\\\/wp-content\\\/uploads\\\/2026\\\/01\\\/AZTEX.png\",\"width\":500,\"height\":500,\"caption\":\"AZTEX\"},\"image\":{\"@id\":\"https:\\\/\\\/aztex.ee\\\/fi\\\/#\\\/schema\\\/logo\\\/image\\\/\"},\"sameAs\":[\"https:\\\/\\\/www.facebook.com\\\/AztexEE\",\"https:\\\/\\\/www.instagram.com\\\/aztexeesti\\\/\",\"https:\\\/\\\/www.youtube.com\\\/@AZTEXEE\",\"https:\\\/\\\/www.pinterest.com\\\/aztex_eesti\\\/\",\"https:\\\/\\\/www.tiktok.com\\\/@aztexeesti\",\"https:\\\/\\\/www.trustpilot.com\\\/review\\\/aztex.ee\",\"https:\\\/\\\/www.linkedin.com\\\/company\\\/aztex-ee\\\/\",\"https:\\\/\\\/www.wikidata.org\\\/wiki\\\/Q137560182\"]}]}<\/script>\n<!-- \/ Yoast SEO plugin. -->","yoast_head_json":{"title":"Pehme\u00e4 huopa | AZTEX","description":"Pehme\u00e4 ja l\u00e4mmin huopa, joka lis\u00e4\u00e4 mukavuutta jokaiseen p\u00e4iv\u00e4\u00e4n. T\u00e4ydellinen rentouttavaan, kylmiin iltoihin tai rentouttaviin hetkiin.","robots":{"index":"index","follow":"follow","max-snippet":"max-snippet:-1","max-image-preview":"max-image-preview:large","max-video-preview":"max-video-preview:-1"},"canonical":"https:\/\/aztex.ee\/fi\/pood\/viltit-huovat\/huopa\/","og_locale":"fi_FI","og_type":"article","og_title":"Pehme\u00e4 huopa | AZTEX","og_description":"Pehme\u00e4 ja l\u00e4mmin huopa, joka lis\u00e4\u00e4 mukavuutta jokaiseen p\u00e4iv\u00e4\u00e4n. T\u00e4ydellinen rentouttavaan, kylmiin iltoihin tai rentouttaviin hetkiin.","og_url":"https:\/\/aztex.ee\/fi\/pood\/viltit-huovat\/huopa\/","og_site_name":"AZTEX","article_publisher":"https:\/\/www.facebook.com\/AztexEE","article_modified_time":"2026-04-03T15:10:34+00:00","og_image":[{"width":800,"height":800,"url":"https:\/\/aztex.ee\/wp-content\/uploads\/2025\/02\/Pleed-130x180-cm-1.jpg","type":"image\/jpeg"}],"twitter_card":"summary_large_image","twitter_misc":{"Arvioitu lukuaika":"2 minuuttia"},"schema":{"@context":"https:\/\/schema.org","@graph":[{"@type":["WebPage","ItemPage"],"@id":"https:\/\/aztex.ee\/fi\/pood\/viltit-huovat\/huopa\/","url":"https:\/\/aztex.ee\/fi\/pood\/viltit-huovat\/huopa\/","name":"Pehme\u00e4 huopa | AZTEX","isPartOf":{"@id":"https:\/\/aztex.ee\/fi\/#website"},"primaryImageOfPage":{"@id":"https:\/\/aztex.ee\/fi\/pood\/viltit-huovat\/huopa\/#primaryimage"},"image":{"@id":"https:\/\/aztex.ee\/fi\/pood\/viltit-huovat\/huopa\/#primaryimage"},"thumbnailUrl":"https:\/\/aztex.ee\/wp-content\/uploads\/2025\/02\/Pleed-130x180-cm-1.jpg","datePublished":"2025-02-21T17:50:38+00:00","dateModified":"2026-04-03T15:10:34+00:00","description":"Pehme\u00e4 ja l\u00e4mmin huopa, joka lis\u00e4\u00e4 mukavuutta jokaiseen p\u00e4iv\u00e4\u00e4n. T\u00e4ydellinen rentouttavaan, kylmiin iltoihin tai rentouttaviin hetkiin.","breadcrumb":{"@id":"https:\/\/aztex.ee\/fi\/pood\/viltit-huovat\/huopa\/#breadcrumb"},"inLanguage":"fi","potentialAction":[{"@type":"ReadAction","target":["https:\/\/aztex.ee\/fi\/pood\/viltit-huovat\/huopa\/"]}]},{"@type":"ImageObject","inLanguage":"fi","@id":"https:\/\/aztex.ee\/fi\/pood\/viltit-huovat\/huopa\/#primaryimage","url":"https:\/\/aztex.ee\/wp-content\/uploads\/2025\/02\/Pleed-130x180-cm-1.jpg","contentUrl":"https:\/\/aztex.ee\/wp-content\/uploads\/2025\/02\/Pleed-130x180-cm-1.jpg","width":800,"height":800,"caption":"Pleed 130x180 cm"},{"@type":"BreadcrumbList","@id":"https:\/\/aztex.ee\/fi\/pood\/viltit-huovat\/huopa\/#breadcrumb","itemListElement":[{"@type":"ListItem","position":1,"name":"Etusivu","item":"https:\/\/aztex.ee\/fi\/"},{"@type":"ListItem","position":2,"name":"Verkkokauppa","item":"https:\/\/aztex.ee\/fi\/verkkokauppa\/"},{"@type":"ListItem","position":3,"name":"Huopa 130&#215;180 cm"}]},{"@type":"WebSite","@id":"https:\/\/aztex.ee\/fi\/#website","url":"https:\/\/aztex.ee\/fi\/","name":"AZTEX","description":"","publisher":{"@id":"https:\/\/aztex.ee\/fi\/#organization"},"potentialAction":[{"@type":"SearchAction","target":{"@type":"EntryPoint","urlTemplate":"https:\/\/aztex.ee\/fi\/?s={search_term_string}"},"query-input":{"@type":"PropertyValueSpecification","valueRequired":true,"valueName":"search_term_string"}}],"inLanguage":"fi"},{"@type":"Organization","@id":"https:\/\/aztex.ee\/fi\/#organization","name":"AZTEX","url":"https:\/\/aztex.ee\/fi\/","logo":{"@type":"ImageObject","inLanguage":"fi","@id":"https:\/\/aztex.ee\/fi\/#\/schema\/logo\/image\/","url":"https:\/\/aztex.ee\/wp-content\/uploads\/2026\/01\/AZTEX.png","contentUrl":"https:\/\/aztex.ee\/wp-content\/uploads\/2026\/01\/AZTEX.png","width":500,"height":500,"caption":"AZTEX"},"image":{"@id":"https:\/\/aztex.ee\/fi\/#\/schema\/logo\/image\/"},"sameAs":["https:\/\/www.facebook.com\/AztexEE","https:\/\/www.instagram.com\/aztexeesti\/","https:\/\/www.youtube.com\/@AZTEXEE","https:\/\/www.pinterest.com\/aztex_eesti\/","https:\/\/www.tiktok.com\/@aztexeesti","https:\/\/www.trustpilot.com\/review\/aztex.ee","https:\/\/www.linkedin.com\/company\/aztex-ee\/","https:\/\/www.wikidata.org\/wiki\/Q137560182"]}]}},"_links":{"self":[{"href":"https:\/\/aztex.ee\/fi\/wp-json\/wp\/v2\/product\/58576","targetHints":{"allow":["GET"]}}],"collection":[{"href":"https:\/\/aztex.ee\/fi\/wp-json\/wp\/v2\/product"}],"about":[{"href":"https:\/\/aztex.ee\/fi\/wp-json\/wp\/v2\/types\/product"}],"replies":[{"embeddable":true,"href":"https:\/\/aztex.ee\/fi\/wp-json\/wp\/v2\/comments?post=58576"}],"version-history":[{"count":0,"href":"https:\/\/aztex.ee\/fi\/wp-json\/wp\/v2\/product\/58576\/revisions"}],"wp:featuredmedia":[{"embeddable":true,"href":"https:\/\/aztex.ee\/fi\/wp-json\/wp\/v2\/media\/58803"}],"wp:attachment":[{"href":"https:\/\/aztex.ee\/fi\/wp-json\/wp\/v2\/media?parent=58576"}],"wp:term":[{"taxonomy":"product_brand","embeddable":true,"href":"https:\/\/aztex.ee\/fi\/wp-json\/wp\/v2\/product_brand?post=58576"},{"taxonomy":"product_cat","embeddable":true,"href":"https:\/\/aztex.ee\/fi\/wp-json\/wp\/v2\/product_cat?post=58576"},{"taxonomy":"product_tag","embeddable":true,"href":"https:\/\/aztex.ee\/fi\/wp-json\/wp\/v2\/product_tag?post=58576"}],"curies":[{"name":"wp","href":"https:\/\/api.w.org\/{rel}","templated":true}]}}