{"id":56012,"date":"2025-02-16T10:44:55","date_gmt":"2025-02-16T10:44:55","guid":{"rendered":"https:\/\/aztex.ee\/?post_type=product&#038;p=56012"},"modified":"2026-01-31T17:14:36","modified_gmt":"2026-01-31T17:14:36","slug":"lasten-peitto-105x110-cm","status":"publish","type":"product","link":"https:\/\/aztex.ee\/fi\/pood\/lapsen-maailma\/lasten-peitto-105x110-cm\/","title":{"rendered":"Lasten peitto 105&#215;110 cm"},"content":{"rendered":"<p><strong>Pehme\u00e4 ja l\u00e4mmin vauvanpeitto hauskoilla kuvilla<\/strong><\/p>\n<p><strong>Unelmapeitto jokaiselle lapselle<\/strong><br \/>\nT\u00e4m\u00e4 suloinen vauvanpeitto tarjoaa pienille unelmoijille l\u00e4mp\u00f6\u00e4 ja turvallisuuden tunnetta milloin tahansa. V\u00e4rikk\u00e4\u00e4t ja hauskat kuvat tekev\u00e4t nukkumaan menosta viel\u00e4kin erikoisemman ja tuovat iloa jokaiseen p\u00e4iv\u00e4\u00e4n.<\/p>\n<p><strong>Mukavuus ja laatu<\/strong><br \/>\nPeitto on valmistettu pehme\u00e4st\u00e4 materiaalista, joka tarjoaa miellytt\u00e4v\u00e4n kosketuksen ja on kest\u00e4v\u00e4 jokap\u00e4iv\u00e4isess\u00e4 k\u00e4yt\u00f6ss\u00e4. T\u00e4ydellinen nukkumiseen tai leikkinurkkaukseen nauttimiseen &#8211; hauskojen kuvien ansiosta t\u00e4m\u00e4 peitto on lasten suosikki miss\u00e4 tahansa tilanteessa.<\/p>\n<p><strong>Helppohoitoinen<\/strong><br \/>\nKonepest\u00e4v\u00e4 peitto, joka s\u00e4ilytt\u00e4\u00e4 pehmeytens\u00e4 ja v\u00e4rikkyytens\u00e4 useidenkin pesujen j\u00e4lkeen. Joten se on aina raikas, pehme\u00e4 ja valmis tarjoamaan l\u00e4mp\u00f6\u00e4 ja mukavuutta milloin tahansa.<\/p>\n<p><strong>T\u00e4ydellinen lahjaidea<\/strong><br \/>\nT\u00e4m\u00e4 suloinen peitto on loistava lahja vauvoille ja taaperoille &#8211; olipa kyseess\u00e4 sitten kissa, syntym\u00e4p\u00e4iv\u00e4 tai vain iloksi. Peitto luo l\u00e4mpim\u00e4n ja kodikkaan tunnelman kotiin tuoden iloa jokaiseen p\u00e4iv\u00e4\u00e4n.<\/p>\n<p>Anna lapsellesi paras lahja &#8211; l\u00e4mmin, pehme\u00e4 ja hauska viltti, joka kulkee mukana kaikenlaisissa seikkailuissa!<\/p>\n","protected":false},"excerpt":{"rendered":"<ul>\n<li>Materiaali: Polyesteri<\/li>\n<li>Koko: 105&#215;110 cm \u00b13<\/li>\n<li>Paino: 0,7 kg<\/li>\n<\/ul>\n","protected":false},"featured_media":56137,"comment_status":"open","ping_status":"closed","template":"","meta":[],"product_brand":[],"product_cat":[2210,2232],"product_tag":[],"class_list":{"0":"post-56012","1":"product","2":"type-product","3":"status-publish","4":"has-post-thumbnail","6":"product_cat-lapsen-maailma","7":"product_cat-lasten-peitot","9":"first","10":"instock","11":"sale","12":"shipping-taxable","13":"purchasable","14":"product-type-variable"},"yoast_head":"<!-- This site is optimized with the Yoast SEO plugin v27.3 - https:\/\/yoast.com\/product\/yoast-seo-wordpress\/ -->\n<title>Lasten peitto 105x110 cm | AZTEX<\/title>\n<meta name=\"description\" content=\"Pehme\u00e4 ja l\u00e4mmin vauvan peitto hauskoilla kuvilla! T\u00e4ydellinen kumppani nukkumiseen, halailuun ja leikkimiseen. Tuo iloa jokaiselle lapselle!\" \/>\n<meta name=\"robots\" content=\"index, follow, max-snippet:-1, max-image-preview:large, max-video-preview:-1\" \/>\n<link rel=\"canonical\" href=\"https:\/\/aztex.ee\/fi\/pood\/lapsen-maailma\/lasten-peitto-105x110-cm\/\" \/>\n<meta property=\"og:locale\" content=\"fi_FI\" \/>\n<meta property=\"og:type\" content=\"article\" \/>\n<meta property=\"og:title\" content=\"Lasten peitto 105x110 cm | AZTEX\" \/>\n<meta property=\"og:description\" content=\"Pehme\u00e4 ja l\u00e4mmin vauvan peitto hauskoilla kuvilla! T\u00e4ydellinen kumppani nukkumiseen, halailuun ja leikkimiseen. Tuo iloa jokaiselle lapselle!\" \/>\n<meta property=\"og:url\" content=\"https:\/\/aztex.ee\/fi\/pood\/lapsen-maailma\/lasten-peitto-105x110-cm\/\" \/>\n<meta property=\"og:site_name\" content=\"AZTEX\" \/>\n<meta property=\"article:publisher\" content=\"https:\/\/www.facebook.com\/AztexEE\" \/>\n<meta property=\"article:modified_time\" content=\"2026-01-31T17:14:36+00:00\" \/>\n<meta property=\"og:image\" content=\"https:\/\/aztex.ee\/wp-content\/uploads\/2025\/02\/Laste-tekid.jpg\" \/>\n\t<meta property=\"og:image:width\" content=\"800\" \/>\n\t<meta property=\"og:image:height\" content=\"800\" \/>\n\t<meta property=\"og:image:type\" content=\"image\/jpeg\" \/>\n<meta name=\"twitter:card\" content=\"summary_large_image\" \/>\n<meta name=\"twitter:label1\" content=\"Arvioitu lukuaika\" \/>\n\t<meta name=\"twitter:data1\" content=\"1 minuutti\" \/>\n<script type=\"application\/ld+json\" class=\"yoast-schema-graph\">{\"@context\":\"https:\\\/\\\/schema.org\",\"@graph\":[{\"@type\":[\"WebPage\",\"ItemPage\"],\"@id\":\"https:\\\/\\\/aztex.ee\\\/fi\\\/pood\\\/lapsen-maailma\\\/lasten-peitto-105x110-cm\\\/\",\"url\":\"https:\\\/\\\/aztex.ee\\\/fi\\\/pood\\\/lapsen-maailma\\\/lasten-peitto-105x110-cm\\\/\",\"name\":\"Lasten peitto 105x110 cm | AZTEX\",\"isPartOf\":{\"@id\":\"https:\\\/\\\/aztex.ee\\\/fi\\\/#website\"},\"primaryImageOfPage\":{\"@id\":\"https:\\\/\\\/aztex.ee\\\/fi\\\/pood\\\/lapsen-maailma\\\/lasten-peitto-105x110-cm\\\/#primaryimage\"},\"image\":{\"@id\":\"https:\\\/\\\/aztex.ee\\\/fi\\\/pood\\\/lapsen-maailma\\\/lasten-peitto-105x110-cm\\\/#primaryimage\"},\"thumbnailUrl\":\"https:\\\/\\\/aztex.ee\\\/wp-content\\\/uploads\\\/2025\\\/02\\\/Laste-tekid.jpg\",\"datePublished\":\"2025-02-16T10:44:55+00:00\",\"dateModified\":\"2026-01-31T17:14:36+00:00\",\"description\":\"Pehme\u00e4 ja l\u00e4mmin vauvan peitto hauskoilla kuvilla! T\u00e4ydellinen kumppani nukkumiseen, halailuun ja leikkimiseen. Tuo iloa jokaiselle lapselle!\",\"breadcrumb\":{\"@id\":\"https:\\\/\\\/aztex.ee\\\/fi\\\/pood\\\/lapsen-maailma\\\/lasten-peitto-105x110-cm\\\/#breadcrumb\"},\"inLanguage\":\"fi\",\"potentialAction\":[{\"@type\":\"ReadAction\",\"target\":[\"https:\\\/\\\/aztex.ee\\\/fi\\\/pood\\\/lapsen-maailma\\\/lasten-peitto-105x110-cm\\\/\"]}]},{\"@type\":\"ImageObject\",\"inLanguage\":\"fi\",\"@id\":\"https:\\\/\\\/aztex.ee\\\/fi\\\/pood\\\/lapsen-maailma\\\/lasten-peitto-105x110-cm\\\/#primaryimage\",\"url\":\"https:\\\/\\\/aztex.ee\\\/wp-content\\\/uploads\\\/2025\\\/02\\\/Laste-tekid.jpg\",\"contentUrl\":\"https:\\\/\\\/aztex.ee\\\/wp-content\\\/uploads\\\/2025\\\/02\\\/Laste-tekid.jpg\",\"width\":800,\"height\":800,\"caption\":\"Laste tekid\"},{\"@type\":\"BreadcrumbList\",\"@id\":\"https:\\\/\\\/aztex.ee\\\/fi\\\/pood\\\/lapsen-maailma\\\/lasten-peitto-105x110-cm\\\/#breadcrumb\",\"itemListElement\":[{\"@type\":\"ListItem\",\"position\":1,\"name\":\"Etusivu\",\"item\":\"https:\\\/\\\/aztex.ee\\\/fi\\\/\"},{\"@type\":\"ListItem\",\"position\":2,\"name\":\"Verkkokauppa\",\"item\":\"https:\\\/\\\/aztex.ee\\\/fi\\\/verkkokauppa\\\/\"},{\"@type\":\"ListItem\",\"position\":3,\"name\":\"Lasten peitto 105&#215;110 cm\"}]},{\"@type\":\"WebSite\",\"@id\":\"https:\\\/\\\/aztex.ee\\\/fi\\\/#website\",\"url\":\"https:\\\/\\\/aztex.ee\\\/fi\\\/\",\"name\":\"AZTEX\",\"description\":\"\",\"publisher\":{\"@id\":\"https:\\\/\\\/aztex.ee\\\/fi\\\/#organization\"},\"potentialAction\":[{\"@type\":\"SearchAction\",\"target\":{\"@type\":\"EntryPoint\",\"urlTemplate\":\"https:\\\/\\\/aztex.ee\\\/fi\\\/?s={search_term_string}\"},\"query-input\":{\"@type\":\"PropertyValueSpecification\",\"valueRequired\":true,\"valueName\":\"search_term_string\"}}],\"inLanguage\":\"fi\"},{\"@type\":\"Organization\",\"@id\":\"https:\\\/\\\/aztex.ee\\\/fi\\\/#organization\",\"name\":\"AZTEX\",\"url\":\"https:\\\/\\\/aztex.ee\\\/fi\\\/\",\"logo\":{\"@type\":\"ImageObject\",\"inLanguage\":\"fi\",\"@id\":\"https:\\\/\\\/aztex.ee\\\/fi\\\/#\\\/schema\\\/logo\\\/image\\\/\",\"url\":\"https:\\\/\\\/aztex.ee\\\/wp-content\\\/uploads\\\/2026\\\/01\\\/AZTEX.png\",\"contentUrl\":\"https:\\\/\\\/aztex.ee\\\/wp-content\\\/uploads\\\/2026\\\/01\\\/AZTEX.png\",\"width\":500,\"height\":500,\"caption\":\"AZTEX\"},\"image\":{\"@id\":\"https:\\\/\\\/aztex.ee\\\/fi\\\/#\\\/schema\\\/logo\\\/image\\\/\"},\"sameAs\":[\"https:\\\/\\\/www.facebook.com\\\/AztexEE\",\"https:\\\/\\\/www.instagram.com\\\/aztexeesti\\\/\",\"https:\\\/\\\/www.youtube.com\\\/@AZTEXEE\",\"https:\\\/\\\/www.pinterest.com\\\/aztex_eesti\\\/\",\"https:\\\/\\\/www.tiktok.com\\\/@aztexeesti\",\"https:\\\/\\\/www.trustpilot.com\\\/review\\\/aztex.ee\",\"https:\\\/\\\/www.linkedin.com\\\/company\\\/aztex-ee\\\/\",\"https:\\\/\\\/www.wikidata.org\\\/wiki\\\/Q137560182\"]}]}<\/script>\n<!-- \/ Yoast SEO plugin. -->","yoast_head_json":{"title":"Lasten peitto 105x110 cm | AZTEX","description":"Pehme\u00e4 ja l\u00e4mmin vauvan peitto hauskoilla kuvilla! T\u00e4ydellinen kumppani nukkumiseen, halailuun ja leikkimiseen. Tuo iloa jokaiselle lapselle!","robots":{"index":"index","follow":"follow","max-snippet":"max-snippet:-1","max-image-preview":"max-image-preview:large","max-video-preview":"max-video-preview:-1"},"canonical":"https:\/\/aztex.ee\/fi\/pood\/lapsen-maailma\/lasten-peitto-105x110-cm\/","og_locale":"fi_FI","og_type":"article","og_title":"Lasten peitto 105x110 cm | AZTEX","og_description":"Pehme\u00e4 ja l\u00e4mmin vauvan peitto hauskoilla kuvilla! T\u00e4ydellinen kumppani nukkumiseen, halailuun ja leikkimiseen. Tuo iloa jokaiselle lapselle!","og_url":"https:\/\/aztex.ee\/fi\/pood\/lapsen-maailma\/lasten-peitto-105x110-cm\/","og_site_name":"AZTEX","article_publisher":"https:\/\/www.facebook.com\/AztexEE","article_modified_time":"2026-01-31T17:14:36+00:00","og_image":[{"width":800,"height":800,"url":"https:\/\/aztex.ee\/wp-content\/uploads\/2025\/02\/Laste-tekid.jpg","type":"image\/jpeg"}],"twitter_card":"summary_large_image","twitter_misc":{"Arvioitu lukuaika":"1 minuutti"},"schema":{"@context":"https:\/\/schema.org","@graph":[{"@type":["WebPage","ItemPage"],"@id":"https:\/\/aztex.ee\/fi\/pood\/lapsen-maailma\/lasten-peitto-105x110-cm\/","url":"https:\/\/aztex.ee\/fi\/pood\/lapsen-maailma\/lasten-peitto-105x110-cm\/","name":"Lasten peitto 105x110 cm | AZTEX","isPartOf":{"@id":"https:\/\/aztex.ee\/fi\/#website"},"primaryImageOfPage":{"@id":"https:\/\/aztex.ee\/fi\/pood\/lapsen-maailma\/lasten-peitto-105x110-cm\/#primaryimage"},"image":{"@id":"https:\/\/aztex.ee\/fi\/pood\/lapsen-maailma\/lasten-peitto-105x110-cm\/#primaryimage"},"thumbnailUrl":"https:\/\/aztex.ee\/wp-content\/uploads\/2025\/02\/Laste-tekid.jpg","datePublished":"2025-02-16T10:44:55+00:00","dateModified":"2026-01-31T17:14:36+00:00","description":"Pehme\u00e4 ja l\u00e4mmin vauvan peitto hauskoilla kuvilla! T\u00e4ydellinen kumppani nukkumiseen, halailuun ja leikkimiseen. Tuo iloa jokaiselle lapselle!","breadcrumb":{"@id":"https:\/\/aztex.ee\/fi\/pood\/lapsen-maailma\/lasten-peitto-105x110-cm\/#breadcrumb"},"inLanguage":"fi","potentialAction":[{"@type":"ReadAction","target":["https:\/\/aztex.ee\/fi\/pood\/lapsen-maailma\/lasten-peitto-105x110-cm\/"]}]},{"@type":"ImageObject","inLanguage":"fi","@id":"https:\/\/aztex.ee\/fi\/pood\/lapsen-maailma\/lasten-peitto-105x110-cm\/#primaryimage","url":"https:\/\/aztex.ee\/wp-content\/uploads\/2025\/02\/Laste-tekid.jpg","contentUrl":"https:\/\/aztex.ee\/wp-content\/uploads\/2025\/02\/Laste-tekid.jpg","width":800,"height":800,"caption":"Laste tekid"},{"@type":"BreadcrumbList","@id":"https:\/\/aztex.ee\/fi\/pood\/lapsen-maailma\/lasten-peitto-105x110-cm\/#breadcrumb","itemListElement":[{"@type":"ListItem","position":1,"name":"Etusivu","item":"https:\/\/aztex.ee\/fi\/"},{"@type":"ListItem","position":2,"name":"Verkkokauppa","item":"https:\/\/aztex.ee\/fi\/verkkokauppa\/"},{"@type":"ListItem","position":3,"name":"Lasten peitto 105&#215;110 cm"}]},{"@type":"WebSite","@id":"https:\/\/aztex.ee\/fi\/#website","url":"https:\/\/aztex.ee\/fi\/","name":"AZTEX","description":"","publisher":{"@id":"https:\/\/aztex.ee\/fi\/#organization"},"potentialAction":[{"@type":"SearchAction","target":{"@type":"EntryPoint","urlTemplate":"https:\/\/aztex.ee\/fi\/?s={search_term_string}"},"query-input":{"@type":"PropertyValueSpecification","valueRequired":true,"valueName":"search_term_string"}}],"inLanguage":"fi"},{"@type":"Organization","@id":"https:\/\/aztex.ee\/fi\/#organization","name":"AZTEX","url":"https:\/\/aztex.ee\/fi\/","logo":{"@type":"ImageObject","inLanguage":"fi","@id":"https:\/\/aztex.ee\/fi\/#\/schema\/logo\/image\/","url":"https:\/\/aztex.ee\/wp-content\/uploads\/2026\/01\/AZTEX.png","contentUrl":"https:\/\/aztex.ee\/wp-content\/uploads\/2026\/01\/AZTEX.png","width":500,"height":500,"caption":"AZTEX"},"image":{"@id":"https:\/\/aztex.ee\/fi\/#\/schema\/logo\/image\/"},"sameAs":["https:\/\/www.facebook.com\/AztexEE","https:\/\/www.instagram.com\/aztexeesti\/","https:\/\/www.youtube.com\/@AZTEXEE","https:\/\/www.pinterest.com\/aztex_eesti\/","https:\/\/www.tiktok.com\/@aztexeesti","https:\/\/www.trustpilot.com\/review\/aztex.ee","https:\/\/www.linkedin.com\/company\/aztex-ee\/","https:\/\/www.wikidata.org\/wiki\/Q137560182"]}]}},"_links":{"self":[{"href":"https:\/\/aztex.ee\/fi\/wp-json\/wp\/v2\/product\/56012","targetHints":{"allow":["GET"]}}],"collection":[{"href":"https:\/\/aztex.ee\/fi\/wp-json\/wp\/v2\/product"}],"about":[{"href":"https:\/\/aztex.ee\/fi\/wp-json\/wp\/v2\/types\/product"}],"replies":[{"embeddable":true,"href":"https:\/\/aztex.ee\/fi\/wp-json\/wp\/v2\/comments?post=56012"}],"version-history":[{"count":0,"href":"https:\/\/aztex.ee\/fi\/wp-json\/wp\/v2\/product\/56012\/revisions"}],"wp:featuredmedia":[{"embeddable":true,"href":"https:\/\/aztex.ee\/fi\/wp-json\/wp\/v2\/media\/56137"}],"wp:attachment":[{"href":"https:\/\/aztex.ee\/fi\/wp-json\/wp\/v2\/media?parent=56012"}],"wp:term":[{"taxonomy":"product_brand","embeddable":true,"href":"https:\/\/aztex.ee\/fi\/wp-json\/wp\/v2\/product_brand?post=56012"},{"taxonomy":"product_cat","embeddable":true,"href":"https:\/\/aztex.ee\/fi\/wp-json\/wp\/v2\/product_cat?post=56012"},{"taxonomy":"product_tag","embeddable":true,"href":"https:\/\/aztex.ee\/fi\/wp-json\/wp\/v2\/product_tag?post=56012"}],"curies":[{"name":"wp","href":"https:\/\/api.w.org\/{rel}","templated":true}]}}