{"id":54624,"date":"2025-02-12T16:11:34","date_gmt":"2025-02-12T16:11:34","guid":{"rendered":"https:\/\/aztex.ee\/?post_type=product&#038;p=54624"},"modified":"2026-03-14T16:21:41","modified_gmt":"2026-03-14T16:21:41","slug":"pehmea-fleecepeitto-200x230-cm","status":"publish","type":"product","link":"https:\/\/aztex.ee\/fi\/pood\/viltit-huovat\/pehmea-fleecepeitto-200x230-cm\/","title":{"rendered":"Pehme\u00e4 fleecepeitto 200&#215;230 cm"},"content":{"rendered":"<p><strong>Pehme\u00e4 sametti fleecepeitto &#8211; l\u00e4mp\u00f6\u00e4 ja mukavuutta jokaiseen hetkeen!<\/strong><\/p>\n<p>Sametti fleecepeitto tuo l\u00e4mp\u00f6\u00e4, pehmeytt\u00e4 ja ylellist\u00e4 mukavuutta kotiisi, joten se on t\u00e4ydellinen valinta kaikkina vuodenaikoina. Sen samettisen pehme\u00e4 rakenne ja elegantti ulkon\u00e4k\u00f6 ovat loistava lis\u00e4 jokaiseen sisustukseen, tuoden viihtyisyytt\u00e4 ja l\u00e4mp\u00f6\u00e4 my\u00f6s kylmimpin\u00e4 p\u00e4ivin\u00e4.<\/p>\n<p><strong>Pehme\u00e4 rakenne<\/strong><br \/>\nSamettifleecepeitossa on samettisen pehme\u00e4 pinta, joka tarjoaa ylellist\u00e4 mukavuutta ja tekee joka hetkest\u00e4 entist\u00e4 nautinnollisempaa. Pehme\u00e4 materiaali on miellytt\u00e4v\u00e4 ja antaa kest\u00e4v\u00e4n l\u00e4mm\u00f6n tunteen.<\/p>\n<p><strong>Kevyt ja l\u00e4mmin<\/strong><br \/>\nIhanteellinen kaikkina vuodenaikoina tarjoten l\u00e4mp\u00f6\u00e4 ja mukavuutta milloin tahansa. Peitto on kevyt, mutta riitt\u00e4v\u00e4n l\u00e4mmin pit\u00e4\u00e4kseen sinut mukavan l\u00e4mpim\u00e4n\u00e4 my\u00f6s kylmempin\u00e4 \u00f6in\u00e4 tai viilein\u00e4 iltoina.<\/p>\n<p><strong>Helppohoitoinen<\/strong><br \/>\nSametti fleecepeitto on helppo pest\u00e4 koneessa, mik\u00e4 tekee siit\u00e4 k\u00e4yt\u00e4nn\u00f6llisen ja sopivan jokap\u00e4iv\u00e4iseen k\u00e4ytt\u00f6\u00f6n.<\/p>\n<p><strong>Ajaton valinta<\/strong><br \/>\nSametti fleecepeitto on kest\u00e4v\u00e4 ja tarjoaa viihtyisyytt\u00e4 ja l\u00e4mp\u00f6\u00e4, joka kest\u00e4\u00e4 vuosia, koska se on k\u00e4yt\u00e4nn\u00f6llinen tuote, joka on helppohoitoinen ja sopii mihin tahansa sisustukseen.<\/p>\n<p>Sametti fleecepeitto on loistava lis\u00e4 jokap\u00e4iv\u00e4iseen k\u00e4ytt\u00f6\u00f6n, joka tarjoaa l\u00e4mp\u00f6\u00e4, pehmeytt\u00e4 ja mukavuutta, josta voi nauttia joka p\u00e4iv\u00e4. Olipa kyseess\u00e4 makuuhuone, olohuone tai jopa viihtyis\u00e4 sohvanurkkaus &#8211; t\u00e4m\u00e4 peitto tekee tilastasi kodikkaamman, joten se on my\u00f6s ihanteellinen lahja l\u00e4heisillesi.<\/p>\n","protected":false},"excerpt":{"rendered":"<ul>\n<li>Materiaali: Coral fleece<\/li>\n<li>Koko: 200&#215;230 cm \u00b13<\/li>\n<li>Paino: 1,4 kg<\/li>\n<\/ul>\n","protected":false},"featured_media":54806,"comment_status":"open","ping_status":"closed","template":"","meta":[],"product_brand":[],"product_cat":[3129,3418,1864],"product_tag":[],"class_list":{"0":"post-54624","1":"product","2":"type-product","3":"status-publish","4":"has-post-thumbnail","6":"product_cat-fleecehuovat","7":"product_cat-fleecehuovat-200x230-cm","8":"product_cat-viltit-huovat","10":"first","11":"instock","12":"shipping-taxable","13":"purchasable","14":"product-type-variable"},"yoast_head":"<!-- This site is optimized with the Yoast SEO plugin v27.6 - https:\/\/yoast.com\/product\/yoast-seo-wordpress\/ -->\n<title>Pehme\u00e4 fleecepeitto 200x230 cm | AZTEX<\/title>\n<meta name=\"description\" content=\"Velvet fleecepeitolla on pehme\u00e4 rakenne, joka tarjoaa l\u00e4mp\u00f6\u00e4 ja mukavuutta. Kevyt, konepest\u00e4v\u00e4 ja helppohoitoinen - ihanteellinen jokap\u00e4iv\u00e4iseen k\u00e4ytt\u00f6\u00f6n.\" \/>\n<meta name=\"robots\" content=\"index, follow, max-snippet:-1, max-image-preview:large, max-video-preview:-1\" \/>\n<link rel=\"canonical\" href=\"https:\/\/aztex.ee\/fi\/pood\/viltit-huovat\/pehmea-fleecepeitto-200x230-cm\/\" \/>\n<meta property=\"og:locale\" content=\"fi_FI\" \/>\n<meta property=\"og:type\" content=\"article\" \/>\n<meta property=\"og:title\" content=\"Pehme\u00e4 fleecepeitto 200x230 cm | AZTEX\" \/>\n<meta property=\"og:description\" content=\"Velvet fleecepeitolla on pehme\u00e4 rakenne, joka tarjoaa l\u00e4mp\u00f6\u00e4 ja mukavuutta. Kevyt, konepest\u00e4v\u00e4 ja helppohoitoinen - ihanteellinen jokap\u00e4iv\u00e4iseen k\u00e4ytt\u00f6\u00f6n.\" \/>\n<meta property=\"og:url\" content=\"https:\/\/aztex.ee\/fi\/pood\/viltit-huovat\/pehmea-fleecepeitto-200x230-cm\/\" \/>\n<meta property=\"og:site_name\" content=\"AZTEX\" \/>\n<meta property=\"article:publisher\" content=\"https:\/\/www.facebook.com\/AztexEE\" \/>\n<meta property=\"article:modified_time\" content=\"2026-03-14T16:21:41+00:00\" \/>\n<meta property=\"og:image\" content=\"https:\/\/aztex.ee\/wp-content\/uploads\/2025\/02\/Pehme-velvet-fliistekk-200\u00d7230-cm.jpg\" \/>\n\t<meta property=\"og:image:width\" content=\"800\" \/>\n\t<meta property=\"og:image:height\" content=\"800\" \/>\n\t<meta property=\"og:image:type\" content=\"image\/jpeg\" \/>\n<meta name=\"twitter:card\" content=\"summary_large_image\" \/>\n<meta name=\"twitter:label1\" content=\"Arvioitu lukuaika\" \/>\n\t<meta name=\"twitter:data1\" content=\"2 minuuttia\" \/>\n<script type=\"application\/ld+json\" class=\"yoast-schema-graph\">{\"@context\":\"https:\\\/\\\/schema.org\",\"@graph\":[{\"@type\":[\"WebPage\",\"ItemPage\"],\"@id\":\"https:\\\/\\\/aztex.ee\\\/fi\\\/pood\\\/viltit-huovat\\\/pehmea-fleecepeitto-200x230-cm\\\/\",\"url\":\"https:\\\/\\\/aztex.ee\\\/fi\\\/pood\\\/viltit-huovat\\\/pehmea-fleecepeitto-200x230-cm\\\/\",\"name\":\"Pehme\u00e4 fleecepeitto 200x230 cm | AZTEX\",\"isPartOf\":{\"@id\":\"https:\\\/\\\/aztex.ee\\\/fi\\\/#website\"},\"primaryImageOfPage\":{\"@id\":\"https:\\\/\\\/aztex.ee\\\/fi\\\/pood\\\/viltit-huovat\\\/pehmea-fleecepeitto-200x230-cm\\\/#primaryimage\"},\"image\":{\"@id\":\"https:\\\/\\\/aztex.ee\\\/fi\\\/pood\\\/viltit-huovat\\\/pehmea-fleecepeitto-200x230-cm\\\/#primaryimage\"},\"thumbnailUrl\":\"https:\\\/\\\/aztex.ee\\\/wp-content\\\/uploads\\\/2025\\\/02\\\/Pehme-velvet-fliistekk-200\u00d7230-cm.jpg\",\"datePublished\":\"2025-02-12T16:11:34+00:00\",\"dateModified\":\"2026-03-14T16:21:41+00:00\",\"description\":\"Velvet fleecepeitolla on pehme\u00e4 rakenne, joka tarjoaa l\u00e4mp\u00f6\u00e4 ja mukavuutta. Kevyt, konepest\u00e4v\u00e4 ja helppohoitoinen - ihanteellinen jokap\u00e4iv\u00e4iseen k\u00e4ytt\u00f6\u00f6n.\",\"breadcrumb\":{\"@id\":\"https:\\\/\\\/aztex.ee\\\/fi\\\/pood\\\/viltit-huovat\\\/pehmea-fleecepeitto-200x230-cm\\\/#breadcrumb\"},\"inLanguage\":\"fi\",\"potentialAction\":[{\"@type\":\"ReadAction\",\"target\":[\"https:\\\/\\\/aztex.ee\\\/fi\\\/pood\\\/viltit-huovat\\\/pehmea-fleecepeitto-200x230-cm\\\/\"]}]},{\"@type\":\"ImageObject\",\"inLanguage\":\"fi\",\"@id\":\"https:\\\/\\\/aztex.ee\\\/fi\\\/pood\\\/viltit-huovat\\\/pehmea-fleecepeitto-200x230-cm\\\/#primaryimage\",\"url\":\"https:\\\/\\\/aztex.ee\\\/wp-content\\\/uploads\\\/2025\\\/02\\\/Pehme-velvet-fliistekk-200\u00d7230-cm.jpg\",\"contentUrl\":\"https:\\\/\\\/aztex.ee\\\/wp-content\\\/uploads\\\/2025\\\/02\\\/Pehme-velvet-fliistekk-200\u00d7230-cm.jpg\",\"width\":800,\"height\":800,\"caption\":\"Pehme velvet fliistekk 200\u00d7230 cm\"},{\"@type\":\"BreadcrumbList\",\"@id\":\"https:\\\/\\\/aztex.ee\\\/fi\\\/pood\\\/viltit-huovat\\\/pehmea-fleecepeitto-200x230-cm\\\/#breadcrumb\",\"itemListElement\":[{\"@type\":\"ListItem\",\"position\":1,\"name\":\"Etusivu\",\"item\":\"https:\\\/\\\/aztex.ee\\\/fi\\\/\"},{\"@type\":\"ListItem\",\"position\":2,\"name\":\"Verkkokauppa\",\"item\":\"https:\\\/\\\/aztex.ee\\\/fi\\\/verkkokauppa\\\/\"},{\"@type\":\"ListItem\",\"position\":3,\"name\":\"Pehme\u00e4 fleecepeitto 200&#215;230 cm\"}]},{\"@type\":\"WebSite\",\"@id\":\"https:\\\/\\\/aztex.ee\\\/fi\\\/#website\",\"url\":\"https:\\\/\\\/aztex.ee\\\/fi\\\/\",\"name\":\"AZTEX\",\"description\":\"\",\"publisher\":{\"@id\":\"https:\\\/\\\/aztex.ee\\\/fi\\\/#organization\"},\"potentialAction\":[{\"@type\":\"SearchAction\",\"target\":{\"@type\":\"EntryPoint\",\"urlTemplate\":\"https:\\\/\\\/aztex.ee\\\/fi\\\/?s={search_term_string}\"},\"query-input\":{\"@type\":\"PropertyValueSpecification\",\"valueRequired\":true,\"valueName\":\"search_term_string\"}}],\"inLanguage\":\"fi\"},{\"@type\":\"Organization\",\"@id\":\"https:\\\/\\\/aztex.ee\\\/fi\\\/#organization\",\"name\":\"AZTEX\",\"url\":\"https:\\\/\\\/aztex.ee\\\/fi\\\/\",\"logo\":{\"@type\":\"ImageObject\",\"inLanguage\":\"fi\",\"@id\":\"https:\\\/\\\/aztex.ee\\\/fi\\\/#\\\/schema\\\/logo\\\/image\\\/\",\"url\":\"https:\\\/\\\/aztex.ee\\\/wp-content\\\/uploads\\\/2026\\\/01\\\/AZTEX.png\",\"contentUrl\":\"https:\\\/\\\/aztex.ee\\\/wp-content\\\/uploads\\\/2026\\\/01\\\/AZTEX.png\",\"width\":500,\"height\":500,\"caption\":\"AZTEX\"},\"image\":{\"@id\":\"https:\\\/\\\/aztex.ee\\\/fi\\\/#\\\/schema\\\/logo\\\/image\\\/\"},\"sameAs\":[\"https:\\\/\\\/www.facebook.com\\\/AztexEE\",\"https:\\\/\\\/www.instagram.com\\\/aztexeesti\\\/\",\"https:\\\/\\\/www.youtube.com\\\/@AZTEXEE\",\"https:\\\/\\\/www.pinterest.com\\\/aztex_eesti\\\/\",\"https:\\\/\\\/www.tiktok.com\\\/@aztexeesti\",\"https:\\\/\\\/www.trustpilot.com\\\/review\\\/aztex.ee\",\"https:\\\/\\\/www.linkedin.com\\\/company\\\/aztex-ee\\\/\",\"https:\\\/\\\/www.wikidata.org\\\/wiki\\\/Q137560182\"]}]}<\/script>\n<!-- \/ Yoast SEO plugin. -->","yoast_head_json":{"title":"Pehme\u00e4 fleecepeitto 200x230 cm | AZTEX","description":"Velvet fleecepeitolla on pehme\u00e4 rakenne, joka tarjoaa l\u00e4mp\u00f6\u00e4 ja mukavuutta. Kevyt, konepest\u00e4v\u00e4 ja helppohoitoinen - ihanteellinen jokap\u00e4iv\u00e4iseen k\u00e4ytt\u00f6\u00f6n.","robots":{"index":"index","follow":"follow","max-snippet":"max-snippet:-1","max-image-preview":"max-image-preview:large","max-video-preview":"max-video-preview:-1"},"canonical":"https:\/\/aztex.ee\/fi\/pood\/viltit-huovat\/pehmea-fleecepeitto-200x230-cm\/","og_locale":"fi_FI","og_type":"article","og_title":"Pehme\u00e4 fleecepeitto 200x230 cm | AZTEX","og_description":"Velvet fleecepeitolla on pehme\u00e4 rakenne, joka tarjoaa l\u00e4mp\u00f6\u00e4 ja mukavuutta. Kevyt, konepest\u00e4v\u00e4 ja helppohoitoinen - ihanteellinen jokap\u00e4iv\u00e4iseen k\u00e4ytt\u00f6\u00f6n.","og_url":"https:\/\/aztex.ee\/fi\/pood\/viltit-huovat\/pehmea-fleecepeitto-200x230-cm\/","og_site_name":"AZTEX","article_publisher":"https:\/\/www.facebook.com\/AztexEE","article_modified_time":"2026-03-14T16:21:41+00:00","og_image":[{"width":800,"height":800,"url":"https:\/\/aztex.ee\/wp-content\/uploads\/2025\/02\/Pehme-velvet-fliistekk-200\u00d7230-cm.jpg","type":"image\/jpeg"}],"twitter_card":"summary_large_image","twitter_misc":{"Arvioitu lukuaika":"2 minuuttia"},"schema":{"@context":"https:\/\/schema.org","@graph":[{"@type":["WebPage","ItemPage"],"@id":"https:\/\/aztex.ee\/fi\/pood\/viltit-huovat\/pehmea-fleecepeitto-200x230-cm\/","url":"https:\/\/aztex.ee\/fi\/pood\/viltit-huovat\/pehmea-fleecepeitto-200x230-cm\/","name":"Pehme\u00e4 fleecepeitto 200x230 cm | AZTEX","isPartOf":{"@id":"https:\/\/aztex.ee\/fi\/#website"},"primaryImageOfPage":{"@id":"https:\/\/aztex.ee\/fi\/pood\/viltit-huovat\/pehmea-fleecepeitto-200x230-cm\/#primaryimage"},"image":{"@id":"https:\/\/aztex.ee\/fi\/pood\/viltit-huovat\/pehmea-fleecepeitto-200x230-cm\/#primaryimage"},"thumbnailUrl":"https:\/\/aztex.ee\/wp-content\/uploads\/2025\/02\/Pehme-velvet-fliistekk-200\u00d7230-cm.jpg","datePublished":"2025-02-12T16:11:34+00:00","dateModified":"2026-03-14T16:21:41+00:00","description":"Velvet fleecepeitolla on pehme\u00e4 rakenne, joka tarjoaa l\u00e4mp\u00f6\u00e4 ja mukavuutta. Kevyt, konepest\u00e4v\u00e4 ja helppohoitoinen - ihanteellinen jokap\u00e4iv\u00e4iseen k\u00e4ytt\u00f6\u00f6n.","breadcrumb":{"@id":"https:\/\/aztex.ee\/fi\/pood\/viltit-huovat\/pehmea-fleecepeitto-200x230-cm\/#breadcrumb"},"inLanguage":"fi","potentialAction":[{"@type":"ReadAction","target":["https:\/\/aztex.ee\/fi\/pood\/viltit-huovat\/pehmea-fleecepeitto-200x230-cm\/"]}]},{"@type":"ImageObject","inLanguage":"fi","@id":"https:\/\/aztex.ee\/fi\/pood\/viltit-huovat\/pehmea-fleecepeitto-200x230-cm\/#primaryimage","url":"https:\/\/aztex.ee\/wp-content\/uploads\/2025\/02\/Pehme-velvet-fliistekk-200\u00d7230-cm.jpg","contentUrl":"https:\/\/aztex.ee\/wp-content\/uploads\/2025\/02\/Pehme-velvet-fliistekk-200\u00d7230-cm.jpg","width":800,"height":800,"caption":"Pehme velvet fliistekk 200\u00d7230 cm"},{"@type":"BreadcrumbList","@id":"https:\/\/aztex.ee\/fi\/pood\/viltit-huovat\/pehmea-fleecepeitto-200x230-cm\/#breadcrumb","itemListElement":[{"@type":"ListItem","position":1,"name":"Etusivu","item":"https:\/\/aztex.ee\/fi\/"},{"@type":"ListItem","position":2,"name":"Verkkokauppa","item":"https:\/\/aztex.ee\/fi\/verkkokauppa\/"},{"@type":"ListItem","position":3,"name":"Pehme\u00e4 fleecepeitto 200&#215;230 cm"}]},{"@type":"WebSite","@id":"https:\/\/aztex.ee\/fi\/#website","url":"https:\/\/aztex.ee\/fi\/","name":"AZTEX","description":"","publisher":{"@id":"https:\/\/aztex.ee\/fi\/#organization"},"potentialAction":[{"@type":"SearchAction","target":{"@type":"EntryPoint","urlTemplate":"https:\/\/aztex.ee\/fi\/?s={search_term_string}"},"query-input":{"@type":"PropertyValueSpecification","valueRequired":true,"valueName":"search_term_string"}}],"inLanguage":"fi"},{"@type":"Organization","@id":"https:\/\/aztex.ee\/fi\/#organization","name":"AZTEX","url":"https:\/\/aztex.ee\/fi\/","logo":{"@type":"ImageObject","inLanguage":"fi","@id":"https:\/\/aztex.ee\/fi\/#\/schema\/logo\/image\/","url":"https:\/\/aztex.ee\/wp-content\/uploads\/2026\/01\/AZTEX.png","contentUrl":"https:\/\/aztex.ee\/wp-content\/uploads\/2026\/01\/AZTEX.png","width":500,"height":500,"caption":"AZTEX"},"image":{"@id":"https:\/\/aztex.ee\/fi\/#\/schema\/logo\/image\/"},"sameAs":["https:\/\/www.facebook.com\/AztexEE","https:\/\/www.instagram.com\/aztexeesti\/","https:\/\/www.youtube.com\/@AZTEXEE","https:\/\/www.pinterest.com\/aztex_eesti\/","https:\/\/www.tiktok.com\/@aztexeesti","https:\/\/www.trustpilot.com\/review\/aztex.ee","https:\/\/www.linkedin.com\/company\/aztex-ee\/","https:\/\/www.wikidata.org\/wiki\/Q137560182"]}]}},"_links":{"self":[{"href":"https:\/\/aztex.ee\/fi\/wp-json\/wp\/v2\/product\/54624","targetHints":{"allow":["GET"]}}],"collection":[{"href":"https:\/\/aztex.ee\/fi\/wp-json\/wp\/v2\/product"}],"about":[{"href":"https:\/\/aztex.ee\/fi\/wp-json\/wp\/v2\/types\/product"}],"replies":[{"embeddable":true,"href":"https:\/\/aztex.ee\/fi\/wp-json\/wp\/v2\/comments?post=54624"}],"version-history":[{"count":0,"href":"https:\/\/aztex.ee\/fi\/wp-json\/wp\/v2\/product\/54624\/revisions"}],"wp:featuredmedia":[{"embeddable":true,"href":"https:\/\/aztex.ee\/fi\/wp-json\/wp\/v2\/media\/54806"}],"wp:attachment":[{"href":"https:\/\/aztex.ee\/fi\/wp-json\/wp\/v2\/media?parent=54624"}],"wp:term":[{"taxonomy":"product_brand","embeddable":true,"href":"https:\/\/aztex.ee\/fi\/wp-json\/wp\/v2\/product_brand?post=54624"},{"taxonomy":"product_cat","embeddable":true,"href":"https:\/\/aztex.ee\/fi\/wp-json\/wp\/v2\/product_cat?post=54624"},{"taxonomy":"product_tag","embeddable":true,"href":"https:\/\/aztex.ee\/fi\/wp-json\/wp\/v2\/product_tag?post=54624"}],"curies":[{"name":"wp","href":"https:\/\/api.w.org\/{rel}","templated":true}]}}