{"id":50117,"date":"2025-02-05T22:02:46","date_gmt":"2025-02-05T22:02:46","guid":{"rendered":"https:\/\/aztex.ee\/?post_type=product&#038;p=50117"},"modified":"2026-04-29T11:46:27","modified_gmt":"2026-04-29T11:46:27","slug":"raschel-peitto-200x230-cm","status":"publish","type":"product","link":"https:\/\/aztex.ee\/fi\/pood\/viltit-huovat\/raschel-peitto-200x230-cm\/","title":{"rendered":"Raschel peitto 200&#215;230 cm | 3,5 kg"},"content":{"rendered":"<p><strong>Raschel peitto \u2013 ylellist\u00e4 pehmeytt\u00e4 ja tyyli\u00e4<\/strong><\/p>\n<p>Raschel peitossa yhdistyv\u00e4t l\u00e4mp\u00f6, \u200b\u200bmukavuus ja tyyli yhdess\u00e4 tuotteessa. Ylellinen pehmeys tekee jokap\u00e4iv\u00e4isest\u00e4 k\u00e4yt\u00f6st\u00e4 mukavaa ja nautinnollista. Peiton rakenne tarjoaa miellytt\u00e4v\u00e4n kokemuksen, sill\u00e4 se on pehme\u00e4 ja samalla riitt\u00e4v\u00e4n kest\u00e4v\u00e4 varmistaakseen pitk\u00e4aikaisen k\u00e4yt\u00f6n. Eri v\u00e4ris\u00e4vyt ja kauniit kuviot sopivat mihin tahansa sisustukseen ja antavat huoneille l\u00e4mp\u00f6\u00e4, eleganssia ja tyyli\u00e4.<\/p>\n<p>Raschel peitto on suunniteltu k\u00e4ytett\u00e4v\u00e4ksi paitsi s\u00e4ngyss\u00e4, my\u00f6s sohvalla tai muissa huoneissa, joissa halutaan lis\u00e4t\u00e4 l\u00e4mp\u00f6\u00e4 ja ylellist\u00e4 tunnelmaa. Raschel peiton paksuus varmistaa l\u00e4mp\u00f6\u00e4 pid\u00e4tt\u00e4v\u00e4n vaikutuksen, kun taas pehme\u00e4 rakenne tekee jokaisesta k\u00e4yt\u00f6st\u00e4 erityisen ja mukavan.<\/p>\n<p><strong>L\u00e4mp\u00f6\u00e4 ja mukavuutta<\/strong><\/p>\n<p>Raschel peitto tarjoaa poikkeuksellista l\u00e4mp\u00f6\u00e4 ja mukavuutta ja on t\u00e4ydellinen valinta kylmempiin p\u00e4iviin. Sen l\u00e4mp\u00f6\u00e4 pid\u00e4tt\u00e4v\u00e4t ominaisuudet takaavat miellytt\u00e4v\u00e4n ja kodikkaan ymp\u00e4rist\u00f6n, mik\u00e4 lis\u00e4\u00e4 mukavuutta, kun tarvitaan l\u00e4mmint\u00e4 ja kodikasta ymp\u00e4rist\u00f6\u00e4. Peiton muotoilu on suunniteltu tarjoamaan ylim\u00e4\u00e4r\u00e4ist\u00e4 l\u00e4mm\u00f6n tunnetta olematta liian raskas tai ep\u00e4mukava.<\/p>\n<p><strong>Eleganssia ja tyyli\u00e4 joka huoneessa<\/strong><\/p>\n<p>Peiton muotoilu on yksinkertainen ja tyylik\u00e4s, ja se sopii mihin tahansa sisustukseen. V\u00e4rivalikoima klassisista neutraaleista rohkeampiin s\u00e4vyihin tekee Raschel peitosta sopivan mihin tahansa huoneeseen, oli se sitten klassinen, moderni tai minimalistinen. Peitto lis\u00e4\u00e4 l\u00e4mp\u00f6\u00e4 ja tyyli\u00e4 mihin tahansa huoneeseen ja on t\u00e4ydellinen lis\u00e4 mihin tahansa sisustukseen. Peiton muotoilu t\u00e4ydent\u00e4\u00e4 mit\u00e4 tahansa huonetta ja lis\u00e4\u00e4 l\u00e4mp\u00f6\u00e4 ja ylellist\u00e4 tunnelmaa. Raschel peitto on ihanteellinen tuote, jossa yhdistyv\u00e4t l\u00e4mp\u00f6, \u200b\u200bmukavuus ja tyyli yhdess\u00e4 ylellisess\u00e4 kokemuksessa.<\/p>\n","protected":false},"excerpt":{"rendered":"<ul>\n<li>Materiaali: Polyesteri<\/li>\n<li>Koko: 200&#215;230 cm \u00b13<\/li>\n<li>Paino: 3,5 kg<\/li>\n<\/ul>\n","protected":false},"featured_media":50242,"comment_status":"open","ping_status":"closed","template":"","meta":[],"product_brand":[],"product_cat":[3039,3078,1864],"product_tag":[],"class_list":{"0":"post-50117","1":"product","2":"type-product","3":"status-publish","4":"has-post-thumbnail","6":"product_cat-raschel-peitot","7":"product_cat-raschel-peitot-200x230-cm","8":"product_cat-viltit-huovat","10":"first","11":"instock","12":"shipping-taxable","13":"purchasable","14":"product-type-variable"},"yoast_head":"<!-- This site is optimized with the Yoast SEO plugin v27.6 - https:\/\/yoast.com\/product\/yoast-seo-wordpress\/ -->\n<title>Pehme\u00e4 ja l\u00e4mmin peitto 200x230 cm | AZTEX<\/title>\n<meta name=\"description\" content=\"Raschel peitto yhdistyv\u00e4t pehmeys ja eleganssi, ja se sopii mihin tahansa sisustukseen. Se tarjoaa l\u00e4mp\u00f6\u00e4 ja ylellist\u00e4 mukavuutta, ja se on t\u00e4ydellinen\" \/>\n<meta name=\"robots\" content=\"index, follow, max-snippet:-1, max-image-preview:large, max-video-preview:-1\" \/>\n<link rel=\"canonical\" href=\"https:\/\/aztex.ee\/fi\/pood\/viltit-huovat\/raschel-peitto-200x230-cm\/\" \/>\n<meta property=\"og:locale\" content=\"fi_FI\" \/>\n<meta property=\"og:type\" content=\"article\" \/>\n<meta property=\"og:title\" content=\"Pehme\u00e4 ja l\u00e4mmin peitto 200x230 cm | AZTEX\" \/>\n<meta property=\"og:description\" content=\"Raschel peitto yhdistyv\u00e4t pehmeys ja eleganssi, ja se sopii mihin tahansa sisustukseen. Se tarjoaa l\u00e4mp\u00f6\u00e4 ja ylellist\u00e4 mukavuutta, ja se on t\u00e4ydellinen\" \/>\n<meta property=\"og:url\" content=\"https:\/\/aztex.ee\/fi\/pood\/viltit-huovat\/raschel-peitto-200x230-cm\/\" \/>\n<meta property=\"og:site_name\" content=\"AZTEX\" \/>\n<meta property=\"article:publisher\" content=\"https:\/\/www.facebook.com\/AztexEE\" \/>\n<meta property=\"article:modified_time\" content=\"2026-04-29T11:46:27+00:00\" \/>\n<meta property=\"og:image\" content=\"https:\/\/aztex.ee\/wp-content\/uploads\/2025\/02\/Raschel-tekk.jpg\" \/>\n\t<meta property=\"og:image:width\" content=\"800\" \/>\n\t<meta property=\"og:image:height\" content=\"800\" \/>\n\t<meta property=\"og:image:type\" content=\"image\/jpeg\" \/>\n<meta name=\"twitter:card\" content=\"summary_large_image\" \/>\n<meta name=\"twitter:label1\" content=\"Arvioitu lukuaika\" \/>\n\t<meta name=\"twitter:data1\" content=\"2 minuuttia\" \/>\n<script type=\"application\/ld+json\" class=\"yoast-schema-graph\">{\"@context\":\"https:\\\/\\\/schema.org\",\"@graph\":[{\"@type\":[\"WebPage\",\"ItemPage\"],\"@id\":\"https:\\\/\\\/aztex.ee\\\/fi\\\/pood\\\/viltit-huovat\\\/raschel-peitto-200x230-cm\\\/\",\"url\":\"https:\\\/\\\/aztex.ee\\\/fi\\\/pood\\\/viltit-huovat\\\/raschel-peitto-200x230-cm\\\/\",\"name\":\"Pehme\u00e4 ja l\u00e4mmin peitto 200x230 cm | AZTEX\",\"isPartOf\":{\"@id\":\"https:\\\/\\\/aztex.ee\\\/fi\\\/#website\"},\"primaryImageOfPage\":{\"@id\":\"https:\\\/\\\/aztex.ee\\\/fi\\\/pood\\\/viltit-huovat\\\/raschel-peitto-200x230-cm\\\/#primaryimage\"},\"image\":{\"@id\":\"https:\\\/\\\/aztex.ee\\\/fi\\\/pood\\\/viltit-huovat\\\/raschel-peitto-200x230-cm\\\/#primaryimage\"},\"thumbnailUrl\":\"https:\\\/\\\/aztex.ee\\\/wp-content\\\/uploads\\\/2025\\\/02\\\/Raschel-tekk.jpg\",\"datePublished\":\"2025-02-05T22:02:46+00:00\",\"dateModified\":\"2026-04-29T11:46:27+00:00\",\"description\":\"Raschel peitto yhdistyv\u00e4t pehmeys ja eleganssi, ja se sopii mihin tahansa sisustukseen. Se tarjoaa l\u00e4mp\u00f6\u00e4 ja ylellist\u00e4 mukavuutta, ja se on t\u00e4ydellinen\",\"breadcrumb\":{\"@id\":\"https:\\\/\\\/aztex.ee\\\/fi\\\/pood\\\/viltit-huovat\\\/raschel-peitto-200x230-cm\\\/#breadcrumb\"},\"inLanguage\":\"fi\",\"potentialAction\":[{\"@type\":\"ReadAction\",\"target\":[\"https:\\\/\\\/aztex.ee\\\/fi\\\/pood\\\/viltit-huovat\\\/raschel-peitto-200x230-cm\\\/\"]}]},{\"@type\":\"ImageObject\",\"inLanguage\":\"fi\",\"@id\":\"https:\\\/\\\/aztex.ee\\\/fi\\\/pood\\\/viltit-huovat\\\/raschel-peitto-200x230-cm\\\/#primaryimage\",\"url\":\"https:\\\/\\\/aztex.ee\\\/wp-content\\\/uploads\\\/2025\\\/02\\\/Raschel-tekk.jpg\",\"contentUrl\":\"https:\\\/\\\/aztex.ee\\\/wp-content\\\/uploads\\\/2025\\\/02\\\/Raschel-tekk.jpg\",\"width\":800,\"height\":800,\"caption\":\"Raschel tekk\"},{\"@type\":\"BreadcrumbList\",\"@id\":\"https:\\\/\\\/aztex.ee\\\/fi\\\/pood\\\/viltit-huovat\\\/raschel-peitto-200x230-cm\\\/#breadcrumb\",\"itemListElement\":[{\"@type\":\"ListItem\",\"position\":1,\"name\":\"Etusivu\",\"item\":\"https:\\\/\\\/aztex.ee\\\/fi\\\/\"},{\"@type\":\"ListItem\",\"position\":2,\"name\":\"Verkkokauppa\",\"item\":\"https:\\\/\\\/aztex.ee\\\/fi\\\/verkkokauppa\\\/\"},{\"@type\":\"ListItem\",\"position\":3,\"name\":\"Raschel peitto 200&#215;230 cm | 3,5 kg\"}]},{\"@type\":\"WebSite\",\"@id\":\"https:\\\/\\\/aztex.ee\\\/fi\\\/#website\",\"url\":\"https:\\\/\\\/aztex.ee\\\/fi\\\/\",\"name\":\"AZTEX\",\"description\":\"\",\"publisher\":{\"@id\":\"https:\\\/\\\/aztex.ee\\\/fi\\\/#organization\"},\"potentialAction\":[{\"@type\":\"SearchAction\",\"target\":{\"@type\":\"EntryPoint\",\"urlTemplate\":\"https:\\\/\\\/aztex.ee\\\/fi\\\/?s={search_term_string}\"},\"query-input\":{\"@type\":\"PropertyValueSpecification\",\"valueRequired\":true,\"valueName\":\"search_term_string\"}}],\"inLanguage\":\"fi\"},{\"@type\":\"Organization\",\"@id\":\"https:\\\/\\\/aztex.ee\\\/fi\\\/#organization\",\"name\":\"AZTEX\",\"url\":\"https:\\\/\\\/aztex.ee\\\/fi\\\/\",\"logo\":{\"@type\":\"ImageObject\",\"inLanguage\":\"fi\",\"@id\":\"https:\\\/\\\/aztex.ee\\\/fi\\\/#\\\/schema\\\/logo\\\/image\\\/\",\"url\":\"https:\\\/\\\/aztex.ee\\\/wp-content\\\/uploads\\\/2026\\\/01\\\/AZTEX.png\",\"contentUrl\":\"https:\\\/\\\/aztex.ee\\\/wp-content\\\/uploads\\\/2026\\\/01\\\/AZTEX.png\",\"width\":500,\"height\":500,\"caption\":\"AZTEX\"},\"image\":{\"@id\":\"https:\\\/\\\/aztex.ee\\\/fi\\\/#\\\/schema\\\/logo\\\/image\\\/\"},\"sameAs\":[\"https:\\\/\\\/www.facebook.com\\\/AztexEE\",\"https:\\\/\\\/www.instagram.com\\\/aztexeesti\\\/\",\"https:\\\/\\\/www.youtube.com\\\/@AZTEXEE\",\"https:\\\/\\\/www.pinterest.com\\\/aztex_eesti\\\/\",\"https:\\\/\\\/www.tiktok.com\\\/@aztexeesti\",\"https:\\\/\\\/www.trustpilot.com\\\/review\\\/aztex.ee\",\"https:\\\/\\\/www.linkedin.com\\\/company\\\/aztex-ee\\\/\",\"https:\\\/\\\/www.wikidata.org\\\/wiki\\\/Q137560182\"]}]}<\/script>\n<!-- \/ Yoast SEO plugin. -->","yoast_head_json":{"title":"Pehme\u00e4 ja l\u00e4mmin peitto 200x230 cm | AZTEX","description":"Raschel peitto yhdistyv\u00e4t pehmeys ja eleganssi, ja se sopii mihin tahansa sisustukseen. Se tarjoaa l\u00e4mp\u00f6\u00e4 ja ylellist\u00e4 mukavuutta, ja se on t\u00e4ydellinen","robots":{"index":"index","follow":"follow","max-snippet":"max-snippet:-1","max-image-preview":"max-image-preview:large","max-video-preview":"max-video-preview:-1"},"canonical":"https:\/\/aztex.ee\/fi\/pood\/viltit-huovat\/raschel-peitto-200x230-cm\/","og_locale":"fi_FI","og_type":"article","og_title":"Pehme\u00e4 ja l\u00e4mmin peitto 200x230 cm | AZTEX","og_description":"Raschel peitto yhdistyv\u00e4t pehmeys ja eleganssi, ja se sopii mihin tahansa sisustukseen. Se tarjoaa l\u00e4mp\u00f6\u00e4 ja ylellist\u00e4 mukavuutta, ja se on t\u00e4ydellinen","og_url":"https:\/\/aztex.ee\/fi\/pood\/viltit-huovat\/raschel-peitto-200x230-cm\/","og_site_name":"AZTEX","article_publisher":"https:\/\/www.facebook.com\/AztexEE","article_modified_time":"2026-04-29T11:46:27+00:00","og_image":[{"width":800,"height":800,"url":"https:\/\/aztex.ee\/wp-content\/uploads\/2025\/02\/Raschel-tekk.jpg","type":"image\/jpeg"}],"twitter_card":"summary_large_image","twitter_misc":{"Arvioitu lukuaika":"2 minuuttia"},"schema":{"@context":"https:\/\/schema.org","@graph":[{"@type":["WebPage","ItemPage"],"@id":"https:\/\/aztex.ee\/fi\/pood\/viltit-huovat\/raschel-peitto-200x230-cm\/","url":"https:\/\/aztex.ee\/fi\/pood\/viltit-huovat\/raschel-peitto-200x230-cm\/","name":"Pehme\u00e4 ja l\u00e4mmin peitto 200x230 cm | AZTEX","isPartOf":{"@id":"https:\/\/aztex.ee\/fi\/#website"},"primaryImageOfPage":{"@id":"https:\/\/aztex.ee\/fi\/pood\/viltit-huovat\/raschel-peitto-200x230-cm\/#primaryimage"},"image":{"@id":"https:\/\/aztex.ee\/fi\/pood\/viltit-huovat\/raschel-peitto-200x230-cm\/#primaryimage"},"thumbnailUrl":"https:\/\/aztex.ee\/wp-content\/uploads\/2025\/02\/Raschel-tekk.jpg","datePublished":"2025-02-05T22:02:46+00:00","dateModified":"2026-04-29T11:46:27+00:00","description":"Raschel peitto yhdistyv\u00e4t pehmeys ja eleganssi, ja se sopii mihin tahansa sisustukseen. Se tarjoaa l\u00e4mp\u00f6\u00e4 ja ylellist\u00e4 mukavuutta, ja se on t\u00e4ydellinen","breadcrumb":{"@id":"https:\/\/aztex.ee\/fi\/pood\/viltit-huovat\/raschel-peitto-200x230-cm\/#breadcrumb"},"inLanguage":"fi","potentialAction":[{"@type":"ReadAction","target":["https:\/\/aztex.ee\/fi\/pood\/viltit-huovat\/raschel-peitto-200x230-cm\/"]}]},{"@type":"ImageObject","inLanguage":"fi","@id":"https:\/\/aztex.ee\/fi\/pood\/viltit-huovat\/raschel-peitto-200x230-cm\/#primaryimage","url":"https:\/\/aztex.ee\/wp-content\/uploads\/2025\/02\/Raschel-tekk.jpg","contentUrl":"https:\/\/aztex.ee\/wp-content\/uploads\/2025\/02\/Raschel-tekk.jpg","width":800,"height":800,"caption":"Raschel tekk"},{"@type":"BreadcrumbList","@id":"https:\/\/aztex.ee\/fi\/pood\/viltit-huovat\/raschel-peitto-200x230-cm\/#breadcrumb","itemListElement":[{"@type":"ListItem","position":1,"name":"Etusivu","item":"https:\/\/aztex.ee\/fi\/"},{"@type":"ListItem","position":2,"name":"Verkkokauppa","item":"https:\/\/aztex.ee\/fi\/verkkokauppa\/"},{"@type":"ListItem","position":3,"name":"Raschel peitto 200&#215;230 cm | 3,5 kg"}]},{"@type":"WebSite","@id":"https:\/\/aztex.ee\/fi\/#website","url":"https:\/\/aztex.ee\/fi\/","name":"AZTEX","description":"","publisher":{"@id":"https:\/\/aztex.ee\/fi\/#organization"},"potentialAction":[{"@type":"SearchAction","target":{"@type":"EntryPoint","urlTemplate":"https:\/\/aztex.ee\/fi\/?s={search_term_string}"},"query-input":{"@type":"PropertyValueSpecification","valueRequired":true,"valueName":"search_term_string"}}],"inLanguage":"fi"},{"@type":"Organization","@id":"https:\/\/aztex.ee\/fi\/#organization","name":"AZTEX","url":"https:\/\/aztex.ee\/fi\/","logo":{"@type":"ImageObject","inLanguage":"fi","@id":"https:\/\/aztex.ee\/fi\/#\/schema\/logo\/image\/","url":"https:\/\/aztex.ee\/wp-content\/uploads\/2026\/01\/AZTEX.png","contentUrl":"https:\/\/aztex.ee\/wp-content\/uploads\/2026\/01\/AZTEX.png","width":500,"height":500,"caption":"AZTEX"},"image":{"@id":"https:\/\/aztex.ee\/fi\/#\/schema\/logo\/image\/"},"sameAs":["https:\/\/www.facebook.com\/AztexEE","https:\/\/www.instagram.com\/aztexeesti\/","https:\/\/www.youtube.com\/@AZTEXEE","https:\/\/www.pinterest.com\/aztex_eesti\/","https:\/\/www.tiktok.com\/@aztexeesti","https:\/\/www.trustpilot.com\/review\/aztex.ee","https:\/\/www.linkedin.com\/company\/aztex-ee\/","https:\/\/www.wikidata.org\/wiki\/Q137560182"]}]}},"_links":{"self":[{"href":"https:\/\/aztex.ee\/fi\/wp-json\/wp\/v2\/product\/50117","targetHints":{"allow":["GET"]}}],"collection":[{"href":"https:\/\/aztex.ee\/fi\/wp-json\/wp\/v2\/product"}],"about":[{"href":"https:\/\/aztex.ee\/fi\/wp-json\/wp\/v2\/types\/product"}],"replies":[{"embeddable":true,"href":"https:\/\/aztex.ee\/fi\/wp-json\/wp\/v2\/comments?post=50117"}],"version-history":[{"count":0,"href":"https:\/\/aztex.ee\/fi\/wp-json\/wp\/v2\/product\/50117\/revisions"}],"wp:featuredmedia":[{"embeddable":true,"href":"https:\/\/aztex.ee\/fi\/wp-json\/wp\/v2\/media\/50242"}],"wp:attachment":[{"href":"https:\/\/aztex.ee\/fi\/wp-json\/wp\/v2\/media?parent=50117"}],"wp:term":[{"taxonomy":"product_brand","embeddable":true,"href":"https:\/\/aztex.ee\/fi\/wp-json\/wp\/v2\/product_brand?post=50117"},{"taxonomy":"product_cat","embeddable":true,"href":"https:\/\/aztex.ee\/fi\/wp-json\/wp\/v2\/product_cat?post=50117"},{"taxonomy":"product_tag","embeddable":true,"href":"https:\/\/aztex.ee\/fi\/wp-json\/wp\/v2\/product_tag?post=50117"}],"curies":[{"name":"wp","href":"https:\/\/api.w.org\/{rel}","templated":true}]}}