{"id":45733,"date":"2025-01-24T10:19:54","date_gmt":"2025-01-24T10:19:54","guid":{"rendered":"https:\/\/aztex.ee\/pood\/Ei-luokiteltu\/vanniratik-80x160-cm\/"},"modified":"2026-04-09T15:47:41","modified_gmt":"2026-04-09T15:47:41","slug":"kylpypyyhe-80x160-cm","status":"publish","type":"product","link":"https:\/\/aztex.ee\/fi\/pood\/pyyhkeet-ja-kylpypyyhkeet\/kylpypyyhe-80x160-cm\/","title":{"rendered":"Kylpypyyhe 80&#215;160 cm"},"content":{"rendered":"<p><strong>Puuvillainen kylpypyyhe 80\u00d7160 cm \u2013 t\u00e4ydellinen tasapaino laadun ja mukavuuden v\u00e4lill\u00e4.<\/strong><\/p>\n<p>Koe todellista ylellisyytt\u00e4 ja jokap\u00e4iv\u00e4ist\u00e4 mukavuutta 100% puuvillaisessa kylpypyyhkeess\u00e4. Laadukkaasta puuvillasta valmistetussa kylpypyyhkeess\u00e4 yhdistyv\u00e4t kest\u00e4vyys, pehmeys ja erinomainen imukyky, tarjoten t\u00e4ydellisen ratkaisun jokaiseen hetkeen \u2013 olipa kyseess\u00e4 sitten arkik\u00e4ytt\u00f6 tai erikoisempien hetkien nauttiminen.<\/p>\n<p><strong>Ensiluokkainen materiaali:<\/strong> Kylpypyyhe on valmistettu 100% puuvillasta, mik\u00e4 varmistaa poikkeuksellisen imukyvyn, samalla kun on hell\u00e4varainen ja ihoyst\u00e4v\u00e4llinen. Puuvillakangas imee kosteutta nopeasti ja tehokkaasti.<\/p>\n<p><strong>Helppohoitoinen, pitk\u00e4kestoinen:<\/strong> Konepest\u00e4v\u00e4 ja kest\u00e4v\u00e4 materiaali varmistaa, ett\u00e4 kylpypyyhe s\u00e4ilytt\u00e4\u00e4 laadun ja ulkon\u00e4\u00f6n my\u00f6s toistuvien pesujen j\u00e4lkeen. Sen pitk\u00e4ik\u00e4isyys ja pehmeys tekev\u00e4t siit\u00e4 luotettavan kumppanin jokap\u00e4iv\u00e4isess\u00e4 el\u00e4m\u00e4ss\u00e4.<\/p>\n<p><strong>T\u00e4ydellinen koko ja mukavuus:<\/strong> Koko 80\u00d7160 cm on ihanteellinen jokap\u00e4iv\u00e4iseen k\u00e4ytt\u00f6\u00f6n kotona, kylpyl\u00e4ss\u00e4 tai vaikka matkoilla, tarjoten mukavuutta kaikissa tilanteissa.<\/p>\n<p><strong>Eleganssia ja tyyli\u00e4:<\/strong> Kylpypyyhkeen yksinkertainen ja ajaton muotoilu sopii jokaiseen kylpyhuoneeseen ja antaa huoneelle l\u00e4mp\u00f6\u00e4 ja eleganssia. Se on yksityiskohta, joka korostaa kotisi sisustusta ja tarjoaa samalla k\u00e4yt\u00e4nn\u00f6llisyytt\u00e4 ja mukavuutta.<\/p>\n<p>Puuvillainen kylpypyyhe on ihanteellinen valinta jokap\u00e4iv\u00e4iseen k\u00e4ytt\u00f6\u00f6n ja lahjaksi. Sen korkean laadun ja tyylin tasapaino tekee siit\u00e4 arvokkaan lis\u00e4yksen jokaiseen kylpyhuoneeseen, koska se on sek\u00e4 k\u00e4yt\u00e4nn\u00f6llinen ett\u00e4 ylellinen.<\/p>\n","protected":false},"excerpt":{"rendered":"<ul>\n<li>Materiaali: 100% puuvillaa<\/li>\n<li>Koko: 80\u00d7160 cm \u00b13<\/li>\n<li>Paino: 750g\/m2<\/li>\n<\/ul>\n","protected":false},"featured_media":44909,"comment_status":"open","ping_status":"closed","template":"","meta":[],"product_brand":[],"product_cat":[1591,1748,477],"product_tag":[],"class_list":{"0":"post-45733","1":"product","2":"type-product","3":"status-publish","4":"has-post-thumbnail","6":"product_cat-kylpypyyhkeet","7":"product_cat-kylpypyyhkeet-80x160-cm","8":"product_cat-pyyhkeet-ja-kylpypyyhkeet","10":"first","11":"instock","12":"shipping-taxable","13":"purchasable","14":"product-type-variable"},"yoast_head":"<!-- This site is optimized with the Yoast SEO plugin v27.4 - https:\/\/yoast.com\/product\/yoast-seo-wordpress\/ -->\n<title>Kylpypyyhe 80x160 cm | 100% puuvillaa - AZTEX<\/title>\n<meta name=\"description\" content=\"100% puuvillainen kylpypyyhe koko 80x160 cm, on hell\u00e4varainen iholle ja luo miellytt\u00e4v\u00e4n tunteen pehme\u00e4ll\u00e4 koostumuksellaan ja luonnollisella ...\" \/>\n<meta name=\"robots\" content=\"index, follow, max-snippet:-1, max-image-preview:large, max-video-preview:-1\" \/>\n<link rel=\"canonical\" href=\"https:\/\/aztex.ee\/fi\/pood\/pyyhkeet-ja-kylpypyyhkeet\/kylpypyyhe-80x160-cm\/\" \/>\n<meta property=\"og:locale\" content=\"fi_FI\" \/>\n<meta property=\"og:type\" content=\"article\" \/>\n<meta property=\"og:title\" content=\"Kylpypyyhe 80x160 cm | 100% puuvillaa - AZTEX\" \/>\n<meta property=\"og:description\" content=\"100% puuvillainen kylpypyyhe koko 80x160 cm, on hell\u00e4varainen iholle ja luo miellytt\u00e4v\u00e4n tunteen pehme\u00e4ll\u00e4 koostumuksellaan ja luonnollisella ...\" \/>\n<meta property=\"og:url\" content=\"https:\/\/aztex.ee\/fi\/pood\/pyyhkeet-ja-kylpypyyhkeet\/kylpypyyhe-80x160-cm\/\" \/>\n<meta property=\"og:site_name\" content=\"AZTEX\" \/>\n<meta property=\"article:publisher\" content=\"https:\/\/www.facebook.com\/AztexEE\" \/>\n<meta property=\"article:modified_time\" content=\"2026-04-09T15:47:41+00:00\" \/>\n<meta property=\"og:image\" content=\"https:\/\/aztex.ee\/wp-content\/uploads\/2025\/01\/Vanniratikud-80x160-cm-1.jpg\" \/>\n\t<meta property=\"og:image:width\" content=\"800\" \/>\n\t<meta property=\"og:image:height\" content=\"800\" \/>\n\t<meta property=\"og:image:type\" content=\"image\/jpeg\" \/>\n<meta name=\"twitter:card\" content=\"summary_large_image\" \/>\n<meta name=\"twitter:label1\" content=\"Arvioitu lukuaika\" \/>\n\t<meta name=\"twitter:data1\" content=\"2 minuuttia\" \/>\n<script type=\"application\/ld+json\" class=\"yoast-schema-graph\">{\"@context\":\"https:\\\/\\\/schema.org\",\"@graph\":[{\"@type\":[\"WebPage\",\"ItemPage\"],\"@id\":\"https:\\\/\\\/aztex.ee\\\/fi\\\/pood\\\/pyyhkeet-ja-kylpypyyhkeet\\\/kylpypyyhe-80x160-cm\\\/\",\"url\":\"https:\\\/\\\/aztex.ee\\\/fi\\\/pood\\\/pyyhkeet-ja-kylpypyyhkeet\\\/kylpypyyhe-80x160-cm\\\/\",\"name\":\"Kylpypyyhe 80x160 cm | 100% puuvillaa - AZTEX\",\"isPartOf\":{\"@id\":\"https:\\\/\\\/aztex.ee\\\/fi\\\/#website\"},\"primaryImageOfPage\":{\"@id\":\"https:\\\/\\\/aztex.ee\\\/fi\\\/pood\\\/pyyhkeet-ja-kylpypyyhkeet\\\/kylpypyyhe-80x160-cm\\\/#primaryimage\"},\"image\":{\"@id\":\"https:\\\/\\\/aztex.ee\\\/fi\\\/pood\\\/pyyhkeet-ja-kylpypyyhkeet\\\/kylpypyyhe-80x160-cm\\\/#primaryimage\"},\"thumbnailUrl\":\"https:\\\/\\\/aztex.ee\\\/wp-content\\\/uploads\\\/2025\\\/01\\\/Vanniratikud-80x160-cm-1.jpg\",\"datePublished\":\"2025-01-24T10:19:54+00:00\",\"dateModified\":\"2026-04-09T15:47:41+00:00\",\"description\":\"100% puuvillainen kylpypyyhe koko 80x160 cm, on hell\u00e4varainen iholle ja luo miellytt\u00e4v\u00e4n tunteen pehme\u00e4ll\u00e4 koostumuksellaan ja luonnollisella ...\",\"breadcrumb\":{\"@id\":\"https:\\\/\\\/aztex.ee\\\/fi\\\/pood\\\/pyyhkeet-ja-kylpypyyhkeet\\\/kylpypyyhe-80x160-cm\\\/#breadcrumb\"},\"inLanguage\":\"fi\",\"potentialAction\":[{\"@type\":\"ReadAction\",\"target\":[\"https:\\\/\\\/aztex.ee\\\/fi\\\/pood\\\/pyyhkeet-ja-kylpypyyhkeet\\\/kylpypyyhe-80x160-cm\\\/\"]}]},{\"@type\":\"ImageObject\",\"inLanguage\":\"fi\",\"@id\":\"https:\\\/\\\/aztex.ee\\\/fi\\\/pood\\\/pyyhkeet-ja-kylpypyyhkeet\\\/kylpypyyhe-80x160-cm\\\/#primaryimage\",\"url\":\"https:\\\/\\\/aztex.ee\\\/wp-content\\\/uploads\\\/2025\\\/01\\\/Vanniratikud-80x160-cm-1.jpg\",\"contentUrl\":\"https:\\\/\\\/aztex.ee\\\/wp-content\\\/uploads\\\/2025\\\/01\\\/Vanniratikud-80x160-cm-1.jpg\",\"width\":800,\"height\":800,\"caption\":\"Vannir\u00e4tikud 80x160 cm\"},{\"@type\":\"BreadcrumbList\",\"@id\":\"https:\\\/\\\/aztex.ee\\\/fi\\\/pood\\\/pyyhkeet-ja-kylpypyyhkeet\\\/kylpypyyhe-80x160-cm\\\/#breadcrumb\",\"itemListElement\":[{\"@type\":\"ListItem\",\"position\":1,\"name\":\"Etusivu\",\"item\":\"https:\\\/\\\/aztex.ee\\\/fi\\\/\"},{\"@type\":\"ListItem\",\"position\":2,\"name\":\"Verkkokauppa\",\"item\":\"https:\\\/\\\/aztex.ee\\\/fi\\\/verkkokauppa\\\/\"},{\"@type\":\"ListItem\",\"position\":3,\"name\":\"Kylpypyyhe 80&#215;160 cm\"}]},{\"@type\":\"WebSite\",\"@id\":\"https:\\\/\\\/aztex.ee\\\/fi\\\/#website\",\"url\":\"https:\\\/\\\/aztex.ee\\\/fi\\\/\",\"name\":\"AZTEX\",\"description\":\"\",\"publisher\":{\"@id\":\"https:\\\/\\\/aztex.ee\\\/fi\\\/#organization\"},\"potentialAction\":[{\"@type\":\"SearchAction\",\"target\":{\"@type\":\"EntryPoint\",\"urlTemplate\":\"https:\\\/\\\/aztex.ee\\\/fi\\\/?s={search_term_string}\"},\"query-input\":{\"@type\":\"PropertyValueSpecification\",\"valueRequired\":true,\"valueName\":\"search_term_string\"}}],\"inLanguage\":\"fi\"},{\"@type\":\"Organization\",\"@id\":\"https:\\\/\\\/aztex.ee\\\/fi\\\/#organization\",\"name\":\"AZTEX\",\"url\":\"https:\\\/\\\/aztex.ee\\\/fi\\\/\",\"logo\":{\"@type\":\"ImageObject\",\"inLanguage\":\"fi\",\"@id\":\"https:\\\/\\\/aztex.ee\\\/fi\\\/#\\\/schema\\\/logo\\\/image\\\/\",\"url\":\"https:\\\/\\\/aztex.ee\\\/wp-content\\\/uploads\\\/2026\\\/01\\\/AZTEX.png\",\"contentUrl\":\"https:\\\/\\\/aztex.ee\\\/wp-content\\\/uploads\\\/2026\\\/01\\\/AZTEX.png\",\"width\":500,\"height\":500,\"caption\":\"AZTEX\"},\"image\":{\"@id\":\"https:\\\/\\\/aztex.ee\\\/fi\\\/#\\\/schema\\\/logo\\\/image\\\/\"},\"sameAs\":[\"https:\\\/\\\/www.facebook.com\\\/AztexEE\",\"https:\\\/\\\/www.instagram.com\\\/aztexeesti\\\/\",\"https:\\\/\\\/www.youtube.com\\\/@AZTEXEE\",\"https:\\\/\\\/www.pinterest.com\\\/aztex_eesti\\\/\",\"https:\\\/\\\/www.tiktok.com\\\/@aztexeesti\",\"https:\\\/\\\/www.trustpilot.com\\\/review\\\/aztex.ee\",\"https:\\\/\\\/www.linkedin.com\\\/company\\\/aztex-ee\\\/\",\"https:\\\/\\\/www.wikidata.org\\\/wiki\\\/Q137560182\"]}]}<\/script>\n<!-- \/ Yoast SEO plugin. -->","yoast_head_json":{"title":"Kylpypyyhe 80x160 cm | 100% puuvillaa - AZTEX","description":"100% puuvillainen kylpypyyhe koko 80x160 cm, on hell\u00e4varainen iholle ja luo miellytt\u00e4v\u00e4n tunteen pehme\u00e4ll\u00e4 koostumuksellaan ja luonnollisella ...","robots":{"index":"index","follow":"follow","max-snippet":"max-snippet:-1","max-image-preview":"max-image-preview:large","max-video-preview":"max-video-preview:-1"},"canonical":"https:\/\/aztex.ee\/fi\/pood\/pyyhkeet-ja-kylpypyyhkeet\/kylpypyyhe-80x160-cm\/","og_locale":"fi_FI","og_type":"article","og_title":"Kylpypyyhe 80x160 cm | 100% puuvillaa - AZTEX","og_description":"100% puuvillainen kylpypyyhe koko 80x160 cm, on hell\u00e4varainen iholle ja luo miellytt\u00e4v\u00e4n tunteen pehme\u00e4ll\u00e4 koostumuksellaan ja luonnollisella ...","og_url":"https:\/\/aztex.ee\/fi\/pood\/pyyhkeet-ja-kylpypyyhkeet\/kylpypyyhe-80x160-cm\/","og_site_name":"AZTEX","article_publisher":"https:\/\/www.facebook.com\/AztexEE","article_modified_time":"2026-04-09T15:47:41+00:00","og_image":[{"width":800,"height":800,"url":"https:\/\/aztex.ee\/wp-content\/uploads\/2025\/01\/Vanniratikud-80x160-cm-1.jpg","type":"image\/jpeg"}],"twitter_card":"summary_large_image","twitter_misc":{"Arvioitu lukuaika":"2 minuuttia"},"schema":{"@context":"https:\/\/schema.org","@graph":[{"@type":["WebPage","ItemPage"],"@id":"https:\/\/aztex.ee\/fi\/pood\/pyyhkeet-ja-kylpypyyhkeet\/kylpypyyhe-80x160-cm\/","url":"https:\/\/aztex.ee\/fi\/pood\/pyyhkeet-ja-kylpypyyhkeet\/kylpypyyhe-80x160-cm\/","name":"Kylpypyyhe 80x160 cm | 100% puuvillaa - AZTEX","isPartOf":{"@id":"https:\/\/aztex.ee\/fi\/#website"},"primaryImageOfPage":{"@id":"https:\/\/aztex.ee\/fi\/pood\/pyyhkeet-ja-kylpypyyhkeet\/kylpypyyhe-80x160-cm\/#primaryimage"},"image":{"@id":"https:\/\/aztex.ee\/fi\/pood\/pyyhkeet-ja-kylpypyyhkeet\/kylpypyyhe-80x160-cm\/#primaryimage"},"thumbnailUrl":"https:\/\/aztex.ee\/wp-content\/uploads\/2025\/01\/Vanniratikud-80x160-cm-1.jpg","datePublished":"2025-01-24T10:19:54+00:00","dateModified":"2026-04-09T15:47:41+00:00","description":"100% puuvillainen kylpypyyhe koko 80x160 cm, on hell\u00e4varainen iholle ja luo miellytt\u00e4v\u00e4n tunteen pehme\u00e4ll\u00e4 koostumuksellaan ja luonnollisella ...","breadcrumb":{"@id":"https:\/\/aztex.ee\/fi\/pood\/pyyhkeet-ja-kylpypyyhkeet\/kylpypyyhe-80x160-cm\/#breadcrumb"},"inLanguage":"fi","potentialAction":[{"@type":"ReadAction","target":["https:\/\/aztex.ee\/fi\/pood\/pyyhkeet-ja-kylpypyyhkeet\/kylpypyyhe-80x160-cm\/"]}]},{"@type":"ImageObject","inLanguage":"fi","@id":"https:\/\/aztex.ee\/fi\/pood\/pyyhkeet-ja-kylpypyyhkeet\/kylpypyyhe-80x160-cm\/#primaryimage","url":"https:\/\/aztex.ee\/wp-content\/uploads\/2025\/01\/Vanniratikud-80x160-cm-1.jpg","contentUrl":"https:\/\/aztex.ee\/wp-content\/uploads\/2025\/01\/Vanniratikud-80x160-cm-1.jpg","width":800,"height":800,"caption":"Vannir\u00e4tikud 80x160 cm"},{"@type":"BreadcrumbList","@id":"https:\/\/aztex.ee\/fi\/pood\/pyyhkeet-ja-kylpypyyhkeet\/kylpypyyhe-80x160-cm\/#breadcrumb","itemListElement":[{"@type":"ListItem","position":1,"name":"Etusivu","item":"https:\/\/aztex.ee\/fi\/"},{"@type":"ListItem","position":2,"name":"Verkkokauppa","item":"https:\/\/aztex.ee\/fi\/verkkokauppa\/"},{"@type":"ListItem","position":3,"name":"Kylpypyyhe 80&#215;160 cm"}]},{"@type":"WebSite","@id":"https:\/\/aztex.ee\/fi\/#website","url":"https:\/\/aztex.ee\/fi\/","name":"AZTEX","description":"","publisher":{"@id":"https:\/\/aztex.ee\/fi\/#organization"},"potentialAction":[{"@type":"SearchAction","target":{"@type":"EntryPoint","urlTemplate":"https:\/\/aztex.ee\/fi\/?s={search_term_string}"},"query-input":{"@type":"PropertyValueSpecification","valueRequired":true,"valueName":"search_term_string"}}],"inLanguage":"fi"},{"@type":"Organization","@id":"https:\/\/aztex.ee\/fi\/#organization","name":"AZTEX","url":"https:\/\/aztex.ee\/fi\/","logo":{"@type":"ImageObject","inLanguage":"fi","@id":"https:\/\/aztex.ee\/fi\/#\/schema\/logo\/image\/","url":"https:\/\/aztex.ee\/wp-content\/uploads\/2026\/01\/AZTEX.png","contentUrl":"https:\/\/aztex.ee\/wp-content\/uploads\/2026\/01\/AZTEX.png","width":500,"height":500,"caption":"AZTEX"},"image":{"@id":"https:\/\/aztex.ee\/fi\/#\/schema\/logo\/image\/"},"sameAs":["https:\/\/www.facebook.com\/AztexEE","https:\/\/www.instagram.com\/aztexeesti\/","https:\/\/www.youtube.com\/@AZTEXEE","https:\/\/www.pinterest.com\/aztex_eesti\/","https:\/\/www.tiktok.com\/@aztexeesti","https:\/\/www.trustpilot.com\/review\/aztex.ee","https:\/\/www.linkedin.com\/company\/aztex-ee\/","https:\/\/www.wikidata.org\/wiki\/Q137560182"]}]}},"_links":{"self":[{"href":"https:\/\/aztex.ee\/fi\/wp-json\/wp\/v2\/product\/45733","targetHints":{"allow":["GET"]}}],"collection":[{"href":"https:\/\/aztex.ee\/fi\/wp-json\/wp\/v2\/product"}],"about":[{"href":"https:\/\/aztex.ee\/fi\/wp-json\/wp\/v2\/types\/product"}],"replies":[{"embeddable":true,"href":"https:\/\/aztex.ee\/fi\/wp-json\/wp\/v2\/comments?post=45733"}],"version-history":[{"count":0,"href":"https:\/\/aztex.ee\/fi\/wp-json\/wp\/v2\/product\/45733\/revisions"}],"wp:featuredmedia":[{"embeddable":true,"href":"https:\/\/aztex.ee\/fi\/wp-json\/wp\/v2\/media\/44909"}],"wp:attachment":[{"href":"https:\/\/aztex.ee\/fi\/wp-json\/wp\/v2\/media?parent=45733"}],"wp:term":[{"taxonomy":"product_brand","embeddable":true,"href":"https:\/\/aztex.ee\/fi\/wp-json\/wp\/v2\/product_brand?post=45733"},{"taxonomy":"product_cat","embeddable":true,"href":"https:\/\/aztex.ee\/fi\/wp-json\/wp\/v2\/product_cat?post=45733"},{"taxonomy":"product_tag","embeddable":true,"href":"https:\/\/aztex.ee\/fi\/wp-json\/wp\/v2\/product_tag?post=45733"}],"curies":[{"name":"wp","href":"https:\/\/api.w.org\/{rel}","templated":true}]}}