{"id":42676,"date":"2025-01-13T10:15:39","date_gmt":"2025-01-13T10:15:39","guid":{"rendered":"https:\/\/aztex.ee\/?post_type=product&#038;p=42676"},"modified":"2026-03-22T17:46:19","modified_gmt":"2026-03-22T17:46:19","slug":"bambu-pyyhesarja-6-kpl","status":"publish","type":"product","link":"https:\/\/aztex.ee\/fi\/pood\/pyyhkeet-ja-kylpypyyhkeet\/bambu-pyyhesarja-6-kpl\/","title":{"rendered":"Bambu pyyhesarja 6 kpl"},"content":{"rendered":"<p>Bambu pyyhe setti, joka sis\u00e4lt\u00e4\u00e4 6 pyyhett\u00e4 kooltaan 35\u00d775 cm, on loistava valinta jokap\u00e4iv\u00e4iseen k\u00e4ytt\u00f6\u00f6n tai lahjaksi. N\u00e4m\u00e4 pyyhkeet on valmistettu bambukuidusta, joka tunnetaan poikkeuksellisesta pehmeydest\u00e4 ja ihoyst\u00e4v\u00e4llisyydest\u00e4\u00e4n. Luonnollisten hypoallergeenisten ja antibakteeristen ominaisuuksiensa ansiosta ne sopivat herkimm\u00e4llekin iholle, mukaan lukien vauvoille ja taaperoille, tarjoten hell\u00e4varaista hoitoa ja mukavuutta.<\/p>\n<p>Bambu pyyhkeiden kosteuden imukyky on vaikuttava &#8211; ne voivat ime\u00e4 useita kertoja enemm\u00e4n vett\u00e4 kuin perinteiset puuvillapyyhkeet. Lis\u00e4ksi ne kuivuvat nopeammin, mik\u00e4 auttaa pit\u00e4m\u00e4\u00e4n ne tuoreina ja miellytt\u00e4vin\u00e4 my\u00f6s p\u00e4ivitt\u00e4isess\u00e4 k\u00e4yt\u00f6ss\u00e4. Pyyhkeiden keveys ja tehokkuus tekev\u00e4t niist\u00e4 loistavan valinnan niin kotona kuin matkoillakin.<\/p>\n<p>Helppohoitoinen &#8211; ne voidaan pest\u00e4 pesukoneessa alhaisissa l\u00e4mp\u00f6tiloissa, ja pyyhkeet s\u00e4ilytt\u00e4v\u00e4t pehmeyden ja miellytt\u00e4v\u00e4n ulkon\u00e4\u00f6n my\u00f6s toistuvan pesun j\u00e4lkeen. Niiden monipuolinen muotoilu sopii useisiin kylpyhuonetyyleihin, olipa kyseess\u00e4 sitten klassinen yksiv\u00e4rinen ratkaisu tai moderni v\u00e4rimaailma, joka lis\u00e4\u00e4 persoonallisuutta ja visuaalista vetovoimaa.<\/p>\n<p>T\u00e4m\u00e4 sarja tarjoaa t\u00e4ydellisen yhdistelm\u00e4n laatua ja k\u00e4ytt\u00e4j\u00e4yst\u00e4v\u00e4llisyytt\u00e4, samalla kun se on kest\u00e4v\u00e4 ja esteettinen. Bambu pyyhkeet eiv\u00e4t ole vain k\u00e4yt\u00e4nn\u00f6llisi\u00e4, vaan my\u00f6s miellytt\u00e4vi\u00e4 k\u00e4ytt\u00e4\u00e4, mik\u00e4 tekee p\u00e4ivitt\u00e4isist\u00e4 rutiineista nautittavampia. Ne on suunniteltu ihmisille, jotka arvostavat sek\u00e4 toimivuutta ett\u00e4 tyyli\u00e4.<\/p>\n","protected":false},"excerpt":{"rendered":"<ul>\n<li>Materiaali: 100% bambu<\/li>\n<li>Koko: 35\u00d775 cm \u00b13<\/li>\n<li>Paino: 420g\/m2<\/li>\n<li>Setti sis\u00e4lt\u00e4\u00e4: 6 kpl<\/li>\n<\/ul>\n","protected":false},"featured_media":42830,"comment_status":"open","ping_status":"closed","template":"","meta":[],"product_brand":[],"product_cat":[1616,1660,981,1565,1730,772,477],"product_tag":[],"class_list":{"0":"post-42676","1":"product","2":"type-product","3":"status-publish","4":"has-post-thumbnail","6":"product_cat-bambu-kasipyyhkeet","7":"product_cat-bambu-pyyhe-sarjat","8":"product_cat-bambu-pyyhkeet","9":"product_cat-pyyhesarjat","10":"product_cat-pyyhkeet","11":"product_cat-pyyhkeet-35x75-cm","12":"product_cat-pyyhkeet-ja-kylpypyyhkeet","14":"first","15":"instock","16":"shipping-taxable","17":"purchasable","18":"product-type-variable"},"yoast_head":"<!-- This site is optimized with the Yoast SEO plugin v27.4 - https:\/\/yoast.com\/product\/yoast-seo-wordpress\/ -->\n<title>Bambu pyyhesarja 6 kpl | AZTEX<\/title>\n<meta name=\"description\" content=\"6-osainen bambu pyyhe setti on pehme\u00e4, kest\u00e4v\u00e4, k\u00e4yt\u00e4nn\u00f6llinen ja tyylik\u00e4s ja sopii jokap\u00e4iv\u00e4iseen k\u00e4sien, kasvojen ja vartalon kuivaukseen.\" \/>\n<meta name=\"robots\" content=\"index, follow, max-snippet:-1, max-image-preview:large, max-video-preview:-1\" \/>\n<link rel=\"canonical\" href=\"https:\/\/aztex.ee\/fi\/pood\/pyyhkeet-ja-kylpypyyhkeet\/bambu-pyyhesarja-6-kpl\/\" \/>\n<meta property=\"og:locale\" content=\"fi_FI\" \/>\n<meta property=\"og:type\" content=\"article\" \/>\n<meta property=\"og:title\" content=\"Bambu pyyhesarja 6 kpl | AZTEX\" \/>\n<meta property=\"og:description\" content=\"6-osainen bambu pyyhe setti on pehme\u00e4, kest\u00e4v\u00e4, k\u00e4yt\u00e4nn\u00f6llinen ja tyylik\u00e4s ja sopii jokap\u00e4iv\u00e4iseen k\u00e4sien, kasvojen ja vartalon kuivaukseen.\" \/>\n<meta property=\"og:url\" content=\"https:\/\/aztex.ee\/fi\/pood\/pyyhkeet-ja-kylpypyyhkeet\/bambu-pyyhesarja-6-kpl\/\" \/>\n<meta property=\"og:site_name\" content=\"AZTEX\" \/>\n<meta property=\"article:publisher\" content=\"https:\/\/www.facebook.com\/AztexEE\" \/>\n<meta property=\"article:modified_time\" content=\"2026-03-22T17:46:19+00:00\" \/>\n<meta property=\"og:image\" content=\"https:\/\/aztex.ee\/wp-content\/uploads\/2025\/01\/Bambusest-kateratikute-komplekt.jpg\" \/>\n\t<meta property=\"og:image:width\" content=\"800\" \/>\n\t<meta property=\"og:image:height\" content=\"800\" \/>\n\t<meta property=\"og:image:type\" content=\"image\/jpeg\" \/>\n<meta name=\"twitter:card\" content=\"summary_large_image\" \/>\n<meta name=\"twitter:label1\" content=\"Arvioitu lukuaika\" \/>\n\t<meta name=\"twitter:data1\" content=\"2 minuuttia\" \/>\n<script type=\"application\/ld+json\" class=\"yoast-schema-graph\">{\"@context\":\"https:\\\/\\\/schema.org\",\"@graph\":[{\"@type\":[\"WebPage\",\"ItemPage\"],\"@id\":\"https:\\\/\\\/aztex.ee\\\/fi\\\/pood\\\/pyyhkeet-ja-kylpypyyhkeet\\\/bambu-pyyhesarja-6-kpl\\\/\",\"url\":\"https:\\\/\\\/aztex.ee\\\/fi\\\/pood\\\/pyyhkeet-ja-kylpypyyhkeet\\\/bambu-pyyhesarja-6-kpl\\\/\",\"name\":\"Bambu pyyhesarja 6 kpl | AZTEX\",\"isPartOf\":{\"@id\":\"https:\\\/\\\/aztex.ee\\\/fi\\\/#website\"},\"primaryImageOfPage\":{\"@id\":\"https:\\\/\\\/aztex.ee\\\/fi\\\/pood\\\/pyyhkeet-ja-kylpypyyhkeet\\\/bambu-pyyhesarja-6-kpl\\\/#primaryimage\"},\"image\":{\"@id\":\"https:\\\/\\\/aztex.ee\\\/fi\\\/pood\\\/pyyhkeet-ja-kylpypyyhkeet\\\/bambu-pyyhesarja-6-kpl\\\/#primaryimage\"},\"thumbnailUrl\":\"https:\\\/\\\/aztex.ee\\\/wp-content\\\/uploads\\\/2025\\\/01\\\/Bambusest-kateratikute-komplekt.jpg\",\"datePublished\":\"2025-01-13T10:15:39+00:00\",\"dateModified\":\"2026-03-22T17:46:19+00:00\",\"description\":\"6-osainen bambu pyyhe setti on pehme\u00e4, kest\u00e4v\u00e4, k\u00e4yt\u00e4nn\u00f6llinen ja tyylik\u00e4s ja sopii jokap\u00e4iv\u00e4iseen k\u00e4sien, kasvojen ja vartalon kuivaukseen.\",\"breadcrumb\":{\"@id\":\"https:\\\/\\\/aztex.ee\\\/fi\\\/pood\\\/pyyhkeet-ja-kylpypyyhkeet\\\/bambu-pyyhesarja-6-kpl\\\/#breadcrumb\"},\"inLanguage\":\"fi\",\"potentialAction\":[{\"@type\":\"ReadAction\",\"target\":[\"https:\\\/\\\/aztex.ee\\\/fi\\\/pood\\\/pyyhkeet-ja-kylpypyyhkeet\\\/bambu-pyyhesarja-6-kpl\\\/\"]}]},{\"@type\":\"ImageObject\",\"inLanguage\":\"fi\",\"@id\":\"https:\\\/\\\/aztex.ee\\\/fi\\\/pood\\\/pyyhkeet-ja-kylpypyyhkeet\\\/bambu-pyyhesarja-6-kpl\\\/#primaryimage\",\"url\":\"https:\\\/\\\/aztex.ee\\\/wp-content\\\/uploads\\\/2025\\\/01\\\/Bambusest-kateratikute-komplekt.jpg\",\"contentUrl\":\"https:\\\/\\\/aztex.ee\\\/wp-content\\\/uploads\\\/2025\\\/01\\\/Bambusest-kateratikute-komplekt.jpg\",\"width\":800,\"height\":800,\"caption\":\"Bambusest k\u00e4ter\u00e4tikute komplekt 6 tk\"},{\"@type\":\"BreadcrumbList\",\"@id\":\"https:\\\/\\\/aztex.ee\\\/fi\\\/pood\\\/pyyhkeet-ja-kylpypyyhkeet\\\/bambu-pyyhesarja-6-kpl\\\/#breadcrumb\",\"itemListElement\":[{\"@type\":\"ListItem\",\"position\":1,\"name\":\"Etusivu\",\"item\":\"https:\\\/\\\/aztex.ee\\\/fi\\\/\"},{\"@type\":\"ListItem\",\"position\":2,\"name\":\"Verkkokauppa\",\"item\":\"https:\\\/\\\/aztex.ee\\\/fi\\\/verkkokauppa\\\/\"},{\"@type\":\"ListItem\",\"position\":3,\"name\":\"Bambu pyyhesarja 6 kpl\"}]},{\"@type\":\"WebSite\",\"@id\":\"https:\\\/\\\/aztex.ee\\\/fi\\\/#website\",\"url\":\"https:\\\/\\\/aztex.ee\\\/fi\\\/\",\"name\":\"AZTEX\",\"description\":\"\",\"publisher\":{\"@id\":\"https:\\\/\\\/aztex.ee\\\/fi\\\/#organization\"},\"potentialAction\":[{\"@type\":\"SearchAction\",\"target\":{\"@type\":\"EntryPoint\",\"urlTemplate\":\"https:\\\/\\\/aztex.ee\\\/fi\\\/?s={search_term_string}\"},\"query-input\":{\"@type\":\"PropertyValueSpecification\",\"valueRequired\":true,\"valueName\":\"search_term_string\"}}],\"inLanguage\":\"fi\"},{\"@type\":\"Organization\",\"@id\":\"https:\\\/\\\/aztex.ee\\\/fi\\\/#organization\",\"name\":\"AZTEX\",\"url\":\"https:\\\/\\\/aztex.ee\\\/fi\\\/\",\"logo\":{\"@type\":\"ImageObject\",\"inLanguage\":\"fi\",\"@id\":\"https:\\\/\\\/aztex.ee\\\/fi\\\/#\\\/schema\\\/logo\\\/image\\\/\",\"url\":\"https:\\\/\\\/aztex.ee\\\/wp-content\\\/uploads\\\/2026\\\/01\\\/AZTEX.png\",\"contentUrl\":\"https:\\\/\\\/aztex.ee\\\/wp-content\\\/uploads\\\/2026\\\/01\\\/AZTEX.png\",\"width\":500,\"height\":500,\"caption\":\"AZTEX\"},\"image\":{\"@id\":\"https:\\\/\\\/aztex.ee\\\/fi\\\/#\\\/schema\\\/logo\\\/image\\\/\"},\"sameAs\":[\"https:\\\/\\\/www.facebook.com\\\/AztexEE\",\"https:\\\/\\\/www.instagram.com\\\/aztexeesti\\\/\",\"https:\\\/\\\/www.youtube.com\\\/@AZTEXEE\",\"https:\\\/\\\/www.pinterest.com\\\/aztex_eesti\\\/\",\"https:\\\/\\\/www.tiktok.com\\\/@aztexeesti\",\"https:\\\/\\\/www.trustpilot.com\\\/review\\\/aztex.ee\",\"https:\\\/\\\/www.linkedin.com\\\/company\\\/aztex-ee\\\/\",\"https:\\\/\\\/www.wikidata.org\\\/wiki\\\/Q137560182\"]}]}<\/script>\n<!-- \/ Yoast SEO plugin. -->","yoast_head_json":{"title":"Bambu pyyhesarja 6 kpl | AZTEX","description":"6-osainen bambu pyyhe setti on pehme\u00e4, kest\u00e4v\u00e4, k\u00e4yt\u00e4nn\u00f6llinen ja tyylik\u00e4s ja sopii jokap\u00e4iv\u00e4iseen k\u00e4sien, kasvojen ja vartalon kuivaukseen.","robots":{"index":"index","follow":"follow","max-snippet":"max-snippet:-1","max-image-preview":"max-image-preview:large","max-video-preview":"max-video-preview:-1"},"canonical":"https:\/\/aztex.ee\/fi\/pood\/pyyhkeet-ja-kylpypyyhkeet\/bambu-pyyhesarja-6-kpl\/","og_locale":"fi_FI","og_type":"article","og_title":"Bambu pyyhesarja 6 kpl | AZTEX","og_description":"6-osainen bambu pyyhe setti on pehme\u00e4, kest\u00e4v\u00e4, k\u00e4yt\u00e4nn\u00f6llinen ja tyylik\u00e4s ja sopii jokap\u00e4iv\u00e4iseen k\u00e4sien, kasvojen ja vartalon kuivaukseen.","og_url":"https:\/\/aztex.ee\/fi\/pood\/pyyhkeet-ja-kylpypyyhkeet\/bambu-pyyhesarja-6-kpl\/","og_site_name":"AZTEX","article_publisher":"https:\/\/www.facebook.com\/AztexEE","article_modified_time":"2026-03-22T17:46:19+00:00","og_image":[{"width":800,"height":800,"url":"https:\/\/aztex.ee\/wp-content\/uploads\/2025\/01\/Bambusest-kateratikute-komplekt.jpg","type":"image\/jpeg"}],"twitter_card":"summary_large_image","twitter_misc":{"Arvioitu lukuaika":"2 minuuttia"},"schema":{"@context":"https:\/\/schema.org","@graph":[{"@type":["WebPage","ItemPage"],"@id":"https:\/\/aztex.ee\/fi\/pood\/pyyhkeet-ja-kylpypyyhkeet\/bambu-pyyhesarja-6-kpl\/","url":"https:\/\/aztex.ee\/fi\/pood\/pyyhkeet-ja-kylpypyyhkeet\/bambu-pyyhesarja-6-kpl\/","name":"Bambu pyyhesarja 6 kpl | AZTEX","isPartOf":{"@id":"https:\/\/aztex.ee\/fi\/#website"},"primaryImageOfPage":{"@id":"https:\/\/aztex.ee\/fi\/pood\/pyyhkeet-ja-kylpypyyhkeet\/bambu-pyyhesarja-6-kpl\/#primaryimage"},"image":{"@id":"https:\/\/aztex.ee\/fi\/pood\/pyyhkeet-ja-kylpypyyhkeet\/bambu-pyyhesarja-6-kpl\/#primaryimage"},"thumbnailUrl":"https:\/\/aztex.ee\/wp-content\/uploads\/2025\/01\/Bambusest-kateratikute-komplekt.jpg","datePublished":"2025-01-13T10:15:39+00:00","dateModified":"2026-03-22T17:46:19+00:00","description":"6-osainen bambu pyyhe setti on pehme\u00e4, kest\u00e4v\u00e4, k\u00e4yt\u00e4nn\u00f6llinen ja tyylik\u00e4s ja sopii jokap\u00e4iv\u00e4iseen k\u00e4sien, kasvojen ja vartalon kuivaukseen.","breadcrumb":{"@id":"https:\/\/aztex.ee\/fi\/pood\/pyyhkeet-ja-kylpypyyhkeet\/bambu-pyyhesarja-6-kpl\/#breadcrumb"},"inLanguage":"fi","potentialAction":[{"@type":"ReadAction","target":["https:\/\/aztex.ee\/fi\/pood\/pyyhkeet-ja-kylpypyyhkeet\/bambu-pyyhesarja-6-kpl\/"]}]},{"@type":"ImageObject","inLanguage":"fi","@id":"https:\/\/aztex.ee\/fi\/pood\/pyyhkeet-ja-kylpypyyhkeet\/bambu-pyyhesarja-6-kpl\/#primaryimage","url":"https:\/\/aztex.ee\/wp-content\/uploads\/2025\/01\/Bambusest-kateratikute-komplekt.jpg","contentUrl":"https:\/\/aztex.ee\/wp-content\/uploads\/2025\/01\/Bambusest-kateratikute-komplekt.jpg","width":800,"height":800,"caption":"Bambusest k\u00e4ter\u00e4tikute komplekt 6 tk"},{"@type":"BreadcrumbList","@id":"https:\/\/aztex.ee\/fi\/pood\/pyyhkeet-ja-kylpypyyhkeet\/bambu-pyyhesarja-6-kpl\/#breadcrumb","itemListElement":[{"@type":"ListItem","position":1,"name":"Etusivu","item":"https:\/\/aztex.ee\/fi\/"},{"@type":"ListItem","position":2,"name":"Verkkokauppa","item":"https:\/\/aztex.ee\/fi\/verkkokauppa\/"},{"@type":"ListItem","position":3,"name":"Bambu pyyhesarja 6 kpl"}]},{"@type":"WebSite","@id":"https:\/\/aztex.ee\/fi\/#website","url":"https:\/\/aztex.ee\/fi\/","name":"AZTEX","description":"","publisher":{"@id":"https:\/\/aztex.ee\/fi\/#organization"},"potentialAction":[{"@type":"SearchAction","target":{"@type":"EntryPoint","urlTemplate":"https:\/\/aztex.ee\/fi\/?s={search_term_string}"},"query-input":{"@type":"PropertyValueSpecification","valueRequired":true,"valueName":"search_term_string"}}],"inLanguage":"fi"},{"@type":"Organization","@id":"https:\/\/aztex.ee\/fi\/#organization","name":"AZTEX","url":"https:\/\/aztex.ee\/fi\/","logo":{"@type":"ImageObject","inLanguage":"fi","@id":"https:\/\/aztex.ee\/fi\/#\/schema\/logo\/image\/","url":"https:\/\/aztex.ee\/wp-content\/uploads\/2026\/01\/AZTEX.png","contentUrl":"https:\/\/aztex.ee\/wp-content\/uploads\/2026\/01\/AZTEX.png","width":500,"height":500,"caption":"AZTEX"},"image":{"@id":"https:\/\/aztex.ee\/fi\/#\/schema\/logo\/image\/"},"sameAs":["https:\/\/www.facebook.com\/AztexEE","https:\/\/www.instagram.com\/aztexeesti\/","https:\/\/www.youtube.com\/@AZTEXEE","https:\/\/www.pinterest.com\/aztex_eesti\/","https:\/\/www.tiktok.com\/@aztexeesti","https:\/\/www.trustpilot.com\/review\/aztex.ee","https:\/\/www.linkedin.com\/company\/aztex-ee\/","https:\/\/www.wikidata.org\/wiki\/Q137560182"]}]}},"_links":{"self":[{"href":"https:\/\/aztex.ee\/fi\/wp-json\/wp\/v2\/product\/42676","targetHints":{"allow":["GET"]}}],"collection":[{"href":"https:\/\/aztex.ee\/fi\/wp-json\/wp\/v2\/product"}],"about":[{"href":"https:\/\/aztex.ee\/fi\/wp-json\/wp\/v2\/types\/product"}],"replies":[{"embeddable":true,"href":"https:\/\/aztex.ee\/fi\/wp-json\/wp\/v2\/comments?post=42676"}],"version-history":[{"count":0,"href":"https:\/\/aztex.ee\/fi\/wp-json\/wp\/v2\/product\/42676\/revisions"}],"wp:featuredmedia":[{"embeddable":true,"href":"https:\/\/aztex.ee\/fi\/wp-json\/wp\/v2\/media\/42830"}],"wp:attachment":[{"href":"https:\/\/aztex.ee\/fi\/wp-json\/wp\/v2\/media?parent=42676"}],"wp:term":[{"taxonomy":"product_brand","embeddable":true,"href":"https:\/\/aztex.ee\/fi\/wp-json\/wp\/v2\/product_brand?post=42676"},{"taxonomy":"product_cat","embeddable":true,"href":"https:\/\/aztex.ee\/fi\/wp-json\/wp\/v2\/product_cat?post=42676"},{"taxonomy":"product_tag","embeddable":true,"href":"https:\/\/aztex.ee\/fi\/wp-json\/wp\/v2\/product_tag?post=42676"}],"curies":[{"name":"wp","href":"https:\/\/api.w.org\/{rel}","templated":true}]}}