{"id":40737,"date":"2024-12-29T01:34:10","date_gmt":"2024-12-29T01:34:10","guid":{"rendered":"https:\/\/aztex.ee\/?post_type=product&#038;p=40737"},"modified":"2026-03-28T22:10:21","modified_gmt":"2026-03-28T22:10:21","slug":"luonnollinen-bambupyyhe","status":"publish","type":"product","link":"https:\/\/aztex.ee\/fi\/pood\/pyyhkeet-ja-kylpypyyhkeet\/luonnollinen-bambupyyhe\/","title":{"rendered":"Bambu pyyhe"},"content":{"rendered":"<p>Bambu pyyhe on paras valinta, jossa yhdistyy luonnollinen kauneus ja k\u00e4yt\u00e4nn\u00f6llisyys tarjoten sinulle ylellist\u00e4 pehmeytt\u00e4 ja ajatonta eleganssia. T\u00e4m\u00e4 100 % bambukuidusta valmistettu pyyhe on suunniteltu tarjoamaan poikkeuksellinen k\u00e4ytt\u00f6kokemus, koska se on sek\u00e4 kest\u00e4v\u00e4 ett\u00e4 eritt\u00e4in hell\u00e4varainen iholle. Bambukuitujen ainutlaatuiset ominaisuudet, kuten erinomainen imukyky ja nopea kuivuminen, tekev\u00e4t siit\u00e4 ihanteellisen kumppanin niin jokap\u00e4iv\u00e4iseen k\u00e4ytt\u00f6\u00f6n kuin erityisiin hetkiin, kun tarvitset jotain muutakin kuin pyyhkeen.<\/p>\n<p>Bambun luonnolliset antibakteeriset ja hypoallergeeniset ominaisuudet tekev\u00e4t siit\u00e4 erinomaisen valinnan herkk\u00e4ihoisille. T\u00e4m\u00e4 pyyhe ei ole vain k\u00e4yt\u00e4nn\u00f6llinen, vaan my\u00f6s terveysyst\u00e4v\u00e4llinen ratkaisu, joka auttaa pit\u00e4m\u00e4\u00e4n ihosi puhtaana ja raikkaana. Olipa sinulla kuiva tai herkk\u00e4 iho, bambupyyhe tarjoaa tarvitsemaasi hoitoa ja samalla pehmeytt\u00e4 ja mukavuutta.<\/p>\n<p>Helppok\u00e4ytt\u00f6isyytens\u00e4 lis\u00e4ksi bambu pyyhe erottuu my\u00f6s kest\u00e4vyydest\u00e4\u00e4n ja helppohoitoisuudestaan. Bambukuidut ovat tunnettuja kest\u00e4vyydest\u00e4\u00e4n, mik\u00e4 tarkoittaa, ett\u00e4 pyyhe pysyy hyv\u00e4ss\u00e4 kunnossa pitk\u00e4\u00e4n, jopa toistuvassa pesussa. My\u00f6s ymp\u00e4rist\u00f6yst\u00e4v\u00e4llisyys on merkitt\u00e4v\u00e4\u00e4 &#8211; bambu on kest\u00e4v\u00e4 materiaali, jota kasvatetaan ilman haitallisia kemikaaleja.<\/p>\n<p>Bambu pyyhe ei ole vain k\u00e4yt\u00e4nn\u00f6llinen esine, vaan my\u00f6s tyylik\u00e4s lis\u00e4 kotisi sisustukseen. Sen minimalistinen ja tyylik\u00e4s muotoilu t\u00e4ydent\u00e4\u00e4 kylpyhuonettasi tuoden huoneeseen kodikkaan ja ylellisen tunnelman. Pehme\u00e4 rakenne ja luonnolliset v\u00e4rit luovat harmoniaa ja mukavuutta, mik\u00e4 tekee jokaisesta p\u00e4iv\u00e4st\u00e4 erityisen.<\/p>\n<p>Jos etsit pyyhett\u00e4, jossa yhdistyv\u00e4t pehmeys, kest\u00e4vyys ja ymp\u00e4rist\u00f6yst\u00e4v\u00e4llisyys, niin bambupyyhe on t\u00e4ydellinen valinta. Pid\u00e4 huolta ihostasi, kodistasi ja luonnostasi sek\u00e4 lis\u00e4\u00e4 arvoa ja huolenpitoa jokap\u00e4iv\u00e4iseen el\u00e4m\u00e4\u00e4si.<\/p>\n","protected":false},"excerpt":{"rendered":"<ul>\n<li>Materiaali: 100% bambu<\/li>\n<li>Koko: 35\u00d775 cm \u00b13<\/li>\n<li>Paino: 420g\/m2<\/li>\n<\/ul>\n","protected":false},"featured_media":40896,"comment_status":"open","ping_status":"closed","template":"","meta":[],"product_brand":[],"product_cat":[1616,981,1730,772,477],"product_tag":[],"class_list":{"0":"post-40737","1":"product","2":"type-product","3":"status-publish","4":"has-post-thumbnail","6":"product_cat-bambu-kasipyyhkeet","7":"product_cat-bambu-pyyhkeet","8":"product_cat-pyyhkeet","9":"product_cat-pyyhkeet-35x75-cm","10":"product_cat-pyyhkeet-ja-kylpypyyhkeet","12":"first","13":"instock","14":"shipping-taxable","15":"purchasable","16":"product-type-variable"},"yoast_head":"<!-- This site is optimized with the Yoast SEO plugin v27.3 - https:\/\/yoast.com\/product\/yoast-seo-wordpress\/ -->\n<title>Bambu pyyhe | AZTEX<\/title>\n<meta name=\"description\" content=\"Bambu pyyhkeet ovat pehmeit\u00e4 ja ihanteellisia jokap\u00e4iv\u00e4iseen k\u00e4ytt\u00f6\u00f6n. Niiden nopeasti kuivuvat ominaisuudet tekev\u00e4t niist\u00e4 k\u00e4yt\u00e4nn\u00f6llisen valinnan.\" \/>\n<meta name=\"robots\" content=\"index, follow, max-snippet:-1, max-image-preview:large, max-video-preview:-1\" \/>\n<link rel=\"canonical\" href=\"https:\/\/aztex.ee\/fi\/pood\/pyyhkeet-ja-kylpypyyhkeet\/luonnollinen-bambupyyhe\/\" \/>\n<meta property=\"og:locale\" content=\"fi_FI\" \/>\n<meta property=\"og:type\" content=\"article\" \/>\n<meta property=\"og:title\" content=\"Bambu pyyhe | AZTEX\" \/>\n<meta property=\"og:description\" content=\"Bambu pyyhkeet ovat pehmeit\u00e4 ja ihanteellisia jokap\u00e4iv\u00e4iseen k\u00e4ytt\u00f6\u00f6n. Niiden nopeasti kuivuvat ominaisuudet tekev\u00e4t niist\u00e4 k\u00e4yt\u00e4nn\u00f6llisen valinnan.\" \/>\n<meta property=\"og:url\" content=\"https:\/\/aztex.ee\/fi\/pood\/pyyhkeet-ja-kylpypyyhkeet\/luonnollinen-bambupyyhe\/\" \/>\n<meta property=\"og:site_name\" content=\"AZTEX\" \/>\n<meta property=\"article:publisher\" content=\"https:\/\/www.facebook.com\/AztexEE\" \/>\n<meta property=\"article:modified_time\" content=\"2026-03-28T22:10:21+00:00\" \/>\n<meta property=\"og:image\" content=\"https:\/\/aztex.ee\/wp-content\/uploads\/2024\/12\/Bambusest-ratik.jpg\" \/>\n\t<meta property=\"og:image:width\" content=\"800\" \/>\n\t<meta property=\"og:image:height\" content=\"800\" \/>\n\t<meta property=\"og:image:type\" content=\"image\/jpeg\" \/>\n<meta name=\"twitter:card\" content=\"summary_large_image\" \/>\n<meta name=\"twitter:label1\" content=\"Arvioitu lukuaika\" \/>\n\t<meta name=\"twitter:data1\" content=\"2 minuuttia\" \/>\n<script type=\"application\/ld+json\" class=\"yoast-schema-graph\">{\"@context\":\"https:\\\/\\\/schema.org\",\"@graph\":[{\"@type\":[\"WebPage\",\"ItemPage\"],\"@id\":\"https:\\\/\\\/aztex.ee\\\/fi\\\/pood\\\/pyyhkeet-ja-kylpypyyhkeet\\\/luonnollinen-bambupyyhe\\\/\",\"url\":\"https:\\\/\\\/aztex.ee\\\/fi\\\/pood\\\/pyyhkeet-ja-kylpypyyhkeet\\\/luonnollinen-bambupyyhe\\\/\",\"name\":\"Bambu pyyhe | AZTEX\",\"isPartOf\":{\"@id\":\"https:\\\/\\\/aztex.ee\\\/fi\\\/#website\"},\"primaryImageOfPage\":{\"@id\":\"https:\\\/\\\/aztex.ee\\\/fi\\\/pood\\\/pyyhkeet-ja-kylpypyyhkeet\\\/luonnollinen-bambupyyhe\\\/#primaryimage\"},\"image\":{\"@id\":\"https:\\\/\\\/aztex.ee\\\/fi\\\/pood\\\/pyyhkeet-ja-kylpypyyhkeet\\\/luonnollinen-bambupyyhe\\\/#primaryimage\"},\"thumbnailUrl\":\"https:\\\/\\\/aztex.ee\\\/wp-content\\\/uploads\\\/2024\\\/12\\\/Bambusest-ratik.jpg\",\"datePublished\":\"2024-12-29T01:34:10+00:00\",\"dateModified\":\"2026-03-28T22:10:21+00:00\",\"description\":\"Bambu pyyhkeet ovat pehmeit\u00e4 ja ihanteellisia jokap\u00e4iv\u00e4iseen k\u00e4ytt\u00f6\u00f6n. Niiden nopeasti kuivuvat ominaisuudet tekev\u00e4t niist\u00e4 k\u00e4yt\u00e4nn\u00f6llisen valinnan.\",\"breadcrumb\":{\"@id\":\"https:\\\/\\\/aztex.ee\\\/fi\\\/pood\\\/pyyhkeet-ja-kylpypyyhkeet\\\/luonnollinen-bambupyyhe\\\/#breadcrumb\"},\"inLanguage\":\"fi\",\"potentialAction\":[{\"@type\":\"ReadAction\",\"target\":[\"https:\\\/\\\/aztex.ee\\\/fi\\\/pood\\\/pyyhkeet-ja-kylpypyyhkeet\\\/luonnollinen-bambupyyhe\\\/\"]}]},{\"@type\":\"ImageObject\",\"inLanguage\":\"fi\",\"@id\":\"https:\\\/\\\/aztex.ee\\\/fi\\\/pood\\\/pyyhkeet-ja-kylpypyyhkeet\\\/luonnollinen-bambupyyhe\\\/#primaryimage\",\"url\":\"https:\\\/\\\/aztex.ee\\\/wp-content\\\/uploads\\\/2024\\\/12\\\/Bambusest-ratik.jpg\",\"contentUrl\":\"https:\\\/\\\/aztex.ee\\\/wp-content\\\/uploads\\\/2024\\\/12\\\/Bambusest-ratik.jpg\",\"width\":800,\"height\":800,\"caption\":\"Bambusest r\u00e4tik\"},{\"@type\":\"BreadcrumbList\",\"@id\":\"https:\\\/\\\/aztex.ee\\\/fi\\\/pood\\\/pyyhkeet-ja-kylpypyyhkeet\\\/luonnollinen-bambupyyhe\\\/#breadcrumb\",\"itemListElement\":[{\"@type\":\"ListItem\",\"position\":1,\"name\":\"Etusivu\",\"item\":\"https:\\\/\\\/aztex.ee\\\/fi\\\/\"},{\"@type\":\"ListItem\",\"position\":2,\"name\":\"Verkkokauppa\",\"item\":\"https:\\\/\\\/aztex.ee\\\/fi\\\/verkkokauppa\\\/\"},{\"@type\":\"ListItem\",\"position\":3,\"name\":\"Bambu pyyhe\"}]},{\"@type\":\"WebSite\",\"@id\":\"https:\\\/\\\/aztex.ee\\\/fi\\\/#website\",\"url\":\"https:\\\/\\\/aztex.ee\\\/fi\\\/\",\"name\":\"AZTEX\",\"description\":\"\",\"publisher\":{\"@id\":\"https:\\\/\\\/aztex.ee\\\/fi\\\/#organization\"},\"potentialAction\":[{\"@type\":\"SearchAction\",\"target\":{\"@type\":\"EntryPoint\",\"urlTemplate\":\"https:\\\/\\\/aztex.ee\\\/fi\\\/?s={search_term_string}\"},\"query-input\":{\"@type\":\"PropertyValueSpecification\",\"valueRequired\":true,\"valueName\":\"search_term_string\"}}],\"inLanguage\":\"fi\"},{\"@type\":\"Organization\",\"@id\":\"https:\\\/\\\/aztex.ee\\\/fi\\\/#organization\",\"name\":\"AZTEX\",\"url\":\"https:\\\/\\\/aztex.ee\\\/fi\\\/\",\"logo\":{\"@type\":\"ImageObject\",\"inLanguage\":\"fi\",\"@id\":\"https:\\\/\\\/aztex.ee\\\/fi\\\/#\\\/schema\\\/logo\\\/image\\\/\",\"url\":\"https:\\\/\\\/aztex.ee\\\/wp-content\\\/uploads\\\/2026\\\/01\\\/AZTEX.png\",\"contentUrl\":\"https:\\\/\\\/aztex.ee\\\/wp-content\\\/uploads\\\/2026\\\/01\\\/AZTEX.png\",\"width\":500,\"height\":500,\"caption\":\"AZTEX\"},\"image\":{\"@id\":\"https:\\\/\\\/aztex.ee\\\/fi\\\/#\\\/schema\\\/logo\\\/image\\\/\"},\"sameAs\":[\"https:\\\/\\\/www.facebook.com\\\/AztexEE\",\"https:\\\/\\\/www.instagram.com\\\/aztexeesti\\\/\",\"https:\\\/\\\/www.youtube.com\\\/@AZTEXEE\",\"https:\\\/\\\/www.pinterest.com\\\/aztex_eesti\\\/\",\"https:\\\/\\\/www.tiktok.com\\\/@aztexeesti\",\"https:\\\/\\\/www.trustpilot.com\\\/review\\\/aztex.ee\",\"https:\\\/\\\/www.linkedin.com\\\/company\\\/aztex-ee\\\/\",\"https:\\\/\\\/www.wikidata.org\\\/wiki\\\/Q137560182\"]}]}<\/script>\n<!-- \/ Yoast SEO plugin. -->","yoast_head_json":{"title":"Bambu pyyhe | AZTEX","description":"Bambu pyyhkeet ovat pehmeit\u00e4 ja ihanteellisia jokap\u00e4iv\u00e4iseen k\u00e4ytt\u00f6\u00f6n. Niiden nopeasti kuivuvat ominaisuudet tekev\u00e4t niist\u00e4 k\u00e4yt\u00e4nn\u00f6llisen valinnan.","robots":{"index":"index","follow":"follow","max-snippet":"max-snippet:-1","max-image-preview":"max-image-preview:large","max-video-preview":"max-video-preview:-1"},"canonical":"https:\/\/aztex.ee\/fi\/pood\/pyyhkeet-ja-kylpypyyhkeet\/luonnollinen-bambupyyhe\/","og_locale":"fi_FI","og_type":"article","og_title":"Bambu pyyhe | AZTEX","og_description":"Bambu pyyhkeet ovat pehmeit\u00e4 ja ihanteellisia jokap\u00e4iv\u00e4iseen k\u00e4ytt\u00f6\u00f6n. Niiden nopeasti kuivuvat ominaisuudet tekev\u00e4t niist\u00e4 k\u00e4yt\u00e4nn\u00f6llisen valinnan.","og_url":"https:\/\/aztex.ee\/fi\/pood\/pyyhkeet-ja-kylpypyyhkeet\/luonnollinen-bambupyyhe\/","og_site_name":"AZTEX","article_publisher":"https:\/\/www.facebook.com\/AztexEE","article_modified_time":"2026-03-28T22:10:21+00:00","og_image":[{"width":800,"height":800,"url":"https:\/\/aztex.ee\/wp-content\/uploads\/2024\/12\/Bambusest-ratik.jpg","type":"image\/jpeg"}],"twitter_card":"summary_large_image","twitter_misc":{"Arvioitu lukuaika":"2 minuuttia"},"schema":{"@context":"https:\/\/schema.org","@graph":[{"@type":["WebPage","ItemPage"],"@id":"https:\/\/aztex.ee\/fi\/pood\/pyyhkeet-ja-kylpypyyhkeet\/luonnollinen-bambupyyhe\/","url":"https:\/\/aztex.ee\/fi\/pood\/pyyhkeet-ja-kylpypyyhkeet\/luonnollinen-bambupyyhe\/","name":"Bambu pyyhe | AZTEX","isPartOf":{"@id":"https:\/\/aztex.ee\/fi\/#website"},"primaryImageOfPage":{"@id":"https:\/\/aztex.ee\/fi\/pood\/pyyhkeet-ja-kylpypyyhkeet\/luonnollinen-bambupyyhe\/#primaryimage"},"image":{"@id":"https:\/\/aztex.ee\/fi\/pood\/pyyhkeet-ja-kylpypyyhkeet\/luonnollinen-bambupyyhe\/#primaryimage"},"thumbnailUrl":"https:\/\/aztex.ee\/wp-content\/uploads\/2024\/12\/Bambusest-ratik.jpg","datePublished":"2024-12-29T01:34:10+00:00","dateModified":"2026-03-28T22:10:21+00:00","description":"Bambu pyyhkeet ovat pehmeit\u00e4 ja ihanteellisia jokap\u00e4iv\u00e4iseen k\u00e4ytt\u00f6\u00f6n. Niiden nopeasti kuivuvat ominaisuudet tekev\u00e4t niist\u00e4 k\u00e4yt\u00e4nn\u00f6llisen valinnan.","breadcrumb":{"@id":"https:\/\/aztex.ee\/fi\/pood\/pyyhkeet-ja-kylpypyyhkeet\/luonnollinen-bambupyyhe\/#breadcrumb"},"inLanguage":"fi","potentialAction":[{"@type":"ReadAction","target":["https:\/\/aztex.ee\/fi\/pood\/pyyhkeet-ja-kylpypyyhkeet\/luonnollinen-bambupyyhe\/"]}]},{"@type":"ImageObject","inLanguage":"fi","@id":"https:\/\/aztex.ee\/fi\/pood\/pyyhkeet-ja-kylpypyyhkeet\/luonnollinen-bambupyyhe\/#primaryimage","url":"https:\/\/aztex.ee\/wp-content\/uploads\/2024\/12\/Bambusest-ratik.jpg","contentUrl":"https:\/\/aztex.ee\/wp-content\/uploads\/2024\/12\/Bambusest-ratik.jpg","width":800,"height":800,"caption":"Bambusest r\u00e4tik"},{"@type":"BreadcrumbList","@id":"https:\/\/aztex.ee\/fi\/pood\/pyyhkeet-ja-kylpypyyhkeet\/luonnollinen-bambupyyhe\/#breadcrumb","itemListElement":[{"@type":"ListItem","position":1,"name":"Etusivu","item":"https:\/\/aztex.ee\/fi\/"},{"@type":"ListItem","position":2,"name":"Verkkokauppa","item":"https:\/\/aztex.ee\/fi\/verkkokauppa\/"},{"@type":"ListItem","position":3,"name":"Bambu pyyhe"}]},{"@type":"WebSite","@id":"https:\/\/aztex.ee\/fi\/#website","url":"https:\/\/aztex.ee\/fi\/","name":"AZTEX","description":"","publisher":{"@id":"https:\/\/aztex.ee\/fi\/#organization"},"potentialAction":[{"@type":"SearchAction","target":{"@type":"EntryPoint","urlTemplate":"https:\/\/aztex.ee\/fi\/?s={search_term_string}"},"query-input":{"@type":"PropertyValueSpecification","valueRequired":true,"valueName":"search_term_string"}}],"inLanguage":"fi"},{"@type":"Organization","@id":"https:\/\/aztex.ee\/fi\/#organization","name":"AZTEX","url":"https:\/\/aztex.ee\/fi\/","logo":{"@type":"ImageObject","inLanguage":"fi","@id":"https:\/\/aztex.ee\/fi\/#\/schema\/logo\/image\/","url":"https:\/\/aztex.ee\/wp-content\/uploads\/2026\/01\/AZTEX.png","contentUrl":"https:\/\/aztex.ee\/wp-content\/uploads\/2026\/01\/AZTEX.png","width":500,"height":500,"caption":"AZTEX"},"image":{"@id":"https:\/\/aztex.ee\/fi\/#\/schema\/logo\/image\/"},"sameAs":["https:\/\/www.facebook.com\/AztexEE","https:\/\/www.instagram.com\/aztexeesti\/","https:\/\/www.youtube.com\/@AZTEXEE","https:\/\/www.pinterest.com\/aztex_eesti\/","https:\/\/www.tiktok.com\/@aztexeesti","https:\/\/www.trustpilot.com\/review\/aztex.ee","https:\/\/www.linkedin.com\/company\/aztex-ee\/","https:\/\/www.wikidata.org\/wiki\/Q137560182"]}]}},"_links":{"self":[{"href":"https:\/\/aztex.ee\/fi\/wp-json\/wp\/v2\/product\/40737","targetHints":{"allow":["GET"]}}],"collection":[{"href":"https:\/\/aztex.ee\/fi\/wp-json\/wp\/v2\/product"}],"about":[{"href":"https:\/\/aztex.ee\/fi\/wp-json\/wp\/v2\/types\/product"}],"replies":[{"embeddable":true,"href":"https:\/\/aztex.ee\/fi\/wp-json\/wp\/v2\/comments?post=40737"}],"version-history":[{"count":0,"href":"https:\/\/aztex.ee\/fi\/wp-json\/wp\/v2\/product\/40737\/revisions"}],"wp:featuredmedia":[{"embeddable":true,"href":"https:\/\/aztex.ee\/fi\/wp-json\/wp\/v2\/media\/40896"}],"wp:attachment":[{"href":"https:\/\/aztex.ee\/fi\/wp-json\/wp\/v2\/media?parent=40737"}],"wp:term":[{"taxonomy":"product_brand","embeddable":true,"href":"https:\/\/aztex.ee\/fi\/wp-json\/wp\/v2\/product_brand?post=40737"},{"taxonomy":"product_cat","embeddable":true,"href":"https:\/\/aztex.ee\/fi\/wp-json\/wp\/v2\/product_cat?post=40737"},{"taxonomy":"product_tag","embeddable":true,"href":"https:\/\/aztex.ee\/fi\/wp-json\/wp\/v2\/product_tag?post=40737"}],"curies":[{"name":"wp","href":"https:\/\/api.w.org\/{rel}","templated":true}]}}