{"id":39720,"date":"2024-12-21T22:40:25","date_gmt":"2024-12-21T22:40:25","guid":{"rendered":"https:\/\/aztex.ee\/pood\/Ei-luokiteltu\/bambu-pyyhe\/"},"modified":"2026-04-08T10:48:36","modified_gmt":"2026-04-08T10:48:36","slug":"bambu-pyyhe","status":"publish","type":"product","link":"https:\/\/aztex.ee\/fi\/pood\/pyyhkeet-ja-kylpypyyhkeet\/bambu-pyyhe\/","title":{"rendered":"Bambu pyyhe"},"content":{"rendered":"<p>Bambun luonnollinen pehmeys ja eleganssi laadukkaalla bambupyyhkeell\u00e4mme!<\/p>\n<p>Bambupyyhe on valmistettu 100% bambukuidusta, mik\u00e4 tarjoaa poikkeuksellista pehmeytt\u00e4 ja kest\u00e4vyytt\u00e4. Bambukuitujen erinomainen imukyky varmistaa, ett\u00e4 pyyhe kuivuu nopeasti ja on aina valmis seuraavaan k\u00e4ytt\u00f6\u00f6n. Bambun luonnolliset antibakteeriset ja hypoallergeeniset ominaisuudet tekev\u00e4t siit\u00e4 ihanteellisen herk\u00e4lle iholle, mik\u00e4 auttaa pit\u00e4m\u00e4\u00e4n ihon terveen\u00e4 ja raikkaana. Se on paras valinta sek\u00e4 jokap\u00e4iv\u00e4iseen k\u00e4ytt\u00f6\u00f6n ett\u00e4 herkk\u00e4ihoisille ihmisille, jotka etsiv\u00e4t hell\u00e4varaista ja hoitavaa ratkaisua.<\/p>\n<p>Pyyhkeen k\u00e4yt\u00e4nn\u00f6llisyys ei rajoitu sen helppok\u00e4ytt\u00f6isyyteen. Bambukuitujen kest\u00e4vyyden ansiosta se on helppohoitoinen ja sill\u00e4 on pitk\u00e4 k\u00e4ytt\u00f6ik\u00e4. Ymp\u00e4rist\u00f6tietoisen valinnan tekeminen ei ole koskaan ollut helpompaa \u2013 bambu on kest\u00e4v\u00e4 ja nopeasti uusiutuva materiaali, mik\u00e4 tekee siit\u00e4 sek\u00e4 ekologisesti vastuullisen ett\u00e4 elegantin valinnan. Bambun viljelyss\u00e4 ei k\u00e4ytet\u00e4 torjunta-aineita tai rikkakasvien torjunta-aineita, joten t\u00e4m\u00e4 materiaali on turvallinen sek\u00e4 ymp\u00e4rist\u00f6lle ett\u00e4 ihmisille.<\/p>\n<p>Lis\u00e4\u00e4 ylellist\u00e4 mukavuutta jokap\u00e4iv\u00e4iseen el\u00e4m\u00e4\u00e4si, mik\u00e4 parantaa my\u00f6s kylpyhuoneesi sisustusta. Bambupyyhe on esteettinen ja toimiva lis\u00e4 jokaiseen kotiin, ja se tarjoaa yhdistelm\u00e4n luonnollista laatua ja k\u00e4yt\u00e4nn\u00f6llist\u00e4 mukavuutta. Sen tyylik\u00e4s muotoilu ja pehme\u00e4 kosketus tuovat harmoniaa ja huolenpitoa jokaiseen p\u00e4iv\u00e4\u00e4n.<\/p>\n<p>Pid\u00e4 huolta itsest\u00e4si ja luonnosta t\u00e4ll\u00e4 pehme\u00e4ll\u00e4, kest\u00e4v\u00e4ll\u00e4 ja ymp\u00e4rist\u00f6yst\u00e4v\u00e4llisell\u00e4 bambupyyhkeell\u00e4!<\/p>\n","protected":false},"excerpt":{"rendered":"<ul>\n<li>Materiaali: 100% bambu<\/li>\n<li>Koko: 35\u00d775 cm \u00b13<\/li>\n<li>Paino: 420g\/m2<\/li>\n<\/ul>\n","protected":false},"featured_media":39082,"comment_status":"open","ping_status":"closed","template":"","meta":[],"product_brand":[],"product_cat":[1616,981,1730,772,477],"product_tag":[],"class_list":{"0":"post-39720","1":"product","2":"type-product","3":"status-publish","4":"has-post-thumbnail","6":"product_cat-bambu-kasipyyhkeet","7":"product_cat-bambu-pyyhkeet","8":"product_cat-pyyhkeet","9":"product_cat-pyyhkeet-35x75-cm","10":"product_cat-pyyhkeet-ja-kylpypyyhkeet","12":"first","13":"instock","14":"shipping-taxable","15":"purchasable","16":"product-type-variable"},"yoast_head":"<!-- This site is optimized with the Yoast SEO plugin v27.3 - https:\/\/yoast.com\/product\/yoast-seo-wordpress\/ -->\n<title>Bambu pyyhe | AZTEX<\/title>\n<meta name=\"description\" content=\"Bambu pyyhe tarjoaa t\u00e4ydellisen yhdistelm\u00e4n luonnollista laatua ja k\u00e4yt\u00e4nn\u00f6llisyytt\u00e4. T\u00e4m\u00e4 pyyhe on valmistettu kokonaan bambukuidusta.\" \/>\n<meta name=\"robots\" content=\"index, follow, max-snippet:-1, max-image-preview:large, max-video-preview:-1\" \/>\n<link rel=\"canonical\" href=\"https:\/\/aztex.ee\/fi\/pood\/pyyhkeet-ja-kylpypyyhkeet\/bambu-pyyhe\/\" \/>\n<meta property=\"og:locale\" content=\"fi_FI\" \/>\n<meta property=\"og:type\" content=\"article\" \/>\n<meta property=\"og:title\" content=\"Bambu pyyhe | AZTEX\" \/>\n<meta property=\"og:description\" content=\"Bambu pyyhe tarjoaa t\u00e4ydellisen yhdistelm\u00e4n luonnollista laatua ja k\u00e4yt\u00e4nn\u00f6llisyytt\u00e4. T\u00e4m\u00e4 pyyhe on valmistettu kokonaan bambukuidusta.\" \/>\n<meta property=\"og:url\" content=\"https:\/\/aztex.ee\/fi\/pood\/pyyhkeet-ja-kylpypyyhkeet\/bambu-pyyhe\/\" \/>\n<meta property=\"og:site_name\" content=\"AZTEX\" \/>\n<meta property=\"article:publisher\" content=\"https:\/\/www.facebook.com\/AztexEE\" \/>\n<meta property=\"article:modified_time\" content=\"2026-04-08T10:48:36+00:00\" \/>\n<meta property=\"og:image\" content=\"https:\/\/aztex.ee\/wp-content\/uploads\/2024\/12\/Bambusest-ratikud-1-1.jpg\" \/>\n\t<meta property=\"og:image:width\" content=\"800\" \/>\n\t<meta property=\"og:image:height\" content=\"800\" \/>\n\t<meta property=\"og:image:type\" content=\"image\/jpeg\" \/>\n<meta name=\"twitter:card\" content=\"summary_large_image\" \/>\n<meta name=\"twitter:label1\" content=\"Arvioitu lukuaika\" \/>\n\t<meta name=\"twitter:data1\" content=\"2 minuuttia\" \/>\n<script type=\"application\/ld+json\" class=\"yoast-schema-graph\">{\"@context\":\"https:\\\/\\\/schema.org\",\"@graph\":[{\"@type\":[\"WebPage\",\"ItemPage\"],\"@id\":\"https:\\\/\\\/aztex.ee\\\/fi\\\/pood\\\/pyyhkeet-ja-kylpypyyhkeet\\\/bambu-pyyhe\\\/\",\"url\":\"https:\\\/\\\/aztex.ee\\\/fi\\\/pood\\\/pyyhkeet-ja-kylpypyyhkeet\\\/bambu-pyyhe\\\/\",\"name\":\"Bambu pyyhe | AZTEX\",\"isPartOf\":{\"@id\":\"https:\\\/\\\/aztex.ee\\\/fi\\\/#website\"},\"primaryImageOfPage\":{\"@id\":\"https:\\\/\\\/aztex.ee\\\/fi\\\/pood\\\/pyyhkeet-ja-kylpypyyhkeet\\\/bambu-pyyhe\\\/#primaryimage\"},\"image\":{\"@id\":\"https:\\\/\\\/aztex.ee\\\/fi\\\/pood\\\/pyyhkeet-ja-kylpypyyhkeet\\\/bambu-pyyhe\\\/#primaryimage\"},\"thumbnailUrl\":\"https:\\\/\\\/aztex.ee\\\/wp-content\\\/uploads\\\/2024\\\/12\\\/Bambusest-ratikud-1-1.jpg\",\"datePublished\":\"2024-12-21T22:40:25+00:00\",\"dateModified\":\"2026-04-08T10:48:36+00:00\",\"description\":\"Bambu pyyhe tarjoaa t\u00e4ydellisen yhdistelm\u00e4n luonnollista laatua ja k\u00e4yt\u00e4nn\u00f6llisyytt\u00e4. T\u00e4m\u00e4 pyyhe on valmistettu kokonaan bambukuidusta.\",\"breadcrumb\":{\"@id\":\"https:\\\/\\\/aztex.ee\\\/fi\\\/pood\\\/pyyhkeet-ja-kylpypyyhkeet\\\/bambu-pyyhe\\\/#breadcrumb\"},\"inLanguage\":\"fi\",\"potentialAction\":[{\"@type\":\"ReadAction\",\"target\":[\"https:\\\/\\\/aztex.ee\\\/fi\\\/pood\\\/pyyhkeet-ja-kylpypyyhkeet\\\/bambu-pyyhe\\\/\"]}]},{\"@type\":\"ImageObject\",\"inLanguage\":\"fi\",\"@id\":\"https:\\\/\\\/aztex.ee\\\/fi\\\/pood\\\/pyyhkeet-ja-kylpypyyhkeet\\\/bambu-pyyhe\\\/#primaryimage\",\"url\":\"https:\\\/\\\/aztex.ee\\\/wp-content\\\/uploads\\\/2024\\\/12\\\/Bambusest-ratikud-1-1.jpg\",\"contentUrl\":\"https:\\\/\\\/aztex.ee\\\/wp-content\\\/uploads\\\/2024\\\/12\\\/Bambusest-ratikud-1-1.jpg\",\"width\":800,\"height\":800,\"caption\":\"Bambu pyyhe\"},{\"@type\":\"BreadcrumbList\",\"@id\":\"https:\\\/\\\/aztex.ee\\\/fi\\\/pood\\\/pyyhkeet-ja-kylpypyyhkeet\\\/bambu-pyyhe\\\/#breadcrumb\",\"itemListElement\":[{\"@type\":\"ListItem\",\"position\":1,\"name\":\"Etusivu\",\"item\":\"https:\\\/\\\/aztex.ee\\\/fi\\\/\"},{\"@type\":\"ListItem\",\"position\":2,\"name\":\"Verkkokauppa\",\"item\":\"https:\\\/\\\/aztex.ee\\\/fi\\\/verkkokauppa\\\/\"},{\"@type\":\"ListItem\",\"position\":3,\"name\":\"Bambu pyyhe\"}]},{\"@type\":\"WebSite\",\"@id\":\"https:\\\/\\\/aztex.ee\\\/fi\\\/#website\",\"url\":\"https:\\\/\\\/aztex.ee\\\/fi\\\/\",\"name\":\"AZTEX\",\"description\":\"\",\"publisher\":{\"@id\":\"https:\\\/\\\/aztex.ee\\\/fi\\\/#organization\"},\"potentialAction\":[{\"@type\":\"SearchAction\",\"target\":{\"@type\":\"EntryPoint\",\"urlTemplate\":\"https:\\\/\\\/aztex.ee\\\/fi\\\/?s={search_term_string}\"},\"query-input\":{\"@type\":\"PropertyValueSpecification\",\"valueRequired\":true,\"valueName\":\"search_term_string\"}}],\"inLanguage\":\"fi\"},{\"@type\":\"Organization\",\"@id\":\"https:\\\/\\\/aztex.ee\\\/fi\\\/#organization\",\"name\":\"AZTEX\",\"url\":\"https:\\\/\\\/aztex.ee\\\/fi\\\/\",\"logo\":{\"@type\":\"ImageObject\",\"inLanguage\":\"fi\",\"@id\":\"https:\\\/\\\/aztex.ee\\\/fi\\\/#\\\/schema\\\/logo\\\/image\\\/\",\"url\":\"https:\\\/\\\/aztex.ee\\\/wp-content\\\/uploads\\\/2026\\\/01\\\/AZTEX.png\",\"contentUrl\":\"https:\\\/\\\/aztex.ee\\\/wp-content\\\/uploads\\\/2026\\\/01\\\/AZTEX.png\",\"width\":500,\"height\":500,\"caption\":\"AZTEX\"},\"image\":{\"@id\":\"https:\\\/\\\/aztex.ee\\\/fi\\\/#\\\/schema\\\/logo\\\/image\\\/\"},\"sameAs\":[\"https:\\\/\\\/www.facebook.com\\\/AztexEE\",\"https:\\\/\\\/www.instagram.com\\\/aztexeesti\\\/\",\"https:\\\/\\\/www.youtube.com\\\/@AZTEXEE\",\"https:\\\/\\\/www.pinterest.com\\\/aztex_eesti\\\/\",\"https:\\\/\\\/www.tiktok.com\\\/@aztexeesti\",\"https:\\\/\\\/www.trustpilot.com\\\/review\\\/aztex.ee\",\"https:\\\/\\\/www.linkedin.com\\\/company\\\/aztex-ee\\\/\",\"https:\\\/\\\/www.wikidata.org\\\/wiki\\\/Q137560182\"]}]}<\/script>\n<!-- \/ Yoast SEO plugin. -->","yoast_head_json":{"title":"Bambu pyyhe | AZTEX","description":"Bambu pyyhe tarjoaa t\u00e4ydellisen yhdistelm\u00e4n luonnollista laatua ja k\u00e4yt\u00e4nn\u00f6llisyytt\u00e4. T\u00e4m\u00e4 pyyhe on valmistettu kokonaan bambukuidusta.","robots":{"index":"index","follow":"follow","max-snippet":"max-snippet:-1","max-image-preview":"max-image-preview:large","max-video-preview":"max-video-preview:-1"},"canonical":"https:\/\/aztex.ee\/fi\/pood\/pyyhkeet-ja-kylpypyyhkeet\/bambu-pyyhe\/","og_locale":"fi_FI","og_type":"article","og_title":"Bambu pyyhe | AZTEX","og_description":"Bambu pyyhe tarjoaa t\u00e4ydellisen yhdistelm\u00e4n luonnollista laatua ja k\u00e4yt\u00e4nn\u00f6llisyytt\u00e4. T\u00e4m\u00e4 pyyhe on valmistettu kokonaan bambukuidusta.","og_url":"https:\/\/aztex.ee\/fi\/pood\/pyyhkeet-ja-kylpypyyhkeet\/bambu-pyyhe\/","og_site_name":"AZTEX","article_publisher":"https:\/\/www.facebook.com\/AztexEE","article_modified_time":"2026-04-08T10:48:36+00:00","og_image":[{"width":800,"height":800,"url":"https:\/\/aztex.ee\/wp-content\/uploads\/2024\/12\/Bambusest-ratikud-1-1.jpg","type":"image\/jpeg"}],"twitter_card":"summary_large_image","twitter_misc":{"Arvioitu lukuaika":"2 minuuttia"},"schema":{"@context":"https:\/\/schema.org","@graph":[{"@type":["WebPage","ItemPage"],"@id":"https:\/\/aztex.ee\/fi\/pood\/pyyhkeet-ja-kylpypyyhkeet\/bambu-pyyhe\/","url":"https:\/\/aztex.ee\/fi\/pood\/pyyhkeet-ja-kylpypyyhkeet\/bambu-pyyhe\/","name":"Bambu pyyhe | AZTEX","isPartOf":{"@id":"https:\/\/aztex.ee\/fi\/#website"},"primaryImageOfPage":{"@id":"https:\/\/aztex.ee\/fi\/pood\/pyyhkeet-ja-kylpypyyhkeet\/bambu-pyyhe\/#primaryimage"},"image":{"@id":"https:\/\/aztex.ee\/fi\/pood\/pyyhkeet-ja-kylpypyyhkeet\/bambu-pyyhe\/#primaryimage"},"thumbnailUrl":"https:\/\/aztex.ee\/wp-content\/uploads\/2024\/12\/Bambusest-ratikud-1-1.jpg","datePublished":"2024-12-21T22:40:25+00:00","dateModified":"2026-04-08T10:48:36+00:00","description":"Bambu pyyhe tarjoaa t\u00e4ydellisen yhdistelm\u00e4n luonnollista laatua ja k\u00e4yt\u00e4nn\u00f6llisyytt\u00e4. T\u00e4m\u00e4 pyyhe on valmistettu kokonaan bambukuidusta.","breadcrumb":{"@id":"https:\/\/aztex.ee\/fi\/pood\/pyyhkeet-ja-kylpypyyhkeet\/bambu-pyyhe\/#breadcrumb"},"inLanguage":"fi","potentialAction":[{"@type":"ReadAction","target":["https:\/\/aztex.ee\/fi\/pood\/pyyhkeet-ja-kylpypyyhkeet\/bambu-pyyhe\/"]}]},{"@type":"ImageObject","inLanguage":"fi","@id":"https:\/\/aztex.ee\/fi\/pood\/pyyhkeet-ja-kylpypyyhkeet\/bambu-pyyhe\/#primaryimage","url":"https:\/\/aztex.ee\/wp-content\/uploads\/2024\/12\/Bambusest-ratikud-1-1.jpg","contentUrl":"https:\/\/aztex.ee\/wp-content\/uploads\/2024\/12\/Bambusest-ratikud-1-1.jpg","width":800,"height":800,"caption":"Bambu pyyhe"},{"@type":"BreadcrumbList","@id":"https:\/\/aztex.ee\/fi\/pood\/pyyhkeet-ja-kylpypyyhkeet\/bambu-pyyhe\/#breadcrumb","itemListElement":[{"@type":"ListItem","position":1,"name":"Etusivu","item":"https:\/\/aztex.ee\/fi\/"},{"@type":"ListItem","position":2,"name":"Verkkokauppa","item":"https:\/\/aztex.ee\/fi\/verkkokauppa\/"},{"@type":"ListItem","position":3,"name":"Bambu pyyhe"}]},{"@type":"WebSite","@id":"https:\/\/aztex.ee\/fi\/#website","url":"https:\/\/aztex.ee\/fi\/","name":"AZTEX","description":"","publisher":{"@id":"https:\/\/aztex.ee\/fi\/#organization"},"potentialAction":[{"@type":"SearchAction","target":{"@type":"EntryPoint","urlTemplate":"https:\/\/aztex.ee\/fi\/?s={search_term_string}"},"query-input":{"@type":"PropertyValueSpecification","valueRequired":true,"valueName":"search_term_string"}}],"inLanguage":"fi"},{"@type":"Organization","@id":"https:\/\/aztex.ee\/fi\/#organization","name":"AZTEX","url":"https:\/\/aztex.ee\/fi\/","logo":{"@type":"ImageObject","inLanguage":"fi","@id":"https:\/\/aztex.ee\/fi\/#\/schema\/logo\/image\/","url":"https:\/\/aztex.ee\/wp-content\/uploads\/2026\/01\/AZTEX.png","contentUrl":"https:\/\/aztex.ee\/wp-content\/uploads\/2026\/01\/AZTEX.png","width":500,"height":500,"caption":"AZTEX"},"image":{"@id":"https:\/\/aztex.ee\/fi\/#\/schema\/logo\/image\/"},"sameAs":["https:\/\/www.facebook.com\/AztexEE","https:\/\/www.instagram.com\/aztexeesti\/","https:\/\/www.youtube.com\/@AZTEXEE","https:\/\/www.pinterest.com\/aztex_eesti\/","https:\/\/www.tiktok.com\/@aztexeesti","https:\/\/www.trustpilot.com\/review\/aztex.ee","https:\/\/www.linkedin.com\/company\/aztex-ee\/","https:\/\/www.wikidata.org\/wiki\/Q137560182"]}]}},"_links":{"self":[{"href":"https:\/\/aztex.ee\/fi\/wp-json\/wp\/v2\/product\/39720","targetHints":{"allow":["GET"]}}],"collection":[{"href":"https:\/\/aztex.ee\/fi\/wp-json\/wp\/v2\/product"}],"about":[{"href":"https:\/\/aztex.ee\/fi\/wp-json\/wp\/v2\/types\/product"}],"replies":[{"embeddable":true,"href":"https:\/\/aztex.ee\/fi\/wp-json\/wp\/v2\/comments?post=39720"}],"version-history":[{"count":0,"href":"https:\/\/aztex.ee\/fi\/wp-json\/wp\/v2\/product\/39720\/revisions"}],"wp:featuredmedia":[{"embeddable":true,"href":"https:\/\/aztex.ee\/fi\/wp-json\/wp\/v2\/media\/39082"}],"wp:attachment":[{"href":"https:\/\/aztex.ee\/fi\/wp-json\/wp\/v2\/media?parent=39720"}],"wp:term":[{"taxonomy":"product_brand","embeddable":true,"href":"https:\/\/aztex.ee\/fi\/wp-json\/wp\/v2\/product_brand?post=39720"},{"taxonomy":"product_cat","embeddable":true,"href":"https:\/\/aztex.ee\/fi\/wp-json\/wp\/v2\/product_cat?post=39720"},{"taxonomy":"product_tag","embeddable":true,"href":"https:\/\/aztex.ee\/fi\/wp-json\/wp\/v2\/product_tag?post=39720"}],"curies":[{"name":"wp","href":"https:\/\/api.w.org\/{rel}","templated":true}]}}