{"id":31144,"date":"2024-11-10T15:30:15","date_gmt":"2024-11-10T15:30:15","guid":{"rendered":"https:\/\/aztex.ee\/?post_type=product&#038;p=31144"},"modified":"2026-04-09T15:38:00","modified_gmt":"2026-04-09T15:38:00","slug":"pussilakanasetti-snow-rose","status":"publish","type":"product","link":"https:\/\/aztex.ee\/fi\/pood\/vuodevaatteet\/pussilakanasetti-snow-rose\/","title":{"rendered":"Pussilakanasetti | Snow rose"},"content":{"rendered":"<p>100 % puuvillasta valmistettu vuodevaatesarja tuo luonnollisen pehmeyden ja mukavuuden makuuhuoneeseesi, josta tulet todella nauttimaan. T\u00e4m\u00e4 vuodevaatteet on valmistettu hengitt\u00e4v\u00e4st\u00e4, aidosta puuvillasta, joka auttaa kehoa yll\u00e4pit\u00e4m\u00e4\u00e4n ihanteellista l\u00e4mp\u00f6tilaa y\u00f6n aikana ja tarjoaa viileytt\u00e4 l\u00e4mpimin\u00e4 \u00f6in\u00e4 ja l\u00e4mp\u00f6\u00e4 viile\u00e4mpin\u00e4. Se on loistava valinta niille, jotka etsiv\u00e4t luonnollista materiaalia, joka on hell\u00e4varainen jopa herk\u00e4lle iholle.<\/p>\n<p>S\u00e4nkyjen ajaton ja tyylik\u00e4s muotoilu korostaa mit\u00e4 tahansa makuuhuonetta tuoden huoneeseen pehmeytt\u00e4 ja seesteisyytt\u00e4. Laadukas puuvilla pysyy kest\u00e4v\u00e4n\u00e4 ja pehmenee joka pesulla, tarjoten ylellisen ja kest\u00e4v\u00e4n tunteen. Nauti todella viihtyis\u00e4st\u00e4 ja luontol\u00e4heisest\u00e4 lomasta joka ilta 100 % puuvillasta valmistettujen liinavaatteiden avulla.<\/p>\n","protected":false},"excerpt":{"rendered":"<p>Luonnollisesti pehme\u00e4 ja hengitt\u00e4v\u00e4 100 % puuvillasta valmistettu vuodevaatteet, joka takaa mukavan ja levollisen unen.<\/p>\n<ul>\n<li>Materiaali: 100% puuvillaa<\/li>\n<li>Kangas: Satiini<\/li>\n<li>Lankaluku: 255 TC<\/li>\n<li>Pussilakana: 200\u00d7230 cm<\/li>\n<li>Tyynyliina: 50\u00d775 cm (2kpl)<\/li>\n<li>Lakana: Ei sis\u00e4lly<\/li>\n<li>Mukavuus: Hengitt\u00e4v\u00e4 ja pehme\u00e4 rakenne<\/li>\n<\/ul>\n<p><img loading=\"lazy\" decoding=\"async\" class=\"alignnone size-full wp-image-30409\" src=\"https:\/\/aztex.ee\/wp-content\/uploads\/2024\/11\/100puuvilll.png\" alt=\"\" width=\"275\" height=\"76\" srcset=\"https:\/\/aztex.ee\/wp-content\/uploads\/2024\/11\/100puuvilll.png 275w, https:\/\/aztex.ee\/wp-content\/uploads\/2024\/11\/100puuvilll-150x41.png 150w\" sizes=\"auto, (max-width: 275px) 100vw, 275px\" \/><\/p>\n","protected":false},"featured_media":31165,"comment_status":"open","ping_status":"closed","template":"","meta":[],"product_brand":[],"product_cat":[265,165,598,378,497,132],"product_tag":[],"class_list":{"0":"post-31144","1":"product","2":"type-product","3":"status-publish","4":"has-post-thumbnail","6":"product_cat-puuvillainen-pussilakanasetti-200-230","7":"product_cat-puuvillaiset-vuodevaatteet","8":"product_cat-satiiniset-vuodevaatesetit","9":"product_cat-satiiniset-vuodevaatteet","10":"product_cat-vuodevaatesetit","11":"product_cat-vuodevaatteet","13":"first","14":"instock","15":"shipping-taxable","16":"purchasable","17":"product-type-simple"},"yoast_head":"<!-- This site is optimized with the Yoast SEO plugin v27.3 - https:\/\/yoast.com\/product\/yoast-seo-wordpress\/ -->\n<title>Pussilakanasetti | Snow rose | AZTEX<\/title>\n<meta name=\"description\" content=\"Laadukas 100 % puuvillasta vuodevaatteet setti sopii t\u00e4ydellisesti koossaan 200x230 cm. Se tarjoaa mukavan nukkumiskokemuksen pehme\u00e4ll\u00e4 koostumuksellaan...\" \/>\n<meta name=\"robots\" content=\"index, follow, max-snippet:-1, max-image-preview:large, max-video-preview:-1\" \/>\n<link rel=\"canonical\" href=\"https:\/\/aztex.ee\/fi\/pood\/vuodevaatteet\/pussilakanasetti-snow-rose\/\" \/>\n<meta property=\"og:locale\" content=\"fi_FI\" \/>\n<meta property=\"og:type\" content=\"article\" \/>\n<meta property=\"og:title\" content=\"Pussilakanasetti | Snow rose | AZTEX\" \/>\n<meta property=\"og:description\" content=\"Laadukas 100 % puuvillasta vuodevaatteet setti sopii t\u00e4ydellisesti koossaan 200x230 cm. Se tarjoaa mukavan nukkumiskokemuksen pehme\u00e4ll\u00e4 koostumuksellaan...\" \/>\n<meta property=\"og:url\" content=\"https:\/\/aztex.ee\/fi\/pood\/vuodevaatteet\/pussilakanasetti-snow-rose\/\" \/>\n<meta property=\"og:site_name\" content=\"AZTEX\" \/>\n<meta property=\"article:publisher\" content=\"https:\/\/www.facebook.com\/AztexEE\" \/>\n<meta property=\"article:modified_time\" content=\"2026-04-09T15:38:00+00:00\" \/>\n<meta property=\"og:image\" content=\"https:\/\/aztex.ee\/wp-content\/uploads\/2024\/11\/Voodipesukomplekt-9.jpeg\" \/>\n\t<meta property=\"og:image:width\" content=\"800\" \/>\n\t<meta property=\"og:image:height\" content=\"800\" \/>\n\t<meta property=\"og:image:type\" content=\"image\/jpeg\" \/>\n<meta name=\"twitter:card\" content=\"summary_large_image\" \/>\n<meta name=\"twitter:label1\" content=\"Arvioitu lukuaika\" \/>\n\t<meta name=\"twitter:data1\" content=\"1 minuutti\" \/>\n<script type=\"application\/ld+json\" class=\"yoast-schema-graph\">{\"@context\":\"https:\\\/\\\/schema.org\",\"@graph\":[{\"@type\":[\"WebPage\",\"ItemPage\"],\"@id\":\"https:\\\/\\\/aztex.ee\\\/fi\\\/pood\\\/vuodevaatteet\\\/pussilakanasetti-snow-rose\\\/\",\"url\":\"https:\\\/\\\/aztex.ee\\\/fi\\\/pood\\\/vuodevaatteet\\\/pussilakanasetti-snow-rose\\\/\",\"name\":\"Pussilakanasetti | Snow rose | AZTEX\",\"isPartOf\":{\"@id\":\"https:\\\/\\\/aztex.ee\\\/fi\\\/#website\"},\"primaryImageOfPage\":{\"@id\":\"https:\\\/\\\/aztex.ee\\\/fi\\\/pood\\\/vuodevaatteet\\\/pussilakanasetti-snow-rose\\\/#primaryimage\"},\"image\":{\"@id\":\"https:\\\/\\\/aztex.ee\\\/fi\\\/pood\\\/vuodevaatteet\\\/pussilakanasetti-snow-rose\\\/#primaryimage\"},\"thumbnailUrl\":\"https:\\\/\\\/aztex.ee\\\/wp-content\\\/uploads\\\/2024\\\/11\\\/Voodipesukomplekt-9.jpeg\",\"datePublished\":\"2024-11-10T15:30:15+00:00\",\"dateModified\":\"2026-04-09T15:38:00+00:00\",\"description\":\"Laadukas 100 % puuvillasta vuodevaatteet setti sopii t\u00e4ydellisesti koossaan 200x230 cm. Se tarjoaa mukavan nukkumiskokemuksen pehme\u00e4ll\u00e4 koostumuksellaan...\",\"breadcrumb\":{\"@id\":\"https:\\\/\\\/aztex.ee\\\/fi\\\/pood\\\/vuodevaatteet\\\/pussilakanasetti-snow-rose\\\/#breadcrumb\"},\"inLanguage\":\"fi\",\"potentialAction\":[{\"@type\":\"ReadAction\",\"target\":[\"https:\\\/\\\/aztex.ee\\\/fi\\\/pood\\\/vuodevaatteet\\\/pussilakanasetti-snow-rose\\\/\"]}]},{\"@type\":\"ImageObject\",\"inLanguage\":\"fi\",\"@id\":\"https:\\\/\\\/aztex.ee\\\/fi\\\/pood\\\/vuodevaatteet\\\/pussilakanasetti-snow-rose\\\/#primaryimage\",\"url\":\"https:\\\/\\\/aztex.ee\\\/wp-content\\\/uploads\\\/2024\\\/11\\\/Voodipesukomplekt-9.jpeg\",\"contentUrl\":\"https:\\\/\\\/aztex.ee\\\/wp-content\\\/uploads\\\/2024\\\/11\\\/Voodipesukomplekt-9.jpeg\",\"width\":800,\"height\":800,\"caption\":\"Voodipesukomplekt\"},{\"@type\":\"BreadcrumbList\",\"@id\":\"https:\\\/\\\/aztex.ee\\\/fi\\\/pood\\\/vuodevaatteet\\\/pussilakanasetti-snow-rose\\\/#breadcrumb\",\"itemListElement\":[{\"@type\":\"ListItem\",\"position\":1,\"name\":\"Etusivu\",\"item\":\"https:\\\/\\\/aztex.ee\\\/fi\\\/\"},{\"@type\":\"ListItem\",\"position\":2,\"name\":\"Verkkokauppa\",\"item\":\"https:\\\/\\\/aztex.ee\\\/fi\\\/verkkokauppa\\\/\"},{\"@type\":\"ListItem\",\"position\":3,\"name\":\"Pussilakanasetti | Snow rose\"}]},{\"@type\":\"WebSite\",\"@id\":\"https:\\\/\\\/aztex.ee\\\/fi\\\/#website\",\"url\":\"https:\\\/\\\/aztex.ee\\\/fi\\\/\",\"name\":\"AZTEX\",\"description\":\"\",\"publisher\":{\"@id\":\"https:\\\/\\\/aztex.ee\\\/fi\\\/#organization\"},\"potentialAction\":[{\"@type\":\"SearchAction\",\"target\":{\"@type\":\"EntryPoint\",\"urlTemplate\":\"https:\\\/\\\/aztex.ee\\\/fi\\\/?s={search_term_string}\"},\"query-input\":{\"@type\":\"PropertyValueSpecification\",\"valueRequired\":true,\"valueName\":\"search_term_string\"}}],\"inLanguage\":\"fi\"},{\"@type\":\"Organization\",\"@id\":\"https:\\\/\\\/aztex.ee\\\/fi\\\/#organization\",\"name\":\"AZTEX\",\"url\":\"https:\\\/\\\/aztex.ee\\\/fi\\\/\",\"logo\":{\"@type\":\"ImageObject\",\"inLanguage\":\"fi\",\"@id\":\"https:\\\/\\\/aztex.ee\\\/fi\\\/#\\\/schema\\\/logo\\\/image\\\/\",\"url\":\"https:\\\/\\\/aztex.ee\\\/wp-content\\\/uploads\\\/2026\\\/01\\\/AZTEX.png\",\"contentUrl\":\"https:\\\/\\\/aztex.ee\\\/wp-content\\\/uploads\\\/2026\\\/01\\\/AZTEX.png\",\"width\":500,\"height\":500,\"caption\":\"AZTEX\"},\"image\":{\"@id\":\"https:\\\/\\\/aztex.ee\\\/fi\\\/#\\\/schema\\\/logo\\\/image\\\/\"},\"sameAs\":[\"https:\\\/\\\/www.facebook.com\\\/AztexEE\",\"https:\\\/\\\/www.instagram.com\\\/aztexeesti\\\/\",\"https:\\\/\\\/www.youtube.com\\\/@AZTEXEE\",\"https:\\\/\\\/www.pinterest.com\\\/aztex_eesti\\\/\",\"https:\\\/\\\/www.tiktok.com\\\/@aztexeesti\",\"https:\\\/\\\/www.trustpilot.com\\\/review\\\/aztex.ee\",\"https:\\\/\\\/www.linkedin.com\\\/company\\\/aztex-ee\\\/\",\"https:\\\/\\\/www.wikidata.org\\\/wiki\\\/Q137560182\"]}]}<\/script>\n<!-- \/ Yoast SEO plugin. -->","yoast_head_json":{"title":"Pussilakanasetti | Snow rose | AZTEX","description":"Laadukas 100 % puuvillasta vuodevaatteet setti sopii t\u00e4ydellisesti koossaan 200x230 cm. Se tarjoaa mukavan nukkumiskokemuksen pehme\u00e4ll\u00e4 koostumuksellaan...","robots":{"index":"index","follow":"follow","max-snippet":"max-snippet:-1","max-image-preview":"max-image-preview:large","max-video-preview":"max-video-preview:-1"},"canonical":"https:\/\/aztex.ee\/fi\/pood\/vuodevaatteet\/pussilakanasetti-snow-rose\/","og_locale":"fi_FI","og_type":"article","og_title":"Pussilakanasetti | Snow rose | AZTEX","og_description":"Laadukas 100 % puuvillasta vuodevaatteet setti sopii t\u00e4ydellisesti koossaan 200x230 cm. Se tarjoaa mukavan nukkumiskokemuksen pehme\u00e4ll\u00e4 koostumuksellaan...","og_url":"https:\/\/aztex.ee\/fi\/pood\/vuodevaatteet\/pussilakanasetti-snow-rose\/","og_site_name":"AZTEX","article_publisher":"https:\/\/www.facebook.com\/AztexEE","article_modified_time":"2026-04-09T15:38:00+00:00","og_image":[{"width":800,"height":800,"url":"https:\/\/aztex.ee\/wp-content\/uploads\/2024\/11\/Voodipesukomplekt-9.jpeg","type":"image\/jpeg"}],"twitter_card":"summary_large_image","twitter_misc":{"Arvioitu lukuaika":"1 minuutti"},"schema":{"@context":"https:\/\/schema.org","@graph":[{"@type":["WebPage","ItemPage"],"@id":"https:\/\/aztex.ee\/fi\/pood\/vuodevaatteet\/pussilakanasetti-snow-rose\/","url":"https:\/\/aztex.ee\/fi\/pood\/vuodevaatteet\/pussilakanasetti-snow-rose\/","name":"Pussilakanasetti | Snow rose | AZTEX","isPartOf":{"@id":"https:\/\/aztex.ee\/fi\/#website"},"primaryImageOfPage":{"@id":"https:\/\/aztex.ee\/fi\/pood\/vuodevaatteet\/pussilakanasetti-snow-rose\/#primaryimage"},"image":{"@id":"https:\/\/aztex.ee\/fi\/pood\/vuodevaatteet\/pussilakanasetti-snow-rose\/#primaryimage"},"thumbnailUrl":"https:\/\/aztex.ee\/wp-content\/uploads\/2024\/11\/Voodipesukomplekt-9.jpeg","datePublished":"2024-11-10T15:30:15+00:00","dateModified":"2026-04-09T15:38:00+00:00","description":"Laadukas 100 % puuvillasta vuodevaatteet setti sopii t\u00e4ydellisesti koossaan 200x230 cm. Se tarjoaa mukavan nukkumiskokemuksen pehme\u00e4ll\u00e4 koostumuksellaan...","breadcrumb":{"@id":"https:\/\/aztex.ee\/fi\/pood\/vuodevaatteet\/pussilakanasetti-snow-rose\/#breadcrumb"},"inLanguage":"fi","potentialAction":[{"@type":"ReadAction","target":["https:\/\/aztex.ee\/fi\/pood\/vuodevaatteet\/pussilakanasetti-snow-rose\/"]}]},{"@type":"ImageObject","inLanguage":"fi","@id":"https:\/\/aztex.ee\/fi\/pood\/vuodevaatteet\/pussilakanasetti-snow-rose\/#primaryimage","url":"https:\/\/aztex.ee\/wp-content\/uploads\/2024\/11\/Voodipesukomplekt-9.jpeg","contentUrl":"https:\/\/aztex.ee\/wp-content\/uploads\/2024\/11\/Voodipesukomplekt-9.jpeg","width":800,"height":800,"caption":"Voodipesukomplekt"},{"@type":"BreadcrumbList","@id":"https:\/\/aztex.ee\/fi\/pood\/vuodevaatteet\/pussilakanasetti-snow-rose\/#breadcrumb","itemListElement":[{"@type":"ListItem","position":1,"name":"Etusivu","item":"https:\/\/aztex.ee\/fi\/"},{"@type":"ListItem","position":2,"name":"Verkkokauppa","item":"https:\/\/aztex.ee\/fi\/verkkokauppa\/"},{"@type":"ListItem","position":3,"name":"Pussilakanasetti | Snow rose"}]},{"@type":"WebSite","@id":"https:\/\/aztex.ee\/fi\/#website","url":"https:\/\/aztex.ee\/fi\/","name":"AZTEX","description":"","publisher":{"@id":"https:\/\/aztex.ee\/fi\/#organization"},"potentialAction":[{"@type":"SearchAction","target":{"@type":"EntryPoint","urlTemplate":"https:\/\/aztex.ee\/fi\/?s={search_term_string}"},"query-input":{"@type":"PropertyValueSpecification","valueRequired":true,"valueName":"search_term_string"}}],"inLanguage":"fi"},{"@type":"Organization","@id":"https:\/\/aztex.ee\/fi\/#organization","name":"AZTEX","url":"https:\/\/aztex.ee\/fi\/","logo":{"@type":"ImageObject","inLanguage":"fi","@id":"https:\/\/aztex.ee\/fi\/#\/schema\/logo\/image\/","url":"https:\/\/aztex.ee\/wp-content\/uploads\/2026\/01\/AZTEX.png","contentUrl":"https:\/\/aztex.ee\/wp-content\/uploads\/2026\/01\/AZTEX.png","width":500,"height":500,"caption":"AZTEX"},"image":{"@id":"https:\/\/aztex.ee\/fi\/#\/schema\/logo\/image\/"},"sameAs":["https:\/\/www.facebook.com\/AztexEE","https:\/\/www.instagram.com\/aztexeesti\/","https:\/\/www.youtube.com\/@AZTEXEE","https:\/\/www.pinterest.com\/aztex_eesti\/","https:\/\/www.tiktok.com\/@aztexeesti","https:\/\/www.trustpilot.com\/review\/aztex.ee","https:\/\/www.linkedin.com\/company\/aztex-ee\/","https:\/\/www.wikidata.org\/wiki\/Q137560182"]}]}},"_links":{"self":[{"href":"https:\/\/aztex.ee\/fi\/wp-json\/wp\/v2\/product\/31144","targetHints":{"allow":["GET"]}}],"collection":[{"href":"https:\/\/aztex.ee\/fi\/wp-json\/wp\/v2\/product"}],"about":[{"href":"https:\/\/aztex.ee\/fi\/wp-json\/wp\/v2\/types\/product"}],"replies":[{"embeddable":true,"href":"https:\/\/aztex.ee\/fi\/wp-json\/wp\/v2\/comments?post=31144"}],"version-history":[{"count":0,"href":"https:\/\/aztex.ee\/fi\/wp-json\/wp\/v2\/product\/31144\/revisions"}],"wp:featuredmedia":[{"embeddable":true,"href":"https:\/\/aztex.ee\/fi\/wp-json\/wp\/v2\/media\/31165"}],"wp:attachment":[{"href":"https:\/\/aztex.ee\/fi\/wp-json\/wp\/v2\/media?parent=31144"}],"wp:term":[{"taxonomy":"product_brand","embeddable":true,"href":"https:\/\/aztex.ee\/fi\/wp-json\/wp\/v2\/product_brand?post=31144"},{"taxonomy":"product_cat","embeddable":true,"href":"https:\/\/aztex.ee\/fi\/wp-json\/wp\/v2\/product_cat?post=31144"},{"taxonomy":"product_tag","embeddable":true,"href":"https:\/\/aztex.ee\/fi\/wp-json\/wp\/v2\/product_tag?post=31144"}],"curies":[{"name":"wp","href":"https:\/\/api.w.org\/{rel}","templated":true}]}}