{"id":25003,"date":"2024-09-29T09:55:02","date_gmt":"2024-09-29T09:55:02","guid":{"rendered":"https:\/\/aztex.ee\/?post_type=product&#038;p=25003"},"modified":"2026-01-25T14:28:29","modified_gmt":"2026-01-25T14:28:29","slug":"satiiniset-vuodevaatteet-setti-delhi","status":"publish","type":"product","link":"https:\/\/aztex.ee\/fi\/pood\/vuodevaatteet\/satiiniset-vuodevaatteet-setti-delhi\/","title":{"rendered":"Satiiniset vuodevaatteet setti | Delhi"},"content":{"rendered":"<p>Satiiniset vuodevaatteet on t\u00e4ydellinen valinta, jos etsit pehmeytt\u00e4 ja eleganssia makuuhuoneeseesi. Valmistettu laadukkaasta puuvillasta, joka hyv\u00e4ilee ihoa ja luo ylellisen unikokemuksen. Hengitt\u00e4v\u00e4 materiaali s\u00e4\u00e4telee kehon l\u00e4mp\u00f6tilaa ja varmistaa, ett\u00e4 nukut mukavasti kaikkina vuodenaikoina \u2013 olipa kes\u00e4ll\u00e4 viile\u00e4mpi tai talvella l\u00e4mpim\u00e4mpi. Lis\u00e4ksi vuodevaatteet ovat helppohoitoisia ja konepest\u00e4vi\u00e4, joten ne ovat t\u00e4ydelliset p\u00e4ivitt\u00e4iseen k\u00e4ytt\u00f6\u00f6n. P\u00e4ivit\u00e4 makuuhuoneesi kauniilla satiiniset vuodevaatteet ja nauti ylellisest\u00e4 mukavuudesta, jota olet aina halunnut!<\/p>\n","protected":false},"excerpt":{"rendered":"<p>Satiiniset vuodevaatteet on hell\u00e4varainen iholle ja hengitt\u00e4v\u00e4, mik\u00e4 takaa ihanteellisen nukkumisymp\u00e4rist\u00f6n.<\/p>\n<ul>\n<li>Materiaali: 100% puuvillaa<\/li>\n<li>Kangas: Satiini<\/li>\n<li>Lankaluku: 300 TC<\/li>\n<li>Pussilakana: 200\u00d7220 cm<\/li>\n<li>Tyynyliina: 50\u00d775 cm (2kpl)<\/li>\n<li>Lakana: Ei sis\u00e4lly<\/li>\n<li>Mukavuus: Hengitt\u00e4v\u00e4 ja pehme\u00e4 rakenne<\/li>\n<\/ul>\n<p><img loading=\"lazy\" decoding=\"async\" class=\"alignnone size-full wp-image-24729\" src=\"https:\/\/aztex.ee\/wp-content\/uploads\/2024\/09\/cottonlogo33.png\" alt=\"\" width=\"165\" height=\"73\" srcset=\"https:\/\/aztex.ee\/wp-content\/uploads\/2024\/09\/cottonlogo33.png 165w, https:\/\/aztex.ee\/wp-content\/uploads\/2024\/09\/cottonlogo33-150x66.png 150w\" sizes=\"auto, (max-width: 165px) 100vw, 165px\" \/><\/p>\n","protected":false},"featured_media":25064,"comment_status":"open","ping_status":"closed","template":"","meta":[],"product_brand":[],"product_cat":[264,165,598,378,497,132],"product_tag":[],"class_list":{"0":"post-25003","1":"product","2":"type-product","3":"status-publish","4":"has-post-thumbnail","6":"product_cat-puuvillainen-pussilakanasetti-200-220","7":"product_cat-puuvillaiset-vuodevaatteet","8":"product_cat-satiiniset-vuodevaatesetit","9":"product_cat-satiiniset-vuodevaatteet","10":"product_cat-vuodevaatesetit","11":"product_cat-vuodevaatteet","13":"first","14":"instock","15":"shipping-taxable","16":"purchasable","17":"product-type-simple"},"yoast_head":"<!-- This site is optimized with the Yoast SEO plugin v27.4 - https:\/\/yoast.com\/product\/yoast-seo-wordpress\/ -->\n<title>Satiiniset vuodevaatteet setti | Delhi | AZTEX<\/title>\n<meta name=\"description\" content=\"100% puuvillasatiini vuodevaatteet setti eleganteilla laventelikuvioilla tuo luonnon inspiroimaa eleganssia makuuhuoneeseesi. Se tarjoaa mukavan unen ...\" \/>\n<meta name=\"robots\" content=\"index, follow, max-snippet:-1, max-image-preview:large, max-video-preview:-1\" \/>\n<link rel=\"canonical\" href=\"https:\/\/aztex.ee\/fi\/pood\/vuodevaatteet\/satiiniset-vuodevaatteet-setti-delhi\/\" \/>\n<meta property=\"og:locale\" content=\"fi_FI\" \/>\n<meta property=\"og:type\" content=\"article\" \/>\n<meta property=\"og:title\" content=\"Satiiniset vuodevaatteet setti | Delhi | AZTEX\" \/>\n<meta property=\"og:description\" content=\"100% puuvillasatiini vuodevaatteet setti eleganteilla laventelikuvioilla tuo luonnon inspiroimaa eleganssia makuuhuoneeseesi. Se tarjoaa mukavan unen ...\" \/>\n<meta property=\"og:url\" content=\"https:\/\/aztex.ee\/fi\/pood\/vuodevaatteet\/satiiniset-vuodevaatteet-setti-delhi\/\" \/>\n<meta property=\"og:site_name\" content=\"AZTEX\" \/>\n<meta property=\"article:publisher\" content=\"https:\/\/www.facebook.com\/AztexEE\" \/>\n<meta property=\"article:modified_time\" content=\"2026-01-25T14:28:29+00:00\" \/>\n<meta property=\"og:image\" content=\"https:\/\/aztex.ee\/wp-content\/uploads\/2024\/09\/Satiinist-voodipesukomplekt-3-1.jpg\" \/>\n\t<meta property=\"og:image:width\" content=\"800\" \/>\n\t<meta property=\"og:image:height\" content=\"800\" \/>\n\t<meta property=\"og:image:type\" content=\"image\/jpeg\" \/>\n<meta name=\"twitter:card\" content=\"summary_large_image\" \/>\n<meta name=\"twitter:label1\" content=\"Arvioitu lukuaika\" \/>\n\t<meta name=\"twitter:data1\" content=\"1 minuutti\" \/>\n<script type=\"application\/ld+json\" class=\"yoast-schema-graph\">{\"@context\":\"https:\\\/\\\/schema.org\",\"@graph\":[{\"@type\":[\"WebPage\",\"ItemPage\"],\"@id\":\"https:\\\/\\\/aztex.ee\\\/fi\\\/pood\\\/vuodevaatteet\\\/satiiniset-vuodevaatteet-setti-delhi\\\/\",\"url\":\"https:\\\/\\\/aztex.ee\\\/fi\\\/pood\\\/vuodevaatteet\\\/satiiniset-vuodevaatteet-setti-delhi\\\/\",\"name\":\"Satiiniset vuodevaatteet setti | Delhi | AZTEX\",\"isPartOf\":{\"@id\":\"https:\\\/\\\/aztex.ee\\\/fi\\\/#website\"},\"primaryImageOfPage\":{\"@id\":\"https:\\\/\\\/aztex.ee\\\/fi\\\/pood\\\/vuodevaatteet\\\/satiiniset-vuodevaatteet-setti-delhi\\\/#primaryimage\"},\"image\":{\"@id\":\"https:\\\/\\\/aztex.ee\\\/fi\\\/pood\\\/vuodevaatteet\\\/satiiniset-vuodevaatteet-setti-delhi\\\/#primaryimage\"},\"thumbnailUrl\":\"https:\\\/\\\/aztex.ee\\\/wp-content\\\/uploads\\\/2024\\\/09\\\/Satiinist-voodipesukomplekt-3-1.jpg\",\"datePublished\":\"2024-09-29T09:55:02+00:00\",\"dateModified\":\"2026-01-25T14:28:29+00:00\",\"description\":\"100% puuvillasatiini vuodevaatteet setti eleganteilla laventelikuvioilla tuo luonnon inspiroimaa eleganssia makuuhuoneeseesi. Se tarjoaa mukavan unen ...\",\"breadcrumb\":{\"@id\":\"https:\\\/\\\/aztex.ee\\\/fi\\\/pood\\\/vuodevaatteet\\\/satiiniset-vuodevaatteet-setti-delhi\\\/#breadcrumb\"},\"inLanguage\":\"fi\",\"potentialAction\":[{\"@type\":\"ReadAction\",\"target\":[\"https:\\\/\\\/aztex.ee\\\/fi\\\/pood\\\/vuodevaatteet\\\/satiiniset-vuodevaatteet-setti-delhi\\\/\"]}]},{\"@type\":\"ImageObject\",\"inLanguage\":\"fi\",\"@id\":\"https:\\\/\\\/aztex.ee\\\/fi\\\/pood\\\/vuodevaatteet\\\/satiiniset-vuodevaatteet-setti-delhi\\\/#primaryimage\",\"url\":\"https:\\\/\\\/aztex.ee\\\/wp-content\\\/uploads\\\/2024\\\/09\\\/Satiinist-voodipesukomplekt-3-1.jpg\",\"contentUrl\":\"https:\\\/\\\/aztex.ee\\\/wp-content\\\/uploads\\\/2024\\\/09\\\/Satiinist-voodipesukomplekt-3-1.jpg\",\"width\":800,\"height\":800},{\"@type\":\"BreadcrumbList\",\"@id\":\"https:\\\/\\\/aztex.ee\\\/fi\\\/pood\\\/vuodevaatteet\\\/satiiniset-vuodevaatteet-setti-delhi\\\/#breadcrumb\",\"itemListElement\":[{\"@type\":\"ListItem\",\"position\":1,\"name\":\"Etusivu\",\"item\":\"https:\\\/\\\/aztex.ee\\\/fi\\\/\"},{\"@type\":\"ListItem\",\"position\":2,\"name\":\"Verkkokauppa\",\"item\":\"https:\\\/\\\/aztex.ee\\\/fi\\\/verkkokauppa\\\/\"},{\"@type\":\"ListItem\",\"position\":3,\"name\":\"Satiiniset vuodevaatteet setti | Delhi\"}]},{\"@type\":\"WebSite\",\"@id\":\"https:\\\/\\\/aztex.ee\\\/fi\\\/#website\",\"url\":\"https:\\\/\\\/aztex.ee\\\/fi\\\/\",\"name\":\"AZTEX\",\"description\":\"\",\"publisher\":{\"@id\":\"https:\\\/\\\/aztex.ee\\\/fi\\\/#organization\"},\"potentialAction\":[{\"@type\":\"SearchAction\",\"target\":{\"@type\":\"EntryPoint\",\"urlTemplate\":\"https:\\\/\\\/aztex.ee\\\/fi\\\/?s={search_term_string}\"},\"query-input\":{\"@type\":\"PropertyValueSpecification\",\"valueRequired\":true,\"valueName\":\"search_term_string\"}}],\"inLanguage\":\"fi\"},{\"@type\":\"Organization\",\"@id\":\"https:\\\/\\\/aztex.ee\\\/fi\\\/#organization\",\"name\":\"AZTEX\",\"url\":\"https:\\\/\\\/aztex.ee\\\/fi\\\/\",\"logo\":{\"@type\":\"ImageObject\",\"inLanguage\":\"fi\",\"@id\":\"https:\\\/\\\/aztex.ee\\\/fi\\\/#\\\/schema\\\/logo\\\/image\\\/\",\"url\":\"https:\\\/\\\/aztex.ee\\\/wp-content\\\/uploads\\\/2026\\\/01\\\/AZTEX.png\",\"contentUrl\":\"https:\\\/\\\/aztex.ee\\\/wp-content\\\/uploads\\\/2026\\\/01\\\/AZTEX.png\",\"width\":500,\"height\":500,\"caption\":\"AZTEX\"},\"image\":{\"@id\":\"https:\\\/\\\/aztex.ee\\\/fi\\\/#\\\/schema\\\/logo\\\/image\\\/\"},\"sameAs\":[\"https:\\\/\\\/www.facebook.com\\\/AztexEE\",\"https:\\\/\\\/www.instagram.com\\\/aztexeesti\\\/\",\"https:\\\/\\\/www.youtube.com\\\/@AZTEXEE\",\"https:\\\/\\\/www.pinterest.com\\\/aztex_eesti\\\/\",\"https:\\\/\\\/www.tiktok.com\\\/@aztexeesti\",\"https:\\\/\\\/www.trustpilot.com\\\/review\\\/aztex.ee\",\"https:\\\/\\\/www.linkedin.com\\\/company\\\/aztex-ee\\\/\",\"https:\\\/\\\/www.wikidata.org\\\/wiki\\\/Q137560182\"]}]}<\/script>\n<!-- \/ Yoast SEO plugin. -->","yoast_head_json":{"title":"Satiiniset vuodevaatteet setti | Delhi | AZTEX","description":"100% puuvillasatiini vuodevaatteet setti eleganteilla laventelikuvioilla tuo luonnon inspiroimaa eleganssia makuuhuoneeseesi. Se tarjoaa mukavan unen ...","robots":{"index":"index","follow":"follow","max-snippet":"max-snippet:-1","max-image-preview":"max-image-preview:large","max-video-preview":"max-video-preview:-1"},"canonical":"https:\/\/aztex.ee\/fi\/pood\/vuodevaatteet\/satiiniset-vuodevaatteet-setti-delhi\/","og_locale":"fi_FI","og_type":"article","og_title":"Satiiniset vuodevaatteet setti | Delhi | AZTEX","og_description":"100% puuvillasatiini vuodevaatteet setti eleganteilla laventelikuvioilla tuo luonnon inspiroimaa eleganssia makuuhuoneeseesi. Se tarjoaa mukavan unen ...","og_url":"https:\/\/aztex.ee\/fi\/pood\/vuodevaatteet\/satiiniset-vuodevaatteet-setti-delhi\/","og_site_name":"AZTEX","article_publisher":"https:\/\/www.facebook.com\/AztexEE","article_modified_time":"2026-01-25T14:28:29+00:00","og_image":[{"width":800,"height":800,"url":"https:\/\/aztex.ee\/wp-content\/uploads\/2024\/09\/Satiinist-voodipesukomplekt-3-1.jpg","type":"image\/jpeg"}],"twitter_card":"summary_large_image","twitter_misc":{"Arvioitu lukuaika":"1 minuutti"},"schema":{"@context":"https:\/\/schema.org","@graph":[{"@type":["WebPage","ItemPage"],"@id":"https:\/\/aztex.ee\/fi\/pood\/vuodevaatteet\/satiiniset-vuodevaatteet-setti-delhi\/","url":"https:\/\/aztex.ee\/fi\/pood\/vuodevaatteet\/satiiniset-vuodevaatteet-setti-delhi\/","name":"Satiiniset vuodevaatteet setti | Delhi | AZTEX","isPartOf":{"@id":"https:\/\/aztex.ee\/fi\/#website"},"primaryImageOfPage":{"@id":"https:\/\/aztex.ee\/fi\/pood\/vuodevaatteet\/satiiniset-vuodevaatteet-setti-delhi\/#primaryimage"},"image":{"@id":"https:\/\/aztex.ee\/fi\/pood\/vuodevaatteet\/satiiniset-vuodevaatteet-setti-delhi\/#primaryimage"},"thumbnailUrl":"https:\/\/aztex.ee\/wp-content\/uploads\/2024\/09\/Satiinist-voodipesukomplekt-3-1.jpg","datePublished":"2024-09-29T09:55:02+00:00","dateModified":"2026-01-25T14:28:29+00:00","description":"100% puuvillasatiini vuodevaatteet setti eleganteilla laventelikuvioilla tuo luonnon inspiroimaa eleganssia makuuhuoneeseesi. Se tarjoaa mukavan unen ...","breadcrumb":{"@id":"https:\/\/aztex.ee\/fi\/pood\/vuodevaatteet\/satiiniset-vuodevaatteet-setti-delhi\/#breadcrumb"},"inLanguage":"fi","potentialAction":[{"@type":"ReadAction","target":["https:\/\/aztex.ee\/fi\/pood\/vuodevaatteet\/satiiniset-vuodevaatteet-setti-delhi\/"]}]},{"@type":"ImageObject","inLanguage":"fi","@id":"https:\/\/aztex.ee\/fi\/pood\/vuodevaatteet\/satiiniset-vuodevaatteet-setti-delhi\/#primaryimage","url":"https:\/\/aztex.ee\/wp-content\/uploads\/2024\/09\/Satiinist-voodipesukomplekt-3-1.jpg","contentUrl":"https:\/\/aztex.ee\/wp-content\/uploads\/2024\/09\/Satiinist-voodipesukomplekt-3-1.jpg","width":800,"height":800},{"@type":"BreadcrumbList","@id":"https:\/\/aztex.ee\/fi\/pood\/vuodevaatteet\/satiiniset-vuodevaatteet-setti-delhi\/#breadcrumb","itemListElement":[{"@type":"ListItem","position":1,"name":"Etusivu","item":"https:\/\/aztex.ee\/fi\/"},{"@type":"ListItem","position":2,"name":"Verkkokauppa","item":"https:\/\/aztex.ee\/fi\/verkkokauppa\/"},{"@type":"ListItem","position":3,"name":"Satiiniset vuodevaatteet setti | Delhi"}]},{"@type":"WebSite","@id":"https:\/\/aztex.ee\/fi\/#website","url":"https:\/\/aztex.ee\/fi\/","name":"AZTEX","description":"","publisher":{"@id":"https:\/\/aztex.ee\/fi\/#organization"},"potentialAction":[{"@type":"SearchAction","target":{"@type":"EntryPoint","urlTemplate":"https:\/\/aztex.ee\/fi\/?s={search_term_string}"},"query-input":{"@type":"PropertyValueSpecification","valueRequired":true,"valueName":"search_term_string"}}],"inLanguage":"fi"},{"@type":"Organization","@id":"https:\/\/aztex.ee\/fi\/#organization","name":"AZTEX","url":"https:\/\/aztex.ee\/fi\/","logo":{"@type":"ImageObject","inLanguage":"fi","@id":"https:\/\/aztex.ee\/fi\/#\/schema\/logo\/image\/","url":"https:\/\/aztex.ee\/wp-content\/uploads\/2026\/01\/AZTEX.png","contentUrl":"https:\/\/aztex.ee\/wp-content\/uploads\/2026\/01\/AZTEX.png","width":500,"height":500,"caption":"AZTEX"},"image":{"@id":"https:\/\/aztex.ee\/fi\/#\/schema\/logo\/image\/"},"sameAs":["https:\/\/www.facebook.com\/AztexEE","https:\/\/www.instagram.com\/aztexeesti\/","https:\/\/www.youtube.com\/@AZTEXEE","https:\/\/www.pinterest.com\/aztex_eesti\/","https:\/\/www.tiktok.com\/@aztexeesti","https:\/\/www.trustpilot.com\/review\/aztex.ee","https:\/\/www.linkedin.com\/company\/aztex-ee\/","https:\/\/www.wikidata.org\/wiki\/Q137560182"]}]}},"_links":{"self":[{"href":"https:\/\/aztex.ee\/fi\/wp-json\/wp\/v2\/product\/25003","targetHints":{"allow":["GET"]}}],"collection":[{"href":"https:\/\/aztex.ee\/fi\/wp-json\/wp\/v2\/product"}],"about":[{"href":"https:\/\/aztex.ee\/fi\/wp-json\/wp\/v2\/types\/product"}],"replies":[{"embeddable":true,"href":"https:\/\/aztex.ee\/fi\/wp-json\/wp\/v2\/comments?post=25003"}],"version-history":[{"count":0,"href":"https:\/\/aztex.ee\/fi\/wp-json\/wp\/v2\/product\/25003\/revisions"}],"wp:featuredmedia":[{"embeddable":true,"href":"https:\/\/aztex.ee\/fi\/wp-json\/wp\/v2\/media\/25064"}],"wp:attachment":[{"href":"https:\/\/aztex.ee\/fi\/wp-json\/wp\/v2\/media?parent=25003"}],"wp:term":[{"taxonomy":"product_brand","embeddable":true,"href":"https:\/\/aztex.ee\/fi\/wp-json\/wp\/v2\/product_brand?post=25003"},{"taxonomy":"product_cat","embeddable":true,"href":"https:\/\/aztex.ee\/fi\/wp-json\/wp\/v2\/product_cat?post=25003"},{"taxonomy":"product_tag","embeddable":true,"href":"https:\/\/aztex.ee\/fi\/wp-json\/wp\/v2\/product_tag?post=25003"}],"curies":[{"name":"wp","href":"https:\/\/api.w.org\/{rel}","templated":true}]}}