{"id":21260,"date":"2024-09-15T09:16:08","date_gmt":"2024-09-15T09:16:08","guid":{"rendered":"https:\/\/aztex.ee\/?post_type=product&#038;p=21260"},"modified":"2026-01-10T18:46:03","modified_gmt":"2026-01-10T18:46:03","slug":"hampun-vuodevaatteet-setti-tummansininen","status":"publish","type":"product","link":"https:\/\/aztex.ee\/fi\/pood\/vuodevaatteet\/hampun-vuodevaatteet-setti-tummansininen\/","title":{"rendered":"Hampun vuodevaatteet setti | Tummansininen"},"content":{"rendered":"<p>Hamppu vuodevaatteet on ymp\u00e4rist\u00f6yst\u00e4v\u00e4llinen ja kest\u00e4v\u00e4 valinta. Se on valmistettu hamppukasvin luonnollisista kuiduista, joilla on erilaisia \u200b\u200b\u200b\u200betuja. Hamppukuidut ovat eritt\u00e4in vahvoja ja kest\u00e4vi\u00e4, joten hamppupussilakanat kest\u00e4v\u00e4t pidemp\u00e4\u00e4n kuin useimmat muut kankaat ja niist\u00e4 tulee pehme\u00e4mpi\u00e4 ja mukavampia jokaisella pesulla.<\/p>\n<p>Hampulla on luonnollisia antibakteerisia ominaisuuksia, jotka tekev\u00e4t vuodevaatteista hygieenisi\u00e4 ja auttavat v\u00e4hent\u00e4m\u00e4\u00e4n bakteerien ja allergeenien m\u00e4\u00e4r\u00e4\u00e4 vuodevaatteessasi. T\u00e4m\u00e4 vuodevaatteet sopivat t\u00e4ydellisesti allergioihin tai ihosairauksiin ja takaavat hygieenisemm\u00e4n unen. Koska hamppua pidet\u00e4\u00e4n hypoallergeenisena materiaalina, hamppuvuodevaatteet eiv\u00e4t yleens\u00e4 aiheuta allergisia reaktioita.<\/p>\n<p>-Hampun vuodevaatteet setti on helppohoitoinen, hamppu on konepest\u00e4v\u00e4 ja kuivuu nopeasti.<br \/>\n-Hamppuvuoteet on parasta pest\u00e4 l\u00e4mpim\u00e4ss\u00e4 vedess\u00e4, jotta kuivikkeet pysyv\u00e4t raikkaina ja kauniina pidemp\u00e4\u00e4n. Veden l\u00e4mp\u00f6tilan tulee olla 30-40 astetta.<br \/>\n&#8211; Suosittelemme kuivaamista alhaisella nopeudella, jotta kangas ei repeydy.<br \/>\n-Hampun luonnollinen ulkon\u00e4k\u00f6 on hieman ryppyinen. Jos haluat kuitenkin, ett\u00e4 lakanat ovat sileit\u00e4, voit silitt\u00e4\u00e4 ne miedolla l\u00e4mm\u00f6ll\u00e4.<\/p>\n<p>Hamppuvuodevaatteet on pakattu samasta kankaasta valmistettuun pussiin.<\/p>\n","protected":false},"excerpt":{"rendered":"<p>100 % hamppu vuodevaatteet on hypoallergeeninen ja antibakteerinen.<\/p>\n<p>V\u00e4ri: Tummansininen<br \/>\nMateriaali: 100 % hamppu, 180 g\/m2<br \/>\nPussilakana: 200\u00d7220 cm<br \/>\nTyynyliina: 50\u00d770 cm (2 kpl)<\/p>\n<p><img loading=\"lazy\" decoding=\"async\" class=\"alignnone size-full wp-image-20226\" src=\"https:\/\/aztex.ee\/wp-content\/uploads\/2024\/09\/oekotex100.png\" alt=\"\" width=\"204\" height=\"72\" srcset=\"https:\/\/aztex.ee\/wp-content\/uploads\/2024\/09\/oekotex100.png 204w, https:\/\/aztex.ee\/wp-content\/uploads\/2024\/09\/oekotex100-150x53.png 150w\" sizes=\"auto, (max-width: 204px) 100vw, 204px\" \/><img loading=\"lazy\" decoding=\"async\" class=\"alignnone wp-image-20896\" src=\"https:\/\/aztex.ee\/wp-content\/uploads\/2024\/09\/NATURALHEMP.png\" alt=\"\" width=\"79\" height=\"79\" srcset=\"https:\/\/aztex.ee\/wp-content\/uploads\/2024\/09\/NATURALHEMP.png 300w, https:\/\/aztex.ee\/wp-content\/uploads\/2024\/09\/NATURALHEMP-150x150.png 150w\" sizes=\"auto, (max-width: 79px) 100vw, 79px\" \/><\/p>\n","protected":false},"featured_media":21277,"comment_status":"open","ping_status":"closed","template":"","meta":[],"product_brand":[],"product_cat":[152,420,497,132],"product_tag":[],"class_list":{"0":"post-21260","1":"product","2":"type-product","3":"status-publish","4":"has-post-thumbnail","6":"product_cat-hamppu-vuodevaatteet","7":"product_cat-hampun-vuodevaatteet-setit","8":"product_cat-vuodevaatesetit","9":"product_cat-vuodevaatteet","11":"first","12":"instock","13":"sale","14":"shipping-taxable","15":"purchasable","16":"product-type-simple"},"yoast_head":"<!-- This site is optimized with the Yoast SEO plugin v27.4 - https:\/\/yoast.com\/product\/yoast-seo-wordpress\/ -->\n<title>Hampun vuodevaatteet setti | Tummansininen | AZTEX<\/title>\n<meta name=\"description\" content=\"Hamppu vuodevaatteet on ymp\u00e4rist\u00f6yst\u00e4v\u00e4llinen ja kest\u00e4v\u00e4 valinta. Se on valmistettu hamppukasvin luonnollisista kuiduista, joilla on erilaisia \u200b\u200b\u200b\u200betuja...\" \/>\n<meta name=\"robots\" content=\"index, follow, max-snippet:-1, max-image-preview:large, max-video-preview:-1\" \/>\n<link rel=\"canonical\" href=\"https:\/\/aztex.ee\/fi\/pood\/vuodevaatteet\/hampun-vuodevaatteet-setti-tummansininen\/\" \/>\n<meta property=\"og:locale\" content=\"fi_FI\" \/>\n<meta property=\"og:type\" content=\"article\" \/>\n<meta property=\"og:title\" content=\"Hampun vuodevaatteet setti | Tummansininen | AZTEX\" \/>\n<meta property=\"og:description\" content=\"Hamppu vuodevaatteet on ymp\u00e4rist\u00f6yst\u00e4v\u00e4llinen ja kest\u00e4v\u00e4 valinta. Se on valmistettu hamppukasvin luonnollisista kuiduista, joilla on erilaisia \u200b\u200b\u200b\u200betuja...\" \/>\n<meta property=\"og:url\" content=\"https:\/\/aztex.ee\/fi\/pood\/vuodevaatteet\/hampun-vuodevaatteet-setti-tummansininen\/\" \/>\n<meta property=\"og:site_name\" content=\"AZTEX\" \/>\n<meta property=\"article:publisher\" content=\"https:\/\/www.facebook.com\/AztexEE\" \/>\n<meta property=\"article:modified_time\" content=\"2026-01-10T18:46:03+00:00\" \/>\n<meta property=\"og:image\" content=\"https:\/\/aztex.ee\/wp-content\/uploads\/2024\/09\/Kanepist-voodipesu-10.jpg\" \/>\n\t<meta property=\"og:image:width\" content=\"800\" \/>\n\t<meta property=\"og:image:height\" content=\"800\" \/>\n\t<meta property=\"og:image:type\" content=\"image\/jpeg\" \/>\n<meta name=\"twitter:card\" content=\"summary_large_image\" \/>\n<meta name=\"twitter:label1\" content=\"Arvioitu lukuaika\" \/>\n\t<meta name=\"twitter:data1\" content=\"1 minuutti\" \/>\n<script type=\"application\/ld+json\" class=\"yoast-schema-graph\">{\"@context\":\"https:\\\/\\\/schema.org\",\"@graph\":[{\"@type\":[\"WebPage\",\"ItemPage\"],\"@id\":\"https:\\\/\\\/aztex.ee\\\/fi\\\/pood\\\/vuodevaatteet\\\/hampun-vuodevaatteet-setti-tummansininen\\\/\",\"url\":\"https:\\\/\\\/aztex.ee\\\/fi\\\/pood\\\/vuodevaatteet\\\/hampun-vuodevaatteet-setti-tummansininen\\\/\",\"name\":\"Hampun vuodevaatteet setti | Tummansininen | AZTEX\",\"isPartOf\":{\"@id\":\"https:\\\/\\\/aztex.ee\\\/fi\\\/#website\"},\"primaryImageOfPage\":{\"@id\":\"https:\\\/\\\/aztex.ee\\\/fi\\\/pood\\\/vuodevaatteet\\\/hampun-vuodevaatteet-setti-tummansininen\\\/#primaryimage\"},\"image\":{\"@id\":\"https:\\\/\\\/aztex.ee\\\/fi\\\/pood\\\/vuodevaatteet\\\/hampun-vuodevaatteet-setti-tummansininen\\\/#primaryimage\"},\"thumbnailUrl\":\"https:\\\/\\\/aztex.ee\\\/wp-content\\\/uploads\\\/2024\\\/09\\\/Kanepist-voodipesu-10.jpg\",\"datePublished\":\"2024-09-15T09:16:08+00:00\",\"dateModified\":\"2026-01-10T18:46:03+00:00\",\"description\":\"Hamppu vuodevaatteet on ymp\u00e4rist\u00f6yst\u00e4v\u00e4llinen ja kest\u00e4v\u00e4 valinta. Se on valmistettu hamppukasvin luonnollisista kuiduista, joilla on erilaisia \u200b\u200b\u200b\u200betuja...\",\"breadcrumb\":{\"@id\":\"https:\\\/\\\/aztex.ee\\\/fi\\\/pood\\\/vuodevaatteet\\\/hampun-vuodevaatteet-setti-tummansininen\\\/#breadcrumb\"},\"inLanguage\":\"fi\",\"potentialAction\":[{\"@type\":\"ReadAction\",\"target\":[\"https:\\\/\\\/aztex.ee\\\/fi\\\/pood\\\/vuodevaatteet\\\/hampun-vuodevaatteet-setti-tummansininen\\\/\"]}]},{\"@type\":\"ImageObject\",\"inLanguage\":\"fi\",\"@id\":\"https:\\\/\\\/aztex.ee\\\/fi\\\/pood\\\/vuodevaatteet\\\/hampun-vuodevaatteet-setti-tummansininen\\\/#primaryimage\",\"url\":\"https:\\\/\\\/aztex.ee\\\/wp-content\\\/uploads\\\/2024\\\/09\\\/Kanepist-voodipesu-10.jpg\",\"contentUrl\":\"https:\\\/\\\/aztex.ee\\\/wp-content\\\/uploads\\\/2024\\\/09\\\/Kanepist-voodipesu-10.jpg\",\"width\":800,\"height\":800,\"caption\":\"Kanepist voodilina\"},{\"@type\":\"BreadcrumbList\",\"@id\":\"https:\\\/\\\/aztex.ee\\\/fi\\\/pood\\\/vuodevaatteet\\\/hampun-vuodevaatteet-setti-tummansininen\\\/#breadcrumb\",\"itemListElement\":[{\"@type\":\"ListItem\",\"position\":1,\"name\":\"Etusivu\",\"item\":\"https:\\\/\\\/aztex.ee\\\/fi\\\/\"},{\"@type\":\"ListItem\",\"position\":2,\"name\":\"Verkkokauppa\",\"item\":\"https:\\\/\\\/aztex.ee\\\/fi\\\/verkkokauppa\\\/\"},{\"@type\":\"ListItem\",\"position\":3,\"name\":\"Hampun vuodevaatteet setti | Tummansininen\"}]},{\"@type\":\"WebSite\",\"@id\":\"https:\\\/\\\/aztex.ee\\\/fi\\\/#website\",\"url\":\"https:\\\/\\\/aztex.ee\\\/fi\\\/\",\"name\":\"AZTEX\",\"description\":\"\",\"publisher\":{\"@id\":\"https:\\\/\\\/aztex.ee\\\/fi\\\/#organization\"},\"potentialAction\":[{\"@type\":\"SearchAction\",\"target\":{\"@type\":\"EntryPoint\",\"urlTemplate\":\"https:\\\/\\\/aztex.ee\\\/fi\\\/?s={search_term_string}\"},\"query-input\":{\"@type\":\"PropertyValueSpecification\",\"valueRequired\":true,\"valueName\":\"search_term_string\"}}],\"inLanguage\":\"fi\"},{\"@type\":\"Organization\",\"@id\":\"https:\\\/\\\/aztex.ee\\\/fi\\\/#organization\",\"name\":\"AZTEX\",\"url\":\"https:\\\/\\\/aztex.ee\\\/fi\\\/\",\"logo\":{\"@type\":\"ImageObject\",\"inLanguage\":\"fi\",\"@id\":\"https:\\\/\\\/aztex.ee\\\/fi\\\/#\\\/schema\\\/logo\\\/image\\\/\",\"url\":\"https:\\\/\\\/aztex.ee\\\/wp-content\\\/uploads\\\/2026\\\/01\\\/AZTEX.png\",\"contentUrl\":\"https:\\\/\\\/aztex.ee\\\/wp-content\\\/uploads\\\/2026\\\/01\\\/AZTEX.png\",\"width\":500,\"height\":500,\"caption\":\"AZTEX\"},\"image\":{\"@id\":\"https:\\\/\\\/aztex.ee\\\/fi\\\/#\\\/schema\\\/logo\\\/image\\\/\"},\"sameAs\":[\"https:\\\/\\\/www.facebook.com\\\/AztexEE\",\"https:\\\/\\\/www.instagram.com\\\/aztexeesti\\\/\",\"https:\\\/\\\/www.youtube.com\\\/@AZTEXEE\",\"https:\\\/\\\/www.pinterest.com\\\/aztex_eesti\\\/\",\"https:\\\/\\\/www.tiktok.com\\\/@aztexeesti\",\"https:\\\/\\\/www.trustpilot.com\\\/review\\\/aztex.ee\",\"https:\\\/\\\/www.linkedin.com\\\/company\\\/aztex-ee\\\/\",\"https:\\\/\\\/www.wikidata.org\\\/wiki\\\/Q137560182\"]}]}<\/script>\n<!-- \/ Yoast SEO plugin. -->","yoast_head_json":{"title":"Hampun vuodevaatteet setti | Tummansininen | AZTEX","description":"Hamppu vuodevaatteet on ymp\u00e4rist\u00f6yst\u00e4v\u00e4llinen ja kest\u00e4v\u00e4 valinta. Se on valmistettu hamppukasvin luonnollisista kuiduista, joilla on erilaisia \u200b\u200b\u200b\u200betuja...","robots":{"index":"index","follow":"follow","max-snippet":"max-snippet:-1","max-image-preview":"max-image-preview:large","max-video-preview":"max-video-preview:-1"},"canonical":"https:\/\/aztex.ee\/fi\/pood\/vuodevaatteet\/hampun-vuodevaatteet-setti-tummansininen\/","og_locale":"fi_FI","og_type":"article","og_title":"Hampun vuodevaatteet setti | Tummansininen | AZTEX","og_description":"Hamppu vuodevaatteet on ymp\u00e4rist\u00f6yst\u00e4v\u00e4llinen ja kest\u00e4v\u00e4 valinta. Se on valmistettu hamppukasvin luonnollisista kuiduista, joilla on erilaisia \u200b\u200b\u200b\u200betuja...","og_url":"https:\/\/aztex.ee\/fi\/pood\/vuodevaatteet\/hampun-vuodevaatteet-setti-tummansininen\/","og_site_name":"AZTEX","article_publisher":"https:\/\/www.facebook.com\/AztexEE","article_modified_time":"2026-01-10T18:46:03+00:00","og_image":[{"width":800,"height":800,"url":"https:\/\/aztex.ee\/wp-content\/uploads\/2024\/09\/Kanepist-voodipesu-10.jpg","type":"image\/jpeg"}],"twitter_card":"summary_large_image","twitter_misc":{"Arvioitu lukuaika":"1 minuutti"},"schema":{"@context":"https:\/\/schema.org","@graph":[{"@type":["WebPage","ItemPage"],"@id":"https:\/\/aztex.ee\/fi\/pood\/vuodevaatteet\/hampun-vuodevaatteet-setti-tummansininen\/","url":"https:\/\/aztex.ee\/fi\/pood\/vuodevaatteet\/hampun-vuodevaatteet-setti-tummansininen\/","name":"Hampun vuodevaatteet setti | Tummansininen | AZTEX","isPartOf":{"@id":"https:\/\/aztex.ee\/fi\/#website"},"primaryImageOfPage":{"@id":"https:\/\/aztex.ee\/fi\/pood\/vuodevaatteet\/hampun-vuodevaatteet-setti-tummansininen\/#primaryimage"},"image":{"@id":"https:\/\/aztex.ee\/fi\/pood\/vuodevaatteet\/hampun-vuodevaatteet-setti-tummansininen\/#primaryimage"},"thumbnailUrl":"https:\/\/aztex.ee\/wp-content\/uploads\/2024\/09\/Kanepist-voodipesu-10.jpg","datePublished":"2024-09-15T09:16:08+00:00","dateModified":"2026-01-10T18:46:03+00:00","description":"Hamppu vuodevaatteet on ymp\u00e4rist\u00f6yst\u00e4v\u00e4llinen ja kest\u00e4v\u00e4 valinta. Se on valmistettu hamppukasvin luonnollisista kuiduista, joilla on erilaisia \u200b\u200b\u200b\u200betuja...","breadcrumb":{"@id":"https:\/\/aztex.ee\/fi\/pood\/vuodevaatteet\/hampun-vuodevaatteet-setti-tummansininen\/#breadcrumb"},"inLanguage":"fi","potentialAction":[{"@type":"ReadAction","target":["https:\/\/aztex.ee\/fi\/pood\/vuodevaatteet\/hampun-vuodevaatteet-setti-tummansininen\/"]}]},{"@type":"ImageObject","inLanguage":"fi","@id":"https:\/\/aztex.ee\/fi\/pood\/vuodevaatteet\/hampun-vuodevaatteet-setti-tummansininen\/#primaryimage","url":"https:\/\/aztex.ee\/wp-content\/uploads\/2024\/09\/Kanepist-voodipesu-10.jpg","contentUrl":"https:\/\/aztex.ee\/wp-content\/uploads\/2024\/09\/Kanepist-voodipesu-10.jpg","width":800,"height":800,"caption":"Kanepist voodilina"},{"@type":"BreadcrumbList","@id":"https:\/\/aztex.ee\/fi\/pood\/vuodevaatteet\/hampun-vuodevaatteet-setti-tummansininen\/#breadcrumb","itemListElement":[{"@type":"ListItem","position":1,"name":"Etusivu","item":"https:\/\/aztex.ee\/fi\/"},{"@type":"ListItem","position":2,"name":"Verkkokauppa","item":"https:\/\/aztex.ee\/fi\/verkkokauppa\/"},{"@type":"ListItem","position":3,"name":"Hampun vuodevaatteet setti | Tummansininen"}]},{"@type":"WebSite","@id":"https:\/\/aztex.ee\/fi\/#website","url":"https:\/\/aztex.ee\/fi\/","name":"AZTEX","description":"","publisher":{"@id":"https:\/\/aztex.ee\/fi\/#organization"},"potentialAction":[{"@type":"SearchAction","target":{"@type":"EntryPoint","urlTemplate":"https:\/\/aztex.ee\/fi\/?s={search_term_string}"},"query-input":{"@type":"PropertyValueSpecification","valueRequired":true,"valueName":"search_term_string"}}],"inLanguage":"fi"},{"@type":"Organization","@id":"https:\/\/aztex.ee\/fi\/#organization","name":"AZTEX","url":"https:\/\/aztex.ee\/fi\/","logo":{"@type":"ImageObject","inLanguage":"fi","@id":"https:\/\/aztex.ee\/fi\/#\/schema\/logo\/image\/","url":"https:\/\/aztex.ee\/wp-content\/uploads\/2026\/01\/AZTEX.png","contentUrl":"https:\/\/aztex.ee\/wp-content\/uploads\/2026\/01\/AZTEX.png","width":500,"height":500,"caption":"AZTEX"},"image":{"@id":"https:\/\/aztex.ee\/fi\/#\/schema\/logo\/image\/"},"sameAs":["https:\/\/www.facebook.com\/AztexEE","https:\/\/www.instagram.com\/aztexeesti\/","https:\/\/www.youtube.com\/@AZTEXEE","https:\/\/www.pinterest.com\/aztex_eesti\/","https:\/\/www.tiktok.com\/@aztexeesti","https:\/\/www.trustpilot.com\/review\/aztex.ee","https:\/\/www.linkedin.com\/company\/aztex-ee\/","https:\/\/www.wikidata.org\/wiki\/Q137560182"]}]}},"_links":{"self":[{"href":"https:\/\/aztex.ee\/fi\/wp-json\/wp\/v2\/product\/21260","targetHints":{"allow":["GET"]}}],"collection":[{"href":"https:\/\/aztex.ee\/fi\/wp-json\/wp\/v2\/product"}],"about":[{"href":"https:\/\/aztex.ee\/fi\/wp-json\/wp\/v2\/types\/product"}],"replies":[{"embeddable":true,"href":"https:\/\/aztex.ee\/fi\/wp-json\/wp\/v2\/comments?post=21260"}],"version-history":[{"count":0,"href":"https:\/\/aztex.ee\/fi\/wp-json\/wp\/v2\/product\/21260\/revisions"}],"wp:featuredmedia":[{"embeddable":true,"href":"https:\/\/aztex.ee\/fi\/wp-json\/wp\/v2\/media\/21277"}],"wp:attachment":[{"href":"https:\/\/aztex.ee\/fi\/wp-json\/wp\/v2\/media?parent=21260"}],"wp:term":[{"taxonomy":"product_brand","embeddable":true,"href":"https:\/\/aztex.ee\/fi\/wp-json\/wp\/v2\/product_brand?post=21260"},{"taxonomy":"product_cat","embeddable":true,"href":"https:\/\/aztex.ee\/fi\/wp-json\/wp\/v2\/product_cat?post=21260"},{"taxonomy":"product_tag","embeddable":true,"href":"https:\/\/aztex.ee\/fi\/wp-json\/wp\/v2\/product_tag?post=21260"}],"curies":[{"name":"wp","href":"https:\/\/api.w.org\/{rel}","templated":true}]}}