{"id":108463,"date":"2026-03-28T20:24:37","date_gmt":"2026-03-28T20:24:37","guid":{"rendered":"https:\/\/aztex.ee\/?post_type=product&#038;p=108463"},"modified":"2026-03-28T20:48:54","modified_gmt":"2026-03-28T20:48:54","slug":"bambu-lakana-nude-vari","status":"publish","type":"product","link":"https:\/\/aztex.ee\/fi\/pood\/bambu-lakanat\/bambu-lakana-nude-vari\/","title":{"rendered":"Bambu lakana \u2013 Nude-v\u00e4ri"},"content":{"rendered":"<p>Bambu on luonnostaan \u200b\u200bpehme\u00e4\u00e4, hengitt\u00e4v\u00e4\u00e4 ja kest\u00e4v\u00e4\u00e4, joten se on ihanteellinen valinta kodin tekstiileihin. Bambukuidut ovat silkinpehmeit\u00e4 ja asettuvat hell\u00e4sti iholle tarjoten ylellist\u00e4 mukavuutta jokap\u00e4iv\u00e4isess\u00e4 k\u00e4yt\u00f6ss\u00e4. Lis\u00e4ksi t\u00e4m\u00e4 materiaali imee erinomaisesti kosteutta, mik\u00e4 auttaa pit\u00e4m\u00e4\u00e4n ihon kuivana ja takaa raikkaan tunteen koko y\u00f6n ajan.<\/p>\n<p>Yksi bambun erityisominaisuuksista on sen luonnolliset antibakteeriset ja hypoallergeeniset ominaisuudet. T\u00e4m\u00e4 auttaa v\u00e4hent\u00e4m\u00e4\u00e4n ep\u00e4miellytt\u00e4vien hajujen ja bakteerien levi\u00e4mist\u00e4, jolloin bambusta valmistetut tuotteet sopivat erityisen hyvin herkk\u00e4ihoisille. Lis\u00e4ksi bambukuidut voivat s\u00e4\u00e4dell\u00e4 l\u00e4mp\u00f6tilaa tarjoten viileytt\u00e4 kes\u00e4ll\u00e4 ja l\u00e4mp\u00f6\u00e4 talvella.<\/p>\n<p>Bambu on my\u00f6s kest\u00e4v\u00e4 materiaali, joka kasvaa nopeasti ja vaatii huomattavasti v\u00e4hemm\u00e4n vett\u00e4 kasvaakseen kuin monet muut kuidut. T\u00e4m\u00e4 tekee bambutekstiileist\u00e4 ymp\u00e4rist\u00f6yst\u00e4v\u00e4llisen valinnan, jossa yhdistyv\u00e4t luontol\u00e4heinen el\u00e4m\u00e4ntapa ensiluokkaiseen mukavuuteen.<\/p>\n","protected":false},"excerpt":{"rendered":"<p>Bambu Lakanat takaavat raikkaan unen, koska ne ovat antibakteerisia ja silkin pehmeit\u00e4.<\/p>\n<ul>\n<li>V\u00e4ri: Nude-v\u00e4ri<\/li>\n<li>Materiaali: 100% bambu<\/li>\n<li>Kuituluettelo: 300 TC<\/li>\n<li>Koko: 220\u00d7240 cm \u00b13<\/li>\n<\/ul>\n<p><img loading=\"lazy\" decoding=\"async\" class=\"alignnone wp-image-20226\" src=\"https:\/\/aztex.ee\/wp-content\/uploads\/2024\/09\/oekotex100.png\" alt=\"\" width=\"196\" height=\"69\" srcset=\"https:\/\/aztex.ee\/wp-content\/uploads\/2024\/09\/oekotex100.png 204w, https:\/\/aztex.ee\/wp-content\/uploads\/2024\/09\/oekotex100-150x53.png 150w\" sizes=\"auto, (max-width: 196px) 100vw, 196px\" \/><img loading=\"lazy\" decoding=\"async\" class=\"alignnone wp-image-20260\" src=\"https:\/\/aztex.ee\/wp-content\/uploads\/2024\/09\/bambuuss.png\" alt=\"\" width=\"75\" height=\"75\" srcset=\"https:\/\/aztex.ee\/wp-content\/uploads\/2024\/09\/bambuuss.png 204w, https:\/\/aztex.ee\/wp-content\/uploads\/2024\/09\/bambuuss-150x150.png 150w\" sizes=\"auto, (max-width: 75px) 100vw, 75px\" \/><\/p>\n","protected":false},"featured_media":108484,"comment_status":"open","ping_status":"closed","template":"","meta":[],"product_brand":[],"product_cat":[537,1794],"product_tag":[],"class_list":{"0":"post-108463","1":"product","2":"type-product","3":"status-publish","4":"has-post-thumbnail","6":"product_cat-bambu-lakanat","7":"product_cat-lakanat","9":"first","10":"instock","11":"shipping-taxable","12":"purchasable","13":"product-type-simple"},"yoast_head":"<!-- This site is optimized with the Yoast SEO plugin v27.6 - https:\/\/yoast.com\/product\/yoast-seo-wordpress\/ -->\n<title>Bambu lyocell lakana | AZTEX<\/title>\n<meta name=\"description\" content=\"Ymp\u00e4rist\u00f6yst\u00e4v\u00e4llinen bambulakana on pehme\u00e4 ja sile\u00e4 sek\u00e4 antaa ihon hengitt\u00e4\u00e4. Se takaa rauhallisen unen, pitk\u00e4kestoisen raikkauden ja tuo s\u00e4nkyyn elegantin ilmeen.\" \/>\n<meta name=\"robots\" content=\"index, follow, max-snippet:-1, max-image-preview:large, max-video-preview:-1\" \/>\n<link rel=\"canonical\" href=\"https:\/\/aztex.ee\/fi\/pood\/bambu-lakanat\/bambu-lakana-nude-vari\/\" \/>\n<meta property=\"og:locale\" content=\"fi_FI\" \/>\n<meta property=\"og:type\" content=\"article\" \/>\n<meta property=\"og:title\" content=\"Bambu lyocell lakana | AZTEX\" \/>\n<meta property=\"og:description\" content=\"Ymp\u00e4rist\u00f6yst\u00e4v\u00e4llinen bambulakana on pehme\u00e4 ja sile\u00e4 sek\u00e4 antaa ihon hengitt\u00e4\u00e4. Se takaa rauhallisen unen, pitk\u00e4kestoisen raikkauden ja tuo s\u00e4nkyyn elegantin ilmeen.\" \/>\n<meta property=\"og:url\" content=\"https:\/\/aztex.ee\/fi\/pood\/bambu-lakanat\/bambu-lakana-nude-vari\/\" \/>\n<meta property=\"og:site_name\" content=\"AZTEX\" \/>\n<meta property=\"article:publisher\" content=\"https:\/\/www.facebook.com\/AztexEE\" \/>\n<meta property=\"article:modified_time\" content=\"2026-03-28T20:48:54+00:00\" \/>\n<meta property=\"og:image\" content=\"https:\/\/aztex.ee\/wp-content\/uploads\/2026\/03\/Bambusest-lyocell-voodilina.jpg\" \/>\n\t<meta property=\"og:image:width\" content=\"800\" \/>\n\t<meta property=\"og:image:height\" content=\"800\" \/>\n\t<meta property=\"og:image:type\" content=\"image\/jpeg\" \/>\n<meta name=\"twitter:card\" content=\"summary_large_image\" \/>\n<meta name=\"twitter:label1\" content=\"Arvioitu lukuaika\" \/>\n\t<meta name=\"twitter:data1\" content=\"1 minuutti\" \/>\n<script type=\"application\/ld+json\" class=\"yoast-schema-graph\">{\"@context\":\"https:\\\/\\\/schema.org\",\"@graph\":[{\"@type\":[\"WebPage\",\"ItemPage\"],\"@id\":\"https:\\\/\\\/aztex.ee\\\/fi\\\/pood\\\/bambu-lakanat\\\/bambu-lakana-nude-vari\\\/\",\"url\":\"https:\\\/\\\/aztex.ee\\\/fi\\\/pood\\\/bambu-lakanat\\\/bambu-lakana-nude-vari\\\/\",\"name\":\"Bambu lyocell lakana | AZTEX\",\"isPartOf\":{\"@id\":\"https:\\\/\\\/aztex.ee\\\/fi\\\/#website\"},\"primaryImageOfPage\":{\"@id\":\"https:\\\/\\\/aztex.ee\\\/fi\\\/pood\\\/bambu-lakanat\\\/bambu-lakana-nude-vari\\\/#primaryimage\"},\"image\":{\"@id\":\"https:\\\/\\\/aztex.ee\\\/fi\\\/pood\\\/bambu-lakanat\\\/bambu-lakana-nude-vari\\\/#primaryimage\"},\"thumbnailUrl\":\"https:\\\/\\\/aztex.ee\\\/wp-content\\\/uploads\\\/2026\\\/03\\\/Bambusest-lyocell-voodilina.jpg\",\"datePublished\":\"2026-03-28T20:24:37+00:00\",\"dateModified\":\"2026-03-28T20:48:54+00:00\",\"description\":\"Ymp\u00e4rist\u00f6yst\u00e4v\u00e4llinen bambulakana on pehme\u00e4 ja sile\u00e4 sek\u00e4 antaa ihon hengitt\u00e4\u00e4. Se takaa rauhallisen unen, pitk\u00e4kestoisen raikkauden ja tuo s\u00e4nkyyn elegantin ilmeen.\",\"breadcrumb\":{\"@id\":\"https:\\\/\\\/aztex.ee\\\/fi\\\/pood\\\/bambu-lakanat\\\/bambu-lakana-nude-vari\\\/#breadcrumb\"},\"inLanguage\":\"fi\",\"potentialAction\":[{\"@type\":\"ReadAction\",\"target\":[\"https:\\\/\\\/aztex.ee\\\/fi\\\/pood\\\/bambu-lakanat\\\/bambu-lakana-nude-vari\\\/\"]}]},{\"@type\":\"ImageObject\",\"inLanguage\":\"fi\",\"@id\":\"https:\\\/\\\/aztex.ee\\\/fi\\\/pood\\\/bambu-lakanat\\\/bambu-lakana-nude-vari\\\/#primaryimage\",\"url\":\"https:\\\/\\\/aztex.ee\\\/wp-content\\\/uploads\\\/2026\\\/03\\\/Bambusest-lyocell-voodilina.jpg\",\"contentUrl\":\"https:\\\/\\\/aztex.ee\\\/wp-content\\\/uploads\\\/2026\\\/03\\\/Bambusest-lyocell-voodilina.jpg\",\"width\":800,\"height\":800,\"caption\":\"Bambusest lyocell voodilina\"},{\"@type\":\"BreadcrumbList\",\"@id\":\"https:\\\/\\\/aztex.ee\\\/fi\\\/pood\\\/bambu-lakanat\\\/bambu-lakana-nude-vari\\\/#breadcrumb\",\"itemListElement\":[{\"@type\":\"ListItem\",\"position\":1,\"name\":\"Etusivu\",\"item\":\"https:\\\/\\\/aztex.ee\\\/fi\\\/\"},{\"@type\":\"ListItem\",\"position\":2,\"name\":\"Verkkokauppa\",\"item\":\"https:\\\/\\\/aztex.ee\\\/fi\\\/verkkokauppa\\\/\"},{\"@type\":\"ListItem\",\"position\":3,\"name\":\"Bambu lakana \u2013 Nude-v\u00e4ri\"}]},{\"@type\":\"WebSite\",\"@id\":\"https:\\\/\\\/aztex.ee\\\/fi\\\/#website\",\"url\":\"https:\\\/\\\/aztex.ee\\\/fi\\\/\",\"name\":\"AZTEX\",\"description\":\"\",\"publisher\":{\"@id\":\"https:\\\/\\\/aztex.ee\\\/fi\\\/#organization\"},\"potentialAction\":[{\"@type\":\"SearchAction\",\"target\":{\"@type\":\"EntryPoint\",\"urlTemplate\":\"https:\\\/\\\/aztex.ee\\\/fi\\\/?s={search_term_string}\"},\"query-input\":{\"@type\":\"PropertyValueSpecification\",\"valueRequired\":true,\"valueName\":\"search_term_string\"}}],\"inLanguage\":\"fi\"},{\"@type\":\"Organization\",\"@id\":\"https:\\\/\\\/aztex.ee\\\/fi\\\/#organization\",\"name\":\"AZTEX\",\"url\":\"https:\\\/\\\/aztex.ee\\\/fi\\\/\",\"logo\":{\"@type\":\"ImageObject\",\"inLanguage\":\"fi\",\"@id\":\"https:\\\/\\\/aztex.ee\\\/fi\\\/#\\\/schema\\\/logo\\\/image\\\/\",\"url\":\"https:\\\/\\\/aztex.ee\\\/wp-content\\\/uploads\\\/2026\\\/01\\\/AZTEX.png\",\"contentUrl\":\"https:\\\/\\\/aztex.ee\\\/wp-content\\\/uploads\\\/2026\\\/01\\\/AZTEX.png\",\"width\":500,\"height\":500,\"caption\":\"AZTEX\"},\"image\":{\"@id\":\"https:\\\/\\\/aztex.ee\\\/fi\\\/#\\\/schema\\\/logo\\\/image\\\/\"},\"sameAs\":[\"https:\\\/\\\/www.facebook.com\\\/AztexEE\",\"https:\\\/\\\/www.instagram.com\\\/aztexeesti\\\/\",\"https:\\\/\\\/www.youtube.com\\\/@AZTEXEE\",\"https:\\\/\\\/www.pinterest.com\\\/aztex_eesti\\\/\",\"https:\\\/\\\/www.tiktok.com\\\/@aztexeesti\",\"https:\\\/\\\/www.trustpilot.com\\\/review\\\/aztex.ee\",\"https:\\\/\\\/www.linkedin.com\\\/company\\\/aztex-ee\\\/\",\"https:\\\/\\\/www.wikidata.org\\\/wiki\\\/Q137560182\"]}]}<\/script>\n<!-- \/ Yoast SEO plugin. -->","yoast_head_json":{"title":"Bambu lyocell lakana | AZTEX","description":"Ymp\u00e4rist\u00f6yst\u00e4v\u00e4llinen bambulakana on pehme\u00e4 ja sile\u00e4 sek\u00e4 antaa ihon hengitt\u00e4\u00e4. Se takaa rauhallisen unen, pitk\u00e4kestoisen raikkauden ja tuo s\u00e4nkyyn elegantin ilmeen.","robots":{"index":"index","follow":"follow","max-snippet":"max-snippet:-1","max-image-preview":"max-image-preview:large","max-video-preview":"max-video-preview:-1"},"canonical":"https:\/\/aztex.ee\/fi\/pood\/bambu-lakanat\/bambu-lakana-nude-vari\/","og_locale":"fi_FI","og_type":"article","og_title":"Bambu lyocell lakana | AZTEX","og_description":"Ymp\u00e4rist\u00f6yst\u00e4v\u00e4llinen bambulakana on pehme\u00e4 ja sile\u00e4 sek\u00e4 antaa ihon hengitt\u00e4\u00e4. Se takaa rauhallisen unen, pitk\u00e4kestoisen raikkauden ja tuo s\u00e4nkyyn elegantin ilmeen.","og_url":"https:\/\/aztex.ee\/fi\/pood\/bambu-lakanat\/bambu-lakana-nude-vari\/","og_site_name":"AZTEX","article_publisher":"https:\/\/www.facebook.com\/AztexEE","article_modified_time":"2026-03-28T20:48:54+00:00","og_image":[{"width":800,"height":800,"url":"https:\/\/aztex.ee\/wp-content\/uploads\/2026\/03\/Bambusest-lyocell-voodilina.jpg","type":"image\/jpeg"}],"twitter_card":"summary_large_image","twitter_misc":{"Arvioitu lukuaika":"1 minuutti"},"schema":{"@context":"https:\/\/schema.org","@graph":[{"@type":["WebPage","ItemPage"],"@id":"https:\/\/aztex.ee\/fi\/pood\/bambu-lakanat\/bambu-lakana-nude-vari\/","url":"https:\/\/aztex.ee\/fi\/pood\/bambu-lakanat\/bambu-lakana-nude-vari\/","name":"Bambu lyocell lakana | AZTEX","isPartOf":{"@id":"https:\/\/aztex.ee\/fi\/#website"},"primaryImageOfPage":{"@id":"https:\/\/aztex.ee\/fi\/pood\/bambu-lakanat\/bambu-lakana-nude-vari\/#primaryimage"},"image":{"@id":"https:\/\/aztex.ee\/fi\/pood\/bambu-lakanat\/bambu-lakana-nude-vari\/#primaryimage"},"thumbnailUrl":"https:\/\/aztex.ee\/wp-content\/uploads\/2026\/03\/Bambusest-lyocell-voodilina.jpg","datePublished":"2026-03-28T20:24:37+00:00","dateModified":"2026-03-28T20:48:54+00:00","description":"Ymp\u00e4rist\u00f6yst\u00e4v\u00e4llinen bambulakana on pehme\u00e4 ja sile\u00e4 sek\u00e4 antaa ihon hengitt\u00e4\u00e4. Se takaa rauhallisen unen, pitk\u00e4kestoisen raikkauden ja tuo s\u00e4nkyyn elegantin ilmeen.","breadcrumb":{"@id":"https:\/\/aztex.ee\/fi\/pood\/bambu-lakanat\/bambu-lakana-nude-vari\/#breadcrumb"},"inLanguage":"fi","potentialAction":[{"@type":"ReadAction","target":["https:\/\/aztex.ee\/fi\/pood\/bambu-lakanat\/bambu-lakana-nude-vari\/"]}]},{"@type":"ImageObject","inLanguage":"fi","@id":"https:\/\/aztex.ee\/fi\/pood\/bambu-lakanat\/bambu-lakana-nude-vari\/#primaryimage","url":"https:\/\/aztex.ee\/wp-content\/uploads\/2026\/03\/Bambusest-lyocell-voodilina.jpg","contentUrl":"https:\/\/aztex.ee\/wp-content\/uploads\/2026\/03\/Bambusest-lyocell-voodilina.jpg","width":800,"height":800,"caption":"Bambusest lyocell voodilina"},{"@type":"BreadcrumbList","@id":"https:\/\/aztex.ee\/fi\/pood\/bambu-lakanat\/bambu-lakana-nude-vari\/#breadcrumb","itemListElement":[{"@type":"ListItem","position":1,"name":"Etusivu","item":"https:\/\/aztex.ee\/fi\/"},{"@type":"ListItem","position":2,"name":"Verkkokauppa","item":"https:\/\/aztex.ee\/fi\/verkkokauppa\/"},{"@type":"ListItem","position":3,"name":"Bambu lakana \u2013 Nude-v\u00e4ri"}]},{"@type":"WebSite","@id":"https:\/\/aztex.ee\/fi\/#website","url":"https:\/\/aztex.ee\/fi\/","name":"AZTEX","description":"","publisher":{"@id":"https:\/\/aztex.ee\/fi\/#organization"},"potentialAction":[{"@type":"SearchAction","target":{"@type":"EntryPoint","urlTemplate":"https:\/\/aztex.ee\/fi\/?s={search_term_string}"},"query-input":{"@type":"PropertyValueSpecification","valueRequired":true,"valueName":"search_term_string"}}],"inLanguage":"fi"},{"@type":"Organization","@id":"https:\/\/aztex.ee\/fi\/#organization","name":"AZTEX","url":"https:\/\/aztex.ee\/fi\/","logo":{"@type":"ImageObject","inLanguage":"fi","@id":"https:\/\/aztex.ee\/fi\/#\/schema\/logo\/image\/","url":"https:\/\/aztex.ee\/wp-content\/uploads\/2026\/01\/AZTEX.png","contentUrl":"https:\/\/aztex.ee\/wp-content\/uploads\/2026\/01\/AZTEX.png","width":500,"height":500,"caption":"AZTEX"},"image":{"@id":"https:\/\/aztex.ee\/fi\/#\/schema\/logo\/image\/"},"sameAs":["https:\/\/www.facebook.com\/AztexEE","https:\/\/www.instagram.com\/aztexeesti\/","https:\/\/www.youtube.com\/@AZTEXEE","https:\/\/www.pinterest.com\/aztex_eesti\/","https:\/\/www.tiktok.com\/@aztexeesti","https:\/\/www.trustpilot.com\/review\/aztex.ee","https:\/\/www.linkedin.com\/company\/aztex-ee\/","https:\/\/www.wikidata.org\/wiki\/Q137560182"]}]}},"_links":{"self":[{"href":"https:\/\/aztex.ee\/fi\/wp-json\/wp\/v2\/product\/108463","targetHints":{"allow":["GET"]}}],"collection":[{"href":"https:\/\/aztex.ee\/fi\/wp-json\/wp\/v2\/product"}],"about":[{"href":"https:\/\/aztex.ee\/fi\/wp-json\/wp\/v2\/types\/product"}],"replies":[{"embeddable":true,"href":"https:\/\/aztex.ee\/fi\/wp-json\/wp\/v2\/comments?post=108463"}],"version-history":[{"count":2,"href":"https:\/\/aztex.ee\/fi\/wp-json\/wp\/v2\/product\/108463\/revisions"}],"predecessor-version":[{"id":108557,"href":"https:\/\/aztex.ee\/fi\/wp-json\/wp\/v2\/product\/108463\/revisions\/108557"}],"wp:featuredmedia":[{"embeddable":true,"href":"https:\/\/aztex.ee\/fi\/wp-json\/wp\/v2\/media\/108484"}],"wp:attachment":[{"href":"https:\/\/aztex.ee\/fi\/wp-json\/wp\/v2\/media?parent=108463"}],"wp:term":[{"taxonomy":"product_brand","embeddable":true,"href":"https:\/\/aztex.ee\/fi\/wp-json\/wp\/v2\/product_brand?post=108463"},{"taxonomy":"product_cat","embeddable":true,"href":"https:\/\/aztex.ee\/fi\/wp-json\/wp\/v2\/product_cat?post=108463"},{"taxonomy":"product_tag","embeddable":true,"href":"https:\/\/aztex.ee\/fi\/wp-json\/wp\/v2\/product_tag?post=108463"}],"curies":[{"name":"wp","href":"https:\/\/api.w.org\/{rel}","templated":true}]}}