{"id":19021,"date":"2024-08-15T14:44:36","date_gmt":"2024-08-15T14:44:36","guid":{"rendered":"https:\/\/aztex.ee\/info\/"},"modified":"2024-08-20T09:19:22","modified_gmt":"2024-08-20T09:19:22","slug":"tiedot","status":"publish","type":"page","link":"https:\/\/aztex.ee\/fi\/tiedot\/","title":{"rendered":"Tiedot"},"content":{"rendered":"\n<p><strong>AZTEX<\/strong> \u2013 laatua, mukavuutta ja eleganssia jokap\u00e4iv\u00e4isess\u00e4 el\u00e4m\u00e4ss\u00e4si<\/p>\n\n\n\n<p>Tervetuloa <strong>AZTEX<\/strong>in ihmeelliseen maailmaan, jossa luomme kodin, josta olet aina haaveillut! Olemme ylpeit\u00e4 voidessamme esitell\u00e4 sinulle yrityksemme, joka on omistautunut myym\u00e4\u00e4n laadukkaita tekstiilituotteita.<\/p>\n\n\n\n<p>Valikoimamme peitot, lasten peitot, pyyhkeet ja vuodevaatteet setit on runsas ja monipuolinen, ja kaikkia tuotteitamme yhdist\u00e4\u00e4 yksi yhteinen piirre &#8211; laatu. Peitot pit\u00e4v\u00e4t sinut l\u00e4mpim\u00e4n\u00e4 kylmin\u00e4 iltoina ja lis\u00e4\u00e4v\u00e4t v\u00e4ri\u00e4 ja tunnelmaa makuuhuoneeseesi. Lasten peitot ovat mukavia ja pehmeit\u00e4, ja ne tarjoavat mukavuutta, jota he tarvitsevat tunteakseen olonsa parhaaksi. Pyyhkeet ovat pehmeit\u00e4 ja eritt\u00e4in imukykyisi\u00e4 ja muuttavat jokaisen aamun ja illan rutiinin iloiseksi hetkeksi. Vuodevaatteet luovat makuuhuoneeseesi ainutlaatuisen tunnelman, samalla kun ne ovat pehmeit\u00e4 ja kest\u00e4vi\u00e4.<\/p>\n\n\n\n<p><strong>AZTEX<\/strong>in missiona on tarjota sinulle muutakin kuin tekstiilituotteita. Haluamme tuoda el\u00e4m\u00e4\u00e4si mukavuutta, l\u00e4mp\u00f6\u00e4 ja tyyli\u00e4. Haluamme auttaa sinua luomaan kodin, joka heijastaa persoonallisuuttasi ja makuasi ja jossa tunnet olosi aina tervetulleeksi ja mukavaksi.<\/p>\n\n\n\n<p>Tuotteidemme lis\u00e4ksi meill\u00e4 on my\u00f6s avulias tiimi, joka on aina valmis auttamaan ja neuvomaan sinua. Olemme t\u00e4\u00e4ll\u00e4 jakamassa tietomme ja kokemuksemme kanssasi auttaaksemme sinua l\u00f6yt\u00e4m\u00e4\u00e4n t\u00e4ydelliset tekstiilituotteet tarpeisiisi ja toiveihisi.<\/p>\n\n\n\n<p>Olemme kiitollisia, ett\u00e4 valitsit meid\u00e4t kodinsisustuskumppaniksesi, ja lupaamme jatkossakin ylitt\u00e4\u00e4 odotuksesi kaikilla osa-alueilla. Kiitos, ett\u00e4 olet osa perhett\u00e4mme ja annoit meid\u00e4n olla osa kotiasi.<\/p>\n","protected":false},"excerpt":{"rendered":"<p>AZTEX \u2013 laatua, mukavuutta ja eleganssia jokap\u00e4iv\u00e4isess\u00e4 el\u00e4m\u00e4ss\u00e4si Tervetuloa AZTEXin ihmeelliseen maailmaan, jossa luomme kodin, josta olet aina haaveillut! Olemme<\/p>\n","protected":false},"author":1,"featured_media":0,"parent":0,"menu_order":0,"comment_status":"closed","ping_status":"closed","template":"","meta":{"footnotes":""},"class_list":["post-19021","page","type-page","status-publish","hentry"],"yoast_head":"<!-- This site is optimized with the Yoast SEO plugin v27.4 - https:\/\/yoast.com\/product\/yoast-seo-wordpress\/ -->\n<title>Tiedot | AZTEX<\/title>\n<meta name=\"description\" content=\"Valikoimamme peitot, lasten peitot, pyyhkeet ja vuodevaatteet setit on runsas ja monipuolinen, ja kaikkia tuotteitamme yhdist\u00e4\u00e4 yksi...\" \/>\n<meta name=\"robots\" content=\"index, follow, max-snippet:-1, max-image-preview:large, max-video-preview:-1\" \/>\n<link rel=\"canonical\" href=\"https:\/\/aztex.ee\/fi\/tiedot\/\" \/>\n<meta property=\"og:locale\" content=\"fi_FI\" \/>\n<meta property=\"og:type\" content=\"article\" \/>\n<meta property=\"og:title\" content=\"Tiedot | AZTEX\" \/>\n<meta property=\"og:description\" content=\"Valikoimamme peitot, lasten peitot, pyyhkeet ja vuodevaatteet setit on runsas ja monipuolinen, ja kaikkia tuotteitamme yhdist\u00e4\u00e4 yksi...\" \/>\n<meta property=\"og:url\" content=\"https:\/\/aztex.ee\/fi\/tiedot\/\" \/>\n<meta property=\"og:site_name\" content=\"AZTEX\" \/>\n<meta property=\"article:publisher\" content=\"https:\/\/www.facebook.com\/AztexEE\" \/>\n<meta property=\"article:modified_time\" content=\"2024-08-20T09:19:22+00:00\" \/>\n<meta name=\"twitter:card\" content=\"summary_large_image\" \/>\n<meta name=\"twitter:label1\" content=\"Arvioitu lukuaika\" \/>\n\t<meta name=\"twitter:data1\" content=\"2 minuuttia\" \/>\n<script type=\"application\/ld+json\" class=\"yoast-schema-graph\">{\"@context\":\"https:\\\/\\\/schema.org\",\"@graph\":[{\"@type\":\"WebPage\",\"@id\":\"https:\\\/\\\/aztex.ee\\\/fi\\\/tiedot\\\/\",\"url\":\"https:\\\/\\\/aztex.ee\\\/fi\\\/tiedot\\\/\",\"name\":\"Tiedot | AZTEX\",\"isPartOf\":{\"@id\":\"https:\\\/\\\/aztex.ee\\\/fi\\\/#website\"},\"datePublished\":\"2024-08-15T14:44:36+00:00\",\"dateModified\":\"2024-08-20T09:19:22+00:00\",\"description\":\"Valikoimamme peitot, lasten peitot, pyyhkeet ja vuodevaatteet setit on runsas ja monipuolinen, ja kaikkia tuotteitamme yhdist\u00e4\u00e4 yksi...\",\"breadcrumb\":{\"@id\":\"https:\\\/\\\/aztex.ee\\\/fi\\\/tiedot\\\/#breadcrumb\"},\"inLanguage\":\"fi\",\"potentialAction\":[{\"@type\":\"ReadAction\",\"target\":[\"https:\\\/\\\/aztex.ee\\\/fi\\\/tiedot\\\/\"]}]},{\"@type\":\"BreadcrumbList\",\"@id\":\"https:\\\/\\\/aztex.ee\\\/fi\\\/tiedot\\\/#breadcrumb\",\"itemListElement\":[{\"@type\":\"ListItem\",\"position\":1,\"name\":\"Etusivu\",\"item\":\"https:\\\/\\\/aztex.ee\\\/fi\\\/\"},{\"@type\":\"ListItem\",\"position\":2,\"name\":\"Tiedot\"}]},{\"@type\":\"WebSite\",\"@id\":\"https:\\\/\\\/aztex.ee\\\/fi\\\/#website\",\"url\":\"https:\\\/\\\/aztex.ee\\\/fi\\\/\",\"name\":\"AZTEX\",\"description\":\"\",\"publisher\":{\"@id\":\"https:\\\/\\\/aztex.ee\\\/fi\\\/#organization\"},\"potentialAction\":[{\"@type\":\"SearchAction\",\"target\":{\"@type\":\"EntryPoint\",\"urlTemplate\":\"https:\\\/\\\/aztex.ee\\\/fi\\\/?s={search_term_string}\"},\"query-input\":{\"@type\":\"PropertyValueSpecification\",\"valueRequired\":true,\"valueName\":\"search_term_string\"}}],\"inLanguage\":\"fi\"},{\"@type\":\"Organization\",\"@id\":\"https:\\\/\\\/aztex.ee\\\/fi\\\/#organization\",\"name\":\"AZTEX\",\"url\":\"https:\\\/\\\/aztex.ee\\\/fi\\\/\",\"logo\":{\"@type\":\"ImageObject\",\"inLanguage\":\"fi\",\"@id\":\"https:\\\/\\\/aztex.ee\\\/fi\\\/#\\\/schema\\\/logo\\\/image\\\/\",\"url\":\"https:\\\/\\\/aztex.ee\\\/wp-content\\\/uploads\\\/2026\\\/01\\\/AZTEX.png\",\"contentUrl\":\"https:\\\/\\\/aztex.ee\\\/wp-content\\\/uploads\\\/2026\\\/01\\\/AZTEX.png\",\"width\":500,\"height\":500,\"caption\":\"AZTEX\"},\"image\":{\"@id\":\"https:\\\/\\\/aztex.ee\\\/fi\\\/#\\\/schema\\\/logo\\\/image\\\/\"},\"sameAs\":[\"https:\\\/\\\/www.facebook.com\\\/AztexEE\",\"https:\\\/\\\/www.instagram.com\\\/aztexeesti\\\/\",\"https:\\\/\\\/www.youtube.com\\\/@AZTEXEE\",\"https:\\\/\\\/www.pinterest.com\\\/aztex_eesti\\\/\",\"https:\\\/\\\/www.tiktok.com\\\/@aztexeesti\",\"https:\\\/\\\/www.trustpilot.com\\\/review\\\/aztex.ee\",\"https:\\\/\\\/www.linkedin.com\\\/company\\\/aztex-ee\\\/\",\"https:\\\/\\\/www.wikidata.org\\\/wiki\\\/Q137560182\"]}]}<\/script>\n<!-- \/ Yoast SEO plugin. -->","yoast_head_json":{"title":"Tiedot | AZTEX","description":"Valikoimamme peitot, lasten peitot, pyyhkeet ja vuodevaatteet setit on runsas ja monipuolinen, ja kaikkia tuotteitamme yhdist\u00e4\u00e4 yksi...","robots":{"index":"index","follow":"follow","max-snippet":"max-snippet:-1","max-image-preview":"max-image-preview:large","max-video-preview":"max-video-preview:-1"},"canonical":"https:\/\/aztex.ee\/fi\/tiedot\/","og_locale":"fi_FI","og_type":"article","og_title":"Tiedot | AZTEX","og_description":"Valikoimamme peitot, lasten peitot, pyyhkeet ja vuodevaatteet setit on runsas ja monipuolinen, ja kaikkia tuotteitamme yhdist\u00e4\u00e4 yksi...","og_url":"https:\/\/aztex.ee\/fi\/tiedot\/","og_site_name":"AZTEX","article_publisher":"https:\/\/www.facebook.com\/AztexEE","article_modified_time":"2024-08-20T09:19:22+00:00","twitter_card":"summary_large_image","twitter_misc":{"Arvioitu lukuaika":"2 minuuttia"},"schema":{"@context":"https:\/\/schema.org","@graph":[{"@type":"WebPage","@id":"https:\/\/aztex.ee\/fi\/tiedot\/","url":"https:\/\/aztex.ee\/fi\/tiedot\/","name":"Tiedot | AZTEX","isPartOf":{"@id":"https:\/\/aztex.ee\/fi\/#website"},"datePublished":"2024-08-15T14:44:36+00:00","dateModified":"2024-08-20T09:19:22+00:00","description":"Valikoimamme peitot, lasten peitot, pyyhkeet ja vuodevaatteet setit on runsas ja monipuolinen, ja kaikkia tuotteitamme yhdist\u00e4\u00e4 yksi...","breadcrumb":{"@id":"https:\/\/aztex.ee\/fi\/tiedot\/#breadcrumb"},"inLanguage":"fi","potentialAction":[{"@type":"ReadAction","target":["https:\/\/aztex.ee\/fi\/tiedot\/"]}]},{"@type":"BreadcrumbList","@id":"https:\/\/aztex.ee\/fi\/tiedot\/#breadcrumb","itemListElement":[{"@type":"ListItem","position":1,"name":"Etusivu","item":"https:\/\/aztex.ee\/fi\/"},{"@type":"ListItem","position":2,"name":"Tiedot"}]},{"@type":"WebSite","@id":"https:\/\/aztex.ee\/fi\/#website","url":"https:\/\/aztex.ee\/fi\/","name":"AZTEX","description":"","publisher":{"@id":"https:\/\/aztex.ee\/fi\/#organization"},"potentialAction":[{"@type":"SearchAction","target":{"@type":"EntryPoint","urlTemplate":"https:\/\/aztex.ee\/fi\/?s={search_term_string}"},"query-input":{"@type":"PropertyValueSpecification","valueRequired":true,"valueName":"search_term_string"}}],"inLanguage":"fi"},{"@type":"Organization","@id":"https:\/\/aztex.ee\/fi\/#organization","name":"AZTEX","url":"https:\/\/aztex.ee\/fi\/","logo":{"@type":"ImageObject","inLanguage":"fi","@id":"https:\/\/aztex.ee\/fi\/#\/schema\/logo\/image\/","url":"https:\/\/aztex.ee\/wp-content\/uploads\/2026\/01\/AZTEX.png","contentUrl":"https:\/\/aztex.ee\/wp-content\/uploads\/2026\/01\/AZTEX.png","width":500,"height":500,"caption":"AZTEX"},"image":{"@id":"https:\/\/aztex.ee\/fi\/#\/schema\/logo\/image\/"},"sameAs":["https:\/\/www.facebook.com\/AztexEE","https:\/\/www.instagram.com\/aztexeesti\/","https:\/\/www.youtube.com\/@AZTEXEE","https:\/\/www.pinterest.com\/aztex_eesti\/","https:\/\/www.tiktok.com\/@aztexeesti","https:\/\/www.trustpilot.com\/review\/aztex.ee","https:\/\/www.linkedin.com\/company\/aztex-ee\/","https:\/\/www.wikidata.org\/wiki\/Q137560182"]}]}},"_links":{"self":[{"href":"https:\/\/aztex.ee\/fi\/wp-json\/wp\/v2\/pages\/19021","targetHints":{"allow":["GET"]}}],"collection":[{"href":"https:\/\/aztex.ee\/fi\/wp-json\/wp\/v2\/pages"}],"about":[{"href":"https:\/\/aztex.ee\/fi\/wp-json\/wp\/v2\/types\/page"}],"author":[{"embeddable":true,"href":"https:\/\/aztex.ee\/fi\/wp-json\/wp\/v2\/users\/1"}],"replies":[{"embeddable":true,"href":"https:\/\/aztex.ee\/fi\/wp-json\/wp\/v2\/comments?post=19021"}],"version-history":[{"count":0,"href":"https:\/\/aztex.ee\/fi\/wp-json\/wp\/v2\/pages\/19021\/revisions"}],"wp:attachment":[{"href":"https:\/\/aztex.ee\/fi\/wp-json\/wp\/v2\/media?parent=19021"}],"curies":[{"name":"wp","href":"https:\/\/api.w.org\/{rel}","templated":true}]}}